{"id":17362,"date":"2025-11-11T05:43:40","date_gmt":"2025-11-11T05:43:40","guid":{"rendered":"https:\/\/www.gastac.com\/?post_type=product&#038;p=17362"},"modified":"2025-11-11T05:48:56","modified_gmt":"2025-11-11T05:48:56","slug":"verin-a-gaz-avec-blocage","status":"publish","type":"product","link":"https:\/\/www.gastac.com\/fr\/produit\/verin-a-gaz-avec-blocage\/","title":{"rendered":"Verin a gaz avec blocage"},"content":{"rendered":"<p><strong>Verin a gaz avec blocage<\/strong><\/p>\n<p>Ce type de ressort, contrairement aux verin a gaz avec blocage purement remplis de gaz, dans lesquels les caract\u00e9ristiques du gaz induisent un verrouillage du ressort, remplit toute la plage de travail du piston avec de l\u2019huile, permettant un verrouillage rigide et une installation dans n\u2019importe quelle direction. De plus, diff\u00e9rentes forces de verrouillage dans le sens de l\u2019extension ou de la compression pourraient \u00eatre acquises en raison du piston dit de s\u00e9paration qui s\u00e9pare la chambre \u00e0 gaz de la chambre \u00e0 huile.<\/p>\n<p><img class=\"lazyload\" decoding=\"async\" src=\"data:image\/gif;base64,R0lGODlhAQABAAAAACH5BAEKAAEALAAAAAABAAEAAAICTAEAOw==\" data-orig-src=\"https:\/\/www.gastac.com\/wp-content\/uploads\/2023\/08\/verin-a-gaz-avec-blocage-2-400x400.png\" alt=\"verin-a-gaz-avec-blocag\" \/><img class=\"lazyload\" decoding=\"async\" src=\"data:image\/gif;base64,R0lGODlhAQABAAAAACH5BAEKAAEALAAAAAABAAEAAAICTAEAOw==\" data-orig-src=\"https:\/\/www.gastac.com\/wp-content\/uploads\/2023\/08\/verin-a-gaz-avec-blocage-2-1-400x400.png\" alt=\"verin-a-gaz-avec-blocag-2\" \/><\/p>\n<p>Non seulement ce type de ressort peut fournir une force de verrouillage d\u2019huile \u00e9lev\u00e9e et un verrouillage variable et une compensation de poids optimis\u00e9e lors du levage, de l\u2019abaissement, de l\u2019ouverture et de la fermeture, mais il b\u00e9n\u00e9ficie \u00e9galement des avantages d\u2019une conception compacte pour les petits espaces et d\u2019un montage facile en raison d\u2019une vari\u00e9t\u00e9 d\u2019extr\u00e9mit\u00e9s. options de montage. Et cela peut s\u2019appliquer aux ajustements de la t\u00eate et des pieds des lits d\u2019h\u00f4pitaux, des tables d\u2019op\u00e9ration, des fauteuils roulants, du r\u00e9glage de la hauteur du d\u00e9ambulateur et de l\u2019accoudoir, de l\u2019appui-t\u00eate, du r\u00e9glage du si\u00e8ge du conducteur, ainsi que du r\u00e9glage de la hauteur et de l\u2019inclinaison du bureau\/de la table.<\/p>\n<p>&nbsp;<\/p>\n<p>Dimensions d\u2019installation du ressort \u00e0 gaz \u00e0 verrouillage rigide<\/p>\n<p><img class=\"lazyload\" decoding=\"async\" src=\"data:image\/gif;base64,R0lGODlhAQABAAAAACH5BAEKAAEALAAAAAABAAEAAAICTAEAOw==\" data-orig-src=\"https:\/\/gastac.com\/wp-content\/uploads\/2023\/08\/verin-a-gaz-verrouillable-3.jpg\" alt=\"verin-a-gaz-verrouillable-3\" \/><\/p>\n<p>Certaines sp\u00e9cifications ressort \u00e0 gaz de verrouillage \u00e0 r\u00e9initialisation automatique<\/p>\n<table width=\"1149\">\n<thead>\n<tr>\n<th align=\"left\">SPECIFICATION<\/th>\n<th align=\"left\">FORCE(N)<\/th>\n<th align=\"left\">STROKE(MM)<\/th>\n<th align=\"left\">C-C LENGTH(MM)<\/th>\n<th align=\"left\">CONNECTORS<\/th>\n<\/tr>\n<\/thead>\n<tbody>\n<tr>\n<td>JKQ10-22-60-228(O-N)400N<\/td>\n<td>400<\/td>\n<td>60<\/td>\n<td>228<\/td>\n<td>O-N<\/td>\n<\/tr>\n<tr>\n<td>JKQ10-22-80-266(O-N)400N<\/td>\n<td>400<\/td>\n<td>80<\/td>\n<td>266<\/td>\n<td>O-N<\/td>\n<\/tr>\n<tr>\n<td>JKQ10-27-80-269(O-N)500N<\/td>\n<td>500<\/td>\n<td>80<\/td>\n<td>269<\/td>\n<td>O-N<\/td>\n<\/tr>\n<tr>\n<td>JKQ10-27-100-310(O-N)550N<\/td>\n<td>550<\/td>\n<td>100<\/td>\n<td>310<\/td>\n<td>O-N<\/td>\n<\/tr>\n<tr>\n<td>JKQ10-28-120-348(O-N)500N<\/td>\n<td>500<\/td>\n<td>120<\/td>\n<td>348<\/td>\n<td>O-N<\/td>\n<\/tr>\n<tr>\n<td>JKQ10-28-160-430(O-N)200N<\/td>\n<td>200<\/td>\n<td>160<\/td>\n<td>430<\/td>\n<td>O-N<\/td>\n<\/tr>\n<tr>\n<td>JKQ10-28-200-509(O-N)600N<\/td>\n<td>600<\/td>\n<td>200<\/td>\n<td>509<\/td>\n<td>O-N<\/td>\n<\/tr>\n<tr>\n<td>JKQ10-28-250-610(O-N)500N<\/td>\n<td>500<\/td>\n<td>250<\/td>\n<td>610<\/td>\n<td>O-N<\/td>\n<\/tr>\n<\/tbody>\n<\/table>\n<p>&nbsp;<\/p>\n<p><strong>Application de ressort \u00e0 gaz<\/strong><\/p>\n<p><img class=\"lazyload\" decoding=\"async\" src=\"data:image\/gif;base64,R0lGODlhAQABAAAAACH5BAEKAAEALAAAAAABAAEAAAICTAEAOw==\" data-orig-src=\"https:\/\/gastac.com\/wp-content\/uploads\/2023\/08\/verin-a-gaz-avec-blocage-6-1.jpg\" alt=\"verin-a-gaz-avec-blocage-6-1\" \/><\/p>\n<p><img class=\"lazyload\" decoding=\"async\" src=\"data:image\/gif;base64,R0lGODlhAQABAAAAACH5BAEKAAEALAAAAAABAAEAAAICTAEAOw==\" data-orig-src=\"https:\/\/gastac.com\/wp-content\/uploads\/2023\/08\/verin-a-gaz-avec-blocage-7-1.jpg\" alt=\"verin-a-gaz-avec-blocage-7-1\" \/><\/p>\n<p><img class=\"lazyload\" decoding=\"async\" src=\"data:image\/gif;base64,R0lGODlhAQABAAAAACH5BAEKAAEALAAAAAABAAEAAAICTAEAOw==\" data-orig-src=\"https:\/\/gastac.com\/wp-content\/uploads\/2023\/08\/verin-a-gaz-avec-blocage-8-1.jpg\" alt=\"verin-a-gaz-avec-blocage-8-1\" \/><\/p>\n<p><img class=\"lazyload\" decoding=\"async\" src=\"data:image\/gif;base64,R0lGODlhAQABAAAAACH5BAEKAAEALAAAAAABAAEAAAICTAEAOw==\" data-orig-src=\"https:\/\/gastac.com\/wp-content\/uploads\/2023\/08\/verin-a-gaz-avec-blocage-9-1.jpg\" alt=\"verin-a-gaz-avec-blocage-9-1\" \/><\/p>\n<p><img class=\"lazyload\" decoding=\"async\" src=\"data:image\/gif;base64,R0lGODlhAQABAAAAACH5BAEKAAEALAAAAAABAAEAAAICTAEAOw==\" data-orig-src=\"https:\/\/www.gastac.com\/wp-content\/uploads\/2023\/08\/verin-a-gaz-avec-blocage-10.jpg\" alt=\"verin-a-gaz-avec-blocage-10\" \/><img class=\"lazyload\" decoding=\"async\" src=\"data:image\/gif;base64,R0lGODlhAQABAAAAACH5BAEKAAEALAAAAAABAAEAAAICTAEAOw==\" data-orig-src=\"https:\/\/www.gastac.com\/wp-content\/uploads\/2023\/08\/verin-a-gaz-avec-blocage-11.jpg\" alt=\"verin-a-gaz-avec-blocage-11\" \/><\/p>\n","protected":false},"excerpt":{"rendered":"<p>Verin a gaz avec blocage Ce type de ressort, contrairement aux verin a gaz avec blocage purement remplis de gaz,  [&#8230;]<\/p>\n","protected":false},"featured_media":17368,"comment_status":"open","ping_status":"closed","template":"","meta":[],"product_brand":[],"product_cat":[108],"product_tag":[],"class_list":{"0":"post-17362","1":"product","2":"type-product","3":"status-publish","4":"has-post-thumbnail","6":"product_cat-non-categorise","8":"first","9":"instock","10":"shipping-taxable","11":"product-type-simple"},"yoast_head":"<!-- This site is optimized with the Yoast SEO Premium plugin v26.2 (Yoast SEO v27.4) - https:\/\/yoast.com\/product\/yoast-seo-premium-wordpress\/ -->\n<title>Verin a gaz avec blocage | Gastac Gas Spring<\/title>\n<meta name=\"robots\" content=\"index, follow, max-snippet:-1, max-image-preview:large, max-video-preview:-1\" \/>\n<link rel=\"canonical\" href=\"https:\/\/www.gastac.com\/fr\/produit\/verin-a-gaz-avec-blocage\/\" \/>\n<meta property=\"og:locale\" content=\"fr_FR\" \/>\n<meta property=\"og:type\" content=\"article\" \/>\n<meta property=\"og:title\" content=\"Verin a gaz avec blocage\" \/>\n<meta property=\"og:description\" content=\"Verin a gaz avec blocage Ce type de ressort, contrairement aux verin a gaz avec blocage purement remplis de gaz, [...]\" \/>\n<meta property=\"og:url\" content=\"https:\/\/www.gastac.com\/fr\/produit\/verin-a-gaz-avec-blocage\/\" \/>\n<meta property=\"og:site_name\" content=\"Gastac Gas Spring\" \/>\n<meta property=\"article:publisher\" content=\"https:\/\/www.facebook.com\/profile.php?id=100092358464608\" \/>\n<meta property=\"article:modified_time\" content=\"2025-11-11T05:48:56+00:00\" \/>\n<meta property=\"og:image\" content=\"https:\/\/www.gastac.com\/wp-content\/uploads\/2025\/11\/verin-a-gaz-avec-blocage-1.webp\" \/>\n\t<meta property=\"og:image:width\" content=\"500\" \/>\n\t<meta property=\"og:image:height\" content=\"500\" \/>\n\t<meta property=\"og:image:type\" content=\"image\/webp\" \/>\n<meta name=\"twitter:card\" content=\"summary_large_image\" \/>\n<meta name=\"twitter:label1\" content=\"Dur\u00e9e de lecture estim\u00e9e\" \/>\n\t<meta name=\"twitter:data1\" content=\"4 minutes\" \/>\n<script type=\"application\/ld+json\" class=\"yoast-schema-graph\">{\"@context\":\"https:\\\/\\\/schema.org\",\"@graph\":[{\"@type\":\"WebPage\",\"@id\":\"https:\\\/\\\/www.gastac.com\\\/fr\\\/produit\\\/verin-a-gaz-avec-blocage\\\/\",\"url\":\"https:\\\/\\\/www.gastac.com\\\/fr\\\/produit\\\/verin-a-gaz-avec-blocage\\\/\",\"name\":\"Verin a gaz avec blocage | Gastac Gas Spring\",\"isPartOf\":{\"@id\":\"https:\\\/\\\/www.gastac.com\\\/fr\\\/#website\"},\"primaryImageOfPage\":{\"@id\":\"https:\\\/\\\/www.gastac.com\\\/fr\\\/produit\\\/verin-a-gaz-avec-blocage\\\/#primaryimage\"},\"image\":{\"@id\":\"https:\\\/\\\/www.gastac.com\\\/fr\\\/produit\\\/verin-a-gaz-avec-blocage\\\/#primaryimage\"},\"thumbnailUrl\":\"https:\\\/\\\/www.gastac.com\\\/wp-content\\\/uploads\\\/2025\\\/11\\\/verin-a-gaz-avec-blocage-1.webp\",\"datePublished\":\"2025-11-11T05:43:40+00:00\",\"dateModified\":\"2025-11-11T05:48:56+00:00\",\"breadcrumb\":{\"@id\":\"https:\\\/\\\/www.gastac.com\\\/fr\\\/produit\\\/verin-a-gaz-avec-blocage\\\/#breadcrumb\"},\"inLanguage\":\"fr-FR\",\"potentialAction\":[{\"@type\":\"ReadAction\",\"target\":[\"https:\\\/\\\/www.gastac.com\\\/fr\\\/produit\\\/verin-a-gaz-avec-blocage\\\/\"]}]},{\"@type\":\"ImageObject\",\"inLanguage\":\"fr-FR\",\"@id\":\"https:\\\/\\\/www.gastac.com\\\/fr\\\/produit\\\/verin-a-gaz-avec-blocage\\\/#primaryimage\",\"url\":\"https:\\\/\\\/www.gastac.com\\\/wp-content\\\/uploads\\\/2025\\\/11\\\/verin-a-gaz-avec-blocage-1.webp\",\"contentUrl\":\"https:\\\/\\\/www.gastac.com\\\/wp-content\\\/uploads\\\/2025\\\/11\\\/verin-a-gaz-avec-blocage-1.webp\",\"width\":500,\"height\":500,\"caption\":\"verin a gaz avec blocage 1\"},{\"@type\":\"BreadcrumbList\",\"@id\":\"https:\\\/\\\/www.gastac.com\\\/fr\\\/produit\\\/verin-a-gaz-avec-blocage\\\/#breadcrumb\",\"itemListElement\":[{\"@type\":\"ListItem\",\"position\":1,\"name\":\"Home\",\"item\":\"https:\\\/\\\/www.gastac.com\\\/fr\\\/\"},{\"@type\":\"ListItem\",\"position\":2,\"name\":\"products\",\"item\":\"https:\\\/\\\/www.gastac.com\\\/fr\\\/products\\\/\"},{\"@type\":\"ListItem\",\"position\":3,\"name\":\"Non cat\u00e9goris\u00e9\",\"item\":\"https:\\\/\\\/www.gastac.com\\\/fr\\\/product-category\\\/non-categorise\\\/\"},{\"@type\":\"ListItem\",\"position\":4,\"name\":\"Verin a gaz avec blocage\"}]},{\"@type\":\"WebSite\",\"@id\":\"https:\\\/\\\/www.gastac.com\\\/fr\\\/#website\",\"url\":\"https:\\\/\\\/www.gastac.com\\\/fr\\\/\",\"name\":\"Gastac Gas Spring\",\"description\":\"China\u2019s Leading Gas Springs &amp; Struts Manufacturer\",\"publisher\":{\"@id\":\"https:\\\/\\\/www.gastac.com\\\/fr\\\/#organization\"},\"potentialAction\":[{\"@type\":\"SearchAction\",\"target\":{\"@type\":\"EntryPoint\",\"urlTemplate\":\"https:\\\/\\\/www.gastac.com\\\/fr\\\/?s={search_term_string}\"},\"query-input\":{\"@type\":\"PropertyValueSpecification\",\"valueRequired\":true,\"valueName\":\"search_term_string\"}}],\"inLanguage\":\"fr-FR\"},{\"@type\":\"Organization\",\"@id\":\"https:\\\/\\\/www.gastac.com\\\/fr\\\/#organization\",\"name\":\"Ningbo Gastac Gas Spring Co.,Ltd\",\"url\":\"https:\\\/\\\/www.gastac.com\\\/fr\\\/\",\"logo\":{\"@type\":\"ImageObject\",\"inLanguage\":\"fr-FR\",\"@id\":\"https:\\\/\\\/www.gastac.com\\\/fr\\\/#\\\/schema\\\/logo\\\/image\\\/\",\"url\":\"https:\\\/\\\/www.gastac.com\\\/wp-content\\\/uploads\\\/2025\\\/09\\\/LOGO\u672c\u8272-\u9ed1.webp\",\"contentUrl\":\"https:\\\/\\\/www.gastac.com\\\/wp-content\\\/uploads\\\/2025\\\/09\\\/LOGO\u672c\u8272-\u9ed1.webp\",\"width\":1920,\"height\":1080,\"caption\":\"Ningbo Gastac Gas Spring Co.,Ltd\"},\"image\":{\"@id\":\"https:\\\/\\\/www.gastac.com\\\/fr\\\/#\\\/schema\\\/logo\\\/image\\\/\"},\"sameAs\":[\"https:\\\/\\\/www.facebook.com\\\/profile.php?id=100092358464608\",\"https:\\\/\\\/www.youtube.com\\\/@Gastac-Gas-Spring\",\"https:\\\/\\\/www.linkedin.com\\\/in\\\/gastac-gas-spring\\\/\",\"https:\\\/\\\/www.instagram.com\\\/gastacgasspring\\\/\"]}]}<\/script>\n<!-- \/ Yoast SEO Premium plugin. -->","yoast_head_json":{"title":"Verin a gaz avec blocage | Gastac Gas Spring","robots":{"index":"index","follow":"follow","max-snippet":"max-snippet:-1","max-image-preview":"max-image-preview:large","max-video-preview":"max-video-preview:-1"},"canonical":"https:\/\/www.gastac.com\/fr\/produit\/verin-a-gaz-avec-blocage\/","og_locale":"fr_FR","og_type":"article","og_title":"Verin a gaz avec blocage","og_description":"Verin a gaz avec blocage Ce type de ressort, contrairement aux verin a gaz avec blocage purement remplis de gaz, [...]","og_url":"https:\/\/www.gastac.com\/fr\/produit\/verin-a-gaz-avec-blocage\/","og_site_name":"Gastac Gas Spring","article_publisher":"https:\/\/www.facebook.com\/profile.php?id=100092358464608","article_modified_time":"2025-11-11T05:48:56+00:00","og_image":[{"width":500,"height":500,"url":"https:\/\/www.gastac.com\/wp-content\/uploads\/2025\/11\/verin-a-gaz-avec-blocage-1.webp","type":"image\/webp"}],"twitter_card":"summary_large_image","twitter_misc":{"Dur\u00e9e de lecture estim\u00e9e":"4 minutes"},"schema":{"@context":"https:\/\/schema.org","@graph":[{"@type":"WebPage","@id":"https:\/\/www.gastac.com\/fr\/produit\/verin-a-gaz-avec-blocage\/","url":"https:\/\/www.gastac.com\/fr\/produit\/verin-a-gaz-avec-blocage\/","name":"Verin a gaz avec blocage | Gastac Gas Spring","isPartOf":{"@id":"https:\/\/www.gastac.com\/fr\/#website"},"primaryImageOfPage":{"@id":"https:\/\/www.gastac.com\/fr\/produit\/verin-a-gaz-avec-blocage\/#primaryimage"},"image":{"@id":"https:\/\/www.gastac.com\/fr\/produit\/verin-a-gaz-avec-blocage\/#primaryimage"},"thumbnailUrl":"https:\/\/www.gastac.com\/wp-content\/uploads\/2025\/11\/verin-a-gaz-avec-blocage-1.webp","datePublished":"2025-11-11T05:43:40+00:00","dateModified":"2025-11-11T05:48:56+00:00","breadcrumb":{"@id":"https:\/\/www.gastac.com\/fr\/produit\/verin-a-gaz-avec-blocage\/#breadcrumb"},"inLanguage":"fr-FR","potentialAction":[{"@type":"ReadAction","target":["https:\/\/www.gastac.com\/fr\/produit\/verin-a-gaz-avec-blocage\/"]}]},{"@type":"ImageObject","inLanguage":"fr-FR","@id":"https:\/\/www.gastac.com\/fr\/produit\/verin-a-gaz-avec-blocage\/#primaryimage","url":"https:\/\/www.gastac.com\/wp-content\/uploads\/2025\/11\/verin-a-gaz-avec-blocage-1.webp","contentUrl":"https:\/\/www.gastac.com\/wp-content\/uploads\/2025\/11\/verin-a-gaz-avec-blocage-1.webp","width":500,"height":500,"caption":"verin a gaz avec blocage 1"},{"@type":"BreadcrumbList","@id":"https:\/\/www.gastac.com\/fr\/produit\/verin-a-gaz-avec-blocage\/#breadcrumb","itemListElement":[{"@type":"ListItem","position":1,"name":"Home","item":"https:\/\/www.gastac.com\/fr\/"},{"@type":"ListItem","position":2,"name":"products","item":"https:\/\/www.gastac.com\/fr\/products\/"},{"@type":"ListItem","position":3,"name":"Non cat\u00e9goris\u00e9","item":"https:\/\/www.gastac.com\/fr\/product-category\/non-categorise\/"},{"@type":"ListItem","position":4,"name":"Verin a gaz avec blocage"}]},{"@type":"WebSite","@id":"https:\/\/www.gastac.com\/fr\/#website","url":"https:\/\/www.gastac.com\/fr\/","name":"Gastac Gas Spring","description":"China\u2019s Leading Gas Springs &amp; Struts Manufacturer","publisher":{"@id":"https:\/\/www.gastac.com\/fr\/#organization"},"potentialAction":[{"@type":"SearchAction","target":{"@type":"EntryPoint","urlTemplate":"https:\/\/www.gastac.com\/fr\/?s={search_term_string}"},"query-input":{"@type":"PropertyValueSpecification","valueRequired":true,"valueName":"search_term_string"}}],"inLanguage":"fr-FR"},{"@type":"Organization","@id":"https:\/\/www.gastac.com\/fr\/#organization","name":"Ningbo Gastac Gas Spring Co.,Ltd","url":"https:\/\/www.gastac.com\/fr\/","logo":{"@type":"ImageObject","inLanguage":"fr-FR","@id":"https:\/\/www.gastac.com\/fr\/#\/schema\/logo\/image\/","url":"https:\/\/www.gastac.com\/wp-content\/uploads\/2025\/09\/LOGO\u672c\u8272-\u9ed1.webp","contentUrl":"https:\/\/www.gastac.com\/wp-content\/uploads\/2025\/09\/LOGO\u672c\u8272-\u9ed1.webp","width":1920,"height":1080,"caption":"Ningbo Gastac Gas Spring Co.,Ltd"},"image":{"@id":"https:\/\/www.gastac.com\/fr\/#\/schema\/logo\/image\/"},"sameAs":["https:\/\/www.facebook.com\/profile.php?id=100092358464608","https:\/\/www.youtube.com\/@Gastac-Gas-Spring","https:\/\/www.linkedin.com\/in\/gastac-gas-spring\/","https:\/\/www.instagram.com\/gastacgasspring\/"]}]}},"_links":{"self":[{"href":"https:\/\/www.gastac.com\/fr\/wp-json\/wp\/v2\/product\/17362","targetHints":{"allow":["GET"]}}],"collection":[{"href":"https:\/\/www.gastac.com\/fr\/wp-json\/wp\/v2\/product"}],"about":[{"href":"https:\/\/www.gastac.com\/fr\/wp-json\/wp\/v2\/types\/product"}],"replies":[{"embeddable":true,"href":"https:\/\/www.gastac.com\/fr\/wp-json\/wp\/v2\/comments?post=17362"}],"wp:featuredmedia":[{"embeddable":true,"href":"https:\/\/www.gastac.com\/fr\/wp-json\/wp\/v2\/media\/17368"}],"wp:attachment":[{"href":"https:\/\/www.gastac.com\/fr\/wp-json\/wp\/v2\/media?parent=17362"}],"wp:term":[{"taxonomy":"product_brand","embeddable":true,"href":"https:\/\/www.gastac.com\/fr\/wp-json\/wp\/v2\/product_brand?post=17362"},{"taxonomy":"product_cat","embeddable":true,"href":"https:\/\/www.gastac.com\/fr\/wp-json\/wp\/v2\/product_cat?post=17362"},{"taxonomy":"product_tag","embeddable":true,"href":"https:\/\/www.gastac.com\/fr\/wp-json\/wp\/v2\/product_tag?post=17362"}],"curies":[{"name":"wp","href":"https:\/\/api.w.org\/{rel}","templated":true}]}}