{"id":23161,"date":"2025-11-18T06:10:45","date_gmt":"2025-11-18T06:10:45","guid":{"rendered":"https:\/\/www.gastac.com\/?post_type=product&#038;p=23161"},"modified":"2025-11-18T06:10:45","modified_gmt":"2025-11-18T06:10:45","slug":"amortiguador-gas-maletero","status":"publish","type":"product","link":"https:\/\/www.gastac.com\/es\/producto\/amortiguador-gas-maletero\/","title":{"rendered":"Amortiguador gas Maletero"},"content":{"rendered":"<p><strong>Amortiguador gas maletero<\/strong><\/p>\n<p>C\u00f3mo cambiar los amortiguador gas maletero<\/p>\n<p>Si el port\u00f3n trasero no se abre o cierra correctamente, lo m\u00e1s seguro es que el fallo se encuentre en los amortiguadores de gas para maletero. Esas piezas no pueden arreglarse, pero su sustituci\u00f3n es muy sencilla. Te contamos c\u00f3mo hacerlo.<\/p>\n<p>El amortiguador del maletero es el mecanismo que permite elevar y descender dicha puerta f\u00e1cilmente, manteni\u00e9ndola en posici\u00f3n sin apoyo adicional.<br \/>\n<img decoding=\"async\" class=\"lazyload aligncenter\" src=\"data:image\/svg+xml,%3Csvg%20xmlns%3D%27http%3A%2F%2Fwww.w3.org%2F2000%2Fsvg%27%20width%3D%27888%27%20height%3D%27328%27%20viewBox%3D%270%200%20888%20328%27%3E%3Crect%20width%3D%27888%27%20height%3D%27328%27%20fill-opacity%3D%220%22%2F%3E%3C%2Fsvg%3E\" data-orig-src=\"https:\/\/www.gastac.com\/wp-content\/uploads\/2023\/08\/amortiguador-gas-maletero.jpg\" alt=\"Amortiguador gas maletero \" width=\"888\" height=\"328\" \/><br \/>\nSe compone de un cilindro de acero que contiene un gas (nitr\u00f3geno), y por cuyo interior se mueve un v\u00e1stago con un pist\u00f3n. Cuando la puerta del maletero se abre, el gas comprimido empuja la varilla del amortiguador y la adelanta hasta una c\u00e1mara especial llena de aceite. Al superar cierta distancia, la varilla comprime el aceite y \u00e9ste frena el \u00e9mbolo situado en el extremo superior. Al cerrar el maletero, el aceite circula de nuevo hasta su c\u00e1mara, lo que hace que se produzca un movimiento suave.<\/p>\n<p>Que el amortiguador del maletero dure m\u00e1s o menos depende, en gran medida, del uso que se haga de \u00e9l: si se hacen movimientos bruscos al abrir o cerrar la puerta, la pieza recibe golpes, o se acumula polvo y suciedad en su interior es muy probable que acabe deterior\u00e1ndose.<\/p>\n<p>En tal caso, lo m\u00e1s adecuado es sustituir la pieza teniendo en cuenta que, aunque solo se estropee la de un lado hay que cambiar los dos.<\/p>\n<p>C\u00f3mo sustituir los amortiguador de gas maletero<\/p>\n<p>Busca el modelo espec\u00edfico de amortiguadores para tu veh\u00edculo y sigue estos pasos:<\/p>\n<p>Abre y retira la bandeja del maletero.<\/p>\n<p>Coloca un pie vertical para evitar que el port\u00f3n se te venga encima mientras trabajas. Lo m\u00e1s sencillo es utilizar un list\u00f3n cortado a medida.<\/p>\n<p>Con ayuda de un destornillador, quita la pesta\u00f1a de pl\u00e1stico que hay situada en la parte superior del mecanismo. Solo tienes que hacer palanca. Despu\u00e9s, suelta la varilla de la r\u00f3tula superior.<\/p>\n<p>Repite la operaci\u00f3n con la pesta\u00f1a de pl\u00e1stico de la parte inferior del mecanismo.<\/p>\n<p>Y haz lo mismo con la pieza del otro lado.<\/p>\n<p>Antes de colocar los nuevos amortiguadores, limpia las r\u00f3tulas en las que van a ir insertados y pulveriza aceite lubricante.<\/p>\n<p>Coge uno de los amortiguadores nuevos, levanta la pesta\u00f1a superior con ayuda del destornillador, ins\u00e9rtalo en la r\u00f3tula superior y haz una ligera presi\u00f3n para meter la pesta\u00f1a otra vez hacia adentro. Repite con la parte de abajo y con el amortiguador del otro lado.<\/p>\n","protected":false},"excerpt":{"rendered":"<p>Amortiguador gas maletero C\u00f3mo cambiar los amortiguador gas maletero Si el port\u00f3n trasero no se abre o cierra correctamente, lo  [&#8230;]<\/p>\n","protected":false},"featured_media":23163,"comment_status":"open","ping_status":"closed","template":"","meta":[],"product_brand":[],"product_cat":[114],"product_tag":[],"class_list":{"0":"post-23161","1":"product","2":"type-product","3":"status-publish","4":"has-post-thumbnail","6":"product_cat-sin-categoria","8":"first","9":"instock","10":"shipping-taxable","11":"product-type-simple"},"yoast_head":"<!-- This site is optimized with the Yoast SEO Premium plugin v26.2 (Yoast SEO v27.3) - https:\/\/yoast.com\/product\/yoast-seo-premium-wordpress\/ -->\n<title>Amortiguador gas Maletero | Gastac Gas Spring<\/title>\n<meta name=\"robots\" content=\"index, follow, max-snippet:-1, max-image-preview:large, max-video-preview:-1\" \/>\n<link rel=\"canonical\" href=\"https:\/\/www.gastac.com\/es\/producto\/amortiguador-gas-maletero\/\" \/>\n<meta property=\"og:locale\" content=\"es_ES\" \/>\n<meta property=\"og:type\" content=\"article\" \/>\n<meta property=\"og:title\" content=\"Amortiguador gas Maletero\" \/>\n<meta property=\"og:description\" content=\"Amortiguador gas maletero C\u00f3mo cambiar los amortiguador gas maletero Si el port\u00f3n trasero no se abre o cierra correctamente, lo [...]\" \/>\n<meta property=\"og:url\" content=\"https:\/\/www.gastac.com\/es\/producto\/amortiguador-gas-maletero\/\" \/>\n<meta property=\"og:site_name\" content=\"Gastac Gas Spring\" \/>\n<meta property=\"article:publisher\" content=\"https:\/\/www.facebook.com\/profile.php?id=100092358464608\" \/>\n<meta property=\"og:image\" content=\"https:\/\/www.gastac.com\/wp-content\/uploads\/2025\/11\/amortiguadores-de-gas-para-maletero.webp\" \/>\n\t<meta property=\"og:image:width\" content=\"600\" \/>\n\t<meta property=\"og:image:height\" content=\"600\" \/>\n\t<meta property=\"og:image:type\" content=\"image\/webp\" \/>\n<meta name=\"twitter:card\" content=\"summary_large_image\" \/>\n<meta name=\"twitter:label1\" content=\"Tiempo de lectura\" \/>\n\t<meta name=\"twitter:data1\" content=\"1 minuto\" \/>\n<script type=\"application\/ld+json\" class=\"yoast-schema-graph\">{\"@context\":\"https:\\\/\\\/schema.org\",\"@graph\":[{\"@type\":\"WebPage\",\"@id\":\"https:\\\/\\\/www.gastac.com\\\/es\\\/producto\\\/amortiguador-gas-maletero\\\/\",\"url\":\"https:\\\/\\\/www.gastac.com\\\/es\\\/producto\\\/amortiguador-gas-maletero\\\/\",\"name\":\"Amortiguador gas Maletero | Gastac Gas Spring\",\"isPartOf\":{\"@id\":\"https:\\\/\\\/www.gastac.com\\\/es\\\/#website\"},\"primaryImageOfPage\":{\"@id\":\"https:\\\/\\\/www.gastac.com\\\/es\\\/producto\\\/amortiguador-gas-maletero\\\/#primaryimage\"},\"image\":{\"@id\":\"https:\\\/\\\/www.gastac.com\\\/es\\\/producto\\\/amortiguador-gas-maletero\\\/#primaryimage\"},\"thumbnailUrl\":\"https:\\\/\\\/www.gastac.com\\\/wp-content\\\/uploads\\\/2025\\\/11\\\/amortiguadores-de-gas-para-maletero.webp\",\"datePublished\":\"2025-11-18T06:10:45+00:00\",\"breadcrumb\":{\"@id\":\"https:\\\/\\\/www.gastac.com\\\/es\\\/producto\\\/amortiguador-gas-maletero\\\/#breadcrumb\"},\"inLanguage\":\"es\",\"potentialAction\":[{\"@type\":\"ReadAction\",\"target\":[\"https:\\\/\\\/www.gastac.com\\\/es\\\/producto\\\/amortiguador-gas-maletero\\\/\"]}]},{\"@type\":\"ImageObject\",\"inLanguage\":\"es\",\"@id\":\"https:\\\/\\\/www.gastac.com\\\/es\\\/producto\\\/amortiguador-gas-maletero\\\/#primaryimage\",\"url\":\"https:\\\/\\\/www.gastac.com\\\/wp-content\\\/uploads\\\/2025\\\/11\\\/amortiguadores-de-gas-para-maletero.webp\",\"contentUrl\":\"https:\\\/\\\/www.gastac.com\\\/wp-content\\\/uploads\\\/2025\\\/11\\\/amortiguadores-de-gas-para-maletero.webp\",\"width\":600,\"height\":600,\"caption\":\"amortiguadores de gas para maletero\"},{\"@type\":\"BreadcrumbList\",\"@id\":\"https:\\\/\\\/www.gastac.com\\\/es\\\/producto\\\/amortiguador-gas-maletero\\\/#breadcrumb\",\"itemListElement\":[{\"@type\":\"ListItem\",\"position\":1,\"name\":\"Home\",\"item\":\"https:\\\/\\\/www.gastac.com\\\/es\\\/\"},{\"@type\":\"ListItem\",\"position\":2,\"name\":\"Productos\",\"item\":\"https:\\\/\\\/www.gastac.com\\\/es\\\/productos\\\/\"},{\"@type\":\"ListItem\",\"position\":3,\"name\":\"Sin categor\u00eda\",\"item\":\"https:\\\/\\\/www.gastac.com\\\/es\\\/product-category\\\/sin-categoria\\\/\"},{\"@type\":\"ListItem\",\"position\":4,\"name\":\"Amortiguador gas Maletero\"}]},{\"@type\":\"WebSite\",\"@id\":\"https:\\\/\\\/www.gastac.com\\\/es\\\/#website\",\"url\":\"https:\\\/\\\/www.gastac.com\\\/es\\\/\",\"name\":\"Gastac Gas Spring\",\"description\":\"China\u2019s Leading Gas Springs &amp; Struts Manufacturer\",\"publisher\":{\"@id\":\"https:\\\/\\\/www.gastac.com\\\/es\\\/#organization\"},\"potentialAction\":[{\"@type\":\"SearchAction\",\"target\":{\"@type\":\"EntryPoint\",\"urlTemplate\":\"https:\\\/\\\/www.gastac.com\\\/es\\\/?s={search_term_string}\"},\"query-input\":{\"@type\":\"PropertyValueSpecification\",\"valueRequired\":true,\"valueName\":\"search_term_string\"}}],\"inLanguage\":\"es\"},{\"@type\":\"Organization\",\"@id\":\"https:\\\/\\\/www.gastac.com\\\/es\\\/#organization\",\"name\":\"Ningbo Gastac Gas Spring Co.,Ltd\",\"url\":\"https:\\\/\\\/www.gastac.com\\\/es\\\/\",\"logo\":{\"@type\":\"ImageObject\",\"inLanguage\":\"es\",\"@id\":\"https:\\\/\\\/www.gastac.com\\\/es\\\/#\\\/schema\\\/logo\\\/image\\\/\",\"url\":\"https:\\\/\\\/www.gastac.com\\\/wp-content\\\/uploads\\\/2025\\\/09\\\/LOGO\u672c\u8272-\u9ed1.webp\",\"contentUrl\":\"https:\\\/\\\/www.gastac.com\\\/wp-content\\\/uploads\\\/2025\\\/09\\\/LOGO\u672c\u8272-\u9ed1.webp\",\"width\":1920,\"height\":1080,\"caption\":\"Ningbo Gastac Gas Spring Co.,Ltd\"},\"image\":{\"@id\":\"https:\\\/\\\/www.gastac.com\\\/es\\\/#\\\/schema\\\/logo\\\/image\\\/\"},\"sameAs\":[\"https:\\\/\\\/www.facebook.com\\\/profile.php?id=100092358464608\",\"https:\\\/\\\/www.youtube.com\\\/@Gastac-Gas-Spring\",\"https:\\\/\\\/www.linkedin.com\\\/in\\\/gastac-gas-spring\\\/\",\"https:\\\/\\\/www.instagram.com\\\/gastacgasspring\\\/\"]}]}<\/script>\n<!-- \/ Yoast SEO Premium plugin. -->","yoast_head_json":{"title":"Amortiguador gas Maletero | Gastac Gas Spring","robots":{"index":"index","follow":"follow","max-snippet":"max-snippet:-1","max-image-preview":"max-image-preview:large","max-video-preview":"max-video-preview:-1"},"canonical":"https:\/\/www.gastac.com\/es\/producto\/amortiguador-gas-maletero\/","og_locale":"es_ES","og_type":"article","og_title":"Amortiguador gas Maletero","og_description":"Amortiguador gas maletero C\u00f3mo cambiar los amortiguador gas maletero Si el port\u00f3n trasero no se abre o cierra correctamente, lo [...]","og_url":"https:\/\/www.gastac.com\/es\/producto\/amortiguador-gas-maletero\/","og_site_name":"Gastac Gas Spring","article_publisher":"https:\/\/www.facebook.com\/profile.php?id=100092358464608","og_image":[{"width":600,"height":600,"url":"https:\/\/www.gastac.com\/wp-content\/uploads\/2025\/11\/amortiguadores-de-gas-para-maletero.webp","type":"image\/webp"}],"twitter_card":"summary_large_image","twitter_misc":{"Tiempo de lectura":"1 minuto"},"schema":{"@context":"https:\/\/schema.org","@graph":[{"@type":"WebPage","@id":"https:\/\/www.gastac.com\/es\/producto\/amortiguador-gas-maletero\/","url":"https:\/\/www.gastac.com\/es\/producto\/amortiguador-gas-maletero\/","name":"Amortiguador gas Maletero | Gastac Gas Spring","isPartOf":{"@id":"https:\/\/www.gastac.com\/es\/#website"},"primaryImageOfPage":{"@id":"https:\/\/www.gastac.com\/es\/producto\/amortiguador-gas-maletero\/#primaryimage"},"image":{"@id":"https:\/\/www.gastac.com\/es\/producto\/amortiguador-gas-maletero\/#primaryimage"},"thumbnailUrl":"https:\/\/www.gastac.com\/wp-content\/uploads\/2025\/11\/amortiguadores-de-gas-para-maletero.webp","datePublished":"2025-11-18T06:10:45+00:00","breadcrumb":{"@id":"https:\/\/www.gastac.com\/es\/producto\/amortiguador-gas-maletero\/#breadcrumb"},"inLanguage":"es","potentialAction":[{"@type":"ReadAction","target":["https:\/\/www.gastac.com\/es\/producto\/amortiguador-gas-maletero\/"]}]},{"@type":"ImageObject","inLanguage":"es","@id":"https:\/\/www.gastac.com\/es\/producto\/amortiguador-gas-maletero\/#primaryimage","url":"https:\/\/www.gastac.com\/wp-content\/uploads\/2025\/11\/amortiguadores-de-gas-para-maletero.webp","contentUrl":"https:\/\/www.gastac.com\/wp-content\/uploads\/2025\/11\/amortiguadores-de-gas-para-maletero.webp","width":600,"height":600,"caption":"amortiguadores de gas para maletero"},{"@type":"BreadcrumbList","@id":"https:\/\/www.gastac.com\/es\/producto\/amortiguador-gas-maletero\/#breadcrumb","itemListElement":[{"@type":"ListItem","position":1,"name":"Home","item":"https:\/\/www.gastac.com\/es\/"},{"@type":"ListItem","position":2,"name":"Productos","item":"https:\/\/www.gastac.com\/es\/productos\/"},{"@type":"ListItem","position":3,"name":"Sin categor\u00eda","item":"https:\/\/www.gastac.com\/es\/product-category\/sin-categoria\/"},{"@type":"ListItem","position":4,"name":"Amortiguador gas Maletero"}]},{"@type":"WebSite","@id":"https:\/\/www.gastac.com\/es\/#website","url":"https:\/\/www.gastac.com\/es\/","name":"Gastac Gas Spring","description":"China\u2019s Leading Gas Springs &amp; Struts Manufacturer","publisher":{"@id":"https:\/\/www.gastac.com\/es\/#organization"},"potentialAction":[{"@type":"SearchAction","target":{"@type":"EntryPoint","urlTemplate":"https:\/\/www.gastac.com\/es\/?s={search_term_string}"},"query-input":{"@type":"PropertyValueSpecification","valueRequired":true,"valueName":"search_term_string"}}],"inLanguage":"es"},{"@type":"Organization","@id":"https:\/\/www.gastac.com\/es\/#organization","name":"Ningbo Gastac Gas Spring Co.,Ltd","url":"https:\/\/www.gastac.com\/es\/","logo":{"@type":"ImageObject","inLanguage":"es","@id":"https:\/\/www.gastac.com\/es\/#\/schema\/logo\/image\/","url":"https:\/\/www.gastac.com\/wp-content\/uploads\/2025\/09\/LOGO\u672c\u8272-\u9ed1.webp","contentUrl":"https:\/\/www.gastac.com\/wp-content\/uploads\/2025\/09\/LOGO\u672c\u8272-\u9ed1.webp","width":1920,"height":1080,"caption":"Ningbo Gastac Gas Spring Co.,Ltd"},"image":{"@id":"https:\/\/www.gastac.com\/es\/#\/schema\/logo\/image\/"},"sameAs":["https:\/\/www.facebook.com\/profile.php?id=100092358464608","https:\/\/www.youtube.com\/@Gastac-Gas-Spring","https:\/\/www.linkedin.com\/in\/gastac-gas-spring\/","https:\/\/www.instagram.com\/gastacgasspring\/"]}]}},"_links":{"self":[{"href":"https:\/\/www.gastac.com\/es\/wp-json\/wp\/v2\/product\/23161","targetHints":{"allow":["GET"]}}],"collection":[{"href":"https:\/\/www.gastac.com\/es\/wp-json\/wp\/v2\/product"}],"about":[{"href":"https:\/\/www.gastac.com\/es\/wp-json\/wp\/v2\/types\/product"}],"replies":[{"embeddable":true,"href":"https:\/\/www.gastac.com\/es\/wp-json\/wp\/v2\/comments?post=23161"}],"wp:featuredmedia":[{"embeddable":true,"href":"https:\/\/www.gastac.com\/es\/wp-json\/wp\/v2\/media\/23163"}],"wp:attachment":[{"href":"https:\/\/www.gastac.com\/es\/wp-json\/wp\/v2\/media?parent=23161"}],"wp:term":[{"taxonomy":"product_brand","embeddable":true,"href":"https:\/\/www.gastac.com\/es\/wp-json\/wp\/v2\/product_brand?post=23161"},{"taxonomy":"product_cat","embeddable":true,"href":"https:\/\/www.gastac.com\/es\/wp-json\/wp\/v2\/product_cat?post=23161"},{"taxonomy":"product_tag","embeddable":true,"href":"https:\/\/www.gastac.com\/es\/wp-json\/wp\/v2\/product_tag?post=23161"}],"curies":[{"name":"wp","href":"https:\/\/api.w.org\/{rel}","templated":true}]}}