{"id":23148,"date":"2025-11-18T06:01:51","date_gmt":"2025-11-18T06:01:51","guid":{"rendered":"https:\/\/www.gastac.com\/?post_type=product&#038;p=23148"},"modified":"2025-11-18T06:01:52","modified_gmt":"2025-11-18T06:01:52","slug":"amortiguadores-para-capot","status":"publish","type":"product","link":"https:\/\/www.gastac.com\/es\/producto\/amortiguadores-para-capot\/","title":{"rendered":"Amortiguadores Para Capot"},"content":{"rendered":"<p><strong>Amortiguadores para capot<\/strong><\/p>\n<p>Amortiguador Capot Renault Duster 2011<\/p>\n<p>Ficha del Producto:<\/p>\n<p>Marca: GASTAC<\/p>\n<p>Origen: CHINA<\/p>\n<p>Tipo Amortiguador: Gas<\/p>\n<p>Ubicaci\u00f3n: Capot<\/p>\n<p>Largo Extendido (cm): 58,7<\/p>\n<p>Largo Comprimido (cm): 34,7<\/p>\n<p>Terminal Inferior: Rotula plastica<\/p>\n<p>Terminal Superior: Rotula plastica<\/p>\n<p>Informaci\u00f3n sobre la Marca:<\/p>\n<p>Los amortiguadores para capot GASTAC est\u00e1n concebidos para superar el rendimiento brindado por el equipamiento original, destac\u00e1ndose por un dise\u00f1o que logra una excelente respuesta en confort, seguridad y alto desempe\u00f1o.<\/p>\n<p>Aplicaci\u00f3n de resorte de gas<br \/>\n<img decoding=\"async\" class=\"lazyload \" src=\"data:image\/svg+xml,%3Csvg%20xmlns%3D%27http%3A%2F%2Fwww.w3.org%2F2000%2Fsvg%27%20width%3D%27343%27%20height%3D%27345%27%20viewBox%3D%270%200%20343%20345%27%3E%3Crect%20width%3D%27343%27%20height%3D%27345%27%20fill-opacity%3D%220%22%2F%3E%3C%2Fsvg%3E\" data-orig-src=\"https:\/\/www.gastac.com\/wp-content\/uploads\/2023\/08\/amortiguadores-para-capot-600x603.png\" alt=\"Amortiguadores para capot \" width=\"343\" height=\"345\" \/><img decoding=\"async\" class=\"lazyload \" src=\"data:image\/svg+xml,%3Csvg%20xmlns%3D%27http%3A%2F%2Fwww.w3.org%2F2000%2Fsvg%27%20width%3D%27360%27%20height%3D%27342%27%20viewBox%3D%270%200%20360%20342%27%3E%3Crect%20width%3D%27360%27%20height%3D%27342%27%20fill-opacity%3D%220%22%2F%3E%3C%2Fsvg%3E\" data-orig-src=\"https:\/\/www.gastac.com\/wp-content\/uploads\/2023\/08\/amortiguador-capot-renault-duster.png\" alt=\"Amortiguadores para capot \" width=\"360\" height=\"342\" \/><\/p>\n","protected":false},"excerpt":{"rendered":"<p>Amortiguadores para capot Amortiguador Capot Renault Duster 2011 Ficha del Producto: Marca: GASTAC Origen: CHINA Tipo Amortiguador: Gas Ubicaci\u00f3n: Capot  [&#8230;]<\/p>\n","protected":false},"featured_media":23152,"comment_status":"open","ping_status":"closed","template":"","meta":[],"product_brand":[],"product_cat":[114],"product_tag":[],"class_list":{"0":"post-23148","1":"product","2":"type-product","3":"status-publish","4":"has-post-thumbnail","6":"product_cat-sin-categoria","8":"first","9":"instock","10":"shipping-taxable","11":"product-type-simple"},"yoast_head":"<!-- This site is optimized with the Yoast SEO Premium plugin v26.2 (Yoast SEO v27.3) - https:\/\/yoast.com\/product\/yoast-seo-premium-wordpress\/ -->\n<title>Amortiguadores Para Capot | Gastac Gas Spring<\/title>\n<meta name=\"robots\" content=\"index, follow, max-snippet:-1, max-image-preview:large, max-video-preview:-1\" \/>\n<link rel=\"canonical\" href=\"https:\/\/www.gastac.com\/es\/producto\/amortiguadores-para-capot\/\" \/>\n<meta property=\"og:locale\" content=\"es_ES\" \/>\n<meta property=\"og:type\" content=\"article\" \/>\n<meta property=\"og:title\" content=\"Amortiguadores Para Capot\" \/>\n<meta property=\"og:description\" content=\"Amortiguadores para capot Amortiguador Capot Renault Duster 2011 Ficha del Producto: Marca: GASTAC Origen: CHINA Tipo Amortiguador: Gas Ubicaci\u00f3n: Capot [...]\" \/>\n<meta property=\"og:url\" content=\"https:\/\/www.gastac.com\/es\/producto\/amortiguadores-para-capot\/\" \/>\n<meta property=\"og:site_name\" content=\"Gastac Gas Spring\" \/>\n<meta property=\"article:publisher\" content=\"https:\/\/www.facebook.com\/profile.php?id=100092358464608\" \/>\n<meta property=\"article:modified_time\" content=\"2025-11-18T06:01:52+00:00\" \/>\n<meta property=\"og:image\" content=\"https:\/\/www.gastac.com\/wp-content\/uploads\/2025\/11\/amortiguador-capot-renault-duster.webp\" \/>\n\t<meta property=\"og:image:width\" content=\"600\" \/>\n\t<meta property=\"og:image:height\" content=\"571\" \/>\n\t<meta property=\"og:image:type\" content=\"image\/webp\" \/>\n<meta name=\"twitter:card\" content=\"summary_large_image\" \/>\n<meta name=\"twitter:label1\" content=\"Tiempo de lectura\" \/>\n\t<meta name=\"twitter:data1\" content=\"1 minuto\" \/>\n<script type=\"application\/ld+json\" class=\"yoast-schema-graph\">{\"@context\":\"https:\\\/\\\/schema.org\",\"@graph\":[{\"@type\":\"WebPage\",\"@id\":\"https:\\\/\\\/www.gastac.com\\\/es\\\/producto\\\/amortiguadores-para-capot\\\/\",\"url\":\"https:\\\/\\\/www.gastac.com\\\/es\\\/producto\\\/amortiguadores-para-capot\\\/\",\"name\":\"Amortiguadores Para Capot | Gastac Gas Spring\",\"isPartOf\":{\"@id\":\"https:\\\/\\\/www.gastac.com\\\/es\\\/#website\"},\"primaryImageOfPage\":{\"@id\":\"https:\\\/\\\/www.gastac.com\\\/es\\\/producto\\\/amortiguadores-para-capot\\\/#primaryimage\"},\"image\":{\"@id\":\"https:\\\/\\\/www.gastac.com\\\/es\\\/producto\\\/amortiguadores-para-capot\\\/#primaryimage\"},\"thumbnailUrl\":\"https:\\\/\\\/www.gastac.com\\\/wp-content\\\/uploads\\\/2025\\\/11\\\/amortiguador-capot-renault-duster.webp\",\"datePublished\":\"2025-11-18T06:01:51+00:00\",\"dateModified\":\"2025-11-18T06:01:52+00:00\",\"breadcrumb\":{\"@id\":\"https:\\\/\\\/www.gastac.com\\\/es\\\/producto\\\/amortiguadores-para-capot\\\/#breadcrumb\"},\"inLanguage\":\"es\",\"potentialAction\":[{\"@type\":\"ReadAction\",\"target\":[\"https:\\\/\\\/www.gastac.com\\\/es\\\/producto\\\/amortiguadores-para-capot\\\/\"]}]},{\"@type\":\"ImageObject\",\"inLanguage\":\"es\",\"@id\":\"https:\\\/\\\/www.gastac.com\\\/es\\\/producto\\\/amortiguadores-para-capot\\\/#primaryimage\",\"url\":\"https:\\\/\\\/www.gastac.com\\\/wp-content\\\/uploads\\\/2025\\\/11\\\/amortiguador-capot-renault-duster.webp\",\"contentUrl\":\"https:\\\/\\\/www.gastac.com\\\/wp-content\\\/uploads\\\/2025\\\/11\\\/amortiguador-capot-renault-duster.webp\",\"width\":600,\"height\":571,\"caption\":\"amortiguador capot renault duster\"},{\"@type\":\"BreadcrumbList\",\"@id\":\"https:\\\/\\\/www.gastac.com\\\/es\\\/producto\\\/amortiguadores-para-capot\\\/#breadcrumb\",\"itemListElement\":[{\"@type\":\"ListItem\",\"position\":1,\"name\":\"Home\",\"item\":\"https:\\\/\\\/www.gastac.com\\\/es\\\/\"},{\"@type\":\"ListItem\",\"position\":2,\"name\":\"Productos\",\"item\":\"https:\\\/\\\/www.gastac.com\\\/es\\\/productos\\\/\"},{\"@type\":\"ListItem\",\"position\":3,\"name\":\"Sin categor\u00eda\",\"item\":\"https:\\\/\\\/www.gastac.com\\\/es\\\/product-category\\\/sin-categoria\\\/\"},{\"@type\":\"ListItem\",\"position\":4,\"name\":\"Amortiguadores Para Capot\"}]},{\"@type\":\"WebSite\",\"@id\":\"https:\\\/\\\/www.gastac.com\\\/es\\\/#website\",\"url\":\"https:\\\/\\\/www.gastac.com\\\/es\\\/\",\"name\":\"Gastac Gas Spring\",\"description\":\"China\u2019s Leading Gas Springs &amp; Struts Manufacturer\",\"publisher\":{\"@id\":\"https:\\\/\\\/www.gastac.com\\\/es\\\/#organization\"},\"potentialAction\":[{\"@type\":\"SearchAction\",\"target\":{\"@type\":\"EntryPoint\",\"urlTemplate\":\"https:\\\/\\\/www.gastac.com\\\/es\\\/?s={search_term_string}\"},\"query-input\":{\"@type\":\"PropertyValueSpecification\",\"valueRequired\":true,\"valueName\":\"search_term_string\"}}],\"inLanguage\":\"es\"},{\"@type\":\"Organization\",\"@id\":\"https:\\\/\\\/www.gastac.com\\\/es\\\/#organization\",\"name\":\"Ningbo Gastac Gas Spring Co.,Ltd\",\"url\":\"https:\\\/\\\/www.gastac.com\\\/es\\\/\",\"logo\":{\"@type\":\"ImageObject\",\"inLanguage\":\"es\",\"@id\":\"https:\\\/\\\/www.gastac.com\\\/es\\\/#\\\/schema\\\/logo\\\/image\\\/\",\"url\":\"https:\\\/\\\/www.gastac.com\\\/wp-content\\\/uploads\\\/2025\\\/09\\\/LOGO\u672c\u8272-\u9ed1.webp\",\"contentUrl\":\"https:\\\/\\\/www.gastac.com\\\/wp-content\\\/uploads\\\/2025\\\/09\\\/LOGO\u672c\u8272-\u9ed1.webp\",\"width\":1920,\"height\":1080,\"caption\":\"Ningbo Gastac Gas Spring Co.,Ltd\"},\"image\":{\"@id\":\"https:\\\/\\\/www.gastac.com\\\/es\\\/#\\\/schema\\\/logo\\\/image\\\/\"},\"sameAs\":[\"https:\\\/\\\/www.facebook.com\\\/profile.php?id=100092358464608\",\"https:\\\/\\\/www.youtube.com\\\/@Gastac-Gas-Spring\",\"https:\\\/\\\/www.linkedin.com\\\/in\\\/gastac-gas-spring\\\/\",\"https:\\\/\\\/www.instagram.com\\\/gastacgasspring\\\/\"]}]}<\/script>\n<!-- \/ Yoast SEO Premium plugin. -->","yoast_head_json":{"title":"Amortiguadores Para Capot | Gastac Gas Spring","robots":{"index":"index","follow":"follow","max-snippet":"max-snippet:-1","max-image-preview":"max-image-preview:large","max-video-preview":"max-video-preview:-1"},"canonical":"https:\/\/www.gastac.com\/es\/producto\/amortiguadores-para-capot\/","og_locale":"es_ES","og_type":"article","og_title":"Amortiguadores Para Capot","og_description":"Amortiguadores para capot Amortiguador Capot Renault Duster 2011 Ficha del Producto: Marca: GASTAC Origen: CHINA Tipo Amortiguador: Gas Ubicaci\u00f3n: Capot [...]","og_url":"https:\/\/www.gastac.com\/es\/producto\/amortiguadores-para-capot\/","og_site_name":"Gastac Gas Spring","article_publisher":"https:\/\/www.facebook.com\/profile.php?id=100092358464608","article_modified_time":"2025-11-18T06:01:52+00:00","og_image":[{"width":600,"height":571,"url":"https:\/\/www.gastac.com\/wp-content\/uploads\/2025\/11\/amortiguador-capot-renault-duster.webp","type":"image\/webp"}],"twitter_card":"summary_large_image","twitter_misc":{"Tiempo de lectura":"1 minuto"},"schema":{"@context":"https:\/\/schema.org","@graph":[{"@type":"WebPage","@id":"https:\/\/www.gastac.com\/es\/producto\/amortiguadores-para-capot\/","url":"https:\/\/www.gastac.com\/es\/producto\/amortiguadores-para-capot\/","name":"Amortiguadores Para Capot | Gastac Gas Spring","isPartOf":{"@id":"https:\/\/www.gastac.com\/es\/#website"},"primaryImageOfPage":{"@id":"https:\/\/www.gastac.com\/es\/producto\/amortiguadores-para-capot\/#primaryimage"},"image":{"@id":"https:\/\/www.gastac.com\/es\/producto\/amortiguadores-para-capot\/#primaryimage"},"thumbnailUrl":"https:\/\/www.gastac.com\/wp-content\/uploads\/2025\/11\/amortiguador-capot-renault-duster.webp","datePublished":"2025-11-18T06:01:51+00:00","dateModified":"2025-11-18T06:01:52+00:00","breadcrumb":{"@id":"https:\/\/www.gastac.com\/es\/producto\/amortiguadores-para-capot\/#breadcrumb"},"inLanguage":"es","potentialAction":[{"@type":"ReadAction","target":["https:\/\/www.gastac.com\/es\/producto\/amortiguadores-para-capot\/"]}]},{"@type":"ImageObject","inLanguage":"es","@id":"https:\/\/www.gastac.com\/es\/producto\/amortiguadores-para-capot\/#primaryimage","url":"https:\/\/www.gastac.com\/wp-content\/uploads\/2025\/11\/amortiguador-capot-renault-duster.webp","contentUrl":"https:\/\/www.gastac.com\/wp-content\/uploads\/2025\/11\/amortiguador-capot-renault-duster.webp","width":600,"height":571,"caption":"amortiguador capot renault duster"},{"@type":"BreadcrumbList","@id":"https:\/\/www.gastac.com\/es\/producto\/amortiguadores-para-capot\/#breadcrumb","itemListElement":[{"@type":"ListItem","position":1,"name":"Home","item":"https:\/\/www.gastac.com\/es\/"},{"@type":"ListItem","position":2,"name":"Productos","item":"https:\/\/www.gastac.com\/es\/productos\/"},{"@type":"ListItem","position":3,"name":"Sin categor\u00eda","item":"https:\/\/www.gastac.com\/es\/product-category\/sin-categoria\/"},{"@type":"ListItem","position":4,"name":"Amortiguadores Para Capot"}]},{"@type":"WebSite","@id":"https:\/\/www.gastac.com\/es\/#website","url":"https:\/\/www.gastac.com\/es\/","name":"Gastac Gas Spring","description":"China\u2019s Leading Gas Springs &amp; Struts Manufacturer","publisher":{"@id":"https:\/\/www.gastac.com\/es\/#organization"},"potentialAction":[{"@type":"SearchAction","target":{"@type":"EntryPoint","urlTemplate":"https:\/\/www.gastac.com\/es\/?s={search_term_string}"},"query-input":{"@type":"PropertyValueSpecification","valueRequired":true,"valueName":"search_term_string"}}],"inLanguage":"es"},{"@type":"Organization","@id":"https:\/\/www.gastac.com\/es\/#organization","name":"Ningbo Gastac Gas Spring Co.,Ltd","url":"https:\/\/www.gastac.com\/es\/","logo":{"@type":"ImageObject","inLanguage":"es","@id":"https:\/\/www.gastac.com\/es\/#\/schema\/logo\/image\/","url":"https:\/\/www.gastac.com\/wp-content\/uploads\/2025\/09\/LOGO\u672c\u8272-\u9ed1.webp","contentUrl":"https:\/\/www.gastac.com\/wp-content\/uploads\/2025\/09\/LOGO\u672c\u8272-\u9ed1.webp","width":1920,"height":1080,"caption":"Ningbo Gastac Gas Spring Co.,Ltd"},"image":{"@id":"https:\/\/www.gastac.com\/es\/#\/schema\/logo\/image\/"},"sameAs":["https:\/\/www.facebook.com\/profile.php?id=100092358464608","https:\/\/www.youtube.com\/@Gastac-Gas-Spring","https:\/\/www.linkedin.com\/in\/gastac-gas-spring\/","https:\/\/www.instagram.com\/gastacgasspring\/"]}]}},"_links":{"self":[{"href":"https:\/\/www.gastac.com\/es\/wp-json\/wp\/v2\/product\/23148","targetHints":{"allow":["GET"]}}],"collection":[{"href":"https:\/\/www.gastac.com\/es\/wp-json\/wp\/v2\/product"}],"about":[{"href":"https:\/\/www.gastac.com\/es\/wp-json\/wp\/v2\/types\/product"}],"replies":[{"embeddable":true,"href":"https:\/\/www.gastac.com\/es\/wp-json\/wp\/v2\/comments?post=23148"}],"wp:featuredmedia":[{"embeddable":true,"href":"https:\/\/www.gastac.com\/es\/wp-json\/wp\/v2\/media\/23152"}],"wp:attachment":[{"href":"https:\/\/www.gastac.com\/es\/wp-json\/wp\/v2\/media?parent=23148"}],"wp:term":[{"taxonomy":"product_brand","embeddable":true,"href":"https:\/\/www.gastac.com\/es\/wp-json\/wp\/v2\/product_brand?post=23148"},{"taxonomy":"product_cat","embeddable":true,"href":"https:\/\/www.gastac.com\/es\/wp-json\/wp\/v2\/product_cat?post=23148"},{"taxonomy":"product_tag","embeddable":true,"href":"https:\/\/www.gastac.com\/es\/wp-json\/wp\/v2\/product_tag?post=23148"}],"curies":[{"name":"wp","href":"https:\/\/api.w.org\/{rel}","templated":true}]}}