{"id":23117,"date":"2025-11-18T05:40:49","date_gmt":"2025-11-18T05:40:49","guid":{"rendered":"https:\/\/www.gastac.com\/?post_type=product&#038;p=23117"},"modified":"2025-11-18T05:40:50","modified_gmt":"2025-11-18T05:40:50","slug":"muelle-de-gas","status":"publish","type":"product","link":"https:\/\/www.gastac.com\/es\/producto\/muelle-de-gas\/","title":{"rendered":"Muelle de Gas"},"content":{"rendered":"<p><strong>Muelle de gas<\/strong><\/p>\n<p>El muelle de gas\u00a0usa gas comprimido contenido dentro de un cilindro cerrado sellado por un pist\u00f3n deslizante para almacenar neum\u00e1ticamente energ\u00eda potencial y resistir la fuerza externa aplicada paralelamente a la direcci\u00f3n del eje del pist\u00f3n.<\/p>\n<p>Las aplicaciones de muelle gas\u00a0incluyen autom\u00f3viles y sillas de oficina. Tambi\u00e9n se utilizan en muebles, aplicaciones m\u00e9dicas y aeroespaciales.<\/p>\n<p>Gastac.com produce varios tipos de muelle a gas, usted puede resortes de gas a medida de acuerdo a sus necesidades<\/p>\n<p><strong>Aplicaci\u00f3n de resorte de gas<\/strong><br \/>\n<img decoding=\"async\" class=\"lazyload \" src=\"data:image\/svg+xml,%3Csvg%20xmlns%3D%27http%3A%2F%2Fwww.w3.org%2F2000%2Fsvg%27%20width%3D%27352%27%20height%3D%27347%27%20viewBox%3D%270%200%20352%20347%27%3E%3Crect%20width%3D%27352%27%20height%3D%27347%27%20fill-opacity%3D%220%22%2F%3E%3C%2Fsvg%3E\" data-orig-src=\"https:\/\/www.gastac.com\/wp-content\/uploads\/2023\/08\/muelle-de-gas-600x592.jpg\" alt=\"Muelle de gas \" width=\"352\" height=\"347\" \/><img decoding=\"async\" class=\"lazyload \" src=\"data:image\/svg+xml,%3Csvg%20xmlns%3D%27http%3A%2F%2Fwww.w3.org%2F2000%2Fsvg%27%20width%3D%27348%27%20height%3D%27348%27%20viewBox%3D%270%200%20348%20348%27%3E%3Crect%20width%3D%27348%27%20height%3D%27348%27%20fill-opacity%3D%220%22%2F%3E%3C%2Fsvg%3E\" data-orig-src=\"https:\/\/www.gastac.com\/wp-content\/uploads\/2023\/08\/resortes-de-gas-a-medida-600x600.jpg\" alt=\"Muelle de gas \" width=\"348\" height=\"348\" \/><\/p>\n","protected":false},"excerpt":{"rendered":"<p>Muelle de gas El muelle de gas\u00a0usa gas comprimido contenido dentro de un cilindro cerrado sellado por un pist\u00f3n deslizante  [&#8230;]<\/p>\n","protected":false},"featured_media":23123,"comment_status":"open","ping_status":"closed","template":"","meta":[],"product_brand":[],"product_cat":[114],"product_tag":[],"class_list":{"0":"post-23117","1":"product","2":"type-product","3":"status-publish","4":"has-post-thumbnail","6":"product_cat-sin-categoria","8":"first","9":"instock","10":"shipping-taxable","11":"product-type-simple"},"yoast_head":"<!-- This site is optimized with the Yoast SEO Premium plugin v26.2 (Yoast SEO v27.3) - https:\/\/yoast.com\/product\/yoast-seo-premium-wordpress\/ -->\n<title>Muelle de Gas | Gastac Gas Spring<\/title>\n<meta name=\"robots\" content=\"index, follow, max-snippet:-1, max-image-preview:large, max-video-preview:-1\" \/>\n<link rel=\"canonical\" href=\"https:\/\/www.gastac.com\/es\/producto\/muelle-de-gas\/\" \/>\n<meta property=\"og:locale\" content=\"es_ES\" \/>\n<meta property=\"og:type\" content=\"article\" \/>\n<meta property=\"og:title\" content=\"Muelle de Gas\" \/>\n<meta property=\"og:description\" content=\"Muelle de gas El muelle de gas\u00a0usa gas comprimido contenido dentro de un cilindro cerrado sellado por un pist\u00f3n deslizante [...]\" \/>\n<meta property=\"og:url\" content=\"https:\/\/www.gastac.com\/es\/producto\/muelle-de-gas\/\" \/>\n<meta property=\"og:site_name\" content=\"Gastac Gas Spring\" \/>\n<meta property=\"article:publisher\" content=\"https:\/\/www.facebook.com\/profile.php?id=100092358464608\" \/>\n<meta property=\"article:modified_time\" content=\"2025-11-18T05:40:50+00:00\" \/>\n<meta property=\"og:image\" content=\"https:\/\/www.gastac.com\/wp-content\/uploads\/2025\/11\/muelle-gas-600x600-1.webp\" \/>\n\t<meta property=\"og:image:width\" content=\"600\" \/>\n\t<meta property=\"og:image:height\" content=\"600\" \/>\n\t<meta property=\"og:image:type\" content=\"image\/webp\" \/>\n<meta name=\"twitter:card\" content=\"summary_large_image\" \/>\n<meta name=\"twitter:label1\" content=\"Tiempo de lectura\" \/>\n\t<meta name=\"twitter:data1\" content=\"1 minuto\" \/>\n<script type=\"application\/ld+json\" class=\"yoast-schema-graph\">{\"@context\":\"https:\\\/\\\/schema.org\",\"@graph\":[{\"@type\":\"WebPage\",\"@id\":\"https:\\\/\\\/www.gastac.com\\\/es\\\/producto\\\/muelle-de-gas\\\/\",\"url\":\"https:\\\/\\\/www.gastac.com\\\/es\\\/producto\\\/muelle-de-gas\\\/\",\"name\":\"Muelle de Gas | Gastac Gas Spring\",\"isPartOf\":{\"@id\":\"https:\\\/\\\/www.gastac.com\\\/es\\\/#website\"},\"primaryImageOfPage\":{\"@id\":\"https:\\\/\\\/www.gastac.com\\\/es\\\/producto\\\/muelle-de-gas\\\/#primaryimage\"},\"image\":{\"@id\":\"https:\\\/\\\/www.gastac.com\\\/es\\\/producto\\\/muelle-de-gas\\\/#primaryimage\"},\"thumbnailUrl\":\"https:\\\/\\\/www.gastac.com\\\/wp-content\\\/uploads\\\/2025\\\/11\\\/muelle-gas-600x600-1.webp\",\"datePublished\":\"2025-11-18T05:40:49+00:00\",\"dateModified\":\"2025-11-18T05:40:50+00:00\",\"breadcrumb\":{\"@id\":\"https:\\\/\\\/www.gastac.com\\\/es\\\/producto\\\/muelle-de-gas\\\/#breadcrumb\"},\"inLanguage\":\"es\",\"potentialAction\":[{\"@type\":\"ReadAction\",\"target\":[\"https:\\\/\\\/www.gastac.com\\\/es\\\/producto\\\/muelle-de-gas\\\/\"]}]},{\"@type\":\"ImageObject\",\"inLanguage\":\"es\",\"@id\":\"https:\\\/\\\/www.gastac.com\\\/es\\\/producto\\\/muelle-de-gas\\\/#primaryimage\",\"url\":\"https:\\\/\\\/www.gastac.com\\\/wp-content\\\/uploads\\\/2025\\\/11\\\/muelle-gas-600x600-1.webp\",\"contentUrl\":\"https:\\\/\\\/www.gastac.com\\\/wp-content\\\/uploads\\\/2025\\\/11\\\/muelle-gas-600x600-1.webp\",\"width\":600,\"height\":600,\"caption\":\"muelle gas 600x600\"},{\"@type\":\"BreadcrumbList\",\"@id\":\"https:\\\/\\\/www.gastac.com\\\/es\\\/producto\\\/muelle-de-gas\\\/#breadcrumb\",\"itemListElement\":[{\"@type\":\"ListItem\",\"position\":1,\"name\":\"Home\",\"item\":\"https:\\\/\\\/www.gastac.com\\\/es\\\/\"},{\"@type\":\"ListItem\",\"position\":2,\"name\":\"Productos\",\"item\":\"https:\\\/\\\/www.gastac.com\\\/es\\\/productos\\\/\"},{\"@type\":\"ListItem\",\"position\":3,\"name\":\"Sin categor\u00eda\",\"item\":\"https:\\\/\\\/www.gastac.com\\\/es\\\/product-category\\\/sin-categoria\\\/\"},{\"@type\":\"ListItem\",\"position\":4,\"name\":\"Muelle de Gas\"}]},{\"@type\":\"WebSite\",\"@id\":\"https:\\\/\\\/www.gastac.com\\\/es\\\/#website\",\"url\":\"https:\\\/\\\/www.gastac.com\\\/es\\\/\",\"name\":\"Gastac Gas Spring\",\"description\":\"China\u2019s Leading Gas Springs &amp; Struts Manufacturer\",\"publisher\":{\"@id\":\"https:\\\/\\\/www.gastac.com\\\/es\\\/#organization\"},\"potentialAction\":[{\"@type\":\"SearchAction\",\"target\":{\"@type\":\"EntryPoint\",\"urlTemplate\":\"https:\\\/\\\/www.gastac.com\\\/es\\\/?s={search_term_string}\"},\"query-input\":{\"@type\":\"PropertyValueSpecification\",\"valueRequired\":true,\"valueName\":\"search_term_string\"}}],\"inLanguage\":\"es\"},{\"@type\":\"Organization\",\"@id\":\"https:\\\/\\\/www.gastac.com\\\/es\\\/#organization\",\"name\":\"Ningbo Gastac Gas Spring Co.,Ltd\",\"url\":\"https:\\\/\\\/www.gastac.com\\\/es\\\/\",\"logo\":{\"@type\":\"ImageObject\",\"inLanguage\":\"es\",\"@id\":\"https:\\\/\\\/www.gastac.com\\\/es\\\/#\\\/schema\\\/logo\\\/image\\\/\",\"url\":\"https:\\\/\\\/www.gastac.com\\\/wp-content\\\/uploads\\\/2025\\\/09\\\/LOGO\u672c\u8272-\u9ed1.webp\",\"contentUrl\":\"https:\\\/\\\/www.gastac.com\\\/wp-content\\\/uploads\\\/2025\\\/09\\\/LOGO\u672c\u8272-\u9ed1.webp\",\"width\":1920,\"height\":1080,\"caption\":\"Ningbo Gastac Gas Spring Co.,Ltd\"},\"image\":{\"@id\":\"https:\\\/\\\/www.gastac.com\\\/es\\\/#\\\/schema\\\/logo\\\/image\\\/\"},\"sameAs\":[\"https:\\\/\\\/www.facebook.com\\\/profile.php?id=100092358464608\",\"https:\\\/\\\/www.youtube.com\\\/@Gastac-Gas-Spring\",\"https:\\\/\\\/www.linkedin.com\\\/in\\\/gastac-gas-spring\\\/\",\"https:\\\/\\\/www.instagram.com\\\/gastacgasspring\\\/\"]}]}<\/script>\n<!-- \/ Yoast SEO Premium plugin. -->","yoast_head_json":{"title":"Muelle de Gas | Gastac Gas Spring","robots":{"index":"index","follow":"follow","max-snippet":"max-snippet:-1","max-image-preview":"max-image-preview:large","max-video-preview":"max-video-preview:-1"},"canonical":"https:\/\/www.gastac.com\/es\/producto\/muelle-de-gas\/","og_locale":"es_ES","og_type":"article","og_title":"Muelle de Gas","og_description":"Muelle de gas El muelle de gas\u00a0usa gas comprimido contenido dentro de un cilindro cerrado sellado por un pist\u00f3n deslizante [...]","og_url":"https:\/\/www.gastac.com\/es\/producto\/muelle-de-gas\/","og_site_name":"Gastac Gas Spring","article_publisher":"https:\/\/www.facebook.com\/profile.php?id=100092358464608","article_modified_time":"2025-11-18T05:40:50+00:00","og_image":[{"width":600,"height":600,"url":"https:\/\/www.gastac.com\/wp-content\/uploads\/2025\/11\/muelle-gas-600x600-1.webp","type":"image\/webp"}],"twitter_card":"summary_large_image","twitter_misc":{"Tiempo de lectura":"1 minuto"},"schema":{"@context":"https:\/\/schema.org","@graph":[{"@type":"WebPage","@id":"https:\/\/www.gastac.com\/es\/producto\/muelle-de-gas\/","url":"https:\/\/www.gastac.com\/es\/producto\/muelle-de-gas\/","name":"Muelle de Gas | Gastac Gas Spring","isPartOf":{"@id":"https:\/\/www.gastac.com\/es\/#website"},"primaryImageOfPage":{"@id":"https:\/\/www.gastac.com\/es\/producto\/muelle-de-gas\/#primaryimage"},"image":{"@id":"https:\/\/www.gastac.com\/es\/producto\/muelle-de-gas\/#primaryimage"},"thumbnailUrl":"https:\/\/www.gastac.com\/wp-content\/uploads\/2025\/11\/muelle-gas-600x600-1.webp","datePublished":"2025-11-18T05:40:49+00:00","dateModified":"2025-11-18T05:40:50+00:00","breadcrumb":{"@id":"https:\/\/www.gastac.com\/es\/producto\/muelle-de-gas\/#breadcrumb"},"inLanguage":"es","potentialAction":[{"@type":"ReadAction","target":["https:\/\/www.gastac.com\/es\/producto\/muelle-de-gas\/"]}]},{"@type":"ImageObject","inLanguage":"es","@id":"https:\/\/www.gastac.com\/es\/producto\/muelle-de-gas\/#primaryimage","url":"https:\/\/www.gastac.com\/wp-content\/uploads\/2025\/11\/muelle-gas-600x600-1.webp","contentUrl":"https:\/\/www.gastac.com\/wp-content\/uploads\/2025\/11\/muelle-gas-600x600-1.webp","width":600,"height":600,"caption":"muelle gas 600x600"},{"@type":"BreadcrumbList","@id":"https:\/\/www.gastac.com\/es\/producto\/muelle-de-gas\/#breadcrumb","itemListElement":[{"@type":"ListItem","position":1,"name":"Home","item":"https:\/\/www.gastac.com\/es\/"},{"@type":"ListItem","position":2,"name":"Productos","item":"https:\/\/www.gastac.com\/es\/productos\/"},{"@type":"ListItem","position":3,"name":"Sin categor\u00eda","item":"https:\/\/www.gastac.com\/es\/product-category\/sin-categoria\/"},{"@type":"ListItem","position":4,"name":"Muelle de Gas"}]},{"@type":"WebSite","@id":"https:\/\/www.gastac.com\/es\/#website","url":"https:\/\/www.gastac.com\/es\/","name":"Gastac Gas Spring","description":"China\u2019s Leading Gas Springs &amp; Struts Manufacturer","publisher":{"@id":"https:\/\/www.gastac.com\/es\/#organization"},"potentialAction":[{"@type":"SearchAction","target":{"@type":"EntryPoint","urlTemplate":"https:\/\/www.gastac.com\/es\/?s={search_term_string}"},"query-input":{"@type":"PropertyValueSpecification","valueRequired":true,"valueName":"search_term_string"}}],"inLanguage":"es"},{"@type":"Organization","@id":"https:\/\/www.gastac.com\/es\/#organization","name":"Ningbo Gastac Gas Spring Co.,Ltd","url":"https:\/\/www.gastac.com\/es\/","logo":{"@type":"ImageObject","inLanguage":"es","@id":"https:\/\/www.gastac.com\/es\/#\/schema\/logo\/image\/","url":"https:\/\/www.gastac.com\/wp-content\/uploads\/2025\/09\/LOGO\u672c\u8272-\u9ed1.webp","contentUrl":"https:\/\/www.gastac.com\/wp-content\/uploads\/2025\/09\/LOGO\u672c\u8272-\u9ed1.webp","width":1920,"height":1080,"caption":"Ningbo Gastac Gas Spring Co.,Ltd"},"image":{"@id":"https:\/\/www.gastac.com\/es\/#\/schema\/logo\/image\/"},"sameAs":["https:\/\/www.facebook.com\/profile.php?id=100092358464608","https:\/\/www.youtube.com\/@Gastac-Gas-Spring","https:\/\/www.linkedin.com\/in\/gastac-gas-spring\/","https:\/\/www.instagram.com\/gastacgasspring\/"]}]}},"_links":{"self":[{"href":"https:\/\/www.gastac.com\/es\/wp-json\/wp\/v2\/product\/23117","targetHints":{"allow":["GET"]}}],"collection":[{"href":"https:\/\/www.gastac.com\/es\/wp-json\/wp\/v2\/product"}],"about":[{"href":"https:\/\/www.gastac.com\/es\/wp-json\/wp\/v2\/types\/product"}],"replies":[{"embeddable":true,"href":"https:\/\/www.gastac.com\/es\/wp-json\/wp\/v2\/comments?post=23117"}],"wp:featuredmedia":[{"embeddable":true,"href":"https:\/\/www.gastac.com\/es\/wp-json\/wp\/v2\/media\/23123"}],"wp:attachment":[{"href":"https:\/\/www.gastac.com\/es\/wp-json\/wp\/v2\/media?parent=23117"}],"wp:term":[{"taxonomy":"product_brand","embeddable":true,"href":"https:\/\/www.gastac.com\/es\/wp-json\/wp\/v2\/product_brand?post=23117"},{"taxonomy":"product_cat","embeddable":true,"href":"https:\/\/www.gastac.com\/es\/wp-json\/wp\/v2\/product_cat?post=23117"},{"taxonomy":"product_tag","embeddable":true,"href":"https:\/\/www.gastac.com\/es\/wp-json\/wp\/v2\/product_tag?post=23117"}],"curies":[{"name":"wp","href":"https:\/\/api.w.org\/{rel}","templated":true}]}}