{"id":16596,"date":"2025-11-10T08:59:08","date_gmt":"2025-11-10T08:59:08","guid":{"rendered":"https:\/\/www.gastac.com\/?post_type=product&#038;p=16596"},"modified":"2025-11-10T09:42:39","modified_gmt":"2025-11-10T09:42:39","slug":"soporte-de-elevacion","status":"publish","type":"product","link":"https:\/\/www.gastac.com\/es\/producto\/soporte-de-elevacion\/","title":{"rendered":"Soporte de elevaci\u00f3n"},"content":{"rendered":"<p><strong>Soporte de elevaci\u00f3n<\/strong><\/p>\n<p>CARACTER\u00cdSTICAS Y FUNCIONAMIENTO<br \/>\nEl soporte de elevaci\u00f3n es un elemento de regulaci\u00f3n hidroneum\u00e1tico que est\u00e1 compuesto de un tubo de presi\u00f3n, un v\u00e1stago de \u00e9mbolo con \u00e9mbolo y de la conexi\u00f3n correspondiente. Est\u00e1 relleno de nitr\u00f3geno que act\u00faa a presi\u00f3n constante sobre los \u00e9mbolos de diferentes dimensiones. Como consecuencia se produce una fuerza en el sentido del empuje de extensi\u00f3n que se puede fijar de forma exacta mediante la presi\u00f3n de la carga individual.<\/p>\n<p>VENTAJAS<br \/>\nUna de las ventajas de este resorte a gas en comparaci\u00f3n con los resortes mec\u00e1nicos es la velocidad predefinida y sus extraordinarias propiedades de amortiguado, que incluso hacen confortable el manejo de tapas y puertas pesadas. Un montaje f\u00e1cil, las dimensiones compactas, una curva caracter\u00edstica del muelle plana, una amplia oferta de fuerzas y las conexiones disponibles completan el conjunto de ventajas de este tipo de resorte a gas.<br \/>\nBENEFICIOS<br \/>\n*Amplia Selecci\u00f3n En Tama\u00f1os, Variantes De Fuerzas Y Conexiones<br \/>\n*Construcci\u00f3n Compacta, No Requiere Mucho Espacio<br \/>\n*Montaje Sencillo Y R\u00e1pido<br \/>\n*Curva Caracter\u00edstica Del Muelle Plana, Es Decir, Se Requiere Escaso Aumento De Fuerza, Incluso Con Fuerzas Y Elevaciones Grandes.<br \/>\n*Curva Caracter\u00edstica Del Muelle Lineal, Progresiva O Decreciente<br \/>\n*Bloqueo Sin Escalonamientos (Espec\u00edfico Del Producto)<br \/>\n*Bloqueo De La Posici\u00f3n Final (En Extensi\u00f3n O Comprimido)<br \/>\n*Se Pueden Integrar Funciones Adicionales Como P. Ej. Un Interruptor El\u00e9ctrico, La Funci\u00f3n De Parada, Etc.<br \/>\n*Medidas Compactas Con M\u00e1xima Fiabilidad Y Duraci\u00f3n.<br \/>\n*Se Adaptan Individualmente A Las Condiciones Especiales.<br \/>\n*Hecho En CHINA.<\/p>\n<p>Si necesita tienda resortes de gas, por favor cont\u00e1ctenos por correo. Te dise\u00f1amos el soporte de elevaci\u00f3n que necesitas y te damos los amortiguadores de gas precios que deseas.<\/p>\n<p><strong>Aplicaci\u00f3n de resorte de gas<\/strong><br \/>\n<img class=\"lazyload\" decoding=\"async\" src=\"data:image\/gif;base64,R0lGODlhAQABAAAAACH5BAEKAAEALAAAAAABAAEAAAICTAEAOw==\" data-orig-src=\"https:\/\/www.gastac.com\/wp-content\/uploads\/2023\/08\/resortes-de-gas-a-medida-400x400.jpg\" alt=\"Soporte de elevaci\u00f3n \" \/><img class=\"lazyload\" decoding=\"async\" src=\"data:image\/gif;base64,R0lGODlhAQABAAAAACH5BAEKAAEALAAAAAABAAEAAAICTAEAOw==\" data-orig-src=\"https:\/\/www.gastac.com\/wp-content\/uploads\/2023\/08\/resorte-a-gas-2-400x400.jpg\" alt=\"Soporte de elevaci\u00f3n \" \/><\/p>\n","protected":false},"excerpt":{"rendered":"<p>Soporte de elevaci\u00f3n CARACTER\u00cdSTICAS Y FUNCIONAMIENTO El soporte de elevaci\u00f3n es un elemento de regulaci\u00f3n hidroneum\u00e1tico que est\u00e1 compuesto de  [&#8230;]<\/p>\n","protected":false},"featured_media":16606,"comment_status":"open","ping_status":"closed","template":"","meta":[],"product_brand":[],"product_cat":[],"product_tag":[],"class_list":{"0":"post-16596","1":"product","2":"type-product","3":"status-publish","4":"has-post-thumbnail","7":"first","8":"instock","9":"shipping-taxable","10":"product-type-simple"},"yoast_head":"<!-- This site is optimized with the Yoast SEO Premium plugin v26.2 (Yoast SEO v27.4) - https:\/\/yoast.com\/product\/yoast-seo-premium-wordpress\/ -->\n<title>Soporte de elevaci\u00f3n | Gastac Gas Spring<\/title>\n<meta name=\"robots\" content=\"index, follow, max-snippet:-1, max-image-preview:large, max-video-preview:-1\" \/>\n<link rel=\"canonical\" href=\"https:\/\/www.gastac.com\/es\/producto\/soporte-de-elevacion\/\" \/>\n<meta property=\"og:locale\" content=\"es_ES\" \/>\n<meta property=\"og:type\" content=\"article\" \/>\n<meta property=\"og:title\" content=\"Soporte de elevaci\u00f3n\" \/>\n<meta property=\"og:description\" content=\"Soporte de elevaci\u00f3n CARACTER\u00cdSTICAS Y FUNCIONAMIENTO El soporte de elevaci\u00f3n es un elemento de regulaci\u00f3n hidroneum\u00e1tico que est\u00e1 compuesto de [...]\" \/>\n<meta property=\"og:url\" content=\"https:\/\/www.gastac.com\/es\/producto\/soporte-de-elevacion\/\" \/>\n<meta property=\"og:site_name\" content=\"Gastac Gas Spring\" \/>\n<meta property=\"article:publisher\" content=\"https:\/\/www.facebook.com\/profile.php?id=100092358464608\" \/>\n<meta property=\"article:modified_time\" content=\"2025-11-10T09:42:39+00:00\" \/>\n<meta property=\"og:image\" content=\"https:\/\/www.gastac.com\/wp-content\/uploads\/2025\/11\/soporte-de-elevacion.webp\" \/>\n\t<meta property=\"og:image:width\" content=\"370\" \/>\n\t<meta property=\"og:image:height\" content=\"386\" \/>\n\t<meta property=\"og:image:type\" content=\"image\/webp\" \/>\n<meta name=\"twitter:card\" content=\"summary_large_image\" \/>\n<meta name=\"twitter:label1\" content=\"Tiempo de lectura\" \/>\n\t<meta name=\"twitter:data1\" content=\"3 minutos\" \/>\n<script type=\"application\/ld+json\" class=\"yoast-schema-graph\">{\"@context\":\"https:\\\/\\\/schema.org\",\"@graph\":[{\"@type\":\"WebPage\",\"@id\":\"https:\\\/\\\/www.gastac.com\\\/es\\\/producto\\\/soporte-de-elevacion\\\/\",\"url\":\"https:\\\/\\\/www.gastac.com\\\/es\\\/producto\\\/soporte-de-elevacion\\\/\",\"name\":\"Soporte de elevaci\u00f3n | Gastac Gas Spring\",\"isPartOf\":{\"@id\":\"https:\\\/\\\/www.gastac.com\\\/es\\\/#website\"},\"primaryImageOfPage\":{\"@id\":\"https:\\\/\\\/www.gastac.com\\\/es\\\/producto\\\/soporte-de-elevacion\\\/#primaryimage\"},\"image\":{\"@id\":\"https:\\\/\\\/www.gastac.com\\\/es\\\/producto\\\/soporte-de-elevacion\\\/#primaryimage\"},\"thumbnailUrl\":\"https:\\\/\\\/www.gastac.com\\\/wp-content\\\/uploads\\\/2025\\\/11\\\/soporte-de-elevacion.webp\",\"datePublished\":\"2025-11-10T08:59:08+00:00\",\"dateModified\":\"2025-11-10T09:42:39+00:00\",\"breadcrumb\":{\"@id\":\"https:\\\/\\\/www.gastac.com\\\/es\\\/producto\\\/soporte-de-elevacion\\\/#breadcrumb\"},\"inLanguage\":\"es\",\"potentialAction\":[{\"@type\":\"ReadAction\",\"target\":[\"https:\\\/\\\/www.gastac.com\\\/es\\\/producto\\\/soporte-de-elevacion\\\/\"]}]},{\"@type\":\"ImageObject\",\"inLanguage\":\"es\",\"@id\":\"https:\\\/\\\/www.gastac.com\\\/es\\\/producto\\\/soporte-de-elevacion\\\/#primaryimage\",\"url\":\"https:\\\/\\\/www.gastac.com\\\/wp-content\\\/uploads\\\/2025\\\/11\\\/soporte-de-elevacion.webp\",\"contentUrl\":\"https:\\\/\\\/www.gastac.com\\\/wp-content\\\/uploads\\\/2025\\\/11\\\/soporte-de-elevacion.webp\",\"width\":370,\"height\":386,\"caption\":\"soporte de elevacion\"},{\"@type\":\"BreadcrumbList\",\"@id\":\"https:\\\/\\\/www.gastac.com\\\/es\\\/producto\\\/soporte-de-elevacion\\\/#breadcrumb\",\"itemListElement\":[{\"@type\":\"ListItem\",\"position\":1,\"name\":\"Home\",\"item\":\"https:\\\/\\\/www.gastac.com\\\/es\\\/\"},{\"@type\":\"ListItem\",\"position\":2,\"name\":\"Productos\",\"item\":\"https:\\\/\\\/www.gastac.com\\\/es\\\/productos\\\/\"},{\"@type\":\"ListItem\",\"position\":3,\"name\":\"Soporte de elevaci\u00f3n\"}]},{\"@type\":\"WebSite\",\"@id\":\"https:\\\/\\\/www.gastac.com\\\/es\\\/#website\",\"url\":\"https:\\\/\\\/www.gastac.com\\\/es\\\/\",\"name\":\"Gastac Gas Spring\",\"description\":\"China\u2019s Leading Gas Springs &amp; Struts Manufacturer\",\"publisher\":{\"@id\":\"https:\\\/\\\/www.gastac.com\\\/es\\\/#organization\"},\"potentialAction\":[{\"@type\":\"SearchAction\",\"target\":{\"@type\":\"EntryPoint\",\"urlTemplate\":\"https:\\\/\\\/www.gastac.com\\\/es\\\/?s={search_term_string}\"},\"query-input\":{\"@type\":\"PropertyValueSpecification\",\"valueRequired\":true,\"valueName\":\"search_term_string\"}}],\"inLanguage\":\"es\"},{\"@type\":\"Organization\",\"@id\":\"https:\\\/\\\/www.gastac.com\\\/es\\\/#organization\",\"name\":\"Ningbo Gastac Gas Spring Co.,Ltd\",\"url\":\"https:\\\/\\\/www.gastac.com\\\/es\\\/\",\"logo\":{\"@type\":\"ImageObject\",\"inLanguage\":\"es\",\"@id\":\"https:\\\/\\\/www.gastac.com\\\/es\\\/#\\\/schema\\\/logo\\\/image\\\/\",\"url\":\"https:\\\/\\\/www.gastac.com\\\/wp-content\\\/uploads\\\/2025\\\/09\\\/LOGO\u672c\u8272-\u9ed1.webp\",\"contentUrl\":\"https:\\\/\\\/www.gastac.com\\\/wp-content\\\/uploads\\\/2025\\\/09\\\/LOGO\u672c\u8272-\u9ed1.webp\",\"width\":1920,\"height\":1080,\"caption\":\"Ningbo Gastac Gas Spring Co.,Ltd\"},\"image\":{\"@id\":\"https:\\\/\\\/www.gastac.com\\\/es\\\/#\\\/schema\\\/logo\\\/image\\\/\"},\"sameAs\":[\"https:\\\/\\\/www.facebook.com\\\/profile.php?id=100092358464608\",\"https:\\\/\\\/www.youtube.com\\\/@Gastac-Gas-Spring\",\"https:\\\/\\\/www.linkedin.com\\\/in\\\/gastac-gas-spring\\\/\",\"https:\\\/\\\/www.instagram.com\\\/gastacgasspring\\\/\"]}]}<\/script>\n<!-- \/ Yoast SEO Premium plugin. -->","yoast_head_json":{"title":"Soporte de elevaci\u00f3n | Gastac Gas Spring","robots":{"index":"index","follow":"follow","max-snippet":"max-snippet:-1","max-image-preview":"max-image-preview:large","max-video-preview":"max-video-preview:-1"},"canonical":"https:\/\/www.gastac.com\/es\/producto\/soporte-de-elevacion\/","og_locale":"es_ES","og_type":"article","og_title":"Soporte de elevaci\u00f3n","og_description":"Soporte de elevaci\u00f3n CARACTER\u00cdSTICAS Y FUNCIONAMIENTO El soporte de elevaci\u00f3n es un elemento de regulaci\u00f3n hidroneum\u00e1tico que est\u00e1 compuesto de [...]","og_url":"https:\/\/www.gastac.com\/es\/producto\/soporte-de-elevacion\/","og_site_name":"Gastac Gas Spring","article_publisher":"https:\/\/www.facebook.com\/profile.php?id=100092358464608","article_modified_time":"2025-11-10T09:42:39+00:00","og_image":[{"width":370,"height":386,"url":"https:\/\/www.gastac.com\/wp-content\/uploads\/2025\/11\/soporte-de-elevacion.webp","type":"image\/webp"}],"twitter_card":"summary_large_image","twitter_misc":{"Tiempo de lectura":"3 minutos"},"schema":{"@context":"https:\/\/schema.org","@graph":[{"@type":"WebPage","@id":"https:\/\/www.gastac.com\/es\/producto\/soporte-de-elevacion\/","url":"https:\/\/www.gastac.com\/es\/producto\/soporte-de-elevacion\/","name":"Soporte de elevaci\u00f3n | Gastac Gas Spring","isPartOf":{"@id":"https:\/\/www.gastac.com\/es\/#website"},"primaryImageOfPage":{"@id":"https:\/\/www.gastac.com\/es\/producto\/soporte-de-elevacion\/#primaryimage"},"image":{"@id":"https:\/\/www.gastac.com\/es\/producto\/soporte-de-elevacion\/#primaryimage"},"thumbnailUrl":"https:\/\/www.gastac.com\/wp-content\/uploads\/2025\/11\/soporte-de-elevacion.webp","datePublished":"2025-11-10T08:59:08+00:00","dateModified":"2025-11-10T09:42:39+00:00","breadcrumb":{"@id":"https:\/\/www.gastac.com\/es\/producto\/soporte-de-elevacion\/#breadcrumb"},"inLanguage":"es","potentialAction":[{"@type":"ReadAction","target":["https:\/\/www.gastac.com\/es\/producto\/soporte-de-elevacion\/"]}]},{"@type":"ImageObject","inLanguage":"es","@id":"https:\/\/www.gastac.com\/es\/producto\/soporte-de-elevacion\/#primaryimage","url":"https:\/\/www.gastac.com\/wp-content\/uploads\/2025\/11\/soporte-de-elevacion.webp","contentUrl":"https:\/\/www.gastac.com\/wp-content\/uploads\/2025\/11\/soporte-de-elevacion.webp","width":370,"height":386,"caption":"soporte de elevacion"},{"@type":"BreadcrumbList","@id":"https:\/\/www.gastac.com\/es\/producto\/soporte-de-elevacion\/#breadcrumb","itemListElement":[{"@type":"ListItem","position":1,"name":"Home","item":"https:\/\/www.gastac.com\/es\/"},{"@type":"ListItem","position":2,"name":"Productos","item":"https:\/\/www.gastac.com\/es\/productos\/"},{"@type":"ListItem","position":3,"name":"Soporte de elevaci\u00f3n"}]},{"@type":"WebSite","@id":"https:\/\/www.gastac.com\/es\/#website","url":"https:\/\/www.gastac.com\/es\/","name":"Gastac Gas Spring","description":"China\u2019s Leading Gas Springs &amp; Struts Manufacturer","publisher":{"@id":"https:\/\/www.gastac.com\/es\/#organization"},"potentialAction":[{"@type":"SearchAction","target":{"@type":"EntryPoint","urlTemplate":"https:\/\/www.gastac.com\/es\/?s={search_term_string}"},"query-input":{"@type":"PropertyValueSpecification","valueRequired":true,"valueName":"search_term_string"}}],"inLanguage":"es"},{"@type":"Organization","@id":"https:\/\/www.gastac.com\/es\/#organization","name":"Ningbo Gastac Gas Spring Co.,Ltd","url":"https:\/\/www.gastac.com\/es\/","logo":{"@type":"ImageObject","inLanguage":"es","@id":"https:\/\/www.gastac.com\/es\/#\/schema\/logo\/image\/","url":"https:\/\/www.gastac.com\/wp-content\/uploads\/2025\/09\/LOGO\u672c\u8272-\u9ed1.webp","contentUrl":"https:\/\/www.gastac.com\/wp-content\/uploads\/2025\/09\/LOGO\u672c\u8272-\u9ed1.webp","width":1920,"height":1080,"caption":"Ningbo Gastac Gas Spring Co.,Ltd"},"image":{"@id":"https:\/\/www.gastac.com\/es\/#\/schema\/logo\/image\/"},"sameAs":["https:\/\/www.facebook.com\/profile.php?id=100092358464608","https:\/\/www.youtube.com\/@Gastac-Gas-Spring","https:\/\/www.linkedin.com\/in\/gastac-gas-spring\/","https:\/\/www.instagram.com\/gastacgasspring\/"]}]}},"_links":{"self":[{"href":"https:\/\/www.gastac.com\/es\/wp-json\/wp\/v2\/product\/16596","targetHints":{"allow":["GET"]}}],"collection":[{"href":"https:\/\/www.gastac.com\/es\/wp-json\/wp\/v2\/product"}],"about":[{"href":"https:\/\/www.gastac.com\/es\/wp-json\/wp\/v2\/types\/product"}],"replies":[{"embeddable":true,"href":"https:\/\/www.gastac.com\/es\/wp-json\/wp\/v2\/comments?post=16596"}],"wp:featuredmedia":[{"embeddable":true,"href":"https:\/\/www.gastac.com\/es\/wp-json\/wp\/v2\/media\/16606"}],"wp:attachment":[{"href":"https:\/\/www.gastac.com\/es\/wp-json\/wp\/v2\/media?parent=16596"}],"wp:term":[{"taxonomy":"product_brand","embeddable":true,"href":"https:\/\/www.gastac.com\/es\/wp-json\/wp\/v2\/product_brand?post=16596"},{"taxonomy":"product_cat","embeddable":true,"href":"https:\/\/www.gastac.com\/es\/wp-json\/wp\/v2\/product_cat?post=16596"},{"taxonomy":"product_tag","embeddable":true,"href":"https:\/\/www.gastac.com\/es\/wp-json\/wp\/v2\/product_tag?post=16596"}],"curies":[{"name":"wp","href":"https:\/\/api.w.org\/{rel}","templated":true}]}}