{"id":16573,"date":"2025-11-10T08:44:23","date_gmt":"2025-11-10T08:44:23","guid":{"rendered":"https:\/\/www.gastac.com\/?post_type=product&#038;p=16573"},"modified":"2025-11-10T11:20:18","modified_gmt":"2025-11-10T11:20:18","slug":"actuador-lineal-electrico-12v-2","status":"publish","type":"product","link":"https:\/\/www.gastac.com\/es\/producto\/actuador-lineal-electrico-12v-2\/","title":{"rendered":"Actuador lineal electrico 12v"},"content":{"rendered":"<p><strong>actuador lineal electrico 12v<\/strong><\/p>\n<p>Actuador lineal el\u00e9ctrico 12v\u00a0que funciona con una fuente de alimentaci\u00f3n de 12 voltios CC es un tipo com\u00fan de actuador utilizado en muchas aplicaciones como automoci\u00f3n, marina, rob\u00f3tica y dom\u00f3tica. Aqu\u00ed hay algunos factores clave a considerar al elegir un actuador lineal el\u00e9ctrico:<\/p>\n<p>CAPACIDAD DE CARGA: La capacidad de carga es el peso m\u00e1ximo que el actuador puede levantar o empujar. Debe seleccionar un actuador con una capacidad de carga que pueda soportar el peso de su aplicaci\u00f3n.<\/p>\n<p>LONGITUD DE CARRERA: La longitud de carrera es la distancia que el actuador puede extender y retraer. Debe seleccionar un actuador con una longitud de carrera que satisfaga las necesidades de su aplicaci\u00f3n.<\/p>\n<p>Velocidad: La velocidad del actuador lineal el\u00e9ctrico 12v afectar\u00e1 al rendimiento general de la aplicaci\u00f3n. Usted necesita elegir un actuador con la velocidad que cumpla con sus requisitos de precisi\u00f3n y eficiencia.<br \/>\n<img class=\"lazyload\" decoding=\"async\" src=\"data:image\/gif;base64,R0lGODlhAQABAAAAACH5BAEKAAEALAAAAAABAAEAAAICTAEAOw==\" data-orig-src=\"https:\/\/www.gastac.com\/wp-content\/uploads\/2023\/08\/actuador-lineal-1000-mm-679-280x280.png\" alt=\"Actuador lineal electrico 12v \" \/><img class=\"lazyload\" decoding=\"async\" src=\"data:image\/gif;base64,R0lGODlhAQABAAAAACH5BAEKAAEALAAAAAABAAEAAAICTAEAOw==\" data-orig-src=\"https:\/\/www.gastac.com\/wp-content\/uploads\/2023\/08\/actuador-lineal-1000-mm-6876-280x280.png\" alt=\"Actuador lineal electrico 12v\" \/><\/p>\n<p>Opciones de Control: El actuador lineal electrico 12v puede ser controlado a trav\u00e9s de una variedad de opciones tales como control remoto, panel de control cableado o control por software. Debe elegir una opci\u00f3n de control que sea f\u00e1cil de usar y pueda ajustarse con precisi\u00f3n.<\/p>\n<p>OPCIONES DE MONTAJE: Los actuadores lineales est\u00e1n disponibles en una variedad de opciones de montaje tales como montaje horizontal, vertical o inclinado. Usted tendr\u00e1 que seleccionar un actuador con una opci\u00f3n de montaje que se adapte a su aplicaci\u00f3n.<\/p>\n<p>Al montar el actuador lineal para puertas, siga siempre cuidadosamente las instrucciones del fabricante para asegurarse de que el actuador est\u00e1 correctamente fijado a la superficie de montaje. Tambi\u00e9n es una buena idea probar el funcionamiento del actuador antes de su uso regular para asegurarse de que funciona correctamente.<\/p>\n<p>Aplicaciones:<br \/>\nCamas el\u00e9ctricas de enfermer\u00eda, camas quir\u00fargicas, camas de tracci\u00f3n, sillones de masaje, sillones dentales, sillas de ruedas el\u00e9ctricas, sof\u00e1s el\u00e9ctricos, expositores el\u00e9ctricos, claraboyas el\u00e9ctricas, muebles ergon\u00f3micos, y otras ocasiones donde se requieren actuadores de movimiento lineal, la instalaci\u00f3n es muy conveniente, y es ampliamente utilizado en los campos de la atenci\u00f3n m\u00e9dica, la lucha contra incendios, el hogar, la maquinaria el\u00e9ctrica, la industria qu\u00edmica, art\u00edculos sanitarios, y el ocio.<br \/>\n<img class=\"lazyload\" decoding=\"async\" src=\"data:image\/gif;base64,R0lGODlhAQABAAAAACH5BAEKAAEALAAAAAABAAEAAAICTAEAOw==\" data-orig-src=\"https:\/\/www.gastac.com\/wp-content\/uploads\/2023\/08\/actuador-lineal-1000-mm-79989-300x300.jpg\" alt=\"Actuador lineal electrico 12v \" \/><img class=\"lazyload\" decoding=\"async\" src=\"data:image\/gif;base64,R0lGODlhAQABAAAAACH5BAEKAAEALAAAAAABAAEAAAICTAEAOw==\" data-orig-src=\"https:\/\/www.gastac.com\/wp-content\/uploads\/2023\/08\/actuador-lineal-electrico-12v-897-280x280.jpg\" alt=\"Actuador lineal electrico 12v\" \/><\/p>\n","protected":false},"excerpt":{"rendered":"<p>actuador lineal electrico 12v Actuador lineal el\u00e9ctrico 12v\u00a0que funciona con una fuente de alimentaci\u00f3n de 12 voltios CC es un  [&#8230;]<\/p>\n","protected":false},"featured_media":16579,"comment_status":"open","ping_status":"closed","template":"","meta":[],"product_brand":[],"product_cat":[],"product_tag":[],"class_list":{"0":"post-16573","1":"product","2":"type-product","3":"status-publish","4":"has-post-thumbnail","7":"first","8":"instock","9":"shipping-taxable","10":"product-type-simple"},"yoast_head":"<!-- This site is optimized with the Yoast SEO Premium plugin v26.2 (Yoast SEO v27.4) - https:\/\/yoast.com\/product\/yoast-seo-premium-wordpress\/ -->\n<title>Actuador lineal electrico 12v | Gastac Gas Spring<\/title>\n<meta name=\"robots\" content=\"index, follow, max-snippet:-1, max-image-preview:large, max-video-preview:-1\" \/>\n<link rel=\"canonical\" href=\"https:\/\/www.gastac.com\/es\/producto\/actuador-lineal-electrico-12v-2\/\" \/>\n<meta property=\"og:locale\" content=\"es_ES\" \/>\n<meta property=\"og:type\" content=\"article\" \/>\n<meta property=\"og:title\" content=\"Actuador lineal electrico 12v\" \/>\n<meta property=\"og:description\" content=\"actuador lineal electrico 12v Actuador lineal el\u00e9ctrico 12v\u00a0que funciona con una fuente de alimentaci\u00f3n de 12 voltios CC es un [...]\" \/>\n<meta property=\"og:url\" content=\"https:\/\/www.gastac.com\/es\/producto\/actuador-lineal-electrico-12v-2\/\" \/>\n<meta property=\"og:site_name\" content=\"Gastac Gas Spring\" \/>\n<meta property=\"article:publisher\" content=\"https:\/\/www.facebook.com\/profile.php?id=100092358464608\" \/>\n<meta property=\"article:modified_time\" content=\"2025-11-10T11:20:18+00:00\" \/>\n<meta property=\"og:image\" content=\"https:\/\/www.gastac.com\/wp-content\/uploads\/2025\/11\/actuador-lineal-6000n-243-1.webp\" \/>\n\t<meta property=\"og:image:width\" content=\"600\" \/>\n\t<meta property=\"og:image:height\" content=\"600\" \/>\n\t<meta property=\"og:image:type\" content=\"image\/webp\" \/>\n<meta name=\"twitter:card\" content=\"summary_large_image\" \/>\n<meta name=\"twitter:label1\" content=\"Tiempo de lectura\" \/>\n\t<meta name=\"twitter:data1\" content=\"3 minutos\" \/>\n<script type=\"application\/ld+json\" class=\"yoast-schema-graph\">{\"@context\":\"https:\\\/\\\/schema.org\",\"@graph\":[{\"@type\":\"WebPage\",\"@id\":\"https:\\\/\\\/www.gastac.com\\\/es\\\/producto\\\/actuador-lineal-electrico-12v-2\\\/\",\"url\":\"https:\\\/\\\/www.gastac.com\\\/es\\\/producto\\\/actuador-lineal-electrico-12v-2\\\/\",\"name\":\"Actuador lineal electrico 12v | Gastac Gas Spring\",\"isPartOf\":{\"@id\":\"https:\\\/\\\/www.gastac.com\\\/es\\\/#website\"},\"primaryImageOfPage\":{\"@id\":\"https:\\\/\\\/www.gastac.com\\\/es\\\/producto\\\/actuador-lineal-electrico-12v-2\\\/#primaryimage\"},\"image\":{\"@id\":\"https:\\\/\\\/www.gastac.com\\\/es\\\/producto\\\/actuador-lineal-electrico-12v-2\\\/#primaryimage\"},\"thumbnailUrl\":\"https:\\\/\\\/www.gastac.com\\\/wp-content\\\/uploads\\\/2025\\\/11\\\/actuador-lineal-6000n-243-1.webp\",\"datePublished\":\"2025-11-10T08:44:23+00:00\",\"dateModified\":\"2025-11-10T11:20:18+00:00\",\"breadcrumb\":{\"@id\":\"https:\\\/\\\/www.gastac.com\\\/es\\\/producto\\\/actuador-lineal-electrico-12v-2\\\/#breadcrumb\"},\"inLanguage\":\"es\",\"potentialAction\":[{\"@type\":\"ReadAction\",\"target\":[\"https:\\\/\\\/www.gastac.com\\\/es\\\/producto\\\/actuador-lineal-electrico-12v-2\\\/\"]}]},{\"@type\":\"ImageObject\",\"inLanguage\":\"es\",\"@id\":\"https:\\\/\\\/www.gastac.com\\\/es\\\/producto\\\/actuador-lineal-electrico-12v-2\\\/#primaryimage\",\"url\":\"https:\\\/\\\/www.gastac.com\\\/wp-content\\\/uploads\\\/2025\\\/11\\\/actuador-lineal-6000n-243-1.webp\",\"contentUrl\":\"https:\\\/\\\/www.gastac.com\\\/wp-content\\\/uploads\\\/2025\\\/11\\\/actuador-lineal-6000n-243-1.webp\",\"width\":600,\"height\":600,\"caption\":\"actuador lineal 6000n 243 1\"},{\"@type\":\"BreadcrumbList\",\"@id\":\"https:\\\/\\\/www.gastac.com\\\/es\\\/producto\\\/actuador-lineal-electrico-12v-2\\\/#breadcrumb\",\"itemListElement\":[{\"@type\":\"ListItem\",\"position\":1,\"name\":\"Home\",\"item\":\"https:\\\/\\\/www.gastac.com\\\/es\\\/\"},{\"@type\":\"ListItem\",\"position\":2,\"name\":\"Productos\",\"item\":\"https:\\\/\\\/www.gastac.com\\\/es\\\/productos\\\/\"},{\"@type\":\"ListItem\",\"position\":3,\"name\":\"Actuador lineal electrico 12v\"}]},{\"@type\":\"WebSite\",\"@id\":\"https:\\\/\\\/www.gastac.com\\\/es\\\/#website\",\"url\":\"https:\\\/\\\/www.gastac.com\\\/es\\\/\",\"name\":\"Gastac Gas Spring\",\"description\":\"China\u2019s Leading Gas Springs &amp; Struts Manufacturer\",\"publisher\":{\"@id\":\"https:\\\/\\\/www.gastac.com\\\/es\\\/#organization\"},\"potentialAction\":[{\"@type\":\"SearchAction\",\"target\":{\"@type\":\"EntryPoint\",\"urlTemplate\":\"https:\\\/\\\/www.gastac.com\\\/es\\\/?s={search_term_string}\"},\"query-input\":{\"@type\":\"PropertyValueSpecification\",\"valueRequired\":true,\"valueName\":\"search_term_string\"}}],\"inLanguage\":\"es\"},{\"@type\":\"Organization\",\"@id\":\"https:\\\/\\\/www.gastac.com\\\/es\\\/#organization\",\"name\":\"Ningbo Gastac Gas Spring Co.,Ltd\",\"url\":\"https:\\\/\\\/www.gastac.com\\\/es\\\/\",\"logo\":{\"@type\":\"ImageObject\",\"inLanguage\":\"es\",\"@id\":\"https:\\\/\\\/www.gastac.com\\\/es\\\/#\\\/schema\\\/logo\\\/image\\\/\",\"url\":\"https:\\\/\\\/www.gastac.com\\\/wp-content\\\/uploads\\\/2025\\\/09\\\/LOGO\u672c\u8272-\u9ed1.webp\",\"contentUrl\":\"https:\\\/\\\/www.gastac.com\\\/wp-content\\\/uploads\\\/2025\\\/09\\\/LOGO\u672c\u8272-\u9ed1.webp\",\"width\":1920,\"height\":1080,\"caption\":\"Ningbo Gastac Gas Spring Co.,Ltd\"},\"image\":{\"@id\":\"https:\\\/\\\/www.gastac.com\\\/es\\\/#\\\/schema\\\/logo\\\/image\\\/\"},\"sameAs\":[\"https:\\\/\\\/www.facebook.com\\\/profile.php?id=100092358464608\",\"https:\\\/\\\/www.youtube.com\\\/@Gastac-Gas-Spring\",\"https:\\\/\\\/www.linkedin.com\\\/in\\\/gastac-gas-spring\\\/\",\"https:\\\/\\\/www.instagram.com\\\/gastacgasspring\\\/\"]}]}<\/script>\n<!-- \/ Yoast SEO Premium plugin. -->","yoast_head_json":{"title":"Actuador lineal electrico 12v | Gastac Gas Spring","robots":{"index":"index","follow":"follow","max-snippet":"max-snippet:-1","max-image-preview":"max-image-preview:large","max-video-preview":"max-video-preview:-1"},"canonical":"https:\/\/www.gastac.com\/es\/producto\/actuador-lineal-electrico-12v-2\/","og_locale":"es_ES","og_type":"article","og_title":"Actuador lineal electrico 12v","og_description":"actuador lineal electrico 12v Actuador lineal el\u00e9ctrico 12v\u00a0que funciona con una fuente de alimentaci\u00f3n de 12 voltios CC es un [...]","og_url":"https:\/\/www.gastac.com\/es\/producto\/actuador-lineal-electrico-12v-2\/","og_site_name":"Gastac Gas Spring","article_publisher":"https:\/\/www.facebook.com\/profile.php?id=100092358464608","article_modified_time":"2025-11-10T11:20:18+00:00","og_image":[{"width":600,"height":600,"url":"https:\/\/www.gastac.com\/wp-content\/uploads\/2025\/11\/actuador-lineal-6000n-243-1.webp","type":"image\/webp"}],"twitter_card":"summary_large_image","twitter_misc":{"Tiempo de lectura":"3 minutos"},"schema":{"@context":"https:\/\/schema.org","@graph":[{"@type":"WebPage","@id":"https:\/\/www.gastac.com\/es\/producto\/actuador-lineal-electrico-12v-2\/","url":"https:\/\/www.gastac.com\/es\/producto\/actuador-lineal-electrico-12v-2\/","name":"Actuador lineal electrico 12v | Gastac Gas Spring","isPartOf":{"@id":"https:\/\/www.gastac.com\/es\/#website"},"primaryImageOfPage":{"@id":"https:\/\/www.gastac.com\/es\/producto\/actuador-lineal-electrico-12v-2\/#primaryimage"},"image":{"@id":"https:\/\/www.gastac.com\/es\/producto\/actuador-lineal-electrico-12v-2\/#primaryimage"},"thumbnailUrl":"https:\/\/www.gastac.com\/wp-content\/uploads\/2025\/11\/actuador-lineal-6000n-243-1.webp","datePublished":"2025-11-10T08:44:23+00:00","dateModified":"2025-11-10T11:20:18+00:00","breadcrumb":{"@id":"https:\/\/www.gastac.com\/es\/producto\/actuador-lineal-electrico-12v-2\/#breadcrumb"},"inLanguage":"es","potentialAction":[{"@type":"ReadAction","target":["https:\/\/www.gastac.com\/es\/producto\/actuador-lineal-electrico-12v-2\/"]}]},{"@type":"ImageObject","inLanguage":"es","@id":"https:\/\/www.gastac.com\/es\/producto\/actuador-lineal-electrico-12v-2\/#primaryimage","url":"https:\/\/www.gastac.com\/wp-content\/uploads\/2025\/11\/actuador-lineal-6000n-243-1.webp","contentUrl":"https:\/\/www.gastac.com\/wp-content\/uploads\/2025\/11\/actuador-lineal-6000n-243-1.webp","width":600,"height":600,"caption":"actuador lineal 6000n 243 1"},{"@type":"BreadcrumbList","@id":"https:\/\/www.gastac.com\/es\/producto\/actuador-lineal-electrico-12v-2\/#breadcrumb","itemListElement":[{"@type":"ListItem","position":1,"name":"Home","item":"https:\/\/www.gastac.com\/es\/"},{"@type":"ListItem","position":2,"name":"Productos","item":"https:\/\/www.gastac.com\/es\/productos\/"},{"@type":"ListItem","position":3,"name":"Actuador lineal electrico 12v"}]},{"@type":"WebSite","@id":"https:\/\/www.gastac.com\/es\/#website","url":"https:\/\/www.gastac.com\/es\/","name":"Gastac Gas Spring","description":"China\u2019s Leading Gas Springs &amp; Struts Manufacturer","publisher":{"@id":"https:\/\/www.gastac.com\/es\/#organization"},"potentialAction":[{"@type":"SearchAction","target":{"@type":"EntryPoint","urlTemplate":"https:\/\/www.gastac.com\/es\/?s={search_term_string}"},"query-input":{"@type":"PropertyValueSpecification","valueRequired":true,"valueName":"search_term_string"}}],"inLanguage":"es"},{"@type":"Organization","@id":"https:\/\/www.gastac.com\/es\/#organization","name":"Ningbo Gastac Gas Spring Co.,Ltd","url":"https:\/\/www.gastac.com\/es\/","logo":{"@type":"ImageObject","inLanguage":"es","@id":"https:\/\/www.gastac.com\/es\/#\/schema\/logo\/image\/","url":"https:\/\/www.gastac.com\/wp-content\/uploads\/2025\/09\/LOGO\u672c\u8272-\u9ed1.webp","contentUrl":"https:\/\/www.gastac.com\/wp-content\/uploads\/2025\/09\/LOGO\u672c\u8272-\u9ed1.webp","width":1920,"height":1080,"caption":"Ningbo Gastac Gas Spring Co.,Ltd"},"image":{"@id":"https:\/\/www.gastac.com\/es\/#\/schema\/logo\/image\/"},"sameAs":["https:\/\/www.facebook.com\/profile.php?id=100092358464608","https:\/\/www.youtube.com\/@Gastac-Gas-Spring","https:\/\/www.linkedin.com\/in\/gastac-gas-spring\/","https:\/\/www.instagram.com\/gastacgasspring\/"]}]}},"_links":{"self":[{"href":"https:\/\/www.gastac.com\/es\/wp-json\/wp\/v2\/product\/16573","targetHints":{"allow":["GET"]}}],"collection":[{"href":"https:\/\/www.gastac.com\/es\/wp-json\/wp\/v2\/product"}],"about":[{"href":"https:\/\/www.gastac.com\/es\/wp-json\/wp\/v2\/types\/product"}],"replies":[{"embeddable":true,"href":"https:\/\/www.gastac.com\/es\/wp-json\/wp\/v2\/comments?post=16573"}],"wp:featuredmedia":[{"embeddable":true,"href":"https:\/\/www.gastac.com\/es\/wp-json\/wp\/v2\/media\/16579"}],"wp:attachment":[{"href":"https:\/\/www.gastac.com\/es\/wp-json\/wp\/v2\/media?parent=16573"}],"wp:term":[{"taxonomy":"product_brand","embeddable":true,"href":"https:\/\/www.gastac.com\/es\/wp-json\/wp\/v2\/product_brand?post=16573"},{"taxonomy":"product_cat","embeddable":true,"href":"https:\/\/www.gastac.com\/es\/wp-json\/wp\/v2\/product_cat?post=16573"},{"taxonomy":"product_tag","embeddable":true,"href":"https:\/\/www.gastac.com\/es\/wp-json\/wp\/v2\/product_tag?post=16573"}],"curies":[{"name":"wp","href":"https:\/\/api.w.org\/{rel}","templated":true}]}}