{"id":16555,"date":"2025-11-10T08:34:30","date_gmt":"2025-11-10T08:34:30","guid":{"rendered":"https:\/\/www.gastac.com\/?post_type=product&#038;p=16555"},"modified":"2025-11-10T09:44:39","modified_gmt":"2025-11-10T09:44:39","slug":"resorte-a-gas-regulable","status":"publish","type":"product","link":"https:\/\/www.gastac.com\/es\/producto\/resorte-a-gas-regulable\/","title":{"rendered":"Resorte a gas regulable"},"content":{"rendered":"<p><strong>Resorte a gas regulable<\/strong><\/p>\n<p>Como su nombre indica, este tipo de amortiguadores de gas se pueden bloquear en la posici\u00f3n solicitada. El bloqueo del amortiguador de gas es posible gracias a una v\u00e1lvula integrada que separa la parte de aceite de la parte de gas.<br \/>\n<img decoding=\"async\" class=\"lazyload \" src=\"data:image\/svg+xml,%3Csvg%20xmlns%3D%27http%3A%2F%2Fwww.w3.org%2F2000%2Fsvg%27%20width%3D%27276%27%20height%3D%27276%27%20viewBox%3D%270%200%20276%20276%27%3E%3Crect%20width%3D%27276%27%20height%3D%27276%27%20fill-opacity%3D%220%22%2F%3E%3C%2Fsvg%3E\" data-orig-src=\"https:\/\/www.gastac.com\/wp-content\/uploads\/2023\/08\/resorte-de-gas-bloqueable-400x400.png\" alt=\"Resorte a gas regulable \" width=\"276\" height=\"276\" \/><img decoding=\"async\" class=\"lazyload \" src=\"data:image\/svg+xml,%3Csvg%20xmlns%3D%27http%3A%2F%2Fwww.w3.org%2F2000%2Fsvg%27%20width%3D%27274%27%20height%3D%27274%27%20viewBox%3D%270%200%20274%20274%27%3E%3Crect%20width%3D%27274%27%20height%3D%27274%27%20fill-opacity%3D%220%22%2F%3E%3C%2Fsvg%3E\" data-orig-src=\"https:\/\/www.gastac.com\/wp-content\/uploads\/2023\/08\/resorte-de-gas-bloqueable-2-400x400.png\" alt=\"Resorte a gas regulable \" width=\"274\" height=\"274\" \/><\/p>\n<p>El bloqueo del resorte a gas regulable\u00a0es posible separa la parte de aceite de la parte de gas gracias a una v\u00e1lvula integrada. La v\u00e1lvula est\u00e1 ubicada en la parte de aceite del puntal y puede bloquear el flujo de gas entre los dos lados del pist\u00f3n.<\/p>\n<p>Puede ajustar el puntal resorte de gas bloqueable, de modo que su puntal de gas se bloquee exactamente en la posici\u00f3n deseada. Los amortiguadores de gas de bloqueo se pueden bloquear por tensi\u00f3n o presi\u00f3n.<\/p>\n<p>Cuando la presi\u00f3n es m\u00e1s alta que la presi\u00f3n dentro del pist\u00f3n, los puntales de gas se mueven en este estado bloqueado. Pero cuando el puntal de gas no est\u00e1 bloqueado, funciona de manera tan confiable y suave como otros tipos de puntales. Gracias al pasador de control, establece el bloqueo de la v\u00e1lvula mediante el mecanismo de la v\u00e1lvula, que se extiende desde el pist\u00f3n a trav\u00e9s del v\u00e1stago del pist\u00f3n, y es muy simple.<\/p>\n<p>Gastac garantiza que nuestros productos son respetuosos con el medio ambiente y destacan por su alta calidad y fiabilidad.<\/p>\n<p><strong>Aplicaci\u00f3n de resorte de gas<\/strong><br \/>\n<img decoding=\"async\" class=\"lazyload \" src=\"data:image\/svg+xml,%3Csvg%20xmlns%3D%27http%3A%2F%2Fwww.w3.org%2F2000%2Fsvg%27%20width%3D%27242%27%20height%3D%27353%27%20viewBox%3D%270%200%20242%20353%27%3E%3Crect%20width%3D%27242%27%20height%3D%27353%27%20fill-opacity%3D%220%22%2F%3E%3C%2Fsvg%3E\" data-orig-src=\"https:\/\/gastac.com\/wp-content\/uploads\/2023\/08\/resorte-de-gas-bloqueable-2.jpg\" alt=\"Resorte a gas regulable \" width=\"242\" height=\"353\" \/><img decoding=\"async\" class=\"lazyload \" src=\"data:image\/svg+xml,%3Csvg%20xmlns%3D%27http%3A%2F%2Fwww.w3.org%2F2000%2Fsvg%27%20width%3D%27654%27%20height%3D%27354%27%20viewBox%3D%270%200%20654%20354%27%3E%3Crect%20width%3D%27654%27%20height%3D%27354%27%20fill-opacity%3D%220%22%2F%3E%3C%2Fsvg%3E\" data-orig-src=\"https:\/\/www.gastac.com\/wp-content\/uploads\/2023\/08\/resorte-a-gas-regulable-5.png\" alt=\"Resorte a gas regulable \" width=\"654\" height=\"354\" \/><\/p>\n","protected":false},"excerpt":{"rendered":"<p>Resorte a gas regulable Como su nombre indica, este tipo de amortiguadores de gas se pueden bloquear en la posici\u00f3n  [&#8230;]<\/p>\n","protected":false},"featured_media":16562,"comment_status":"open","ping_status":"closed","template":"","meta":[],"product_brand":[],"product_cat":[],"product_tag":[],"class_list":{"0":"post-16555","1":"product","2":"type-product","3":"status-publish","4":"has-post-thumbnail","7":"first","8":"instock","9":"shipping-taxable","10":"product-type-simple"},"yoast_head":"<!-- This site is optimized with the Yoast SEO Premium plugin v26.2 (Yoast SEO v27.4) - https:\/\/yoast.com\/product\/yoast-seo-premium-wordpress\/ -->\n<title>Resorte a gas regulable | Gastac Gas Spring<\/title>\n<meta name=\"robots\" content=\"index, follow, max-snippet:-1, max-image-preview:large, max-video-preview:-1\" \/>\n<link rel=\"canonical\" href=\"https:\/\/www.gastac.com\/es\/producto\/resorte-a-gas-regulable\/\" \/>\n<meta property=\"og:locale\" content=\"es_ES\" \/>\n<meta property=\"og:type\" content=\"article\" \/>\n<meta property=\"og:title\" content=\"Resorte a gas regulable\" \/>\n<meta property=\"og:description\" content=\"Resorte a gas regulable Como su nombre indica, este tipo de amortiguadores de gas se pueden bloquear en la posici\u00f3n [...]\" \/>\n<meta property=\"og:url\" content=\"https:\/\/www.gastac.com\/es\/producto\/resorte-a-gas-regulable\/\" \/>\n<meta property=\"og:site_name\" content=\"Gastac Gas Spring\" \/>\n<meta property=\"article:publisher\" content=\"https:\/\/www.facebook.com\/profile.php?id=100092358464608\" \/>\n<meta property=\"article:modified_time\" content=\"2025-11-10T09:44:39+00:00\" \/>\n<meta property=\"og:image\" content=\"https:\/\/www.gastac.com\/wp-content\/uploads\/2025\/11\/resorte-a-gas-regulable.webp\" \/>\n\t<meta property=\"og:image:width\" content=\"500\" \/>\n\t<meta property=\"og:image:height\" content=\"500\" \/>\n\t<meta property=\"og:image:type\" content=\"image\/webp\" \/>\n<meta name=\"twitter:card\" content=\"summary_large_image\" \/>\n<meta name=\"twitter:label1\" content=\"Tiempo de lectura\" \/>\n\t<meta name=\"twitter:data1\" content=\"3 minutos\" \/>\n<script type=\"application\/ld+json\" class=\"yoast-schema-graph\">{\"@context\":\"https:\\\/\\\/schema.org\",\"@graph\":[{\"@type\":\"WebPage\",\"@id\":\"https:\\\/\\\/www.gastac.com\\\/es\\\/producto\\\/resorte-a-gas-regulable\\\/\",\"url\":\"https:\\\/\\\/www.gastac.com\\\/es\\\/producto\\\/resorte-a-gas-regulable\\\/\",\"name\":\"Resorte a gas regulable | Gastac Gas Spring\",\"isPartOf\":{\"@id\":\"https:\\\/\\\/www.gastac.com\\\/es\\\/#website\"},\"primaryImageOfPage\":{\"@id\":\"https:\\\/\\\/www.gastac.com\\\/es\\\/producto\\\/resorte-a-gas-regulable\\\/#primaryimage\"},\"image\":{\"@id\":\"https:\\\/\\\/www.gastac.com\\\/es\\\/producto\\\/resorte-a-gas-regulable\\\/#primaryimage\"},\"thumbnailUrl\":\"https:\\\/\\\/www.gastac.com\\\/wp-content\\\/uploads\\\/2025\\\/11\\\/resorte-a-gas-regulable.webp\",\"datePublished\":\"2025-11-10T08:34:30+00:00\",\"dateModified\":\"2025-11-10T09:44:39+00:00\",\"breadcrumb\":{\"@id\":\"https:\\\/\\\/www.gastac.com\\\/es\\\/producto\\\/resorte-a-gas-regulable\\\/#breadcrumb\"},\"inLanguage\":\"es\",\"potentialAction\":[{\"@type\":\"ReadAction\",\"target\":[\"https:\\\/\\\/www.gastac.com\\\/es\\\/producto\\\/resorte-a-gas-regulable\\\/\"]}]},{\"@type\":\"ImageObject\",\"inLanguage\":\"es\",\"@id\":\"https:\\\/\\\/www.gastac.com\\\/es\\\/producto\\\/resorte-a-gas-regulable\\\/#primaryimage\",\"url\":\"https:\\\/\\\/www.gastac.com\\\/wp-content\\\/uploads\\\/2025\\\/11\\\/resorte-a-gas-regulable.webp\",\"contentUrl\":\"https:\\\/\\\/www.gastac.com\\\/wp-content\\\/uploads\\\/2025\\\/11\\\/resorte-a-gas-regulable.webp\",\"width\":500,\"height\":500,\"caption\":\"resorte a gas regulable\"},{\"@type\":\"BreadcrumbList\",\"@id\":\"https:\\\/\\\/www.gastac.com\\\/es\\\/producto\\\/resorte-a-gas-regulable\\\/#breadcrumb\",\"itemListElement\":[{\"@type\":\"ListItem\",\"position\":1,\"name\":\"Home\",\"item\":\"https:\\\/\\\/www.gastac.com\\\/es\\\/\"},{\"@type\":\"ListItem\",\"position\":2,\"name\":\"Productos\",\"item\":\"https:\\\/\\\/www.gastac.com\\\/es\\\/productos\\\/\"},{\"@type\":\"ListItem\",\"position\":3,\"name\":\"Resorte a gas regulable\"}]},{\"@type\":\"WebSite\",\"@id\":\"https:\\\/\\\/www.gastac.com\\\/es\\\/#website\",\"url\":\"https:\\\/\\\/www.gastac.com\\\/es\\\/\",\"name\":\"Gastac Gas Spring\",\"description\":\"China\u2019s Leading Gas Springs &amp; Struts Manufacturer\",\"publisher\":{\"@id\":\"https:\\\/\\\/www.gastac.com\\\/es\\\/#organization\"},\"potentialAction\":[{\"@type\":\"SearchAction\",\"target\":{\"@type\":\"EntryPoint\",\"urlTemplate\":\"https:\\\/\\\/www.gastac.com\\\/es\\\/?s={search_term_string}\"},\"query-input\":{\"@type\":\"PropertyValueSpecification\",\"valueRequired\":true,\"valueName\":\"search_term_string\"}}],\"inLanguage\":\"es\"},{\"@type\":\"Organization\",\"@id\":\"https:\\\/\\\/www.gastac.com\\\/es\\\/#organization\",\"name\":\"Ningbo Gastac Gas Spring Co.,Ltd\",\"url\":\"https:\\\/\\\/www.gastac.com\\\/es\\\/\",\"logo\":{\"@type\":\"ImageObject\",\"inLanguage\":\"es\",\"@id\":\"https:\\\/\\\/www.gastac.com\\\/es\\\/#\\\/schema\\\/logo\\\/image\\\/\",\"url\":\"https:\\\/\\\/www.gastac.com\\\/wp-content\\\/uploads\\\/2025\\\/09\\\/LOGO\u672c\u8272-\u9ed1.webp\",\"contentUrl\":\"https:\\\/\\\/www.gastac.com\\\/wp-content\\\/uploads\\\/2025\\\/09\\\/LOGO\u672c\u8272-\u9ed1.webp\",\"width\":1920,\"height\":1080,\"caption\":\"Ningbo Gastac Gas Spring Co.,Ltd\"},\"image\":{\"@id\":\"https:\\\/\\\/www.gastac.com\\\/es\\\/#\\\/schema\\\/logo\\\/image\\\/\"},\"sameAs\":[\"https:\\\/\\\/www.facebook.com\\\/profile.php?id=100092358464608\",\"https:\\\/\\\/www.youtube.com\\\/@Gastac-Gas-Spring\",\"https:\\\/\\\/www.linkedin.com\\\/in\\\/gastac-gas-spring\\\/\",\"https:\\\/\\\/www.instagram.com\\\/gastacgasspring\\\/\"]}]}<\/script>\n<!-- \/ Yoast SEO Premium plugin. -->","yoast_head_json":{"title":"Resorte a gas regulable | Gastac Gas Spring","robots":{"index":"index","follow":"follow","max-snippet":"max-snippet:-1","max-image-preview":"max-image-preview:large","max-video-preview":"max-video-preview:-1"},"canonical":"https:\/\/www.gastac.com\/es\/producto\/resorte-a-gas-regulable\/","og_locale":"es_ES","og_type":"article","og_title":"Resorte a gas regulable","og_description":"Resorte a gas regulable Como su nombre indica, este tipo de amortiguadores de gas se pueden bloquear en la posici\u00f3n [...]","og_url":"https:\/\/www.gastac.com\/es\/producto\/resorte-a-gas-regulable\/","og_site_name":"Gastac Gas Spring","article_publisher":"https:\/\/www.facebook.com\/profile.php?id=100092358464608","article_modified_time":"2025-11-10T09:44:39+00:00","og_image":[{"width":500,"height":500,"url":"https:\/\/www.gastac.com\/wp-content\/uploads\/2025\/11\/resorte-a-gas-regulable.webp","type":"image\/webp"}],"twitter_card":"summary_large_image","twitter_misc":{"Tiempo de lectura":"3 minutos"},"schema":{"@context":"https:\/\/schema.org","@graph":[{"@type":"WebPage","@id":"https:\/\/www.gastac.com\/es\/producto\/resorte-a-gas-regulable\/","url":"https:\/\/www.gastac.com\/es\/producto\/resorte-a-gas-regulable\/","name":"Resorte a gas regulable | Gastac Gas Spring","isPartOf":{"@id":"https:\/\/www.gastac.com\/es\/#website"},"primaryImageOfPage":{"@id":"https:\/\/www.gastac.com\/es\/producto\/resorte-a-gas-regulable\/#primaryimage"},"image":{"@id":"https:\/\/www.gastac.com\/es\/producto\/resorte-a-gas-regulable\/#primaryimage"},"thumbnailUrl":"https:\/\/www.gastac.com\/wp-content\/uploads\/2025\/11\/resorte-a-gas-regulable.webp","datePublished":"2025-11-10T08:34:30+00:00","dateModified":"2025-11-10T09:44:39+00:00","breadcrumb":{"@id":"https:\/\/www.gastac.com\/es\/producto\/resorte-a-gas-regulable\/#breadcrumb"},"inLanguage":"es","potentialAction":[{"@type":"ReadAction","target":["https:\/\/www.gastac.com\/es\/producto\/resorte-a-gas-regulable\/"]}]},{"@type":"ImageObject","inLanguage":"es","@id":"https:\/\/www.gastac.com\/es\/producto\/resorte-a-gas-regulable\/#primaryimage","url":"https:\/\/www.gastac.com\/wp-content\/uploads\/2025\/11\/resorte-a-gas-regulable.webp","contentUrl":"https:\/\/www.gastac.com\/wp-content\/uploads\/2025\/11\/resorte-a-gas-regulable.webp","width":500,"height":500,"caption":"resorte a gas regulable"},{"@type":"BreadcrumbList","@id":"https:\/\/www.gastac.com\/es\/producto\/resorte-a-gas-regulable\/#breadcrumb","itemListElement":[{"@type":"ListItem","position":1,"name":"Home","item":"https:\/\/www.gastac.com\/es\/"},{"@type":"ListItem","position":2,"name":"Productos","item":"https:\/\/www.gastac.com\/es\/productos\/"},{"@type":"ListItem","position":3,"name":"Resorte a gas regulable"}]},{"@type":"WebSite","@id":"https:\/\/www.gastac.com\/es\/#website","url":"https:\/\/www.gastac.com\/es\/","name":"Gastac Gas Spring","description":"China\u2019s Leading Gas Springs &amp; Struts Manufacturer","publisher":{"@id":"https:\/\/www.gastac.com\/es\/#organization"},"potentialAction":[{"@type":"SearchAction","target":{"@type":"EntryPoint","urlTemplate":"https:\/\/www.gastac.com\/es\/?s={search_term_string}"},"query-input":{"@type":"PropertyValueSpecification","valueRequired":true,"valueName":"search_term_string"}}],"inLanguage":"es"},{"@type":"Organization","@id":"https:\/\/www.gastac.com\/es\/#organization","name":"Ningbo Gastac Gas Spring Co.,Ltd","url":"https:\/\/www.gastac.com\/es\/","logo":{"@type":"ImageObject","inLanguage":"es","@id":"https:\/\/www.gastac.com\/es\/#\/schema\/logo\/image\/","url":"https:\/\/www.gastac.com\/wp-content\/uploads\/2025\/09\/LOGO\u672c\u8272-\u9ed1.webp","contentUrl":"https:\/\/www.gastac.com\/wp-content\/uploads\/2025\/09\/LOGO\u672c\u8272-\u9ed1.webp","width":1920,"height":1080,"caption":"Ningbo Gastac Gas Spring Co.,Ltd"},"image":{"@id":"https:\/\/www.gastac.com\/es\/#\/schema\/logo\/image\/"},"sameAs":["https:\/\/www.facebook.com\/profile.php?id=100092358464608","https:\/\/www.youtube.com\/@Gastac-Gas-Spring","https:\/\/www.linkedin.com\/in\/gastac-gas-spring\/","https:\/\/www.instagram.com\/gastacgasspring\/"]}]}},"_links":{"self":[{"href":"https:\/\/www.gastac.com\/es\/wp-json\/wp\/v2\/product\/16555","targetHints":{"allow":["GET"]}}],"collection":[{"href":"https:\/\/www.gastac.com\/es\/wp-json\/wp\/v2\/product"}],"about":[{"href":"https:\/\/www.gastac.com\/es\/wp-json\/wp\/v2\/types\/product"}],"replies":[{"embeddable":true,"href":"https:\/\/www.gastac.com\/es\/wp-json\/wp\/v2\/comments?post=16555"}],"wp:featuredmedia":[{"embeddable":true,"href":"https:\/\/www.gastac.com\/es\/wp-json\/wp\/v2\/media\/16562"}],"wp:attachment":[{"href":"https:\/\/www.gastac.com\/es\/wp-json\/wp\/v2\/media?parent=16555"}],"wp:term":[{"taxonomy":"product_brand","embeddable":true,"href":"https:\/\/www.gastac.com\/es\/wp-json\/wp\/v2\/product_brand?post=16555"},{"taxonomy":"product_cat","embeddable":true,"href":"https:\/\/www.gastac.com\/es\/wp-json\/wp\/v2\/product_cat?post=16555"},{"taxonomy":"product_tag","embeddable":true,"href":"https:\/\/www.gastac.com\/es\/wp-json\/wp\/v2\/product_tag?post=16555"}],"curies":[{"name":"wp","href":"https:\/\/api.w.org\/{rel}","templated":true}]}}