{"id":16361,"date":"2025-11-10T07:25:37","date_gmt":"2025-11-10T07:25:37","guid":{"rendered":"https:\/\/www.gastac.com\/?post_type=product&#038;p=16361"},"modified":"2025-11-10T09:47:12","modified_gmt":"2025-11-10T09:47:12","slug":"actuador-lineal-alta-velocidad","status":"publish","type":"product","link":"https:\/\/www.gastac.com\/es\/producto\/actuador-lineal-alta-velocidad\/","title":{"rendered":"Actuador lineal alta velocidad"},"content":{"rendered":"<p><strong>actuador lineal alta velocidad<\/strong><\/p>\n<p>Estos actuadores lineales de alta velocidad ofrecen mayores velocidades en una amplia gama de opciones de carrera. El coste de conseguir estas mayores velocidades es siempre una menor fuerza, por lo que si necesita m\u00e1s fuerza, pruebe a utilizar un actuador m\u00e1s lento como alternativa (como nuestro modelo Deluxe).<\/p>\n<p>El actuador lineal el\u00e9ctrico r\u00e1pido\u00a0es un actuador lineal el\u00e9ctrico de palanca dise\u00f1ado desde cero para ser extremadamente robusto y sencillo de utilizar. Tras una sencilla instalaci\u00f3n, puede ponerse en funcionamiento simplemente conect\u00e1ndolo a la red el\u00e9ctrica.<br \/>\n<img class=\"lazyload\" decoding=\"async\" src=\"data:image\/gif;base64,R0lGODlhAQABAAAAACH5BAEKAAEALAAAAAABAAEAAAICTAEAOw==\" data-orig-src=\"https:\/\/www.gastac.com\/wp-content\/uploads\/2023\/08\/actuador-lineal-alta-velocidad-546-300x300.png\" alt=\"Actuador lineal alta velocidad\" \/><img class=\"lazyload\" decoding=\"async\" src=\"data:image\/gif;base64,R0lGODlhAQABAAAAACH5BAEKAAEALAAAAAABAAEAAAICTAEAOw==\" data-orig-src=\"https:\/\/www.gastac.com\/wp-content\/uploads\/2023\/08\/actuador-lineal-alta-velocidad-53465-300x300.jpg\" alt=\"Actuador lineal alta velocidad\" \/><\/p>\n<p>El\u00a0actuador lineal 12v r\u00e1pido\u00a0es la unidad m\u00e1s r\u00e1pida de nuestra gama. El reducido di\u00e1metro exterior de la carcasa del eje y del actuador lo convierten en un dispositivo ideal para aplicaciones en las que el espacio es limitado. Industrias como la automoci\u00f3n, la rob\u00f3tica y la dom\u00f3tica pueden beneficiarse del dise\u00f1o del motor lineal.<\/p>\n","protected":false},"excerpt":{"rendered":"<p>actuador lineal alta velocidad Estos actuadores lineales de alta velocidad ofrecen mayores velocidades en una amplia gama de opciones de  [&#8230;]<\/p>\n","protected":false},"featured_media":16371,"comment_status":"open","ping_status":"closed","template":"","meta":[],"product_brand":[],"product_cat":[],"product_tag":[],"class_list":{"0":"post-16361","1":"product","2":"type-product","3":"status-publish","4":"has-post-thumbnail","7":"first","8":"instock","9":"shipping-taxable","10":"product-type-simple"},"yoast_head":"<!-- This site is optimized with the Yoast SEO Premium plugin v26.2 (Yoast SEO v27.3) - https:\/\/yoast.com\/product\/yoast-seo-premium-wordpress\/ -->\n<title>Actuador lineal alta velocidad | Gastac Gas Spring<\/title>\n<meta name=\"robots\" content=\"index, follow, max-snippet:-1, max-image-preview:large, max-video-preview:-1\" \/>\n<link rel=\"canonical\" href=\"https:\/\/www.gastac.com\/es\/producto\/actuador-lineal-alta-velocidad\/\" \/>\n<meta property=\"og:locale\" content=\"es_ES\" \/>\n<meta property=\"og:type\" content=\"article\" \/>\n<meta property=\"og:title\" content=\"Actuador lineal alta velocidad\" \/>\n<meta property=\"og:description\" content=\"actuador lineal alta velocidad Estos actuadores lineales de alta velocidad ofrecen mayores velocidades en una amplia gama de opciones de [...]\" \/>\n<meta property=\"og:url\" content=\"https:\/\/www.gastac.com\/es\/producto\/actuador-lineal-alta-velocidad\/\" \/>\n<meta property=\"og:site_name\" content=\"Gastac Gas Spring\" \/>\n<meta property=\"article:publisher\" content=\"https:\/\/www.facebook.com\/profile.php?id=100092358464608\" \/>\n<meta property=\"article:modified_time\" content=\"2025-11-10T09:47:12+00:00\" \/>\n<meta property=\"og:image\" content=\"https:\/\/www.gastac.com\/wp-content\/uploads\/2025\/11\/actuador-lineal-alta-velocidad-35.webp\" \/>\n\t<meta property=\"og:image:width\" content=\"600\" \/>\n\t<meta property=\"og:image:height\" content=\"600\" \/>\n\t<meta property=\"og:image:type\" content=\"image\/webp\" \/>\n<meta name=\"twitter:card\" content=\"summary_large_image\" \/>\n<meta name=\"twitter:label1\" content=\"Tiempo de lectura\" \/>\n\t<meta name=\"twitter:data1\" content=\"2 minutos\" \/>\n<script type=\"application\/ld+json\" class=\"yoast-schema-graph\">{\"@context\":\"https:\\\/\\\/schema.org\",\"@graph\":[{\"@type\":\"WebPage\",\"@id\":\"https:\\\/\\\/www.gastac.com\\\/es\\\/producto\\\/actuador-lineal-alta-velocidad\\\/\",\"url\":\"https:\\\/\\\/www.gastac.com\\\/es\\\/producto\\\/actuador-lineal-alta-velocidad\\\/\",\"name\":\"Actuador lineal alta velocidad | Gastac Gas Spring\",\"isPartOf\":{\"@id\":\"https:\\\/\\\/www.gastac.com\\\/es\\\/#website\"},\"primaryImageOfPage\":{\"@id\":\"https:\\\/\\\/www.gastac.com\\\/es\\\/producto\\\/actuador-lineal-alta-velocidad\\\/#primaryimage\"},\"image\":{\"@id\":\"https:\\\/\\\/www.gastac.com\\\/es\\\/producto\\\/actuador-lineal-alta-velocidad\\\/#primaryimage\"},\"thumbnailUrl\":\"https:\\\/\\\/www.gastac.com\\\/wp-content\\\/uploads\\\/2025\\\/11\\\/actuador-lineal-alta-velocidad-35.webp\",\"datePublished\":\"2025-11-10T07:25:37+00:00\",\"dateModified\":\"2025-11-10T09:47:12+00:00\",\"breadcrumb\":{\"@id\":\"https:\\\/\\\/www.gastac.com\\\/es\\\/producto\\\/actuador-lineal-alta-velocidad\\\/#breadcrumb\"},\"inLanguage\":\"es\",\"potentialAction\":[{\"@type\":\"ReadAction\",\"target\":[\"https:\\\/\\\/www.gastac.com\\\/es\\\/producto\\\/actuador-lineal-alta-velocidad\\\/\"]}]},{\"@type\":\"ImageObject\",\"inLanguage\":\"es\",\"@id\":\"https:\\\/\\\/www.gastac.com\\\/es\\\/producto\\\/actuador-lineal-alta-velocidad\\\/#primaryimage\",\"url\":\"https:\\\/\\\/www.gastac.com\\\/wp-content\\\/uploads\\\/2025\\\/11\\\/actuador-lineal-alta-velocidad-35.webp\",\"contentUrl\":\"https:\\\/\\\/www.gastac.com\\\/wp-content\\\/uploads\\\/2025\\\/11\\\/actuador-lineal-alta-velocidad-35.webp\",\"width\":600,\"height\":600,\"caption\":\"actuador lineal alta velocidad 35\"},{\"@type\":\"BreadcrumbList\",\"@id\":\"https:\\\/\\\/www.gastac.com\\\/es\\\/producto\\\/actuador-lineal-alta-velocidad\\\/#breadcrumb\",\"itemListElement\":[{\"@type\":\"ListItem\",\"position\":1,\"name\":\"Home\",\"item\":\"https:\\\/\\\/www.gastac.com\\\/es\\\/\"},{\"@type\":\"ListItem\",\"position\":2,\"name\":\"Productos\",\"item\":\"https:\\\/\\\/www.gastac.com\\\/es\\\/productos\\\/\"},{\"@type\":\"ListItem\",\"position\":3,\"name\":\"Actuador lineal alta velocidad\"}]},{\"@type\":\"WebSite\",\"@id\":\"https:\\\/\\\/www.gastac.com\\\/es\\\/#website\",\"url\":\"https:\\\/\\\/www.gastac.com\\\/es\\\/\",\"name\":\"Gastac Gas Spring\",\"description\":\"China\u2019s Leading Gas Springs &amp; Struts Manufacturer\",\"publisher\":{\"@id\":\"https:\\\/\\\/www.gastac.com\\\/es\\\/#organization\"},\"potentialAction\":[{\"@type\":\"SearchAction\",\"target\":{\"@type\":\"EntryPoint\",\"urlTemplate\":\"https:\\\/\\\/www.gastac.com\\\/es\\\/?s={search_term_string}\"},\"query-input\":{\"@type\":\"PropertyValueSpecification\",\"valueRequired\":true,\"valueName\":\"search_term_string\"}}],\"inLanguage\":\"es\"},{\"@type\":\"Organization\",\"@id\":\"https:\\\/\\\/www.gastac.com\\\/es\\\/#organization\",\"name\":\"Ningbo Gastac Gas Spring Co.,Ltd\",\"url\":\"https:\\\/\\\/www.gastac.com\\\/es\\\/\",\"logo\":{\"@type\":\"ImageObject\",\"inLanguage\":\"es\",\"@id\":\"https:\\\/\\\/www.gastac.com\\\/es\\\/#\\\/schema\\\/logo\\\/image\\\/\",\"url\":\"https:\\\/\\\/www.gastac.com\\\/wp-content\\\/uploads\\\/2025\\\/09\\\/LOGO\u672c\u8272-\u9ed1.webp\",\"contentUrl\":\"https:\\\/\\\/www.gastac.com\\\/wp-content\\\/uploads\\\/2025\\\/09\\\/LOGO\u672c\u8272-\u9ed1.webp\",\"width\":1920,\"height\":1080,\"caption\":\"Ningbo Gastac Gas Spring Co.,Ltd\"},\"image\":{\"@id\":\"https:\\\/\\\/www.gastac.com\\\/es\\\/#\\\/schema\\\/logo\\\/image\\\/\"},\"sameAs\":[\"https:\\\/\\\/www.facebook.com\\\/profile.php?id=100092358464608\",\"https:\\\/\\\/www.youtube.com\\\/@Gastac-Gas-Spring\",\"https:\\\/\\\/www.linkedin.com\\\/in\\\/gastac-gas-spring\\\/\",\"https:\\\/\\\/www.instagram.com\\\/gastacgasspring\\\/\"]}]}<\/script>\n<!-- \/ Yoast SEO Premium plugin. -->","yoast_head_json":{"title":"Actuador lineal alta velocidad | Gastac Gas Spring","robots":{"index":"index","follow":"follow","max-snippet":"max-snippet:-1","max-image-preview":"max-image-preview:large","max-video-preview":"max-video-preview:-1"},"canonical":"https:\/\/www.gastac.com\/es\/producto\/actuador-lineal-alta-velocidad\/","og_locale":"es_ES","og_type":"article","og_title":"Actuador lineal alta velocidad","og_description":"actuador lineal alta velocidad Estos actuadores lineales de alta velocidad ofrecen mayores velocidades en una amplia gama de opciones de [...]","og_url":"https:\/\/www.gastac.com\/es\/producto\/actuador-lineal-alta-velocidad\/","og_site_name":"Gastac Gas Spring","article_publisher":"https:\/\/www.facebook.com\/profile.php?id=100092358464608","article_modified_time":"2025-11-10T09:47:12+00:00","og_image":[{"width":600,"height":600,"url":"https:\/\/www.gastac.com\/wp-content\/uploads\/2025\/11\/actuador-lineal-alta-velocidad-35.webp","type":"image\/webp"}],"twitter_card":"summary_large_image","twitter_misc":{"Tiempo de lectura":"2 minutos"},"schema":{"@context":"https:\/\/schema.org","@graph":[{"@type":"WebPage","@id":"https:\/\/www.gastac.com\/es\/producto\/actuador-lineal-alta-velocidad\/","url":"https:\/\/www.gastac.com\/es\/producto\/actuador-lineal-alta-velocidad\/","name":"Actuador lineal alta velocidad | Gastac Gas Spring","isPartOf":{"@id":"https:\/\/www.gastac.com\/es\/#website"},"primaryImageOfPage":{"@id":"https:\/\/www.gastac.com\/es\/producto\/actuador-lineal-alta-velocidad\/#primaryimage"},"image":{"@id":"https:\/\/www.gastac.com\/es\/producto\/actuador-lineal-alta-velocidad\/#primaryimage"},"thumbnailUrl":"https:\/\/www.gastac.com\/wp-content\/uploads\/2025\/11\/actuador-lineal-alta-velocidad-35.webp","datePublished":"2025-11-10T07:25:37+00:00","dateModified":"2025-11-10T09:47:12+00:00","breadcrumb":{"@id":"https:\/\/www.gastac.com\/es\/producto\/actuador-lineal-alta-velocidad\/#breadcrumb"},"inLanguage":"es","potentialAction":[{"@type":"ReadAction","target":["https:\/\/www.gastac.com\/es\/producto\/actuador-lineal-alta-velocidad\/"]}]},{"@type":"ImageObject","inLanguage":"es","@id":"https:\/\/www.gastac.com\/es\/producto\/actuador-lineal-alta-velocidad\/#primaryimage","url":"https:\/\/www.gastac.com\/wp-content\/uploads\/2025\/11\/actuador-lineal-alta-velocidad-35.webp","contentUrl":"https:\/\/www.gastac.com\/wp-content\/uploads\/2025\/11\/actuador-lineal-alta-velocidad-35.webp","width":600,"height":600,"caption":"actuador lineal alta velocidad 35"},{"@type":"BreadcrumbList","@id":"https:\/\/www.gastac.com\/es\/producto\/actuador-lineal-alta-velocidad\/#breadcrumb","itemListElement":[{"@type":"ListItem","position":1,"name":"Home","item":"https:\/\/www.gastac.com\/es\/"},{"@type":"ListItem","position":2,"name":"Productos","item":"https:\/\/www.gastac.com\/es\/productos\/"},{"@type":"ListItem","position":3,"name":"Actuador lineal alta velocidad"}]},{"@type":"WebSite","@id":"https:\/\/www.gastac.com\/es\/#website","url":"https:\/\/www.gastac.com\/es\/","name":"Gastac Gas Spring","description":"China\u2019s Leading Gas Springs &amp; Struts Manufacturer","publisher":{"@id":"https:\/\/www.gastac.com\/es\/#organization"},"potentialAction":[{"@type":"SearchAction","target":{"@type":"EntryPoint","urlTemplate":"https:\/\/www.gastac.com\/es\/?s={search_term_string}"},"query-input":{"@type":"PropertyValueSpecification","valueRequired":true,"valueName":"search_term_string"}}],"inLanguage":"es"},{"@type":"Organization","@id":"https:\/\/www.gastac.com\/es\/#organization","name":"Ningbo Gastac Gas Spring Co.,Ltd","url":"https:\/\/www.gastac.com\/es\/","logo":{"@type":"ImageObject","inLanguage":"es","@id":"https:\/\/www.gastac.com\/es\/#\/schema\/logo\/image\/","url":"https:\/\/www.gastac.com\/wp-content\/uploads\/2025\/09\/LOGO\u672c\u8272-\u9ed1.webp","contentUrl":"https:\/\/www.gastac.com\/wp-content\/uploads\/2025\/09\/LOGO\u672c\u8272-\u9ed1.webp","width":1920,"height":1080,"caption":"Ningbo Gastac Gas Spring Co.,Ltd"},"image":{"@id":"https:\/\/www.gastac.com\/es\/#\/schema\/logo\/image\/"},"sameAs":["https:\/\/www.facebook.com\/profile.php?id=100092358464608","https:\/\/www.youtube.com\/@Gastac-Gas-Spring","https:\/\/www.linkedin.com\/in\/gastac-gas-spring\/","https:\/\/www.instagram.com\/gastacgasspring\/"]}]}},"_links":{"self":[{"href":"https:\/\/www.gastac.com\/es\/wp-json\/wp\/v2\/product\/16361","targetHints":{"allow":["GET"]}}],"collection":[{"href":"https:\/\/www.gastac.com\/es\/wp-json\/wp\/v2\/product"}],"about":[{"href":"https:\/\/www.gastac.com\/es\/wp-json\/wp\/v2\/types\/product"}],"replies":[{"embeddable":true,"href":"https:\/\/www.gastac.com\/es\/wp-json\/wp\/v2\/comments?post=16361"}],"wp:featuredmedia":[{"embeddable":true,"href":"https:\/\/www.gastac.com\/es\/wp-json\/wp\/v2\/media\/16371"}],"wp:attachment":[{"href":"https:\/\/www.gastac.com\/es\/wp-json\/wp\/v2\/media?parent=16361"}],"wp:term":[{"taxonomy":"product_brand","embeddable":true,"href":"https:\/\/www.gastac.com\/es\/wp-json\/wp\/v2\/product_brand?post=16361"},{"taxonomy":"product_cat","embeddable":true,"href":"https:\/\/www.gastac.com\/es\/wp-json\/wp\/v2\/product_cat?post=16361"},{"taxonomy":"product_tag","embeddable":true,"href":"https:\/\/www.gastac.com\/es\/wp-json\/wp\/v2\/product_tag?post=16361"}],"curies":[{"name":"wp","href":"https:\/\/api.w.org\/{rel}","templated":true}]}}