{"id":16327,"date":"2025-11-10T06:35:54","date_gmt":"2025-11-10T06:35:54","guid":{"rendered":"https:\/\/www.gastac.com\/?post_type=product&#038;p=16327"},"modified":"2025-11-10T09:47:17","modified_gmt":"2025-11-10T09:47:17","slug":"resorte-de-gas-con-bloqueo","status":"publish","type":"product","link":"https:\/\/www.gastac.com\/es\/producto\/resorte-de-gas-con-bloqueo\/","title":{"rendered":"Resorte de gas con bloqueo"},"content":{"rendered":"<h2>Resorte de gas con bloqueo<\/h2>\n<p>Imag\u00ednese abrir la cubierta de una m\u00e1quina pesada. Sin soportes de bloqueo, la tapa debe sujetarse o cerrarse r\u00e1pidamente, lo que puede provocar accidentes. Gracias al resorte de gas con mecanismo de bloqueo, la tapa permanece segura en la posici\u00f3n deseada. Tiene las manos libres y puede trabajar en la m\u00e1quina de forma c\u00f3moda y segura sin tener que preocuparse de que la m\u00e1quina se caiga accidentalmente.<br \/>\n<img decoding=\"async\" class=\"lazyload aligncenter\" src=\"data:image\/svg+xml,%3Csvg%20xmlns%3D%27http%3A%2F%2Fwww.w3.org%2F2000%2Fsvg%27%20width%3D%27639%27%20height%3D%27359%27%20viewBox%3D%270%200%20639%20359%27%3E%3Crect%20width%3D%27639%27%20height%3D%27359%27%20fill-opacity%3D%220%22%2F%3E%3C%2Fsvg%3E\" data-orig-src=\"https:\/\/gastac.com\/wp-content\/uploads\/2024\/05\/Replacement-for-Stabilus-Bloc-O-Lift.gif\" alt=\"Resorte de gas con bloqueo \" width=\"639\" height=\"359\" \/><\/p>\n<h2>\u00bfC\u00f3mo funciona un resorte de gas con bloqueo?<\/h2>\n<p>resorte de gas con bloqueo\u00a0es que su varilla se puede bloquear en cualquier punto de su recorrido y permanecer all\u00ed indefinidamente.Cuando fuerzas considerables influyen en las piezas m\u00f3viles de la construcci\u00f3n, es importante un bloqueo fiable. El v\u00e1stago del pist\u00f3n del resorte de gas de bloqueo se puede ajustar en cada posici\u00f3n requerida de la carrera completa accionando el pasador de liberaci\u00f3n. Dependiendo de las fuerzas que se presenten en su aplicaci\u00f3n, podemos adaptar su resorte de gas de bloqueo para diferentes l\u00edmites de carga de manera razonable.El resorte de gas con bloqueo\u00a0consta de un tubo de presi\u00f3n y un v\u00e1stago de pist\u00f3n con un pist\u00f3n, as\u00ed como una v\u00e1lvula que se acciona a trav\u00e9s del pasador de liberaci\u00f3n. Cuando se abre la v\u00e1lvula, la fuerza de extensi\u00f3n ayuda al usuario a ajustar su aplicaci\u00f3n porque el resorte de gas soporta una gran parte de la fuerza del peso.<\/p>\n<h3>Tipos de recurso de gas con bloqueo<\/h3>\n<p><img decoding=\"async\" class=\"lazyload aligncenter\" src=\"data:image\/svg+xml,%3Csvg%20xmlns%3D%27http%3A%2F%2Fwww.w3.org%2F2000%2Fsvg%27%20width%3D%27639%27%20height%3D%27359%27%20viewBox%3D%270%200%20639%20359%27%3E%3Crect%20width%3D%27639%27%20height%3D%27359%27%20fill-opacity%3D%220%22%2F%3E%3C%2Fsvg%3E\" data-orig-src=\"https:\/\/www.gastac.com\/wp-content\/uploads\/2024\/08\/Elastic-locking-gas-spring-2-768x256.jpg\" alt=\"Resorte de gas con bloqueo \" width=\"639\" height=\"359\" \/><img decoding=\"async\" class=\"lazyload aligncenter\" src=\"data:image\/svg+xml,%3Csvg%20xmlns%3D%27http%3A%2F%2Fwww.w3.org%2F2000%2Fsvg%27%20width%3D%27639%27%20height%3D%27359%27%20viewBox%3D%270%200%20639%20359%27%3E%3Crect%20width%3D%27639%27%20height%3D%27359%27%20fill-opacity%3D%220%22%2F%3E%3C%2Fsvg%3E\" data-orig-src=\"https:\/\/www.gastac.com\/wp-content\/uploads\/2023\/08\/Tipos-de-recurso-de-gas-con-bloqueo-1.jpg\" alt=\"Resorte de gas con bloqueo \" width=\"639\" height=\"359\" \/><\/p>\n<h3>Tramo duro recurso de gas con bloqueo<\/h3>\n<p><img decoding=\"async\" class=\"lazyload aligncenter\" src=\"data:image\/svg+xml,%3Csvg%20xmlns%3D%27http%3A%2F%2Fwww.w3.org%2F2000%2Fsvg%27%20width%3D%27639%27%20height%3D%27359%27%20viewBox%3D%270%200%20639%20359%27%3E%3Crect%20width%3D%27639%27%20height%3D%27359%27%20fill-opacity%3D%220%22%2F%3E%3C%2Fsvg%3E\" data-orig-src=\"https:\/\/www.gastac.com\/wp-content\/uploads\/2024\/08\/Rigid-Locking-gas-spring-in-Extended-Position-768x256.jpg\" alt=\"Resorte de gas con bloqueo \" width=\"639\" height=\"359\" \/><img decoding=\"async\" class=\"lazyload aligncenter\" src=\"data:image\/svg+xml,%3Csvg%20xmlns%3D%27http%3A%2F%2Fwww.w3.org%2F2000%2Fsvg%27%20width%3D%27639%27%20height%3D%27359%27%20viewBox%3D%270%200%20639%20359%27%3E%3Crect%20width%3D%27639%27%20height%3D%27359%27%20fill-opacity%3D%220%22%2F%3E%3C%2Fsvg%3E\" data-orig-src=\"https:\/\/www.gastac.com\/wp-content\/uploads\/2023\/08\/Tramo-duro-recurso-de-gas-con-bloqueo.jpg\" alt=\"Resorte de gas con bloqueo \" width=\"639\" height=\"359\" \/><\/p>\n<h3>Resorte de gas de compresi\u00f3n dura con bloqueo<\/h3>\n<p><img decoding=\"async\" class=\"lazyload aligncenter\" src=\"data:image\/svg+xml,%3Csvg%20xmlns%3D%27http%3A%2F%2Fwww.w3.org%2F2000%2Fsvg%27%20width%3D%27639%27%20height%3D%27359%27%20viewBox%3D%270%200%20639%20359%27%3E%3Crect%20width%3D%27639%27%20height%3D%27359%27%20fill-opacity%3D%220%22%2F%3E%3C%2Fsvg%3E\" data-orig-src=\"https:\/\/www.gastac-com-591077.hostingersite.com\/wp-content\/uploads\/2024\/08\/Rigid-Locking-in-Compressed-Position-768x255.jpg\" alt=\"Resorte de gas con bloqueo \" width=\"639\" height=\"359\" \/><img decoding=\"async\" class=\"lazyload aligncenter\" src=\"data:image\/svg+xml,%3Csvg%20xmlns%3D%27http%3A%2F%2Fwww.w3.org%2F2000%2Fsvg%27%20width%3D%27639%27%20height%3D%27359%27%20viewBox%3D%270%200%20639%20359%27%3E%3Crect%20width%3D%27639%27%20height%3D%27359%27%20fill-opacity%3D%220%22%2F%3E%3C%2Fsvg%3E\" data-orig-src=\"https:\/\/www.gastac-com-591077.hostingersite.com\/wp-content\/uploads\/2023\/08\/Resorte-de-gas-de-compresion-dura-con-bloqueo.jpg\" alt=\"Resorte de gas con bloqueo \" width=\"639\" height=\"359\" \/><\/p>\n<h2>\u00bfCu\u00e1les son las ventajas de GASTAC recurso de gas con bloqueo?<\/h2>\n<ul>\n<li>Dynamische Unterst\u00fctzung, D\u00e4mpfung, optimale Gewichtsverteilung beim Heben, Senken, Bewegen und Verstellen<\/li>\n<li>Verriegelungsfunktion in ausgefahrener Position ohne zus\u00e4tzliche Befestigungselemente<\/li>\n<li>Die Anwendung verhindert ein versehentliches Schlie\u00dfen<\/li>\n<li>Wartungsfrei<\/li>\n<li>Hochwertige Produkte gem\u00e4\u00df DIN EN ISO 9001 und Weltstandard ISO\/TS 16949<\/li>\n<\/ul>\n<h2>C\u00f3mo medir el gas del recurso con bloqueo ?<\/h2>\n<p><img decoding=\"async\" class=\"lazyload aligncenter\" src=\"data:image\/svg+xml,%3Csvg%20xmlns%3D%27http%3A%2F%2Fwww.w3.org%2F2000%2Fsvg%27%20width%3D%27639%27%20height%3D%27359%27%20viewBox%3D%270%200%20639%20359%27%3E%3Crect%20width%3D%27639%27%20height%3D%27359%27%20fill-opacity%3D%220%22%2F%3E%3C%2Fsvg%3E\" data-orig-src=\"https:\/\/www.gastac.com\/wp-content\/uploads\/2024\/08\/Measuring-LOCKING-GAS-SPRING.png\" alt=\"Resorte de gas con bloqueo \" width=\"639\" height=\"359\" \/><\/p>\n<h2>Compa\u00f1ero de resorte de gas con bloqueo \u2013 conector de resorte de gas<\/h2>\n<p>Un resorte de gas con tapa de extremo es un dispositivo mec\u00e1nico que utiliza gas comprimido sellado dentro de un cilindro para proporcionar fuerza. Cuenta con tapas de extremo (como r\u00f3tulas, horquillas u ojales) que permiten una f\u00e1cil fijaci\u00f3n a las piezas m\u00f3viles. Los resortes de gas proporcionan un movimiento controlado para soportar aplicaciones de elevaci\u00f3n, descenso o equilibrio en entornos automotrices, industriales y de muebles, asegurando un movimiento suave y que amortigua los impactos.Tenemos diferentes accesorios finales para diferentes funciones de resorte de gas de bloqueo, puede elegir el ajuste final que necesite.<br \/>\n<img decoding=\"async\" class=\"lazyload aligncenter\" src=\"data:image\/svg+xml,%3Csvg%20xmlns%3D%27http%3A%2F%2Fwww.w3.org%2F2000%2Fsvg%27%20width%3D%27639%27%20height%3D%27359%27%20viewBox%3D%270%200%20639%20359%27%3E%3Crect%20width%3D%27639%27%20height%3D%27359%27%20fill-opacity%3D%220%22%2F%3E%3C%2Fsvg%3E\" data-orig-src=\"https:\/\/www.gastac.com\/wp-content\/uploads\/2022\/09\/end-fitting-gas-spring-1.jpg\" alt=\"Resorte de gas con bloqueo \" width=\"639\" height=\"359\" \/><\/p>\n<h2>Aplicaci\u00f3n Resorte de gas con bloqueo<\/h2>\n<p><img decoding=\"async\" class=\"lazyload aligncenter\" src=\"data:image\/svg+xml,%3Csvg%20xmlns%3D%27http%3A%2F%2Fwww.w3.org%2F2000%2Fsvg%27%20width%3D%27639%27%20height%3D%27359%27%20viewBox%3D%270%200%20639%20359%27%3E%3Crect%20width%3D%27639%27%20height%3D%27359%27%20fill-opacity%3D%220%22%2F%3E%3C%2Fsvg%3E\" data-orig-src=\"https:\/\/www.gastac.com\/wp-content\/uploads\/2023\/06\/Gasdruckfeder-Mit-Arretierung-Anwendung-768x669.jpg\" alt=\"Resorte de gas con bloqueo \" width=\"639\" height=\"359\" \/><\/p>\n","protected":false},"excerpt":{"rendered":"<p>Resorte de gas con bloqueo Imag\u00ednese abrir la cubierta de una m\u00e1quina pesada. Sin soportes de bloqueo, la tapa debe  [&#8230;]<\/p>\n","protected":false},"featured_media":16338,"comment_status":"open","ping_status":"closed","template":"","meta":[],"product_brand":[],"product_cat":[],"product_tag":[],"class_list":{"0":"post-16327","1":"product","2":"type-product","3":"status-publish","4":"has-post-thumbnail","7":"first","8":"instock","9":"shipping-taxable","10":"product-type-simple"},"yoast_head":"<!-- This site is optimized with the Yoast SEO Premium plugin v26.2 (Yoast SEO v27.4) - https:\/\/yoast.com\/product\/yoast-seo-premium-wordpress\/ -->\n<title>Resorte de gas con bloqueo | Gastac Gas Spring<\/title>\n<meta name=\"robots\" content=\"index, follow, max-snippet:-1, max-image-preview:large, max-video-preview:-1\" \/>\n<link rel=\"canonical\" href=\"https:\/\/www.gastac.com\/es\/producto\/resorte-de-gas-con-bloqueo\/\" \/>\n<meta property=\"og:locale\" content=\"es_ES\" \/>\n<meta property=\"og:type\" content=\"article\" \/>\n<meta property=\"og:title\" content=\"Resorte de gas con bloqueo\" \/>\n<meta property=\"og:description\" content=\"Resorte de gas con bloqueo Imag\u00ednese abrir la cubierta de una m\u00e1quina pesada. Sin soportes de bloqueo, la tapa debe [...]\" \/>\n<meta property=\"og:url\" content=\"https:\/\/www.gastac.com\/es\/producto\/resorte-de-gas-con-bloqueo\/\" \/>\n<meta property=\"og:site_name\" content=\"Gastac Gas Spring\" \/>\n<meta property=\"article:publisher\" content=\"https:\/\/www.facebook.com\/profile.php?id=100092358464608\" \/>\n<meta property=\"article:modified_time\" content=\"2025-11-10T09:47:17+00:00\" \/>\n<meta property=\"og:image\" content=\"https:\/\/www.gastac.com\/wp-content\/uploads\/2025\/11\/resorte-de-gas-con-bloqueo.webp\" \/>\n\t<meta property=\"og:image:width\" content=\"500\" \/>\n\t<meta property=\"og:image:height\" content=\"500\" \/>\n\t<meta property=\"og:image:type\" content=\"image\/webp\" \/>\n<meta name=\"twitter:card\" content=\"summary_large_image\" \/>\n<meta name=\"twitter:label1\" content=\"Tiempo de lectura\" \/>\n\t<meta name=\"twitter:data1\" content=\"5 minutos\" \/>\n<script type=\"application\/ld+json\" class=\"yoast-schema-graph\">{\"@context\":\"https:\\\/\\\/schema.org\",\"@graph\":[{\"@type\":\"WebPage\",\"@id\":\"https:\\\/\\\/www.gastac.com\\\/es\\\/producto\\\/resorte-de-gas-con-bloqueo\\\/\",\"url\":\"https:\\\/\\\/www.gastac.com\\\/es\\\/producto\\\/resorte-de-gas-con-bloqueo\\\/\",\"name\":\"Resorte de gas con bloqueo | Gastac Gas Spring\",\"isPartOf\":{\"@id\":\"https:\\\/\\\/www.gastac.com\\\/es\\\/#website\"},\"primaryImageOfPage\":{\"@id\":\"https:\\\/\\\/www.gastac.com\\\/es\\\/producto\\\/resorte-de-gas-con-bloqueo\\\/#primaryimage\"},\"image\":{\"@id\":\"https:\\\/\\\/www.gastac.com\\\/es\\\/producto\\\/resorte-de-gas-con-bloqueo\\\/#primaryimage\"},\"thumbnailUrl\":\"https:\\\/\\\/www.gastac.com\\\/wp-content\\\/uploads\\\/2025\\\/11\\\/resorte-de-gas-con-bloqueo.webp\",\"datePublished\":\"2025-11-10T06:35:54+00:00\",\"dateModified\":\"2025-11-10T09:47:17+00:00\",\"breadcrumb\":{\"@id\":\"https:\\\/\\\/www.gastac.com\\\/es\\\/producto\\\/resorte-de-gas-con-bloqueo\\\/#breadcrumb\"},\"inLanguage\":\"es\",\"potentialAction\":[{\"@type\":\"ReadAction\",\"target\":[\"https:\\\/\\\/www.gastac.com\\\/es\\\/producto\\\/resorte-de-gas-con-bloqueo\\\/\"]}]},{\"@type\":\"ImageObject\",\"inLanguage\":\"es\",\"@id\":\"https:\\\/\\\/www.gastac.com\\\/es\\\/producto\\\/resorte-de-gas-con-bloqueo\\\/#primaryimage\",\"url\":\"https:\\\/\\\/www.gastac.com\\\/wp-content\\\/uploads\\\/2025\\\/11\\\/resorte-de-gas-con-bloqueo.webp\",\"contentUrl\":\"https:\\\/\\\/www.gastac.com\\\/wp-content\\\/uploads\\\/2025\\\/11\\\/resorte-de-gas-con-bloqueo.webp\",\"width\":500,\"height\":500,\"caption\":\"resorte de gas con bloqueo\"},{\"@type\":\"BreadcrumbList\",\"@id\":\"https:\\\/\\\/www.gastac.com\\\/es\\\/producto\\\/resorte-de-gas-con-bloqueo\\\/#breadcrumb\",\"itemListElement\":[{\"@type\":\"ListItem\",\"position\":1,\"name\":\"Home\",\"item\":\"https:\\\/\\\/www.gastac.com\\\/es\\\/\"},{\"@type\":\"ListItem\",\"position\":2,\"name\":\"Productos\",\"item\":\"https:\\\/\\\/www.gastac.com\\\/es\\\/productos\\\/\"},{\"@type\":\"ListItem\",\"position\":3,\"name\":\"Resorte de gas con bloqueo\"}]},{\"@type\":\"WebSite\",\"@id\":\"https:\\\/\\\/www.gastac.com\\\/es\\\/#website\",\"url\":\"https:\\\/\\\/www.gastac.com\\\/es\\\/\",\"name\":\"Gastac Gas Spring\",\"description\":\"China\u2019s Leading Gas Springs &amp; Struts Manufacturer\",\"publisher\":{\"@id\":\"https:\\\/\\\/www.gastac.com\\\/es\\\/#organization\"},\"potentialAction\":[{\"@type\":\"SearchAction\",\"target\":{\"@type\":\"EntryPoint\",\"urlTemplate\":\"https:\\\/\\\/www.gastac.com\\\/es\\\/?s={search_term_string}\"},\"query-input\":{\"@type\":\"PropertyValueSpecification\",\"valueRequired\":true,\"valueName\":\"search_term_string\"}}],\"inLanguage\":\"es\"},{\"@type\":\"Organization\",\"@id\":\"https:\\\/\\\/www.gastac.com\\\/es\\\/#organization\",\"name\":\"Ningbo Gastac Gas Spring Co.,Ltd\",\"url\":\"https:\\\/\\\/www.gastac.com\\\/es\\\/\",\"logo\":{\"@type\":\"ImageObject\",\"inLanguage\":\"es\",\"@id\":\"https:\\\/\\\/www.gastac.com\\\/es\\\/#\\\/schema\\\/logo\\\/image\\\/\",\"url\":\"https:\\\/\\\/www.gastac.com\\\/wp-content\\\/uploads\\\/2025\\\/09\\\/LOGO\u672c\u8272-\u9ed1.webp\",\"contentUrl\":\"https:\\\/\\\/www.gastac.com\\\/wp-content\\\/uploads\\\/2025\\\/09\\\/LOGO\u672c\u8272-\u9ed1.webp\",\"width\":1920,\"height\":1080,\"caption\":\"Ningbo Gastac Gas Spring Co.,Ltd\"},\"image\":{\"@id\":\"https:\\\/\\\/www.gastac.com\\\/es\\\/#\\\/schema\\\/logo\\\/image\\\/\"},\"sameAs\":[\"https:\\\/\\\/www.facebook.com\\\/profile.php?id=100092358464608\",\"https:\\\/\\\/www.youtube.com\\\/@Gastac-Gas-Spring\",\"https:\\\/\\\/www.linkedin.com\\\/in\\\/gastac-gas-spring\\\/\",\"https:\\\/\\\/www.instagram.com\\\/gastacgasspring\\\/\"]}]}<\/script>\n<!-- \/ Yoast SEO Premium plugin. -->","yoast_head_json":{"title":"Resorte de gas con bloqueo | Gastac Gas Spring","robots":{"index":"index","follow":"follow","max-snippet":"max-snippet:-1","max-image-preview":"max-image-preview:large","max-video-preview":"max-video-preview:-1"},"canonical":"https:\/\/www.gastac.com\/es\/producto\/resorte-de-gas-con-bloqueo\/","og_locale":"es_ES","og_type":"article","og_title":"Resorte de gas con bloqueo","og_description":"Resorte de gas con bloqueo Imag\u00ednese abrir la cubierta de una m\u00e1quina pesada. Sin soportes de bloqueo, la tapa debe [...]","og_url":"https:\/\/www.gastac.com\/es\/producto\/resorte-de-gas-con-bloqueo\/","og_site_name":"Gastac Gas Spring","article_publisher":"https:\/\/www.facebook.com\/profile.php?id=100092358464608","article_modified_time":"2025-11-10T09:47:17+00:00","og_image":[{"width":500,"height":500,"url":"https:\/\/www.gastac.com\/wp-content\/uploads\/2025\/11\/resorte-de-gas-con-bloqueo.webp","type":"image\/webp"}],"twitter_card":"summary_large_image","twitter_misc":{"Tiempo de lectura":"5 minutos"},"schema":{"@context":"https:\/\/schema.org","@graph":[{"@type":"WebPage","@id":"https:\/\/www.gastac.com\/es\/producto\/resorte-de-gas-con-bloqueo\/","url":"https:\/\/www.gastac.com\/es\/producto\/resorte-de-gas-con-bloqueo\/","name":"Resorte de gas con bloqueo | Gastac Gas Spring","isPartOf":{"@id":"https:\/\/www.gastac.com\/es\/#website"},"primaryImageOfPage":{"@id":"https:\/\/www.gastac.com\/es\/producto\/resorte-de-gas-con-bloqueo\/#primaryimage"},"image":{"@id":"https:\/\/www.gastac.com\/es\/producto\/resorte-de-gas-con-bloqueo\/#primaryimage"},"thumbnailUrl":"https:\/\/www.gastac.com\/wp-content\/uploads\/2025\/11\/resorte-de-gas-con-bloqueo.webp","datePublished":"2025-11-10T06:35:54+00:00","dateModified":"2025-11-10T09:47:17+00:00","breadcrumb":{"@id":"https:\/\/www.gastac.com\/es\/producto\/resorte-de-gas-con-bloqueo\/#breadcrumb"},"inLanguage":"es","potentialAction":[{"@type":"ReadAction","target":["https:\/\/www.gastac.com\/es\/producto\/resorte-de-gas-con-bloqueo\/"]}]},{"@type":"ImageObject","inLanguage":"es","@id":"https:\/\/www.gastac.com\/es\/producto\/resorte-de-gas-con-bloqueo\/#primaryimage","url":"https:\/\/www.gastac.com\/wp-content\/uploads\/2025\/11\/resorte-de-gas-con-bloqueo.webp","contentUrl":"https:\/\/www.gastac.com\/wp-content\/uploads\/2025\/11\/resorte-de-gas-con-bloqueo.webp","width":500,"height":500,"caption":"resorte de gas con bloqueo"},{"@type":"BreadcrumbList","@id":"https:\/\/www.gastac.com\/es\/producto\/resorte-de-gas-con-bloqueo\/#breadcrumb","itemListElement":[{"@type":"ListItem","position":1,"name":"Home","item":"https:\/\/www.gastac.com\/es\/"},{"@type":"ListItem","position":2,"name":"Productos","item":"https:\/\/www.gastac.com\/es\/productos\/"},{"@type":"ListItem","position":3,"name":"Resorte de gas con bloqueo"}]},{"@type":"WebSite","@id":"https:\/\/www.gastac.com\/es\/#website","url":"https:\/\/www.gastac.com\/es\/","name":"Gastac Gas Spring","description":"China\u2019s Leading Gas Springs &amp; Struts Manufacturer","publisher":{"@id":"https:\/\/www.gastac.com\/es\/#organization"},"potentialAction":[{"@type":"SearchAction","target":{"@type":"EntryPoint","urlTemplate":"https:\/\/www.gastac.com\/es\/?s={search_term_string}"},"query-input":{"@type":"PropertyValueSpecification","valueRequired":true,"valueName":"search_term_string"}}],"inLanguage":"es"},{"@type":"Organization","@id":"https:\/\/www.gastac.com\/es\/#organization","name":"Ningbo Gastac Gas Spring Co.,Ltd","url":"https:\/\/www.gastac.com\/es\/","logo":{"@type":"ImageObject","inLanguage":"es","@id":"https:\/\/www.gastac.com\/es\/#\/schema\/logo\/image\/","url":"https:\/\/www.gastac.com\/wp-content\/uploads\/2025\/09\/LOGO\u672c\u8272-\u9ed1.webp","contentUrl":"https:\/\/www.gastac.com\/wp-content\/uploads\/2025\/09\/LOGO\u672c\u8272-\u9ed1.webp","width":1920,"height":1080,"caption":"Ningbo Gastac Gas Spring Co.,Ltd"},"image":{"@id":"https:\/\/www.gastac.com\/es\/#\/schema\/logo\/image\/"},"sameAs":["https:\/\/www.facebook.com\/profile.php?id=100092358464608","https:\/\/www.youtube.com\/@Gastac-Gas-Spring","https:\/\/www.linkedin.com\/in\/gastac-gas-spring\/","https:\/\/www.instagram.com\/gastacgasspring\/"]}]}},"_links":{"self":[{"href":"https:\/\/www.gastac.com\/es\/wp-json\/wp\/v2\/product\/16327","targetHints":{"allow":["GET"]}}],"collection":[{"href":"https:\/\/www.gastac.com\/es\/wp-json\/wp\/v2\/product"}],"about":[{"href":"https:\/\/www.gastac.com\/es\/wp-json\/wp\/v2\/types\/product"}],"replies":[{"embeddable":true,"href":"https:\/\/www.gastac.com\/es\/wp-json\/wp\/v2\/comments?post=16327"}],"wp:featuredmedia":[{"embeddable":true,"href":"https:\/\/www.gastac.com\/es\/wp-json\/wp\/v2\/media\/16338"}],"wp:attachment":[{"href":"https:\/\/www.gastac.com\/es\/wp-json\/wp\/v2\/media?parent=16327"}],"wp:term":[{"taxonomy":"product_brand","embeddable":true,"href":"https:\/\/www.gastac.com\/es\/wp-json\/wp\/v2\/product_brand?post=16327"},{"taxonomy":"product_cat","embeddable":true,"href":"https:\/\/www.gastac.com\/es\/wp-json\/wp\/v2\/product_cat?post=16327"},{"taxonomy":"product_tag","embeddable":true,"href":"https:\/\/www.gastac.com\/es\/wp-json\/wp\/v2\/product_tag?post=16327"}],"curies":[{"name":"wp","href":"https:\/\/api.w.org\/{rel}","templated":true}]}}