{"id":22637,"date":"2025-11-17T07:27:51","date_gmt":"2025-11-17T07:27:51","guid":{"rendered":"https:\/\/www.gastac.com\/?post_type=product&#038;p=22637"},"modified":"2025-11-17T07:27:52","modified_gmt":"2025-11-17T07:27:52","slug":"liftomat-gasdruckfedern","status":"publish","type":"product","link":"https:\/\/www.gastac.com\/de\/produkt\/liftomat-gasdruckfedern\/","title":{"rendered":"Liftomat Gasdruckfedern"},"content":{"rendered":"<p><strong>Liftomat Gasdruckfedern<\/strong><\/p>\n<p>gasdruckfeder lift o mat<\/p>\n<p>Die Vorteile dieser liftomat gasdruckfedern gegen\u00fcber mechanischen Gasfedern sind die hervorragenden D\u00e4mpfungseigenschaften und das definierte Geschwindigkeitsprofil.<\/p>\n<p>Mit der gasdruckfeder kaufen lassen sich auch schwere K\u00fcchenklappen und K\u00fcchent\u00fcren leicht bedienen.<\/p>\n<p>Die gasdruckfeder lift o mat\u00a0ist ein hydropneumatisches Regelelement, bestehend aus einer Kolbenstange mit Kolben, einem Druckrohr und dem hier abgebildeten Anschluss.<\/p>\n<p>Diese\u00a0gasdruckfeder lift o mat ist mit Stickstoff gef\u00fcllt und wirkt mit einem konstanten Druck auf die unterschiedlich gro\u00dfen Kolbenfl\u00e4chen.<\/p>\n<p>Dadurch entsteht eine Kraft in Ausdehnungsrichtung. Sie kann durch den individuellen F\u00fclldruck in Newton genau definiert werden.<\/p>\n<p>Die\u00a0gasdruckfeder lift o mat\u00a0wird in zahlreichen Anwendungen in der Automobilindustrie und im Fahrzeugbau eingesetzt und macht das Arbeiten f\u00fcr den Benutzer einfacher, komfortabler und sicherer. In Reisemobilen und Freizeitfahrzeugen wird die\u00a0gasdruckfeder lift o mat vor allem f\u00fcr Rollkoffer, Hubbetten und Servicehauben verwendet.<\/p>\n<p>Mit der\u00a0lift o mat gasdruckfeder lassen sich K\u00fcchenschr\u00e4nke, M\u00f6bel mit Hebemechanismus, M\u00f6belklappen usw. perfekt \u00f6ffnen und schlie\u00dfen.<\/p>\n<p>Der leichte und leise Mechanismus hat eine starke Wirkung.<\/p>\n<p>Vorteile der\u00a0lift o mat gasdruckfeder<\/p>\n<ul>\n<li>breites Spektrum an Gr\u00f6\u00dfen, Kraftvarianten und Endbeschl\u00e4gen verf\u00fcgbar<\/li>\n<li>kompakte Bauweise mit geringem Platzbedarf<\/li>\n<li>schnelle und einfache Montage<\/li>\n<li>flache Federkennlinie; d.h. geringer Kraftanstieg auch bei hohen Kr\u00e4ften oder gro\u00dfen H\u00fcben<\/li>\n<li>lineare, inkrementale oder dekrementale Federkennlinien<\/li>\n<li>variable Verriegelungsmechanik (produktspezifisch)<\/li>\n<li>Endlagenverriegelung (Auszug und Einzug)<\/li>\n<li>Zusatzfunktionen k\u00f6nnen integriert werden, z.B. elektrischer Schalter, Stoppfunktion, etc.<\/li>\n<\/ul>\n<p><strong>Gasdruckfede Anwendung<\/strong><br \/>\n<img decoding=\"async\" class=\"lazyload \" src=\"data:image\/svg+xml,%3Csvg%20xmlns%3D%27http%3A%2F%2Fwww.w3.org%2F2000%2Fsvg%27%20width%3D%27333%27%20height%3D%27329%27%20viewBox%3D%270%200%20333%20329%27%3E%3Crect%20width%3D%27333%27%20height%3D%27329%27%20fill-opacity%3D%220%22%2F%3E%3C%2Fsvg%3E\" data-orig-src=\"https:\/\/www.gastac.com\/wp-content\/uploads\/2023\/06\/motorhaubendampfer-3-600x592.jpg\" alt=\"Liftomat Gasdruckfedern\" width=\"333\" height=\"329\" \/><img decoding=\"async\" class=\"lazyload \" src=\"data:image\/svg+xml,%3Csvg%20xmlns%3D%27http%3A%2F%2Fwww.w3.org%2F2000%2Fsvg%27%20width%3D%27334%27%20height%3D%27334%27%20viewBox%3D%270%200%20334%20334%27%3E%3Crect%20width%3D%27334%27%20height%3D%27334%27%20fill-opacity%3D%220%22%2F%3E%3C%2Fsvg%3E\" data-orig-src=\"https:\/\/www.gastac.com\/wp-content\/uploads\/2023\/06\/motorhaubendampfer-2-1-600x600.jpg\" alt=\"Liftomat Gasdruckfedern\" width=\"334\" height=\"334\" \/><\/p>\n","protected":false},"excerpt":{"rendered":"<p>Liftomat Gasdruckfedern gasdruckfeder lift o mat Die Vorteile dieser liftomat gasdruckfedern gegen\u00fcber mechanischen Gasfedern sind die hervorragenden D\u00e4mpfungseigenschaften und das  [&#8230;]<\/p>\n","protected":false},"featured_media":22638,"comment_status":"open","ping_status":"closed","template":"","meta":[],"product_brand":[],"product_cat":[109],"product_tag":[],"class_list":{"0":"post-22637","1":"product","2":"type-product","3":"status-publish","4":"has-post-thumbnail","6":"product_cat-nicht-kategorisiert","8":"first","9":"instock","10":"shipping-taxable","11":"product-type-simple"},"yoast_head":"<!-- This site is optimized with the Yoast SEO Premium plugin v26.2 (Yoast SEO v27.4) - https:\/\/yoast.com\/product\/yoast-seo-premium-wordpress\/ -->\n<title>Liftomat Gasdruckfedern | Gastac Gas Spring<\/title>\n<meta name=\"robots\" content=\"index, follow, max-snippet:-1, max-image-preview:large, max-video-preview:-1\" \/>\n<link rel=\"canonical\" href=\"https:\/\/www.gastac.com\/de\/produkt\/liftomat-gasdruckfedern\/\" \/>\n<meta property=\"og:locale\" content=\"de_DE\" \/>\n<meta property=\"og:type\" content=\"article\" \/>\n<meta property=\"og:title\" content=\"Liftomat Gasdruckfedern\" \/>\n<meta property=\"og:description\" content=\"Liftomat Gasdruckfedern gasdruckfeder lift o mat Die Vorteile dieser liftomat gasdruckfedern gegen\u00fcber mechanischen Gasfedern sind die hervorragenden D\u00e4mpfungseigenschaften und das [...]\" \/>\n<meta property=\"og:url\" content=\"https:\/\/www.gastac.com\/de\/produkt\/liftomat-gasdruckfedern\/\" \/>\n<meta property=\"og:site_name\" content=\"Gastac Gas Spring\" \/>\n<meta property=\"article:publisher\" content=\"https:\/\/www.facebook.com\/profile.php?id=100092358464608\" \/>\n<meta property=\"article:modified_time\" content=\"2025-11-17T07:27:52+00:00\" \/>\n<meta property=\"og:image\" content=\"https:\/\/www.gastac.com\/wp-content\/uploads\/2025\/11\/gasdruckfeder-kaufen-768x768-1.webp\" \/>\n\t<meta property=\"og:image:width\" content=\"768\" \/>\n\t<meta property=\"og:image:height\" content=\"768\" \/>\n\t<meta property=\"og:image:type\" content=\"image\/webp\" \/>\n<meta name=\"twitter:card\" content=\"summary_large_image\" \/>\n<meta name=\"twitter:label1\" content=\"Gesch\u00e4tzte Lesezeit\" \/>\n\t<meta name=\"twitter:data1\" content=\"1\u00a0Minute\" \/>\n<script type=\"application\/ld+json\" class=\"yoast-schema-graph\">{\"@context\":\"https:\\\/\\\/schema.org\",\"@graph\":[{\"@type\":\"WebPage\",\"@id\":\"https:\\\/\\\/www.gastac.com\\\/de\\\/produkt\\\/liftomat-gasdruckfedern\\\/\",\"url\":\"https:\\\/\\\/www.gastac.com\\\/de\\\/produkt\\\/liftomat-gasdruckfedern\\\/\",\"name\":\"Liftomat Gasdruckfedern | Gastac Gas Spring\",\"isPartOf\":{\"@id\":\"https:\\\/\\\/www.gastac.com\\\/de\\\/#website\"},\"primaryImageOfPage\":{\"@id\":\"https:\\\/\\\/www.gastac.com\\\/de\\\/produkt\\\/liftomat-gasdruckfedern\\\/#primaryimage\"},\"image\":{\"@id\":\"https:\\\/\\\/www.gastac.com\\\/de\\\/produkt\\\/liftomat-gasdruckfedern\\\/#primaryimage\"},\"thumbnailUrl\":\"https:\\\/\\\/www.gastac.com\\\/wp-content\\\/uploads\\\/2025\\\/11\\\/gasdruckfeder-kaufen-768x768-1.webp\",\"datePublished\":\"2025-11-17T07:27:51+00:00\",\"dateModified\":\"2025-11-17T07:27:52+00:00\",\"breadcrumb\":{\"@id\":\"https:\\\/\\\/www.gastac.com\\\/de\\\/produkt\\\/liftomat-gasdruckfedern\\\/#breadcrumb\"},\"inLanguage\":\"de\",\"potentialAction\":[{\"@type\":\"ReadAction\",\"target\":[\"https:\\\/\\\/www.gastac.com\\\/de\\\/produkt\\\/liftomat-gasdruckfedern\\\/\"]}]},{\"@type\":\"ImageObject\",\"inLanguage\":\"de\",\"@id\":\"https:\\\/\\\/www.gastac.com\\\/de\\\/produkt\\\/liftomat-gasdruckfedern\\\/#primaryimage\",\"url\":\"https:\\\/\\\/www.gastac.com\\\/wp-content\\\/uploads\\\/2025\\\/11\\\/gasdruckfeder-kaufen-768x768-1.webp\",\"contentUrl\":\"https:\\\/\\\/www.gastac.com\\\/wp-content\\\/uploads\\\/2025\\\/11\\\/gasdruckfeder-kaufen-768x768-1.webp\",\"width\":768,\"height\":768,\"caption\":\"gasdruckfeder kaufen 768x768\"},{\"@type\":\"BreadcrumbList\",\"@id\":\"https:\\\/\\\/www.gastac.com\\\/de\\\/produkt\\\/liftomat-gasdruckfedern\\\/#breadcrumb\",\"itemListElement\":[{\"@type\":\"ListItem\",\"position\":1,\"name\":\"Home\",\"item\":\"https:\\\/\\\/www.gastac.com\\\/de\\\/\"},{\"@type\":\"ListItem\",\"position\":2,\"name\":\"products\",\"item\":\"https:\\\/\\\/www.gastac.com\\\/de\\\/products\\\/\"},{\"@type\":\"ListItem\",\"position\":3,\"name\":\"Nicht kategorisiert\",\"item\":\"https:\\\/\\\/www.gastac.com\\\/de\\\/product-category\\\/nicht-kategorisiert\\\/\"},{\"@type\":\"ListItem\",\"position\":4,\"name\":\"Liftomat Gasdruckfedern\"}]},{\"@type\":\"WebSite\",\"@id\":\"https:\\\/\\\/www.gastac.com\\\/de\\\/#website\",\"url\":\"https:\\\/\\\/www.gastac.com\\\/de\\\/\",\"name\":\"Gastac Gas Spring\",\"description\":\"China\u2019s Leading Gas Springs &amp; Struts Manufacturer\",\"publisher\":{\"@id\":\"https:\\\/\\\/www.gastac.com\\\/de\\\/#organization\"},\"potentialAction\":[{\"@type\":\"SearchAction\",\"target\":{\"@type\":\"EntryPoint\",\"urlTemplate\":\"https:\\\/\\\/www.gastac.com\\\/de\\\/?s={search_term_string}\"},\"query-input\":{\"@type\":\"PropertyValueSpecification\",\"valueRequired\":true,\"valueName\":\"search_term_string\"}}],\"inLanguage\":\"de\"},{\"@type\":\"Organization\",\"@id\":\"https:\\\/\\\/www.gastac.com\\\/de\\\/#organization\",\"name\":\"Ningbo Gastac Gas Spring Co.,Ltd\",\"url\":\"https:\\\/\\\/www.gastac.com\\\/de\\\/\",\"logo\":{\"@type\":\"ImageObject\",\"inLanguage\":\"de\",\"@id\":\"https:\\\/\\\/www.gastac.com\\\/de\\\/#\\\/schema\\\/logo\\\/image\\\/\",\"url\":\"https:\\\/\\\/www.gastac.com\\\/wp-content\\\/uploads\\\/2025\\\/09\\\/LOGO\u672c\u8272-\u9ed1.webp\",\"contentUrl\":\"https:\\\/\\\/www.gastac.com\\\/wp-content\\\/uploads\\\/2025\\\/09\\\/LOGO\u672c\u8272-\u9ed1.webp\",\"width\":1920,\"height\":1080,\"caption\":\"Ningbo Gastac Gas Spring Co.,Ltd\"},\"image\":{\"@id\":\"https:\\\/\\\/www.gastac.com\\\/de\\\/#\\\/schema\\\/logo\\\/image\\\/\"},\"sameAs\":[\"https:\\\/\\\/www.facebook.com\\\/profile.php?id=100092358464608\",\"https:\\\/\\\/www.youtube.com\\\/@Gastac-Gas-Spring\",\"https:\\\/\\\/www.linkedin.com\\\/in\\\/gastac-gas-spring\\\/\",\"https:\\\/\\\/www.instagram.com\\\/gastacgasspring\\\/\"]}]}<\/script>\n<!-- \/ Yoast SEO Premium plugin. -->","yoast_head_json":{"title":"Liftomat Gasdruckfedern | Gastac Gas Spring","robots":{"index":"index","follow":"follow","max-snippet":"max-snippet:-1","max-image-preview":"max-image-preview:large","max-video-preview":"max-video-preview:-1"},"canonical":"https:\/\/www.gastac.com\/de\/produkt\/liftomat-gasdruckfedern\/","og_locale":"de_DE","og_type":"article","og_title":"Liftomat Gasdruckfedern","og_description":"Liftomat Gasdruckfedern gasdruckfeder lift o mat Die Vorteile dieser liftomat gasdruckfedern gegen\u00fcber mechanischen Gasfedern sind die hervorragenden D\u00e4mpfungseigenschaften und das [...]","og_url":"https:\/\/www.gastac.com\/de\/produkt\/liftomat-gasdruckfedern\/","og_site_name":"Gastac Gas Spring","article_publisher":"https:\/\/www.facebook.com\/profile.php?id=100092358464608","article_modified_time":"2025-11-17T07:27:52+00:00","og_image":[{"width":768,"height":768,"url":"https:\/\/www.gastac.com\/wp-content\/uploads\/2025\/11\/gasdruckfeder-kaufen-768x768-1.webp","type":"image\/webp"}],"twitter_card":"summary_large_image","twitter_misc":{"Gesch\u00e4tzte Lesezeit":"1\u00a0Minute"},"schema":{"@context":"https:\/\/schema.org","@graph":[{"@type":"WebPage","@id":"https:\/\/www.gastac.com\/de\/produkt\/liftomat-gasdruckfedern\/","url":"https:\/\/www.gastac.com\/de\/produkt\/liftomat-gasdruckfedern\/","name":"Liftomat Gasdruckfedern | Gastac Gas Spring","isPartOf":{"@id":"https:\/\/www.gastac.com\/de\/#website"},"primaryImageOfPage":{"@id":"https:\/\/www.gastac.com\/de\/produkt\/liftomat-gasdruckfedern\/#primaryimage"},"image":{"@id":"https:\/\/www.gastac.com\/de\/produkt\/liftomat-gasdruckfedern\/#primaryimage"},"thumbnailUrl":"https:\/\/www.gastac.com\/wp-content\/uploads\/2025\/11\/gasdruckfeder-kaufen-768x768-1.webp","datePublished":"2025-11-17T07:27:51+00:00","dateModified":"2025-11-17T07:27:52+00:00","breadcrumb":{"@id":"https:\/\/www.gastac.com\/de\/produkt\/liftomat-gasdruckfedern\/#breadcrumb"},"inLanguage":"de","potentialAction":[{"@type":"ReadAction","target":["https:\/\/www.gastac.com\/de\/produkt\/liftomat-gasdruckfedern\/"]}]},{"@type":"ImageObject","inLanguage":"de","@id":"https:\/\/www.gastac.com\/de\/produkt\/liftomat-gasdruckfedern\/#primaryimage","url":"https:\/\/www.gastac.com\/wp-content\/uploads\/2025\/11\/gasdruckfeder-kaufen-768x768-1.webp","contentUrl":"https:\/\/www.gastac.com\/wp-content\/uploads\/2025\/11\/gasdruckfeder-kaufen-768x768-1.webp","width":768,"height":768,"caption":"gasdruckfeder kaufen 768x768"},{"@type":"BreadcrumbList","@id":"https:\/\/www.gastac.com\/de\/produkt\/liftomat-gasdruckfedern\/#breadcrumb","itemListElement":[{"@type":"ListItem","position":1,"name":"Home","item":"https:\/\/www.gastac.com\/de\/"},{"@type":"ListItem","position":2,"name":"products","item":"https:\/\/www.gastac.com\/de\/products\/"},{"@type":"ListItem","position":3,"name":"Nicht kategorisiert","item":"https:\/\/www.gastac.com\/de\/product-category\/nicht-kategorisiert\/"},{"@type":"ListItem","position":4,"name":"Liftomat Gasdruckfedern"}]},{"@type":"WebSite","@id":"https:\/\/www.gastac.com\/de\/#website","url":"https:\/\/www.gastac.com\/de\/","name":"Gastac Gas Spring","description":"China\u2019s Leading Gas Springs &amp; Struts Manufacturer","publisher":{"@id":"https:\/\/www.gastac.com\/de\/#organization"},"potentialAction":[{"@type":"SearchAction","target":{"@type":"EntryPoint","urlTemplate":"https:\/\/www.gastac.com\/de\/?s={search_term_string}"},"query-input":{"@type":"PropertyValueSpecification","valueRequired":true,"valueName":"search_term_string"}}],"inLanguage":"de"},{"@type":"Organization","@id":"https:\/\/www.gastac.com\/de\/#organization","name":"Ningbo Gastac Gas Spring Co.,Ltd","url":"https:\/\/www.gastac.com\/de\/","logo":{"@type":"ImageObject","inLanguage":"de","@id":"https:\/\/www.gastac.com\/de\/#\/schema\/logo\/image\/","url":"https:\/\/www.gastac.com\/wp-content\/uploads\/2025\/09\/LOGO\u672c\u8272-\u9ed1.webp","contentUrl":"https:\/\/www.gastac.com\/wp-content\/uploads\/2025\/09\/LOGO\u672c\u8272-\u9ed1.webp","width":1920,"height":1080,"caption":"Ningbo Gastac Gas Spring Co.,Ltd"},"image":{"@id":"https:\/\/www.gastac.com\/de\/#\/schema\/logo\/image\/"},"sameAs":["https:\/\/www.facebook.com\/profile.php?id=100092358464608","https:\/\/www.youtube.com\/@Gastac-Gas-Spring","https:\/\/www.linkedin.com\/in\/gastac-gas-spring\/","https:\/\/www.instagram.com\/gastacgasspring\/"]}]}},"_links":{"self":[{"href":"https:\/\/www.gastac.com\/de\/wp-json\/wp\/v2\/product\/22637","targetHints":{"allow":["GET"]}}],"collection":[{"href":"https:\/\/www.gastac.com\/de\/wp-json\/wp\/v2\/product"}],"about":[{"href":"https:\/\/www.gastac.com\/de\/wp-json\/wp\/v2\/types\/product"}],"replies":[{"embeddable":true,"href":"https:\/\/www.gastac.com\/de\/wp-json\/wp\/v2\/comments?post=22637"}],"wp:featuredmedia":[{"embeddable":true,"href":"https:\/\/www.gastac.com\/de\/wp-json\/wp\/v2\/media\/22638"}],"wp:attachment":[{"href":"https:\/\/www.gastac.com\/de\/wp-json\/wp\/v2\/media?parent=22637"}],"wp:term":[{"taxonomy":"product_brand","embeddable":true,"href":"https:\/\/www.gastac.com\/de\/wp-json\/wp\/v2\/product_brand?post=22637"},{"taxonomy":"product_cat","embeddable":true,"href":"https:\/\/www.gastac.com\/de\/wp-json\/wp\/v2\/product_cat?post=22637"},{"taxonomy":"product_tag","embeddable":true,"href":"https:\/\/www.gastac.com\/de\/wp-json\/wp\/v2\/product_tag?post=22637"}],"curies":[{"name":"wp","href":"https:\/\/api.w.org\/{rel}","templated":true}]}}