{"id":20393,"date":"2025-11-13T10:47:52","date_gmt":"2025-11-13T10:47:52","guid":{"rendered":"https:\/\/www.gastac.com\/?post_type=product&#038;p=20393"},"modified":"2025-11-13T10:47:52","modified_gmt":"2025-11-13T10:47:52","slug":"daempfer-kofferraum","status":"publish","type":"product","link":"https:\/\/www.gastac.com\/de\/produkt\/daempfer-kofferraum\/","title":{"rendered":"D\u00e4mpfer Kofferraum"},"content":{"rendered":"<p><strong>D\u00e4mpfer Kofferraum<\/strong><\/p>\n<div>\n<p>D\u00e4mpfer kofferraum, auch Kofferraumd\u00e4mpfer genannt, ist so konzipiert, dass transportierte Gegenst\u00e4nde leicht zug\u00e4nglich sind. Der Kofferraumklappend\u00e4mpfer erm\u00f6glicht eine einfache Bewegung der Heckklappe in beide Richtungen und kann in der ge\u00f6ffneten Position gehalten werden, so dass Lasten bequem im Kofferraum verstaut oder dort gearbeitet werden kann. Diese D\u00e4mpfer im Kofferraum sind nach Verschlei\u00df auszutauschen.<\/p>\n<p>Was Sie \u00fcber den Austausch von Kofferraum-Gasdruckfedern wissen m\u00fcssen<\/p>\n<ol>\n<li>Durch eine einfachere Bedienung k\u00f6nnen defekte Teile eindeutig identifiziert werden. Ein pl\u00f6tzliches \u00d6ffnen des Kofferraums, ein Blockieren oder Schlie\u00dfen des Kofferraums kann auf verschlissene Teile hinweisen. Auf dem sto\u00dfd\u00e4mpfer auto kofferraum treten manchmal \u00d6lflecken auf.<\/li>\n<li>Die Installationsmethode des D\u00e4mpfer-Kofferraums h\u00e4ngt von seiner Struktur ab. Beispielsweise kann bei einer Feder mit zwei Dichtungen auf jeder Seite nur eine Dichtung eingebaut werden \u2013 nur nach Herstellerangaben.<\/li>\n<li>Solche Autoteile, Kofferraumklappend\u00e4mpfer, k\u00f6nnen leicht ausgetauscht werden. Je nach Art des Zubeh\u00f6rs ben\u00f6tigen Sie m\u00f6glicherweise einen Schraubenschl\u00fcssel, einen Inbusschl\u00fcssel, eine Spitzzange sowie Klammern, einen flachen Schraubendreher und eine Sicherheitsnadel. Geben Sie vorab auch etwas Silikonfett hinzu. Vor dem Einbau der Gasfeder muss diese grundiert werden. Bringen Sie dazu den d\u00e4mpfer kofferraum in die Arbeitsposition, dr\u00fccken Sie den Hebel bis zum Anschlag, halten Sie ihn einige Sekunden in dieser Position und lassen Sie ihn dann los. Wiederholen Sie diesen Vorgang 15\u201320 Mal.<\/li>\n<li>Diese D\u00e4mpfer m\u00fcssen paarweise ausgetauscht werden, denn wenn ein Teil ausf\u00e4llt, kann es sein, dass das andere bald nachfolgt. Stellen Sie vor der Bestellung von Kofferraum-Gasdruckfedern sicher, dass diese auch zu den Parametern Ihres Fahrzeugs und der Beladung passen, die sie tragen k\u00f6nnen.<\/li>\n<li>Die Lebensdauer der Teile wird durch die Einsatzbedingungen bestimmt. Wenn der Kofferraum l\u00e4ngere Zeit nicht benutzt wurde, \u00f6ffnen Sie ihn langsam und gleichm\u00e4\u00dfig, da sonst die Struktur des D\u00e4mpfer-Kofferraums besch\u00e4digt werden kann. Bei sehr kaltem Wetter ist es nicht empfehlenswert, den Kofferraum zu \u00f6ffnen, ohne dass der Motor warm ist.<\/li>\n<\/ol>\n<p>&nbsp;<\/p>\n<p>Ben\u00f6tigen Sie eine ganz andere Art von Gasfeder? Schreiben Sie uns und wenn m\u00f6glich senden Sie uns ein Foto des gedruckten Modellnamens per E-Mail.<\/p>\n<\/div>\n<div><strong>Gasdruckfede Anwendung<\/strong><\/div>\n<p><img decoding=\"async\" class=\"lazyload \" src=\"data:image\/svg+xml,%3Csvg%20xmlns%3D%27http%3A%2F%2Fwww.w3.org%2F2000%2Fsvg%27%20width%3D%27438%27%20height%3D%27329%27%20viewBox%3D%270%200%20438%20329%27%3E%3Crect%20width%3D%27438%27%20height%3D%27329%27%20fill-opacity%3D%220%22%2F%3E%3C%2Fsvg%3E\" data-orig-src=\"https:\/\/gastac.com\/wp-content\/uploads\/2023\/06\/dampfer-kofferraum-533x400.jpeg\" alt=\"D\u00e4mpfer Kofferraum \" width=\"438\" height=\"329\" \/><img class=\"lazyload\" decoding=\"async\" src=\"data:image\/gif;base64,R0lGODlhAQABAAAAACH5BAEKAAEALAAAAAABAAEAAAICTAEAOw==\" data-orig-src=\"https:\/\/gastac.com\/wp-content\/uploads\/2023\/06\/kofferraumklappe-dampfer.jpg\" alt=\"D\u00e4mpfer Kofferraum \" \/><\/p>\n","protected":false},"excerpt":{"rendered":"<p>D\u00e4mpfer Kofferraum D\u00e4mpfer kofferraum, auch Kofferraumd\u00e4mpfer genannt, ist so konzipiert, dass transportierte Gegenst\u00e4nde leicht zug\u00e4nglich sind. Der Kofferraumklappend\u00e4mpfer erm\u00f6glicht eine  [&#8230;]<\/p>\n","protected":false},"featured_media":20409,"comment_status":"open","ping_status":"closed","template":"","meta":[],"product_brand":[],"product_cat":[109],"product_tag":[],"class_list":{"0":"post-20393","1":"product","2":"type-product","3":"status-publish","4":"has-post-thumbnail","6":"product_cat-nicht-kategorisiert","8":"first","9":"instock","10":"shipping-taxable","11":"product-type-simple"},"yoast_head":"<!-- This site is optimized with the Yoast SEO Premium plugin v26.2 (Yoast SEO v27.4) - https:\/\/yoast.com\/product\/yoast-seo-premium-wordpress\/ -->\n<title>D\u00e4mpfer Kofferraum | Gastac Gas Spring<\/title>\n<meta name=\"robots\" content=\"index, follow, max-snippet:-1, max-image-preview:large, max-video-preview:-1\" \/>\n<link rel=\"canonical\" href=\"https:\/\/www.gastac.com\/de\/produkt\/daempfer-kofferraum\/\" \/>\n<meta property=\"og:locale\" content=\"de_DE\" \/>\n<meta property=\"og:type\" content=\"article\" \/>\n<meta property=\"og:title\" content=\"D\u00e4mpfer Kofferraum\" \/>\n<meta property=\"og:description\" content=\"D\u00e4mpfer Kofferraum D\u00e4mpfer kofferraum, auch Kofferraumd\u00e4mpfer genannt, ist so konzipiert, dass transportierte Gegenst\u00e4nde leicht zug\u00e4nglich sind. Der Kofferraumklappend\u00e4mpfer erm\u00f6glicht eine [...]\" \/>\n<meta property=\"og:url\" content=\"https:\/\/www.gastac.com\/de\/produkt\/daempfer-kofferraum\/\" \/>\n<meta property=\"og:site_name\" content=\"Gastac Gas Spring\" \/>\n<meta property=\"article:publisher\" content=\"https:\/\/www.facebook.com\/profile.php?id=100092358464608\" \/>\n<meta property=\"og:image\" content=\"https:\/\/www.gastac.com\/wp-content\/uploads\/2025\/11\/gasdruckfeder-dachbox-1-600x623-2.webp\" \/>\n\t<meta property=\"og:image:width\" content=\"600\" \/>\n\t<meta property=\"og:image:height\" content=\"623\" \/>\n\t<meta property=\"og:image:type\" content=\"image\/webp\" \/>\n<meta name=\"twitter:card\" content=\"summary_large_image\" \/>\n<meta name=\"twitter:label1\" content=\"Gesch\u00e4tzte Lesezeit\" \/>\n\t<meta name=\"twitter:data1\" content=\"1\u00a0Minute\" \/>\n<script type=\"application\/ld+json\" class=\"yoast-schema-graph\">{\"@context\":\"https:\\\/\\\/schema.org\",\"@graph\":[{\"@type\":\"WebPage\",\"@id\":\"https:\\\/\\\/www.gastac.com\\\/de\\\/produkt\\\/daempfer-kofferraum\\\/\",\"url\":\"https:\\\/\\\/www.gastac.com\\\/de\\\/produkt\\\/daempfer-kofferraum\\\/\",\"name\":\"D\u00e4mpfer Kofferraum | Gastac Gas Spring\",\"isPartOf\":{\"@id\":\"https:\\\/\\\/www.gastac.com\\\/de\\\/#website\"},\"primaryImageOfPage\":{\"@id\":\"https:\\\/\\\/www.gastac.com\\\/de\\\/produkt\\\/daempfer-kofferraum\\\/#primaryimage\"},\"image\":{\"@id\":\"https:\\\/\\\/www.gastac.com\\\/de\\\/produkt\\\/daempfer-kofferraum\\\/#primaryimage\"},\"thumbnailUrl\":\"https:\\\/\\\/www.gastac.com\\\/wp-content\\\/uploads\\\/2025\\\/11\\\/gasdruckfeder-dachbox-1-600x623-2.webp\",\"datePublished\":\"2025-11-13T10:47:52+00:00\",\"breadcrumb\":{\"@id\":\"https:\\\/\\\/www.gastac.com\\\/de\\\/produkt\\\/daempfer-kofferraum\\\/#breadcrumb\"},\"inLanguage\":\"de\",\"potentialAction\":[{\"@type\":\"ReadAction\",\"target\":[\"https:\\\/\\\/www.gastac.com\\\/de\\\/produkt\\\/daempfer-kofferraum\\\/\"]}]},{\"@type\":\"ImageObject\",\"inLanguage\":\"de\",\"@id\":\"https:\\\/\\\/www.gastac.com\\\/de\\\/produkt\\\/daempfer-kofferraum\\\/#primaryimage\",\"url\":\"https:\\\/\\\/www.gastac.com\\\/wp-content\\\/uploads\\\/2025\\\/11\\\/gasdruckfeder-dachbox-1-600x623-2.webp\",\"contentUrl\":\"https:\\\/\\\/www.gastac.com\\\/wp-content\\\/uploads\\\/2025\\\/11\\\/gasdruckfeder-dachbox-1-600x623-2.webp\",\"width\":600,\"height\":623,\"caption\":\"gasdruckfeder dachbox 1 600x623\"},{\"@type\":\"BreadcrumbList\",\"@id\":\"https:\\\/\\\/www.gastac.com\\\/de\\\/produkt\\\/daempfer-kofferraum\\\/#breadcrumb\",\"itemListElement\":[{\"@type\":\"ListItem\",\"position\":1,\"name\":\"Home\",\"item\":\"https:\\\/\\\/www.gastac.com\\\/de\\\/\"},{\"@type\":\"ListItem\",\"position\":2,\"name\":\"products\",\"item\":\"https:\\\/\\\/www.gastac.com\\\/de\\\/products\\\/\"},{\"@type\":\"ListItem\",\"position\":3,\"name\":\"Nicht kategorisiert\",\"item\":\"https:\\\/\\\/www.gastac.com\\\/de\\\/product-category\\\/nicht-kategorisiert\\\/\"},{\"@type\":\"ListItem\",\"position\":4,\"name\":\"D\u00e4mpfer Kofferraum\"}]},{\"@type\":\"WebSite\",\"@id\":\"https:\\\/\\\/www.gastac.com\\\/de\\\/#website\",\"url\":\"https:\\\/\\\/www.gastac.com\\\/de\\\/\",\"name\":\"Gastac Gas Spring\",\"description\":\"China\u2019s Leading Gas Springs &amp; Struts Manufacturer\",\"publisher\":{\"@id\":\"https:\\\/\\\/www.gastac.com\\\/de\\\/#organization\"},\"potentialAction\":[{\"@type\":\"SearchAction\",\"target\":{\"@type\":\"EntryPoint\",\"urlTemplate\":\"https:\\\/\\\/www.gastac.com\\\/de\\\/?s={search_term_string}\"},\"query-input\":{\"@type\":\"PropertyValueSpecification\",\"valueRequired\":true,\"valueName\":\"search_term_string\"}}],\"inLanguage\":\"de\"},{\"@type\":\"Organization\",\"@id\":\"https:\\\/\\\/www.gastac.com\\\/de\\\/#organization\",\"name\":\"Ningbo Gastac Gas Spring Co.,Ltd\",\"url\":\"https:\\\/\\\/www.gastac.com\\\/de\\\/\",\"logo\":{\"@type\":\"ImageObject\",\"inLanguage\":\"de\",\"@id\":\"https:\\\/\\\/www.gastac.com\\\/de\\\/#\\\/schema\\\/logo\\\/image\\\/\",\"url\":\"https:\\\/\\\/www.gastac.com\\\/wp-content\\\/uploads\\\/2025\\\/09\\\/LOGO\u672c\u8272-\u9ed1.webp\",\"contentUrl\":\"https:\\\/\\\/www.gastac.com\\\/wp-content\\\/uploads\\\/2025\\\/09\\\/LOGO\u672c\u8272-\u9ed1.webp\",\"width\":1920,\"height\":1080,\"caption\":\"Ningbo Gastac Gas Spring Co.,Ltd\"},\"image\":{\"@id\":\"https:\\\/\\\/www.gastac.com\\\/de\\\/#\\\/schema\\\/logo\\\/image\\\/\"},\"sameAs\":[\"https:\\\/\\\/www.facebook.com\\\/profile.php?id=100092358464608\",\"https:\\\/\\\/www.youtube.com\\\/@Gastac-Gas-Spring\",\"https:\\\/\\\/www.linkedin.com\\\/in\\\/gastac-gas-spring\\\/\",\"https:\\\/\\\/www.instagram.com\\\/gastacgasspring\\\/\"]}]}<\/script>\n<!-- \/ Yoast SEO Premium plugin. -->","yoast_head_json":{"title":"D\u00e4mpfer Kofferraum | Gastac Gas Spring","robots":{"index":"index","follow":"follow","max-snippet":"max-snippet:-1","max-image-preview":"max-image-preview:large","max-video-preview":"max-video-preview:-1"},"canonical":"https:\/\/www.gastac.com\/de\/produkt\/daempfer-kofferraum\/","og_locale":"de_DE","og_type":"article","og_title":"D\u00e4mpfer Kofferraum","og_description":"D\u00e4mpfer Kofferraum D\u00e4mpfer kofferraum, auch Kofferraumd\u00e4mpfer genannt, ist so konzipiert, dass transportierte Gegenst\u00e4nde leicht zug\u00e4nglich sind. Der Kofferraumklappend\u00e4mpfer erm\u00f6glicht eine [...]","og_url":"https:\/\/www.gastac.com\/de\/produkt\/daempfer-kofferraum\/","og_site_name":"Gastac Gas Spring","article_publisher":"https:\/\/www.facebook.com\/profile.php?id=100092358464608","og_image":[{"width":600,"height":623,"url":"https:\/\/www.gastac.com\/wp-content\/uploads\/2025\/11\/gasdruckfeder-dachbox-1-600x623-2.webp","type":"image\/webp"}],"twitter_card":"summary_large_image","twitter_misc":{"Gesch\u00e4tzte Lesezeit":"1\u00a0Minute"},"schema":{"@context":"https:\/\/schema.org","@graph":[{"@type":"WebPage","@id":"https:\/\/www.gastac.com\/de\/produkt\/daempfer-kofferraum\/","url":"https:\/\/www.gastac.com\/de\/produkt\/daempfer-kofferraum\/","name":"D\u00e4mpfer Kofferraum | Gastac Gas Spring","isPartOf":{"@id":"https:\/\/www.gastac.com\/de\/#website"},"primaryImageOfPage":{"@id":"https:\/\/www.gastac.com\/de\/produkt\/daempfer-kofferraum\/#primaryimage"},"image":{"@id":"https:\/\/www.gastac.com\/de\/produkt\/daempfer-kofferraum\/#primaryimage"},"thumbnailUrl":"https:\/\/www.gastac.com\/wp-content\/uploads\/2025\/11\/gasdruckfeder-dachbox-1-600x623-2.webp","datePublished":"2025-11-13T10:47:52+00:00","breadcrumb":{"@id":"https:\/\/www.gastac.com\/de\/produkt\/daempfer-kofferraum\/#breadcrumb"},"inLanguage":"de","potentialAction":[{"@type":"ReadAction","target":["https:\/\/www.gastac.com\/de\/produkt\/daempfer-kofferraum\/"]}]},{"@type":"ImageObject","inLanguage":"de","@id":"https:\/\/www.gastac.com\/de\/produkt\/daempfer-kofferraum\/#primaryimage","url":"https:\/\/www.gastac.com\/wp-content\/uploads\/2025\/11\/gasdruckfeder-dachbox-1-600x623-2.webp","contentUrl":"https:\/\/www.gastac.com\/wp-content\/uploads\/2025\/11\/gasdruckfeder-dachbox-1-600x623-2.webp","width":600,"height":623,"caption":"gasdruckfeder dachbox 1 600x623"},{"@type":"BreadcrumbList","@id":"https:\/\/www.gastac.com\/de\/produkt\/daempfer-kofferraum\/#breadcrumb","itemListElement":[{"@type":"ListItem","position":1,"name":"Home","item":"https:\/\/www.gastac.com\/de\/"},{"@type":"ListItem","position":2,"name":"products","item":"https:\/\/www.gastac.com\/de\/products\/"},{"@type":"ListItem","position":3,"name":"Nicht kategorisiert","item":"https:\/\/www.gastac.com\/de\/product-category\/nicht-kategorisiert\/"},{"@type":"ListItem","position":4,"name":"D\u00e4mpfer Kofferraum"}]},{"@type":"WebSite","@id":"https:\/\/www.gastac.com\/de\/#website","url":"https:\/\/www.gastac.com\/de\/","name":"Gastac Gas Spring","description":"China\u2019s Leading Gas Springs &amp; Struts Manufacturer","publisher":{"@id":"https:\/\/www.gastac.com\/de\/#organization"},"potentialAction":[{"@type":"SearchAction","target":{"@type":"EntryPoint","urlTemplate":"https:\/\/www.gastac.com\/de\/?s={search_term_string}"},"query-input":{"@type":"PropertyValueSpecification","valueRequired":true,"valueName":"search_term_string"}}],"inLanguage":"de"},{"@type":"Organization","@id":"https:\/\/www.gastac.com\/de\/#organization","name":"Ningbo Gastac Gas Spring Co.,Ltd","url":"https:\/\/www.gastac.com\/de\/","logo":{"@type":"ImageObject","inLanguage":"de","@id":"https:\/\/www.gastac.com\/de\/#\/schema\/logo\/image\/","url":"https:\/\/www.gastac.com\/wp-content\/uploads\/2025\/09\/LOGO\u672c\u8272-\u9ed1.webp","contentUrl":"https:\/\/www.gastac.com\/wp-content\/uploads\/2025\/09\/LOGO\u672c\u8272-\u9ed1.webp","width":1920,"height":1080,"caption":"Ningbo Gastac Gas Spring Co.,Ltd"},"image":{"@id":"https:\/\/www.gastac.com\/de\/#\/schema\/logo\/image\/"},"sameAs":["https:\/\/www.facebook.com\/profile.php?id=100092358464608","https:\/\/www.youtube.com\/@Gastac-Gas-Spring","https:\/\/www.linkedin.com\/in\/gastac-gas-spring\/","https:\/\/www.instagram.com\/gastacgasspring\/"]}]}},"_links":{"self":[{"href":"https:\/\/www.gastac.com\/de\/wp-json\/wp\/v2\/product\/20393","targetHints":{"allow":["GET"]}}],"collection":[{"href":"https:\/\/www.gastac.com\/de\/wp-json\/wp\/v2\/product"}],"about":[{"href":"https:\/\/www.gastac.com\/de\/wp-json\/wp\/v2\/types\/product"}],"replies":[{"embeddable":true,"href":"https:\/\/www.gastac.com\/de\/wp-json\/wp\/v2\/comments?post=20393"}],"wp:featuredmedia":[{"embeddable":true,"href":"https:\/\/www.gastac.com\/de\/wp-json\/wp\/v2\/media\/20409"}],"wp:attachment":[{"href":"https:\/\/www.gastac.com\/de\/wp-json\/wp\/v2\/media?parent=20393"}],"wp:term":[{"taxonomy":"product_brand","embeddable":true,"href":"https:\/\/www.gastac.com\/de\/wp-json\/wp\/v2\/product_brand?post=20393"},{"taxonomy":"product_cat","embeddable":true,"href":"https:\/\/www.gastac.com\/de\/wp-json\/wp\/v2\/product_cat?post=20393"},{"taxonomy":"product_tag","embeddable":true,"href":"https:\/\/www.gastac.com\/de\/wp-json\/wp\/v2\/product_tag?post=20393"}],"curies":[{"name":"wp","href":"https:\/\/api.w.org\/{rel}","templated":true}]}}