{"id":20361,"date":"2025-11-13T10:34:14","date_gmt":"2025-11-13T10:34:14","guid":{"rendered":"https:\/\/www.gastac.com\/?post_type=product&#038;p=20361"},"modified":"2025-11-13T10:34:15","modified_gmt":"2025-11-13T10:34:15","slug":"gasfeder-kofferraum","status":"publish","type":"product","link":"https:\/\/www.gastac.com\/de\/produkt\/gasfeder-kofferraum\/","title":{"rendered":"Gasfeder Kofferraum"},"content":{"rendered":"<h2><strong>Gasfeder Kofferraum<\/strong><\/h2>\n<div>\n<p>Der Gasfeder-Kofferraum ist ein wichtiger Teil des Kofferraummechanismus. Im Idealfall l\u00e4sst sich der Gasd\u00e4mpferkofferraum leicht \u00f6ffnen und langsam nach oben bewegen, so dass keine Verletzungsgefahr besteht. \u00c4hnlich verh\u00e4lt es sich beim Schlie\u00dfen des Kofferraums. Der Gasd\u00e4mpferkofferraum soll daf\u00fcr sorgen, dass der Kofferraumdeckel bequem schlie\u00dft und nicht unkontrolliert gegen die Karosserie schl\u00e4gt oder durch den im Gasfeder kofferraum aufgebauten Druck zu schwerg\u00e4ngig wird. Die Anforderungen an den Gasfeder kofferraum sind viel umfangreicher, als man auf den ersten Blick vermuten mag. Der Gasfeder kofferraum besteht in der Regel aus zwei Teilen. Der meist gr\u00f6\u00dfere Gasfeder kofferraum ist mit dem Hauptk\u00f6rper verbunden. Das in der Regel d\u00fcnnere Innenteleskopteil wird am Kofferraumdeckel befestigt. Ein Verriegelungsteil sorgt daf\u00fcr, dass sich der Kofferraum leichtg\u00e4ngig \u00f6ffnen und schlie\u00dfen l\u00e4sst.<\/p>\n<h2><strong>GASTAC Kofferraum Sto\u00dfd\u00e4mpfer: Mehr Sicherheit f\u00fcr Ihr Auto<\/strong><\/h2>\n<p>Ein funktionierender\u00a0<a title=\"\" href=\"https:\/\/gastac-com-591077.hostingersite.com\/de\/products\/kofferraum-daempfer\/\">Kofferraum Sto\u00dfd\u00e4mpfer<\/a>\u00a0ist wichtig. Er sorgt f\u00fcr Ihre Sicherheit und erh\u00e4lt den Wert Ihres Autos. Defekte D\u00e4mpfer k\u00f6nnen gef\u00e4hrlich sein. Die Heckklappe kann unkontrolliert zufallen. Verletzungen sind m\u00f6glich. Ein schwerg\u00e4ngiger Kofferraum mindert den Wert. GASTAC\u00a0<a title=\"\" href=\"https:\/\/gastac-com-591077.hostingersite.com\/de\/products\/kofferraum-daempfer\/\">sto\u00dfd\u00e4mpfer kofferraum<\/a>\u00a0bieten Sicherheit. Sie sind zuverl\u00e4ssig. Ihre Heckklappe bleibt sicher offen. Sie schlie\u00dft sanft und kontrolliert. Das minimiert Verletzungsrisiken. Zudem sch\u00fctzt es die Mechanik.<\/p>\n<table class=\"has-fixed-layout\">\n<tbody>\n<tr>\n<td class=\"has-text-align-center\" data-align=\"center\"><img decoding=\"async\" class=\"lazyload wp-image-89413\" title=\"audi a3 8p kofferraum d\u00e4mpfer - Gastac-Locking Gas Springs, Stainless steel Gas strut Manufacturer in China\" src=\"https:\/\/gastac-com-591077.hostingersite.com\/wp-content\/uploads\/2025\/04\/audi-a3-8p-kofferraum-dampfer.jpg\" data-orig-src=\"https:\/\/gastac-com-591077.hostingersite.com\/wp-content\/uploads\/2025\/04\/audi-a3-8p-kofferraum-dampfer.jpg\" data-sizes=\"auto\" data-orig-sizes=\"auto, (max-width: 300px) 100vw, 300px\" srcset=\"data:image\/svg+xml,%3Csvg%20xmlns%3D%27http%3A%2F%2Fwww.w3.org%2F2000%2Fsvg%27%20width%3D%27300%27%20height%3D%27300%27%20viewBox%3D%270%200%20300%20300%27%3E%3Crect%20width%3D%27300%27%20height%3D%27300%27%20fill-opacity%3D%220%22%2F%3E%3C%2Fsvg%3E\" data-srcset=\"https:\/\/gastac-com-591077.hostingersite.com\/wp-content\/uploads\/2025\/04\/audi-a3-8p-kofferraum-dampfer.jpg 600w, https:\/\/gastac-com-591077.hostingersite.com\/wp-content\/uploads\/2025\/04\/audi-a3-8p-kofferraum-dampfer-400x400.jpg 400w, https:\/\/gastac-com-591077.hostingersite.com\/wp-content\/uploads\/2025\/04\/audi-a3-8p-kofferraum-dampfer-280x280.jpg 280w, https:\/\/gastac-com-591077.hostingersite.com\/wp-content\/uploads\/2025\/04\/audi-a3-8p-kofferraum-dampfer-300x300.jpg 300w, https:\/\/gastac-com-591077.hostingersite.com\/wp-content\/uploads\/2025\/04\/audi-a3-8p-kofferraum-dampfer-100x100.jpg 100w\" alt=\"\" width=\"300\" height=\"300\" \/><\/td>\n<td class=\"has-text-align-center\" data-align=\"center\"><img decoding=\"async\" class=\"lazyload wp-image-89422\" title=\"audi a3 kofferraum d\u00e4mpfer - Gastac-Locking Gas Springs, Stainless steel Gas strut Manufacturer in China\" src=\"https:\/\/gastac-com-591077.hostingersite.com\/wp-content\/uploads\/2025\/04\/audi-a3-kofferraum-dampfer.jpg\" data-orig-src=\"https:\/\/gastac-com-591077.hostingersite.com\/wp-content\/uploads\/2025\/04\/audi-a3-kofferraum-dampfer.jpg\" data-sizes=\"auto\" data-orig-sizes=\"auto, (max-width: 300px) 100vw, 300px\" srcset=\"data:image\/svg+xml,%3Csvg%20xmlns%3D%27http%3A%2F%2Fwww.w3.org%2F2000%2Fsvg%27%20width%3D%27300%27%20height%3D%27300%27%20viewBox%3D%270%200%20300%20300%27%3E%3Crect%20width%3D%27300%27%20height%3D%27300%27%20fill-opacity%3D%220%22%2F%3E%3C%2Fsvg%3E\" data-srcset=\"https:\/\/gastac-com-591077.hostingersite.com\/wp-content\/uploads\/2025\/04\/audi-a3-kofferraum-dampfer.jpg 600w, https:\/\/gastac-com-591077.hostingersite.com\/wp-content\/uploads\/2025\/04\/audi-a3-kofferraum-dampfer-400x400.jpg 400w, https:\/\/gastac-com-591077.hostingersite.com\/wp-content\/uploads\/2025\/04\/audi-a3-kofferraum-dampfer-280x280.jpg 280w, https:\/\/gastac-com-591077.hostingersite.com\/wp-content\/uploads\/2025\/04\/audi-a3-kofferraum-dampfer-300x300.jpg 300w, https:\/\/gastac-com-591077.hostingersite.com\/wp-content\/uploads\/2025\/04\/audi-a3-kofferraum-dampfer-100x100.jpg 100w\" alt=\"\" width=\"300\" height=\"300\" \/><\/td>\n<td class=\"has-text-align-center\" data-align=\"center\"><img decoding=\"async\" class=\"lazyload wp-image-89431\" title=\"audi a4 kofferraum d\u00e4mpfer - Gastac-Locking Gas Springs, Stainless steel Gas strut Manufacturer in China\" src=\"https:\/\/gastac-com-591077.hostingersite.com\/wp-content\/uploads\/2025\/04\/audi-a4-kofferraum-dampfer.jpg\" data-orig-src=\"https:\/\/gastac-com-591077.hostingersite.com\/wp-content\/uploads\/2025\/04\/audi-a4-kofferraum-dampfer.jpg\" data-sizes=\"auto\" data-orig-sizes=\"auto, (max-width: 300px) 100vw, 300px\" srcset=\"data:image\/svg+xml,%3Csvg%20xmlns%3D%27http%3A%2F%2Fwww.w3.org%2F2000%2Fsvg%27%20width%3D%27300%27%20height%3D%27300%27%20viewBox%3D%270%200%20300%20300%27%3E%3Crect%20width%3D%27300%27%20height%3D%27300%27%20fill-opacity%3D%220%22%2F%3E%3C%2Fsvg%3E\" data-srcset=\"https:\/\/gastac-com-591077.hostingersite.com\/wp-content\/uploads\/2025\/04\/audi-a4-kofferraum-dampfer.jpg 600w, https:\/\/gastac-com-591077.hostingersite.com\/wp-content\/uploads\/2025\/04\/audi-a4-kofferraum-dampfer-400x400.jpg 400w, https:\/\/gastac-com-591077.hostingersite.com\/wp-content\/uploads\/2025\/04\/audi-a4-kofferraum-dampfer-280x280.jpg 280w, https:\/\/gastac-com-591077.hostingersite.com\/wp-content\/uploads\/2025\/04\/audi-a4-kofferraum-dampfer-300x300.jpg 300w, https:\/\/gastac-com-591077.hostingersite.com\/wp-content\/uploads\/2025\/04\/audi-a4-kofferraum-dampfer-100x100.jpg 100w\" alt=\"\" width=\"300\" height=\"300\" \/><\/td>\n<\/tr>\n<tr>\n<td class=\"has-text-align-center\" data-align=\"center\"><a title=\"\" href=\"https:\/\/shop.gastac-com-591077.hostingersite.com\/8P4827552B-Audi-A3-Tailgate-Lift-Support\"><strong>audi a3 8p kofferraum d\u00e4mpfer<\/strong><\/a><\/td>\n<td class=\"has-text-align-center\" data-align=\"center\"><a title=\"\" href=\"https:\/\/shop.gastac-com-591077.hostingersite.com\/8T0823359-Audi-A3-Hood-Lift-Strut\">audi a3 kofferraum d\u00e4mpfer<\/a><\/td>\n<td class=\"has-text-align-center\" data-align=\"center\"><a title=\"\" href=\"https:\/\/shop.gastac-com-591077.hostingersite.com\/8K9827552A-Audi-A4-Boot-Lift-Support\"><strong>audi a4 b8 kofferraum d\u00e4mpfer<\/strong><\/a><\/td>\n<\/tr>\n<tr>\n<td class=\"has-text-align-center\" data-align=\"center\"><img decoding=\"async\" class=\"lazyload wp-image-89440\" title=\"audi-a4-b8-heckklappendampfer - Gastac-Locking Gas Springs, Stainless steel Gas strut Manufacturer in China\" src=\"https:\/\/gastac-com-591077.hostingersite.com\/wp-content\/uploads\/2025\/04\/audi-a4-b8-heckklappendampfer.jpg\" data-orig-src=\"https:\/\/gastac-com-591077.hostingersite.com\/wp-content\/uploads\/2025\/04\/audi-a4-b8-heckklappendampfer.jpg\" data-sizes=\"auto\" data-orig-sizes=\"auto, (max-width: 300px) 100vw, 300px\" srcset=\"data:image\/svg+xml,%3Csvg%20xmlns%3D%27http%3A%2F%2Fwww.w3.org%2F2000%2Fsvg%27%20width%3D%27300%27%20height%3D%27300%27%20viewBox%3D%270%200%20300%20300%27%3E%3Crect%20width%3D%27300%27%20height%3D%27300%27%20fill-opacity%3D%220%22%2F%3E%3C%2Fsvg%3E\" data-srcset=\"https:\/\/gastac-com-591077.hostingersite.com\/wp-content\/uploads\/2025\/04\/audi-a4-b8-heckklappendampfer.jpg 600w, https:\/\/gastac-com-591077.hostingersite.com\/wp-content\/uploads\/2025\/04\/audi-a4-b8-heckklappendampfer-400x400.jpg 400w, https:\/\/gastac-com-591077.hostingersite.com\/wp-content\/uploads\/2025\/04\/audi-a4-b8-heckklappendampfer-280x280.jpg 280w, https:\/\/gastac-com-591077.hostingersite.com\/wp-content\/uploads\/2025\/04\/audi-a4-b8-heckklappendampfer-300x300.jpg 300w, https:\/\/gastac-com-591077.hostingersite.com\/wp-content\/uploads\/2025\/04\/audi-a4-b8-heckklappendampfer-100x100.jpg 100w\" alt=\"\" width=\"300\" height=\"300\" \/><\/td>\n<td class=\"has-text-align-center\" data-align=\"center\"><img decoding=\"async\" class=\"lazyload wp-image-89449\" title=\"audi a6 4f kofferraum d\u00e4mpfer - Gastac-Locking Gas Springs, Stainless steel Gas strut Manufacturer in China\" src=\"https:\/\/gastac-com-591077.hostingersite.com\/wp-content\/uploads\/2025\/04\/audi-a6-4f-kofferraum-dampfer.jpg\" data-orig-src=\"https:\/\/gastac-com-591077.hostingersite.com\/wp-content\/uploads\/2025\/04\/audi-a6-4f-kofferraum-dampfer.jpg\" data-sizes=\"auto\" data-orig-sizes=\"auto, (max-width: 300px) 100vw, 300px\" srcset=\"data:image\/svg+xml,%3Csvg%20xmlns%3D%27http%3A%2F%2Fwww.w3.org%2F2000%2Fsvg%27%20width%3D%27300%27%20height%3D%27300%27%20viewBox%3D%270%200%20300%20300%27%3E%3Crect%20width%3D%27300%27%20height%3D%27300%27%20fill-opacity%3D%220%22%2F%3E%3C%2Fsvg%3E\" data-srcset=\"https:\/\/gastac-com-591077.hostingersite.com\/wp-content\/uploads\/2025\/04\/audi-a6-4f-kofferraum-dampfer.jpg 600w, https:\/\/gastac-com-591077.hostingersite.com\/wp-content\/uploads\/2025\/04\/audi-a6-4f-kofferraum-dampfer-400x400.jpg 400w, https:\/\/gastac-com-591077.hostingersite.com\/wp-content\/uploads\/2025\/04\/audi-a6-4f-kofferraum-dampfer-280x280.jpg 280w, https:\/\/gastac-com-591077.hostingersite.com\/wp-content\/uploads\/2025\/04\/audi-a6-4f-kofferraum-dampfer-300x300.jpg 300w, https:\/\/gastac-com-591077.hostingersite.com\/wp-content\/uploads\/2025\/04\/audi-a6-4f-kofferraum-dampfer-100x100.jpg 100w\" alt=\"\" width=\"300\" height=\"300\" \/><\/td>\n<td class=\"has-text-align-center\" data-align=\"center\"><img decoding=\"async\" class=\"lazyload wp-image-89458\" title=\"audi tt 8n kofferraum d\u00e4mpfer - Gastac-Locking Gas Springs, Stainless steel Gas strut Manufacturer in China\" src=\"https:\/\/gastac-com-591077.hostingersite.com\/wp-content\/uploads\/2025\/04\/audi-tt-8n-kofferraum-dampfer.jpg\" data-orig-src=\"https:\/\/gastac-com-591077.hostingersite.com\/wp-content\/uploads\/2025\/04\/audi-tt-8n-kofferraum-dampfer.jpg\" data-sizes=\"auto\" data-orig-sizes=\"auto, (max-width: 300px) 100vw, 300px\" srcset=\"data:image\/svg+xml,%3Csvg%20xmlns%3D%27http%3A%2F%2Fwww.w3.org%2F2000%2Fsvg%27%20width%3D%27300%27%20height%3D%27300%27%20viewBox%3D%270%200%20300%20300%27%3E%3Crect%20width%3D%27300%27%20height%3D%27300%27%20fill-opacity%3D%220%22%2F%3E%3C%2Fsvg%3E\" data-srcset=\"https:\/\/gastac-com-591077.hostingersite.com\/wp-content\/uploads\/2025\/04\/audi-tt-8n-kofferraum-dampfer.jpg 600w, https:\/\/gastac-com-591077.hostingersite.com\/wp-content\/uploads\/2025\/04\/audi-tt-8n-kofferraum-dampfer-400x400.jpg 400w, https:\/\/gastac-com-591077.hostingersite.com\/wp-content\/uploads\/2025\/04\/audi-tt-8n-kofferraum-dampfer-280x280.jpg 280w, https:\/\/gastac-com-591077.hostingersite.com\/wp-content\/uploads\/2025\/04\/audi-tt-8n-kofferraum-dampfer-300x300.jpg 300w, https:\/\/gastac-com-591077.hostingersite.com\/wp-content\/uploads\/2025\/04\/audi-tt-8n-kofferraum-dampfer-100x100.jpg 100w\" alt=\"\" width=\"300\" height=\"300\" \/><\/td>\n<\/tr>\n<tr>\n<td class=\"has-text-align-center\" data-align=\"center\"><a title=\"\" href=\"https:\/\/shop.gastac-com-591077.hostingersite.com\/8h0827552b-gas-strut\"><strong>audi a4 kofferraum d\u00e4mpfer<\/strong><\/a><\/td>\n<td class=\"has-text-align-center\" data-align=\"center\"><a title=\"audi a6 4f kofferraum d\u00e4mpfer\" href=\"https:\/\/shop.gastac-com-591077.hostingersite.com\/4f0823359b-strut-gas\"><strong>audi a6 4f kofferraum d\u00e4mpfer<\/strong><\/a><\/td>\n<td class=\"has-text-align-center\" data-align=\"center\"><strong>audi tt 8n kofferraum d\u00e4mpfer<\/strong><\/td>\n<\/tr>\n<\/tbody>\n<\/table>\n<div>\n<h2 class=\"wp-block-heading\"><strong>GASTAC Sto\u00dfd\u00e4mpfer online bestellen: Einfach und bequem<\/strong><\/h2>\n<p>Bestellen Sie Ihre neuen Kofferraum Sto\u00dfd\u00e4mpfer bequem online. F\u00fcr Einzelbestellungen klicken Sie bitte auf den Produktnamen im vorherigen Abschnitt, um zu unserem\u00a0<a href=\"https:\/\/shop.gastac-com-591077.hostingersite.com\/car-gas-spring\/audi-hood-struts\">Online-Shop<\/a>\u00a0f\u00fcr Privatkunden zu gelangen.<\/p>\n<p>Sind Sie ein Gro\u00dfkunde und ben\u00f6tigen gr\u00f6\u00dfere St\u00fcckzahlen? Dann kontaktieren Sie uns bitte per E-Mail. Wir bieten Ihnen spezielle Rabatte f\u00fcr Gro\u00dfbestellungen und unser Team aus erfahrenen Gasfederexperten wird sich innerhalb von 12 Stunden mit Ihnen in Verbindung setzen, um Ihre Anforderungen detailliert zu besprechen und Ihnen ein ma\u00dfgeschneidertes Angebot zu unterbreiten.<\/p>\n<p>Anforderungen an eine gute Kofferraum-Gasfeder<\/p>\n<p>Wie bereits erw\u00e4hnt, sollte eine gute Gasfeder kofferraum stark genug sein bzw. gen\u00fcgend Gegendruck erzeugen k\u00f6nnen, um den Kofferraumdeckel nach oben zu dr\u00fccken und in Position zu halten. Andererseits muss ein guter Gasfeder-Kofferraum leichtg\u00e4ngig genug sein, um den Kofferraumdeckel sanft zu schlie\u00dfen. Au\u00dferdem sollte ein guter Kofferraumd\u00e4mpfer aus hochwertigen Materialien gefertigt sein, um dem st\u00e4ndigen Druck im Auto standzuhalten. Das Wichtigste ist, dass das Material eine lange Lebensdauer hat, insbesondere die Verschl\u00fcsse!<\/p>\n<p>Ben\u00f6tigen Sie eine ganz andere Art von Gasfeder? Schreiben Sie uns und wenn m\u00f6glich senden Sie uns ein Foto des gedruckten Modellnamens per E-Mail!<\/p>\n<\/div>\n<div><strong>Gasdruckfede Anwendung<\/strong><\/div>\n<p><img class=\"lazyload\" decoding=\"async\" src=\"data:image\/gif;base64,R0lGODlhAQABAAAAACH5BAEKAAEALAAAAAABAAEAAAICTAEAOw==\" data-orig-src=\"https:\/\/www.gastac.com\/wp-content\/uploads\/2023\/06\/1-439x400.png\" alt=\"Gasfeder Kofferraum \" \/><img class=\"lazyload\" decoding=\"async\" src=\"data:image\/gif;base64,R0lGODlhAQABAAAAACH5BAEKAAEALAAAAAABAAEAAAICTAEAOw==\" data-orig-src=\"https:\/\/www.gastac.com\/wp-content\/uploads\/2023\/06\/gasfeder-kofferraum-399x400.png\" alt=\"Gasfeder Kofferraum \" \/><\/p>\n<\/div>\n","protected":false},"excerpt":{"rendered":"<p>Gasfeder Kofferraum Der Gasfeder-Kofferraum ist ein wichtiger Teil des Kofferraummechanismus. Im Idealfall l\u00e4sst sich der Gasd\u00e4mpferkofferraum leicht \u00f6ffnen und langsam  [&#8230;]<\/p>\n","protected":false},"featured_media":20372,"comment_status":"open","ping_status":"closed","template":"","meta":[],"product_brand":[],"product_cat":[109],"product_tag":[],"class_list":{"0":"post-20361","1":"product","2":"type-product","3":"status-publish","4":"has-post-thumbnail","6":"product_cat-nicht-kategorisiert","8":"first","9":"instock","10":"shipping-taxable","11":"product-type-simple"},"yoast_head":"<!-- This site is optimized with the Yoast SEO Premium plugin v26.2 (Yoast SEO v27.3) - https:\/\/yoast.com\/product\/yoast-seo-premium-wordpress\/ -->\n<title>Gasfeder Kofferraum | Gastac Gas Spring<\/title>\n<meta name=\"robots\" content=\"index, follow, max-snippet:-1, max-image-preview:large, max-video-preview:-1\" \/>\n<link rel=\"canonical\" href=\"https:\/\/www.gastac.com\/de\/produkt\/gasfeder-kofferraum\/\" \/>\n<meta property=\"og:locale\" content=\"de_DE\" \/>\n<meta property=\"og:type\" content=\"article\" \/>\n<meta property=\"og:title\" content=\"Gasfeder Kofferraum\" \/>\n<meta property=\"og:description\" content=\"Gasfeder Kofferraum Der Gasfeder-Kofferraum ist ein wichtiger Teil des Kofferraummechanismus. Im Idealfall l\u00e4sst sich der Gasd\u00e4mpferkofferraum leicht \u00f6ffnen und langsam [...]\" \/>\n<meta property=\"og:url\" content=\"https:\/\/www.gastac.com\/de\/produkt\/gasfeder-kofferraum\/\" \/>\n<meta property=\"og:site_name\" content=\"Gastac Gas Spring\" \/>\n<meta property=\"article:publisher\" content=\"https:\/\/www.facebook.com\/profile.php?id=100092358464608\" \/>\n<meta property=\"article:modified_time\" content=\"2025-11-13T10:34:15+00:00\" \/>\n<meta property=\"og:image\" content=\"https:\/\/www.gastac.com\/wp-content\/uploads\/2025\/11\/kofferraum-dampfer-600x600-1.webp\" \/>\n\t<meta property=\"og:image:width\" content=\"600\" \/>\n\t<meta property=\"og:image:height\" content=\"600\" \/>\n\t<meta property=\"og:image:type\" content=\"image\/webp\" \/>\n<meta name=\"twitter:card\" content=\"summary_large_image\" \/>\n<meta name=\"twitter:label1\" content=\"Gesch\u00e4tzte Lesezeit\" \/>\n\t<meta name=\"twitter:data1\" content=\"1\u00a0Minute\" \/>\n<script type=\"application\/ld+json\" class=\"yoast-schema-graph\">{\"@context\":\"https:\\\/\\\/schema.org\",\"@graph\":[{\"@type\":\"WebPage\",\"@id\":\"https:\\\/\\\/www.gastac.com\\\/de\\\/produkt\\\/gasfeder-kofferraum\\\/\",\"url\":\"https:\\\/\\\/www.gastac.com\\\/de\\\/produkt\\\/gasfeder-kofferraum\\\/\",\"name\":\"Gasfeder Kofferraum | Gastac Gas Spring\",\"isPartOf\":{\"@id\":\"https:\\\/\\\/www.gastac.com\\\/de\\\/#website\"},\"primaryImageOfPage\":{\"@id\":\"https:\\\/\\\/www.gastac.com\\\/de\\\/produkt\\\/gasfeder-kofferraum\\\/#primaryimage\"},\"image\":{\"@id\":\"https:\\\/\\\/www.gastac.com\\\/de\\\/produkt\\\/gasfeder-kofferraum\\\/#primaryimage\"},\"thumbnailUrl\":\"https:\\\/\\\/www.gastac.com\\\/wp-content\\\/uploads\\\/2025\\\/11\\\/kofferraum-dampfer-600x600-1.webp\",\"datePublished\":\"2025-11-13T10:34:14+00:00\",\"dateModified\":\"2025-11-13T10:34:15+00:00\",\"breadcrumb\":{\"@id\":\"https:\\\/\\\/www.gastac.com\\\/de\\\/produkt\\\/gasfeder-kofferraum\\\/#breadcrumb\"},\"inLanguage\":\"de\",\"potentialAction\":[{\"@type\":\"ReadAction\",\"target\":[\"https:\\\/\\\/www.gastac.com\\\/de\\\/produkt\\\/gasfeder-kofferraum\\\/\"]}]},{\"@type\":\"ImageObject\",\"inLanguage\":\"de\",\"@id\":\"https:\\\/\\\/www.gastac.com\\\/de\\\/produkt\\\/gasfeder-kofferraum\\\/#primaryimage\",\"url\":\"https:\\\/\\\/www.gastac.com\\\/wp-content\\\/uploads\\\/2025\\\/11\\\/kofferraum-dampfer-600x600-1.webp\",\"contentUrl\":\"https:\\\/\\\/www.gastac.com\\\/wp-content\\\/uploads\\\/2025\\\/11\\\/kofferraum-dampfer-600x600-1.webp\",\"width\":600,\"height\":600,\"caption\":\"kofferraum dampfer 600x600\"},{\"@type\":\"BreadcrumbList\",\"@id\":\"https:\\\/\\\/www.gastac.com\\\/de\\\/produkt\\\/gasfeder-kofferraum\\\/#breadcrumb\",\"itemListElement\":[{\"@type\":\"ListItem\",\"position\":1,\"name\":\"Home\",\"item\":\"https:\\\/\\\/www.gastac.com\\\/de\\\/\"},{\"@type\":\"ListItem\",\"position\":2,\"name\":\"products\",\"item\":\"https:\\\/\\\/www.gastac.com\\\/de\\\/products\\\/\"},{\"@type\":\"ListItem\",\"position\":3,\"name\":\"Nicht kategorisiert\",\"item\":\"https:\\\/\\\/www.gastac.com\\\/de\\\/product-category\\\/nicht-kategorisiert\\\/\"},{\"@type\":\"ListItem\",\"position\":4,\"name\":\"Gasfeder Kofferraum\"}]},{\"@type\":\"WebSite\",\"@id\":\"https:\\\/\\\/www.gastac.com\\\/de\\\/#website\",\"url\":\"https:\\\/\\\/www.gastac.com\\\/de\\\/\",\"name\":\"Gastac Gas Spring\",\"description\":\"China\u2019s Leading Gas Springs &amp; Struts Manufacturer\",\"publisher\":{\"@id\":\"https:\\\/\\\/www.gastac.com\\\/de\\\/#organization\"},\"potentialAction\":[{\"@type\":\"SearchAction\",\"target\":{\"@type\":\"EntryPoint\",\"urlTemplate\":\"https:\\\/\\\/www.gastac.com\\\/de\\\/?s={search_term_string}\"},\"query-input\":{\"@type\":\"PropertyValueSpecification\",\"valueRequired\":true,\"valueName\":\"search_term_string\"}}],\"inLanguage\":\"de\"},{\"@type\":\"Organization\",\"@id\":\"https:\\\/\\\/www.gastac.com\\\/de\\\/#organization\",\"name\":\"Ningbo Gastac Gas Spring Co.,Ltd\",\"url\":\"https:\\\/\\\/www.gastac.com\\\/de\\\/\",\"logo\":{\"@type\":\"ImageObject\",\"inLanguage\":\"de\",\"@id\":\"https:\\\/\\\/www.gastac.com\\\/de\\\/#\\\/schema\\\/logo\\\/image\\\/\",\"url\":\"https:\\\/\\\/www.gastac.com\\\/wp-content\\\/uploads\\\/2025\\\/09\\\/LOGO\u672c\u8272-\u9ed1.webp\",\"contentUrl\":\"https:\\\/\\\/www.gastac.com\\\/wp-content\\\/uploads\\\/2025\\\/09\\\/LOGO\u672c\u8272-\u9ed1.webp\",\"width\":1920,\"height\":1080,\"caption\":\"Ningbo Gastac Gas Spring Co.,Ltd\"},\"image\":{\"@id\":\"https:\\\/\\\/www.gastac.com\\\/de\\\/#\\\/schema\\\/logo\\\/image\\\/\"},\"sameAs\":[\"https:\\\/\\\/www.facebook.com\\\/profile.php?id=100092358464608\",\"https:\\\/\\\/www.youtube.com\\\/@Gastac-Gas-Spring\",\"https:\\\/\\\/www.linkedin.com\\\/in\\\/gastac-gas-spring\\\/\",\"https:\\\/\\\/www.instagram.com\\\/gastacgasspring\\\/\"]}]}<\/script>\n<!-- \/ Yoast SEO Premium plugin. -->","yoast_head_json":{"title":"Gasfeder Kofferraum | Gastac Gas Spring","robots":{"index":"index","follow":"follow","max-snippet":"max-snippet:-1","max-image-preview":"max-image-preview:large","max-video-preview":"max-video-preview:-1"},"canonical":"https:\/\/www.gastac.com\/de\/produkt\/gasfeder-kofferraum\/","og_locale":"de_DE","og_type":"article","og_title":"Gasfeder Kofferraum","og_description":"Gasfeder Kofferraum Der Gasfeder-Kofferraum ist ein wichtiger Teil des Kofferraummechanismus. Im Idealfall l\u00e4sst sich der Gasd\u00e4mpferkofferraum leicht \u00f6ffnen und langsam [...]","og_url":"https:\/\/www.gastac.com\/de\/produkt\/gasfeder-kofferraum\/","og_site_name":"Gastac Gas Spring","article_publisher":"https:\/\/www.facebook.com\/profile.php?id=100092358464608","article_modified_time":"2025-11-13T10:34:15+00:00","og_image":[{"width":600,"height":600,"url":"https:\/\/www.gastac.com\/wp-content\/uploads\/2025\/11\/kofferraum-dampfer-600x600-1.webp","type":"image\/webp"}],"twitter_card":"summary_large_image","twitter_misc":{"Gesch\u00e4tzte Lesezeit":"1\u00a0Minute"},"schema":{"@context":"https:\/\/schema.org","@graph":[{"@type":"WebPage","@id":"https:\/\/www.gastac.com\/de\/produkt\/gasfeder-kofferraum\/","url":"https:\/\/www.gastac.com\/de\/produkt\/gasfeder-kofferraum\/","name":"Gasfeder Kofferraum | Gastac Gas Spring","isPartOf":{"@id":"https:\/\/www.gastac.com\/de\/#website"},"primaryImageOfPage":{"@id":"https:\/\/www.gastac.com\/de\/produkt\/gasfeder-kofferraum\/#primaryimage"},"image":{"@id":"https:\/\/www.gastac.com\/de\/produkt\/gasfeder-kofferraum\/#primaryimage"},"thumbnailUrl":"https:\/\/www.gastac.com\/wp-content\/uploads\/2025\/11\/kofferraum-dampfer-600x600-1.webp","datePublished":"2025-11-13T10:34:14+00:00","dateModified":"2025-11-13T10:34:15+00:00","breadcrumb":{"@id":"https:\/\/www.gastac.com\/de\/produkt\/gasfeder-kofferraum\/#breadcrumb"},"inLanguage":"de","potentialAction":[{"@type":"ReadAction","target":["https:\/\/www.gastac.com\/de\/produkt\/gasfeder-kofferraum\/"]}]},{"@type":"ImageObject","inLanguage":"de","@id":"https:\/\/www.gastac.com\/de\/produkt\/gasfeder-kofferraum\/#primaryimage","url":"https:\/\/www.gastac.com\/wp-content\/uploads\/2025\/11\/kofferraum-dampfer-600x600-1.webp","contentUrl":"https:\/\/www.gastac.com\/wp-content\/uploads\/2025\/11\/kofferraum-dampfer-600x600-1.webp","width":600,"height":600,"caption":"kofferraum dampfer 600x600"},{"@type":"BreadcrumbList","@id":"https:\/\/www.gastac.com\/de\/produkt\/gasfeder-kofferraum\/#breadcrumb","itemListElement":[{"@type":"ListItem","position":1,"name":"Home","item":"https:\/\/www.gastac.com\/de\/"},{"@type":"ListItem","position":2,"name":"products","item":"https:\/\/www.gastac.com\/de\/products\/"},{"@type":"ListItem","position":3,"name":"Nicht kategorisiert","item":"https:\/\/www.gastac.com\/de\/product-category\/nicht-kategorisiert\/"},{"@type":"ListItem","position":4,"name":"Gasfeder Kofferraum"}]},{"@type":"WebSite","@id":"https:\/\/www.gastac.com\/de\/#website","url":"https:\/\/www.gastac.com\/de\/","name":"Gastac Gas Spring","description":"China\u2019s Leading Gas Springs &amp; Struts Manufacturer","publisher":{"@id":"https:\/\/www.gastac.com\/de\/#organization"},"potentialAction":[{"@type":"SearchAction","target":{"@type":"EntryPoint","urlTemplate":"https:\/\/www.gastac.com\/de\/?s={search_term_string}"},"query-input":{"@type":"PropertyValueSpecification","valueRequired":true,"valueName":"search_term_string"}}],"inLanguage":"de"},{"@type":"Organization","@id":"https:\/\/www.gastac.com\/de\/#organization","name":"Ningbo Gastac Gas Spring Co.,Ltd","url":"https:\/\/www.gastac.com\/de\/","logo":{"@type":"ImageObject","inLanguage":"de","@id":"https:\/\/www.gastac.com\/de\/#\/schema\/logo\/image\/","url":"https:\/\/www.gastac.com\/wp-content\/uploads\/2025\/09\/LOGO\u672c\u8272-\u9ed1.webp","contentUrl":"https:\/\/www.gastac.com\/wp-content\/uploads\/2025\/09\/LOGO\u672c\u8272-\u9ed1.webp","width":1920,"height":1080,"caption":"Ningbo Gastac Gas Spring Co.,Ltd"},"image":{"@id":"https:\/\/www.gastac.com\/de\/#\/schema\/logo\/image\/"},"sameAs":["https:\/\/www.facebook.com\/profile.php?id=100092358464608","https:\/\/www.youtube.com\/@Gastac-Gas-Spring","https:\/\/www.linkedin.com\/in\/gastac-gas-spring\/","https:\/\/www.instagram.com\/gastacgasspring\/"]}]}},"_links":{"self":[{"href":"https:\/\/www.gastac.com\/de\/wp-json\/wp\/v2\/product\/20361","targetHints":{"allow":["GET"]}}],"collection":[{"href":"https:\/\/www.gastac.com\/de\/wp-json\/wp\/v2\/product"}],"about":[{"href":"https:\/\/www.gastac.com\/de\/wp-json\/wp\/v2\/types\/product"}],"replies":[{"embeddable":true,"href":"https:\/\/www.gastac.com\/de\/wp-json\/wp\/v2\/comments?post=20361"}],"wp:featuredmedia":[{"embeddable":true,"href":"https:\/\/www.gastac.com\/de\/wp-json\/wp\/v2\/media\/20372"}],"wp:attachment":[{"href":"https:\/\/www.gastac.com\/de\/wp-json\/wp\/v2\/media?parent=20361"}],"wp:term":[{"taxonomy":"product_brand","embeddable":true,"href":"https:\/\/www.gastac.com\/de\/wp-json\/wp\/v2\/product_brand?post=20361"},{"taxonomy":"product_cat","embeddable":true,"href":"https:\/\/www.gastac.com\/de\/wp-json\/wp\/v2\/product_cat?post=20361"},{"taxonomy":"product_tag","embeddable":true,"href":"https:\/\/www.gastac.com\/de\/wp-json\/wp\/v2\/product_tag?post=20361"}],"curies":[{"name":"wp","href":"https:\/\/api.w.org\/{rel}","templated":true}]}}