{"id":20323,"date":"2025-11-13T10:22:39","date_gmt":"2025-11-13T10:22:39","guid":{"rendered":"https:\/\/www.gastac.com\/?post_type=product&#038;p=20323"},"modified":"2025-11-13T10:22:40","modified_gmt":"2025-11-13T10:22:40","slug":"stossdaempfer-kofferraum","status":"publish","type":"product","link":"https:\/\/www.gastac.com\/de\/produkt\/stossdaempfer-kofferraum\/","title":{"rendered":"Stossd\u00e4mpfer Kofferraum"},"content":{"rendered":"<p><strong>Stossd\u00e4mpfer Kofferraum<\/strong><\/p>\n<div>\n<p>Der Stossd\u00e4mpfer kofferraum, auch Heckklappensto\u00dfd\u00e4mpfer genannt, fungiert als Sto\u00dfd\u00e4mpfer, wobei er mit einem Ende an der Heckklappe und mit dem anderen an der Karosserie befestigt ist. Wenn Sie einen Golf haben und den Kofferraum \u00f6ffnen m\u00fcssen, \u00fcbt der Golf 6 Kofferraumd\u00e4mpfer Druck auf die Heckklappe aus und erleichtert so das \u00d6ffnen. Bei diesem Vorgang bewegt sich ein kleiner Druckkolben im Inneren des Kofferraumd\u00e4mpfers Golf 6, so dass kein weiterer Kraftaufwand erforderlich ist. Der Golf 5 Kofferraumd\u00e4mpfer unterst\u00fctzt somit das \u00d6ffnen des Kofferraums und verhindert gleichzeitig, dass sich die ge\u00f6ffnete Heckklappe beim Beladen sofort wieder schlie\u00dft. Die St\u00e4rke der resultierenden Zugkraft h\u00e4ngt in erster Linie vom F\u00fclldruck des Kofferraumd\u00e4mpfers Golf 5 ab.<\/p>\n<p>Um die Heckklappe stets im Gleichgewicht zu halten, sind auf der linken und rechten Seite des Kofferraums Stossd\u00e4mpfer des Kofferraums verbaut. Ohne die beiden Leitungen Stossd\u00e4mpfer Kofferraum w\u00fcrde der Kofferraumdeckel nicht offen bleiben, sondern unkontrolliert schlie\u00dfen. Daher kann ein defekter Golf 5 6 Kofferraumd\u00e4mpfer zu Sch\u00e4den an Ihrem Golf-Auto f\u00fchren.<\/p>\n<p>Ben\u00f6tigen Sie eine ganz andere Art von Gasfeder? Schreiben Sie uns und wenn m\u00f6glich senden Sie uns ein Foto des gedruckten Modellnamens per E-Mail!<\/p>\n<\/div>\n<div><strong>Gasdruckfede Anwendung<\/strong><\/div>\n<p><img class=\"lazyload\" decoding=\"async\" src=\"data:image\/gif;base64,R0lGODlhAQABAAAAACH5BAEKAAEALAAAAAABAAEAAAICTAEAOw==\" data-orig-src=\"https:\/\/www.gastac.com\/wp-content\/uploads\/2023\/06\/gasfeder-dampfer-431x400.png\" alt=\"Stossd\u00e4mpfer Kofferraum \" \/><img class=\"lazyload\" decoding=\"async\" src=\"data:image\/gif;base64,R0lGODlhAQABAAAAACH5BAEKAAEALAAAAAABAAEAAAICTAEAOw==\" data-orig-src=\"https:\/\/www.gastac.com\/wp-content\/uploads\/2023\/06\/gasfeder-heckklappe-400x400.jpg\" alt=\"Stossd\u00e4mpfer Kofferraum \" \/><\/p>\n","protected":false},"excerpt":{"rendered":"<p>Stossd\u00e4mpfer Kofferraum Der Stossd\u00e4mpfer kofferraum, auch Heckklappensto\u00dfd\u00e4mpfer genannt, fungiert als Sto\u00dfd\u00e4mpfer, wobei er mit einem Ende an der Heckklappe und  [&#8230;]<\/p>\n","protected":false},"featured_media":20333,"comment_status":"open","ping_status":"closed","template":"","meta":[],"product_brand":[],"product_cat":[109],"product_tag":[],"class_list":{"0":"post-20323","1":"product","2":"type-product","3":"status-publish","4":"has-post-thumbnail","6":"product_cat-nicht-kategorisiert","8":"first","9":"instock","10":"shipping-taxable","11":"product-type-simple"},"yoast_head":"<!-- This site is optimized with the Yoast SEO Premium plugin v26.2 (Yoast SEO v27.3) - https:\/\/yoast.com\/product\/yoast-seo-premium-wordpress\/ -->\n<title>Stossd\u00e4mpfer Kofferraum | Gastac Gas Spring<\/title>\n<meta name=\"robots\" content=\"index, follow, max-snippet:-1, max-image-preview:large, max-video-preview:-1\" \/>\n<link rel=\"canonical\" href=\"https:\/\/www.gastac.com\/de\/produkt\/stossdaempfer-kofferraum\/\" \/>\n<meta property=\"og:locale\" content=\"de_DE\" \/>\n<meta property=\"og:type\" content=\"article\" \/>\n<meta property=\"og:title\" content=\"Stossd\u00e4mpfer Kofferraum\" \/>\n<meta property=\"og:description\" content=\"Stossd\u00e4mpfer Kofferraum Der Stossd\u00e4mpfer kofferraum, auch Heckklappensto\u00dfd\u00e4mpfer genannt, fungiert als Sto\u00dfd\u00e4mpfer, wobei er mit einem Ende an der Heckklappe und [...]\" \/>\n<meta property=\"og:url\" content=\"https:\/\/www.gastac.com\/de\/produkt\/stossdaempfer-kofferraum\/\" \/>\n<meta property=\"og:site_name\" content=\"Gastac Gas Spring\" \/>\n<meta property=\"article:publisher\" content=\"https:\/\/www.facebook.com\/profile.php?id=100092358464608\" \/>\n<meta property=\"article:modified_time\" content=\"2025-11-13T10:22:40+00:00\" \/>\n<meta property=\"og:image\" content=\"https:\/\/www.gastac.com\/wp-content\/uploads\/2025\/11\/Stossdampfer-Kofferraum-4.webp\" \/>\n\t<meta property=\"og:image:width\" content=\"600\" \/>\n\t<meta property=\"og:image:height\" content=\"573\" \/>\n\t<meta property=\"og:image:type\" content=\"image\/webp\" \/>\n<meta name=\"twitter:card\" content=\"summary_large_image\" \/>\n<meta name=\"twitter:label1\" content=\"Gesch\u00e4tzte Lesezeit\" \/>\n\t<meta name=\"twitter:data1\" content=\"1\u00a0Minute\" \/>\n<script type=\"application\/ld+json\" class=\"yoast-schema-graph\">{\"@context\":\"https:\\\/\\\/schema.org\",\"@graph\":[{\"@type\":\"WebPage\",\"@id\":\"https:\\\/\\\/www.gastac.com\\\/de\\\/produkt\\\/stossdaempfer-kofferraum\\\/\",\"url\":\"https:\\\/\\\/www.gastac.com\\\/de\\\/produkt\\\/stossdaempfer-kofferraum\\\/\",\"name\":\"Stossd\u00e4mpfer Kofferraum | Gastac Gas Spring\",\"isPartOf\":{\"@id\":\"https:\\\/\\\/www.gastac.com\\\/de\\\/#website\"},\"primaryImageOfPage\":{\"@id\":\"https:\\\/\\\/www.gastac.com\\\/de\\\/produkt\\\/stossdaempfer-kofferraum\\\/#primaryimage\"},\"image\":{\"@id\":\"https:\\\/\\\/www.gastac.com\\\/de\\\/produkt\\\/stossdaempfer-kofferraum\\\/#primaryimage\"},\"thumbnailUrl\":\"https:\\\/\\\/www.gastac.com\\\/wp-content\\\/uploads\\\/2025\\\/11\\\/Stossdampfer-Kofferraum-4.webp\",\"datePublished\":\"2025-11-13T10:22:39+00:00\",\"dateModified\":\"2025-11-13T10:22:40+00:00\",\"breadcrumb\":{\"@id\":\"https:\\\/\\\/www.gastac.com\\\/de\\\/produkt\\\/stossdaempfer-kofferraum\\\/#breadcrumb\"},\"inLanguage\":\"de\",\"potentialAction\":[{\"@type\":\"ReadAction\",\"target\":[\"https:\\\/\\\/www.gastac.com\\\/de\\\/produkt\\\/stossdaempfer-kofferraum\\\/\"]}]},{\"@type\":\"ImageObject\",\"inLanguage\":\"de\",\"@id\":\"https:\\\/\\\/www.gastac.com\\\/de\\\/produkt\\\/stossdaempfer-kofferraum\\\/#primaryimage\",\"url\":\"https:\\\/\\\/www.gastac.com\\\/wp-content\\\/uploads\\\/2025\\\/11\\\/Stossdampfer-Kofferraum-4.webp\",\"contentUrl\":\"https:\\\/\\\/www.gastac.com\\\/wp-content\\\/uploads\\\/2025\\\/11\\\/Stossdampfer-Kofferraum-4.webp\",\"width\":600,\"height\":573,\"caption\":\"Stossd\u00e4mpfer Kofferraum (4)\"},{\"@type\":\"BreadcrumbList\",\"@id\":\"https:\\\/\\\/www.gastac.com\\\/de\\\/produkt\\\/stossdaempfer-kofferraum\\\/#breadcrumb\",\"itemListElement\":[{\"@type\":\"ListItem\",\"position\":1,\"name\":\"Home\",\"item\":\"https:\\\/\\\/www.gastac.com\\\/de\\\/\"},{\"@type\":\"ListItem\",\"position\":2,\"name\":\"products\",\"item\":\"https:\\\/\\\/www.gastac.com\\\/de\\\/products\\\/\"},{\"@type\":\"ListItem\",\"position\":3,\"name\":\"Nicht kategorisiert\",\"item\":\"https:\\\/\\\/www.gastac.com\\\/de\\\/product-category\\\/nicht-kategorisiert\\\/\"},{\"@type\":\"ListItem\",\"position\":4,\"name\":\"Stossd\u00e4mpfer Kofferraum\"}]},{\"@type\":\"WebSite\",\"@id\":\"https:\\\/\\\/www.gastac.com\\\/de\\\/#website\",\"url\":\"https:\\\/\\\/www.gastac.com\\\/de\\\/\",\"name\":\"Gastac Gas Spring\",\"description\":\"China\u2019s Leading Gas Springs &amp; Struts Manufacturer\",\"publisher\":{\"@id\":\"https:\\\/\\\/www.gastac.com\\\/de\\\/#organization\"},\"potentialAction\":[{\"@type\":\"SearchAction\",\"target\":{\"@type\":\"EntryPoint\",\"urlTemplate\":\"https:\\\/\\\/www.gastac.com\\\/de\\\/?s={search_term_string}\"},\"query-input\":{\"@type\":\"PropertyValueSpecification\",\"valueRequired\":true,\"valueName\":\"search_term_string\"}}],\"inLanguage\":\"de\"},{\"@type\":\"Organization\",\"@id\":\"https:\\\/\\\/www.gastac.com\\\/de\\\/#organization\",\"name\":\"Ningbo Gastac Gas Spring Co.,Ltd\",\"url\":\"https:\\\/\\\/www.gastac.com\\\/de\\\/\",\"logo\":{\"@type\":\"ImageObject\",\"inLanguage\":\"de\",\"@id\":\"https:\\\/\\\/www.gastac.com\\\/de\\\/#\\\/schema\\\/logo\\\/image\\\/\",\"url\":\"https:\\\/\\\/www.gastac.com\\\/wp-content\\\/uploads\\\/2025\\\/09\\\/LOGO\u672c\u8272-\u9ed1.webp\",\"contentUrl\":\"https:\\\/\\\/www.gastac.com\\\/wp-content\\\/uploads\\\/2025\\\/09\\\/LOGO\u672c\u8272-\u9ed1.webp\",\"width\":1920,\"height\":1080,\"caption\":\"Ningbo Gastac Gas Spring Co.,Ltd\"},\"image\":{\"@id\":\"https:\\\/\\\/www.gastac.com\\\/de\\\/#\\\/schema\\\/logo\\\/image\\\/\"},\"sameAs\":[\"https:\\\/\\\/www.facebook.com\\\/profile.php?id=100092358464608\",\"https:\\\/\\\/www.youtube.com\\\/@Gastac-Gas-Spring\",\"https:\\\/\\\/www.linkedin.com\\\/in\\\/gastac-gas-spring\\\/\",\"https:\\\/\\\/www.instagram.com\\\/gastacgasspring\\\/\"]}]}<\/script>\n<!-- \/ Yoast SEO Premium plugin. -->","yoast_head_json":{"title":"Stossd\u00e4mpfer Kofferraum | Gastac Gas Spring","robots":{"index":"index","follow":"follow","max-snippet":"max-snippet:-1","max-image-preview":"max-image-preview:large","max-video-preview":"max-video-preview:-1"},"canonical":"https:\/\/www.gastac.com\/de\/produkt\/stossdaempfer-kofferraum\/","og_locale":"de_DE","og_type":"article","og_title":"Stossd\u00e4mpfer Kofferraum","og_description":"Stossd\u00e4mpfer Kofferraum Der Stossd\u00e4mpfer kofferraum, auch Heckklappensto\u00dfd\u00e4mpfer genannt, fungiert als Sto\u00dfd\u00e4mpfer, wobei er mit einem Ende an der Heckklappe und [...]","og_url":"https:\/\/www.gastac.com\/de\/produkt\/stossdaempfer-kofferraum\/","og_site_name":"Gastac Gas Spring","article_publisher":"https:\/\/www.facebook.com\/profile.php?id=100092358464608","article_modified_time":"2025-11-13T10:22:40+00:00","og_image":[{"width":600,"height":573,"url":"https:\/\/www.gastac.com\/wp-content\/uploads\/2025\/11\/Stossdampfer-Kofferraum-4.webp","type":"image\/webp"}],"twitter_card":"summary_large_image","twitter_misc":{"Gesch\u00e4tzte Lesezeit":"1\u00a0Minute"},"schema":{"@context":"https:\/\/schema.org","@graph":[{"@type":"WebPage","@id":"https:\/\/www.gastac.com\/de\/produkt\/stossdaempfer-kofferraum\/","url":"https:\/\/www.gastac.com\/de\/produkt\/stossdaempfer-kofferraum\/","name":"Stossd\u00e4mpfer Kofferraum | Gastac Gas Spring","isPartOf":{"@id":"https:\/\/www.gastac.com\/de\/#website"},"primaryImageOfPage":{"@id":"https:\/\/www.gastac.com\/de\/produkt\/stossdaempfer-kofferraum\/#primaryimage"},"image":{"@id":"https:\/\/www.gastac.com\/de\/produkt\/stossdaempfer-kofferraum\/#primaryimage"},"thumbnailUrl":"https:\/\/www.gastac.com\/wp-content\/uploads\/2025\/11\/Stossdampfer-Kofferraum-4.webp","datePublished":"2025-11-13T10:22:39+00:00","dateModified":"2025-11-13T10:22:40+00:00","breadcrumb":{"@id":"https:\/\/www.gastac.com\/de\/produkt\/stossdaempfer-kofferraum\/#breadcrumb"},"inLanguage":"de","potentialAction":[{"@type":"ReadAction","target":["https:\/\/www.gastac.com\/de\/produkt\/stossdaempfer-kofferraum\/"]}]},{"@type":"ImageObject","inLanguage":"de","@id":"https:\/\/www.gastac.com\/de\/produkt\/stossdaempfer-kofferraum\/#primaryimage","url":"https:\/\/www.gastac.com\/wp-content\/uploads\/2025\/11\/Stossdampfer-Kofferraum-4.webp","contentUrl":"https:\/\/www.gastac.com\/wp-content\/uploads\/2025\/11\/Stossdampfer-Kofferraum-4.webp","width":600,"height":573,"caption":"Stossd\u00e4mpfer Kofferraum (4)"},{"@type":"BreadcrumbList","@id":"https:\/\/www.gastac.com\/de\/produkt\/stossdaempfer-kofferraum\/#breadcrumb","itemListElement":[{"@type":"ListItem","position":1,"name":"Home","item":"https:\/\/www.gastac.com\/de\/"},{"@type":"ListItem","position":2,"name":"products","item":"https:\/\/www.gastac.com\/de\/products\/"},{"@type":"ListItem","position":3,"name":"Nicht kategorisiert","item":"https:\/\/www.gastac.com\/de\/product-category\/nicht-kategorisiert\/"},{"@type":"ListItem","position":4,"name":"Stossd\u00e4mpfer Kofferraum"}]},{"@type":"WebSite","@id":"https:\/\/www.gastac.com\/de\/#website","url":"https:\/\/www.gastac.com\/de\/","name":"Gastac Gas Spring","description":"China\u2019s Leading Gas Springs &amp; Struts Manufacturer","publisher":{"@id":"https:\/\/www.gastac.com\/de\/#organization"},"potentialAction":[{"@type":"SearchAction","target":{"@type":"EntryPoint","urlTemplate":"https:\/\/www.gastac.com\/de\/?s={search_term_string}"},"query-input":{"@type":"PropertyValueSpecification","valueRequired":true,"valueName":"search_term_string"}}],"inLanguage":"de"},{"@type":"Organization","@id":"https:\/\/www.gastac.com\/de\/#organization","name":"Ningbo Gastac Gas Spring Co.,Ltd","url":"https:\/\/www.gastac.com\/de\/","logo":{"@type":"ImageObject","inLanguage":"de","@id":"https:\/\/www.gastac.com\/de\/#\/schema\/logo\/image\/","url":"https:\/\/www.gastac.com\/wp-content\/uploads\/2025\/09\/LOGO\u672c\u8272-\u9ed1.webp","contentUrl":"https:\/\/www.gastac.com\/wp-content\/uploads\/2025\/09\/LOGO\u672c\u8272-\u9ed1.webp","width":1920,"height":1080,"caption":"Ningbo Gastac Gas Spring Co.,Ltd"},"image":{"@id":"https:\/\/www.gastac.com\/de\/#\/schema\/logo\/image\/"},"sameAs":["https:\/\/www.facebook.com\/profile.php?id=100092358464608","https:\/\/www.youtube.com\/@Gastac-Gas-Spring","https:\/\/www.linkedin.com\/in\/gastac-gas-spring\/","https:\/\/www.instagram.com\/gastacgasspring\/"]}]}},"_links":{"self":[{"href":"https:\/\/www.gastac.com\/de\/wp-json\/wp\/v2\/product\/20323","targetHints":{"allow":["GET"]}}],"collection":[{"href":"https:\/\/www.gastac.com\/de\/wp-json\/wp\/v2\/product"}],"about":[{"href":"https:\/\/www.gastac.com\/de\/wp-json\/wp\/v2\/types\/product"}],"replies":[{"embeddable":true,"href":"https:\/\/www.gastac.com\/de\/wp-json\/wp\/v2\/comments?post=20323"}],"wp:featuredmedia":[{"embeddable":true,"href":"https:\/\/www.gastac.com\/de\/wp-json\/wp\/v2\/media\/20333"}],"wp:attachment":[{"href":"https:\/\/www.gastac.com\/de\/wp-json\/wp\/v2\/media?parent=20323"}],"wp:term":[{"taxonomy":"product_brand","embeddable":true,"href":"https:\/\/www.gastac.com\/de\/wp-json\/wp\/v2\/product_brand?post=20323"},{"taxonomy":"product_cat","embeddable":true,"href":"https:\/\/www.gastac.com\/de\/wp-json\/wp\/v2\/product_cat?post=20323"},{"taxonomy":"product_tag","embeddable":true,"href":"https:\/\/www.gastac.com\/de\/wp-json\/wp\/v2\/product_tag?post=20323"}],"curies":[{"name":"wp","href":"https:\/\/api.w.org\/{rel}","templated":true}]}}