{"id":20306,"date":"2025-11-13T10:17:01","date_gmt":"2025-11-13T10:17:01","guid":{"rendered":"https:\/\/www.gastac.com\/?post_type=product&#038;p=20306"},"modified":"2025-11-13T10:17:02","modified_gmt":"2025-11-13T10:17:02","slug":"stossdaempfern-kofferraum","status":"publish","type":"product","link":"https:\/\/www.gastac.com\/de\/produkt\/stossdaempfern-kofferraum\/","title":{"rendered":"Sto\u00dfd\u00e4mpfern Kofferraum"},"content":{"rendered":"<p><strong>Sto\u00dfd\u00e4mpfern Kofferraum<\/strong><\/p>\n<div>\n<p>So erkennen Sie einen defekten Sto\u00dfd\u00e4mpfer im Kofferraum?<br \/>\nNormalerweise durch \u00dcberpr\u00fcfen des Hyundai i10-Kofferraumd\u00e4mpfers, der im Kofferraum des Hyundai-Autos installiert ist. \u00d6lflecken auf der Oberfl\u00e4che des Sto\u00dfd\u00e4mpfer-Kofferraums, verformte Zylinder oder Kolbenstangen sowie lose Verbindungselemente sind Anzeichen daf\u00fcr, dass diese ausgetauscht werden m\u00fcssen. Ein neuer Sto\u00dfd\u00e4mpfer f\u00fcr die Kofferraumklappe ist ebenfalls erforderlich, wenn die R\u00fcckseite nicht in der urspr\u00fcnglichen \u00d6ffnungsposition bleibt.<\/p>\n<p>Ob sto\u00dfd\u00e4mpfer kofferraum einer Diagnose bedarf, erkennen Sie anhand der folgenden Symptome:<br \/>\nDer Kofferraumdeckel \u00f6ffnet sich zu pl\u00f6tzlich; der Kofferraumdeckel muss besonders im Winter mit \u00fcberm\u00e4\u00dfiger Kraft ge\u00f6ffnet werden; Au\u00dfenger\u00e4usche aus dem Heck des Autos w\u00e4hrend der Fahrt.<br \/>\nSto\u00dfd\u00e4mpfer Kofferraum Fehlerursachenanalyse<br \/>\nDer Kofferraum-Sto\u00dfd\u00e4mpfer f\u00e4llt aufgrund der rauen Betriebsbedingungen des Fahrzeugs h\u00e4ufig aus. Insbesondere niedrige Umgebungstemperaturen tragen dazu bei, den Druck in den Flaschen zu senken. Dies kann die Effizienz des Bauteils erheblich reduzieren. Auch regelm\u00e4\u00dfige Fahrten auf staubigen Stra\u00dfen f\u00fchren h\u00e4ufig zu Verschmutzungen an der Innenseite der Federn. Dies kann zu verstopften Kolbenstangen oder verstopften Entl\u00fcftungsventilen sowie zu Ver\u00e4nderungen der \u00d6leigenschaften f\u00fchren.<\/p>\n<p>Ben\u00f6tigen Sie eine ganz andere Art von Gasfeder? Schreiben Sie uns und wenn m\u00f6glich senden Sie uns ein Foto des gedruckten Modellnamens per E-Mail!<\/p>\n<\/div>\n<div><strong>Gasdruckfede Anwendung<\/strong><\/div>\n<p><img decoding=\"async\" class=\"lazyload \" src=\"data:image\/svg+xml,%3Csvg%20xmlns%3D%27http%3A%2F%2Fwww.w3.org%2F2000%2Fsvg%27%20width%3D%27362%27%20height%3D%27328%27%20viewBox%3D%270%200%20362%20328%27%3E%3Crect%20width%3D%27362%27%20height%3D%27328%27%20fill-opacity%3D%220%22%2F%3E%3C%2Fsvg%3E\" data-orig-src=\"https:\/\/gastac.com\/wp-content\/uploads\/2023\/06\/hyundai-i10-kofferraum-dampfer-441x400.jpg\" alt=\"Sto\u00dfd\u00e4mpfern Kofferraum \" width=\"362\" height=\"328\" \/><img class=\"lazyload\" decoding=\"async\" src=\"data:image\/gif;base64,R0lGODlhAQABAAAAACH5BAEKAAEALAAAAAABAAEAAAICTAEAOw==\" data-orig-src=\"https:\/\/gastac.com\/wp-content\/uploads\/2023\/06\/kofferraumklappe-dampfer.jpg\" alt=\"Sto\u00dfd\u00e4mpfern Kofferraum \" \/><\/p>\n","protected":false},"excerpt":{"rendered":"<p>Sto\u00dfd\u00e4mpfern Kofferraum So erkennen Sie einen defekten Sto\u00dfd\u00e4mpfer im Kofferraum? Normalerweise durch \u00dcberpr\u00fcfen des Hyundai i10-Kofferraumd\u00e4mpfers, der im Kofferraum des  [&#8230;]<\/p>\n","protected":false},"featured_media":20311,"comment_status":"open","ping_status":"closed","template":"","meta":[],"product_brand":[],"product_cat":[109],"product_tag":[],"class_list":{"0":"post-20306","1":"product","2":"type-product","3":"status-publish","4":"has-post-thumbnail","6":"product_cat-nicht-kategorisiert","8":"first","9":"instock","10":"shipping-taxable","11":"product-type-simple"},"yoast_head":"<!-- This site is optimized with the Yoast SEO Premium plugin v26.2 (Yoast SEO v27.3) - https:\/\/yoast.com\/product\/yoast-seo-premium-wordpress\/ -->\n<title>Sto\u00dfd\u00e4mpfern Kofferraum | Gastac Gas Spring<\/title>\n<meta name=\"robots\" content=\"index, follow, max-snippet:-1, max-image-preview:large, max-video-preview:-1\" \/>\n<link rel=\"canonical\" href=\"https:\/\/www.gastac.com\/de\/produkt\/stossdaempfern-kofferraum\/\" \/>\n<meta property=\"og:locale\" content=\"de_DE\" \/>\n<meta property=\"og:type\" content=\"article\" \/>\n<meta property=\"og:title\" content=\"Sto\u00dfd\u00e4mpfern Kofferraum\" \/>\n<meta property=\"og:description\" content=\"Sto\u00dfd\u00e4mpfern Kofferraum So erkennen Sie einen defekten Sto\u00dfd\u00e4mpfer im Kofferraum? Normalerweise durch \u00dcberpr\u00fcfen des Hyundai i10-Kofferraumd\u00e4mpfers, der im Kofferraum des [...]\" \/>\n<meta property=\"og:url\" content=\"https:\/\/www.gastac.com\/de\/produkt\/stossdaempfern-kofferraum\/\" \/>\n<meta property=\"og:site_name\" content=\"Gastac Gas Spring\" \/>\n<meta property=\"article:publisher\" content=\"https:\/\/www.facebook.com\/profile.php?id=100092358464608\" \/>\n<meta property=\"article:modified_time\" content=\"2025-11-13T10:17:02+00:00\" \/>\n<meta property=\"og:image\" content=\"https:\/\/www.gastac.com\/wp-content\/uploads\/2025\/11\/stosdampfer-kofferraum-600x600-1.webp\" \/>\n\t<meta property=\"og:image:width\" content=\"600\" \/>\n\t<meta property=\"og:image:height\" content=\"600\" \/>\n\t<meta property=\"og:image:type\" content=\"image\/webp\" \/>\n<meta name=\"twitter:card\" content=\"summary_large_image\" \/>\n<meta name=\"twitter:label1\" content=\"Gesch\u00e4tzte Lesezeit\" \/>\n\t<meta name=\"twitter:data1\" content=\"1\u00a0Minute\" \/>\n<script type=\"application\/ld+json\" class=\"yoast-schema-graph\">{\"@context\":\"https:\\\/\\\/schema.org\",\"@graph\":[{\"@type\":\"WebPage\",\"@id\":\"https:\\\/\\\/www.gastac.com\\\/de\\\/produkt\\\/stossdaempfern-kofferraum\\\/\",\"url\":\"https:\\\/\\\/www.gastac.com\\\/de\\\/produkt\\\/stossdaempfern-kofferraum\\\/\",\"name\":\"Sto\u00dfd\u00e4mpfern Kofferraum | Gastac Gas Spring\",\"isPartOf\":{\"@id\":\"https:\\\/\\\/www.gastac.com\\\/de\\\/#website\"},\"primaryImageOfPage\":{\"@id\":\"https:\\\/\\\/www.gastac.com\\\/de\\\/produkt\\\/stossdaempfern-kofferraum\\\/#primaryimage\"},\"image\":{\"@id\":\"https:\\\/\\\/www.gastac.com\\\/de\\\/produkt\\\/stossdaempfern-kofferraum\\\/#primaryimage\"},\"thumbnailUrl\":\"https:\\\/\\\/www.gastac.com\\\/wp-content\\\/uploads\\\/2025\\\/11\\\/stosdampfer-kofferraum-600x600-1.webp\",\"datePublished\":\"2025-11-13T10:17:01+00:00\",\"dateModified\":\"2025-11-13T10:17:02+00:00\",\"breadcrumb\":{\"@id\":\"https:\\\/\\\/www.gastac.com\\\/de\\\/produkt\\\/stossdaempfern-kofferraum\\\/#breadcrumb\"},\"inLanguage\":\"de\",\"potentialAction\":[{\"@type\":\"ReadAction\",\"target\":[\"https:\\\/\\\/www.gastac.com\\\/de\\\/produkt\\\/stossdaempfern-kofferraum\\\/\"]}]},{\"@type\":\"ImageObject\",\"inLanguage\":\"de\",\"@id\":\"https:\\\/\\\/www.gastac.com\\\/de\\\/produkt\\\/stossdaempfern-kofferraum\\\/#primaryimage\",\"url\":\"https:\\\/\\\/www.gastac.com\\\/wp-content\\\/uploads\\\/2025\\\/11\\\/stosdampfer-kofferraum-600x600-1.webp\",\"contentUrl\":\"https:\\\/\\\/www.gastac.com\\\/wp-content\\\/uploads\\\/2025\\\/11\\\/stosdampfer-kofferraum-600x600-1.webp\",\"width\":600,\"height\":600,\"caption\":\"stosdampfer kofferraum 600x600\"},{\"@type\":\"BreadcrumbList\",\"@id\":\"https:\\\/\\\/www.gastac.com\\\/de\\\/produkt\\\/stossdaempfern-kofferraum\\\/#breadcrumb\",\"itemListElement\":[{\"@type\":\"ListItem\",\"position\":1,\"name\":\"Home\",\"item\":\"https:\\\/\\\/www.gastac.com\\\/de\\\/\"},{\"@type\":\"ListItem\",\"position\":2,\"name\":\"products\",\"item\":\"https:\\\/\\\/www.gastac.com\\\/de\\\/products\\\/\"},{\"@type\":\"ListItem\",\"position\":3,\"name\":\"Nicht kategorisiert\",\"item\":\"https:\\\/\\\/www.gastac.com\\\/de\\\/product-category\\\/nicht-kategorisiert\\\/\"},{\"@type\":\"ListItem\",\"position\":4,\"name\":\"Sto\u00dfd\u00e4mpfern Kofferraum\"}]},{\"@type\":\"WebSite\",\"@id\":\"https:\\\/\\\/www.gastac.com\\\/de\\\/#website\",\"url\":\"https:\\\/\\\/www.gastac.com\\\/de\\\/\",\"name\":\"Gastac Gas Spring\",\"description\":\"China\u2019s Leading Gas Springs &amp; Struts Manufacturer\",\"publisher\":{\"@id\":\"https:\\\/\\\/www.gastac.com\\\/de\\\/#organization\"},\"potentialAction\":[{\"@type\":\"SearchAction\",\"target\":{\"@type\":\"EntryPoint\",\"urlTemplate\":\"https:\\\/\\\/www.gastac.com\\\/de\\\/?s={search_term_string}\"},\"query-input\":{\"@type\":\"PropertyValueSpecification\",\"valueRequired\":true,\"valueName\":\"search_term_string\"}}],\"inLanguage\":\"de\"},{\"@type\":\"Organization\",\"@id\":\"https:\\\/\\\/www.gastac.com\\\/de\\\/#organization\",\"name\":\"Ningbo Gastac Gas Spring Co.,Ltd\",\"url\":\"https:\\\/\\\/www.gastac.com\\\/de\\\/\",\"logo\":{\"@type\":\"ImageObject\",\"inLanguage\":\"de\",\"@id\":\"https:\\\/\\\/www.gastac.com\\\/de\\\/#\\\/schema\\\/logo\\\/image\\\/\",\"url\":\"https:\\\/\\\/www.gastac.com\\\/wp-content\\\/uploads\\\/2025\\\/09\\\/LOGO\u672c\u8272-\u9ed1.webp\",\"contentUrl\":\"https:\\\/\\\/www.gastac.com\\\/wp-content\\\/uploads\\\/2025\\\/09\\\/LOGO\u672c\u8272-\u9ed1.webp\",\"width\":1920,\"height\":1080,\"caption\":\"Ningbo Gastac Gas Spring Co.,Ltd\"},\"image\":{\"@id\":\"https:\\\/\\\/www.gastac.com\\\/de\\\/#\\\/schema\\\/logo\\\/image\\\/\"},\"sameAs\":[\"https:\\\/\\\/www.facebook.com\\\/profile.php?id=100092358464608\",\"https:\\\/\\\/www.youtube.com\\\/@Gastac-Gas-Spring\",\"https:\\\/\\\/www.linkedin.com\\\/in\\\/gastac-gas-spring\\\/\",\"https:\\\/\\\/www.instagram.com\\\/gastacgasspring\\\/\"]}]}<\/script>\n<!-- \/ Yoast SEO Premium plugin. -->","yoast_head_json":{"title":"Sto\u00dfd\u00e4mpfern Kofferraum | Gastac Gas Spring","robots":{"index":"index","follow":"follow","max-snippet":"max-snippet:-1","max-image-preview":"max-image-preview:large","max-video-preview":"max-video-preview:-1"},"canonical":"https:\/\/www.gastac.com\/de\/produkt\/stossdaempfern-kofferraum\/","og_locale":"de_DE","og_type":"article","og_title":"Sto\u00dfd\u00e4mpfern Kofferraum","og_description":"Sto\u00dfd\u00e4mpfern Kofferraum So erkennen Sie einen defekten Sto\u00dfd\u00e4mpfer im Kofferraum? Normalerweise durch \u00dcberpr\u00fcfen des Hyundai i10-Kofferraumd\u00e4mpfers, der im Kofferraum des [...]","og_url":"https:\/\/www.gastac.com\/de\/produkt\/stossdaempfern-kofferraum\/","og_site_name":"Gastac Gas Spring","article_publisher":"https:\/\/www.facebook.com\/profile.php?id=100092358464608","article_modified_time":"2025-11-13T10:17:02+00:00","og_image":[{"width":600,"height":600,"url":"https:\/\/www.gastac.com\/wp-content\/uploads\/2025\/11\/stosdampfer-kofferraum-600x600-1.webp","type":"image\/webp"}],"twitter_card":"summary_large_image","twitter_misc":{"Gesch\u00e4tzte Lesezeit":"1\u00a0Minute"},"schema":{"@context":"https:\/\/schema.org","@graph":[{"@type":"WebPage","@id":"https:\/\/www.gastac.com\/de\/produkt\/stossdaempfern-kofferraum\/","url":"https:\/\/www.gastac.com\/de\/produkt\/stossdaempfern-kofferraum\/","name":"Sto\u00dfd\u00e4mpfern Kofferraum | Gastac Gas Spring","isPartOf":{"@id":"https:\/\/www.gastac.com\/de\/#website"},"primaryImageOfPage":{"@id":"https:\/\/www.gastac.com\/de\/produkt\/stossdaempfern-kofferraum\/#primaryimage"},"image":{"@id":"https:\/\/www.gastac.com\/de\/produkt\/stossdaempfern-kofferraum\/#primaryimage"},"thumbnailUrl":"https:\/\/www.gastac.com\/wp-content\/uploads\/2025\/11\/stosdampfer-kofferraum-600x600-1.webp","datePublished":"2025-11-13T10:17:01+00:00","dateModified":"2025-11-13T10:17:02+00:00","breadcrumb":{"@id":"https:\/\/www.gastac.com\/de\/produkt\/stossdaempfern-kofferraum\/#breadcrumb"},"inLanguage":"de","potentialAction":[{"@type":"ReadAction","target":["https:\/\/www.gastac.com\/de\/produkt\/stossdaempfern-kofferraum\/"]}]},{"@type":"ImageObject","inLanguage":"de","@id":"https:\/\/www.gastac.com\/de\/produkt\/stossdaempfern-kofferraum\/#primaryimage","url":"https:\/\/www.gastac.com\/wp-content\/uploads\/2025\/11\/stosdampfer-kofferraum-600x600-1.webp","contentUrl":"https:\/\/www.gastac.com\/wp-content\/uploads\/2025\/11\/stosdampfer-kofferraum-600x600-1.webp","width":600,"height":600,"caption":"stosdampfer kofferraum 600x600"},{"@type":"BreadcrumbList","@id":"https:\/\/www.gastac.com\/de\/produkt\/stossdaempfern-kofferraum\/#breadcrumb","itemListElement":[{"@type":"ListItem","position":1,"name":"Home","item":"https:\/\/www.gastac.com\/de\/"},{"@type":"ListItem","position":2,"name":"products","item":"https:\/\/www.gastac.com\/de\/products\/"},{"@type":"ListItem","position":3,"name":"Nicht kategorisiert","item":"https:\/\/www.gastac.com\/de\/product-category\/nicht-kategorisiert\/"},{"@type":"ListItem","position":4,"name":"Sto\u00dfd\u00e4mpfern Kofferraum"}]},{"@type":"WebSite","@id":"https:\/\/www.gastac.com\/de\/#website","url":"https:\/\/www.gastac.com\/de\/","name":"Gastac Gas Spring","description":"China\u2019s Leading Gas Springs &amp; Struts Manufacturer","publisher":{"@id":"https:\/\/www.gastac.com\/de\/#organization"},"potentialAction":[{"@type":"SearchAction","target":{"@type":"EntryPoint","urlTemplate":"https:\/\/www.gastac.com\/de\/?s={search_term_string}"},"query-input":{"@type":"PropertyValueSpecification","valueRequired":true,"valueName":"search_term_string"}}],"inLanguage":"de"},{"@type":"Organization","@id":"https:\/\/www.gastac.com\/de\/#organization","name":"Ningbo Gastac Gas Spring Co.,Ltd","url":"https:\/\/www.gastac.com\/de\/","logo":{"@type":"ImageObject","inLanguage":"de","@id":"https:\/\/www.gastac.com\/de\/#\/schema\/logo\/image\/","url":"https:\/\/www.gastac.com\/wp-content\/uploads\/2025\/09\/LOGO\u672c\u8272-\u9ed1.webp","contentUrl":"https:\/\/www.gastac.com\/wp-content\/uploads\/2025\/09\/LOGO\u672c\u8272-\u9ed1.webp","width":1920,"height":1080,"caption":"Ningbo Gastac Gas Spring Co.,Ltd"},"image":{"@id":"https:\/\/www.gastac.com\/de\/#\/schema\/logo\/image\/"},"sameAs":["https:\/\/www.facebook.com\/profile.php?id=100092358464608","https:\/\/www.youtube.com\/@Gastac-Gas-Spring","https:\/\/www.linkedin.com\/in\/gastac-gas-spring\/","https:\/\/www.instagram.com\/gastacgasspring\/"]}]}},"_links":{"self":[{"href":"https:\/\/www.gastac.com\/de\/wp-json\/wp\/v2\/product\/20306","targetHints":{"allow":["GET"]}}],"collection":[{"href":"https:\/\/www.gastac.com\/de\/wp-json\/wp\/v2\/product"}],"about":[{"href":"https:\/\/www.gastac.com\/de\/wp-json\/wp\/v2\/types\/product"}],"replies":[{"embeddable":true,"href":"https:\/\/www.gastac.com\/de\/wp-json\/wp\/v2\/comments?post=20306"}],"wp:featuredmedia":[{"embeddable":true,"href":"https:\/\/www.gastac.com\/de\/wp-json\/wp\/v2\/media\/20311"}],"wp:attachment":[{"href":"https:\/\/www.gastac.com\/de\/wp-json\/wp\/v2\/media?parent=20306"}],"wp:term":[{"taxonomy":"product_brand","embeddable":true,"href":"https:\/\/www.gastac.com\/de\/wp-json\/wp\/v2\/product_brand?post=20306"},{"taxonomy":"product_cat","embeddable":true,"href":"https:\/\/www.gastac.com\/de\/wp-json\/wp\/v2\/product_cat?post=20306"},{"taxonomy":"product_tag","embeddable":true,"href":"https:\/\/www.gastac.com\/de\/wp-json\/wp\/v2\/product_tag?post=20306"}],"curies":[{"name":"wp","href":"https:\/\/api.w.org\/{rel}","templated":true}]}}