{"id":20298,"date":"2025-11-13T10:14:34","date_gmt":"2025-11-13T10:14:34","guid":{"rendered":"https:\/\/www.gastac.com\/?post_type=product&#038;p=20298"},"modified":"2025-11-13T10:14:35","modified_gmt":"2025-11-13T10:14:35","slug":"daempfer-heckklappe","status":"publish","type":"product","link":"https:\/\/www.gastac.com\/de\/produkt\/daempfer-heckklappe\/","title":{"rendered":"D\u00e4mpfer Heckklappe"},"content":{"rendered":"<p><strong>D\u00e4mpfer Heckklappe<\/strong><\/p>\n<p>Gasfedern \u00f6ffnen und schlie\u00dfen m\u00fchelos Kofferraum, Heckklappe und Motorhaube. Dar\u00fcber hinaus sind sie an anderen Stellen im Fahrzeug zu finden, beispielsweise im Lenkungsd\u00e4mpfer oder in den Motord\u00e4mpfern,D\u00e4mpfer Heckklappe.<\/p>\n<p>Gasfedern erleichtern das \u00d6ffnen und Gasfedern und D\u00e4mpfer das einfache und bequeme Schlie\u00dfen des Kofferraums bzw. der Heckklappe und der Motorhaube. Mit der D\u00e4mpfer-Heckklappe gen\u00fcgt eine Hand, um die gasfederunterst\u00fctzte Heckklappe zu bet\u00e4tigen. Beim \u00d6ffnen der Klappe halten Gasfedern diese sicher und fest in den Endpositionen. Beim Schlie\u00dfen d\u00e4mpft der D\u00e4mpfer die Bewegung der Heckklappe sanft und die Klappe schlie\u00dft leise. Neben D\u00e4mpfern werden Gasfedern auch anderswo in Kraftfahrzeugen eingesetzt, etwa als Lenkungsd\u00e4mpfer oder Motord\u00e4mpfer; Zum Beispiel der Audi A3 Heckklappend\u00e4mpfer\u00a0in Audi-Fahrzeugen, genauer gesagt der Audi A3 8P Heckklappend\u00e4mpfer.<br \/>\n<img decoding=\"async\" class=\"lazyload aligncenter\" src=\"data:image\/gif;base64,R0lGODlhAQABAAAAACH5BAEKAAEALAAAAAABAAEAAAICTAEAOw==\" data-orig-src=\"https:\/\/gastac.com\/wp-content\/uploads\/2023\/06\/Gasdruckdampfer-100-kg.png\" alt=\"D\u00e4mpfer Heckklappe \" \/><br \/>\nVorteile von Gasfedern<\/p>\n<ol>\n<li>Kompakte Gasfeder und D\u00e4mpfer<\/li>\n<li>Einfache Konstruktion<\/li>\n<li>Definierbare Geschwindigkeit<\/li>\n<li>Komfortable Kraftunterst\u00fctzung, leicht zu \u00f6ffnen<\/li>\n<li>Reibungsloser und reibungsloser Funktionsablauf<\/li>\n<li>Definierbare Federeigenschaften<\/li>\n<li>Bewegungsd\u00e4mpfung<\/li>\n<li>Sicherheit<\/li>\n<\/ol>\n<p>Gasfedern erf\u00fcllen die hohen Anforderungen der Automobilhersteller. Diese Gasdruckfedern und D\u00e4mpfer sind f\u00fcr einen sicheren Betrieb, insbesondere f\u00fcr das Offenhalten der Klappen, ausgelegt. Daher m\u00fcssen beim Austausch die geforderten Qualit\u00e4tsmerkmale ber\u00fccksichtigt werden. Hinweis: Sind in einer Klappe zwei Gasfedern verbaut, sollten diese immer paarweise ausgetauscht werden.<\/p>\n<p>Wir verkaufen Industriegasfedern \/ Gasfedern. Allgemein anwendbar, zum Beispiel:<br \/>\n\u2013 Verkauf von Anh\u00e4ngern, Pferdekutschen, diversen Anh\u00e4ngern<br \/>\n\u2013 Dachboxen, Dachtr\u00e4ger<br \/>\n\u2013 Motor, Motorhaube<br \/>\n\u2013 Kofferraum, Heckklappe<br \/>\n\u2013 Dachluken, Dachtreppen<br \/>\n\u2013 BMW, Audi, Smart, Nissan, Hyundai, Opel, Skoda, Volkswagen, Ford<br \/>\n\u2013 ETC.<\/p>\n<p>Ben\u00f6tigen Sie eine ganz andere Art von Gasfeder? Schreiben Sie uns und wenn m\u00f6glich senden Sie uns ein Foto des gedruckten Modellnamens per E-Mail sales@gastac-com-591077.hostingersite.com!<\/p>\n<p><strong>Gasdruckfede Anwendung<\/strong><br \/>\n<img class=\"lazyload\" decoding=\"async\" src=\"data:image\/gif;base64,R0lGODlhAQABAAAAACH5BAEKAAEALAAAAAABAAEAAAICTAEAOw==\" data-orig-src=\"https:\/\/www.gastac.com\/wp-content\/uploads\/2023\/06\/corsa-c-heckklappendampfer-398x400.png\" alt=\"D\u00e4mpfer Heckklappe \" \/><img class=\"lazyload\" decoding=\"async\" src=\"data:image\/gif;base64,R0lGODlhAQABAAAAACH5BAEKAAEALAAAAAABAAEAAAICTAEAOw==\" data-orig-src=\"https:\/\/www.gastac.com\/wp-content\/uploads\/2023\/06\/dampfer-heckklappe-407x400.jpg\" alt=\"D\u00e4mpfer Heckklappe \" \/><\/p>\n","protected":false},"excerpt":{"rendered":"<p>D\u00e4mpfer Heckklappe Gasfedern \u00f6ffnen und schlie\u00dfen m\u00fchelos Kofferraum, Heckklappe und Motorhaube. Dar\u00fcber hinaus sind sie an anderen Stellen im Fahrzeug  [&#8230;]<\/p>\n","protected":false},"featured_media":20303,"comment_status":"open","ping_status":"closed","template":"","meta":[],"product_brand":[],"product_cat":[109],"product_tag":[],"class_list":{"0":"post-20298","1":"product","2":"type-product","3":"status-publish","4":"has-post-thumbnail","6":"product_cat-nicht-kategorisiert","8":"first","9":"instock","10":"shipping-taxable","11":"product-type-simple"},"yoast_head":"<!-- This site is optimized with the Yoast SEO Premium plugin v26.2 (Yoast SEO v27.4) - https:\/\/yoast.com\/product\/yoast-seo-premium-wordpress\/ -->\n<title>D\u00e4mpfer Heckklappe | Gastac Gas Spring<\/title>\n<meta name=\"robots\" content=\"index, follow, max-snippet:-1, max-image-preview:large, max-video-preview:-1\" \/>\n<link rel=\"canonical\" href=\"https:\/\/www.gastac.com\/de\/produkt\/daempfer-heckklappe\/\" \/>\n<meta property=\"og:locale\" content=\"de_DE\" \/>\n<meta property=\"og:type\" content=\"article\" \/>\n<meta property=\"og:title\" content=\"D\u00e4mpfer Heckklappe\" \/>\n<meta property=\"og:description\" content=\"D\u00e4mpfer Heckklappe Gasfedern \u00f6ffnen und schlie\u00dfen m\u00fchelos Kofferraum, Heckklappe und Motorhaube. Dar\u00fcber hinaus sind sie an anderen Stellen im Fahrzeug [...]\" \/>\n<meta property=\"og:url\" content=\"https:\/\/www.gastac.com\/de\/produkt\/daempfer-heckklappe\/\" \/>\n<meta property=\"og:site_name\" content=\"Gastac Gas Spring\" \/>\n<meta property=\"article:publisher\" content=\"https:\/\/www.facebook.com\/profile.php?id=100092358464608\" \/>\n<meta property=\"article:modified_time\" content=\"2025-11-13T10:14:35+00:00\" \/>\n<meta property=\"og:image\" content=\"https:\/\/www.gastac.com\/wp-content\/uploads\/2025\/11\/audi-a3-8p-heckklappendampfer-600x623-1.webp\" \/>\n\t<meta property=\"og:image:width\" content=\"600\" \/>\n\t<meta property=\"og:image:height\" content=\"623\" \/>\n\t<meta property=\"og:image:type\" content=\"image\/webp\" \/>\n<meta name=\"twitter:card\" content=\"summary_large_image\" \/>\n<meta name=\"twitter:label1\" content=\"Gesch\u00e4tzte Lesezeit\" \/>\n\t<meta name=\"twitter:data1\" content=\"1\u00a0Minute\" \/>\n<script type=\"application\/ld+json\" class=\"yoast-schema-graph\">{\"@context\":\"https:\\\/\\\/schema.org\",\"@graph\":[{\"@type\":\"WebPage\",\"@id\":\"https:\\\/\\\/www.gastac.com\\\/de\\\/produkt\\\/daempfer-heckklappe\\\/\",\"url\":\"https:\\\/\\\/www.gastac.com\\\/de\\\/produkt\\\/daempfer-heckklappe\\\/\",\"name\":\"D\u00e4mpfer Heckklappe | Gastac Gas Spring\",\"isPartOf\":{\"@id\":\"https:\\\/\\\/www.gastac.com\\\/de\\\/#website\"},\"primaryImageOfPage\":{\"@id\":\"https:\\\/\\\/www.gastac.com\\\/de\\\/produkt\\\/daempfer-heckklappe\\\/#primaryimage\"},\"image\":{\"@id\":\"https:\\\/\\\/www.gastac.com\\\/de\\\/produkt\\\/daempfer-heckklappe\\\/#primaryimage\"},\"thumbnailUrl\":\"https:\\\/\\\/www.gastac.com\\\/wp-content\\\/uploads\\\/2025\\\/11\\\/audi-a3-8p-heckklappendampfer-600x623-1.webp\",\"datePublished\":\"2025-11-13T10:14:34+00:00\",\"dateModified\":\"2025-11-13T10:14:35+00:00\",\"breadcrumb\":{\"@id\":\"https:\\\/\\\/www.gastac.com\\\/de\\\/produkt\\\/daempfer-heckklappe\\\/#breadcrumb\"},\"inLanguage\":\"de\",\"potentialAction\":[{\"@type\":\"ReadAction\",\"target\":[\"https:\\\/\\\/www.gastac.com\\\/de\\\/produkt\\\/daempfer-heckklappe\\\/\"]}]},{\"@type\":\"ImageObject\",\"inLanguage\":\"de\",\"@id\":\"https:\\\/\\\/www.gastac.com\\\/de\\\/produkt\\\/daempfer-heckklappe\\\/#primaryimage\",\"url\":\"https:\\\/\\\/www.gastac.com\\\/wp-content\\\/uploads\\\/2025\\\/11\\\/audi-a3-8p-heckklappendampfer-600x623-1.webp\",\"contentUrl\":\"https:\\\/\\\/www.gastac.com\\\/wp-content\\\/uploads\\\/2025\\\/11\\\/audi-a3-8p-heckklappendampfer-600x623-1.webp\",\"width\":600,\"height\":623,\"caption\":\"audi a3 8p heckklappendampfer 600x623\"},{\"@type\":\"BreadcrumbList\",\"@id\":\"https:\\\/\\\/www.gastac.com\\\/de\\\/produkt\\\/daempfer-heckklappe\\\/#breadcrumb\",\"itemListElement\":[{\"@type\":\"ListItem\",\"position\":1,\"name\":\"Home\",\"item\":\"https:\\\/\\\/www.gastac.com\\\/de\\\/\"},{\"@type\":\"ListItem\",\"position\":2,\"name\":\"products\",\"item\":\"https:\\\/\\\/www.gastac.com\\\/de\\\/products\\\/\"},{\"@type\":\"ListItem\",\"position\":3,\"name\":\"Nicht kategorisiert\",\"item\":\"https:\\\/\\\/www.gastac.com\\\/de\\\/product-category\\\/nicht-kategorisiert\\\/\"},{\"@type\":\"ListItem\",\"position\":4,\"name\":\"D\u00e4mpfer Heckklappe\"}]},{\"@type\":\"WebSite\",\"@id\":\"https:\\\/\\\/www.gastac.com\\\/de\\\/#website\",\"url\":\"https:\\\/\\\/www.gastac.com\\\/de\\\/\",\"name\":\"Gastac Gas Spring\",\"description\":\"China\u2019s Leading Gas Springs &amp; Struts Manufacturer\",\"publisher\":{\"@id\":\"https:\\\/\\\/www.gastac.com\\\/de\\\/#organization\"},\"potentialAction\":[{\"@type\":\"SearchAction\",\"target\":{\"@type\":\"EntryPoint\",\"urlTemplate\":\"https:\\\/\\\/www.gastac.com\\\/de\\\/?s={search_term_string}\"},\"query-input\":{\"@type\":\"PropertyValueSpecification\",\"valueRequired\":true,\"valueName\":\"search_term_string\"}}],\"inLanguage\":\"de\"},{\"@type\":\"Organization\",\"@id\":\"https:\\\/\\\/www.gastac.com\\\/de\\\/#organization\",\"name\":\"Ningbo Gastac Gas Spring Co.,Ltd\",\"url\":\"https:\\\/\\\/www.gastac.com\\\/de\\\/\",\"logo\":{\"@type\":\"ImageObject\",\"inLanguage\":\"de\",\"@id\":\"https:\\\/\\\/www.gastac.com\\\/de\\\/#\\\/schema\\\/logo\\\/image\\\/\",\"url\":\"https:\\\/\\\/www.gastac.com\\\/wp-content\\\/uploads\\\/2025\\\/09\\\/LOGO\u672c\u8272-\u9ed1.webp\",\"contentUrl\":\"https:\\\/\\\/www.gastac.com\\\/wp-content\\\/uploads\\\/2025\\\/09\\\/LOGO\u672c\u8272-\u9ed1.webp\",\"width\":1920,\"height\":1080,\"caption\":\"Ningbo Gastac Gas Spring Co.,Ltd\"},\"image\":{\"@id\":\"https:\\\/\\\/www.gastac.com\\\/de\\\/#\\\/schema\\\/logo\\\/image\\\/\"},\"sameAs\":[\"https:\\\/\\\/www.facebook.com\\\/profile.php?id=100092358464608\",\"https:\\\/\\\/www.youtube.com\\\/@Gastac-Gas-Spring\",\"https:\\\/\\\/www.linkedin.com\\\/in\\\/gastac-gas-spring\\\/\",\"https:\\\/\\\/www.instagram.com\\\/gastacgasspring\\\/\"]}]}<\/script>\n<!-- \/ Yoast SEO Premium plugin. -->","yoast_head_json":{"title":"D\u00e4mpfer Heckklappe | Gastac Gas Spring","robots":{"index":"index","follow":"follow","max-snippet":"max-snippet:-1","max-image-preview":"max-image-preview:large","max-video-preview":"max-video-preview:-1"},"canonical":"https:\/\/www.gastac.com\/de\/produkt\/daempfer-heckklappe\/","og_locale":"de_DE","og_type":"article","og_title":"D\u00e4mpfer Heckklappe","og_description":"D\u00e4mpfer Heckklappe Gasfedern \u00f6ffnen und schlie\u00dfen m\u00fchelos Kofferraum, Heckklappe und Motorhaube. Dar\u00fcber hinaus sind sie an anderen Stellen im Fahrzeug [...]","og_url":"https:\/\/www.gastac.com\/de\/produkt\/daempfer-heckklappe\/","og_site_name":"Gastac Gas Spring","article_publisher":"https:\/\/www.facebook.com\/profile.php?id=100092358464608","article_modified_time":"2025-11-13T10:14:35+00:00","og_image":[{"width":600,"height":623,"url":"https:\/\/www.gastac.com\/wp-content\/uploads\/2025\/11\/audi-a3-8p-heckklappendampfer-600x623-1.webp","type":"image\/webp"}],"twitter_card":"summary_large_image","twitter_misc":{"Gesch\u00e4tzte Lesezeit":"1\u00a0Minute"},"schema":{"@context":"https:\/\/schema.org","@graph":[{"@type":"WebPage","@id":"https:\/\/www.gastac.com\/de\/produkt\/daempfer-heckklappe\/","url":"https:\/\/www.gastac.com\/de\/produkt\/daempfer-heckklappe\/","name":"D\u00e4mpfer Heckklappe | Gastac Gas Spring","isPartOf":{"@id":"https:\/\/www.gastac.com\/de\/#website"},"primaryImageOfPage":{"@id":"https:\/\/www.gastac.com\/de\/produkt\/daempfer-heckklappe\/#primaryimage"},"image":{"@id":"https:\/\/www.gastac.com\/de\/produkt\/daempfer-heckklappe\/#primaryimage"},"thumbnailUrl":"https:\/\/www.gastac.com\/wp-content\/uploads\/2025\/11\/audi-a3-8p-heckklappendampfer-600x623-1.webp","datePublished":"2025-11-13T10:14:34+00:00","dateModified":"2025-11-13T10:14:35+00:00","breadcrumb":{"@id":"https:\/\/www.gastac.com\/de\/produkt\/daempfer-heckklappe\/#breadcrumb"},"inLanguage":"de","potentialAction":[{"@type":"ReadAction","target":["https:\/\/www.gastac.com\/de\/produkt\/daempfer-heckklappe\/"]}]},{"@type":"ImageObject","inLanguage":"de","@id":"https:\/\/www.gastac.com\/de\/produkt\/daempfer-heckklappe\/#primaryimage","url":"https:\/\/www.gastac.com\/wp-content\/uploads\/2025\/11\/audi-a3-8p-heckklappendampfer-600x623-1.webp","contentUrl":"https:\/\/www.gastac.com\/wp-content\/uploads\/2025\/11\/audi-a3-8p-heckklappendampfer-600x623-1.webp","width":600,"height":623,"caption":"audi a3 8p heckklappendampfer 600x623"},{"@type":"BreadcrumbList","@id":"https:\/\/www.gastac.com\/de\/produkt\/daempfer-heckklappe\/#breadcrumb","itemListElement":[{"@type":"ListItem","position":1,"name":"Home","item":"https:\/\/www.gastac.com\/de\/"},{"@type":"ListItem","position":2,"name":"products","item":"https:\/\/www.gastac.com\/de\/products\/"},{"@type":"ListItem","position":3,"name":"Nicht kategorisiert","item":"https:\/\/www.gastac.com\/de\/product-category\/nicht-kategorisiert\/"},{"@type":"ListItem","position":4,"name":"D\u00e4mpfer Heckklappe"}]},{"@type":"WebSite","@id":"https:\/\/www.gastac.com\/de\/#website","url":"https:\/\/www.gastac.com\/de\/","name":"Gastac Gas Spring","description":"China\u2019s Leading Gas Springs &amp; Struts Manufacturer","publisher":{"@id":"https:\/\/www.gastac.com\/de\/#organization"},"potentialAction":[{"@type":"SearchAction","target":{"@type":"EntryPoint","urlTemplate":"https:\/\/www.gastac.com\/de\/?s={search_term_string}"},"query-input":{"@type":"PropertyValueSpecification","valueRequired":true,"valueName":"search_term_string"}}],"inLanguage":"de"},{"@type":"Organization","@id":"https:\/\/www.gastac.com\/de\/#organization","name":"Ningbo Gastac Gas Spring Co.,Ltd","url":"https:\/\/www.gastac.com\/de\/","logo":{"@type":"ImageObject","inLanguage":"de","@id":"https:\/\/www.gastac.com\/de\/#\/schema\/logo\/image\/","url":"https:\/\/www.gastac.com\/wp-content\/uploads\/2025\/09\/LOGO\u672c\u8272-\u9ed1.webp","contentUrl":"https:\/\/www.gastac.com\/wp-content\/uploads\/2025\/09\/LOGO\u672c\u8272-\u9ed1.webp","width":1920,"height":1080,"caption":"Ningbo Gastac Gas Spring Co.,Ltd"},"image":{"@id":"https:\/\/www.gastac.com\/de\/#\/schema\/logo\/image\/"},"sameAs":["https:\/\/www.facebook.com\/profile.php?id=100092358464608","https:\/\/www.youtube.com\/@Gastac-Gas-Spring","https:\/\/www.linkedin.com\/in\/gastac-gas-spring\/","https:\/\/www.instagram.com\/gastacgasspring\/"]}]}},"_links":{"self":[{"href":"https:\/\/www.gastac.com\/de\/wp-json\/wp\/v2\/product\/20298","targetHints":{"allow":["GET"]}}],"collection":[{"href":"https:\/\/www.gastac.com\/de\/wp-json\/wp\/v2\/product"}],"about":[{"href":"https:\/\/www.gastac.com\/de\/wp-json\/wp\/v2\/types\/product"}],"replies":[{"embeddable":true,"href":"https:\/\/www.gastac.com\/de\/wp-json\/wp\/v2\/comments?post=20298"}],"wp:featuredmedia":[{"embeddable":true,"href":"https:\/\/www.gastac.com\/de\/wp-json\/wp\/v2\/media\/20303"}],"wp:attachment":[{"href":"https:\/\/www.gastac.com\/de\/wp-json\/wp\/v2\/media?parent=20298"}],"wp:term":[{"taxonomy":"product_brand","embeddable":true,"href":"https:\/\/www.gastac.com\/de\/wp-json\/wp\/v2\/product_brand?post=20298"},{"taxonomy":"product_cat","embeddable":true,"href":"https:\/\/www.gastac.com\/de\/wp-json\/wp\/v2\/product_cat?post=20298"},{"taxonomy":"product_tag","embeddable":true,"href":"https:\/\/www.gastac.com\/de\/wp-json\/wp\/v2\/product_tag?post=20298"}],"curies":[{"name":"wp","href":"https:\/\/api.w.org\/{rel}","templated":true}]}}