{"id":20242,"date":"2025-11-13T09:32:43","date_gmt":"2025-11-13T09:32:43","guid":{"rendered":"https:\/\/www.gastac.com\/?post_type=product&#038;p=20242"},"modified":"2025-11-13T09:32:44","modified_gmt":"2025-11-13T09:32:44","slug":"gasdaempfer-heckklappe","status":"publish","type":"product","link":"https:\/\/www.gastac.com\/de\/produkt\/gasdaempfer-heckklappe\/","title":{"rendered":"Gasd\u00e4mpfer Heckklappe"},"content":{"rendered":"<p><strong>Gasd\u00e4mpfer Heckklappe<\/strong><\/p>\n<p>Wie funktioniert die Gasd\u00e4mpfer-Heckklappe?<\/p>\n<p>Kofferraumsto\u00dfd\u00e4mpfer, auch Heckklappensto\u00dfd\u00e4mpfer oder Gasd\u00e4mpfer Heckklappe genannt, fungieren als Sto\u00dfd\u00e4mpfer und werden an einem Ende an der Heckklappe und am anderen Ende an der Karosserie befestigt. Wenn Sie den Kofferraum Ihres Autos \u00f6ffnen, \u00fcben die in den Kofferraumsto\u00dfd\u00e4mpfern integrierten Gasfedern Druck auf die Heckklappe aus und erleichtern so das \u00d6ffnen. Bei diesem Vorgang bewegt sich ein kleiner Druckkolben innerhalb der Gasd\u00e4mpfer-Heckklappe, so dass kein weiterer Kraftaufwand erforderlich ist. Die komprimierte Gasfeder unterst\u00fctzt somit das \u00d6ffnen des Kofferraums und verhindert gleichzeitig, dass sich die ge\u00f6ffnete Heckklappe beim Beladen sofort wieder schlie\u00dft. Die St\u00e4rke der resultierenden Zugkraft h\u00e4ngt in erster Linie vom F\u00fclldruck der Gasd\u00e4mpfer-Heckklappe ab.<\/p>\n<p>Um die Heckklappe jederzeit im Gleichgewicht zu halten, ist der Porsche Cayenne Heck Klappend\u00e4mpfer links und rechts im Kofferraum des Porsche Cayenne verbaut. Ohne die beiden Kofferraum-Sto\u00dfd\u00e4mpfer k\u00f6nnte der 10 kg schwere Kofferraumdeckel nicht offen bleiben, sondern w\u00fcrde unkontrolliert schlie\u00dfen. So kann ein defekter Kofferraumd\u00e4mpfer und insbesondere eine nicht funktionierende Kofferraumgasfeder zu Verletzungen f\u00fchren.<\/p>\n<p>Zu beachten ist, dass die meisten Gasdruckfedern an Heckklappe und Motorhaube nicht zum Bef\u00fcllen geeignet sind. Deshalb m\u00fcssen sie bei Funktionsst\u00f6rungen komplett ausgetauscht werden.<\/p>\n<p>Wir verkaufen Industriegasfedern \/ Gasfedern. Allgemein anwendbar, zum Beispiel:<br \/>\n\u2013 Verkauf von Anh\u00e4ngern, Pferdekutschen, diversen Anh\u00e4ngern<br \/>\n\u2013 Dachboxen, Dachtr\u00e4ger<br \/>\n\u2013 Motor, Motorhaube<br \/>\n\u2013 Kofferraum, Heckklappe<br \/>\n\u2013 Dachluken, Dachtreppen<br \/>\n\u2013 BMW, Audi, Smart, Nissan, Hyundai, Opel, Skoda, Volkswagen, Ford<br \/>\n\u2013 ETC.<\/p>\n<p>Ben\u00f6tigen Sie eine ganz andere Art von Gasfeder? Schreiben Sie uns und wenn m\u00f6glich senden Sie uns ein Foto des gedruckten Modellnamens per E-Mail sales@gastac-com-591077.hostingersite.com!<\/p>\n<p><strong>Gasdruckfede Anwendung<\/strong><br \/>\n<img class=\"lazyload\" decoding=\"async\" src=\"data:image\/gif;base64,R0lGODlhAQABAAAAACH5BAEKAAEALAAAAAABAAEAAAICTAEAOw==\" data-orig-src=\"https:\/\/www.gastac.com\/wp-content\/uploads\/2023\/06\/heckklappendampfer-hyundai-tucson-1-415x400.jpg\" alt=\"Gasd\u00e4mpfer Heckklappe \" \/><img class=\"lazyload\" decoding=\"async\" src=\"data:image\/gif;base64,R0lGODlhAQABAAAAACH5BAEKAAEALAAAAAABAAEAAAICTAEAOw==\" data-orig-src=\"https:\/\/www.gastac.com\/wp-content\/uploads\/2023\/06\/bmw-e61-elektrische-heckklappe-dampfer-400x400.jpg\" alt=\"Gasd\u00e4mpfer Heckklappe \" \/><\/p>\n","protected":false},"excerpt":{"rendered":"<p>Gasd\u00e4mpfer Heckklappe Wie funktioniert die Gasd\u00e4mpfer-Heckklappe? Kofferraumsto\u00dfd\u00e4mpfer, auch Heckklappensto\u00dfd\u00e4mpfer oder Gasd\u00e4mpfer Heckklappe genannt, fungieren als Sto\u00dfd\u00e4mpfer und werden an einem  [&#8230;]<\/p>\n","protected":false},"featured_media":20247,"comment_status":"open","ping_status":"closed","template":"","meta":[],"product_brand":[],"product_cat":[109],"product_tag":[],"class_list":{"0":"post-20242","1":"product","2":"type-product","3":"status-publish","4":"has-post-thumbnail","6":"product_cat-nicht-kategorisiert","8":"first","9":"instock","10":"shipping-taxable","11":"product-type-simple"},"yoast_head":"<!-- This site is optimized with the Yoast SEO Premium plugin v26.2 (Yoast SEO v27.4) - https:\/\/yoast.com\/product\/yoast-seo-premium-wordpress\/ -->\n<title>Gasd\u00e4mpfer Heckklappe | Gastac Gas Spring<\/title>\n<meta name=\"robots\" content=\"index, follow, max-snippet:-1, max-image-preview:large, max-video-preview:-1\" \/>\n<link rel=\"canonical\" href=\"https:\/\/www.gastac.com\/de\/produkt\/gasdaempfer-heckklappe\/\" \/>\n<meta property=\"og:locale\" content=\"de_DE\" \/>\n<meta property=\"og:type\" content=\"article\" \/>\n<meta property=\"og:title\" content=\"Gasd\u00e4mpfer Heckklappe\" \/>\n<meta property=\"og:description\" content=\"Gasd\u00e4mpfer Heckklappe Wie funktioniert die Gasd\u00e4mpfer-Heckklappe? Kofferraumsto\u00dfd\u00e4mpfer, auch Heckklappensto\u00dfd\u00e4mpfer oder Gasd\u00e4mpfer Heckklappe genannt, fungieren als Sto\u00dfd\u00e4mpfer und werden an einem [...]\" \/>\n<meta property=\"og:url\" content=\"https:\/\/www.gastac.com\/de\/produkt\/gasdaempfer-heckklappe\/\" \/>\n<meta property=\"og:site_name\" content=\"Gastac Gas Spring\" \/>\n<meta property=\"article:publisher\" content=\"https:\/\/www.facebook.com\/profile.php?id=100092358464608\" \/>\n<meta property=\"article:modified_time\" content=\"2025-11-13T09:32:44+00:00\" \/>\n<meta property=\"og:image\" content=\"https:\/\/www.gastac.com\/wp-content\/uploads\/2025\/11\/Gasdampfer-Heckklappe-4.webp\" \/>\n\t<meta property=\"og:image:width\" content=\"600\" \/>\n\t<meta property=\"og:image:height\" content=\"600\" \/>\n\t<meta property=\"og:image:type\" content=\"image\/webp\" \/>\n<meta name=\"twitter:card\" content=\"summary_large_image\" \/>\n<meta name=\"twitter:label1\" content=\"Gesch\u00e4tzte Lesezeit\" \/>\n\t<meta name=\"twitter:data1\" content=\"1\u00a0Minute\" \/>\n<script type=\"application\/ld+json\" class=\"yoast-schema-graph\">{\"@context\":\"https:\\\/\\\/schema.org\",\"@graph\":[{\"@type\":\"WebPage\",\"@id\":\"https:\\\/\\\/www.gastac.com\\\/de\\\/produkt\\\/gasdaempfer-heckklappe\\\/\",\"url\":\"https:\\\/\\\/www.gastac.com\\\/de\\\/produkt\\\/gasdaempfer-heckklappe\\\/\",\"name\":\"Gasd\u00e4mpfer Heckklappe | Gastac Gas Spring\",\"isPartOf\":{\"@id\":\"https:\\\/\\\/www.gastac.com\\\/de\\\/#website\"},\"primaryImageOfPage\":{\"@id\":\"https:\\\/\\\/www.gastac.com\\\/de\\\/produkt\\\/gasdaempfer-heckklappe\\\/#primaryimage\"},\"image\":{\"@id\":\"https:\\\/\\\/www.gastac.com\\\/de\\\/produkt\\\/gasdaempfer-heckklappe\\\/#primaryimage\"},\"thumbnailUrl\":\"https:\\\/\\\/www.gastac.com\\\/wp-content\\\/uploads\\\/2025\\\/11\\\/Gasdampfer-Heckklappe-4.webp\",\"datePublished\":\"2025-11-13T09:32:43+00:00\",\"dateModified\":\"2025-11-13T09:32:44+00:00\",\"breadcrumb\":{\"@id\":\"https:\\\/\\\/www.gastac.com\\\/de\\\/produkt\\\/gasdaempfer-heckklappe\\\/#breadcrumb\"},\"inLanguage\":\"de\",\"potentialAction\":[{\"@type\":\"ReadAction\",\"target\":[\"https:\\\/\\\/www.gastac.com\\\/de\\\/produkt\\\/gasdaempfer-heckklappe\\\/\"]}]},{\"@type\":\"ImageObject\",\"inLanguage\":\"de\",\"@id\":\"https:\\\/\\\/www.gastac.com\\\/de\\\/produkt\\\/gasdaempfer-heckklappe\\\/#primaryimage\",\"url\":\"https:\\\/\\\/www.gastac.com\\\/wp-content\\\/uploads\\\/2025\\\/11\\\/Gasdampfer-Heckklappe-4.webp\",\"contentUrl\":\"https:\\\/\\\/www.gastac.com\\\/wp-content\\\/uploads\\\/2025\\\/11\\\/Gasdampfer-Heckklappe-4.webp\",\"width\":600,\"height\":600,\"caption\":\"Gasd\u00e4mpfer Heckklappe (4)\"},{\"@type\":\"BreadcrumbList\",\"@id\":\"https:\\\/\\\/www.gastac.com\\\/de\\\/produkt\\\/gasdaempfer-heckklappe\\\/#breadcrumb\",\"itemListElement\":[{\"@type\":\"ListItem\",\"position\":1,\"name\":\"Home\",\"item\":\"https:\\\/\\\/www.gastac.com\\\/de\\\/\"},{\"@type\":\"ListItem\",\"position\":2,\"name\":\"products\",\"item\":\"https:\\\/\\\/www.gastac.com\\\/de\\\/products\\\/\"},{\"@type\":\"ListItem\",\"position\":3,\"name\":\"Nicht kategorisiert\",\"item\":\"https:\\\/\\\/www.gastac.com\\\/de\\\/product-category\\\/nicht-kategorisiert\\\/\"},{\"@type\":\"ListItem\",\"position\":4,\"name\":\"Gasd\u00e4mpfer Heckklappe\"}]},{\"@type\":\"WebSite\",\"@id\":\"https:\\\/\\\/www.gastac.com\\\/de\\\/#website\",\"url\":\"https:\\\/\\\/www.gastac.com\\\/de\\\/\",\"name\":\"Gastac Gas Spring\",\"description\":\"China\u2019s Leading Gas Springs &amp; Struts Manufacturer\",\"publisher\":{\"@id\":\"https:\\\/\\\/www.gastac.com\\\/de\\\/#organization\"},\"potentialAction\":[{\"@type\":\"SearchAction\",\"target\":{\"@type\":\"EntryPoint\",\"urlTemplate\":\"https:\\\/\\\/www.gastac.com\\\/de\\\/?s={search_term_string}\"},\"query-input\":{\"@type\":\"PropertyValueSpecification\",\"valueRequired\":true,\"valueName\":\"search_term_string\"}}],\"inLanguage\":\"de\"},{\"@type\":\"Organization\",\"@id\":\"https:\\\/\\\/www.gastac.com\\\/de\\\/#organization\",\"name\":\"Ningbo Gastac Gas Spring Co.,Ltd\",\"url\":\"https:\\\/\\\/www.gastac.com\\\/de\\\/\",\"logo\":{\"@type\":\"ImageObject\",\"inLanguage\":\"de\",\"@id\":\"https:\\\/\\\/www.gastac.com\\\/de\\\/#\\\/schema\\\/logo\\\/image\\\/\",\"url\":\"https:\\\/\\\/www.gastac.com\\\/wp-content\\\/uploads\\\/2025\\\/09\\\/LOGO\u672c\u8272-\u9ed1.webp\",\"contentUrl\":\"https:\\\/\\\/www.gastac.com\\\/wp-content\\\/uploads\\\/2025\\\/09\\\/LOGO\u672c\u8272-\u9ed1.webp\",\"width\":1920,\"height\":1080,\"caption\":\"Ningbo Gastac Gas Spring Co.,Ltd\"},\"image\":{\"@id\":\"https:\\\/\\\/www.gastac.com\\\/de\\\/#\\\/schema\\\/logo\\\/image\\\/\"},\"sameAs\":[\"https:\\\/\\\/www.facebook.com\\\/profile.php?id=100092358464608\",\"https:\\\/\\\/www.youtube.com\\\/@Gastac-Gas-Spring\",\"https:\\\/\\\/www.linkedin.com\\\/in\\\/gastac-gas-spring\\\/\",\"https:\\\/\\\/www.instagram.com\\\/gastacgasspring\\\/\"]}]}<\/script>\n<!-- \/ Yoast SEO Premium plugin. -->","yoast_head_json":{"title":"Gasd\u00e4mpfer Heckklappe | Gastac Gas Spring","robots":{"index":"index","follow":"follow","max-snippet":"max-snippet:-1","max-image-preview":"max-image-preview:large","max-video-preview":"max-video-preview:-1"},"canonical":"https:\/\/www.gastac.com\/de\/produkt\/gasdaempfer-heckklappe\/","og_locale":"de_DE","og_type":"article","og_title":"Gasd\u00e4mpfer Heckklappe","og_description":"Gasd\u00e4mpfer Heckklappe Wie funktioniert die Gasd\u00e4mpfer-Heckklappe? Kofferraumsto\u00dfd\u00e4mpfer, auch Heckklappensto\u00dfd\u00e4mpfer oder Gasd\u00e4mpfer Heckklappe genannt, fungieren als Sto\u00dfd\u00e4mpfer und werden an einem [...]","og_url":"https:\/\/www.gastac.com\/de\/produkt\/gasdaempfer-heckklappe\/","og_site_name":"Gastac Gas Spring","article_publisher":"https:\/\/www.facebook.com\/profile.php?id=100092358464608","article_modified_time":"2025-11-13T09:32:44+00:00","og_image":[{"width":600,"height":600,"url":"https:\/\/www.gastac.com\/wp-content\/uploads\/2025\/11\/Gasdampfer-Heckklappe-4.webp","type":"image\/webp"}],"twitter_card":"summary_large_image","twitter_misc":{"Gesch\u00e4tzte Lesezeit":"1\u00a0Minute"},"schema":{"@context":"https:\/\/schema.org","@graph":[{"@type":"WebPage","@id":"https:\/\/www.gastac.com\/de\/produkt\/gasdaempfer-heckklappe\/","url":"https:\/\/www.gastac.com\/de\/produkt\/gasdaempfer-heckklappe\/","name":"Gasd\u00e4mpfer Heckklappe | Gastac Gas Spring","isPartOf":{"@id":"https:\/\/www.gastac.com\/de\/#website"},"primaryImageOfPage":{"@id":"https:\/\/www.gastac.com\/de\/produkt\/gasdaempfer-heckklappe\/#primaryimage"},"image":{"@id":"https:\/\/www.gastac.com\/de\/produkt\/gasdaempfer-heckklappe\/#primaryimage"},"thumbnailUrl":"https:\/\/www.gastac.com\/wp-content\/uploads\/2025\/11\/Gasdampfer-Heckklappe-4.webp","datePublished":"2025-11-13T09:32:43+00:00","dateModified":"2025-11-13T09:32:44+00:00","breadcrumb":{"@id":"https:\/\/www.gastac.com\/de\/produkt\/gasdaempfer-heckklappe\/#breadcrumb"},"inLanguage":"de","potentialAction":[{"@type":"ReadAction","target":["https:\/\/www.gastac.com\/de\/produkt\/gasdaempfer-heckklappe\/"]}]},{"@type":"ImageObject","inLanguage":"de","@id":"https:\/\/www.gastac.com\/de\/produkt\/gasdaempfer-heckklappe\/#primaryimage","url":"https:\/\/www.gastac.com\/wp-content\/uploads\/2025\/11\/Gasdampfer-Heckklappe-4.webp","contentUrl":"https:\/\/www.gastac.com\/wp-content\/uploads\/2025\/11\/Gasdampfer-Heckklappe-4.webp","width":600,"height":600,"caption":"Gasd\u00e4mpfer Heckklappe (4)"},{"@type":"BreadcrumbList","@id":"https:\/\/www.gastac.com\/de\/produkt\/gasdaempfer-heckklappe\/#breadcrumb","itemListElement":[{"@type":"ListItem","position":1,"name":"Home","item":"https:\/\/www.gastac.com\/de\/"},{"@type":"ListItem","position":2,"name":"products","item":"https:\/\/www.gastac.com\/de\/products\/"},{"@type":"ListItem","position":3,"name":"Nicht kategorisiert","item":"https:\/\/www.gastac.com\/de\/product-category\/nicht-kategorisiert\/"},{"@type":"ListItem","position":4,"name":"Gasd\u00e4mpfer Heckklappe"}]},{"@type":"WebSite","@id":"https:\/\/www.gastac.com\/de\/#website","url":"https:\/\/www.gastac.com\/de\/","name":"Gastac Gas Spring","description":"China\u2019s Leading Gas Springs &amp; Struts Manufacturer","publisher":{"@id":"https:\/\/www.gastac.com\/de\/#organization"},"potentialAction":[{"@type":"SearchAction","target":{"@type":"EntryPoint","urlTemplate":"https:\/\/www.gastac.com\/de\/?s={search_term_string}"},"query-input":{"@type":"PropertyValueSpecification","valueRequired":true,"valueName":"search_term_string"}}],"inLanguage":"de"},{"@type":"Organization","@id":"https:\/\/www.gastac.com\/de\/#organization","name":"Ningbo Gastac Gas Spring Co.,Ltd","url":"https:\/\/www.gastac.com\/de\/","logo":{"@type":"ImageObject","inLanguage":"de","@id":"https:\/\/www.gastac.com\/de\/#\/schema\/logo\/image\/","url":"https:\/\/www.gastac.com\/wp-content\/uploads\/2025\/09\/LOGO\u672c\u8272-\u9ed1.webp","contentUrl":"https:\/\/www.gastac.com\/wp-content\/uploads\/2025\/09\/LOGO\u672c\u8272-\u9ed1.webp","width":1920,"height":1080,"caption":"Ningbo Gastac Gas Spring Co.,Ltd"},"image":{"@id":"https:\/\/www.gastac.com\/de\/#\/schema\/logo\/image\/"},"sameAs":["https:\/\/www.facebook.com\/profile.php?id=100092358464608","https:\/\/www.youtube.com\/@Gastac-Gas-Spring","https:\/\/www.linkedin.com\/in\/gastac-gas-spring\/","https:\/\/www.instagram.com\/gastacgasspring\/"]}]}},"_links":{"self":[{"href":"https:\/\/www.gastac.com\/de\/wp-json\/wp\/v2\/product\/20242","targetHints":{"allow":["GET"]}}],"collection":[{"href":"https:\/\/www.gastac.com\/de\/wp-json\/wp\/v2\/product"}],"about":[{"href":"https:\/\/www.gastac.com\/de\/wp-json\/wp\/v2\/types\/product"}],"replies":[{"embeddable":true,"href":"https:\/\/www.gastac.com\/de\/wp-json\/wp\/v2\/comments?post=20242"}],"wp:featuredmedia":[{"embeddable":true,"href":"https:\/\/www.gastac.com\/de\/wp-json\/wp\/v2\/media\/20247"}],"wp:attachment":[{"href":"https:\/\/www.gastac.com\/de\/wp-json\/wp\/v2\/media?parent=20242"}],"wp:term":[{"taxonomy":"product_brand","embeddable":true,"href":"https:\/\/www.gastac.com\/de\/wp-json\/wp\/v2\/product_brand?post=20242"},{"taxonomy":"product_cat","embeddable":true,"href":"https:\/\/www.gastac.com\/de\/wp-json\/wp\/v2\/product_cat?post=20242"},{"taxonomy":"product_tag","embeddable":true,"href":"https:\/\/www.gastac.com\/de\/wp-json\/wp\/v2\/product_tag?post=20242"}],"curies":[{"name":"wp","href":"https:\/\/api.w.org\/{rel}","templated":true}]}}