{"id":20228,"date":"2025-11-13T09:25:55","date_gmt":"2025-11-13T09:25:55","guid":{"rendered":"https:\/\/www.gastac.com\/?post_type=product&#038;p=20228"},"modified":"2025-11-13T09:25:55","modified_gmt":"2025-11-13T09:25:55","slug":"gasdruckfeder-heckklappe","status":"publish","type":"product","link":"https:\/\/www.gastac.com\/de\/produkt\/gasdruckfeder-heckklappe\/","title":{"rendered":"Gasdruckfeder Heckklappe"},"content":{"rendered":"<p><strong>Gasdruckfeder Heckklappe<\/strong><\/p>\n<p>Zugegebenerma\u00dfen macht die Gasdruckfeder Heckklappe \u2013 auch bekannt als D\u00e4mpfer f\u00fcr Heckklappe oder Gasfeder Heckklappe \u2013 Ihr Auto nicht schneller, agiler oder attraktiver. Aber es wird viel bequemer sein. Sobald das Fahrzeug steht und Sie die Heckklappe \u00f6ffnen m\u00f6chten, kommt die Gasdruckfeder Heckklappe zum Einsatz. Wenn Sie einen BMW fahren, halten Sie den Heckklappend\u00e4mpfer Ihres BMW E39 Touring wahrscheinlich f\u00fcr selbstverst\u00e4ndlich, da diese Autoteile mittlerweile bei vielen Modellen Standard sind. Man \u00f6ffnet die Heckklappe und sie \u00f6ffnet sich wie von Zauberhand. F\u00fcr alle BMW Fahrer ohne BMW E39 Heckklappend\u00e4mpfer ist die Vorgehensweise ganz unterschiedlich. Gl\u00fccklicherweise ist die Nachr\u00fcstung eines Autos mit neuen Motorhaubenstreben relativ einfach.<\/p>\n<p>Der Preis einer neuen Gasdruckfeder Heckklappe h\u00e4ngt von mehreren Faktoren ab: dem Modell, dem Hersteller und nat\u00fcrlich dem Online-Shop, bei dem Sie den D\u00e4mpfer f\u00fcr Heckklappe kaufen. Bei Gastac erhalten Sie ein Rundum-Sorglos-Paket. Unser Gasdruckfeder-Heckklappen-Sortiment umfasst mehr als 635 verschiedene Produkte. Als einer der professionellsten Gasfederhersteller in China geben wir unseren g\u00fcnstigen Gro\u00dfhandelspreis an unsere Kunden weiter. Dar\u00fcber hinaus profitieren Sie nicht nur vom g\u00fcnstigen Sto\u00dfd\u00e4mpfer Heckklappe selbst, sondern auch von unseren blitzschnellen Lieferzeiten.<\/p>\n<p>Ben\u00f6tigen Sie eine ganz andere Art von Gasfeder? Schreiben Sie uns und wenn m\u00f6glich senden Sie uns ein Foto des gedruckten Modellnamens per E-Mail sales@gastac-com-591077.hostingersite.com!<\/p>\n<p><strong>Gasdruckfede Anwendung<\/strong><br \/>\n<img class=\"lazyload\" decoding=\"async\" src=\"data:image\/gif;base64,R0lGODlhAQABAAAAACH5BAEKAAEALAAAAAABAAEAAAICTAEAOw==\" data-orig-src=\"https:\/\/www.gastac.com\/wp-content\/uploads\/2023\/06\/heckklappendampfer-nissan-qashqai-j11-440x400.jpg\" alt=\"Gasdruckfeder Heckklappe \" \/><img class=\"lazyload\" decoding=\"async\" src=\"data:image\/gif;base64,R0lGODlhAQABAAAAACH5BAEKAAEALAAAAAABAAEAAAICTAEAOw==\" data-orig-src=\"https:\/\/www.gastac.com\/wp-content\/uploads\/2023\/06\/gasfeder-heckklappe-nissan-qashqai-j11-425x400.jpg\" alt=\"Gasdruckfeder Heckklappe \" \/><\/p>\n","protected":false},"excerpt":{"rendered":"<p>Gasdruckfeder Heckklappe Zugegebenerma\u00dfen macht die Gasdruckfeder Heckklappe \u2013 auch bekannt als D\u00e4mpfer f\u00fcr Heckklappe oder Gasfeder Heckklappe \u2013 Ihr Auto  [&#8230;]<\/p>\n","protected":false},"featured_media":20231,"comment_status":"open","ping_status":"closed","template":"","meta":[],"product_brand":[],"product_cat":[109],"product_tag":[],"class_list":{"0":"post-20228","1":"product","2":"type-product","3":"status-publish","4":"has-post-thumbnail","6":"product_cat-nicht-kategorisiert","8":"first","9":"instock","10":"shipping-taxable","11":"product-type-simple"},"yoast_head":"<!-- This site is optimized with the Yoast SEO Premium plugin v26.2 (Yoast SEO v27.4) - https:\/\/yoast.com\/product\/yoast-seo-premium-wordpress\/ -->\n<title>Gasdruckfeder Heckklappe | Gastac Gas Spring<\/title>\n<meta name=\"robots\" content=\"index, follow, max-snippet:-1, max-image-preview:large, max-video-preview:-1\" \/>\n<link rel=\"canonical\" href=\"https:\/\/www.gastac.com\/de\/produkt\/gasdruckfeder-heckklappe\/\" \/>\n<meta property=\"og:locale\" content=\"de_DE\" \/>\n<meta property=\"og:type\" content=\"article\" \/>\n<meta property=\"og:title\" content=\"Gasdruckfeder Heckklappe\" \/>\n<meta property=\"og:description\" content=\"Gasdruckfeder Heckklappe Zugegebenerma\u00dfen macht die Gasdruckfeder Heckklappe \u2013 auch bekannt als D\u00e4mpfer f\u00fcr Heckklappe oder Gasfeder Heckklappe \u2013 Ihr Auto [...]\" \/>\n<meta property=\"og:url\" content=\"https:\/\/www.gastac.com\/de\/produkt\/gasdruckfeder-heckklappe\/\" \/>\n<meta property=\"og:site_name\" content=\"Gastac Gas Spring\" \/>\n<meta property=\"article:publisher\" content=\"https:\/\/www.facebook.com\/profile.php?id=100092358464608\" \/>\n<meta property=\"og:image\" content=\"https:\/\/www.gastac.com\/wp-content\/uploads\/2025\/11\/audi-a4-b8-heckklappendampfer-600x600-11.webp\" \/>\n\t<meta property=\"og:image:width\" content=\"600\" \/>\n\t<meta property=\"og:image:height\" content=\"600\" \/>\n\t<meta property=\"og:image:type\" content=\"image\/webp\" \/>\n<meta name=\"twitter:card\" content=\"summary_large_image\" \/>\n<meta name=\"twitter:label1\" content=\"Gesch\u00e4tzte Lesezeit\" \/>\n\t<meta name=\"twitter:data1\" content=\"1\u00a0Minute\" \/>\n<script type=\"application\/ld+json\" class=\"yoast-schema-graph\">{\"@context\":\"https:\\\/\\\/schema.org\",\"@graph\":[{\"@type\":\"WebPage\",\"@id\":\"https:\\\/\\\/www.gastac.com\\\/de\\\/produkt\\\/gasdruckfeder-heckklappe\\\/\",\"url\":\"https:\\\/\\\/www.gastac.com\\\/de\\\/produkt\\\/gasdruckfeder-heckklappe\\\/\",\"name\":\"Gasdruckfeder Heckklappe | Gastac Gas Spring\",\"isPartOf\":{\"@id\":\"https:\\\/\\\/www.gastac.com\\\/de\\\/#website\"},\"primaryImageOfPage\":{\"@id\":\"https:\\\/\\\/www.gastac.com\\\/de\\\/produkt\\\/gasdruckfeder-heckklappe\\\/#primaryimage\"},\"image\":{\"@id\":\"https:\\\/\\\/www.gastac.com\\\/de\\\/produkt\\\/gasdruckfeder-heckklappe\\\/#primaryimage\"},\"thumbnailUrl\":\"https:\\\/\\\/www.gastac.com\\\/wp-content\\\/uploads\\\/2025\\\/11\\\/audi-a4-b8-heckklappendampfer-600x600-11.webp\",\"datePublished\":\"2025-11-13T09:25:55+00:00\",\"breadcrumb\":{\"@id\":\"https:\\\/\\\/www.gastac.com\\\/de\\\/produkt\\\/gasdruckfeder-heckklappe\\\/#breadcrumb\"},\"inLanguage\":\"de\",\"potentialAction\":[{\"@type\":\"ReadAction\",\"target\":[\"https:\\\/\\\/www.gastac.com\\\/de\\\/produkt\\\/gasdruckfeder-heckklappe\\\/\"]}]},{\"@type\":\"ImageObject\",\"inLanguage\":\"de\",\"@id\":\"https:\\\/\\\/www.gastac.com\\\/de\\\/produkt\\\/gasdruckfeder-heckklappe\\\/#primaryimage\",\"url\":\"https:\\\/\\\/www.gastac.com\\\/wp-content\\\/uploads\\\/2025\\\/11\\\/audi-a4-b8-heckklappendampfer-600x600-11.webp\",\"contentUrl\":\"https:\\\/\\\/www.gastac.com\\\/wp-content\\\/uploads\\\/2025\\\/11\\\/audi-a4-b8-heckklappendampfer-600x600-11.webp\",\"width\":600,\"height\":600,\"caption\":\"audi a4 b8 heckklappendampfer 600x600\"},{\"@type\":\"BreadcrumbList\",\"@id\":\"https:\\\/\\\/www.gastac.com\\\/de\\\/produkt\\\/gasdruckfeder-heckklappe\\\/#breadcrumb\",\"itemListElement\":[{\"@type\":\"ListItem\",\"position\":1,\"name\":\"Home\",\"item\":\"https:\\\/\\\/www.gastac.com\\\/de\\\/\"},{\"@type\":\"ListItem\",\"position\":2,\"name\":\"products\",\"item\":\"https:\\\/\\\/www.gastac.com\\\/de\\\/products\\\/\"},{\"@type\":\"ListItem\",\"position\":3,\"name\":\"Nicht kategorisiert\",\"item\":\"https:\\\/\\\/www.gastac.com\\\/de\\\/product-category\\\/nicht-kategorisiert\\\/\"},{\"@type\":\"ListItem\",\"position\":4,\"name\":\"Gasdruckfeder Heckklappe\"}]},{\"@type\":\"WebSite\",\"@id\":\"https:\\\/\\\/www.gastac.com\\\/de\\\/#website\",\"url\":\"https:\\\/\\\/www.gastac.com\\\/de\\\/\",\"name\":\"Gastac Gas Spring\",\"description\":\"China\u2019s Leading Gas Springs &amp; Struts Manufacturer\",\"publisher\":{\"@id\":\"https:\\\/\\\/www.gastac.com\\\/de\\\/#organization\"},\"potentialAction\":[{\"@type\":\"SearchAction\",\"target\":{\"@type\":\"EntryPoint\",\"urlTemplate\":\"https:\\\/\\\/www.gastac.com\\\/de\\\/?s={search_term_string}\"},\"query-input\":{\"@type\":\"PropertyValueSpecification\",\"valueRequired\":true,\"valueName\":\"search_term_string\"}}],\"inLanguage\":\"de\"},{\"@type\":\"Organization\",\"@id\":\"https:\\\/\\\/www.gastac.com\\\/de\\\/#organization\",\"name\":\"Ningbo Gastac Gas Spring Co.,Ltd\",\"url\":\"https:\\\/\\\/www.gastac.com\\\/de\\\/\",\"logo\":{\"@type\":\"ImageObject\",\"inLanguage\":\"de\",\"@id\":\"https:\\\/\\\/www.gastac.com\\\/de\\\/#\\\/schema\\\/logo\\\/image\\\/\",\"url\":\"https:\\\/\\\/www.gastac.com\\\/wp-content\\\/uploads\\\/2025\\\/09\\\/LOGO\u672c\u8272-\u9ed1.webp\",\"contentUrl\":\"https:\\\/\\\/www.gastac.com\\\/wp-content\\\/uploads\\\/2025\\\/09\\\/LOGO\u672c\u8272-\u9ed1.webp\",\"width\":1920,\"height\":1080,\"caption\":\"Ningbo Gastac Gas Spring Co.,Ltd\"},\"image\":{\"@id\":\"https:\\\/\\\/www.gastac.com\\\/de\\\/#\\\/schema\\\/logo\\\/image\\\/\"},\"sameAs\":[\"https:\\\/\\\/www.facebook.com\\\/profile.php?id=100092358464608\",\"https:\\\/\\\/www.youtube.com\\\/@Gastac-Gas-Spring\",\"https:\\\/\\\/www.linkedin.com\\\/in\\\/gastac-gas-spring\\\/\",\"https:\\\/\\\/www.instagram.com\\\/gastacgasspring\\\/\"]}]}<\/script>\n<!-- \/ Yoast SEO Premium plugin. -->","yoast_head_json":{"title":"Gasdruckfeder Heckklappe | Gastac Gas Spring","robots":{"index":"index","follow":"follow","max-snippet":"max-snippet:-1","max-image-preview":"max-image-preview:large","max-video-preview":"max-video-preview:-1"},"canonical":"https:\/\/www.gastac.com\/de\/produkt\/gasdruckfeder-heckklappe\/","og_locale":"de_DE","og_type":"article","og_title":"Gasdruckfeder Heckklappe","og_description":"Gasdruckfeder Heckklappe Zugegebenerma\u00dfen macht die Gasdruckfeder Heckklappe \u2013 auch bekannt als D\u00e4mpfer f\u00fcr Heckklappe oder Gasfeder Heckklappe \u2013 Ihr Auto [...]","og_url":"https:\/\/www.gastac.com\/de\/produkt\/gasdruckfeder-heckklappe\/","og_site_name":"Gastac Gas Spring","article_publisher":"https:\/\/www.facebook.com\/profile.php?id=100092358464608","og_image":[{"width":600,"height":600,"url":"https:\/\/www.gastac.com\/wp-content\/uploads\/2025\/11\/audi-a4-b8-heckklappendampfer-600x600-11.webp","type":"image\/webp"}],"twitter_card":"summary_large_image","twitter_misc":{"Gesch\u00e4tzte Lesezeit":"1\u00a0Minute"},"schema":{"@context":"https:\/\/schema.org","@graph":[{"@type":"WebPage","@id":"https:\/\/www.gastac.com\/de\/produkt\/gasdruckfeder-heckklappe\/","url":"https:\/\/www.gastac.com\/de\/produkt\/gasdruckfeder-heckklappe\/","name":"Gasdruckfeder Heckklappe | Gastac Gas Spring","isPartOf":{"@id":"https:\/\/www.gastac.com\/de\/#website"},"primaryImageOfPage":{"@id":"https:\/\/www.gastac.com\/de\/produkt\/gasdruckfeder-heckklappe\/#primaryimage"},"image":{"@id":"https:\/\/www.gastac.com\/de\/produkt\/gasdruckfeder-heckklappe\/#primaryimage"},"thumbnailUrl":"https:\/\/www.gastac.com\/wp-content\/uploads\/2025\/11\/audi-a4-b8-heckklappendampfer-600x600-11.webp","datePublished":"2025-11-13T09:25:55+00:00","breadcrumb":{"@id":"https:\/\/www.gastac.com\/de\/produkt\/gasdruckfeder-heckklappe\/#breadcrumb"},"inLanguage":"de","potentialAction":[{"@type":"ReadAction","target":["https:\/\/www.gastac.com\/de\/produkt\/gasdruckfeder-heckklappe\/"]}]},{"@type":"ImageObject","inLanguage":"de","@id":"https:\/\/www.gastac.com\/de\/produkt\/gasdruckfeder-heckklappe\/#primaryimage","url":"https:\/\/www.gastac.com\/wp-content\/uploads\/2025\/11\/audi-a4-b8-heckklappendampfer-600x600-11.webp","contentUrl":"https:\/\/www.gastac.com\/wp-content\/uploads\/2025\/11\/audi-a4-b8-heckklappendampfer-600x600-11.webp","width":600,"height":600,"caption":"audi a4 b8 heckklappendampfer 600x600"},{"@type":"BreadcrumbList","@id":"https:\/\/www.gastac.com\/de\/produkt\/gasdruckfeder-heckklappe\/#breadcrumb","itemListElement":[{"@type":"ListItem","position":1,"name":"Home","item":"https:\/\/www.gastac.com\/de\/"},{"@type":"ListItem","position":2,"name":"products","item":"https:\/\/www.gastac.com\/de\/products\/"},{"@type":"ListItem","position":3,"name":"Nicht kategorisiert","item":"https:\/\/www.gastac.com\/de\/product-category\/nicht-kategorisiert\/"},{"@type":"ListItem","position":4,"name":"Gasdruckfeder Heckklappe"}]},{"@type":"WebSite","@id":"https:\/\/www.gastac.com\/de\/#website","url":"https:\/\/www.gastac.com\/de\/","name":"Gastac Gas Spring","description":"China\u2019s Leading Gas Springs &amp; Struts Manufacturer","publisher":{"@id":"https:\/\/www.gastac.com\/de\/#organization"},"potentialAction":[{"@type":"SearchAction","target":{"@type":"EntryPoint","urlTemplate":"https:\/\/www.gastac.com\/de\/?s={search_term_string}"},"query-input":{"@type":"PropertyValueSpecification","valueRequired":true,"valueName":"search_term_string"}}],"inLanguage":"de"},{"@type":"Organization","@id":"https:\/\/www.gastac.com\/de\/#organization","name":"Ningbo Gastac Gas Spring Co.,Ltd","url":"https:\/\/www.gastac.com\/de\/","logo":{"@type":"ImageObject","inLanguage":"de","@id":"https:\/\/www.gastac.com\/de\/#\/schema\/logo\/image\/","url":"https:\/\/www.gastac.com\/wp-content\/uploads\/2025\/09\/LOGO\u672c\u8272-\u9ed1.webp","contentUrl":"https:\/\/www.gastac.com\/wp-content\/uploads\/2025\/09\/LOGO\u672c\u8272-\u9ed1.webp","width":1920,"height":1080,"caption":"Ningbo Gastac Gas Spring Co.,Ltd"},"image":{"@id":"https:\/\/www.gastac.com\/de\/#\/schema\/logo\/image\/"},"sameAs":["https:\/\/www.facebook.com\/profile.php?id=100092358464608","https:\/\/www.youtube.com\/@Gastac-Gas-Spring","https:\/\/www.linkedin.com\/in\/gastac-gas-spring\/","https:\/\/www.instagram.com\/gastacgasspring\/"]}]}},"_links":{"self":[{"href":"https:\/\/www.gastac.com\/de\/wp-json\/wp\/v2\/product\/20228","targetHints":{"allow":["GET"]}}],"collection":[{"href":"https:\/\/www.gastac.com\/de\/wp-json\/wp\/v2\/product"}],"about":[{"href":"https:\/\/www.gastac.com\/de\/wp-json\/wp\/v2\/types\/product"}],"replies":[{"embeddable":true,"href":"https:\/\/www.gastac.com\/de\/wp-json\/wp\/v2\/comments?post=20228"}],"wp:featuredmedia":[{"embeddable":true,"href":"https:\/\/www.gastac.com\/de\/wp-json\/wp\/v2\/media\/20231"}],"wp:attachment":[{"href":"https:\/\/www.gastac.com\/de\/wp-json\/wp\/v2\/media?parent=20228"}],"wp:term":[{"taxonomy":"product_brand","embeddable":true,"href":"https:\/\/www.gastac.com\/de\/wp-json\/wp\/v2\/product_brand?post=20228"},{"taxonomy":"product_cat","embeddable":true,"href":"https:\/\/www.gastac.com\/de\/wp-json\/wp\/v2\/product_cat?post=20228"},{"taxonomy":"product_tag","embeddable":true,"href":"https:\/\/www.gastac.com\/de\/wp-json\/wp\/v2\/product_tag?post=20228"}],"curies":[{"name":"wp","href":"https:\/\/api.w.org\/{rel}","templated":true}]}}