{"id":20223,"date":"2025-11-13T09:22:33","date_gmt":"2025-11-13T09:22:33","guid":{"rendered":"https:\/\/www.gastac.com\/?post_type=product&#038;p=20223"},"modified":"2025-11-13T09:22:34","modified_gmt":"2025-11-13T09:22:34","slug":"golf-5-heckklappendaempfer","status":"publish","type":"product","link":"https:\/\/www.gastac.com\/de\/produkt\/golf-5-heckklappendaempfer\/","title":{"rendered":"Golf 5 Heckklappend\u00e4mpfer"},"content":{"rendered":"<p><strong>Golf 5 Heckklappend\u00e4mpfer<\/strong><\/p>\n<p>Der Heckklappend\u00e4mpfer des Golf 5 kann mit der Zeit und durch h\u00e4ufiges \u00d6ffnen der Kofferraumt\u00fcr verschlei\u00dfen. Dann l\u00e4sst sich beispielsweise der Heckklappend\u00e4mpfer Golf 5 nur schwer bewegen oder bietet dem Benutzer beim \u00d6ffnen der Heckklappe nicht mehr ausreichend Halt. Im schlimmsten Fall h\u00e4lt der defekte Golf 4 Heckklappend\u00e4mpfer die Heckklappe nicht mehr in der oberen Position, sodass die Heckklappe schlie\u00dft, sobald Sie loslassen. Sp\u00e4testens zu diesem Zeitpunkt sollte der Heckklappend\u00e4mpfer durch ein passendes Ersatzteil ersetzt werden, damit Sie bei Gastac f\u00fcr die meisten Fahrzeuge g\u00fcnstige Sto\u00dfd\u00e4mpfer erhalten.<\/p>\n<p>Warum ist der Sto\u00dfd\u00e4mpfer f\u00fcr die Heckklappe defekt?<\/p>\n<p>Der wiederholte \u00d6ffnungsvorgang kann die Komponenten des Heckklappend\u00e4mpfers des Golf 5 verschlei\u00dfen und zu Fehlfunktionen f\u00fchren. Die Dichtungen im Inneren des Golf 5 Heckklappend\u00e4mpfers, die die beweglichen Teile gegeneinander abdichten, werden im Laufe der Jahre oft por\u00f6s oder verschlei\u00dfen. Dadurch wird der Heckklappend\u00e4mpfer des Golf 5 undicht, das Gas im Inneren entweicht und die Federwirkung steht nicht mehr zur Verf\u00fcgung. Kommt der Heckklappe-Sto\u00dfd\u00e4mpfer hingegen beim Beladen des Koffers mit sperrigen Bauteilen in Kontakt, kann es zum Beispiel zu einer Durchbiegung kommen.<\/p>\n<p>Passend f\u00fcr Golf 4 Heckklappend\u00e4mpfer Produkte<\/p>\n<ul>\n<li>Heckklappend\u00e4mpfer VW Golf IV Schr\u00e4gheck (1J1) 1.0 (43 kW \/ 58 PS)<\/li>\n<li>Heckklappend\u00e4mpfer VW Golf IV Schr\u00e4gheck (1J1) 1.4 16V (55 kW \/ 75 PS)<\/li>\n<li>Heckklappend\u00e4mpfer VW Golf IV Schr\u00e4gheck (1J1) 1.6 (74 kW \/ 100 PS)<\/li>\n<li>Heckklappend\u00e4mpfer VW Golf IV Schr\u00e4gheck (1J1) 1.6 (75 kW \/ 102 PS)<\/li>\n<li>Heckklappend\u00e4mpfer Golf IV Schr\u00e4gheck (1J1) 1.6 (74 kW \/ 101 PS)<\/li>\n<li>Heckklappend\u00e4mpfer Golf IV Schr\u00e4gheck (1J1) 1.6 16V (77 kW \/ 105 PS)<\/li>\n<li>Heckklappend\u00e4mpfer Golf IV Schr\u00e4gheck (1J1) 1.6 FSI (81 kW \/ 110 PS)<\/li>\n<li>Heckklappend\u00e4mpfer Golf IV Schr\u00e4gheck (1J1) 1.6 Total Flex (74 kW \/ 101 PS)<\/li>\n<li>Golf IV Schr\u00e4gheck (1J1) 1.8 (92 kW \/ 125 PS) 08.1997 \u2013 06.2005<\/li>\n<li>Golf IV Schr\u00e4gheck (1J1) 1.8 4motion (92 kW \/ 125 PS) 05.1998 \u2013 06.2005<\/li>\n<li>Golf IV Schr\u00e4gheck (1J1) 1.8 T (110 kW \/ 150 PS) 08.1997 \u2013 06.2005<\/li>\n<li>Golf IV Schr\u00e4gheck (1J1) 1.8 T GTI (132 kW \/ 180 PS) 08.2001 \u2013 06.2005<\/li>\n<\/ul>\n<p>Passend f\u00fcr Golf 5 Heckklappend\u00e4mpfer Produkte<\/p>\n<ul>\n<li>Heckklappend\u00e4mpfer VW Golf V Schr\u00e4gheck (1K1) 1.4 16V (55 kW \/ 75 PS)<\/li>\n<li>Heckklappend\u00e4mpfer VW Golf V Schr\u00e4gheck (1K1) 1.4 16V (59 kW \/ 80 PS)<\/li>\n<li>Heckklappend\u00e4mpfer VW Golf V Schr\u00e4gheck (1K1) 1.4 FSI (66 kW \/ 90 PS)<\/li>\n<li>Heckklappend\u00e4mpfer VW Golf V Schr\u00e4gheck (1K1) 1.4 TSI (125 kW \/ 170 PS)<\/li>\n<li>Heckklappend\u00e4mpfer Golf V Schr\u00e4gheck (1K1) 1.4 TSI (103 kW \/ 140 PS)<\/li>\n<li>Heckklappend\u00e4mpfer Golf V Schr\u00e4gheck (1K1) 1.4 TSI (90 kW \/ 122 PS)<\/li>\n<li>Heckklappend\u00e4mpfer Golf V Schr\u00e4gheck (1K1) 1.6 (75 kW \/ 102 PS)<\/li>\n<li>Heckklappend\u00e4mpfer Golf V Schr\u00e4gheck (1K1) 1.6 FSI (85 kW \/ 115 PS)<\/li>\n<li>Golf V Schr\u00e4gheck (1K1) 1.6 MultiFuel (75 kW \/ 102 PS) 10.2007 \u2013 11.2008<\/li>\n<li>Golf V Schr\u00e4gheck (1K1) 1.8 GTI (132 kW \/ 179 PS) 08.2006 \u2013 11.2008<\/li>\n<li>Golf V Schr\u00e4gheck (1K1) 1.9 TDI (77 kW \/ 105 PS) 10.2003 \u2013 11.2008<\/li>\n<li>Golf V Schr\u00e4gheck (1K1) 1.9 TDI (66 kW \/ 90 PS) 05.2004 \u2013 11.2008<\/li>\n<\/ul>\n<p>&nbsp;<\/p>\n<p>Ben\u00f6tigen Sie eine ganz andere Art von Gasfeder? Schreiben Sie uns und wenn m\u00f6glich senden Sie uns ein Foto des gedruckten Modellnamens per E-Mail sales@gastac-com-591077.hostingersite.com!<\/p>\n<p><strong>Gasdruckfede Anwendung<\/strong><br \/>\n<img class=\"lazyload\" decoding=\"async\" src=\"data:image\/gif;base64,R0lGODlhAQABAAAAACH5BAEKAAEALAAAAAABAAEAAAICTAEAOw==\" data-orig-src=\"https:\/\/www.gastac.com\/wp-content\/uploads\/2023\/06\/golf-4-heckklappendampfer-437x400.png\" alt=\"Golf 5 Heckklappend\u00e4mpfer \" \/><img class=\"lazyload\" decoding=\"async\" src=\"data:image\/gif;base64,R0lGODlhAQABAAAAACH5BAEKAAEALAAAAAABAAEAAAICTAEAOw==\" data-orig-src=\"https:\/\/www.gastac.com\/wp-content\/uploads\/2023\/06\/heckklappendampfer-golf-5-400x400.jpg\" alt=\"Golf 5 Heckklappend\u00e4mpfer \" \/><\/p>\n","protected":false},"excerpt":{"rendered":"<p>Golf 5 Heckklappend\u00e4mpfer Der Heckklappend\u00e4mpfer des Golf 5 kann mit der Zeit und durch h\u00e4ufiges \u00d6ffnen der Kofferraumt\u00fcr verschlei\u00dfen. Dann  [&#8230;]<\/p>\n","protected":false},"featured_media":20224,"comment_status":"open","ping_status":"closed","template":"","meta":[],"product_brand":[],"product_cat":[109],"product_tag":[],"class_list":{"0":"post-20223","1":"product","2":"type-product","3":"status-publish","4":"has-post-thumbnail","6":"product_cat-nicht-kategorisiert","8":"first","9":"instock","10":"shipping-taxable","11":"product-type-simple"},"yoast_head":"<!-- This site is optimized with the Yoast SEO Premium plugin v26.2 (Yoast SEO v27.4) - https:\/\/yoast.com\/product\/yoast-seo-premium-wordpress\/ -->\n<title>Golf 5 Heckklappend\u00e4mpfer | Gastac Gas Spring<\/title>\n<meta name=\"robots\" content=\"index, follow, max-snippet:-1, max-image-preview:large, max-video-preview:-1\" \/>\n<link rel=\"canonical\" href=\"https:\/\/www.gastac.com\/de\/produkt\/golf-5-heckklappendaempfer\/\" \/>\n<meta property=\"og:locale\" content=\"de_DE\" \/>\n<meta property=\"og:type\" content=\"article\" \/>\n<meta property=\"og:title\" content=\"Golf 5 Heckklappend\u00e4mpfer\" \/>\n<meta property=\"og:description\" content=\"Golf 5 Heckklappend\u00e4mpfer Der Heckklappend\u00e4mpfer des Golf 5 kann mit der Zeit und durch h\u00e4ufiges \u00d6ffnen der Kofferraumt\u00fcr verschlei\u00dfen. Dann [...]\" \/>\n<meta property=\"og:url\" content=\"https:\/\/www.gastac.com\/de\/produkt\/golf-5-heckklappendaempfer\/\" \/>\n<meta property=\"og:site_name\" content=\"Gastac Gas Spring\" \/>\n<meta property=\"article:publisher\" content=\"https:\/\/www.facebook.com\/profile.php?id=100092358464608\" \/>\n<meta property=\"article:modified_time\" content=\"2025-11-13T09:22:34+00:00\" \/>\n<meta property=\"og:image\" content=\"https:\/\/www.gastac.com\/wp-content\/uploads\/2025\/11\/golf-5-heckklappendampfer.webp\" \/>\n\t<meta property=\"og:image:width\" content=\"600\" \/>\n\t<meta property=\"og:image:height\" content=\"600\" \/>\n\t<meta property=\"og:image:type\" content=\"image\/webp\" \/>\n<meta name=\"twitter:card\" content=\"summary_large_image\" \/>\n<meta name=\"twitter:label1\" content=\"Gesch\u00e4tzte Lesezeit\" \/>\n\t<meta name=\"twitter:data1\" content=\"1\u00a0Minute\" \/>\n<script type=\"application\/ld+json\" class=\"yoast-schema-graph\">{\"@context\":\"https:\\\/\\\/schema.org\",\"@graph\":[{\"@type\":\"WebPage\",\"@id\":\"https:\\\/\\\/www.gastac.com\\\/de\\\/produkt\\\/golf-5-heckklappendaempfer\\\/\",\"url\":\"https:\\\/\\\/www.gastac.com\\\/de\\\/produkt\\\/golf-5-heckklappendaempfer\\\/\",\"name\":\"Golf 5 Heckklappend\u00e4mpfer | Gastac Gas Spring\",\"isPartOf\":{\"@id\":\"https:\\\/\\\/www.gastac.com\\\/de\\\/#website\"},\"primaryImageOfPage\":{\"@id\":\"https:\\\/\\\/www.gastac.com\\\/de\\\/produkt\\\/golf-5-heckklappendaempfer\\\/#primaryimage\"},\"image\":{\"@id\":\"https:\\\/\\\/www.gastac.com\\\/de\\\/produkt\\\/golf-5-heckklappendaempfer\\\/#primaryimage\"},\"thumbnailUrl\":\"https:\\\/\\\/www.gastac.com\\\/wp-content\\\/uploads\\\/2025\\\/11\\\/golf-5-heckklappendampfer.webp\",\"datePublished\":\"2025-11-13T09:22:33+00:00\",\"dateModified\":\"2025-11-13T09:22:34+00:00\",\"breadcrumb\":{\"@id\":\"https:\\\/\\\/www.gastac.com\\\/de\\\/produkt\\\/golf-5-heckklappendaempfer\\\/#breadcrumb\"},\"inLanguage\":\"de\",\"potentialAction\":[{\"@type\":\"ReadAction\",\"target\":[\"https:\\\/\\\/www.gastac.com\\\/de\\\/produkt\\\/golf-5-heckklappendaempfer\\\/\"]}]},{\"@type\":\"ImageObject\",\"inLanguage\":\"de\",\"@id\":\"https:\\\/\\\/www.gastac.com\\\/de\\\/produkt\\\/golf-5-heckklappendaempfer\\\/#primaryimage\",\"url\":\"https:\\\/\\\/www.gastac.com\\\/wp-content\\\/uploads\\\/2025\\\/11\\\/golf-5-heckklappendampfer.webp\",\"contentUrl\":\"https:\\\/\\\/www.gastac.com\\\/wp-content\\\/uploads\\\/2025\\\/11\\\/golf-5-heckklappendampfer.webp\",\"width\":600,\"height\":600,\"caption\":\"golf 5 heckklappendampfer\"},{\"@type\":\"BreadcrumbList\",\"@id\":\"https:\\\/\\\/www.gastac.com\\\/de\\\/produkt\\\/golf-5-heckklappendaempfer\\\/#breadcrumb\",\"itemListElement\":[{\"@type\":\"ListItem\",\"position\":1,\"name\":\"Home\",\"item\":\"https:\\\/\\\/www.gastac.com\\\/de\\\/\"},{\"@type\":\"ListItem\",\"position\":2,\"name\":\"products\",\"item\":\"https:\\\/\\\/www.gastac.com\\\/de\\\/products\\\/\"},{\"@type\":\"ListItem\",\"position\":3,\"name\":\"Nicht kategorisiert\",\"item\":\"https:\\\/\\\/www.gastac.com\\\/de\\\/product-category\\\/nicht-kategorisiert\\\/\"},{\"@type\":\"ListItem\",\"position\":4,\"name\":\"Golf 5 Heckklappend\u00e4mpfer\"}]},{\"@type\":\"WebSite\",\"@id\":\"https:\\\/\\\/www.gastac.com\\\/de\\\/#website\",\"url\":\"https:\\\/\\\/www.gastac.com\\\/de\\\/\",\"name\":\"Gastac Gas Spring\",\"description\":\"China\u2019s Leading Gas Springs &amp; Struts Manufacturer\",\"publisher\":{\"@id\":\"https:\\\/\\\/www.gastac.com\\\/de\\\/#organization\"},\"potentialAction\":[{\"@type\":\"SearchAction\",\"target\":{\"@type\":\"EntryPoint\",\"urlTemplate\":\"https:\\\/\\\/www.gastac.com\\\/de\\\/?s={search_term_string}\"},\"query-input\":{\"@type\":\"PropertyValueSpecification\",\"valueRequired\":true,\"valueName\":\"search_term_string\"}}],\"inLanguage\":\"de\"},{\"@type\":\"Organization\",\"@id\":\"https:\\\/\\\/www.gastac.com\\\/de\\\/#organization\",\"name\":\"Ningbo Gastac Gas Spring Co.,Ltd\",\"url\":\"https:\\\/\\\/www.gastac.com\\\/de\\\/\",\"logo\":{\"@type\":\"ImageObject\",\"inLanguage\":\"de\",\"@id\":\"https:\\\/\\\/www.gastac.com\\\/de\\\/#\\\/schema\\\/logo\\\/image\\\/\",\"url\":\"https:\\\/\\\/www.gastac.com\\\/wp-content\\\/uploads\\\/2025\\\/09\\\/LOGO\u672c\u8272-\u9ed1.webp\",\"contentUrl\":\"https:\\\/\\\/www.gastac.com\\\/wp-content\\\/uploads\\\/2025\\\/09\\\/LOGO\u672c\u8272-\u9ed1.webp\",\"width\":1920,\"height\":1080,\"caption\":\"Ningbo Gastac Gas Spring Co.,Ltd\"},\"image\":{\"@id\":\"https:\\\/\\\/www.gastac.com\\\/de\\\/#\\\/schema\\\/logo\\\/image\\\/\"},\"sameAs\":[\"https:\\\/\\\/www.facebook.com\\\/profile.php?id=100092358464608\",\"https:\\\/\\\/www.youtube.com\\\/@Gastac-Gas-Spring\",\"https:\\\/\\\/www.linkedin.com\\\/in\\\/gastac-gas-spring\\\/\",\"https:\\\/\\\/www.instagram.com\\\/gastacgasspring\\\/\"]}]}<\/script>\n<!-- \/ Yoast SEO Premium plugin. -->","yoast_head_json":{"title":"Golf 5 Heckklappend\u00e4mpfer | Gastac Gas Spring","robots":{"index":"index","follow":"follow","max-snippet":"max-snippet:-1","max-image-preview":"max-image-preview:large","max-video-preview":"max-video-preview:-1"},"canonical":"https:\/\/www.gastac.com\/de\/produkt\/golf-5-heckklappendaempfer\/","og_locale":"de_DE","og_type":"article","og_title":"Golf 5 Heckklappend\u00e4mpfer","og_description":"Golf 5 Heckklappend\u00e4mpfer Der Heckklappend\u00e4mpfer des Golf 5 kann mit der Zeit und durch h\u00e4ufiges \u00d6ffnen der Kofferraumt\u00fcr verschlei\u00dfen. Dann [...]","og_url":"https:\/\/www.gastac.com\/de\/produkt\/golf-5-heckklappendaempfer\/","og_site_name":"Gastac Gas Spring","article_publisher":"https:\/\/www.facebook.com\/profile.php?id=100092358464608","article_modified_time":"2025-11-13T09:22:34+00:00","og_image":[{"width":600,"height":600,"url":"https:\/\/www.gastac.com\/wp-content\/uploads\/2025\/11\/golf-5-heckklappendampfer.webp","type":"image\/webp"}],"twitter_card":"summary_large_image","twitter_misc":{"Gesch\u00e4tzte Lesezeit":"1\u00a0Minute"},"schema":{"@context":"https:\/\/schema.org","@graph":[{"@type":"WebPage","@id":"https:\/\/www.gastac.com\/de\/produkt\/golf-5-heckklappendaempfer\/","url":"https:\/\/www.gastac.com\/de\/produkt\/golf-5-heckklappendaempfer\/","name":"Golf 5 Heckklappend\u00e4mpfer | Gastac Gas Spring","isPartOf":{"@id":"https:\/\/www.gastac.com\/de\/#website"},"primaryImageOfPage":{"@id":"https:\/\/www.gastac.com\/de\/produkt\/golf-5-heckklappendaempfer\/#primaryimage"},"image":{"@id":"https:\/\/www.gastac.com\/de\/produkt\/golf-5-heckklappendaempfer\/#primaryimage"},"thumbnailUrl":"https:\/\/www.gastac.com\/wp-content\/uploads\/2025\/11\/golf-5-heckklappendampfer.webp","datePublished":"2025-11-13T09:22:33+00:00","dateModified":"2025-11-13T09:22:34+00:00","breadcrumb":{"@id":"https:\/\/www.gastac.com\/de\/produkt\/golf-5-heckklappendaempfer\/#breadcrumb"},"inLanguage":"de","potentialAction":[{"@type":"ReadAction","target":["https:\/\/www.gastac.com\/de\/produkt\/golf-5-heckklappendaempfer\/"]}]},{"@type":"ImageObject","inLanguage":"de","@id":"https:\/\/www.gastac.com\/de\/produkt\/golf-5-heckklappendaempfer\/#primaryimage","url":"https:\/\/www.gastac.com\/wp-content\/uploads\/2025\/11\/golf-5-heckklappendampfer.webp","contentUrl":"https:\/\/www.gastac.com\/wp-content\/uploads\/2025\/11\/golf-5-heckklappendampfer.webp","width":600,"height":600,"caption":"golf 5 heckklappendampfer"},{"@type":"BreadcrumbList","@id":"https:\/\/www.gastac.com\/de\/produkt\/golf-5-heckklappendaempfer\/#breadcrumb","itemListElement":[{"@type":"ListItem","position":1,"name":"Home","item":"https:\/\/www.gastac.com\/de\/"},{"@type":"ListItem","position":2,"name":"products","item":"https:\/\/www.gastac.com\/de\/products\/"},{"@type":"ListItem","position":3,"name":"Nicht kategorisiert","item":"https:\/\/www.gastac.com\/de\/product-category\/nicht-kategorisiert\/"},{"@type":"ListItem","position":4,"name":"Golf 5 Heckklappend\u00e4mpfer"}]},{"@type":"WebSite","@id":"https:\/\/www.gastac.com\/de\/#website","url":"https:\/\/www.gastac.com\/de\/","name":"Gastac Gas Spring","description":"China\u2019s Leading Gas Springs &amp; Struts Manufacturer","publisher":{"@id":"https:\/\/www.gastac.com\/de\/#organization"},"potentialAction":[{"@type":"SearchAction","target":{"@type":"EntryPoint","urlTemplate":"https:\/\/www.gastac.com\/de\/?s={search_term_string}"},"query-input":{"@type":"PropertyValueSpecification","valueRequired":true,"valueName":"search_term_string"}}],"inLanguage":"de"},{"@type":"Organization","@id":"https:\/\/www.gastac.com\/de\/#organization","name":"Ningbo Gastac Gas Spring Co.,Ltd","url":"https:\/\/www.gastac.com\/de\/","logo":{"@type":"ImageObject","inLanguage":"de","@id":"https:\/\/www.gastac.com\/de\/#\/schema\/logo\/image\/","url":"https:\/\/www.gastac.com\/wp-content\/uploads\/2025\/09\/LOGO\u672c\u8272-\u9ed1.webp","contentUrl":"https:\/\/www.gastac.com\/wp-content\/uploads\/2025\/09\/LOGO\u672c\u8272-\u9ed1.webp","width":1920,"height":1080,"caption":"Ningbo Gastac Gas Spring Co.,Ltd"},"image":{"@id":"https:\/\/www.gastac.com\/de\/#\/schema\/logo\/image\/"},"sameAs":["https:\/\/www.facebook.com\/profile.php?id=100092358464608","https:\/\/www.youtube.com\/@Gastac-Gas-Spring","https:\/\/www.linkedin.com\/in\/gastac-gas-spring\/","https:\/\/www.instagram.com\/gastacgasspring\/"]}]}},"_links":{"self":[{"href":"https:\/\/www.gastac.com\/de\/wp-json\/wp\/v2\/product\/20223","targetHints":{"allow":["GET"]}}],"collection":[{"href":"https:\/\/www.gastac.com\/de\/wp-json\/wp\/v2\/product"}],"about":[{"href":"https:\/\/www.gastac.com\/de\/wp-json\/wp\/v2\/types\/product"}],"replies":[{"embeddable":true,"href":"https:\/\/www.gastac.com\/de\/wp-json\/wp\/v2\/comments?post=20223"}],"wp:featuredmedia":[{"embeddable":true,"href":"https:\/\/www.gastac.com\/de\/wp-json\/wp\/v2\/media\/20224"}],"wp:attachment":[{"href":"https:\/\/www.gastac.com\/de\/wp-json\/wp\/v2\/media?parent=20223"}],"wp:term":[{"taxonomy":"product_brand","embeddable":true,"href":"https:\/\/www.gastac.com\/de\/wp-json\/wp\/v2\/product_brand?post=20223"},{"taxonomy":"product_cat","embeddable":true,"href":"https:\/\/www.gastac.com\/de\/wp-json\/wp\/v2\/product_cat?post=20223"},{"taxonomy":"product_tag","embeddable":true,"href":"https:\/\/www.gastac.com\/de\/wp-json\/wp\/v2\/product_tag?post=20223"}],"curies":[{"name":"wp","href":"https:\/\/api.w.org\/{rel}","templated":true}]}}