{"id":20205,"date":"2025-11-13T09:13:52","date_gmt":"2025-11-13T09:13:52","guid":{"rendered":"https:\/\/www.gastac.com\/?post_type=product&#038;p=20205"},"modified":"2025-11-13T09:13:53","modified_gmt":"2025-11-13T09:13:53","slug":"heckklappe-stossdaempfer","status":"publish","type":"product","link":"https:\/\/www.gastac.com\/de\/produkt\/heckklappe-stossdaempfer\/","title":{"rendered":"Heckklappe Sto\u00dfd\u00e4mpfer"},"content":{"rendered":"<p><strong>Heckklappe Sto\u00dfd\u00e4mpfer<\/strong><\/p>\n<p>Ein Heckklappen-Sto\u00dfd\u00e4mpfer, oft einfach als Gasfeder bezeichnet, ist eine pneumatische Feder, die Teil einer \u00d6ffnungs- und Haltevorrichtung ist, die beim \u00d6ffnen und Schlie\u00dfen eines Kofferraumdeckels, einer Motorhaube oder einer Heckklappe hilft. Dar\u00fcber hinaus k\u00f6nnen Gasfedern beispielsweise auch als Lenkungs- oder Motord\u00e4mpfer eingesetzt werden. Eine Gasfeder-D\u00e4mpfer-Heckklappe besteht normalerweise aus einem mit Gas, meist Stickstoff, gef\u00fcllten Zylinder. Im Inneren befindet sich ein frei beweglicher Kolben, der \u00fcber eine \u00d6ffnung verf\u00fcgt, durch die F\u00fcllgas auf die eine oder andere Seite des Kolbens str\u00f6men kann. Die Bewegung des Kolbens wird beidseitig durch den Gegendruck eines federbeaufschlagten Luftpolsters begrenzt, das auf der Bewegungsseite des Kolbens entsteht. Alternativ kann auch nur eine Seite des Kolbens mit Gas gef\u00fcllt sein, so dass dieser herausgedr\u00fcckt wird. Der Gasdruck kann nach Bedarf eingestellt werden. Mit solchen Gasfedern kann beispielsweise eine Heckklappe ge\u00f6ffnet und offen gehalten werden. Beim Schlie\u00dfen der Klappe baut sich der Druck wieder auf und hemmt gleichzeitig die Schlie\u00dfbewegung. Auch der umgekehrte Effekt ist m\u00f6glich, bei dem der Kolben durch den Gasdruck eingezogen wird. In diesem Fall haben wir \u00fcber Gasfedern gesprochen.<br \/>\n<img class=\"lazyload\" decoding=\"async\" src=\"data:image\/gif;base64,R0lGODlhAQABAAAAACH5BAEKAAEALAAAAAABAAEAAAICTAEAOw==\" data-orig-src=\"https:\/\/gastac.com\/wp-content\/uploads\/2023\/06\/audi-a4-b8-heckklappendampfer-original-280x280.jpg\" alt=\"Heckklappe Sto\u00dfd\u00e4mpfer \" \/><img class=\"lazyload\" decoding=\"async\" src=\"data:image\/gif;base64,R0lGODlhAQABAAAAACH5BAEKAAEALAAAAAABAAEAAAICTAEAOw==\" data-orig-src=\"https:\/\/gastac.com\/wp-content\/uploads\/2023\/06\/audi-a4-b8-heckklappendampfer-280x280.jpg\" alt=\"Heckklappe Sto\u00dfd\u00e4mpfer \" \/><\/p>\n<p>Der Austausch des Heckklappen-Sto\u00dfd\u00e4mpfers oder Motorhaubend\u00e4mpfers ist bei vielen Automodellen sehr einfach und kann mit etwas Geschick selbst durchgef\u00fchrt werden. Beispielsweise wird der Heckklappend\u00e4mpfer des Nissan Qashqai J11 normalerweise nur an beiden Enden in die Halterung eingesetzt und die Gasfeder Heckklappe des Nissan Qashqai J11 wird durch Klammern gehalten, die zum Entfernen entfernt oder gedr\u00fcckt werden m\u00fcssen. Im Gastac-Onlineshop k\u00f6nnen Sie die passenden Luftfedern f\u00fcr Ihr Auto zu g\u00fcnstigen Preisen und mit schneller Lieferung an Ihre Haust\u00fcr kaufen.<\/p>\n<p><strong>Brauchen Sie Kofferraum D\u00e4mpfer f\u00fcr Ihren Nissan Qashqai 2 (J11, J11_)? Dann sind Sie bei uns genau richtig!<\/strong><\/p>\n<p>Heckklappend\u00e4mpfer f\u00fcr NISSAN Qashqai II (J11) Benzin<\/p>\n<ul>\n<li><u>Heckklappend\u00e4mpfer f\u00fcr NISSAN Qashqai II (J11, J11_) 1.2 DIG-T 116 PS 2013 \u2013 \u2026 (HRA2DDT)<\/u><\/li>\n<li><u>Kofferraum Sto\u00dfd\u00e4mpfer f\u00fcr NISSAN Qashqai II (J11) 1.3 DIG-T 158 PS 2020 \u2013 \u2026 (HR13DDT)<\/u><\/li>\n<li><u>Kofferraum Sto\u00dfd\u00e4mpfer f\u00fcr NISSAN Qashqai 2 (J11, J11_) 1.3 DIG-T 160 PS 2018 \u2013 \u2026 (HR13DDT)<\/u><\/li>\n<li><u>Kofferraum Sto\u00dfd\u00e4mpfer f\u00fcr Nissan Qashqai J11 1.3 DIG-T 140 PS 2018 \u2013 \u2026 (HR13DDT)<\/u><\/li>\n<li><u>Kofferraum Sto\u00dfd\u00e4mpfer f\u00fcr Qashqai J11 1.6 DIG-T 163 PS 2014 \u2013 \u2026 (MR16DDT)<\/u><\/li>\n<li><u>Kofferraum Sto\u00dfd\u00e4mpfer f\u00fcr NISSAN Qashqai II (J11, J11_) 2.0 140 PS 2015 \u2013 \u2026 (MR20DD)<\/u><\/li>\n<li><u>Kofferraum Sto\u00dfd\u00e4mpfer f\u00fcr NISSAN Qashqai II (J11) 2.0 141 PS 2017 \u2013 \u2026 (MR20DD)<\/u><\/li>\n<li><u>Kofferraum Sto\u00dfd\u00e4mpfer f\u00fcr NISSAN Qashqai 2 (J11, J11_) 2.0 (J11E) 144 PS 2014 \u2013 \u2026 (MR20DD)<\/u><\/li>\n<li><u>0 ALL MODE 4\u00d74-i 141 PS 2017 \u2013 \u2026 (MR20DD)<\/u><\/li>\n<li><u>Kofferraum Sto\u00dfd\u00e4mpfer f\u00fcr Qashqai J11 2.0 ALL MODE 4\u00d74-i 140 PS 2015 \u2013 \u2026 (MR20DD)<\/u><\/li>\n<li><u>Kofferraum Sto\u00dfd\u00e4mpfer f\u00fcr NISSAN Qashqai II (J11, J11_) 2.0 ALL MODE 4\u00d74-i (J11R) 144 PS 2015 \u2013 \u2026 (MR20DD)<\/u><\/li>\n<\/ul>\n<p><strong><b>Heckklappend\u00e4mpfer f\u00fcr NISSAN Qashqai II (J11) Diesel<\/b><\/strong><\/p>\n<ul>\n<li><u>Heckklappend\u00e4mpfer f\u00fcr NISSAN Qashqai II (J11, J11_) 1.5 dCi 110 PS 2013 \u2013 \u2026 (K9K646)<\/u><\/li>\n<li><u>Kofferraum Sto\u00dfd\u00e4mpfer f\u00fcr NISSAN Qashqai II (J11) 1.5 dCi 116 PS 2018 \u2013 \u2026 (K9K872)<\/u><\/li>\n<li><u>Heckklappend\u00e4mpfer f\u00fcr NISSAN Qashqai 2 (J11, J11_) 1.6 dCi 131 PS 2013 \u2013 \u2026 (R9M)<\/u><\/li>\n<li><u>Heckklappend\u00e4mpfer f\u00fcr Nissan Qashqai J11 1.6 dCi ALL MODE 4\u00d74-i 131 PS 2013 \u2013 \u2026 (R9M)<\/u><\/li>\n<li><u>Kofferraum Sto\u00dfd\u00e4mpfer f\u00fcr Qashqai J11 1.7 dCi 150 PS 2019 \u2013 \u2026 (R9N401)<\/u><\/li>\n<li><u>Kofferraum Sto\u00dfd\u00e4mpfer f\u00fcr NISSAN Qashqai II (J11, J11_) 1.7 dCi ALL MODE 4\u00d74-i 150 PS 2019 \u2013 \u2026 (R9N401)<\/u><\/li>\n<\/ul>\n<p>Ben\u00f6tigen Sie eine ganz andere Art von Gasfeder? Schreiben Sie uns und wenn m\u00f6glich senden Sie uns ein Foto des gedruckten Modellnamens per E-Mail sales@gastac-com-591077.hostingersite.com!<\/p>\n<p><strong>Gasdruckfede Anwendung<\/strong><br \/>\n<img class=\"lazyload\" decoding=\"async\" src=\"data:image\/gif;base64,R0lGODlhAQABAAAAACH5BAEKAAEALAAAAAABAAEAAAICTAEAOw==\" data-orig-src=\"https:\/\/www.gastac.com\/wp-content\/uploads\/2023\/06\/gasfeder-heckklappe-nissan-qashqai-j11-425x400.jpg\" alt=\"Heckklappe Sto\u00dfd\u00e4mpfer \" \/><img class=\"lazyload\" decoding=\"async\" src=\"data:image\/gif;base64,R0lGODlhAQABAAAAACH5BAEKAAEALAAAAAABAAEAAAICTAEAOw==\" data-orig-src=\"https:\/\/www.gastac.com\/wp-content\/uploads\/2023\/06\/heckklappendampfer-nissan-qashqai-j11-440x400.jpg\" alt=\"Heckklappe Sto\u00dfd\u00e4mpfer \" \/><\/p>\n","protected":false},"excerpt":{"rendered":"<p>Heckklappe Sto\u00dfd\u00e4mpfer Ein Heckklappen-Sto\u00dfd\u00e4mpfer, oft einfach als Gasfeder bezeichnet, ist eine pneumatische Feder, die Teil einer \u00d6ffnungs- und Haltevorrichtung ist,  [&#8230;]<\/p>\n","protected":false},"featured_media":20209,"comment_status":"open","ping_status":"closed","template":"","meta":[],"product_brand":[],"product_cat":[109],"product_tag":[],"class_list":{"0":"post-20205","1":"product","2":"type-product","3":"status-publish","4":"has-post-thumbnail","6":"product_cat-nicht-kategorisiert","8":"first","9":"instock","10":"shipping-taxable","11":"product-type-simple"},"yoast_head":"<!-- This site is optimized with the Yoast SEO Premium plugin v26.2 (Yoast SEO v27.4) - https:\/\/yoast.com\/product\/yoast-seo-premium-wordpress\/ -->\n<title>Heckklappe Sto\u00dfd\u00e4mpfer | Gastac Gas Spring<\/title>\n<meta name=\"robots\" content=\"index, follow, max-snippet:-1, max-image-preview:large, max-video-preview:-1\" \/>\n<link rel=\"canonical\" href=\"https:\/\/www.gastac.com\/de\/produkt\/heckklappe-stossdaempfer\/\" \/>\n<meta property=\"og:locale\" content=\"de_DE\" \/>\n<meta property=\"og:type\" content=\"article\" \/>\n<meta property=\"og:title\" content=\"Heckklappe Sto\u00dfd\u00e4mpfer\" \/>\n<meta property=\"og:description\" content=\"Heckklappe Sto\u00dfd\u00e4mpfer Ein Heckklappen-Sto\u00dfd\u00e4mpfer, oft einfach als Gasfeder bezeichnet, ist eine pneumatische Feder, die Teil einer \u00d6ffnungs- und Haltevorrichtung ist, [...]\" \/>\n<meta property=\"og:url\" content=\"https:\/\/www.gastac.com\/de\/produkt\/heckklappe-stossdaempfer\/\" \/>\n<meta property=\"og:site_name\" content=\"Gastac Gas Spring\" \/>\n<meta property=\"article:publisher\" content=\"https:\/\/www.facebook.com\/profile.php?id=100092358464608\" \/>\n<meta property=\"article:modified_time\" content=\"2025-11-13T09:13:53+00:00\" \/>\n<meta property=\"og:image\" content=\"https:\/\/www.gastac.com\/wp-content\/uploads\/2025\/11\/heckklappe-stosdampfer-1-600x600-1.webp\" \/>\n\t<meta property=\"og:image:width\" content=\"600\" \/>\n\t<meta property=\"og:image:height\" content=\"600\" \/>\n\t<meta property=\"og:image:type\" content=\"image\/webp\" \/>\n<meta name=\"twitter:card\" content=\"summary_large_image\" \/>\n<meta name=\"twitter:label1\" content=\"Gesch\u00e4tzte Lesezeit\" \/>\n\t<meta name=\"twitter:data1\" content=\"1\u00a0Minute\" \/>\n<script type=\"application\/ld+json\" class=\"yoast-schema-graph\">{\"@context\":\"https:\\\/\\\/schema.org\",\"@graph\":[{\"@type\":\"WebPage\",\"@id\":\"https:\\\/\\\/www.gastac.com\\\/de\\\/produkt\\\/heckklappe-stossdaempfer\\\/\",\"url\":\"https:\\\/\\\/www.gastac.com\\\/de\\\/produkt\\\/heckklappe-stossdaempfer\\\/\",\"name\":\"Heckklappe Sto\u00dfd\u00e4mpfer | Gastac Gas Spring\",\"isPartOf\":{\"@id\":\"https:\\\/\\\/www.gastac.com\\\/de\\\/#website\"},\"primaryImageOfPage\":{\"@id\":\"https:\\\/\\\/www.gastac.com\\\/de\\\/produkt\\\/heckklappe-stossdaempfer\\\/#primaryimage\"},\"image\":{\"@id\":\"https:\\\/\\\/www.gastac.com\\\/de\\\/produkt\\\/heckklappe-stossdaempfer\\\/#primaryimage\"},\"thumbnailUrl\":\"https:\\\/\\\/www.gastac.com\\\/wp-content\\\/uploads\\\/2025\\\/11\\\/heckklappe-stosdampfer-1-600x600-1.webp\",\"datePublished\":\"2025-11-13T09:13:52+00:00\",\"dateModified\":\"2025-11-13T09:13:53+00:00\",\"breadcrumb\":{\"@id\":\"https:\\\/\\\/www.gastac.com\\\/de\\\/produkt\\\/heckklappe-stossdaempfer\\\/#breadcrumb\"},\"inLanguage\":\"de\",\"potentialAction\":[{\"@type\":\"ReadAction\",\"target\":[\"https:\\\/\\\/www.gastac.com\\\/de\\\/produkt\\\/heckklappe-stossdaempfer\\\/\"]}]},{\"@type\":\"ImageObject\",\"inLanguage\":\"de\",\"@id\":\"https:\\\/\\\/www.gastac.com\\\/de\\\/produkt\\\/heckklappe-stossdaempfer\\\/#primaryimage\",\"url\":\"https:\\\/\\\/www.gastac.com\\\/wp-content\\\/uploads\\\/2025\\\/11\\\/heckklappe-stosdampfer-1-600x600-1.webp\",\"contentUrl\":\"https:\\\/\\\/www.gastac.com\\\/wp-content\\\/uploads\\\/2025\\\/11\\\/heckklappe-stosdampfer-1-600x600-1.webp\",\"width\":600,\"height\":600,\"caption\":\"heckklappe stosdampfer 1 600x600\"},{\"@type\":\"BreadcrumbList\",\"@id\":\"https:\\\/\\\/www.gastac.com\\\/de\\\/produkt\\\/heckklappe-stossdaempfer\\\/#breadcrumb\",\"itemListElement\":[{\"@type\":\"ListItem\",\"position\":1,\"name\":\"Home\",\"item\":\"https:\\\/\\\/www.gastac.com\\\/de\\\/\"},{\"@type\":\"ListItem\",\"position\":2,\"name\":\"products\",\"item\":\"https:\\\/\\\/www.gastac.com\\\/de\\\/products\\\/\"},{\"@type\":\"ListItem\",\"position\":3,\"name\":\"Nicht kategorisiert\",\"item\":\"https:\\\/\\\/www.gastac.com\\\/de\\\/product-category\\\/nicht-kategorisiert\\\/\"},{\"@type\":\"ListItem\",\"position\":4,\"name\":\"Heckklappe Sto\u00dfd\u00e4mpfer\"}]},{\"@type\":\"WebSite\",\"@id\":\"https:\\\/\\\/www.gastac.com\\\/de\\\/#website\",\"url\":\"https:\\\/\\\/www.gastac.com\\\/de\\\/\",\"name\":\"Gastac Gas Spring\",\"description\":\"China\u2019s Leading Gas Springs &amp; Struts Manufacturer\",\"publisher\":{\"@id\":\"https:\\\/\\\/www.gastac.com\\\/de\\\/#organization\"},\"potentialAction\":[{\"@type\":\"SearchAction\",\"target\":{\"@type\":\"EntryPoint\",\"urlTemplate\":\"https:\\\/\\\/www.gastac.com\\\/de\\\/?s={search_term_string}\"},\"query-input\":{\"@type\":\"PropertyValueSpecification\",\"valueRequired\":true,\"valueName\":\"search_term_string\"}}],\"inLanguage\":\"de\"},{\"@type\":\"Organization\",\"@id\":\"https:\\\/\\\/www.gastac.com\\\/de\\\/#organization\",\"name\":\"Ningbo Gastac Gas Spring Co.,Ltd\",\"url\":\"https:\\\/\\\/www.gastac.com\\\/de\\\/\",\"logo\":{\"@type\":\"ImageObject\",\"inLanguage\":\"de\",\"@id\":\"https:\\\/\\\/www.gastac.com\\\/de\\\/#\\\/schema\\\/logo\\\/image\\\/\",\"url\":\"https:\\\/\\\/www.gastac.com\\\/wp-content\\\/uploads\\\/2025\\\/09\\\/LOGO\u672c\u8272-\u9ed1.webp\",\"contentUrl\":\"https:\\\/\\\/www.gastac.com\\\/wp-content\\\/uploads\\\/2025\\\/09\\\/LOGO\u672c\u8272-\u9ed1.webp\",\"width\":1920,\"height\":1080,\"caption\":\"Ningbo Gastac Gas Spring Co.,Ltd\"},\"image\":{\"@id\":\"https:\\\/\\\/www.gastac.com\\\/de\\\/#\\\/schema\\\/logo\\\/image\\\/\"},\"sameAs\":[\"https:\\\/\\\/www.facebook.com\\\/profile.php?id=100092358464608\",\"https:\\\/\\\/www.youtube.com\\\/@Gastac-Gas-Spring\",\"https:\\\/\\\/www.linkedin.com\\\/in\\\/gastac-gas-spring\\\/\",\"https:\\\/\\\/www.instagram.com\\\/gastacgasspring\\\/\"]}]}<\/script>\n<!-- \/ Yoast SEO Premium plugin. -->","yoast_head_json":{"title":"Heckklappe Sto\u00dfd\u00e4mpfer | Gastac Gas Spring","robots":{"index":"index","follow":"follow","max-snippet":"max-snippet:-1","max-image-preview":"max-image-preview:large","max-video-preview":"max-video-preview:-1"},"canonical":"https:\/\/www.gastac.com\/de\/produkt\/heckklappe-stossdaempfer\/","og_locale":"de_DE","og_type":"article","og_title":"Heckklappe Sto\u00dfd\u00e4mpfer","og_description":"Heckklappe Sto\u00dfd\u00e4mpfer Ein Heckklappen-Sto\u00dfd\u00e4mpfer, oft einfach als Gasfeder bezeichnet, ist eine pneumatische Feder, die Teil einer \u00d6ffnungs- und Haltevorrichtung ist, [...]","og_url":"https:\/\/www.gastac.com\/de\/produkt\/heckklappe-stossdaempfer\/","og_site_name":"Gastac Gas Spring","article_publisher":"https:\/\/www.facebook.com\/profile.php?id=100092358464608","article_modified_time":"2025-11-13T09:13:53+00:00","og_image":[{"width":600,"height":600,"url":"https:\/\/www.gastac.com\/wp-content\/uploads\/2025\/11\/heckklappe-stosdampfer-1-600x600-1.webp","type":"image\/webp"}],"twitter_card":"summary_large_image","twitter_misc":{"Gesch\u00e4tzte Lesezeit":"1\u00a0Minute"},"schema":{"@context":"https:\/\/schema.org","@graph":[{"@type":"WebPage","@id":"https:\/\/www.gastac.com\/de\/produkt\/heckklappe-stossdaempfer\/","url":"https:\/\/www.gastac.com\/de\/produkt\/heckklappe-stossdaempfer\/","name":"Heckklappe Sto\u00dfd\u00e4mpfer | Gastac Gas Spring","isPartOf":{"@id":"https:\/\/www.gastac.com\/de\/#website"},"primaryImageOfPage":{"@id":"https:\/\/www.gastac.com\/de\/produkt\/heckklappe-stossdaempfer\/#primaryimage"},"image":{"@id":"https:\/\/www.gastac.com\/de\/produkt\/heckklappe-stossdaempfer\/#primaryimage"},"thumbnailUrl":"https:\/\/www.gastac.com\/wp-content\/uploads\/2025\/11\/heckklappe-stosdampfer-1-600x600-1.webp","datePublished":"2025-11-13T09:13:52+00:00","dateModified":"2025-11-13T09:13:53+00:00","breadcrumb":{"@id":"https:\/\/www.gastac.com\/de\/produkt\/heckklappe-stossdaempfer\/#breadcrumb"},"inLanguage":"de","potentialAction":[{"@type":"ReadAction","target":["https:\/\/www.gastac.com\/de\/produkt\/heckklappe-stossdaempfer\/"]}]},{"@type":"ImageObject","inLanguage":"de","@id":"https:\/\/www.gastac.com\/de\/produkt\/heckklappe-stossdaempfer\/#primaryimage","url":"https:\/\/www.gastac.com\/wp-content\/uploads\/2025\/11\/heckklappe-stosdampfer-1-600x600-1.webp","contentUrl":"https:\/\/www.gastac.com\/wp-content\/uploads\/2025\/11\/heckklappe-stosdampfer-1-600x600-1.webp","width":600,"height":600,"caption":"heckklappe stosdampfer 1 600x600"},{"@type":"BreadcrumbList","@id":"https:\/\/www.gastac.com\/de\/produkt\/heckklappe-stossdaempfer\/#breadcrumb","itemListElement":[{"@type":"ListItem","position":1,"name":"Home","item":"https:\/\/www.gastac.com\/de\/"},{"@type":"ListItem","position":2,"name":"products","item":"https:\/\/www.gastac.com\/de\/products\/"},{"@type":"ListItem","position":3,"name":"Nicht kategorisiert","item":"https:\/\/www.gastac.com\/de\/product-category\/nicht-kategorisiert\/"},{"@type":"ListItem","position":4,"name":"Heckklappe Sto\u00dfd\u00e4mpfer"}]},{"@type":"WebSite","@id":"https:\/\/www.gastac.com\/de\/#website","url":"https:\/\/www.gastac.com\/de\/","name":"Gastac Gas Spring","description":"China\u2019s Leading Gas Springs &amp; Struts Manufacturer","publisher":{"@id":"https:\/\/www.gastac.com\/de\/#organization"},"potentialAction":[{"@type":"SearchAction","target":{"@type":"EntryPoint","urlTemplate":"https:\/\/www.gastac.com\/de\/?s={search_term_string}"},"query-input":{"@type":"PropertyValueSpecification","valueRequired":true,"valueName":"search_term_string"}}],"inLanguage":"de"},{"@type":"Organization","@id":"https:\/\/www.gastac.com\/de\/#organization","name":"Ningbo Gastac Gas Spring Co.,Ltd","url":"https:\/\/www.gastac.com\/de\/","logo":{"@type":"ImageObject","inLanguage":"de","@id":"https:\/\/www.gastac.com\/de\/#\/schema\/logo\/image\/","url":"https:\/\/www.gastac.com\/wp-content\/uploads\/2025\/09\/LOGO\u672c\u8272-\u9ed1.webp","contentUrl":"https:\/\/www.gastac.com\/wp-content\/uploads\/2025\/09\/LOGO\u672c\u8272-\u9ed1.webp","width":1920,"height":1080,"caption":"Ningbo Gastac Gas Spring Co.,Ltd"},"image":{"@id":"https:\/\/www.gastac.com\/de\/#\/schema\/logo\/image\/"},"sameAs":["https:\/\/www.facebook.com\/profile.php?id=100092358464608","https:\/\/www.youtube.com\/@Gastac-Gas-Spring","https:\/\/www.linkedin.com\/in\/gastac-gas-spring\/","https:\/\/www.instagram.com\/gastacgasspring\/"]}]}},"_links":{"self":[{"href":"https:\/\/www.gastac.com\/de\/wp-json\/wp\/v2\/product\/20205","targetHints":{"allow":["GET"]}}],"collection":[{"href":"https:\/\/www.gastac.com\/de\/wp-json\/wp\/v2\/product"}],"about":[{"href":"https:\/\/www.gastac.com\/de\/wp-json\/wp\/v2\/types\/product"}],"replies":[{"embeddable":true,"href":"https:\/\/www.gastac.com\/de\/wp-json\/wp\/v2\/comments?post=20205"}],"wp:featuredmedia":[{"embeddable":true,"href":"https:\/\/www.gastac.com\/de\/wp-json\/wp\/v2\/media\/20209"}],"wp:attachment":[{"href":"https:\/\/www.gastac.com\/de\/wp-json\/wp\/v2\/media?parent=20205"}],"wp:term":[{"taxonomy":"product_brand","embeddable":true,"href":"https:\/\/www.gastac.com\/de\/wp-json\/wp\/v2\/product_brand?post=20205"},{"taxonomy":"product_cat","embeddable":true,"href":"https:\/\/www.gastac.com\/de\/wp-json\/wp\/v2\/product_cat?post=20205"},{"taxonomy":"product_tag","embeddable":true,"href":"https:\/\/www.gastac.com\/de\/wp-json\/wp\/v2\/product_tag?post=20205"}],"curies":[{"name":"wp","href":"https:\/\/api.w.org\/{rel}","templated":true}]}}