{"id":20202,"date":"2025-11-13T09:09:12","date_gmt":"2025-11-13T09:09:12","guid":{"rendered":"https:\/\/www.gastac.com\/?post_type=product&#038;p=20202"},"modified":"2025-11-13T09:09:13","modified_gmt":"2025-11-13T09:09:13","slug":"hyundai-i10-gasdruckfeder-heckklappe","status":"publish","type":"product","link":"https:\/\/www.gastac.com\/de\/produkt\/hyundai-i10-gasdruckfeder-heckklappe\/","title":{"rendered":"Hyundai i10 Gasdruckfeder Heckklappe"},"content":{"rendered":"<p><strong>Hyundai i10 gasdruckfeder heckklappe<\/strong><\/p>\n<p>Wenn der Kofferraum des i10 nach oben oder unten geklappt wird, bewegt sich ein kleiner Kolben im Inneren des D\u00e4mpfers. Ohne den Heckklappend\u00e4mpfer l\u00e4sst sich der Kofferraumdeckel nicht ohne gro\u00dfen Kraftaufwand \u00f6ffnen. Zu diesem Zeitpunkt erm\u00f6glicht die Gasdruckfeder-Heckklappe des Hyundai i10, die Heckklappe sanft und langsam zu \u00f6ffnen und offen zu halten.<\/p>\n<p>Wenn der Heckklappend\u00e4mpfer des Hyundai i10 defekt ist oder eine eingeschr\u00e4nkte Federwirkung aufweist, sollte er durch einen passenden Heckklappend\u00e4mpfer des Hyundai i10 ersetzt werden. Und der Heckklappend\u00e4mpfer Hyundai i10 ist kompatibel zwischen \u00e4hnlichen Modellen derselben Marke, wie zum Beispiel dem Heckklappend\u00e4mpfer Hyundai i10 und dem Hyundai i30 Heckklappend\u00e4mpfer. Geeignete Sto\u00dfd\u00e4mpfer k\u00f6nnen f\u00fcr die meisten Automodelle problemlos neu oder online gekauft werden, und durch die Verwendung recycelter Teile von zertifizierten Autos kann manchmal viel Geld gespart werden. F\u00fcr einige Modelle sind auch verst\u00e4rkte Heckklappensto\u00dfd\u00e4mpfer erh\u00e4ltlich, die durch die vorhandenen Standardsto\u00dfd\u00e4mpfer des Fahrzeugs ersetzt werden k\u00f6nnen.<br \/>\n<img decoding=\"async\" class=\"lazyload aligncenter\" src=\"data:image\/gif;base64,R0lGODlhAQABAAAAACH5BAEKAAEALAAAAAABAAEAAAICTAEAOw==\" data-orig-src=\"https:\/\/gastac.com\/wp-content\/uploads\/2023\/06\/Gasdruckdampfer-100-kg.png\" alt=\"Hyundai i10 Gasdruckfeder Heckklappe\" \/><br \/>\n<strong>KOFFERRAUM D\u00c4MPFER F\u00dcR BELIEBTE HYUNDAI-MODELLE<\/strong><\/p>\n<p>HYUNDAI ix35 (LM, EL, ELH) Gasdruckd\u00e4mpfer Heckklappe<br \/>\nHYUNDAI Tucson (TL, TLE) Gasdruckd\u00e4mpfer Heckklappe<br \/>\nHYUNDAI i30 (FD) Gasdruckd\u00e4mpfer Heckklappe<br \/>\nHYUNDAI i10 (PA) Gasdruckd\u00e4mpfer Heckklappe<br \/>\nHYUNDAI i20 (PB, PBT) Gasdruckd\u00e4mpfer Heckklappe<br \/>\nHYUNDAI i40 CW (VF) Gasdruckd\u00e4mpfer Heckklappe<br \/>\nHYUNDAI i30 (GD) Gasdruckd\u00e4mpfer Heckklappe<br \/>\nHYUNDAI GETZ (TB) Gasdruckd\u00e4mpfer Heckklappe<br \/>\nHYUNDAI TUCSON (JM) Gasdruckd\u00e4mpfer Heckklappe<br \/>\nHYUNDAI SANTA F\u00c9 II (CM) Gasdruckd\u00e4mpfer Heckklappe<br \/>\nHYUNDAI i10 (IA) Gasdruckd\u00e4mpfer Heckklappe<br \/>\nHYUNDAI i30 Schr\u00e4gheck (PDE, PD, PDEN) Gasdruckd\u00e4mpfer Heckklappe<br \/>\nHYUNDAI i20 Schr\u00e4gheck (GB, IB) Gasdruckd\u00e4mpfer Heckklappe<br \/>\nHYUNDAI i30 CW (FD) Gasdruckd\u00e4mpfer Heckklappe<br \/>\nHYUNDAI i30 CW (GD) Gasdruckd\u00e4mpfer Heckklappe<br \/>\nHYUNDAI SANTA F\u00c9 I (SM) Gasdruckd\u00e4mpfer Heckklappe<br \/>\nHYUNDAI ix20 (JC) Gasdruckd\u00e4mpfer Heckklappe<br \/>\nHYUNDAI Kona (OS) Gasdruckd\u00e4mpfer Heckklappe<br \/>\nHYUNDAI H-1 Travel (TQ) Gasdruckd\u00e4mpfer Heckklappe<br \/>\nHYUNDAI Santa F\u00e9 III (DM) Gasdruckd\u00e4mpfer Heckklappe<\/p>\n<p>Wir verkaufen Industriegasfedern \/ Gasfedern. Allgemein anwendbar, zum Beispiel:<br \/>\n\u2013 Verkauf von Anh\u00e4ngern, Pferdekutschen, diversen Anh\u00e4ngern<br \/>\n\u2013 Dachboxen, Dachtr\u00e4ger<br \/>\n\u2013 Motor, Motorhaube<br \/>\n\u2013 Kofferraum, Heckklappe<br \/>\n\u2013 Dachluken, Dachtreppen<br \/>\n\u2013 BMW, Audi, Smart, Nissan, Hyundai, Opel, Skoda, Volkswagen, Ford<br \/>\n\u2013 ETC.<\/p>\n<p>Ben\u00f6tigen Sie eine ganz andere Art von Gasfeder? Schreiben Sie uns und wenn m\u00f6glich senden Sie uns ein Foto des gedruckten Modellnamens per E-Mail sales@gastac-com-591077.hostingersite.com!<\/p>\n<div><strong>Gasdruckfede Anwendung<\/strong><\/div>\n<p><img class=\"lazyload\" decoding=\"async\" src=\"data:image\/gif;base64,R0lGODlhAQABAAAAACH5BAEKAAEALAAAAAABAAEAAAICTAEAOw==\" data-orig-src=\"https:\/\/www.gastac.com\/wp-content\/uploads\/2023\/06\/heckklappendampfer-hyundai-i10-400x400.jpg\" alt=\"Hyundai i10 Gasdruckfeder Heckklappe\" \/><img class=\"lazyload\" decoding=\"async\" src=\"data:image\/gif;base64,R0lGODlhAQABAAAAACH5BAEKAAEALAAAAAABAAEAAAICTAEAOw==\" data-orig-src=\"https:\/\/www.gastac.com\/wp-content\/uploads\/2023\/06\/hyundai-i10-heckklappendampfer-399x400.png\" alt=\"Hyundai i10 Gasdruckfeder Heckklappe\" \/><\/p>\n","protected":false},"excerpt":{"rendered":"<p>Hyundai i10 gasdruckfeder heckklappe Wenn der Kofferraum des i10 nach oben oder unten geklappt wird, bewegt sich ein kleiner Kolben  [&#8230;]<\/p>\n","protected":false},"featured_media":20204,"comment_status":"open","ping_status":"closed","template":"","meta":[],"product_brand":[],"product_cat":[109],"product_tag":[],"class_list":{"0":"post-20202","1":"product","2":"type-product","3":"status-publish","4":"has-post-thumbnail","6":"product_cat-nicht-kategorisiert","8":"first","9":"instock","10":"shipping-taxable","11":"product-type-simple"},"yoast_head":"<!-- This site is optimized with the Yoast SEO Premium plugin v26.2 (Yoast SEO v27.4) - https:\/\/yoast.com\/product\/yoast-seo-premium-wordpress\/ -->\n<title>Hyundai i10 Gasdruckfeder Heckklappe | Gastac Gas Spring<\/title>\n<meta name=\"robots\" content=\"index, follow, max-snippet:-1, max-image-preview:large, max-video-preview:-1\" \/>\n<link rel=\"canonical\" href=\"https:\/\/www.gastac.com\/de\/produkt\/hyundai-i10-gasdruckfeder-heckklappe\/\" \/>\n<meta property=\"og:locale\" content=\"de_DE\" \/>\n<meta property=\"og:type\" content=\"article\" \/>\n<meta property=\"og:title\" content=\"Hyundai i10 Gasdruckfeder Heckklappe\" \/>\n<meta property=\"og:description\" content=\"Hyundai i10 gasdruckfeder heckklappe Wenn der Kofferraum des i10 nach oben oder unten geklappt wird, bewegt sich ein kleiner Kolben [...]\" \/>\n<meta property=\"og:url\" content=\"https:\/\/www.gastac.com\/de\/produkt\/hyundai-i10-gasdruckfeder-heckklappe\/\" \/>\n<meta property=\"og:site_name\" content=\"Gastac Gas Spring\" \/>\n<meta property=\"article:publisher\" content=\"https:\/\/www.facebook.com\/profile.php?id=100092358464608\" \/>\n<meta property=\"article:modified_time\" content=\"2025-11-13T09:09:13+00:00\" \/>\n<meta property=\"og:image\" content=\"https:\/\/www.gastac.com\/wp-content\/uploads\/2025\/11\/hyundai-i10-gasdruckfeder-heckklappe-600x610-1.webp\" \/>\n\t<meta property=\"og:image:width\" content=\"600\" \/>\n\t<meta property=\"og:image:height\" content=\"610\" \/>\n\t<meta property=\"og:image:type\" content=\"image\/webp\" \/>\n<meta name=\"twitter:card\" content=\"summary_large_image\" \/>\n<meta name=\"twitter:label1\" content=\"Gesch\u00e4tzte Lesezeit\" \/>\n\t<meta name=\"twitter:data1\" content=\"1\u00a0Minute\" \/>\n<script type=\"application\/ld+json\" class=\"yoast-schema-graph\">{\"@context\":\"https:\\\/\\\/schema.org\",\"@graph\":[{\"@type\":\"WebPage\",\"@id\":\"https:\\\/\\\/www.gastac.com\\\/de\\\/produkt\\\/hyundai-i10-gasdruckfeder-heckklappe\\\/\",\"url\":\"https:\\\/\\\/www.gastac.com\\\/de\\\/produkt\\\/hyundai-i10-gasdruckfeder-heckklappe\\\/\",\"name\":\"Hyundai i10 Gasdruckfeder Heckklappe | Gastac Gas Spring\",\"isPartOf\":{\"@id\":\"https:\\\/\\\/www.gastac.com\\\/de\\\/#website\"},\"primaryImageOfPage\":{\"@id\":\"https:\\\/\\\/www.gastac.com\\\/de\\\/produkt\\\/hyundai-i10-gasdruckfeder-heckklappe\\\/#primaryimage\"},\"image\":{\"@id\":\"https:\\\/\\\/www.gastac.com\\\/de\\\/produkt\\\/hyundai-i10-gasdruckfeder-heckklappe\\\/#primaryimage\"},\"thumbnailUrl\":\"https:\\\/\\\/www.gastac.com\\\/wp-content\\\/uploads\\\/2025\\\/11\\\/hyundai-i10-gasdruckfeder-heckklappe-600x610-1.webp\",\"datePublished\":\"2025-11-13T09:09:12+00:00\",\"dateModified\":\"2025-11-13T09:09:13+00:00\",\"breadcrumb\":{\"@id\":\"https:\\\/\\\/www.gastac.com\\\/de\\\/produkt\\\/hyundai-i10-gasdruckfeder-heckklappe\\\/#breadcrumb\"},\"inLanguage\":\"de\",\"potentialAction\":[{\"@type\":\"ReadAction\",\"target\":[\"https:\\\/\\\/www.gastac.com\\\/de\\\/produkt\\\/hyundai-i10-gasdruckfeder-heckklappe\\\/\"]}]},{\"@type\":\"ImageObject\",\"inLanguage\":\"de\",\"@id\":\"https:\\\/\\\/www.gastac.com\\\/de\\\/produkt\\\/hyundai-i10-gasdruckfeder-heckklappe\\\/#primaryimage\",\"url\":\"https:\\\/\\\/www.gastac.com\\\/wp-content\\\/uploads\\\/2025\\\/11\\\/hyundai-i10-gasdruckfeder-heckklappe-600x610-1.webp\",\"contentUrl\":\"https:\\\/\\\/www.gastac.com\\\/wp-content\\\/uploads\\\/2025\\\/11\\\/hyundai-i10-gasdruckfeder-heckklappe-600x610-1.webp\",\"width\":600,\"height\":610,\"caption\":\"hyundai i10 gasdruckfeder heckklappe 600x610\"},{\"@type\":\"BreadcrumbList\",\"@id\":\"https:\\\/\\\/www.gastac.com\\\/de\\\/produkt\\\/hyundai-i10-gasdruckfeder-heckklappe\\\/#breadcrumb\",\"itemListElement\":[{\"@type\":\"ListItem\",\"position\":1,\"name\":\"Home\",\"item\":\"https:\\\/\\\/www.gastac.com\\\/de\\\/\"},{\"@type\":\"ListItem\",\"position\":2,\"name\":\"products\",\"item\":\"https:\\\/\\\/www.gastac.com\\\/de\\\/products\\\/\"},{\"@type\":\"ListItem\",\"position\":3,\"name\":\"Nicht kategorisiert\",\"item\":\"https:\\\/\\\/www.gastac.com\\\/de\\\/product-category\\\/nicht-kategorisiert\\\/\"},{\"@type\":\"ListItem\",\"position\":4,\"name\":\"Hyundai i10 Gasdruckfeder Heckklappe\"}]},{\"@type\":\"WebSite\",\"@id\":\"https:\\\/\\\/www.gastac.com\\\/de\\\/#website\",\"url\":\"https:\\\/\\\/www.gastac.com\\\/de\\\/\",\"name\":\"Gastac Gas Spring\",\"description\":\"China\u2019s Leading Gas Springs &amp; Struts Manufacturer\",\"publisher\":{\"@id\":\"https:\\\/\\\/www.gastac.com\\\/de\\\/#organization\"},\"potentialAction\":[{\"@type\":\"SearchAction\",\"target\":{\"@type\":\"EntryPoint\",\"urlTemplate\":\"https:\\\/\\\/www.gastac.com\\\/de\\\/?s={search_term_string}\"},\"query-input\":{\"@type\":\"PropertyValueSpecification\",\"valueRequired\":true,\"valueName\":\"search_term_string\"}}],\"inLanguage\":\"de\"},{\"@type\":\"Organization\",\"@id\":\"https:\\\/\\\/www.gastac.com\\\/de\\\/#organization\",\"name\":\"Ningbo Gastac Gas Spring Co.,Ltd\",\"url\":\"https:\\\/\\\/www.gastac.com\\\/de\\\/\",\"logo\":{\"@type\":\"ImageObject\",\"inLanguage\":\"de\",\"@id\":\"https:\\\/\\\/www.gastac.com\\\/de\\\/#\\\/schema\\\/logo\\\/image\\\/\",\"url\":\"https:\\\/\\\/www.gastac.com\\\/wp-content\\\/uploads\\\/2025\\\/09\\\/LOGO\u672c\u8272-\u9ed1.webp\",\"contentUrl\":\"https:\\\/\\\/www.gastac.com\\\/wp-content\\\/uploads\\\/2025\\\/09\\\/LOGO\u672c\u8272-\u9ed1.webp\",\"width\":1920,\"height\":1080,\"caption\":\"Ningbo Gastac Gas Spring Co.,Ltd\"},\"image\":{\"@id\":\"https:\\\/\\\/www.gastac.com\\\/de\\\/#\\\/schema\\\/logo\\\/image\\\/\"},\"sameAs\":[\"https:\\\/\\\/www.facebook.com\\\/profile.php?id=100092358464608\",\"https:\\\/\\\/www.youtube.com\\\/@Gastac-Gas-Spring\",\"https:\\\/\\\/www.linkedin.com\\\/in\\\/gastac-gas-spring\\\/\",\"https:\\\/\\\/www.instagram.com\\\/gastacgasspring\\\/\"]}]}<\/script>\n<!-- \/ Yoast SEO Premium plugin. -->","yoast_head_json":{"title":"Hyundai i10 Gasdruckfeder Heckklappe | Gastac Gas Spring","robots":{"index":"index","follow":"follow","max-snippet":"max-snippet:-1","max-image-preview":"max-image-preview:large","max-video-preview":"max-video-preview:-1"},"canonical":"https:\/\/www.gastac.com\/de\/produkt\/hyundai-i10-gasdruckfeder-heckklappe\/","og_locale":"de_DE","og_type":"article","og_title":"Hyundai i10 Gasdruckfeder Heckklappe","og_description":"Hyundai i10 gasdruckfeder heckklappe Wenn der Kofferraum des i10 nach oben oder unten geklappt wird, bewegt sich ein kleiner Kolben [...]","og_url":"https:\/\/www.gastac.com\/de\/produkt\/hyundai-i10-gasdruckfeder-heckklappe\/","og_site_name":"Gastac Gas Spring","article_publisher":"https:\/\/www.facebook.com\/profile.php?id=100092358464608","article_modified_time":"2025-11-13T09:09:13+00:00","og_image":[{"width":600,"height":610,"url":"https:\/\/www.gastac.com\/wp-content\/uploads\/2025\/11\/hyundai-i10-gasdruckfeder-heckklappe-600x610-1.webp","type":"image\/webp"}],"twitter_card":"summary_large_image","twitter_misc":{"Gesch\u00e4tzte Lesezeit":"1\u00a0Minute"},"schema":{"@context":"https:\/\/schema.org","@graph":[{"@type":"WebPage","@id":"https:\/\/www.gastac.com\/de\/produkt\/hyundai-i10-gasdruckfeder-heckklappe\/","url":"https:\/\/www.gastac.com\/de\/produkt\/hyundai-i10-gasdruckfeder-heckklappe\/","name":"Hyundai i10 Gasdruckfeder Heckklappe | Gastac Gas Spring","isPartOf":{"@id":"https:\/\/www.gastac.com\/de\/#website"},"primaryImageOfPage":{"@id":"https:\/\/www.gastac.com\/de\/produkt\/hyundai-i10-gasdruckfeder-heckklappe\/#primaryimage"},"image":{"@id":"https:\/\/www.gastac.com\/de\/produkt\/hyundai-i10-gasdruckfeder-heckklappe\/#primaryimage"},"thumbnailUrl":"https:\/\/www.gastac.com\/wp-content\/uploads\/2025\/11\/hyundai-i10-gasdruckfeder-heckklappe-600x610-1.webp","datePublished":"2025-11-13T09:09:12+00:00","dateModified":"2025-11-13T09:09:13+00:00","breadcrumb":{"@id":"https:\/\/www.gastac.com\/de\/produkt\/hyundai-i10-gasdruckfeder-heckklappe\/#breadcrumb"},"inLanguage":"de","potentialAction":[{"@type":"ReadAction","target":["https:\/\/www.gastac.com\/de\/produkt\/hyundai-i10-gasdruckfeder-heckklappe\/"]}]},{"@type":"ImageObject","inLanguage":"de","@id":"https:\/\/www.gastac.com\/de\/produkt\/hyundai-i10-gasdruckfeder-heckklappe\/#primaryimage","url":"https:\/\/www.gastac.com\/wp-content\/uploads\/2025\/11\/hyundai-i10-gasdruckfeder-heckklappe-600x610-1.webp","contentUrl":"https:\/\/www.gastac.com\/wp-content\/uploads\/2025\/11\/hyundai-i10-gasdruckfeder-heckklappe-600x610-1.webp","width":600,"height":610,"caption":"hyundai i10 gasdruckfeder heckklappe 600x610"},{"@type":"BreadcrumbList","@id":"https:\/\/www.gastac.com\/de\/produkt\/hyundai-i10-gasdruckfeder-heckklappe\/#breadcrumb","itemListElement":[{"@type":"ListItem","position":1,"name":"Home","item":"https:\/\/www.gastac.com\/de\/"},{"@type":"ListItem","position":2,"name":"products","item":"https:\/\/www.gastac.com\/de\/products\/"},{"@type":"ListItem","position":3,"name":"Nicht kategorisiert","item":"https:\/\/www.gastac.com\/de\/product-category\/nicht-kategorisiert\/"},{"@type":"ListItem","position":4,"name":"Hyundai i10 Gasdruckfeder Heckklappe"}]},{"@type":"WebSite","@id":"https:\/\/www.gastac.com\/de\/#website","url":"https:\/\/www.gastac.com\/de\/","name":"Gastac Gas Spring","description":"China\u2019s Leading Gas Springs &amp; Struts Manufacturer","publisher":{"@id":"https:\/\/www.gastac.com\/de\/#organization"},"potentialAction":[{"@type":"SearchAction","target":{"@type":"EntryPoint","urlTemplate":"https:\/\/www.gastac.com\/de\/?s={search_term_string}"},"query-input":{"@type":"PropertyValueSpecification","valueRequired":true,"valueName":"search_term_string"}}],"inLanguage":"de"},{"@type":"Organization","@id":"https:\/\/www.gastac.com\/de\/#organization","name":"Ningbo Gastac Gas Spring Co.,Ltd","url":"https:\/\/www.gastac.com\/de\/","logo":{"@type":"ImageObject","inLanguage":"de","@id":"https:\/\/www.gastac.com\/de\/#\/schema\/logo\/image\/","url":"https:\/\/www.gastac.com\/wp-content\/uploads\/2025\/09\/LOGO\u672c\u8272-\u9ed1.webp","contentUrl":"https:\/\/www.gastac.com\/wp-content\/uploads\/2025\/09\/LOGO\u672c\u8272-\u9ed1.webp","width":1920,"height":1080,"caption":"Ningbo Gastac Gas Spring Co.,Ltd"},"image":{"@id":"https:\/\/www.gastac.com\/de\/#\/schema\/logo\/image\/"},"sameAs":["https:\/\/www.facebook.com\/profile.php?id=100092358464608","https:\/\/www.youtube.com\/@Gastac-Gas-Spring","https:\/\/www.linkedin.com\/in\/gastac-gas-spring\/","https:\/\/www.instagram.com\/gastacgasspring\/"]}]}},"_links":{"self":[{"href":"https:\/\/www.gastac.com\/de\/wp-json\/wp\/v2\/product\/20202","targetHints":{"allow":["GET"]}}],"collection":[{"href":"https:\/\/www.gastac.com\/de\/wp-json\/wp\/v2\/product"}],"about":[{"href":"https:\/\/www.gastac.com\/de\/wp-json\/wp\/v2\/types\/product"}],"replies":[{"embeddable":true,"href":"https:\/\/www.gastac.com\/de\/wp-json\/wp\/v2\/comments?post=20202"}],"wp:featuredmedia":[{"embeddable":true,"href":"https:\/\/www.gastac.com\/de\/wp-json\/wp\/v2\/media\/20204"}],"wp:attachment":[{"href":"https:\/\/www.gastac.com\/de\/wp-json\/wp\/v2\/media?parent=20202"}],"wp:term":[{"taxonomy":"product_brand","embeddable":true,"href":"https:\/\/www.gastac.com\/de\/wp-json\/wp\/v2\/product_brand?post=20202"},{"taxonomy":"product_cat","embeddable":true,"href":"https:\/\/www.gastac.com\/de\/wp-json\/wp\/v2\/product_cat?post=20202"},{"taxonomy":"product_tag","embeddable":true,"href":"https:\/\/www.gastac.com\/de\/wp-json\/wp\/v2\/product_tag?post=20202"}],"curies":[{"name":"wp","href":"https:\/\/api.w.org\/{rel}","templated":true}]}}