{"id":20187,"date":"2025-11-13T09:00:17","date_gmt":"2025-11-13T09:00:17","guid":{"rendered":"https:\/\/www.gastac.com\/?post_type=product&#038;p=20187"},"modified":"2025-11-13T09:00:18","modified_gmt":"2025-11-13T09:00:18","slug":"stossdaempfer-heckklappe","status":"publish","type":"product","link":"https:\/\/www.gastac.com\/de\/produkt\/stossdaempfer-heckklappe\/","title":{"rendered":"Sto\u00dfd\u00e4mpfer Heckklappe"},"content":{"rendered":"<p><strong>Sto\u00dfd\u00e4mpfer heckklappe<\/strong><\/p>\n<p>\u00d6ffnet der Autonutzer ab einem bestimmten Punkt oder Erreichen eines bestimmten \u00d6ffnungswinkels die Heckklappe, unterst\u00fctzt ihn der Sto\u00dfd\u00e4mpfer heckklappe beim Anheben der Heckklappe. Der ATU-Heckklappend\u00e4mpfer h\u00e4lt dann die Heckklappe des Fahrzeugs in der oberen Position und erm\u00f6glicht so ein bequemes und einfaches Be- und Entladen des Gep\u00e4ckraums. Beim Schlie\u00dfen der Heckklappe wirkt die Gasdruckfeder Auto Heckklappe dem Gewicht der Heckklappe entgegen und verhindert so, dass der Benutzer die Heckklappe mit zu gro\u00dfer Kraft schlie\u00dft, was zum Platzen der Heckscheibe f\u00fchren k\u00f6nnte.<br \/>\n<img class=\"lazyload\" decoding=\"async\" src=\"data:image\/gif;base64,R0lGODlhAQABAAAAACH5BAEKAAEALAAAAAABAAEAAAICTAEAOw==\" data-orig-src=\"https:\/\/gastac.com\/wp-content\/uploads\/2023\/06\/audi-a4-b8-heckklappendampfer-original-280x280.jpg\" alt=\"Sto\u00dfd\u00e4mpfer Heckklappe \" \/><img class=\"lazyload\" decoding=\"async\" src=\"data:image\/gif;base64,R0lGODlhAQABAAAAACH5BAEKAAEALAAAAAABAAEAAAICTAEAOw==\" data-orig-src=\"https:\/\/gastac.com\/wp-content\/uploads\/2023\/06\/audi-a4-b8-heckklappendampfer-280x280.jpg\" alt=\"Sto\u00dfd\u00e4mpfer Heckklappe \" \/><\/p>\n<p>Gasd\u00e4mpfer f\u00fcr Heckklappen werden seit den 1960er Jahren im Automobilbau eingesetzt. Fr\u00fcher waren Strukturen, die beispielsweise \u00fcber Schraubenfedern funktionierten, \u00fcblich, erwiesen sich jedoch als weniger komfortabel. Selbst Konstruktionen, die \u00fcber die Sicherung und Verriegelung der Fronthaube oder Heckklappe des Fahrzeugs funktionieren, \u00fcberzeugen nicht immer.<\/p>\n<p>Der Sto\u00dfd\u00e4mpfer Heckklappe hingegen bietet sowohl hohe Federkr\u00e4fte als auch kleine Bauteilgr\u00f6\u00dfen. Bei geschlossener Audi-Heckklappe kann der Audi A6 4F Heckklappend\u00e4mpfer gleichzeitig den Bewegungsablauf d\u00e4mpfen. Der Einsatz des Audi A2 Heckklappend\u00e4mpfers f\u00fcr die Heckklappe verringert zudem das Verletzungsrisiko, da bei einigen fr\u00fcheren Konstruktionen Schraubenfedern zum Einsatz kamen.<\/p>\n<p>Auch beim Einbau des Audi A2 Heckklappend\u00e4mpfers werden Finger nicht in den Gasdruckd\u00e4mpfer eingeklemmt. Luftunterst\u00fctzte Heckklappend\u00e4mpfer sind heutzutage in fast jedem modernen Auto zu finden. Einige Autohersteller setzen sie auch im Motorhaubenbereich ein, um das \u00d6ffnen der Motorhaube zu erleichtern.<\/p>\n<p>Ben\u00f6tigen Sie eine ganz andere Art von Gasfeder? Schreiben Sie uns und wenn m\u00f6glich senden Sie uns ein Foto des gedruckten Modellnamens per E-Mail sales@gastac-com-591077.hostingersite.com!<\/p>\n<div><strong>Gasdruckfede Anwendung<\/strong><\/div>\n<p><img class=\"lazyload\" decoding=\"async\" src=\"data:image\/gif;base64,R0lGODlhAQABAAAAACH5BAEKAAEALAAAAAABAAEAAAICTAEAOw==\" data-orig-src=\"https:\/\/www.gastac.com\/wp-content\/uploads\/2023\/06\/atu-heckklappendampfer-390x400.png\" alt=\"Sto\u00dfd\u00e4mpfer Heckklappe \" \/><img class=\"lazyload\" decoding=\"async\" src=\"data:image\/gif;base64,R0lGODlhAQABAAAAACH5BAEKAAEALAAAAAABAAEAAAICTAEAOw==\" data-orig-src=\"https:\/\/www.gastac.com\/wp-content\/uploads\/2023\/06\/audi-a6-4f-heckklappendampfer-401x400.png\" alt=\"Sto\u00dfd\u00e4mpfer Heckklappe \" \/><\/p>\n","protected":false},"excerpt":{"rendered":"<p>Sto\u00dfd\u00e4mpfer heckklappe \u00d6ffnet der Autonutzer ab einem bestimmten Punkt oder Erreichen eines bestimmten \u00d6ffnungswinkels die Heckklappe, unterst\u00fctzt ihn der Sto\u00dfd\u00e4mpfer  [&#8230;]<\/p>\n","protected":false},"featured_media":20194,"comment_status":"open","ping_status":"closed","template":"","meta":[],"product_brand":[],"product_cat":[109],"product_tag":[],"class_list":{"0":"post-20187","1":"product","2":"type-product","3":"status-publish","4":"has-post-thumbnail","6":"product_cat-nicht-kategorisiert","8":"first","9":"instock","10":"shipping-taxable","11":"product-type-simple"},"yoast_head":"<!-- This site is optimized with the Yoast SEO Premium plugin v26.2 (Yoast SEO v27.4) - https:\/\/yoast.com\/product\/yoast-seo-premium-wordpress\/ -->\n<title>Sto\u00dfd\u00e4mpfer Heckklappe | Gastac Gas Spring<\/title>\n<meta name=\"robots\" content=\"index, follow, max-snippet:-1, max-image-preview:large, max-video-preview:-1\" \/>\n<link rel=\"canonical\" href=\"https:\/\/www.gastac.com\/de\/produkt\/stossdaempfer-heckklappe\/\" \/>\n<meta property=\"og:locale\" content=\"de_DE\" \/>\n<meta property=\"og:type\" content=\"article\" \/>\n<meta property=\"og:title\" content=\"Sto\u00dfd\u00e4mpfer Heckklappe\" \/>\n<meta property=\"og:description\" content=\"Sto\u00dfd\u00e4mpfer heckklappe \u00d6ffnet der Autonutzer ab einem bestimmten Punkt oder Erreichen eines bestimmten \u00d6ffnungswinkels die Heckklappe, unterst\u00fctzt ihn der Sto\u00dfd\u00e4mpfer [...]\" \/>\n<meta property=\"og:url\" content=\"https:\/\/www.gastac.com\/de\/produkt\/stossdaempfer-heckklappe\/\" \/>\n<meta property=\"og:site_name\" content=\"Gastac Gas Spring\" \/>\n<meta property=\"article:publisher\" content=\"https:\/\/www.facebook.com\/profile.php?id=100092358464608\" \/>\n<meta property=\"article:modified_time\" content=\"2025-11-13T09:00:18+00:00\" \/>\n<meta property=\"og:image\" content=\"https:\/\/www.gastac.com\/wp-content\/uploads\/2025\/11\/stosdampfer-heckklappe.webp\" \/>\n\t<meta property=\"og:image:width\" content=\"320\" \/>\n\t<meta property=\"og:image:height\" content=\"320\" \/>\n\t<meta property=\"og:image:type\" content=\"image\/webp\" \/>\n<meta name=\"twitter:card\" content=\"summary_large_image\" \/>\n<meta name=\"twitter:label1\" content=\"Gesch\u00e4tzte Lesezeit\" \/>\n\t<meta name=\"twitter:data1\" content=\"1\u00a0Minute\" \/>\n<script type=\"application\/ld+json\" class=\"yoast-schema-graph\">{\"@context\":\"https:\\\/\\\/schema.org\",\"@graph\":[{\"@type\":\"WebPage\",\"@id\":\"https:\\\/\\\/www.gastac.com\\\/de\\\/produkt\\\/stossdaempfer-heckklappe\\\/\",\"url\":\"https:\\\/\\\/www.gastac.com\\\/de\\\/produkt\\\/stossdaempfer-heckklappe\\\/\",\"name\":\"Sto\u00dfd\u00e4mpfer Heckklappe | Gastac Gas Spring\",\"isPartOf\":{\"@id\":\"https:\\\/\\\/www.gastac.com\\\/de\\\/#website\"},\"primaryImageOfPage\":{\"@id\":\"https:\\\/\\\/www.gastac.com\\\/de\\\/produkt\\\/stossdaempfer-heckklappe\\\/#primaryimage\"},\"image\":{\"@id\":\"https:\\\/\\\/www.gastac.com\\\/de\\\/produkt\\\/stossdaempfer-heckklappe\\\/#primaryimage\"},\"thumbnailUrl\":\"https:\\\/\\\/www.gastac.com\\\/wp-content\\\/uploads\\\/2025\\\/11\\\/stosdampfer-heckklappe.webp\",\"datePublished\":\"2025-11-13T09:00:17+00:00\",\"dateModified\":\"2025-11-13T09:00:18+00:00\",\"breadcrumb\":{\"@id\":\"https:\\\/\\\/www.gastac.com\\\/de\\\/produkt\\\/stossdaempfer-heckklappe\\\/#breadcrumb\"},\"inLanguage\":\"de\",\"potentialAction\":[{\"@type\":\"ReadAction\",\"target\":[\"https:\\\/\\\/www.gastac.com\\\/de\\\/produkt\\\/stossdaempfer-heckklappe\\\/\"]}]},{\"@type\":\"ImageObject\",\"inLanguage\":\"de\",\"@id\":\"https:\\\/\\\/www.gastac.com\\\/de\\\/produkt\\\/stossdaempfer-heckklappe\\\/#primaryimage\",\"url\":\"https:\\\/\\\/www.gastac.com\\\/wp-content\\\/uploads\\\/2025\\\/11\\\/stosdampfer-heckklappe.webp\",\"contentUrl\":\"https:\\\/\\\/www.gastac.com\\\/wp-content\\\/uploads\\\/2025\\\/11\\\/stosdampfer-heckklappe.webp\",\"width\":320,\"height\":320,\"caption\":\"stosdampfer heckklappe\"},{\"@type\":\"BreadcrumbList\",\"@id\":\"https:\\\/\\\/www.gastac.com\\\/de\\\/produkt\\\/stossdaempfer-heckklappe\\\/#breadcrumb\",\"itemListElement\":[{\"@type\":\"ListItem\",\"position\":1,\"name\":\"Home\",\"item\":\"https:\\\/\\\/www.gastac.com\\\/de\\\/\"},{\"@type\":\"ListItem\",\"position\":2,\"name\":\"products\",\"item\":\"https:\\\/\\\/www.gastac.com\\\/de\\\/products\\\/\"},{\"@type\":\"ListItem\",\"position\":3,\"name\":\"Nicht kategorisiert\",\"item\":\"https:\\\/\\\/www.gastac.com\\\/de\\\/product-category\\\/nicht-kategorisiert\\\/\"},{\"@type\":\"ListItem\",\"position\":4,\"name\":\"Sto\u00dfd\u00e4mpfer Heckklappe\"}]},{\"@type\":\"WebSite\",\"@id\":\"https:\\\/\\\/www.gastac.com\\\/de\\\/#website\",\"url\":\"https:\\\/\\\/www.gastac.com\\\/de\\\/\",\"name\":\"Gastac Gas Spring\",\"description\":\"China\u2019s Leading Gas Springs &amp; Struts Manufacturer\",\"publisher\":{\"@id\":\"https:\\\/\\\/www.gastac.com\\\/de\\\/#organization\"},\"potentialAction\":[{\"@type\":\"SearchAction\",\"target\":{\"@type\":\"EntryPoint\",\"urlTemplate\":\"https:\\\/\\\/www.gastac.com\\\/de\\\/?s={search_term_string}\"},\"query-input\":{\"@type\":\"PropertyValueSpecification\",\"valueRequired\":true,\"valueName\":\"search_term_string\"}}],\"inLanguage\":\"de\"},{\"@type\":\"Organization\",\"@id\":\"https:\\\/\\\/www.gastac.com\\\/de\\\/#organization\",\"name\":\"Ningbo Gastac Gas Spring Co.,Ltd\",\"url\":\"https:\\\/\\\/www.gastac.com\\\/de\\\/\",\"logo\":{\"@type\":\"ImageObject\",\"inLanguage\":\"de\",\"@id\":\"https:\\\/\\\/www.gastac.com\\\/de\\\/#\\\/schema\\\/logo\\\/image\\\/\",\"url\":\"https:\\\/\\\/www.gastac.com\\\/wp-content\\\/uploads\\\/2025\\\/09\\\/LOGO\u672c\u8272-\u9ed1.webp\",\"contentUrl\":\"https:\\\/\\\/www.gastac.com\\\/wp-content\\\/uploads\\\/2025\\\/09\\\/LOGO\u672c\u8272-\u9ed1.webp\",\"width\":1920,\"height\":1080,\"caption\":\"Ningbo Gastac Gas Spring Co.,Ltd\"},\"image\":{\"@id\":\"https:\\\/\\\/www.gastac.com\\\/de\\\/#\\\/schema\\\/logo\\\/image\\\/\"},\"sameAs\":[\"https:\\\/\\\/www.facebook.com\\\/profile.php?id=100092358464608\",\"https:\\\/\\\/www.youtube.com\\\/@Gastac-Gas-Spring\",\"https:\\\/\\\/www.linkedin.com\\\/in\\\/gastac-gas-spring\\\/\",\"https:\\\/\\\/www.instagram.com\\\/gastacgasspring\\\/\"]}]}<\/script>\n<!-- \/ Yoast SEO Premium plugin. -->","yoast_head_json":{"title":"Sto\u00dfd\u00e4mpfer Heckklappe | Gastac Gas Spring","robots":{"index":"index","follow":"follow","max-snippet":"max-snippet:-1","max-image-preview":"max-image-preview:large","max-video-preview":"max-video-preview:-1"},"canonical":"https:\/\/www.gastac.com\/de\/produkt\/stossdaempfer-heckklappe\/","og_locale":"de_DE","og_type":"article","og_title":"Sto\u00dfd\u00e4mpfer Heckklappe","og_description":"Sto\u00dfd\u00e4mpfer heckklappe \u00d6ffnet der Autonutzer ab einem bestimmten Punkt oder Erreichen eines bestimmten \u00d6ffnungswinkels die Heckklappe, unterst\u00fctzt ihn der Sto\u00dfd\u00e4mpfer [...]","og_url":"https:\/\/www.gastac.com\/de\/produkt\/stossdaempfer-heckklappe\/","og_site_name":"Gastac Gas Spring","article_publisher":"https:\/\/www.facebook.com\/profile.php?id=100092358464608","article_modified_time":"2025-11-13T09:00:18+00:00","og_image":[{"width":320,"height":320,"url":"https:\/\/www.gastac.com\/wp-content\/uploads\/2025\/11\/stosdampfer-heckklappe.webp","type":"image\/webp"}],"twitter_card":"summary_large_image","twitter_misc":{"Gesch\u00e4tzte Lesezeit":"1\u00a0Minute"},"schema":{"@context":"https:\/\/schema.org","@graph":[{"@type":"WebPage","@id":"https:\/\/www.gastac.com\/de\/produkt\/stossdaempfer-heckklappe\/","url":"https:\/\/www.gastac.com\/de\/produkt\/stossdaempfer-heckklappe\/","name":"Sto\u00dfd\u00e4mpfer Heckklappe | Gastac Gas Spring","isPartOf":{"@id":"https:\/\/www.gastac.com\/de\/#website"},"primaryImageOfPage":{"@id":"https:\/\/www.gastac.com\/de\/produkt\/stossdaempfer-heckklappe\/#primaryimage"},"image":{"@id":"https:\/\/www.gastac.com\/de\/produkt\/stossdaempfer-heckklappe\/#primaryimage"},"thumbnailUrl":"https:\/\/www.gastac.com\/wp-content\/uploads\/2025\/11\/stosdampfer-heckklappe.webp","datePublished":"2025-11-13T09:00:17+00:00","dateModified":"2025-11-13T09:00:18+00:00","breadcrumb":{"@id":"https:\/\/www.gastac.com\/de\/produkt\/stossdaempfer-heckklappe\/#breadcrumb"},"inLanguage":"de","potentialAction":[{"@type":"ReadAction","target":["https:\/\/www.gastac.com\/de\/produkt\/stossdaempfer-heckklappe\/"]}]},{"@type":"ImageObject","inLanguage":"de","@id":"https:\/\/www.gastac.com\/de\/produkt\/stossdaempfer-heckklappe\/#primaryimage","url":"https:\/\/www.gastac.com\/wp-content\/uploads\/2025\/11\/stosdampfer-heckklappe.webp","contentUrl":"https:\/\/www.gastac.com\/wp-content\/uploads\/2025\/11\/stosdampfer-heckklappe.webp","width":320,"height":320,"caption":"stosdampfer heckklappe"},{"@type":"BreadcrumbList","@id":"https:\/\/www.gastac.com\/de\/produkt\/stossdaempfer-heckklappe\/#breadcrumb","itemListElement":[{"@type":"ListItem","position":1,"name":"Home","item":"https:\/\/www.gastac.com\/de\/"},{"@type":"ListItem","position":2,"name":"products","item":"https:\/\/www.gastac.com\/de\/products\/"},{"@type":"ListItem","position":3,"name":"Nicht kategorisiert","item":"https:\/\/www.gastac.com\/de\/product-category\/nicht-kategorisiert\/"},{"@type":"ListItem","position":4,"name":"Sto\u00dfd\u00e4mpfer Heckklappe"}]},{"@type":"WebSite","@id":"https:\/\/www.gastac.com\/de\/#website","url":"https:\/\/www.gastac.com\/de\/","name":"Gastac Gas Spring","description":"China\u2019s Leading Gas Springs &amp; Struts Manufacturer","publisher":{"@id":"https:\/\/www.gastac.com\/de\/#organization"},"potentialAction":[{"@type":"SearchAction","target":{"@type":"EntryPoint","urlTemplate":"https:\/\/www.gastac.com\/de\/?s={search_term_string}"},"query-input":{"@type":"PropertyValueSpecification","valueRequired":true,"valueName":"search_term_string"}}],"inLanguage":"de"},{"@type":"Organization","@id":"https:\/\/www.gastac.com\/de\/#organization","name":"Ningbo Gastac Gas Spring Co.,Ltd","url":"https:\/\/www.gastac.com\/de\/","logo":{"@type":"ImageObject","inLanguage":"de","@id":"https:\/\/www.gastac.com\/de\/#\/schema\/logo\/image\/","url":"https:\/\/www.gastac.com\/wp-content\/uploads\/2025\/09\/LOGO\u672c\u8272-\u9ed1.webp","contentUrl":"https:\/\/www.gastac.com\/wp-content\/uploads\/2025\/09\/LOGO\u672c\u8272-\u9ed1.webp","width":1920,"height":1080,"caption":"Ningbo Gastac Gas Spring Co.,Ltd"},"image":{"@id":"https:\/\/www.gastac.com\/de\/#\/schema\/logo\/image\/"},"sameAs":["https:\/\/www.facebook.com\/profile.php?id=100092358464608","https:\/\/www.youtube.com\/@Gastac-Gas-Spring","https:\/\/www.linkedin.com\/in\/gastac-gas-spring\/","https:\/\/www.instagram.com\/gastacgasspring\/"]}]}},"_links":{"self":[{"href":"https:\/\/www.gastac.com\/de\/wp-json\/wp\/v2\/product\/20187","targetHints":{"allow":["GET"]}}],"collection":[{"href":"https:\/\/www.gastac.com\/de\/wp-json\/wp\/v2\/product"}],"about":[{"href":"https:\/\/www.gastac.com\/de\/wp-json\/wp\/v2\/types\/product"}],"replies":[{"embeddable":true,"href":"https:\/\/www.gastac.com\/de\/wp-json\/wp\/v2\/comments?post=20187"}],"wp:featuredmedia":[{"embeddable":true,"href":"https:\/\/www.gastac.com\/de\/wp-json\/wp\/v2\/media\/20194"}],"wp:attachment":[{"href":"https:\/\/www.gastac.com\/de\/wp-json\/wp\/v2\/media?parent=20187"}],"wp:term":[{"taxonomy":"product_brand","embeddable":true,"href":"https:\/\/www.gastac.com\/de\/wp-json\/wp\/v2\/product_brand?post=20187"},{"taxonomy":"product_cat","embeddable":true,"href":"https:\/\/www.gastac.com\/de\/wp-json\/wp\/v2\/product_cat?post=20187"},{"taxonomy":"product_tag","embeddable":true,"href":"https:\/\/www.gastac.com\/de\/wp-json\/wp\/v2\/product_tag?post=20187"}],"curies":[{"name":"wp","href":"https:\/\/api.w.org\/{rel}","templated":true}]}}