{"id":20159,"date":"2025-11-13T08:40:49","date_gmt":"2025-11-13T08:40:49","guid":{"rendered":"https:\/\/www.gastac.com\/?post_type=product&#038;p=20159"},"modified":"2025-11-13T08:40:50","modified_gmt":"2025-11-13T08:40:50","slug":"t5-heckklappendaempfer","status":"publish","type":"product","link":"https:\/\/www.gastac.com\/de\/produkt\/t5-heckklappendaempfer\/","title":{"rendered":"T5 Heckklappend\u00e4mpfer"},"content":{"rendered":"<p><strong>T5 Heckklappend\u00e4mpfer<\/strong><\/p>\n<p>Der VW T5 Heckklappend\u00e4mpfer bzw. D\u00e4mpfer Heckklappe T5 bietet Komfort beim \u00d6ffnen und Schlie\u00dfen der Heckklappe. Streben helfen dabei, z. B. Anh\u00e4ngerluken und Ventile zu \u00f6ffnen. Ein Hebest\u00fctzen-Sto\u00dfd\u00e4mpfer hilft beim \u00d6ffnen der Heckklappe. Sie k\u00f6nnen jetzt problemlos Reparaturen durchf\u00fchren oder Ladung beladen, da der Kofferraumdeckel nicht offen bleibt. Der T5 Heckklappend\u00e4mpfer sorgt daf\u00fcr, dass die Heckklappe ge\u00f6ffnet bleibt, bis Sie sie manuell \u00fcber den Schl\u00fcssel oder die Heckklappe schlie\u00dfen.<\/p>\n<p>Wenn es sich bei Ihrem Auto um einen VW T5 handelt, finden Sie in unserem Gastac-Shop eine gro\u00dfe Auswahl an T5-Heckklappend\u00e4mpfern.<\/p>\n<p>KOFFERRAUM D\u00c4MPFER \u00a0TOP VW TRANSPORTER T5 BUS (7HB, 7HJ, 7EB, 7EJ, 7EF, 7EG, 7HF, 7EC) AUTOMODELLE FINDEN<\/p>\n<p>Kofferraum D\u00e4mpfer f\u00fcr T5 Transporter 1.9 TDI 105 PS 2003 \u2013 2009<br \/>\n1.9 TDI 102 PS 2006 \u2013 2009<br \/>\n1.9 TDI 84 PS 2006 \u2013 2009<\/p>\n<p>Kofferraum D\u00e4mpfer f\u00fcr T5 Transporter 3.2 V6 235 PS 2004 \u2013 2009<br \/>\n3.2 V6 4motion 231 PS 2003 \u2013 2009<br \/>\n3.2 V6 4motion 235 PS 2003 \u2013 2009<\/p>\n<p>Kofferraum D\u00e4mpfer f\u00fcr T5 Transporter 2.0 BiTDI 180 PS 2009 \u2013 2015<br \/>\n2.0 BiTDI 4motion 180 PS 2009 \u2013 2015<br \/>\n2.0 CNG 115 PS 2006 \u2013 2015<br \/>\n2.0 TDI 116 PS 2011 \u2013 2015<br \/>\n2.0 TDI 136 PS 2010 \u2013 2015<br \/>\n2.0 TDI 114 PS 2011 \u2013 2015<br \/>\n2.0 TDI 84 PS 2009 \u2013 2015<br \/>\n2.0 TDI 102 PS 2009 \u2013 2015<br \/>\n2.0 TDI 140 PS 2009 \u2013 2015<br \/>\n2.0 TDI 4motion 136 PS 2010 \u2013 2015<br \/>\n2.0 TDI 4motion 140 PS 2009 \u2013 2015<br \/>\n2.0 TSI 204 PS 2011 \u2013 2015<br \/>\n2.0 TSI 150 PS 2012 \u2013 2015<br \/>\n2.0 TSI 4motion 204 PS 2011 \u2013 2015<\/p>\n<p>Kofferraum D\u00e4mpfer f\u00fcr T5 Transporter 2.5 TDI 174 PS 2003 \u2013 2009<br \/>\n2.5 TDi 163 PS 2003 \u2013 2009<br \/>\n2.5 TDI 4motion 130 PS 2004 \u2013 2009<br \/>\n2.5 TDI 4motion 174 PS 2004 \u2013 2009<\/p>\n<p>Wir verkaufen Industriegasfedern \/ Gasfedern. Allgemein anwendbar, zum Beispiel:<br \/>\n\u2013 Verkauf von Anh\u00e4ngern, Pferdekutschen, diversen Anh\u00e4ngern<br \/>\n\u2013 Dachboxen, Dachtr\u00e4ger<br \/>\n\u2013 Motor, Motorhaube<br \/>\n\u2013 Kofferraum, Heckklappe<br \/>\n\u2013 Dachluken, Dachtreppen<br \/>\n\u2013 BMW, Audi, Smart, Nissan, Hyundai, Opel, Skoda, Volkswagen, Ford<br \/>\n\u2013 ETC.<\/p>\n<p>Ben\u00f6tigen Sie eine ganz andere Art von Gasfeder? Schreiben Sie uns und wenn m\u00f6glich senden Sie uns ein Foto des gedruckten Modellnamens per E-Mail sales@gastac-com-591077.hostingersite.com!<\/p>\n<p><strong>Gasdruckfede Anwendung<\/strong><br \/>\n<img class=\"lazyload\" decoding=\"async\" src=\"data:image\/gif;base64,R0lGODlhAQABAAAAACH5BAEKAAEALAAAAAABAAEAAAICTAEAOw==\" data-orig-src=\"https:\/\/gastac.com\/wp-content\/uploads\/2023\/06\/t4-gasdruckfeder-heckklappe.jpg\" alt=\"T5 Heckklappend\u00e4mpfer \" \/><img decoding=\"async\" class=\"lazyload \" src=\"data:image\/svg+xml,%3Csvg%20xmlns%3D%27http%3A%2F%2Fwww.w3.org%2F2000%2Fsvg%27%20width%3D%27334%27%20height%3D%27316%27%20viewBox%3D%270%200%20334%20316%27%3E%3Crect%20width%3D%27334%27%20height%3D%27316%27%20fill-opacity%3D%220%22%2F%3E%3C%2Fsvg%3E\" data-orig-src=\"https:\/\/www.gastac.com\/wp-content\/uploads\/2023\/06\/heckklappendampfer-kaufen-423x400.png\" alt=\"T5 Heckklappend\u00e4mpfer \" width=\"334\" height=\"316\" \/><\/p>\n","protected":false},"excerpt":{"rendered":"<p>T5 Heckklappend\u00e4mpfer Der VW T5 Heckklappend\u00e4mpfer bzw. D\u00e4mpfer Heckklappe T5 bietet Komfort beim \u00d6ffnen und Schlie\u00dfen der Heckklappe. Streben helfen  [&#8230;]<\/p>\n","protected":false},"featured_media":20165,"comment_status":"open","ping_status":"closed","template":"","meta":[],"product_brand":[],"product_cat":[109],"product_tag":[],"class_list":{"0":"post-20159","1":"product","2":"type-product","3":"status-publish","4":"has-post-thumbnail","6":"product_cat-nicht-kategorisiert","8":"first","9":"instock","10":"shipping-taxable","11":"product-type-simple"},"yoast_head":"<!-- This site is optimized with the Yoast SEO Premium plugin v26.2 (Yoast SEO v27.4) - https:\/\/yoast.com\/product\/yoast-seo-premium-wordpress\/ -->\n<title>T5 Heckklappend\u00e4mpfer | Gastac Gas Spring<\/title>\n<meta name=\"robots\" content=\"index, follow, max-snippet:-1, max-image-preview:large, max-video-preview:-1\" \/>\n<link rel=\"canonical\" href=\"https:\/\/www.gastac.com\/de\/produkt\/t5-heckklappendaempfer\/\" \/>\n<meta property=\"og:locale\" content=\"de_DE\" \/>\n<meta property=\"og:type\" content=\"article\" \/>\n<meta property=\"og:title\" content=\"T5 Heckklappend\u00e4mpfer\" \/>\n<meta property=\"og:description\" content=\"T5 Heckklappend\u00e4mpfer Der VW T5 Heckklappend\u00e4mpfer bzw. D\u00e4mpfer Heckklappe T5 bietet Komfort beim \u00d6ffnen und Schlie\u00dfen der Heckklappe. Streben helfen [...]\" \/>\n<meta property=\"og:url\" content=\"https:\/\/www.gastac.com\/de\/produkt\/t5-heckklappendaempfer\/\" \/>\n<meta property=\"og:site_name\" content=\"Gastac Gas Spring\" \/>\n<meta property=\"article:publisher\" content=\"https:\/\/www.facebook.com\/profile.php?id=100092358464608\" \/>\n<meta property=\"article:modified_time\" content=\"2025-11-13T08:40:50+00:00\" \/>\n<meta property=\"og:image\" content=\"https:\/\/www.gastac.com\/wp-content\/uploads\/2025\/11\/t5-heckklappendampfer.webp\" \/>\n\t<meta property=\"og:image:width\" content=\"1200\" \/>\n\t<meta property=\"og:image:height\" content=\"1200\" \/>\n\t<meta property=\"og:image:type\" content=\"image\/webp\" \/>\n<meta name=\"twitter:card\" content=\"summary_large_image\" \/>\n<meta name=\"twitter:label1\" content=\"Gesch\u00e4tzte Lesezeit\" \/>\n\t<meta name=\"twitter:data1\" content=\"1\u00a0Minute\" \/>\n<script type=\"application\/ld+json\" class=\"yoast-schema-graph\">{\"@context\":\"https:\\\/\\\/schema.org\",\"@graph\":[{\"@type\":\"WebPage\",\"@id\":\"https:\\\/\\\/www.gastac.com\\\/de\\\/produkt\\\/t5-heckklappendaempfer\\\/\",\"url\":\"https:\\\/\\\/www.gastac.com\\\/de\\\/produkt\\\/t5-heckklappendaempfer\\\/\",\"name\":\"T5 Heckklappend\u00e4mpfer | Gastac Gas Spring\",\"isPartOf\":{\"@id\":\"https:\\\/\\\/www.gastac.com\\\/de\\\/#website\"},\"primaryImageOfPage\":{\"@id\":\"https:\\\/\\\/www.gastac.com\\\/de\\\/produkt\\\/t5-heckklappendaempfer\\\/#primaryimage\"},\"image\":{\"@id\":\"https:\\\/\\\/www.gastac.com\\\/de\\\/produkt\\\/t5-heckklappendaempfer\\\/#primaryimage\"},\"thumbnailUrl\":\"https:\\\/\\\/www.gastac.com\\\/wp-content\\\/uploads\\\/2025\\\/11\\\/t5-heckklappendampfer.webp\",\"datePublished\":\"2025-11-13T08:40:49+00:00\",\"dateModified\":\"2025-11-13T08:40:50+00:00\",\"breadcrumb\":{\"@id\":\"https:\\\/\\\/www.gastac.com\\\/de\\\/produkt\\\/t5-heckklappendaempfer\\\/#breadcrumb\"},\"inLanguage\":\"de\",\"potentialAction\":[{\"@type\":\"ReadAction\",\"target\":[\"https:\\\/\\\/www.gastac.com\\\/de\\\/produkt\\\/t5-heckklappendaempfer\\\/\"]}]},{\"@type\":\"ImageObject\",\"inLanguage\":\"de\",\"@id\":\"https:\\\/\\\/www.gastac.com\\\/de\\\/produkt\\\/t5-heckklappendaempfer\\\/#primaryimage\",\"url\":\"https:\\\/\\\/www.gastac.com\\\/wp-content\\\/uploads\\\/2025\\\/11\\\/t5-heckklappendampfer.webp\",\"contentUrl\":\"https:\\\/\\\/www.gastac.com\\\/wp-content\\\/uploads\\\/2025\\\/11\\\/t5-heckklappendampfer.webp\",\"width\":1200,\"height\":1200,\"caption\":\"t5 heckklappendampfer\"},{\"@type\":\"BreadcrumbList\",\"@id\":\"https:\\\/\\\/www.gastac.com\\\/de\\\/produkt\\\/t5-heckklappendaempfer\\\/#breadcrumb\",\"itemListElement\":[{\"@type\":\"ListItem\",\"position\":1,\"name\":\"Home\",\"item\":\"https:\\\/\\\/www.gastac.com\\\/de\\\/\"},{\"@type\":\"ListItem\",\"position\":2,\"name\":\"products\",\"item\":\"https:\\\/\\\/www.gastac.com\\\/de\\\/products\\\/\"},{\"@type\":\"ListItem\",\"position\":3,\"name\":\"Nicht kategorisiert\",\"item\":\"https:\\\/\\\/www.gastac.com\\\/de\\\/product-category\\\/nicht-kategorisiert\\\/\"},{\"@type\":\"ListItem\",\"position\":4,\"name\":\"T5 Heckklappend\u00e4mpfer\"}]},{\"@type\":\"WebSite\",\"@id\":\"https:\\\/\\\/www.gastac.com\\\/de\\\/#website\",\"url\":\"https:\\\/\\\/www.gastac.com\\\/de\\\/\",\"name\":\"Gastac Gas Spring\",\"description\":\"China\u2019s Leading Gas Springs &amp; Struts Manufacturer\",\"publisher\":{\"@id\":\"https:\\\/\\\/www.gastac.com\\\/de\\\/#organization\"},\"potentialAction\":[{\"@type\":\"SearchAction\",\"target\":{\"@type\":\"EntryPoint\",\"urlTemplate\":\"https:\\\/\\\/www.gastac.com\\\/de\\\/?s={search_term_string}\"},\"query-input\":{\"@type\":\"PropertyValueSpecification\",\"valueRequired\":true,\"valueName\":\"search_term_string\"}}],\"inLanguage\":\"de\"},{\"@type\":\"Organization\",\"@id\":\"https:\\\/\\\/www.gastac.com\\\/de\\\/#organization\",\"name\":\"Ningbo Gastac Gas Spring Co.,Ltd\",\"url\":\"https:\\\/\\\/www.gastac.com\\\/de\\\/\",\"logo\":{\"@type\":\"ImageObject\",\"inLanguage\":\"de\",\"@id\":\"https:\\\/\\\/www.gastac.com\\\/de\\\/#\\\/schema\\\/logo\\\/image\\\/\",\"url\":\"https:\\\/\\\/www.gastac.com\\\/wp-content\\\/uploads\\\/2025\\\/09\\\/LOGO\u672c\u8272-\u9ed1.webp\",\"contentUrl\":\"https:\\\/\\\/www.gastac.com\\\/wp-content\\\/uploads\\\/2025\\\/09\\\/LOGO\u672c\u8272-\u9ed1.webp\",\"width\":1920,\"height\":1080,\"caption\":\"Ningbo Gastac Gas Spring Co.,Ltd\"},\"image\":{\"@id\":\"https:\\\/\\\/www.gastac.com\\\/de\\\/#\\\/schema\\\/logo\\\/image\\\/\"},\"sameAs\":[\"https:\\\/\\\/www.facebook.com\\\/profile.php?id=100092358464608\",\"https:\\\/\\\/www.youtube.com\\\/@Gastac-Gas-Spring\",\"https:\\\/\\\/www.linkedin.com\\\/in\\\/gastac-gas-spring\\\/\",\"https:\\\/\\\/www.instagram.com\\\/gastacgasspring\\\/\"]}]}<\/script>\n<!-- \/ Yoast SEO Premium plugin. -->","yoast_head_json":{"title":"T5 Heckklappend\u00e4mpfer | Gastac Gas Spring","robots":{"index":"index","follow":"follow","max-snippet":"max-snippet:-1","max-image-preview":"max-image-preview:large","max-video-preview":"max-video-preview:-1"},"canonical":"https:\/\/www.gastac.com\/de\/produkt\/t5-heckklappendaempfer\/","og_locale":"de_DE","og_type":"article","og_title":"T5 Heckklappend\u00e4mpfer","og_description":"T5 Heckklappend\u00e4mpfer Der VW T5 Heckklappend\u00e4mpfer bzw. D\u00e4mpfer Heckklappe T5 bietet Komfort beim \u00d6ffnen und Schlie\u00dfen der Heckklappe. Streben helfen [...]","og_url":"https:\/\/www.gastac.com\/de\/produkt\/t5-heckklappendaempfer\/","og_site_name":"Gastac Gas Spring","article_publisher":"https:\/\/www.facebook.com\/profile.php?id=100092358464608","article_modified_time":"2025-11-13T08:40:50+00:00","og_image":[{"width":1200,"height":1200,"url":"https:\/\/www.gastac.com\/wp-content\/uploads\/2025\/11\/t5-heckklappendampfer.webp","type":"image\/webp"}],"twitter_card":"summary_large_image","twitter_misc":{"Gesch\u00e4tzte Lesezeit":"1\u00a0Minute"},"schema":{"@context":"https:\/\/schema.org","@graph":[{"@type":"WebPage","@id":"https:\/\/www.gastac.com\/de\/produkt\/t5-heckklappendaempfer\/","url":"https:\/\/www.gastac.com\/de\/produkt\/t5-heckklappendaempfer\/","name":"T5 Heckklappend\u00e4mpfer | Gastac Gas Spring","isPartOf":{"@id":"https:\/\/www.gastac.com\/de\/#website"},"primaryImageOfPage":{"@id":"https:\/\/www.gastac.com\/de\/produkt\/t5-heckklappendaempfer\/#primaryimage"},"image":{"@id":"https:\/\/www.gastac.com\/de\/produkt\/t5-heckklappendaempfer\/#primaryimage"},"thumbnailUrl":"https:\/\/www.gastac.com\/wp-content\/uploads\/2025\/11\/t5-heckklappendampfer.webp","datePublished":"2025-11-13T08:40:49+00:00","dateModified":"2025-11-13T08:40:50+00:00","breadcrumb":{"@id":"https:\/\/www.gastac.com\/de\/produkt\/t5-heckklappendaempfer\/#breadcrumb"},"inLanguage":"de","potentialAction":[{"@type":"ReadAction","target":["https:\/\/www.gastac.com\/de\/produkt\/t5-heckklappendaempfer\/"]}]},{"@type":"ImageObject","inLanguage":"de","@id":"https:\/\/www.gastac.com\/de\/produkt\/t5-heckklappendaempfer\/#primaryimage","url":"https:\/\/www.gastac.com\/wp-content\/uploads\/2025\/11\/t5-heckklappendampfer.webp","contentUrl":"https:\/\/www.gastac.com\/wp-content\/uploads\/2025\/11\/t5-heckklappendampfer.webp","width":1200,"height":1200,"caption":"t5 heckklappendampfer"},{"@type":"BreadcrumbList","@id":"https:\/\/www.gastac.com\/de\/produkt\/t5-heckklappendaempfer\/#breadcrumb","itemListElement":[{"@type":"ListItem","position":1,"name":"Home","item":"https:\/\/www.gastac.com\/de\/"},{"@type":"ListItem","position":2,"name":"products","item":"https:\/\/www.gastac.com\/de\/products\/"},{"@type":"ListItem","position":3,"name":"Nicht kategorisiert","item":"https:\/\/www.gastac.com\/de\/product-category\/nicht-kategorisiert\/"},{"@type":"ListItem","position":4,"name":"T5 Heckklappend\u00e4mpfer"}]},{"@type":"WebSite","@id":"https:\/\/www.gastac.com\/de\/#website","url":"https:\/\/www.gastac.com\/de\/","name":"Gastac Gas Spring","description":"China\u2019s Leading Gas Springs &amp; Struts Manufacturer","publisher":{"@id":"https:\/\/www.gastac.com\/de\/#organization"},"potentialAction":[{"@type":"SearchAction","target":{"@type":"EntryPoint","urlTemplate":"https:\/\/www.gastac.com\/de\/?s={search_term_string}"},"query-input":{"@type":"PropertyValueSpecification","valueRequired":true,"valueName":"search_term_string"}}],"inLanguage":"de"},{"@type":"Organization","@id":"https:\/\/www.gastac.com\/de\/#organization","name":"Ningbo Gastac Gas Spring Co.,Ltd","url":"https:\/\/www.gastac.com\/de\/","logo":{"@type":"ImageObject","inLanguage":"de","@id":"https:\/\/www.gastac.com\/de\/#\/schema\/logo\/image\/","url":"https:\/\/www.gastac.com\/wp-content\/uploads\/2025\/09\/LOGO\u672c\u8272-\u9ed1.webp","contentUrl":"https:\/\/www.gastac.com\/wp-content\/uploads\/2025\/09\/LOGO\u672c\u8272-\u9ed1.webp","width":1920,"height":1080,"caption":"Ningbo Gastac Gas Spring Co.,Ltd"},"image":{"@id":"https:\/\/www.gastac.com\/de\/#\/schema\/logo\/image\/"},"sameAs":["https:\/\/www.facebook.com\/profile.php?id=100092358464608","https:\/\/www.youtube.com\/@Gastac-Gas-Spring","https:\/\/www.linkedin.com\/in\/gastac-gas-spring\/","https:\/\/www.instagram.com\/gastacgasspring\/"]}]}},"_links":{"self":[{"href":"https:\/\/www.gastac.com\/de\/wp-json\/wp\/v2\/product\/20159","targetHints":{"allow":["GET"]}}],"collection":[{"href":"https:\/\/www.gastac.com\/de\/wp-json\/wp\/v2\/product"}],"about":[{"href":"https:\/\/www.gastac.com\/de\/wp-json\/wp\/v2\/types\/product"}],"replies":[{"embeddable":true,"href":"https:\/\/www.gastac.com\/de\/wp-json\/wp\/v2\/comments?post=20159"}],"wp:featuredmedia":[{"embeddable":true,"href":"https:\/\/www.gastac.com\/de\/wp-json\/wp\/v2\/media\/20165"}],"wp:attachment":[{"href":"https:\/\/www.gastac.com\/de\/wp-json\/wp\/v2\/media?parent=20159"}],"wp:term":[{"taxonomy":"product_brand","embeddable":true,"href":"https:\/\/www.gastac.com\/de\/wp-json\/wp\/v2\/product_brand?post=20159"},{"taxonomy":"product_cat","embeddable":true,"href":"https:\/\/www.gastac.com\/de\/wp-json\/wp\/v2\/product_cat?post=20159"},{"taxonomy":"product_tag","embeddable":true,"href":"https:\/\/www.gastac.com\/de\/wp-json\/wp\/v2\/product_tag?post=20159"}],"curies":[{"name":"wp","href":"https:\/\/api.w.org\/{rel}","templated":true}]}}