{"id":20154,"date":"2025-11-13T08:37:38","date_gmt":"2025-11-13T08:37:38","guid":{"rendered":"https:\/\/www.gastac.com\/?post_type=product&#038;p=20154"},"modified":"2025-11-13T08:37:38","modified_gmt":"2025-11-13T08:37:38","slug":"vw-t4-heckklappendaempfer","status":"publish","type":"product","link":"https:\/\/www.gastac.com\/de\/produkt\/vw-t4-heckklappendaempfer\/","title":{"rendered":"VW T4 Heckklappend\u00e4mpfer"},"content":{"rendered":"<p><strong>VW T4 Heckklappend\u00e4mpfer<\/strong><\/p>\n<p>Sie kaufen hier ein Paar Gastac VW T4 Heckklappend\u00e4mpfer, um Ihre VW T4 Heckklappe im Handumdrehen anzuheben. Lassen Sie Ihre Heckklappe nicht zu einer t\u00f6dlichen Waffe werden, die auf Ihren Hinterkopf zielt.<\/p>\n<p>Mit der Gasdruckfeder T4 k\u00f6nnen Sie Ihre Gasdruckfeder T4 f\u00fcr einen Bruchteil der urspr\u00fcnglichen Ersatzkosten funktionsf\u00e4hig halten. Gastac bietet auch VW T4 Heckklappend\u00e4mpfer verst\u00e4rkt an, selbst wenn Ihre Heckklappe Gep\u00e4cktr\u00e4ger und Fahrradtr\u00e4ger montiert. Die VW T4 Gasdruckfeder Heckklappe verst\u00e4rkt funktioniert auch bei der Heckklappe. Die Heckklappe kann auch ge\u00f6ffnet werden wie gew\u00f6hnlich. Und diese VW T4 Heckklappend\u00e4mpfer sind auch sehr einfach zu installieren.<\/p>\n<p>Wir verkaufen Industriegasfedern \/ Gasfedern. Allgemein anwendbar, zum Beispiel:<br \/>\n\u2013 Verkauf von Anh\u00e4ngern, Pferdekutschen, diversen Anh\u00e4ngern<br \/>\n\u2013 Dachboxen, Dachtr\u00e4ger<br \/>\n\u2013 Motor, Motorhaube<br \/>\n\u2013 Kofferraum, Heckklappe<br \/>\n\u2013 Dachluken, Dachtreppen<br \/>\n\u2013 BMW, Audi, Smart, Nissan, Hyundai, Opel, Skoda, Volkswagen, Ford<br \/>\n\u2013 ETC.<\/p>\n<p>Ben\u00f6tigen Sie eine ganz andere Art von Gasfeder? Schreiben Sie uns und wenn m\u00f6glich senden Sie uns ein Foto des gedruckten Modellnamens per E-Mail sales@gastac-com-591077.hostingersite.com!<\/p>\n<p><strong>Gasdruckfede Anwendung<\/strong><br \/>\n<img class=\"lazyload\" decoding=\"async\" src=\"data:image\/gif;base64,R0lGODlhAQABAAAAACH5BAEKAAEALAAAAAABAAEAAAICTAEAOw==\" data-orig-src=\"https:\/\/www.gastac.com\/wp-content\/uploads\/2023\/06\/vw-t5-heckklappendampfer-392x400.png\" alt=\"VW T4 Heckklappend\u00e4mpfer \" \/><img class=\"lazyload\" decoding=\"async\" src=\"data:image\/gif;base64,R0lGODlhAQABAAAAACH5BAEKAAEALAAAAAABAAEAAAICTAEAOw==\" data-orig-src=\"https:\/\/www.gastac.com\/wp-content\/uploads\/2023\/06\/verstarkte-dampfer-heckklappe-t6-399x400.png\" alt=\"VW T4 Heckklappend\u00e4mpfer \" \/><\/p>\n","protected":false},"excerpt":{"rendered":"<p>VW T4 Heckklappend\u00e4mpfer Sie kaufen hier ein Paar Gastac VW T4 Heckklappend\u00e4mpfer, um Ihre VW T4 Heckklappe im Handumdrehen anzuheben.  [&#8230;]<\/p>\n","protected":false},"featured_media":20157,"comment_status":"open","ping_status":"closed","template":"","meta":[],"product_brand":[],"product_cat":[109],"product_tag":[],"class_list":{"0":"post-20154","1":"product","2":"type-product","3":"status-publish","4":"has-post-thumbnail","6":"product_cat-nicht-kategorisiert","8":"first","9":"instock","10":"shipping-taxable","11":"product-type-simple"},"yoast_head":"<!-- This site is optimized with the Yoast SEO Premium plugin v26.2 (Yoast SEO v27.4) - https:\/\/yoast.com\/product\/yoast-seo-premium-wordpress\/ -->\n<title>VW T4 Heckklappend\u00e4mpfer | Gastac Gas Spring<\/title>\n<meta name=\"robots\" content=\"index, follow, max-snippet:-1, max-image-preview:large, max-video-preview:-1\" \/>\n<link rel=\"canonical\" href=\"https:\/\/www.gastac.com\/de\/produkt\/vw-t4-heckklappendaempfer\/\" \/>\n<meta property=\"og:locale\" content=\"de_DE\" \/>\n<meta property=\"og:type\" content=\"article\" \/>\n<meta property=\"og:title\" content=\"VW T4 Heckklappend\u00e4mpfer\" \/>\n<meta property=\"og:description\" content=\"VW T4 Heckklappend\u00e4mpfer Sie kaufen hier ein Paar Gastac VW T4 Heckklappend\u00e4mpfer, um Ihre VW T4 Heckklappe im Handumdrehen anzuheben. [...]\" \/>\n<meta property=\"og:url\" content=\"https:\/\/www.gastac.com\/de\/produkt\/vw-t4-heckklappendaempfer\/\" \/>\n<meta property=\"og:site_name\" content=\"Gastac Gas Spring\" \/>\n<meta property=\"article:publisher\" content=\"https:\/\/www.facebook.com\/profile.php?id=100092358464608\" \/>\n<meta property=\"og:image\" content=\"https:\/\/www.gastac.com\/wp-content\/uploads\/2025\/11\/vw-t4-heckklappendampfer-verstarkt.webp\" \/>\n\t<meta property=\"og:image:width\" content=\"600\" \/>\n\t<meta property=\"og:image:height\" content=\"600\" \/>\n\t<meta property=\"og:image:type\" content=\"image\/webp\" \/>\n<meta name=\"twitter:card\" content=\"summary_large_image\" \/>\n<meta name=\"twitter:label1\" content=\"Gesch\u00e4tzte Lesezeit\" \/>\n\t<meta name=\"twitter:data1\" content=\"1\u00a0Minute\" \/>\n<script type=\"application\/ld+json\" class=\"yoast-schema-graph\">{\"@context\":\"https:\\\/\\\/schema.org\",\"@graph\":[{\"@type\":\"WebPage\",\"@id\":\"https:\\\/\\\/www.gastac.com\\\/de\\\/produkt\\\/vw-t4-heckklappendaempfer\\\/\",\"url\":\"https:\\\/\\\/www.gastac.com\\\/de\\\/produkt\\\/vw-t4-heckklappendaempfer\\\/\",\"name\":\"VW T4 Heckklappend\u00e4mpfer | Gastac Gas Spring\",\"isPartOf\":{\"@id\":\"https:\\\/\\\/www.gastac.com\\\/de\\\/#website\"},\"primaryImageOfPage\":{\"@id\":\"https:\\\/\\\/www.gastac.com\\\/de\\\/produkt\\\/vw-t4-heckklappendaempfer\\\/#primaryimage\"},\"image\":{\"@id\":\"https:\\\/\\\/www.gastac.com\\\/de\\\/produkt\\\/vw-t4-heckklappendaempfer\\\/#primaryimage\"},\"thumbnailUrl\":\"https:\\\/\\\/www.gastac.com\\\/wp-content\\\/uploads\\\/2025\\\/11\\\/vw-t4-heckklappendampfer-verstarkt.webp\",\"datePublished\":\"2025-11-13T08:37:38+00:00\",\"breadcrumb\":{\"@id\":\"https:\\\/\\\/www.gastac.com\\\/de\\\/produkt\\\/vw-t4-heckklappendaempfer\\\/#breadcrumb\"},\"inLanguage\":\"de\",\"potentialAction\":[{\"@type\":\"ReadAction\",\"target\":[\"https:\\\/\\\/www.gastac.com\\\/de\\\/produkt\\\/vw-t4-heckklappendaempfer\\\/\"]}]},{\"@type\":\"ImageObject\",\"inLanguage\":\"de\",\"@id\":\"https:\\\/\\\/www.gastac.com\\\/de\\\/produkt\\\/vw-t4-heckklappendaempfer\\\/#primaryimage\",\"url\":\"https:\\\/\\\/www.gastac.com\\\/wp-content\\\/uploads\\\/2025\\\/11\\\/vw-t4-heckklappendampfer-verstarkt.webp\",\"contentUrl\":\"https:\\\/\\\/www.gastac.com\\\/wp-content\\\/uploads\\\/2025\\\/11\\\/vw-t4-heckklappendampfer-verstarkt.webp\",\"width\":600,\"height\":600,\"caption\":\"vw t4 heckklappendampfer verstarkt\"},{\"@type\":\"BreadcrumbList\",\"@id\":\"https:\\\/\\\/www.gastac.com\\\/de\\\/produkt\\\/vw-t4-heckklappendaempfer\\\/#breadcrumb\",\"itemListElement\":[{\"@type\":\"ListItem\",\"position\":1,\"name\":\"Home\",\"item\":\"https:\\\/\\\/www.gastac.com\\\/de\\\/\"},{\"@type\":\"ListItem\",\"position\":2,\"name\":\"products\",\"item\":\"https:\\\/\\\/www.gastac.com\\\/de\\\/products\\\/\"},{\"@type\":\"ListItem\",\"position\":3,\"name\":\"Nicht kategorisiert\",\"item\":\"https:\\\/\\\/www.gastac.com\\\/de\\\/product-category\\\/nicht-kategorisiert\\\/\"},{\"@type\":\"ListItem\",\"position\":4,\"name\":\"VW T4 Heckklappend\u00e4mpfer\"}]},{\"@type\":\"WebSite\",\"@id\":\"https:\\\/\\\/www.gastac.com\\\/de\\\/#website\",\"url\":\"https:\\\/\\\/www.gastac.com\\\/de\\\/\",\"name\":\"Gastac Gas Spring\",\"description\":\"China\u2019s Leading Gas Springs &amp; Struts Manufacturer\",\"publisher\":{\"@id\":\"https:\\\/\\\/www.gastac.com\\\/de\\\/#organization\"},\"potentialAction\":[{\"@type\":\"SearchAction\",\"target\":{\"@type\":\"EntryPoint\",\"urlTemplate\":\"https:\\\/\\\/www.gastac.com\\\/de\\\/?s={search_term_string}\"},\"query-input\":{\"@type\":\"PropertyValueSpecification\",\"valueRequired\":true,\"valueName\":\"search_term_string\"}}],\"inLanguage\":\"de\"},{\"@type\":\"Organization\",\"@id\":\"https:\\\/\\\/www.gastac.com\\\/de\\\/#organization\",\"name\":\"Ningbo Gastac Gas Spring Co.,Ltd\",\"url\":\"https:\\\/\\\/www.gastac.com\\\/de\\\/\",\"logo\":{\"@type\":\"ImageObject\",\"inLanguage\":\"de\",\"@id\":\"https:\\\/\\\/www.gastac.com\\\/de\\\/#\\\/schema\\\/logo\\\/image\\\/\",\"url\":\"https:\\\/\\\/www.gastac.com\\\/wp-content\\\/uploads\\\/2025\\\/09\\\/LOGO\u672c\u8272-\u9ed1.webp\",\"contentUrl\":\"https:\\\/\\\/www.gastac.com\\\/wp-content\\\/uploads\\\/2025\\\/09\\\/LOGO\u672c\u8272-\u9ed1.webp\",\"width\":1920,\"height\":1080,\"caption\":\"Ningbo Gastac Gas Spring Co.,Ltd\"},\"image\":{\"@id\":\"https:\\\/\\\/www.gastac.com\\\/de\\\/#\\\/schema\\\/logo\\\/image\\\/\"},\"sameAs\":[\"https:\\\/\\\/www.facebook.com\\\/profile.php?id=100092358464608\",\"https:\\\/\\\/www.youtube.com\\\/@Gastac-Gas-Spring\",\"https:\\\/\\\/www.linkedin.com\\\/in\\\/gastac-gas-spring\\\/\",\"https:\\\/\\\/www.instagram.com\\\/gastacgasspring\\\/\"]}]}<\/script>\n<!-- \/ Yoast SEO Premium plugin. -->","yoast_head_json":{"title":"VW T4 Heckklappend\u00e4mpfer | Gastac Gas Spring","robots":{"index":"index","follow":"follow","max-snippet":"max-snippet:-1","max-image-preview":"max-image-preview:large","max-video-preview":"max-video-preview:-1"},"canonical":"https:\/\/www.gastac.com\/de\/produkt\/vw-t4-heckklappendaempfer\/","og_locale":"de_DE","og_type":"article","og_title":"VW T4 Heckklappend\u00e4mpfer","og_description":"VW T4 Heckklappend\u00e4mpfer Sie kaufen hier ein Paar Gastac VW T4 Heckklappend\u00e4mpfer, um Ihre VW T4 Heckklappe im Handumdrehen anzuheben. [...]","og_url":"https:\/\/www.gastac.com\/de\/produkt\/vw-t4-heckklappendaempfer\/","og_site_name":"Gastac Gas Spring","article_publisher":"https:\/\/www.facebook.com\/profile.php?id=100092358464608","og_image":[{"width":600,"height":600,"url":"https:\/\/www.gastac.com\/wp-content\/uploads\/2025\/11\/vw-t4-heckklappendampfer-verstarkt.webp","type":"image\/webp"}],"twitter_card":"summary_large_image","twitter_misc":{"Gesch\u00e4tzte Lesezeit":"1\u00a0Minute"},"schema":{"@context":"https:\/\/schema.org","@graph":[{"@type":"WebPage","@id":"https:\/\/www.gastac.com\/de\/produkt\/vw-t4-heckklappendaempfer\/","url":"https:\/\/www.gastac.com\/de\/produkt\/vw-t4-heckklappendaempfer\/","name":"VW T4 Heckklappend\u00e4mpfer | Gastac Gas Spring","isPartOf":{"@id":"https:\/\/www.gastac.com\/de\/#website"},"primaryImageOfPage":{"@id":"https:\/\/www.gastac.com\/de\/produkt\/vw-t4-heckklappendaempfer\/#primaryimage"},"image":{"@id":"https:\/\/www.gastac.com\/de\/produkt\/vw-t4-heckklappendaempfer\/#primaryimage"},"thumbnailUrl":"https:\/\/www.gastac.com\/wp-content\/uploads\/2025\/11\/vw-t4-heckklappendampfer-verstarkt.webp","datePublished":"2025-11-13T08:37:38+00:00","breadcrumb":{"@id":"https:\/\/www.gastac.com\/de\/produkt\/vw-t4-heckklappendaempfer\/#breadcrumb"},"inLanguage":"de","potentialAction":[{"@type":"ReadAction","target":["https:\/\/www.gastac.com\/de\/produkt\/vw-t4-heckklappendaempfer\/"]}]},{"@type":"ImageObject","inLanguage":"de","@id":"https:\/\/www.gastac.com\/de\/produkt\/vw-t4-heckklappendaempfer\/#primaryimage","url":"https:\/\/www.gastac.com\/wp-content\/uploads\/2025\/11\/vw-t4-heckklappendampfer-verstarkt.webp","contentUrl":"https:\/\/www.gastac.com\/wp-content\/uploads\/2025\/11\/vw-t4-heckklappendampfer-verstarkt.webp","width":600,"height":600,"caption":"vw t4 heckklappendampfer verstarkt"},{"@type":"BreadcrumbList","@id":"https:\/\/www.gastac.com\/de\/produkt\/vw-t4-heckklappendaempfer\/#breadcrumb","itemListElement":[{"@type":"ListItem","position":1,"name":"Home","item":"https:\/\/www.gastac.com\/de\/"},{"@type":"ListItem","position":2,"name":"products","item":"https:\/\/www.gastac.com\/de\/products\/"},{"@type":"ListItem","position":3,"name":"Nicht kategorisiert","item":"https:\/\/www.gastac.com\/de\/product-category\/nicht-kategorisiert\/"},{"@type":"ListItem","position":4,"name":"VW T4 Heckklappend\u00e4mpfer"}]},{"@type":"WebSite","@id":"https:\/\/www.gastac.com\/de\/#website","url":"https:\/\/www.gastac.com\/de\/","name":"Gastac Gas Spring","description":"China\u2019s Leading Gas Springs &amp; Struts Manufacturer","publisher":{"@id":"https:\/\/www.gastac.com\/de\/#organization"},"potentialAction":[{"@type":"SearchAction","target":{"@type":"EntryPoint","urlTemplate":"https:\/\/www.gastac.com\/de\/?s={search_term_string}"},"query-input":{"@type":"PropertyValueSpecification","valueRequired":true,"valueName":"search_term_string"}}],"inLanguage":"de"},{"@type":"Organization","@id":"https:\/\/www.gastac.com\/de\/#organization","name":"Ningbo Gastac Gas Spring Co.,Ltd","url":"https:\/\/www.gastac.com\/de\/","logo":{"@type":"ImageObject","inLanguage":"de","@id":"https:\/\/www.gastac.com\/de\/#\/schema\/logo\/image\/","url":"https:\/\/www.gastac.com\/wp-content\/uploads\/2025\/09\/LOGO\u672c\u8272-\u9ed1.webp","contentUrl":"https:\/\/www.gastac.com\/wp-content\/uploads\/2025\/09\/LOGO\u672c\u8272-\u9ed1.webp","width":1920,"height":1080,"caption":"Ningbo Gastac Gas Spring Co.,Ltd"},"image":{"@id":"https:\/\/www.gastac.com\/de\/#\/schema\/logo\/image\/"},"sameAs":["https:\/\/www.facebook.com\/profile.php?id=100092358464608","https:\/\/www.youtube.com\/@Gastac-Gas-Spring","https:\/\/www.linkedin.com\/in\/gastac-gas-spring\/","https:\/\/www.instagram.com\/gastacgasspring\/"]}]}},"_links":{"self":[{"href":"https:\/\/www.gastac.com\/de\/wp-json\/wp\/v2\/product\/20154","targetHints":{"allow":["GET"]}}],"collection":[{"href":"https:\/\/www.gastac.com\/de\/wp-json\/wp\/v2\/product"}],"about":[{"href":"https:\/\/www.gastac.com\/de\/wp-json\/wp\/v2\/types\/product"}],"replies":[{"embeddable":true,"href":"https:\/\/www.gastac.com\/de\/wp-json\/wp\/v2\/comments?post=20154"}],"wp:featuredmedia":[{"embeddable":true,"href":"https:\/\/www.gastac.com\/de\/wp-json\/wp\/v2\/media\/20157"}],"wp:attachment":[{"href":"https:\/\/www.gastac.com\/de\/wp-json\/wp\/v2\/media?parent=20154"}],"wp:term":[{"taxonomy":"product_brand","embeddable":true,"href":"https:\/\/www.gastac.com\/de\/wp-json\/wp\/v2\/product_brand?post=20154"},{"taxonomy":"product_cat","embeddable":true,"href":"https:\/\/www.gastac.com\/de\/wp-json\/wp\/v2\/product_cat?post=20154"},{"taxonomy":"product_tag","embeddable":true,"href":"https:\/\/www.gastac.com\/de\/wp-json\/wp\/v2\/product_tag?post=20154"}],"curies":[{"name":"wp","href":"https:\/\/api.w.org\/{rel}","templated":true}]}}