{"id":20146,"date":"2025-11-13T08:34:43","date_gmt":"2025-11-13T08:34:43","guid":{"rendered":"https:\/\/www.gastac.com\/?post_type=product&#038;p=20146"},"modified":"2025-11-13T08:34:43","modified_gmt":"2025-11-13T08:34:43","slug":"moebel-gasdruckfeder","status":"publish","type":"product","link":"https:\/\/www.gastac.com\/de\/produkt\/moebel-gasdruckfeder\/","title":{"rendered":"M\u00f6bel Gasdruckfeder"},"content":{"rendered":"<p><strong>M\u00f6bel Gasdruckfeder<\/strong><\/p>\n<p>M\u00f6belgasfedern\u00a0\u2013 Installieren Sie sie einfach an Ihren M\u00f6beln<\/p>\n<p>Wenn Sie auf der Suche nach einem Produkt sind, das fast \u00fcberall installiert werden kann, dann ist diese Kategorie genau das Richtige f\u00fcr Sie.<\/p>\n<p>M\u00f6belgasfedern k\u00f6nnen an Schr\u00e4nken, an T\u00fcren und Fenstern usw. montiert werden, auch geeignet f\u00fcr Gasdruckd\u00e4mpfer Keter Ersatzteile Gasdruckfeder<\/p>\n<p>Aufgrund des geringen Platzbedarfs und der kompakten Bauweise gibt es keine besonderen Einschr\u00e4nkungen f\u00fcr den Einsatz und Einbau von Gasfederscharnieren.<\/p>\n<p>Ein weiterer Vorteil ist die schnelle und einfache Installation. Bohren Sie L\u00f6cher mit einem Schraubendreher (und m\u00f6glicherweise einer Bohrmaschine), wenn das M\u00f6bel dies erfordert, und installieren Sie die Gasfeder im Handumdrehen!<\/p>\n<div><strong>Gasdruckfede Anwendung<\/strong><\/div>\n<p><img class=\"lazyload\" decoding=\"async\" src=\"data:image\/gif;base64,R0lGODlhAQABAAAAACH5BAEKAAEALAAAAAABAAEAAAICTAEAOw==\" data-orig-src=\"https:\/\/gastac.com\/wp-content\/uploads\/2023\/06\/gasdruckdampfer-keter-ersatzteile-gasdruckfeder-500x400.jpg\" alt=\"M\u00f6bel Gasdruckfeder\" \/><img class=\"lazyload\" decoding=\"async\" src=\"data:image\/gif;base64,R0lGODlhAQABAAAAACH5BAEKAAEALAAAAAABAAEAAAICTAEAOw==\" data-orig-src=\"https:\/\/gastac.com\/wp-content\/uploads\/2023\/06\/mobel-gasdruckfeder-400x400.jpg\" alt=\"M\u00f6bel Gasdruckfeder\" \/><\/p>\n","protected":false},"excerpt":{"rendered":"<p>M\u00f6bel Gasdruckfeder M\u00f6belgasfedern\u00a0\u2013 Installieren Sie sie einfach an Ihren M\u00f6beln Wenn Sie auf der Suche nach einem Produkt sind, das  [&#8230;]<\/p>\n","protected":false},"featured_media":20147,"comment_status":"open","ping_status":"closed","template":"","meta":[],"product_brand":[],"product_cat":[109],"product_tag":[],"class_list":{"0":"post-20146","1":"product","2":"type-product","3":"status-publish","4":"has-post-thumbnail","6":"product_cat-nicht-kategorisiert","8":"first","9":"instock","10":"shipping-taxable","11":"product-type-simple"},"yoast_head":"<!-- This site is optimized with the Yoast SEO Premium plugin v26.2 (Yoast SEO v27.4) - https:\/\/yoast.com\/product\/yoast-seo-premium-wordpress\/ -->\n<title>M\u00f6bel Gasdruckfeder | Gastac Gas Spring<\/title>\n<meta name=\"robots\" content=\"index, follow, max-snippet:-1, max-image-preview:large, max-video-preview:-1\" \/>\n<link rel=\"canonical\" href=\"https:\/\/www.gastac.com\/de\/produkt\/moebel-gasdruckfeder\/\" \/>\n<meta property=\"og:locale\" content=\"de_DE\" \/>\n<meta property=\"og:type\" content=\"article\" \/>\n<meta property=\"og:title\" content=\"M\u00f6bel Gasdruckfeder\" \/>\n<meta property=\"og:description\" content=\"M\u00f6bel Gasdruckfeder M\u00f6belgasfedern\u00a0\u2013 Installieren Sie sie einfach an Ihren M\u00f6beln Wenn Sie auf der Suche nach einem Produkt sind, das [...]\" \/>\n<meta property=\"og:url\" content=\"https:\/\/www.gastac.com\/de\/produkt\/moebel-gasdruckfeder\/\" \/>\n<meta property=\"og:site_name\" content=\"Gastac Gas Spring\" \/>\n<meta property=\"article:publisher\" content=\"https:\/\/www.facebook.com\/profile.php?id=100092358464608\" \/>\n<meta property=\"og:image\" content=\"https:\/\/www.gastac.com\/wp-content\/uploads\/2025\/11\/mobel-gasdruckfeder-3-2.webp\" \/>\n\t<meta property=\"og:image:width\" content=\"500\" \/>\n\t<meta property=\"og:image:height\" content=\"500\" \/>\n\t<meta property=\"og:image:type\" content=\"image\/webp\" \/>\n<meta name=\"twitter:card\" content=\"summary_large_image\" \/>\n<meta name=\"twitter:label1\" content=\"Gesch\u00e4tzte Lesezeit\" \/>\n\t<meta name=\"twitter:data1\" content=\"1\u00a0Minute\" \/>\n<script type=\"application\/ld+json\" class=\"yoast-schema-graph\">{\"@context\":\"https:\\\/\\\/schema.org\",\"@graph\":[{\"@type\":\"WebPage\",\"@id\":\"https:\\\/\\\/www.gastac.com\\\/de\\\/produkt\\\/moebel-gasdruckfeder\\\/\",\"url\":\"https:\\\/\\\/www.gastac.com\\\/de\\\/produkt\\\/moebel-gasdruckfeder\\\/\",\"name\":\"M\u00f6bel Gasdruckfeder | Gastac Gas Spring\",\"isPartOf\":{\"@id\":\"https:\\\/\\\/www.gastac.com\\\/de\\\/#website\"},\"primaryImageOfPage\":{\"@id\":\"https:\\\/\\\/www.gastac.com\\\/de\\\/produkt\\\/moebel-gasdruckfeder\\\/#primaryimage\"},\"image\":{\"@id\":\"https:\\\/\\\/www.gastac.com\\\/de\\\/produkt\\\/moebel-gasdruckfeder\\\/#primaryimage\"},\"thumbnailUrl\":\"https:\\\/\\\/www.gastac.com\\\/wp-content\\\/uploads\\\/2025\\\/11\\\/mobel-gasdruckfeder-3-2.webp\",\"datePublished\":\"2025-11-13T08:34:43+00:00\",\"breadcrumb\":{\"@id\":\"https:\\\/\\\/www.gastac.com\\\/de\\\/produkt\\\/moebel-gasdruckfeder\\\/#breadcrumb\"},\"inLanguage\":\"de\",\"potentialAction\":[{\"@type\":\"ReadAction\",\"target\":[\"https:\\\/\\\/www.gastac.com\\\/de\\\/produkt\\\/moebel-gasdruckfeder\\\/\"]}]},{\"@type\":\"ImageObject\",\"inLanguage\":\"de\",\"@id\":\"https:\\\/\\\/www.gastac.com\\\/de\\\/produkt\\\/moebel-gasdruckfeder\\\/#primaryimage\",\"url\":\"https:\\\/\\\/www.gastac.com\\\/wp-content\\\/uploads\\\/2025\\\/11\\\/mobel-gasdruckfeder-3-2.webp\",\"contentUrl\":\"https:\\\/\\\/www.gastac.com\\\/wp-content\\\/uploads\\\/2025\\\/11\\\/mobel-gasdruckfeder-3-2.webp\",\"width\":500,\"height\":500,\"caption\":\"mobel gasdruckfeder 3\"},{\"@type\":\"BreadcrumbList\",\"@id\":\"https:\\\/\\\/www.gastac.com\\\/de\\\/produkt\\\/moebel-gasdruckfeder\\\/#breadcrumb\",\"itemListElement\":[{\"@type\":\"ListItem\",\"position\":1,\"name\":\"Home\",\"item\":\"https:\\\/\\\/www.gastac.com\\\/de\\\/\"},{\"@type\":\"ListItem\",\"position\":2,\"name\":\"products\",\"item\":\"https:\\\/\\\/www.gastac.com\\\/de\\\/products\\\/\"},{\"@type\":\"ListItem\",\"position\":3,\"name\":\"Nicht kategorisiert\",\"item\":\"https:\\\/\\\/www.gastac.com\\\/de\\\/product-category\\\/nicht-kategorisiert\\\/\"},{\"@type\":\"ListItem\",\"position\":4,\"name\":\"M\u00f6bel Gasdruckfeder\"}]},{\"@type\":\"WebSite\",\"@id\":\"https:\\\/\\\/www.gastac.com\\\/de\\\/#website\",\"url\":\"https:\\\/\\\/www.gastac.com\\\/de\\\/\",\"name\":\"Gastac Gas Spring\",\"description\":\"China\u2019s Leading Gas Springs &amp; Struts Manufacturer\",\"publisher\":{\"@id\":\"https:\\\/\\\/www.gastac.com\\\/de\\\/#organization\"},\"potentialAction\":[{\"@type\":\"SearchAction\",\"target\":{\"@type\":\"EntryPoint\",\"urlTemplate\":\"https:\\\/\\\/www.gastac.com\\\/de\\\/?s={search_term_string}\"},\"query-input\":{\"@type\":\"PropertyValueSpecification\",\"valueRequired\":true,\"valueName\":\"search_term_string\"}}],\"inLanguage\":\"de\"},{\"@type\":\"Organization\",\"@id\":\"https:\\\/\\\/www.gastac.com\\\/de\\\/#organization\",\"name\":\"Ningbo Gastac Gas Spring Co.,Ltd\",\"url\":\"https:\\\/\\\/www.gastac.com\\\/de\\\/\",\"logo\":{\"@type\":\"ImageObject\",\"inLanguage\":\"de\",\"@id\":\"https:\\\/\\\/www.gastac.com\\\/de\\\/#\\\/schema\\\/logo\\\/image\\\/\",\"url\":\"https:\\\/\\\/www.gastac.com\\\/wp-content\\\/uploads\\\/2025\\\/09\\\/LOGO\u672c\u8272-\u9ed1.webp\",\"contentUrl\":\"https:\\\/\\\/www.gastac.com\\\/wp-content\\\/uploads\\\/2025\\\/09\\\/LOGO\u672c\u8272-\u9ed1.webp\",\"width\":1920,\"height\":1080,\"caption\":\"Ningbo Gastac Gas Spring Co.,Ltd\"},\"image\":{\"@id\":\"https:\\\/\\\/www.gastac.com\\\/de\\\/#\\\/schema\\\/logo\\\/image\\\/\"},\"sameAs\":[\"https:\\\/\\\/www.facebook.com\\\/profile.php?id=100092358464608\",\"https:\\\/\\\/www.youtube.com\\\/@Gastac-Gas-Spring\",\"https:\\\/\\\/www.linkedin.com\\\/in\\\/gastac-gas-spring\\\/\",\"https:\\\/\\\/www.instagram.com\\\/gastacgasspring\\\/\"]}]}<\/script>\n<!-- \/ Yoast SEO Premium plugin. -->","yoast_head_json":{"title":"M\u00f6bel Gasdruckfeder | Gastac Gas Spring","robots":{"index":"index","follow":"follow","max-snippet":"max-snippet:-1","max-image-preview":"max-image-preview:large","max-video-preview":"max-video-preview:-1"},"canonical":"https:\/\/www.gastac.com\/de\/produkt\/moebel-gasdruckfeder\/","og_locale":"de_DE","og_type":"article","og_title":"M\u00f6bel Gasdruckfeder","og_description":"M\u00f6bel Gasdruckfeder M\u00f6belgasfedern\u00a0\u2013 Installieren Sie sie einfach an Ihren M\u00f6beln Wenn Sie auf der Suche nach einem Produkt sind, das [...]","og_url":"https:\/\/www.gastac.com\/de\/produkt\/moebel-gasdruckfeder\/","og_site_name":"Gastac Gas Spring","article_publisher":"https:\/\/www.facebook.com\/profile.php?id=100092358464608","og_image":[{"width":500,"height":500,"url":"https:\/\/www.gastac.com\/wp-content\/uploads\/2025\/11\/mobel-gasdruckfeder-3-2.webp","type":"image\/webp"}],"twitter_card":"summary_large_image","twitter_misc":{"Gesch\u00e4tzte Lesezeit":"1\u00a0Minute"},"schema":{"@context":"https:\/\/schema.org","@graph":[{"@type":"WebPage","@id":"https:\/\/www.gastac.com\/de\/produkt\/moebel-gasdruckfeder\/","url":"https:\/\/www.gastac.com\/de\/produkt\/moebel-gasdruckfeder\/","name":"M\u00f6bel Gasdruckfeder | Gastac Gas Spring","isPartOf":{"@id":"https:\/\/www.gastac.com\/de\/#website"},"primaryImageOfPage":{"@id":"https:\/\/www.gastac.com\/de\/produkt\/moebel-gasdruckfeder\/#primaryimage"},"image":{"@id":"https:\/\/www.gastac.com\/de\/produkt\/moebel-gasdruckfeder\/#primaryimage"},"thumbnailUrl":"https:\/\/www.gastac.com\/wp-content\/uploads\/2025\/11\/mobel-gasdruckfeder-3-2.webp","datePublished":"2025-11-13T08:34:43+00:00","breadcrumb":{"@id":"https:\/\/www.gastac.com\/de\/produkt\/moebel-gasdruckfeder\/#breadcrumb"},"inLanguage":"de","potentialAction":[{"@type":"ReadAction","target":["https:\/\/www.gastac.com\/de\/produkt\/moebel-gasdruckfeder\/"]}]},{"@type":"ImageObject","inLanguage":"de","@id":"https:\/\/www.gastac.com\/de\/produkt\/moebel-gasdruckfeder\/#primaryimage","url":"https:\/\/www.gastac.com\/wp-content\/uploads\/2025\/11\/mobel-gasdruckfeder-3-2.webp","contentUrl":"https:\/\/www.gastac.com\/wp-content\/uploads\/2025\/11\/mobel-gasdruckfeder-3-2.webp","width":500,"height":500,"caption":"mobel gasdruckfeder 3"},{"@type":"BreadcrumbList","@id":"https:\/\/www.gastac.com\/de\/produkt\/moebel-gasdruckfeder\/#breadcrumb","itemListElement":[{"@type":"ListItem","position":1,"name":"Home","item":"https:\/\/www.gastac.com\/de\/"},{"@type":"ListItem","position":2,"name":"products","item":"https:\/\/www.gastac.com\/de\/products\/"},{"@type":"ListItem","position":3,"name":"Nicht kategorisiert","item":"https:\/\/www.gastac.com\/de\/product-category\/nicht-kategorisiert\/"},{"@type":"ListItem","position":4,"name":"M\u00f6bel Gasdruckfeder"}]},{"@type":"WebSite","@id":"https:\/\/www.gastac.com\/de\/#website","url":"https:\/\/www.gastac.com\/de\/","name":"Gastac Gas Spring","description":"China\u2019s Leading Gas Springs &amp; Struts Manufacturer","publisher":{"@id":"https:\/\/www.gastac.com\/de\/#organization"},"potentialAction":[{"@type":"SearchAction","target":{"@type":"EntryPoint","urlTemplate":"https:\/\/www.gastac.com\/de\/?s={search_term_string}"},"query-input":{"@type":"PropertyValueSpecification","valueRequired":true,"valueName":"search_term_string"}}],"inLanguage":"de"},{"@type":"Organization","@id":"https:\/\/www.gastac.com\/de\/#organization","name":"Ningbo Gastac Gas Spring Co.,Ltd","url":"https:\/\/www.gastac.com\/de\/","logo":{"@type":"ImageObject","inLanguage":"de","@id":"https:\/\/www.gastac.com\/de\/#\/schema\/logo\/image\/","url":"https:\/\/www.gastac.com\/wp-content\/uploads\/2025\/09\/LOGO\u672c\u8272-\u9ed1.webp","contentUrl":"https:\/\/www.gastac.com\/wp-content\/uploads\/2025\/09\/LOGO\u672c\u8272-\u9ed1.webp","width":1920,"height":1080,"caption":"Ningbo Gastac Gas Spring Co.,Ltd"},"image":{"@id":"https:\/\/www.gastac.com\/de\/#\/schema\/logo\/image\/"},"sameAs":["https:\/\/www.facebook.com\/profile.php?id=100092358464608","https:\/\/www.youtube.com\/@Gastac-Gas-Spring","https:\/\/www.linkedin.com\/in\/gastac-gas-spring\/","https:\/\/www.instagram.com\/gastacgasspring\/"]}]}},"_links":{"self":[{"href":"https:\/\/www.gastac.com\/de\/wp-json\/wp\/v2\/product\/20146","targetHints":{"allow":["GET"]}}],"collection":[{"href":"https:\/\/www.gastac.com\/de\/wp-json\/wp\/v2\/product"}],"about":[{"href":"https:\/\/www.gastac.com\/de\/wp-json\/wp\/v2\/types\/product"}],"replies":[{"embeddable":true,"href":"https:\/\/www.gastac.com\/de\/wp-json\/wp\/v2\/comments?post=20146"}],"wp:featuredmedia":[{"embeddable":true,"href":"https:\/\/www.gastac.com\/de\/wp-json\/wp\/v2\/media\/20147"}],"wp:attachment":[{"href":"https:\/\/www.gastac.com\/de\/wp-json\/wp\/v2\/media?parent=20146"}],"wp:term":[{"taxonomy":"product_brand","embeddable":true,"href":"https:\/\/www.gastac.com\/de\/wp-json\/wp\/v2\/product_brand?post=20146"},{"taxonomy":"product_cat","embeddable":true,"href":"https:\/\/www.gastac.com\/de\/wp-json\/wp\/v2\/product_cat?post=20146"},{"taxonomy":"product_tag","embeddable":true,"href":"https:\/\/www.gastac.com\/de\/wp-json\/wp\/v2\/product_tag?post=20146"}],"curies":[{"name":"wp","href":"https:\/\/api.w.org\/{rel}","templated":true}]}}