{"id":20089,"date":"2025-11-13T08:08:12","date_gmt":"2025-11-13T08:08:12","guid":{"rendered":"https:\/\/www.gastac.com\/?post_type=product&#038;p=20089"},"modified":"2025-11-13T08:10:56","modified_gmt":"2025-11-13T08:10:56","slug":"gasdruckfeder-pferdeanhaenger","status":"publish","type":"product","link":"https:\/\/www.gastac.com\/de\/produkt\/gasdruckfeder-pferdeanhaenger\/","title":{"rendered":"Gasdruckfeder Pferdeanh\u00e4nger"},"content":{"rendered":"<p><strong>Gasdruckfeder Pferdeanh\u00e4nger<\/strong><\/p>\n<div>\n<div>\n<p>Gasdruckfeder Pferdeanh\u00e4nger\u00a0und Hubd\u00e4mpfer aus Stahl und Edelstahl.<\/p>\n<p>Bef\u00fcllen Sie die Gasfedern individuell nach Bedarf \u2013 kein Problem, wir machen es richtig!<\/p>\n<p>Sie sind auf der Suche nach dem passenden Gasdruckd\u00e4mpfer Heckklappe Pferdeanh\u00e4nger? Bei uns werden Sie f\u00fcndig und wir fertigen individuell nach Ihren W\u00fcnschen den passenden Gasdruckd\u00e4mpfer Pferdeanh\u00e4nger.<\/p>\n<p>Kurze Lieferzeiten, die Qualit\u00e4t der Gastac-Fertigung und l\u00e4ngere Lieferzeiten sind f\u00fcr uns selbstverst\u00e4ndlich.<\/p>\n<p>Mit dem Gasfeder-Pferdeanh\u00e4nger\u00a0k\u00f6nnen Sie die Klappe gewaltsam \u00f6ffnen, sicher verriegeln, sanft schlie\u00dfen oder sicher schlie\u00dfen. Wenn die Gasfedern verschlissen sind und nicht mehr zuverl\u00e4ssig funktionieren, merkt man das schnell und die Gasfedern m\u00fcssen ausgetauscht werden. Hierbei unterscheiden wir zwischen Stahl-Gasfedern oder Edelstahl-Gasfedern. Stahlgasfedern werden h\u00e4ufig im Fahrzeugbau, Schiffbau, Maschinenbau, der M\u00f6belindustrie, Fenstern, T\u00fcren oder Luken eingesetzt. Gasfedern aus Edelstahl werden h\u00e4ufig in der Medizintechnik, der Lebensmitteltechnik oder aufgrund ihrer Rostbest\u00e4ndigkeit allgemein im Schiffbau eingesetzt.<\/p>\n<p>Gasfedern haben eine riesige Reichweite und danken Ihre Unterst\u00fctzung meist erst, wenn der Druck nachl\u00e4sst. Dann bekommt man eine Vorstellung davon, was f\u00fcr eine Arbeit diese meist kleinen Dinger leisten. Sollten Sie in unserem Sortiment nicht sofort eine passende Gasfeder finden, helfen wir Ihnen gerne weiter. Wir bieten Gasdruckfeder-Pferdeanh\u00e4nger\u00a0in Newton-L\u00e4ngen an.<\/p>\n<\/div>\n<p><strong>Spezifikation\uff1a<\/strong><br \/>\n<img class=\"lazyload\" decoding=\"async\" src=\"data:image\/gif;base64,R0lGODlhAQABAAAAACH5BAEKAAEALAAAAAABAAEAAAICTAEAOw==\" data-orig-src=\"https:\/\/gastac.com\/wp-content\/uploads\/2023\/06\/Gasdruckdampfer-100-kg.png\" alt=\"Gasdruckfeder Pferdeanh\u00e4nger\" \/><br \/>\n<img class=\"lazyload\" decoding=\"async\" src=\"data:image\/gif;base64,R0lGODlhAQABAAAAACH5BAEKAAEALAAAAAABAAEAAAICTAEAOw==\" data-orig-src=\"https:\/\/www.gastac.com\/wp-content\/uploads\/2023\/06\/gasdruckfeder-edelstahl-476x400.png\" alt=\"Gasdruckfeder Pferdeanh\u00e4nger \" \/><\/p>\n<div><strong>Gasdruckfeder Pferdeanh\u00e4nger Anwendung<\/strong><\/div>\n<p><img decoding=\"async\" class=\"lazyload \" src=\"data:image\/svg+xml,%3Csvg%20xmlns%3D%27http%3A%2F%2Fwww.w3.org%2F2000%2Fsvg%27%20width%3D%27375%27%20height%3D%27281%27%20viewBox%3D%270%200%20375%20281%27%3E%3Crect%20width%3D%27375%27%20height%3D%27281%27%20fill-opacity%3D%220%22%2F%3E%3C%2Fsvg%3E\" data-orig-src=\"https:\/\/gastac.com\/wp-content\/uploads\/2023\/06\/gasdruckdampfer-pferdeanhanger.jpg\" alt=\"Gasdruckfeder Pferdeanh\u00e4nger \" width=\"375\" height=\"281\" \/><img decoding=\"async\" class=\"lazyload \" src=\"data:image\/svg+xml,%3Csvg%20xmlns%3D%27http%3A%2F%2Fwww.w3.org%2F2000%2Fsvg%27%20width%3D%27422%27%20height%3D%27281%27%20viewBox%3D%270%200%20422%20281%27%3E%3Crect%20width%3D%27422%27%20height%3D%27281%27%20fill-opacity%3D%220%22%2F%3E%3C%2Fsvg%3E\" data-orig-src=\"https:\/\/gastac.com\/wp-content\/uploads\/2023\/06\/gasfeder-pferdeanhanger.jpg\" alt=\"Gasdruckfeder Pferdeanh\u00e4nger \" width=\"422\" height=\"281\" \/>\n<\/div>\n","protected":false},"excerpt":{"rendered":"<p>Gasdruckfeder Pferdeanh\u00e4nger Gasdruckfeder Pferdeanh\u00e4nger\u00a0und Hubd\u00e4mpfer aus Stahl und Edelstahl. Bef\u00fcllen Sie die Gasfedern individuell nach Bedarf \u2013 kein Problem, wir  [&#8230;]<\/p>\n","protected":false},"featured_media":20092,"comment_status":"open","ping_status":"closed","template":"","meta":[],"product_brand":[],"product_cat":[109],"product_tag":[],"class_list":{"0":"post-20089","1":"product","2":"type-product","3":"status-publish","4":"has-post-thumbnail","6":"product_cat-nicht-kategorisiert","8":"first","9":"instock","10":"shipping-taxable","11":"product-type-simple"},"yoast_head":"<!-- This site is optimized with the Yoast SEO Premium plugin v26.2 (Yoast SEO v27.4) - https:\/\/yoast.com\/product\/yoast-seo-premium-wordpress\/ -->\n<title>Gasdruckfeder Pferdeanh\u00e4nger | Gastac Gas Spring<\/title>\n<meta name=\"robots\" content=\"index, follow, max-snippet:-1, max-image-preview:large, max-video-preview:-1\" \/>\n<link rel=\"canonical\" href=\"https:\/\/www.gastac.com\/de\/produkt\/gasdruckfeder-pferdeanhaenger\/\" \/>\n<meta property=\"og:locale\" content=\"de_DE\" \/>\n<meta property=\"og:type\" content=\"article\" \/>\n<meta property=\"og:title\" content=\"Gasdruckfeder Pferdeanh\u00e4nger\" \/>\n<meta property=\"og:description\" content=\"Gasdruckfeder Pferdeanh\u00e4nger Gasdruckfeder Pferdeanh\u00e4nger\u00a0und Hubd\u00e4mpfer aus Stahl und Edelstahl. Bef\u00fcllen Sie die Gasfedern individuell nach Bedarf \u2013 kein Problem, wir [...]\" \/>\n<meta property=\"og:url\" content=\"https:\/\/www.gastac.com\/de\/produkt\/gasdruckfeder-pferdeanhaenger\/\" \/>\n<meta property=\"og:site_name\" content=\"Gastac Gas Spring\" \/>\n<meta property=\"article:publisher\" content=\"https:\/\/www.facebook.com\/profile.php?id=100092358464608\" \/>\n<meta property=\"article:modified_time\" content=\"2025-11-13T08:10:56+00:00\" \/>\n<meta property=\"og:image\" content=\"https:\/\/www.gastac.com\/wp-content\/uploads\/2025\/11\/gasdruckfeder-pferdeanhanger.webp\" \/>\n\t<meta property=\"og:image:width\" content=\"1600\" \/>\n\t<meta property=\"og:image:height\" content=\"1200\" \/>\n\t<meta property=\"og:image:type\" content=\"image\/webp\" \/>\n<meta name=\"twitter:card\" content=\"summary_large_image\" \/>\n<meta name=\"twitter:label1\" content=\"Gesch\u00e4tzte Lesezeit\" \/>\n\t<meta name=\"twitter:data1\" content=\"2\u00a0Minuten\" \/>\n<script type=\"application\/ld+json\" class=\"yoast-schema-graph\">{\"@context\":\"https:\\\/\\\/schema.org\",\"@graph\":[{\"@type\":\"WebPage\",\"@id\":\"https:\\\/\\\/www.gastac.com\\\/de\\\/produkt\\\/gasdruckfeder-pferdeanhaenger\\\/\",\"url\":\"https:\\\/\\\/www.gastac.com\\\/de\\\/produkt\\\/gasdruckfeder-pferdeanhaenger\\\/\",\"name\":\"Gasdruckfeder Pferdeanh\u00e4nger | Gastac Gas Spring\",\"isPartOf\":{\"@id\":\"https:\\\/\\\/www.gastac.com\\\/de\\\/#website\"},\"primaryImageOfPage\":{\"@id\":\"https:\\\/\\\/www.gastac.com\\\/de\\\/produkt\\\/gasdruckfeder-pferdeanhaenger\\\/#primaryimage\"},\"image\":{\"@id\":\"https:\\\/\\\/www.gastac.com\\\/de\\\/produkt\\\/gasdruckfeder-pferdeanhaenger\\\/#primaryimage\"},\"thumbnailUrl\":\"https:\\\/\\\/www.gastac.com\\\/wp-content\\\/uploads\\\/2025\\\/11\\\/gasdruckfeder-pferdeanhanger.webp\",\"datePublished\":\"2025-11-13T08:08:12+00:00\",\"dateModified\":\"2025-11-13T08:10:56+00:00\",\"breadcrumb\":{\"@id\":\"https:\\\/\\\/www.gastac.com\\\/de\\\/produkt\\\/gasdruckfeder-pferdeanhaenger\\\/#breadcrumb\"},\"inLanguage\":\"de\",\"potentialAction\":[{\"@type\":\"ReadAction\",\"target\":[\"https:\\\/\\\/www.gastac.com\\\/de\\\/produkt\\\/gasdruckfeder-pferdeanhaenger\\\/\"]}]},{\"@type\":\"ImageObject\",\"inLanguage\":\"de\",\"@id\":\"https:\\\/\\\/www.gastac.com\\\/de\\\/produkt\\\/gasdruckfeder-pferdeanhaenger\\\/#primaryimage\",\"url\":\"https:\\\/\\\/www.gastac.com\\\/wp-content\\\/uploads\\\/2025\\\/11\\\/gasdruckfeder-pferdeanhanger.webp\",\"contentUrl\":\"https:\\\/\\\/www.gastac.com\\\/wp-content\\\/uploads\\\/2025\\\/11\\\/gasdruckfeder-pferdeanhanger.webp\",\"width\":1600,\"height\":1200,\"caption\":\"gasdruckfeder pferdeanhanger\"},{\"@type\":\"BreadcrumbList\",\"@id\":\"https:\\\/\\\/www.gastac.com\\\/de\\\/produkt\\\/gasdruckfeder-pferdeanhaenger\\\/#breadcrumb\",\"itemListElement\":[{\"@type\":\"ListItem\",\"position\":1,\"name\":\"Home\",\"item\":\"https:\\\/\\\/www.gastac.com\\\/de\\\/\"},{\"@type\":\"ListItem\",\"position\":2,\"name\":\"products\",\"item\":\"https:\\\/\\\/www.gastac.com\\\/de\\\/products\\\/\"},{\"@type\":\"ListItem\",\"position\":3,\"name\":\"Nicht kategorisiert\",\"item\":\"https:\\\/\\\/www.gastac.com\\\/de\\\/product-category\\\/nicht-kategorisiert\\\/\"},{\"@type\":\"ListItem\",\"position\":4,\"name\":\"Gasdruckfeder Pferdeanh\u00e4nger\"}]},{\"@type\":\"WebSite\",\"@id\":\"https:\\\/\\\/www.gastac.com\\\/de\\\/#website\",\"url\":\"https:\\\/\\\/www.gastac.com\\\/de\\\/\",\"name\":\"Gastac Gas Spring\",\"description\":\"China\u2019s Leading Gas Springs &amp; Struts Manufacturer\",\"publisher\":{\"@id\":\"https:\\\/\\\/www.gastac.com\\\/de\\\/#organization\"},\"potentialAction\":[{\"@type\":\"SearchAction\",\"target\":{\"@type\":\"EntryPoint\",\"urlTemplate\":\"https:\\\/\\\/www.gastac.com\\\/de\\\/?s={search_term_string}\"},\"query-input\":{\"@type\":\"PropertyValueSpecification\",\"valueRequired\":true,\"valueName\":\"search_term_string\"}}],\"inLanguage\":\"de\"},{\"@type\":\"Organization\",\"@id\":\"https:\\\/\\\/www.gastac.com\\\/de\\\/#organization\",\"name\":\"Ningbo Gastac Gas Spring Co.,Ltd\",\"url\":\"https:\\\/\\\/www.gastac.com\\\/de\\\/\",\"logo\":{\"@type\":\"ImageObject\",\"inLanguage\":\"de\",\"@id\":\"https:\\\/\\\/www.gastac.com\\\/de\\\/#\\\/schema\\\/logo\\\/image\\\/\",\"url\":\"https:\\\/\\\/www.gastac.com\\\/wp-content\\\/uploads\\\/2025\\\/09\\\/LOGO\u672c\u8272-\u9ed1.webp\",\"contentUrl\":\"https:\\\/\\\/www.gastac.com\\\/wp-content\\\/uploads\\\/2025\\\/09\\\/LOGO\u672c\u8272-\u9ed1.webp\",\"width\":1920,\"height\":1080,\"caption\":\"Ningbo Gastac Gas Spring Co.,Ltd\"},\"image\":{\"@id\":\"https:\\\/\\\/www.gastac.com\\\/de\\\/#\\\/schema\\\/logo\\\/image\\\/\"},\"sameAs\":[\"https:\\\/\\\/www.facebook.com\\\/profile.php?id=100092358464608\",\"https:\\\/\\\/www.youtube.com\\\/@Gastac-Gas-Spring\",\"https:\\\/\\\/www.linkedin.com\\\/in\\\/gastac-gas-spring\\\/\",\"https:\\\/\\\/www.instagram.com\\\/gastacgasspring\\\/\"]}]}<\/script>\n<!-- \/ Yoast SEO Premium plugin. -->","yoast_head_json":{"title":"Gasdruckfeder Pferdeanh\u00e4nger | Gastac Gas Spring","robots":{"index":"index","follow":"follow","max-snippet":"max-snippet:-1","max-image-preview":"max-image-preview:large","max-video-preview":"max-video-preview:-1"},"canonical":"https:\/\/www.gastac.com\/de\/produkt\/gasdruckfeder-pferdeanhaenger\/","og_locale":"de_DE","og_type":"article","og_title":"Gasdruckfeder Pferdeanh\u00e4nger","og_description":"Gasdruckfeder Pferdeanh\u00e4nger Gasdruckfeder Pferdeanh\u00e4nger\u00a0und Hubd\u00e4mpfer aus Stahl und Edelstahl. Bef\u00fcllen Sie die Gasfedern individuell nach Bedarf \u2013 kein Problem, wir [...]","og_url":"https:\/\/www.gastac.com\/de\/produkt\/gasdruckfeder-pferdeanhaenger\/","og_site_name":"Gastac Gas Spring","article_publisher":"https:\/\/www.facebook.com\/profile.php?id=100092358464608","article_modified_time":"2025-11-13T08:10:56+00:00","og_image":[{"width":1600,"height":1200,"url":"https:\/\/www.gastac.com\/wp-content\/uploads\/2025\/11\/gasdruckfeder-pferdeanhanger.webp","type":"image\/webp"}],"twitter_card":"summary_large_image","twitter_misc":{"Gesch\u00e4tzte Lesezeit":"2\u00a0Minuten"},"schema":{"@context":"https:\/\/schema.org","@graph":[{"@type":"WebPage","@id":"https:\/\/www.gastac.com\/de\/produkt\/gasdruckfeder-pferdeanhaenger\/","url":"https:\/\/www.gastac.com\/de\/produkt\/gasdruckfeder-pferdeanhaenger\/","name":"Gasdruckfeder Pferdeanh\u00e4nger | Gastac Gas Spring","isPartOf":{"@id":"https:\/\/www.gastac.com\/de\/#website"},"primaryImageOfPage":{"@id":"https:\/\/www.gastac.com\/de\/produkt\/gasdruckfeder-pferdeanhaenger\/#primaryimage"},"image":{"@id":"https:\/\/www.gastac.com\/de\/produkt\/gasdruckfeder-pferdeanhaenger\/#primaryimage"},"thumbnailUrl":"https:\/\/www.gastac.com\/wp-content\/uploads\/2025\/11\/gasdruckfeder-pferdeanhanger.webp","datePublished":"2025-11-13T08:08:12+00:00","dateModified":"2025-11-13T08:10:56+00:00","breadcrumb":{"@id":"https:\/\/www.gastac.com\/de\/produkt\/gasdruckfeder-pferdeanhaenger\/#breadcrumb"},"inLanguage":"de","potentialAction":[{"@type":"ReadAction","target":["https:\/\/www.gastac.com\/de\/produkt\/gasdruckfeder-pferdeanhaenger\/"]}]},{"@type":"ImageObject","inLanguage":"de","@id":"https:\/\/www.gastac.com\/de\/produkt\/gasdruckfeder-pferdeanhaenger\/#primaryimage","url":"https:\/\/www.gastac.com\/wp-content\/uploads\/2025\/11\/gasdruckfeder-pferdeanhanger.webp","contentUrl":"https:\/\/www.gastac.com\/wp-content\/uploads\/2025\/11\/gasdruckfeder-pferdeanhanger.webp","width":1600,"height":1200,"caption":"gasdruckfeder pferdeanhanger"},{"@type":"BreadcrumbList","@id":"https:\/\/www.gastac.com\/de\/produkt\/gasdruckfeder-pferdeanhaenger\/#breadcrumb","itemListElement":[{"@type":"ListItem","position":1,"name":"Home","item":"https:\/\/www.gastac.com\/de\/"},{"@type":"ListItem","position":2,"name":"products","item":"https:\/\/www.gastac.com\/de\/products\/"},{"@type":"ListItem","position":3,"name":"Nicht kategorisiert","item":"https:\/\/www.gastac.com\/de\/product-category\/nicht-kategorisiert\/"},{"@type":"ListItem","position":4,"name":"Gasdruckfeder Pferdeanh\u00e4nger"}]},{"@type":"WebSite","@id":"https:\/\/www.gastac.com\/de\/#website","url":"https:\/\/www.gastac.com\/de\/","name":"Gastac Gas Spring","description":"China\u2019s Leading Gas Springs &amp; Struts Manufacturer","publisher":{"@id":"https:\/\/www.gastac.com\/de\/#organization"},"potentialAction":[{"@type":"SearchAction","target":{"@type":"EntryPoint","urlTemplate":"https:\/\/www.gastac.com\/de\/?s={search_term_string}"},"query-input":{"@type":"PropertyValueSpecification","valueRequired":true,"valueName":"search_term_string"}}],"inLanguage":"de"},{"@type":"Organization","@id":"https:\/\/www.gastac.com\/de\/#organization","name":"Ningbo Gastac Gas Spring Co.,Ltd","url":"https:\/\/www.gastac.com\/de\/","logo":{"@type":"ImageObject","inLanguage":"de","@id":"https:\/\/www.gastac.com\/de\/#\/schema\/logo\/image\/","url":"https:\/\/www.gastac.com\/wp-content\/uploads\/2025\/09\/LOGO\u672c\u8272-\u9ed1.webp","contentUrl":"https:\/\/www.gastac.com\/wp-content\/uploads\/2025\/09\/LOGO\u672c\u8272-\u9ed1.webp","width":1920,"height":1080,"caption":"Ningbo Gastac Gas Spring Co.,Ltd"},"image":{"@id":"https:\/\/www.gastac.com\/de\/#\/schema\/logo\/image\/"},"sameAs":["https:\/\/www.facebook.com\/profile.php?id=100092358464608","https:\/\/www.youtube.com\/@Gastac-Gas-Spring","https:\/\/www.linkedin.com\/in\/gastac-gas-spring\/","https:\/\/www.instagram.com\/gastacgasspring\/"]}]}},"_links":{"self":[{"href":"https:\/\/www.gastac.com\/de\/wp-json\/wp\/v2\/product\/20089","targetHints":{"allow":["GET"]}}],"collection":[{"href":"https:\/\/www.gastac.com\/de\/wp-json\/wp\/v2\/product"}],"about":[{"href":"https:\/\/www.gastac.com\/de\/wp-json\/wp\/v2\/types\/product"}],"replies":[{"embeddable":true,"href":"https:\/\/www.gastac.com\/de\/wp-json\/wp\/v2\/comments?post=20089"}],"wp:featuredmedia":[{"embeddable":true,"href":"https:\/\/www.gastac.com\/de\/wp-json\/wp\/v2\/media\/20092"}],"wp:attachment":[{"href":"https:\/\/www.gastac.com\/de\/wp-json\/wp\/v2\/media?parent=20089"}],"wp:term":[{"taxonomy":"product_brand","embeddable":true,"href":"https:\/\/www.gastac.com\/de\/wp-json\/wp\/v2\/product_brand?post=20089"},{"taxonomy":"product_cat","embeddable":true,"href":"https:\/\/www.gastac.com\/de\/wp-json\/wp\/v2\/product_cat?post=20089"},{"taxonomy":"product_tag","embeddable":true,"href":"https:\/\/www.gastac.com\/de\/wp-json\/wp\/v2\/product_tag?post=20089"}],"curies":[{"name":"wp","href":"https:\/\/api.w.org\/{rel}","templated":true}]}}