{"id":20002,"date":"2025-11-13T07:46:05","date_gmt":"2025-11-13T07:46:05","guid":{"rendered":"https:\/\/www.gastac.com\/?post_type=product&#038;p=20002"},"modified":"2025-11-13T07:46:47","modified_gmt":"2025-11-13T07:46:47","slug":"gasdruckfedern-buerostuhl","status":"publish","type":"product","link":"https:\/\/www.gastac.com\/de\/produkt\/gasdruckfedern-buerostuhl\/","title":{"rendered":"Gasdruckfedern B\u00fcrostuhl"},"content":{"rendered":"<p><strong>Gasdruckfedern B\u00fcrostuhl<\/strong><\/p>\n<p>Worauf muss ich beim Kauf eines neuen gasdruckfedern b\u00fcrostuhls\u00a0achten?<br \/>\n<img class=\"lazyload\" decoding=\"async\" src=\"data:image\/gif;base64,R0lGODlhAQABAAAAACH5BAEKAAEALAAAAAABAAEAAAICTAEAOw==\" data-orig-src=\"https:\/\/www.gastac.com\/wp-content\/uploads\/2023\/06\/dampfer-burostuhl.png\" alt=\"Gasdruckfedern B\u00fcrostuhl\" \/><img class=\"lazyload\" decoding=\"async\" src=\"data:image\/gif;base64,R0lGODlhAQABAAAAACH5BAEKAAEALAAAAAABAAEAAAICTAEAOw==\" data-orig-src=\"https:\/\/www.gastac.com\/wp-content\/uploads\/2023\/06\/dampfer-burostuhl-1.jpg\" alt=\"Gasdruckfedern B\u00fcrostuhl\" \/><\/p>\n<p>Um Geld und Ressourcen zu sparen, ist es ratsam, bei einem Defekt des\u00a0gasdruckfedern b\u00fcrostuhls\u00a0diesen auszutauschen, anstatt sich einfach f\u00fcr einen neuen B\u00fcrostuhl zu entscheiden. Beim Kauf eines geeigneten\u00a0d\u00e4mpfer b\u00fcrostuhls sollten Sie jedoch folgende Punkte beachten:<\/p>\n<ul>\n<li>die richtige Federgr\u00f6\u00dfe: Achten Sie beim Kauf immer auf die Ma\u00dfe, also den Umfang des Kopfes und des Endes des Zylinders, und beachten Sie auch die Normangaben. Im Zweifelsfall ist es am besten, den alten gasdruckfedern b\u00fcrostuhlmit dem neuen gasdruckfedern b\u00fcrostuhl zu vergleichen.<\/li>\n<li>Qualit\u00e4tsklassen des b\u00fcrostuhl zylinders: Qualit\u00e4tsklassen von 1 bis maximal 5 \u2013 dieb\u00fcrostuhl zylinderKlassen 2 bis 3 sind vollkommen ausreichend, bei h\u00f6heren Anforderungen oder h\u00f6heren Belastungen sollte eine h\u00f6here Qualit\u00e4tsklasse gew\u00e4hlt werden.<\/li>\n<li>Belastungsgrenzen: Abh\u00e4ngig von Ihren individuellen Anforderungen sollte auch die maximale Belastung des b\u00fcrostuhl zylindersber\u00fccksichtigt werden. Die Standardbelastungsgrenze liegt bei 180-200 kg, es sind aber auch h\u00f6here Belastungen m\u00f6glich.<\/li>\n<li>Garantie und G\u00fctesiegel: Achten Sie beim Kauf auch auf die Herstellergarantie, damit Sie das Produkt problemlos zur\u00fcckgeben k\u00f6nnen, auch wenn es schon lange in Gebrauch ist. Das G\u00fctesiegel garantiert au\u00dferdem, dass die Qualit\u00e4t Ihres Luftdruckd\u00e4mpfers gepr\u00fcft wurde und von h\u00f6chster G\u00fcte ist.<\/li>\n<\/ul>\n<p><strong>Gasdruckfede Anwendung<\/strong><br \/>\n<img class=\"lazyload\" decoding=\"async\" src=\"data:image\/gif;base64,R0lGODlhAQABAAAAACH5BAEKAAEALAAAAAABAAEAAAICTAEAOw==\" data-orig-src=\"https:\/\/www.gastac.com\/wp-content\/uploads\/2023\/06\/burostuhl-zylinder-400x400.jpg\" alt=\"Gasdruckfedern B\u00fcrostuhl\" \/><img class=\"lazyload\" decoding=\"async\" src=\"data:image\/gif;base64,R0lGODlhAQABAAAAACH5BAEKAAEALAAAAAABAAEAAAICTAEAOw==\" data-orig-src=\"https:\/\/www.gastac.com\/wp-content\/uploads\/2023\/06\/dampfer-burostuhl-400x400.jpg\" alt=\"Gasdruckfedern B\u00fcrostuhl\" \/><\/p>\n","protected":false},"excerpt":{"rendered":"<p>Gasdruckfedern B\u00fcrostuhl Worauf muss ich beim Kauf eines neuen gasdruckfedern b\u00fcrostuhls\u00a0achten? Um Geld und Ressourcen zu sparen, ist es ratsam,  [&#8230;]<\/p>\n","protected":false},"featured_media":20021,"comment_status":"open","ping_status":"closed","template":"","meta":[],"product_brand":[],"product_cat":[109],"product_tag":[],"class_list":{"0":"post-20002","1":"product","2":"type-product","3":"status-publish","4":"has-post-thumbnail","6":"product_cat-nicht-kategorisiert","8":"first","9":"instock","10":"shipping-taxable","11":"product-type-simple"},"yoast_head":"<!-- This site is optimized with the Yoast SEO Premium plugin v26.2 (Yoast SEO v27.3) - https:\/\/yoast.com\/product\/yoast-seo-premium-wordpress\/ -->\n<title>Gasdruckfedern B\u00fcrostuhl | Gastac Gas Spring<\/title>\n<meta name=\"robots\" content=\"index, follow, max-snippet:-1, max-image-preview:large, max-video-preview:-1\" \/>\n<link rel=\"canonical\" href=\"https:\/\/www.gastac.com\/de\/produkt\/gasdruckfedern-buerostuhl\/\" \/>\n<meta property=\"og:locale\" content=\"de_DE\" \/>\n<meta property=\"og:type\" content=\"article\" \/>\n<meta property=\"og:title\" content=\"Gasdruckfedern B\u00fcrostuhl\" \/>\n<meta property=\"og:description\" content=\"Gasdruckfedern B\u00fcrostuhl Worauf muss ich beim Kauf eines neuen gasdruckfedern b\u00fcrostuhls\u00a0achten? Um Geld und Ressourcen zu sparen, ist es ratsam, [...]\" \/>\n<meta property=\"og:url\" content=\"https:\/\/www.gastac.com\/de\/produkt\/gasdruckfedern-buerostuhl\/\" \/>\n<meta property=\"og:site_name\" content=\"Gastac Gas Spring\" \/>\n<meta property=\"article:publisher\" content=\"https:\/\/www.facebook.com\/profile.php?id=100092358464608\" \/>\n<meta property=\"article:modified_time\" content=\"2025-11-13T07:46:47+00:00\" \/>\n<meta property=\"og:image\" content=\"https:\/\/www.gastac.com\/wp-content\/uploads\/2025\/11\/burostuhl-gasdruckfeder-1-600x622-5.webp\" \/>\n\t<meta property=\"og:image:width\" content=\"600\" \/>\n\t<meta property=\"og:image:height\" content=\"622\" \/>\n\t<meta property=\"og:image:type\" content=\"image\/webp\" \/>\n<meta name=\"twitter:card\" content=\"summary_large_image\" \/>\n<meta name=\"twitter:label1\" content=\"Gesch\u00e4tzte Lesezeit\" \/>\n\t<meta name=\"twitter:data1\" content=\"3\u00a0Minuten\" \/>\n<script type=\"application\/ld+json\" class=\"yoast-schema-graph\">{\"@context\":\"https:\\\/\\\/schema.org\",\"@graph\":[{\"@type\":\"WebPage\",\"@id\":\"https:\\\/\\\/www.gastac.com\\\/de\\\/produkt\\\/gasdruckfedern-buerostuhl\\\/\",\"url\":\"https:\\\/\\\/www.gastac.com\\\/de\\\/produkt\\\/gasdruckfedern-buerostuhl\\\/\",\"name\":\"Gasdruckfedern B\u00fcrostuhl | Gastac Gas Spring\",\"isPartOf\":{\"@id\":\"https:\\\/\\\/www.gastac.com\\\/de\\\/#website\"},\"primaryImageOfPage\":{\"@id\":\"https:\\\/\\\/www.gastac.com\\\/de\\\/produkt\\\/gasdruckfedern-buerostuhl\\\/#primaryimage\"},\"image\":{\"@id\":\"https:\\\/\\\/www.gastac.com\\\/de\\\/produkt\\\/gasdruckfedern-buerostuhl\\\/#primaryimage\"},\"thumbnailUrl\":\"https:\\\/\\\/www.gastac.com\\\/wp-content\\\/uploads\\\/2025\\\/11\\\/burostuhl-gasdruckfeder-1-600x622-5.webp\",\"datePublished\":\"2025-11-13T07:46:05+00:00\",\"dateModified\":\"2025-11-13T07:46:47+00:00\",\"breadcrumb\":{\"@id\":\"https:\\\/\\\/www.gastac.com\\\/de\\\/produkt\\\/gasdruckfedern-buerostuhl\\\/#breadcrumb\"},\"inLanguage\":\"de\",\"potentialAction\":[{\"@type\":\"ReadAction\",\"target\":[\"https:\\\/\\\/www.gastac.com\\\/de\\\/produkt\\\/gasdruckfedern-buerostuhl\\\/\"]}]},{\"@type\":\"ImageObject\",\"inLanguage\":\"de\",\"@id\":\"https:\\\/\\\/www.gastac.com\\\/de\\\/produkt\\\/gasdruckfedern-buerostuhl\\\/#primaryimage\",\"url\":\"https:\\\/\\\/www.gastac.com\\\/wp-content\\\/uploads\\\/2025\\\/11\\\/burostuhl-gasdruckfeder-1-600x622-5.webp\",\"contentUrl\":\"https:\\\/\\\/www.gastac.com\\\/wp-content\\\/uploads\\\/2025\\\/11\\\/burostuhl-gasdruckfeder-1-600x622-5.webp\",\"width\":600,\"height\":622,\"caption\":\"burostuhl gasdruckfeder 1 600x622\"},{\"@type\":\"BreadcrumbList\",\"@id\":\"https:\\\/\\\/www.gastac.com\\\/de\\\/produkt\\\/gasdruckfedern-buerostuhl\\\/#breadcrumb\",\"itemListElement\":[{\"@type\":\"ListItem\",\"position\":1,\"name\":\"Home\",\"item\":\"https:\\\/\\\/www.gastac.com\\\/de\\\/\"},{\"@type\":\"ListItem\",\"position\":2,\"name\":\"products\",\"item\":\"https:\\\/\\\/www.gastac.com\\\/de\\\/products\\\/\"},{\"@type\":\"ListItem\",\"position\":3,\"name\":\"Nicht kategorisiert\",\"item\":\"https:\\\/\\\/www.gastac.com\\\/de\\\/product-category\\\/nicht-kategorisiert\\\/\"},{\"@type\":\"ListItem\",\"position\":4,\"name\":\"Gasdruckfedern B\u00fcrostuhl\"}]},{\"@type\":\"WebSite\",\"@id\":\"https:\\\/\\\/www.gastac.com\\\/de\\\/#website\",\"url\":\"https:\\\/\\\/www.gastac.com\\\/de\\\/\",\"name\":\"Gastac Gas Spring\",\"description\":\"China\u2019s Leading Gas Springs &amp; Struts Manufacturer\",\"publisher\":{\"@id\":\"https:\\\/\\\/www.gastac.com\\\/de\\\/#organization\"},\"potentialAction\":[{\"@type\":\"SearchAction\",\"target\":{\"@type\":\"EntryPoint\",\"urlTemplate\":\"https:\\\/\\\/www.gastac.com\\\/de\\\/?s={search_term_string}\"},\"query-input\":{\"@type\":\"PropertyValueSpecification\",\"valueRequired\":true,\"valueName\":\"search_term_string\"}}],\"inLanguage\":\"de\"},{\"@type\":\"Organization\",\"@id\":\"https:\\\/\\\/www.gastac.com\\\/de\\\/#organization\",\"name\":\"Ningbo Gastac Gas Spring Co.,Ltd\",\"url\":\"https:\\\/\\\/www.gastac.com\\\/de\\\/\",\"logo\":{\"@type\":\"ImageObject\",\"inLanguage\":\"de\",\"@id\":\"https:\\\/\\\/www.gastac.com\\\/de\\\/#\\\/schema\\\/logo\\\/image\\\/\",\"url\":\"https:\\\/\\\/www.gastac.com\\\/wp-content\\\/uploads\\\/2025\\\/09\\\/LOGO\u672c\u8272-\u9ed1.webp\",\"contentUrl\":\"https:\\\/\\\/www.gastac.com\\\/wp-content\\\/uploads\\\/2025\\\/09\\\/LOGO\u672c\u8272-\u9ed1.webp\",\"width\":1920,\"height\":1080,\"caption\":\"Ningbo Gastac Gas Spring Co.,Ltd\"},\"image\":{\"@id\":\"https:\\\/\\\/www.gastac.com\\\/de\\\/#\\\/schema\\\/logo\\\/image\\\/\"},\"sameAs\":[\"https:\\\/\\\/www.facebook.com\\\/profile.php?id=100092358464608\",\"https:\\\/\\\/www.youtube.com\\\/@Gastac-Gas-Spring\",\"https:\\\/\\\/www.linkedin.com\\\/in\\\/gastac-gas-spring\\\/\",\"https:\\\/\\\/www.instagram.com\\\/gastacgasspring\\\/\"]}]}<\/script>\n<!-- \/ Yoast SEO Premium plugin. -->","yoast_head_json":{"title":"Gasdruckfedern B\u00fcrostuhl | Gastac Gas Spring","robots":{"index":"index","follow":"follow","max-snippet":"max-snippet:-1","max-image-preview":"max-image-preview:large","max-video-preview":"max-video-preview:-1"},"canonical":"https:\/\/www.gastac.com\/de\/produkt\/gasdruckfedern-buerostuhl\/","og_locale":"de_DE","og_type":"article","og_title":"Gasdruckfedern B\u00fcrostuhl","og_description":"Gasdruckfedern B\u00fcrostuhl Worauf muss ich beim Kauf eines neuen gasdruckfedern b\u00fcrostuhls\u00a0achten? Um Geld und Ressourcen zu sparen, ist es ratsam, [...]","og_url":"https:\/\/www.gastac.com\/de\/produkt\/gasdruckfedern-buerostuhl\/","og_site_name":"Gastac Gas Spring","article_publisher":"https:\/\/www.facebook.com\/profile.php?id=100092358464608","article_modified_time":"2025-11-13T07:46:47+00:00","og_image":[{"width":600,"height":622,"url":"https:\/\/www.gastac.com\/wp-content\/uploads\/2025\/11\/burostuhl-gasdruckfeder-1-600x622-5.webp","type":"image\/webp"}],"twitter_card":"summary_large_image","twitter_misc":{"Gesch\u00e4tzte Lesezeit":"3\u00a0Minuten"},"schema":{"@context":"https:\/\/schema.org","@graph":[{"@type":"WebPage","@id":"https:\/\/www.gastac.com\/de\/produkt\/gasdruckfedern-buerostuhl\/","url":"https:\/\/www.gastac.com\/de\/produkt\/gasdruckfedern-buerostuhl\/","name":"Gasdruckfedern B\u00fcrostuhl | Gastac Gas Spring","isPartOf":{"@id":"https:\/\/www.gastac.com\/de\/#website"},"primaryImageOfPage":{"@id":"https:\/\/www.gastac.com\/de\/produkt\/gasdruckfedern-buerostuhl\/#primaryimage"},"image":{"@id":"https:\/\/www.gastac.com\/de\/produkt\/gasdruckfedern-buerostuhl\/#primaryimage"},"thumbnailUrl":"https:\/\/www.gastac.com\/wp-content\/uploads\/2025\/11\/burostuhl-gasdruckfeder-1-600x622-5.webp","datePublished":"2025-11-13T07:46:05+00:00","dateModified":"2025-11-13T07:46:47+00:00","breadcrumb":{"@id":"https:\/\/www.gastac.com\/de\/produkt\/gasdruckfedern-buerostuhl\/#breadcrumb"},"inLanguage":"de","potentialAction":[{"@type":"ReadAction","target":["https:\/\/www.gastac.com\/de\/produkt\/gasdruckfedern-buerostuhl\/"]}]},{"@type":"ImageObject","inLanguage":"de","@id":"https:\/\/www.gastac.com\/de\/produkt\/gasdruckfedern-buerostuhl\/#primaryimage","url":"https:\/\/www.gastac.com\/wp-content\/uploads\/2025\/11\/burostuhl-gasdruckfeder-1-600x622-5.webp","contentUrl":"https:\/\/www.gastac.com\/wp-content\/uploads\/2025\/11\/burostuhl-gasdruckfeder-1-600x622-5.webp","width":600,"height":622,"caption":"burostuhl gasdruckfeder 1 600x622"},{"@type":"BreadcrumbList","@id":"https:\/\/www.gastac.com\/de\/produkt\/gasdruckfedern-buerostuhl\/#breadcrumb","itemListElement":[{"@type":"ListItem","position":1,"name":"Home","item":"https:\/\/www.gastac.com\/de\/"},{"@type":"ListItem","position":2,"name":"products","item":"https:\/\/www.gastac.com\/de\/products\/"},{"@type":"ListItem","position":3,"name":"Nicht kategorisiert","item":"https:\/\/www.gastac.com\/de\/product-category\/nicht-kategorisiert\/"},{"@type":"ListItem","position":4,"name":"Gasdruckfedern B\u00fcrostuhl"}]},{"@type":"WebSite","@id":"https:\/\/www.gastac.com\/de\/#website","url":"https:\/\/www.gastac.com\/de\/","name":"Gastac Gas Spring","description":"China\u2019s Leading Gas Springs &amp; Struts Manufacturer","publisher":{"@id":"https:\/\/www.gastac.com\/de\/#organization"},"potentialAction":[{"@type":"SearchAction","target":{"@type":"EntryPoint","urlTemplate":"https:\/\/www.gastac.com\/de\/?s={search_term_string}"},"query-input":{"@type":"PropertyValueSpecification","valueRequired":true,"valueName":"search_term_string"}}],"inLanguage":"de"},{"@type":"Organization","@id":"https:\/\/www.gastac.com\/de\/#organization","name":"Ningbo Gastac Gas Spring Co.,Ltd","url":"https:\/\/www.gastac.com\/de\/","logo":{"@type":"ImageObject","inLanguage":"de","@id":"https:\/\/www.gastac.com\/de\/#\/schema\/logo\/image\/","url":"https:\/\/www.gastac.com\/wp-content\/uploads\/2025\/09\/LOGO\u672c\u8272-\u9ed1.webp","contentUrl":"https:\/\/www.gastac.com\/wp-content\/uploads\/2025\/09\/LOGO\u672c\u8272-\u9ed1.webp","width":1920,"height":1080,"caption":"Ningbo Gastac Gas Spring Co.,Ltd"},"image":{"@id":"https:\/\/www.gastac.com\/de\/#\/schema\/logo\/image\/"},"sameAs":["https:\/\/www.facebook.com\/profile.php?id=100092358464608","https:\/\/www.youtube.com\/@Gastac-Gas-Spring","https:\/\/www.linkedin.com\/in\/gastac-gas-spring\/","https:\/\/www.instagram.com\/gastacgasspring\/"]}]}},"_links":{"self":[{"href":"https:\/\/www.gastac.com\/de\/wp-json\/wp\/v2\/product\/20002","targetHints":{"allow":["GET"]}}],"collection":[{"href":"https:\/\/www.gastac.com\/de\/wp-json\/wp\/v2\/product"}],"about":[{"href":"https:\/\/www.gastac.com\/de\/wp-json\/wp\/v2\/types\/product"}],"replies":[{"embeddable":true,"href":"https:\/\/www.gastac.com\/de\/wp-json\/wp\/v2\/comments?post=20002"}],"wp:featuredmedia":[{"embeddable":true,"href":"https:\/\/www.gastac.com\/de\/wp-json\/wp\/v2\/media\/20021"}],"wp:attachment":[{"href":"https:\/\/www.gastac.com\/de\/wp-json\/wp\/v2\/media?parent=20002"}],"wp:term":[{"taxonomy":"product_brand","embeddable":true,"href":"https:\/\/www.gastac.com\/de\/wp-json\/wp\/v2\/product_brand?post=20002"},{"taxonomy":"product_cat","embeddable":true,"href":"https:\/\/www.gastac.com\/de\/wp-json\/wp\/v2\/product_cat?post=20002"},{"taxonomy":"product_tag","embeddable":true,"href":"https:\/\/www.gastac.com\/de\/wp-json\/wp\/v2\/product_tag?post=20002"}],"curies":[{"name":"wp","href":"https:\/\/api.w.org\/{rel}","templated":true}]}}