{"id":19983,"date":"2025-11-13T07:37:40","date_gmt":"2025-11-13T07:37:40","guid":{"rendered":"https:\/\/www.gastac.com\/?post_type=product&#038;p=19983"},"modified":"2025-11-13T07:37:40","modified_gmt":"2025-11-13T07:37:40","slug":"gasdruckdaempfer-edelstahl","status":"publish","type":"product","link":"https:\/\/www.gastac.com\/de\/produkt\/gasdruckdaempfer-edelstahl\/","title":{"rendered":"Gasdruckd\u00e4mpfer Edelstahl"},"content":{"rendered":"<p><strong>Gasdruckd\u00e4mpfer Edelstahl<\/strong><\/p>\n<p>Standard-Gasfedern gibt es in vielen L\u00e4ngen, St\u00e4rken und Varianten und werden zudem aus hochkorrosionsbest\u00e4ndigen Materialien hergestellt.<\/p>\n<p>Gastac verwendet bei der Herstellung von Edelstahl-edelstahl gasdruckd\u00e4mpfer hochwertige Materialien. Sie sind nicht nur wasserdicht, sondern k\u00f6nnen auch in Lebensmittel-, Chemie- und Meerwasseranwendungen eingesetzt werden.<\/p>\n<p>gasdruckd\u00e4mpfer edelstahl\u00a0erf\u00fcllt die besonderen anforderungen diesels bereiche und wird dort eingesetzt, wo besondere anforderungen an hygiene oder korrosionsbest\u00e4ndigkeit gestellt werden.<\/p>\n<p>Sie sind auf der Suche nach einer Edelstahl-Gasdruckfeder? Der gasdruckfeder-Edelstahl-Shop\u00a0ist Ihre w\u00fcrdige Wahl bei gastac-com-591077.hostingersite.com<\/p>\n<p>Wir verkaufen Industriegasfedern \/ Gasfedern. Allgemein anwendbar, zum Beispiel:<\/p>\n<p>\u2013 Verkauf von Anh\u00e4ngern, Pferdekutschen, diversen Anh\u00e4ngern<\/p>\n<p>\u2013 Dachboxen, Dachtr\u00e4ger<\/p>\n<p>\u2013 M\u00f6bel, Bett, Schrank<\/p>\n<p>\u2013 Dachluken, Dachtreppen<\/p>\n<p>\u2013 Beh\u00e4lter<\/p>\n<p>\u2013 Fahrzeugbau<\/p>\n<p>\u2013 Solarium<\/p>\n<p>\u2013 Hindernis<\/p>\n<p>\u2013 Poller, Pollersysteme, Pollersysteme<\/p>\n<p>\u2013 Gasfeder aus Edelstahl<\/p>\n<p>\u2013 Barhocker, Schreibtische, Sessel<\/p>\n<p>\u2013 Bett<\/p>\n<p><strong>Edelstahl-Gasdruckfedern Einbauma\u00dfe<\/strong><\/p>\n<table width=\"982\">\n<thead>\n<tr>\n<th align=\"left\">SPEZIFIKATION<\/th>\n<th align=\"left\">FORCE(N)<\/th>\n<th align=\"left\">STROKE(MM)<\/th>\n<th align=\"left\">C-C LENGTH(MM)<\/th>\n<th align=\"left\">CONNECTORS<\/th>\n<\/tr>\n<\/thead>\n<tbody>\n<tr>\n<td>YQ10-22-260-725(B-L)500N<\/td>\n<td>500<\/td>\n<td>260<\/td>\n<td>725<\/td>\n<td>B-L<\/td>\n<\/tr>\n<tr>\n<td>YQ10-22-213-570(B-B)700N<\/td>\n<td>700<\/td>\n<td>213<\/td>\n<td>570<\/td>\n<td>B-B<\/td>\n<\/tr>\n<tr>\n<td>YQ10-22-220-532(B-B)450N<\/td>\n<td>450<\/td>\n<td>220<\/td>\n<td>532<\/td>\n<td>B-B<\/td>\n<\/tr>\n<tr>\n<td>YQ10-22-248-585(O-O)650N<\/td>\n<td>650<\/td>\n<td>248<\/td>\n<td>585<\/td>\n<td>O-O<\/td>\n<\/tr>\n<tr>\n<td>YQ10-22-260-625(B-B)300N<\/td>\n<td>300<\/td>\n<td>260<\/td>\n<td>625<\/td>\n<td>B-B<\/td>\n<\/tr>\n<tr>\n<td>YQ10-22-170-560(U-U)450N<\/td>\n<td>450<\/td>\n<td>170<\/td>\n<td>560<\/td>\n<td>U-U<\/td>\n<\/tr>\n<tr>\n<td>YQ10-22-260-630(B-B)300N<\/td>\n<td>300<\/td>\n<td>260<\/td>\n<td>630<\/td>\n<td>B-B<\/td>\n<\/tr>\n<tr>\n<td>YQ10-22-250-593.5(O-O)550N<\/td>\n<td>550<\/td>\n<td>250<\/td>\n<td>593.5<\/td>\n<td>O-O<\/td>\n<\/tr>\n<tr>\n<td>YQ10-22-270-642(O-O)450N<\/td>\n<td>450<\/td>\n<td>270<\/td>\n<td>642<\/td>\n<td>O-O<\/td>\n<\/tr>\n<tr>\n<td>YQ10-22-298-690(B-B)600N<\/td>\n<td>600<\/td>\n<td>298<\/td>\n<td>690<\/td>\n<td>B-B<\/td>\n<\/tr>\n<tr>\n<td>YQ10-22-280-680(B-B)300N<\/td>\n<td>300<\/td>\n<td>280<\/td>\n<td>680<\/td>\n<td>B-B<\/td>\n<\/tr>\n<tr>\n<td>YQ10-22-233-632(O-O)530N<\/td>\n<td>530<\/td>\n<td>233<\/td>\n<td>632<\/td>\n<td>O-O<\/td>\n<\/tr>\n<\/tbody>\n<\/table>\n<p><strong>Gasdruckd\u00e4mpfer Edelstahl Application<\/strong><br \/>\n<img decoding=\"async\" class=\"lazyload \" src=\"data:image\/svg+xml,%3Csvg%20xmlns%3D%27http%3A%2F%2Fwww.w3.org%2F2000%2Fsvg%27%20width%3D%27248%27%20height%3D%27372%27%20viewBox%3D%270%200%20248%20372%27%3E%3Crect%20width%3D%27248%27%20height%3D%27372%27%20fill-opacity%3D%220%22%2F%3E%3C%2Fsvg%3E\" data-orig-src=\"https:\/\/gastac.com\/wp-content\/uploads\/2023\/06\/edelstahl-gasdruckdampfer-4.jpg\" alt=\"Gasdruckd\u00e4mpfer Edelstahl \" width=\"248\" height=\"372\" \/><img decoding=\"async\" class=\"lazyload \" src=\"data:image\/svg+xml,%3Csvg%20xmlns%3D%27http%3A%2F%2Fwww.w3.org%2F2000%2Fsvg%27%20width%3D%27277%27%20height%3D%27372%27%20viewBox%3D%270%200%20277%20372%27%3E%3Crect%20width%3D%27277%27%20height%3D%27372%27%20fill-opacity%3D%220%22%2F%3E%3C%2Fsvg%3E\" data-orig-src=\"https:\/\/gastac.com\/wp-content\/uploads\/2023\/06\/gasdruckfeder-edelstahl-5.jpg\" alt=\"Gasdruckd\u00e4mpfer Edelstahl \" width=\"277\" height=\"372\" \/><img decoding=\"async\" class=\"lazyload \" src=\"data:image\/svg+xml,%3Csvg%20xmlns%3D%27http%3A%2F%2Fwww.w3.org%2F2000%2Fsvg%27%20width%3D%27342%27%20height%3D%27370%27%20viewBox%3D%270%200%20342%20370%27%3E%3Crect%20width%3D%27342%27%20height%3D%27370%27%20fill-opacity%3D%220%22%2F%3E%3C%2Fsvg%3E\" data-orig-src=\"https:\/\/gastac.com\/wp-content\/uploads\/2023\/06\/gasfeder-edelstahl-3.jpg\" alt=\"Gasdruckd\u00e4mpfer Edelstahl \" width=\"342\" height=\"370\" \/><\/p>\n","protected":false},"excerpt":{"rendered":"<p>Gasdruckd\u00e4mpfer Edelstahl Standard-Gasfedern gibt es in vielen L\u00e4ngen, St\u00e4rken und Varianten und werden zudem aus hochkorrosionsbest\u00e4ndigen Materialien hergestellt. Gastac verwendet  [&#8230;]<\/p>\n","protected":false},"featured_media":19987,"comment_status":"open","ping_status":"closed","template":"","meta":[],"product_brand":[],"product_cat":[109],"product_tag":[],"class_list":{"0":"post-19983","1":"product","2":"type-product","3":"status-publish","4":"has-post-thumbnail","6":"product_cat-nicht-kategorisiert","8":"first","9":"instock","10":"shipping-taxable","11":"product-type-simple"},"yoast_head":"<!-- This site is optimized with the Yoast SEO Premium plugin v26.2 (Yoast SEO v27.4) - https:\/\/yoast.com\/product\/yoast-seo-premium-wordpress\/ -->\n<title>Gasdruckd\u00e4mpfer Edelstahl | Gastac Gas Spring<\/title>\n<meta name=\"robots\" content=\"index, follow, max-snippet:-1, max-image-preview:large, max-video-preview:-1\" \/>\n<link rel=\"canonical\" href=\"https:\/\/www.gastac.com\/de\/produkt\/gasdruckdaempfer-edelstahl\/\" \/>\n<meta property=\"og:locale\" content=\"de_DE\" \/>\n<meta property=\"og:type\" content=\"article\" \/>\n<meta property=\"og:title\" content=\"Gasdruckd\u00e4mpfer Edelstahl\" \/>\n<meta property=\"og:description\" content=\"Gasdruckd\u00e4mpfer Edelstahl Standard-Gasfedern gibt es in vielen L\u00e4ngen, St\u00e4rken und Varianten und werden zudem aus hochkorrosionsbest\u00e4ndigen Materialien hergestellt. Gastac verwendet [...]\" \/>\n<meta property=\"og:url\" content=\"https:\/\/www.gastac.com\/de\/produkt\/gasdruckdaempfer-edelstahl\/\" \/>\n<meta property=\"og:site_name\" content=\"Gastac Gas Spring\" \/>\n<meta property=\"article:publisher\" content=\"https:\/\/www.facebook.com\/profile.php?id=100092358464608\" \/>\n<meta property=\"og:image\" content=\"https:\/\/www.gastac.com\/wp-content\/uploads\/2025\/11\/gasdruckfeder-edelstahl-2-2.webp\" \/>\n\t<meta property=\"og:image:width\" content=\"600\" \/>\n\t<meta property=\"og:image:height\" content=\"600\" \/>\n\t<meta property=\"og:image:type\" content=\"image\/webp\" \/>\n<meta name=\"twitter:card\" content=\"summary_large_image\" \/>\n<meta name=\"twitter:label1\" content=\"Gesch\u00e4tzte Lesezeit\" \/>\n\t<meta name=\"twitter:data1\" content=\"1\u00a0Minute\" \/>\n<script type=\"application\/ld+json\" class=\"yoast-schema-graph\">{\"@context\":\"https:\\\/\\\/schema.org\",\"@graph\":[{\"@type\":\"WebPage\",\"@id\":\"https:\\\/\\\/www.gastac.com\\\/de\\\/produkt\\\/gasdruckdaempfer-edelstahl\\\/\",\"url\":\"https:\\\/\\\/www.gastac.com\\\/de\\\/produkt\\\/gasdruckdaempfer-edelstahl\\\/\",\"name\":\"Gasdruckd\u00e4mpfer Edelstahl | Gastac Gas Spring\",\"isPartOf\":{\"@id\":\"https:\\\/\\\/www.gastac.com\\\/de\\\/#website\"},\"primaryImageOfPage\":{\"@id\":\"https:\\\/\\\/www.gastac.com\\\/de\\\/produkt\\\/gasdruckdaempfer-edelstahl\\\/#primaryimage\"},\"image\":{\"@id\":\"https:\\\/\\\/www.gastac.com\\\/de\\\/produkt\\\/gasdruckdaempfer-edelstahl\\\/#primaryimage\"},\"thumbnailUrl\":\"https:\\\/\\\/www.gastac.com\\\/wp-content\\\/uploads\\\/2025\\\/11\\\/gasdruckfeder-edelstahl-2-2.webp\",\"datePublished\":\"2025-11-13T07:37:40+00:00\",\"breadcrumb\":{\"@id\":\"https:\\\/\\\/www.gastac.com\\\/de\\\/produkt\\\/gasdruckdaempfer-edelstahl\\\/#breadcrumb\"},\"inLanguage\":\"de\",\"potentialAction\":[{\"@type\":\"ReadAction\",\"target\":[\"https:\\\/\\\/www.gastac.com\\\/de\\\/produkt\\\/gasdruckdaempfer-edelstahl\\\/\"]}]},{\"@type\":\"ImageObject\",\"inLanguage\":\"de\",\"@id\":\"https:\\\/\\\/www.gastac.com\\\/de\\\/produkt\\\/gasdruckdaempfer-edelstahl\\\/#primaryimage\",\"url\":\"https:\\\/\\\/www.gastac.com\\\/wp-content\\\/uploads\\\/2025\\\/11\\\/gasdruckfeder-edelstahl-2-2.webp\",\"contentUrl\":\"https:\\\/\\\/www.gastac.com\\\/wp-content\\\/uploads\\\/2025\\\/11\\\/gasdruckfeder-edelstahl-2-2.webp\",\"width\":600,\"height\":600,\"caption\":\"gasdruckfeder edelstahl 2 2\"},{\"@type\":\"BreadcrumbList\",\"@id\":\"https:\\\/\\\/www.gastac.com\\\/de\\\/produkt\\\/gasdruckdaempfer-edelstahl\\\/#breadcrumb\",\"itemListElement\":[{\"@type\":\"ListItem\",\"position\":1,\"name\":\"Home\",\"item\":\"https:\\\/\\\/www.gastac.com\\\/de\\\/\"},{\"@type\":\"ListItem\",\"position\":2,\"name\":\"products\",\"item\":\"https:\\\/\\\/www.gastac.com\\\/de\\\/products\\\/\"},{\"@type\":\"ListItem\",\"position\":3,\"name\":\"Nicht kategorisiert\",\"item\":\"https:\\\/\\\/www.gastac.com\\\/de\\\/product-category\\\/nicht-kategorisiert\\\/\"},{\"@type\":\"ListItem\",\"position\":4,\"name\":\"Gasdruckd\u00e4mpfer Edelstahl\"}]},{\"@type\":\"WebSite\",\"@id\":\"https:\\\/\\\/www.gastac.com\\\/de\\\/#website\",\"url\":\"https:\\\/\\\/www.gastac.com\\\/de\\\/\",\"name\":\"Gastac Gas Spring\",\"description\":\"China\u2019s Leading Gas Springs &amp; Struts Manufacturer\",\"publisher\":{\"@id\":\"https:\\\/\\\/www.gastac.com\\\/de\\\/#organization\"},\"potentialAction\":[{\"@type\":\"SearchAction\",\"target\":{\"@type\":\"EntryPoint\",\"urlTemplate\":\"https:\\\/\\\/www.gastac.com\\\/de\\\/?s={search_term_string}\"},\"query-input\":{\"@type\":\"PropertyValueSpecification\",\"valueRequired\":true,\"valueName\":\"search_term_string\"}}],\"inLanguage\":\"de\"},{\"@type\":\"Organization\",\"@id\":\"https:\\\/\\\/www.gastac.com\\\/de\\\/#organization\",\"name\":\"Ningbo Gastac Gas Spring Co.,Ltd\",\"url\":\"https:\\\/\\\/www.gastac.com\\\/de\\\/\",\"logo\":{\"@type\":\"ImageObject\",\"inLanguage\":\"de\",\"@id\":\"https:\\\/\\\/www.gastac.com\\\/de\\\/#\\\/schema\\\/logo\\\/image\\\/\",\"url\":\"https:\\\/\\\/www.gastac.com\\\/wp-content\\\/uploads\\\/2025\\\/09\\\/LOGO\u672c\u8272-\u9ed1.webp\",\"contentUrl\":\"https:\\\/\\\/www.gastac.com\\\/wp-content\\\/uploads\\\/2025\\\/09\\\/LOGO\u672c\u8272-\u9ed1.webp\",\"width\":1920,\"height\":1080,\"caption\":\"Ningbo Gastac Gas Spring Co.,Ltd\"},\"image\":{\"@id\":\"https:\\\/\\\/www.gastac.com\\\/de\\\/#\\\/schema\\\/logo\\\/image\\\/\"},\"sameAs\":[\"https:\\\/\\\/www.facebook.com\\\/profile.php?id=100092358464608\",\"https:\\\/\\\/www.youtube.com\\\/@Gastac-Gas-Spring\",\"https:\\\/\\\/www.linkedin.com\\\/in\\\/gastac-gas-spring\\\/\",\"https:\\\/\\\/www.instagram.com\\\/gastacgasspring\\\/\"]}]}<\/script>\n<!-- \/ Yoast SEO Premium plugin. -->","yoast_head_json":{"title":"Gasdruckd\u00e4mpfer Edelstahl | Gastac Gas Spring","robots":{"index":"index","follow":"follow","max-snippet":"max-snippet:-1","max-image-preview":"max-image-preview:large","max-video-preview":"max-video-preview:-1"},"canonical":"https:\/\/www.gastac.com\/de\/produkt\/gasdruckdaempfer-edelstahl\/","og_locale":"de_DE","og_type":"article","og_title":"Gasdruckd\u00e4mpfer Edelstahl","og_description":"Gasdruckd\u00e4mpfer Edelstahl Standard-Gasfedern gibt es in vielen L\u00e4ngen, St\u00e4rken und Varianten und werden zudem aus hochkorrosionsbest\u00e4ndigen Materialien hergestellt. Gastac verwendet [...]","og_url":"https:\/\/www.gastac.com\/de\/produkt\/gasdruckdaempfer-edelstahl\/","og_site_name":"Gastac Gas Spring","article_publisher":"https:\/\/www.facebook.com\/profile.php?id=100092358464608","og_image":[{"width":600,"height":600,"url":"https:\/\/www.gastac.com\/wp-content\/uploads\/2025\/11\/gasdruckfeder-edelstahl-2-2.webp","type":"image\/webp"}],"twitter_card":"summary_large_image","twitter_misc":{"Gesch\u00e4tzte Lesezeit":"1\u00a0Minute"},"schema":{"@context":"https:\/\/schema.org","@graph":[{"@type":"WebPage","@id":"https:\/\/www.gastac.com\/de\/produkt\/gasdruckdaempfer-edelstahl\/","url":"https:\/\/www.gastac.com\/de\/produkt\/gasdruckdaempfer-edelstahl\/","name":"Gasdruckd\u00e4mpfer Edelstahl | Gastac Gas Spring","isPartOf":{"@id":"https:\/\/www.gastac.com\/de\/#website"},"primaryImageOfPage":{"@id":"https:\/\/www.gastac.com\/de\/produkt\/gasdruckdaempfer-edelstahl\/#primaryimage"},"image":{"@id":"https:\/\/www.gastac.com\/de\/produkt\/gasdruckdaempfer-edelstahl\/#primaryimage"},"thumbnailUrl":"https:\/\/www.gastac.com\/wp-content\/uploads\/2025\/11\/gasdruckfeder-edelstahl-2-2.webp","datePublished":"2025-11-13T07:37:40+00:00","breadcrumb":{"@id":"https:\/\/www.gastac.com\/de\/produkt\/gasdruckdaempfer-edelstahl\/#breadcrumb"},"inLanguage":"de","potentialAction":[{"@type":"ReadAction","target":["https:\/\/www.gastac.com\/de\/produkt\/gasdruckdaempfer-edelstahl\/"]}]},{"@type":"ImageObject","inLanguage":"de","@id":"https:\/\/www.gastac.com\/de\/produkt\/gasdruckdaempfer-edelstahl\/#primaryimage","url":"https:\/\/www.gastac.com\/wp-content\/uploads\/2025\/11\/gasdruckfeder-edelstahl-2-2.webp","contentUrl":"https:\/\/www.gastac.com\/wp-content\/uploads\/2025\/11\/gasdruckfeder-edelstahl-2-2.webp","width":600,"height":600,"caption":"gasdruckfeder edelstahl 2 2"},{"@type":"BreadcrumbList","@id":"https:\/\/www.gastac.com\/de\/produkt\/gasdruckdaempfer-edelstahl\/#breadcrumb","itemListElement":[{"@type":"ListItem","position":1,"name":"Home","item":"https:\/\/www.gastac.com\/de\/"},{"@type":"ListItem","position":2,"name":"products","item":"https:\/\/www.gastac.com\/de\/products\/"},{"@type":"ListItem","position":3,"name":"Nicht kategorisiert","item":"https:\/\/www.gastac.com\/de\/product-category\/nicht-kategorisiert\/"},{"@type":"ListItem","position":4,"name":"Gasdruckd\u00e4mpfer Edelstahl"}]},{"@type":"WebSite","@id":"https:\/\/www.gastac.com\/de\/#website","url":"https:\/\/www.gastac.com\/de\/","name":"Gastac Gas Spring","description":"China\u2019s Leading Gas Springs &amp; Struts Manufacturer","publisher":{"@id":"https:\/\/www.gastac.com\/de\/#organization"},"potentialAction":[{"@type":"SearchAction","target":{"@type":"EntryPoint","urlTemplate":"https:\/\/www.gastac.com\/de\/?s={search_term_string}"},"query-input":{"@type":"PropertyValueSpecification","valueRequired":true,"valueName":"search_term_string"}}],"inLanguage":"de"},{"@type":"Organization","@id":"https:\/\/www.gastac.com\/de\/#organization","name":"Ningbo Gastac Gas Spring Co.,Ltd","url":"https:\/\/www.gastac.com\/de\/","logo":{"@type":"ImageObject","inLanguage":"de","@id":"https:\/\/www.gastac.com\/de\/#\/schema\/logo\/image\/","url":"https:\/\/www.gastac.com\/wp-content\/uploads\/2025\/09\/LOGO\u672c\u8272-\u9ed1.webp","contentUrl":"https:\/\/www.gastac.com\/wp-content\/uploads\/2025\/09\/LOGO\u672c\u8272-\u9ed1.webp","width":1920,"height":1080,"caption":"Ningbo Gastac Gas Spring Co.,Ltd"},"image":{"@id":"https:\/\/www.gastac.com\/de\/#\/schema\/logo\/image\/"},"sameAs":["https:\/\/www.facebook.com\/profile.php?id=100092358464608","https:\/\/www.youtube.com\/@Gastac-Gas-Spring","https:\/\/www.linkedin.com\/in\/gastac-gas-spring\/","https:\/\/www.instagram.com\/gastacgasspring\/"]}]}},"_links":{"self":[{"href":"https:\/\/www.gastac.com\/de\/wp-json\/wp\/v2\/product\/19983","targetHints":{"allow":["GET"]}}],"collection":[{"href":"https:\/\/www.gastac.com\/de\/wp-json\/wp\/v2\/product"}],"about":[{"href":"https:\/\/www.gastac.com\/de\/wp-json\/wp\/v2\/types\/product"}],"replies":[{"embeddable":true,"href":"https:\/\/www.gastac.com\/de\/wp-json\/wp\/v2\/comments?post=19983"}],"wp:featuredmedia":[{"embeddable":true,"href":"https:\/\/www.gastac.com\/de\/wp-json\/wp\/v2\/media\/19987"}],"wp:attachment":[{"href":"https:\/\/www.gastac.com\/de\/wp-json\/wp\/v2\/media?parent=19983"}],"wp:term":[{"taxonomy":"product_brand","embeddable":true,"href":"https:\/\/www.gastac.com\/de\/wp-json\/wp\/v2\/product_brand?post=19983"},{"taxonomy":"product_cat","embeddable":true,"href":"https:\/\/www.gastac.com\/de\/wp-json\/wp\/v2\/product_cat?post=19983"},{"taxonomy":"product_tag","embeddable":true,"href":"https:\/\/www.gastac.com\/de\/wp-json\/wp\/v2\/product_tag?post=19983"}],"curies":[{"name":"wp","href":"https:\/\/api.w.org\/{rel}","templated":true}]}}