{"id":19548,"date":"2025-11-13T01:34:28","date_gmt":"2025-11-13T01:34:28","guid":{"rendered":"https:\/\/www.gastac.com\/?post_type=product&#038;p=19548"},"modified":"2025-11-13T01:34:29","modified_gmt":"2025-11-13T01:34:29","slug":"gasdruckdaempfer-moebel","status":"publish","type":"product","link":"https:\/\/www.gastac.com\/de\/produkt\/gasdruckdaempfer-moebel\/","title":{"rendered":"Gasdruckd\u00e4mpfer M\u00f6bel"},"content":{"rendered":"<p><strong>Gasdruckd\u00e4mpfer M\u00f6bel<\/strong><\/p>\n<div>\n<p>Gasfeder\u00a0klappe\u00a0von Gastac f\u00fcr M\u00f6belbez\u00fcge, inklusive Befestigungsset und Schrauben.<\/p>\n<p>Diese Gasfeder hebt die Klappe an, h\u00e4lt sie offen und sorgt f\u00fcr ein leises und ged\u00e4mpftes Schlie\u00dfen.<\/p>\n<p>Diese Gasfedern sind sehr einfach zu montieren, wartungsfrei und sehr formsch\u00f6n.<\/p>\n<p>Kraftunterst\u00fctztes \u00d6ffnen der Klappe<\/p>\n<p>Bleiben Sie sicher und offen<\/p>\n<p>Die D\u00e4mpfung beim \u00d6ffnen und Schlie\u00dfen vermittelt einen hochwertigen Eindruck<\/p>\n<p>Einfache Konstruktion<\/p>\n<p>wartungsfrei<\/p>\n<p>Der Gasdruckd\u00e4mpfer M\u00f6bel\u00a0eignet sich f\u00fcr kleine Klappen in K\u00fcchenschr\u00e4nken, B\u00fcroschr\u00e4nken, Schr\u00e4nken usw.<\/p>\n<p>implementieren:<\/p>\n<p>50 Newton (N)<\/p>\n<p>60 Newton (N)<\/p>\n<p>80 Newton (N)<\/p>\n<p>100 Newton (N)<\/p>\n<p>120 Newton (N)<\/p>\n<p>150 Newton (N)<\/p>\n<\/div>\n<div><strong>Gasdruckfede Anwendung<\/strong><\/div>\n<p><img decoding=\"async\" class=\"lazyload \" src=\"data:image\/svg+xml,%3Csvg%20xmlns%3D%27http%3A%2F%2Fwww.w3.org%2F2000%2Fsvg%27%20width%3D%27280%27%20height%3D%27280%27%20viewBox%3D%270%200%20280%20280%27%3E%3Crect%20width%3D%27280%27%20height%3D%27280%27%20fill-opacity%3D%220%22%2F%3E%3C%2Fsvg%3E\" data-orig-src=\"https:\/\/www.gastac.com\/wp-content\/uploads\/2023\/06\/gasdruckdampfer-mobel.jpg\" alt=\"Gasdruckd\u00e4mpfer M\u00f6bel\" width=\"280\" height=\"280\" \/><img class=\"lazyload\" decoding=\"async\" src=\"data:image\/gif;base64,R0lGODlhAQABAAAAACH5BAEKAAEALAAAAAABAAEAAAICTAEAOw==\" data-orig-src=\"https:\/\/gastac.com\/wp-content\/uploads\/2023\/06\/gasdruckfeder-tur-1.jpg\" alt=\"Gasdruckd\u00e4mpfer M\u00f6bel\" \/><\/p>\n","protected":false},"excerpt":{"rendered":"<p>Gasdruckd\u00e4mpfer M\u00f6bel Gasfeder\u00a0klappe\u00a0von Gastac f\u00fcr M\u00f6belbez\u00fcge, inklusive Befestigungsset und Schrauben. Diese Gasfeder hebt die Klappe an, h\u00e4lt sie offen und  [&#8230;]<\/p>\n","protected":false},"featured_media":19554,"comment_status":"open","ping_status":"closed","template":"","meta":[],"product_brand":[],"product_cat":[109],"product_tag":[],"class_list":{"0":"post-19548","1":"product","2":"type-product","3":"status-publish","4":"has-post-thumbnail","6":"product_cat-nicht-kategorisiert","8":"first","9":"instock","10":"shipping-taxable","11":"product-type-simple"},"yoast_head":"<!-- This site is optimized with the Yoast SEO Premium plugin v26.2 (Yoast SEO v27.4) - https:\/\/yoast.com\/product\/yoast-seo-premium-wordpress\/ -->\n<title>Gasdruckd\u00e4mpfer M\u00f6bel | Gastac Gas Spring<\/title>\n<meta name=\"robots\" content=\"index, follow, max-snippet:-1, max-image-preview:large, max-video-preview:-1\" \/>\n<link rel=\"canonical\" href=\"https:\/\/www.gastac.com\/de\/produkt\/gasdruckdaempfer-moebel\/\" \/>\n<meta property=\"og:locale\" content=\"de_DE\" \/>\n<meta property=\"og:type\" content=\"article\" \/>\n<meta property=\"og:title\" content=\"Gasdruckd\u00e4mpfer M\u00f6bel\" \/>\n<meta property=\"og:description\" content=\"Gasdruckd\u00e4mpfer M\u00f6bel Gasfeder\u00a0klappe\u00a0von Gastac f\u00fcr M\u00f6belbez\u00fcge, inklusive Befestigungsset und Schrauben. Diese Gasfeder hebt die Klappe an, h\u00e4lt sie offen und [...]\" \/>\n<meta property=\"og:url\" content=\"https:\/\/www.gastac.com\/de\/produkt\/gasdruckdaempfer-moebel\/\" \/>\n<meta property=\"og:site_name\" content=\"Gastac Gas Spring\" \/>\n<meta property=\"article:publisher\" content=\"https:\/\/www.facebook.com\/profile.php?id=100092358464608\" \/>\n<meta property=\"article:modified_time\" content=\"2025-11-13T01:34:29+00:00\" \/>\n<meta property=\"og:image\" content=\"https:\/\/www.gastac.com\/wp-content\/uploads\/2025\/11\/klappenbeschlag-gasdruckfeder-1-600x600-4.webp\" \/>\n\t<meta property=\"og:image:width\" content=\"600\" \/>\n\t<meta property=\"og:image:height\" content=\"600\" \/>\n\t<meta property=\"og:image:type\" content=\"image\/webp\" \/>\n<meta name=\"twitter:card\" content=\"summary_large_image\" \/>\n<meta name=\"twitter:label1\" content=\"Gesch\u00e4tzte Lesezeit\" \/>\n\t<meta name=\"twitter:data1\" content=\"1\u00a0Minute\" \/>\n<script type=\"application\/ld+json\" class=\"yoast-schema-graph\">{\"@context\":\"https:\\\/\\\/schema.org\",\"@graph\":[{\"@type\":\"WebPage\",\"@id\":\"https:\\\/\\\/www.gastac.com\\\/de\\\/produkt\\\/gasdruckdaempfer-moebel\\\/\",\"url\":\"https:\\\/\\\/www.gastac.com\\\/de\\\/produkt\\\/gasdruckdaempfer-moebel\\\/\",\"name\":\"Gasdruckd\u00e4mpfer M\u00f6bel | Gastac Gas Spring\",\"isPartOf\":{\"@id\":\"https:\\\/\\\/www.gastac.com\\\/de\\\/#website\"},\"primaryImageOfPage\":{\"@id\":\"https:\\\/\\\/www.gastac.com\\\/de\\\/produkt\\\/gasdruckdaempfer-moebel\\\/#primaryimage\"},\"image\":{\"@id\":\"https:\\\/\\\/www.gastac.com\\\/de\\\/produkt\\\/gasdruckdaempfer-moebel\\\/#primaryimage\"},\"thumbnailUrl\":\"https:\\\/\\\/www.gastac.com\\\/wp-content\\\/uploads\\\/2025\\\/11\\\/klappenbeschlag-gasdruckfeder-1-600x600-4.webp\",\"datePublished\":\"2025-11-13T01:34:28+00:00\",\"dateModified\":\"2025-11-13T01:34:29+00:00\",\"breadcrumb\":{\"@id\":\"https:\\\/\\\/www.gastac.com\\\/de\\\/produkt\\\/gasdruckdaempfer-moebel\\\/#breadcrumb\"},\"inLanguage\":\"de\",\"potentialAction\":[{\"@type\":\"ReadAction\",\"target\":[\"https:\\\/\\\/www.gastac.com\\\/de\\\/produkt\\\/gasdruckdaempfer-moebel\\\/\"]}]},{\"@type\":\"ImageObject\",\"inLanguage\":\"de\",\"@id\":\"https:\\\/\\\/www.gastac.com\\\/de\\\/produkt\\\/gasdruckdaempfer-moebel\\\/#primaryimage\",\"url\":\"https:\\\/\\\/www.gastac.com\\\/wp-content\\\/uploads\\\/2025\\\/11\\\/klappenbeschlag-gasdruckfeder-1-600x600-4.webp\",\"contentUrl\":\"https:\\\/\\\/www.gastac.com\\\/wp-content\\\/uploads\\\/2025\\\/11\\\/klappenbeschlag-gasdruckfeder-1-600x600-4.webp\",\"width\":600,\"height\":600,\"caption\":\"klappenbeschlag gasdruckfeder 1 600x600\"},{\"@type\":\"BreadcrumbList\",\"@id\":\"https:\\\/\\\/www.gastac.com\\\/de\\\/produkt\\\/gasdruckdaempfer-moebel\\\/#breadcrumb\",\"itemListElement\":[{\"@type\":\"ListItem\",\"position\":1,\"name\":\"Home\",\"item\":\"https:\\\/\\\/www.gastac.com\\\/de\\\/\"},{\"@type\":\"ListItem\",\"position\":2,\"name\":\"products\",\"item\":\"https:\\\/\\\/www.gastac.com\\\/de\\\/products\\\/\"},{\"@type\":\"ListItem\",\"position\":3,\"name\":\"Nicht kategorisiert\",\"item\":\"https:\\\/\\\/www.gastac.com\\\/de\\\/product-category\\\/nicht-kategorisiert\\\/\"},{\"@type\":\"ListItem\",\"position\":4,\"name\":\"Gasdruckd\u00e4mpfer M\u00f6bel\"}]},{\"@type\":\"WebSite\",\"@id\":\"https:\\\/\\\/www.gastac.com\\\/de\\\/#website\",\"url\":\"https:\\\/\\\/www.gastac.com\\\/de\\\/\",\"name\":\"Gastac Gas Spring\",\"description\":\"China\u2019s Leading Gas Springs &amp; Struts Manufacturer\",\"publisher\":{\"@id\":\"https:\\\/\\\/www.gastac.com\\\/de\\\/#organization\"},\"potentialAction\":[{\"@type\":\"SearchAction\",\"target\":{\"@type\":\"EntryPoint\",\"urlTemplate\":\"https:\\\/\\\/www.gastac.com\\\/de\\\/?s={search_term_string}\"},\"query-input\":{\"@type\":\"PropertyValueSpecification\",\"valueRequired\":true,\"valueName\":\"search_term_string\"}}],\"inLanguage\":\"de\"},{\"@type\":\"Organization\",\"@id\":\"https:\\\/\\\/www.gastac.com\\\/de\\\/#organization\",\"name\":\"Ningbo Gastac Gas Spring Co.,Ltd\",\"url\":\"https:\\\/\\\/www.gastac.com\\\/de\\\/\",\"logo\":{\"@type\":\"ImageObject\",\"inLanguage\":\"de\",\"@id\":\"https:\\\/\\\/www.gastac.com\\\/de\\\/#\\\/schema\\\/logo\\\/image\\\/\",\"url\":\"https:\\\/\\\/www.gastac.com\\\/wp-content\\\/uploads\\\/2025\\\/09\\\/LOGO\u672c\u8272-\u9ed1.webp\",\"contentUrl\":\"https:\\\/\\\/www.gastac.com\\\/wp-content\\\/uploads\\\/2025\\\/09\\\/LOGO\u672c\u8272-\u9ed1.webp\",\"width\":1920,\"height\":1080,\"caption\":\"Ningbo Gastac Gas Spring Co.,Ltd\"},\"image\":{\"@id\":\"https:\\\/\\\/www.gastac.com\\\/de\\\/#\\\/schema\\\/logo\\\/image\\\/\"},\"sameAs\":[\"https:\\\/\\\/www.facebook.com\\\/profile.php?id=100092358464608\",\"https:\\\/\\\/www.youtube.com\\\/@Gastac-Gas-Spring\",\"https:\\\/\\\/www.linkedin.com\\\/in\\\/gastac-gas-spring\\\/\",\"https:\\\/\\\/www.instagram.com\\\/gastacgasspring\\\/\"]}]}<\/script>\n<!-- \/ Yoast SEO Premium plugin. -->","yoast_head_json":{"title":"Gasdruckd\u00e4mpfer M\u00f6bel | Gastac Gas Spring","robots":{"index":"index","follow":"follow","max-snippet":"max-snippet:-1","max-image-preview":"max-image-preview:large","max-video-preview":"max-video-preview:-1"},"canonical":"https:\/\/www.gastac.com\/de\/produkt\/gasdruckdaempfer-moebel\/","og_locale":"de_DE","og_type":"article","og_title":"Gasdruckd\u00e4mpfer M\u00f6bel","og_description":"Gasdruckd\u00e4mpfer M\u00f6bel Gasfeder\u00a0klappe\u00a0von Gastac f\u00fcr M\u00f6belbez\u00fcge, inklusive Befestigungsset und Schrauben. Diese Gasfeder hebt die Klappe an, h\u00e4lt sie offen und [...]","og_url":"https:\/\/www.gastac.com\/de\/produkt\/gasdruckdaempfer-moebel\/","og_site_name":"Gastac Gas Spring","article_publisher":"https:\/\/www.facebook.com\/profile.php?id=100092358464608","article_modified_time":"2025-11-13T01:34:29+00:00","og_image":[{"width":600,"height":600,"url":"https:\/\/www.gastac.com\/wp-content\/uploads\/2025\/11\/klappenbeschlag-gasdruckfeder-1-600x600-4.webp","type":"image\/webp"}],"twitter_card":"summary_large_image","twitter_misc":{"Gesch\u00e4tzte Lesezeit":"1\u00a0Minute"},"schema":{"@context":"https:\/\/schema.org","@graph":[{"@type":"WebPage","@id":"https:\/\/www.gastac.com\/de\/produkt\/gasdruckdaempfer-moebel\/","url":"https:\/\/www.gastac.com\/de\/produkt\/gasdruckdaempfer-moebel\/","name":"Gasdruckd\u00e4mpfer M\u00f6bel | Gastac Gas Spring","isPartOf":{"@id":"https:\/\/www.gastac.com\/de\/#website"},"primaryImageOfPage":{"@id":"https:\/\/www.gastac.com\/de\/produkt\/gasdruckdaempfer-moebel\/#primaryimage"},"image":{"@id":"https:\/\/www.gastac.com\/de\/produkt\/gasdruckdaempfer-moebel\/#primaryimage"},"thumbnailUrl":"https:\/\/www.gastac.com\/wp-content\/uploads\/2025\/11\/klappenbeschlag-gasdruckfeder-1-600x600-4.webp","datePublished":"2025-11-13T01:34:28+00:00","dateModified":"2025-11-13T01:34:29+00:00","breadcrumb":{"@id":"https:\/\/www.gastac.com\/de\/produkt\/gasdruckdaempfer-moebel\/#breadcrumb"},"inLanguage":"de","potentialAction":[{"@type":"ReadAction","target":["https:\/\/www.gastac.com\/de\/produkt\/gasdruckdaempfer-moebel\/"]}]},{"@type":"ImageObject","inLanguage":"de","@id":"https:\/\/www.gastac.com\/de\/produkt\/gasdruckdaempfer-moebel\/#primaryimage","url":"https:\/\/www.gastac.com\/wp-content\/uploads\/2025\/11\/klappenbeschlag-gasdruckfeder-1-600x600-4.webp","contentUrl":"https:\/\/www.gastac.com\/wp-content\/uploads\/2025\/11\/klappenbeschlag-gasdruckfeder-1-600x600-4.webp","width":600,"height":600,"caption":"klappenbeschlag gasdruckfeder 1 600x600"},{"@type":"BreadcrumbList","@id":"https:\/\/www.gastac.com\/de\/produkt\/gasdruckdaempfer-moebel\/#breadcrumb","itemListElement":[{"@type":"ListItem","position":1,"name":"Home","item":"https:\/\/www.gastac.com\/de\/"},{"@type":"ListItem","position":2,"name":"products","item":"https:\/\/www.gastac.com\/de\/products\/"},{"@type":"ListItem","position":3,"name":"Nicht kategorisiert","item":"https:\/\/www.gastac.com\/de\/product-category\/nicht-kategorisiert\/"},{"@type":"ListItem","position":4,"name":"Gasdruckd\u00e4mpfer M\u00f6bel"}]},{"@type":"WebSite","@id":"https:\/\/www.gastac.com\/de\/#website","url":"https:\/\/www.gastac.com\/de\/","name":"Gastac Gas Spring","description":"China\u2019s Leading Gas Springs &amp; Struts Manufacturer","publisher":{"@id":"https:\/\/www.gastac.com\/de\/#organization"},"potentialAction":[{"@type":"SearchAction","target":{"@type":"EntryPoint","urlTemplate":"https:\/\/www.gastac.com\/de\/?s={search_term_string}"},"query-input":{"@type":"PropertyValueSpecification","valueRequired":true,"valueName":"search_term_string"}}],"inLanguage":"de"},{"@type":"Organization","@id":"https:\/\/www.gastac.com\/de\/#organization","name":"Ningbo Gastac Gas Spring Co.,Ltd","url":"https:\/\/www.gastac.com\/de\/","logo":{"@type":"ImageObject","inLanguage":"de","@id":"https:\/\/www.gastac.com\/de\/#\/schema\/logo\/image\/","url":"https:\/\/www.gastac.com\/wp-content\/uploads\/2025\/09\/LOGO\u672c\u8272-\u9ed1.webp","contentUrl":"https:\/\/www.gastac.com\/wp-content\/uploads\/2025\/09\/LOGO\u672c\u8272-\u9ed1.webp","width":1920,"height":1080,"caption":"Ningbo Gastac Gas Spring Co.,Ltd"},"image":{"@id":"https:\/\/www.gastac.com\/de\/#\/schema\/logo\/image\/"},"sameAs":["https:\/\/www.facebook.com\/profile.php?id=100092358464608","https:\/\/www.youtube.com\/@Gastac-Gas-Spring","https:\/\/www.linkedin.com\/in\/gastac-gas-spring\/","https:\/\/www.instagram.com\/gastacgasspring\/"]}]}},"_links":{"self":[{"href":"https:\/\/www.gastac.com\/de\/wp-json\/wp\/v2\/product\/19548","targetHints":{"allow":["GET"]}}],"collection":[{"href":"https:\/\/www.gastac.com\/de\/wp-json\/wp\/v2\/product"}],"about":[{"href":"https:\/\/www.gastac.com\/de\/wp-json\/wp\/v2\/types\/product"}],"replies":[{"embeddable":true,"href":"https:\/\/www.gastac.com\/de\/wp-json\/wp\/v2\/comments?post=19548"}],"wp:featuredmedia":[{"embeddable":true,"href":"https:\/\/www.gastac.com\/de\/wp-json\/wp\/v2\/media\/19554"}],"wp:attachment":[{"href":"https:\/\/www.gastac.com\/de\/wp-json\/wp\/v2\/media?parent=19548"}],"wp:term":[{"taxonomy":"product_brand","embeddable":true,"href":"https:\/\/www.gastac.com\/de\/wp-json\/wp\/v2\/product_brand?post=19548"},{"taxonomy":"product_cat","embeddable":true,"href":"https:\/\/www.gastac.com\/de\/wp-json\/wp\/v2\/product_cat?post=19548"},{"taxonomy":"product_tag","embeddable":true,"href":"https:\/\/www.gastac.com\/de\/wp-json\/wp\/v2\/product_tag?post=19548"}],"curies":[{"name":"wp","href":"https:\/\/api.w.org\/{rel}","templated":true}]}}