{"id":19543,"date":"2025-11-13T01:29:56","date_gmt":"2025-11-13T01:29:56","guid":{"rendered":"https:\/\/www.gastac.com\/?post_type=product&#038;p=19543"},"modified":"2025-11-13T01:29:57","modified_gmt":"2025-11-13T01:29:57","slug":"vw-t3-heckklappendaempfer","status":"publish","type":"product","link":"https:\/\/www.gastac.com\/de\/produkt\/vw-t3-heckklappendaempfer\/","title":{"rendered":"VW T3 Heckklappend\u00e4mpfer"},"content":{"rendered":"<p><strong>VW T3 Heckklappend\u00e4mpfer<\/strong><\/p>\n<p>Wenn Sie auf der Suche nach einer Heckklappenbet\u00e4tigung sind, die sich fast mit einem Finger bedienen l\u00e4sst, ist der Heckklappend\u00e4mpfer von Gastac die Antwort. Der Sto\u00dfd\u00e4mpfer f\u00fcr Heckklappe erm\u00f6glicht eine einfache Handhabung auch mit voll beladenen H\u00e4nden und vermeidet das laute Knallger\u00e4usch beim Zuschlagen der Heckklappe.<\/p>\n<p>Die Heckklappenstreben sind die Stelle, die die meiste Aufmerksamkeit verdient. Wie ein Federbein in der Aufh\u00e4ngung erm\u00f6glicht der D\u00e4mpfer f\u00fcr Heckklappe Bewegung. Wenn die Strebe besch\u00e4digt ist, haben Sie Schwierigkeiten, die Heckklappe zu bedienen.<\/p>\n<p>Wenn es sich bei Ihrem Auto um ein VW-Auto handelt, kann diese einfache Erg\u00e4nzung zum Heckklappend\u00e4mpfer VW T3, Heckklappend\u00e4mpfer VW Touran die Lebensdauer der Heckklappe verl\u00e4ngern und die Sicherheit des Bedieners, einschlie\u00dflich der Kinder, die eine helfende Hand ben\u00f6tigen, gew\u00e4hrleisten.<\/p>\n<p>Unser Heckklappend\u00e4mpfer VW Touran wurde ausgiebig auf die Funktionsf\u00e4higkeit mit Werkskabeln getestet. Alle Montageteile sind im Lieferumfang enthalten und f\u00fcr die Installation sind keine Bohrungen erforderlich. Gastac hat f\u00fcr jedes VW-Modell einen vollst\u00e4ndig kompatiblen VW-Heckklappend\u00e4mpfer entwickelt, der den Einbau zum Kinderspiel macht.<\/p>\n<p><strong>KOFFERRAUM D\u00c4MPFER F\u00dcR IHREN TRANSPORTER T3 KASTENWAGEN-MODELLTYP<\/strong><\/p>\n<p>Heckklappend\u00e4mpfer VW Transporter T3 Kastenwagen 1.6 (37 kW \/ 50 PS)<\/p>\n<p>Heckklappend\u00e4mpfer VW Transporter T3 Kastenwagen 1.6 D (37 kW \/ 50 PS)<\/p>\n<p>Heckklappend\u00e4mpfer VW Transporter T3 Kastenwagen 1.6 TD (51 kW \/ 69 PS)<\/p>\n<p>Heckklappend\u00e4mpfer VW Transporter T3 Kastenwagen 1.6 TD Syncro (51 kW \/ 69 PS)<\/p>\n<p>Heckklappend\u00e4mpfer Transporter T3 Kastenwagen 1.7 D (42 kW \/ 57 PS)<\/p>\n<p>Heckklappend\u00e4mpfer Transporter T3 Kastenwagen 1.7 D (42 kW \/ 57 PS)<\/p>\n<p>Heckklappend\u00e4mpfer Transporter T3 Kastenwagen 1.9 (44 kW \/ 60 PS)<\/p>\n<p>Heckklappend\u00e4mpfer Transporter T3 Kastenwagen 1.9 (57 kW \/ 78 PS)<\/p>\n<p>Transporter T3 Kastenwagen 1.9 (66 kW \/ 90 PS) 08.1983 \u2013 02.1989<\/p>\n<p>Transporter T3 Kastenwagen 1.9 (61 kW \/ 83 PS) 10.1984 \u2013 02.1989<\/p>\n<p>Transporter T3 Kastenwagen 1.9 Syncro (57 kW \/ 78 PS) 11.1984 \u2013 07.1992<\/p>\n<p>Transporter T3 Kastenwagen 2.0 (51 kW \/ 69 PS) 05.1979 \u2013 04.1986<\/p>\n<p>Wir verkaufen Industriegasfedern \/ Gasfedern. Allgemein anwendbar, zum Beispiel:<br \/>\n\u2013 Verkauf von Anh\u00e4ngern, Pferdekutschen, diversen Anh\u00e4ngern<br \/>\n\u2013 Dachboxen, Dachtr\u00e4ger<br \/>\n\u2013 Motor, Motorhaube<br \/>\n\u2013 Kofferraum, Heckklappe<br \/>\n\u2013 Dachluken, Dachtreppen<br \/>\n\u2013 BMW, Audi, Smart, Nissan, Hyundai, Opel, Skoda, Volkswagen, Ford<br \/>\n\u2013 ETC.<\/p>\n<p>Ben\u00f6tigen Sie eine ganz andere Art von Gasfeder? Schreiben Sie uns und wenn m\u00f6glich senden Sie uns ein Foto des gedruckten Modellnamens per E-Mail sales@gastac-com-591077.hostingersite.com!<\/p>\n<p><strong>Gasdruckfede Anwendung<\/strong><br \/>\n<img class=\"lazyload\" decoding=\"async\" src=\"data:image\/gif;base64,R0lGODlhAQABAAAAACH5BAEKAAEALAAAAAABAAEAAAICTAEAOw==\" data-orig-src=\"https:\/\/www.gastac.com\/wp-content\/uploads\/2023\/06\/vw-t6-heckklappe-dampfer-432x400.png\" alt=\"VW T3 Heckklappend\u00e4mpfer \" \/><img class=\"lazyload\" decoding=\"async\" src=\"data:image\/gif;base64,R0lGODlhAQABAAAAACH5BAEKAAEALAAAAAABAAEAAAICTAEAOw==\" data-orig-src=\"https:\/\/www.gastac.com\/wp-content\/uploads\/2023\/06\/verstarkte-dampfer-heckklappe-t6-399x400.png\" alt=\"VW T3 Heckklappend\u00e4mpfer \" \/><\/p>\n","protected":false},"excerpt":{"rendered":"<p>VW T3 Heckklappend\u00e4mpfer Wenn Sie auf der Suche nach einer Heckklappenbet\u00e4tigung sind, die sich fast mit einem Finger bedienen l\u00e4sst,  [&#8230;]<\/p>\n","protected":false},"featured_media":19547,"comment_status":"open","ping_status":"closed","template":"","meta":[],"product_brand":[],"product_cat":[109],"product_tag":[],"class_list":{"0":"post-19543","1":"product","2":"type-product","3":"status-publish","4":"has-post-thumbnail","6":"product_cat-nicht-kategorisiert","8":"first","9":"instock","10":"shipping-taxable","11":"product-type-simple"},"yoast_head":"<!-- This site is optimized with the Yoast SEO Premium plugin v26.2 (Yoast SEO v27.4) - https:\/\/yoast.com\/product\/yoast-seo-premium-wordpress\/ -->\n<title>VW T3 Heckklappend\u00e4mpfer | Gastac Gas Spring<\/title>\n<meta name=\"robots\" content=\"index, follow, max-snippet:-1, max-image-preview:large, max-video-preview:-1\" \/>\n<link rel=\"canonical\" href=\"https:\/\/www.gastac.com\/de\/produkt\/vw-t3-heckklappendaempfer\/\" \/>\n<meta property=\"og:locale\" content=\"de_DE\" \/>\n<meta property=\"og:type\" content=\"article\" \/>\n<meta property=\"og:title\" content=\"VW T3 Heckklappend\u00e4mpfer\" \/>\n<meta property=\"og:description\" content=\"VW T3 Heckklappend\u00e4mpfer Wenn Sie auf der Suche nach einer Heckklappenbet\u00e4tigung sind, die sich fast mit einem Finger bedienen l\u00e4sst, [...]\" \/>\n<meta property=\"og:url\" content=\"https:\/\/www.gastac.com\/de\/produkt\/vw-t3-heckklappendaempfer\/\" \/>\n<meta property=\"og:site_name\" content=\"Gastac Gas Spring\" \/>\n<meta property=\"article:publisher\" content=\"https:\/\/www.facebook.com\/profile.php?id=100092358464608\" \/>\n<meta property=\"article:modified_time\" content=\"2025-11-13T01:29:57+00:00\" \/>\n<meta property=\"og:image\" content=\"https:\/\/www.gastac.com\/wp-content\/uploads\/2025\/11\/vw-t3-heckklappendampfer.webp\" \/>\n\t<meta property=\"og:image:width\" content=\"350\" \/>\n\t<meta property=\"og:image:height\" content=\"350\" \/>\n\t<meta property=\"og:image:type\" content=\"image\/webp\" \/>\n<meta name=\"twitter:card\" content=\"summary_large_image\" \/>\n<meta name=\"twitter:label1\" content=\"Gesch\u00e4tzte Lesezeit\" \/>\n\t<meta name=\"twitter:data1\" content=\"1\u00a0Minute\" \/>\n<script type=\"application\/ld+json\" class=\"yoast-schema-graph\">{\"@context\":\"https:\\\/\\\/schema.org\",\"@graph\":[{\"@type\":\"WebPage\",\"@id\":\"https:\\\/\\\/www.gastac.com\\\/de\\\/produkt\\\/vw-t3-heckklappendaempfer\\\/\",\"url\":\"https:\\\/\\\/www.gastac.com\\\/de\\\/produkt\\\/vw-t3-heckklappendaempfer\\\/\",\"name\":\"VW T3 Heckklappend\u00e4mpfer | Gastac Gas Spring\",\"isPartOf\":{\"@id\":\"https:\\\/\\\/www.gastac.com\\\/de\\\/#website\"},\"primaryImageOfPage\":{\"@id\":\"https:\\\/\\\/www.gastac.com\\\/de\\\/produkt\\\/vw-t3-heckklappendaempfer\\\/#primaryimage\"},\"image\":{\"@id\":\"https:\\\/\\\/www.gastac.com\\\/de\\\/produkt\\\/vw-t3-heckklappendaempfer\\\/#primaryimage\"},\"thumbnailUrl\":\"https:\\\/\\\/www.gastac.com\\\/wp-content\\\/uploads\\\/2025\\\/11\\\/vw-t3-heckklappendampfer.webp\",\"datePublished\":\"2025-11-13T01:29:56+00:00\",\"dateModified\":\"2025-11-13T01:29:57+00:00\",\"breadcrumb\":{\"@id\":\"https:\\\/\\\/www.gastac.com\\\/de\\\/produkt\\\/vw-t3-heckklappendaempfer\\\/#breadcrumb\"},\"inLanguage\":\"de\",\"potentialAction\":[{\"@type\":\"ReadAction\",\"target\":[\"https:\\\/\\\/www.gastac.com\\\/de\\\/produkt\\\/vw-t3-heckklappendaempfer\\\/\"]}]},{\"@type\":\"ImageObject\",\"inLanguage\":\"de\",\"@id\":\"https:\\\/\\\/www.gastac.com\\\/de\\\/produkt\\\/vw-t3-heckklappendaempfer\\\/#primaryimage\",\"url\":\"https:\\\/\\\/www.gastac.com\\\/wp-content\\\/uploads\\\/2025\\\/11\\\/vw-t3-heckklappendampfer.webp\",\"contentUrl\":\"https:\\\/\\\/www.gastac.com\\\/wp-content\\\/uploads\\\/2025\\\/11\\\/vw-t3-heckklappendampfer.webp\",\"width\":350,\"height\":350,\"caption\":\"vw t3 heckklappendampfer\"},{\"@type\":\"BreadcrumbList\",\"@id\":\"https:\\\/\\\/www.gastac.com\\\/de\\\/produkt\\\/vw-t3-heckklappendaempfer\\\/#breadcrumb\",\"itemListElement\":[{\"@type\":\"ListItem\",\"position\":1,\"name\":\"Home\",\"item\":\"https:\\\/\\\/www.gastac.com\\\/de\\\/\"},{\"@type\":\"ListItem\",\"position\":2,\"name\":\"products\",\"item\":\"https:\\\/\\\/www.gastac.com\\\/de\\\/products\\\/\"},{\"@type\":\"ListItem\",\"position\":3,\"name\":\"Nicht kategorisiert\",\"item\":\"https:\\\/\\\/www.gastac.com\\\/de\\\/product-category\\\/nicht-kategorisiert\\\/\"},{\"@type\":\"ListItem\",\"position\":4,\"name\":\"VW T3 Heckklappend\u00e4mpfer\"}]},{\"@type\":\"WebSite\",\"@id\":\"https:\\\/\\\/www.gastac.com\\\/de\\\/#website\",\"url\":\"https:\\\/\\\/www.gastac.com\\\/de\\\/\",\"name\":\"Gastac Gas Spring\",\"description\":\"China\u2019s Leading Gas Springs &amp; Struts Manufacturer\",\"publisher\":{\"@id\":\"https:\\\/\\\/www.gastac.com\\\/de\\\/#organization\"},\"potentialAction\":[{\"@type\":\"SearchAction\",\"target\":{\"@type\":\"EntryPoint\",\"urlTemplate\":\"https:\\\/\\\/www.gastac.com\\\/de\\\/?s={search_term_string}\"},\"query-input\":{\"@type\":\"PropertyValueSpecification\",\"valueRequired\":true,\"valueName\":\"search_term_string\"}}],\"inLanguage\":\"de\"},{\"@type\":\"Organization\",\"@id\":\"https:\\\/\\\/www.gastac.com\\\/de\\\/#organization\",\"name\":\"Ningbo Gastac Gas Spring Co.,Ltd\",\"url\":\"https:\\\/\\\/www.gastac.com\\\/de\\\/\",\"logo\":{\"@type\":\"ImageObject\",\"inLanguage\":\"de\",\"@id\":\"https:\\\/\\\/www.gastac.com\\\/de\\\/#\\\/schema\\\/logo\\\/image\\\/\",\"url\":\"https:\\\/\\\/www.gastac.com\\\/wp-content\\\/uploads\\\/2025\\\/09\\\/LOGO\u672c\u8272-\u9ed1.webp\",\"contentUrl\":\"https:\\\/\\\/www.gastac.com\\\/wp-content\\\/uploads\\\/2025\\\/09\\\/LOGO\u672c\u8272-\u9ed1.webp\",\"width\":1920,\"height\":1080,\"caption\":\"Ningbo Gastac Gas Spring Co.,Ltd\"},\"image\":{\"@id\":\"https:\\\/\\\/www.gastac.com\\\/de\\\/#\\\/schema\\\/logo\\\/image\\\/\"},\"sameAs\":[\"https:\\\/\\\/www.facebook.com\\\/profile.php?id=100092358464608\",\"https:\\\/\\\/www.youtube.com\\\/@Gastac-Gas-Spring\",\"https:\\\/\\\/www.linkedin.com\\\/in\\\/gastac-gas-spring\\\/\",\"https:\\\/\\\/www.instagram.com\\\/gastacgasspring\\\/\"]}]}<\/script>\n<!-- \/ Yoast SEO Premium plugin. -->","yoast_head_json":{"title":"VW T3 Heckklappend\u00e4mpfer | Gastac Gas Spring","robots":{"index":"index","follow":"follow","max-snippet":"max-snippet:-1","max-image-preview":"max-image-preview:large","max-video-preview":"max-video-preview:-1"},"canonical":"https:\/\/www.gastac.com\/de\/produkt\/vw-t3-heckklappendaempfer\/","og_locale":"de_DE","og_type":"article","og_title":"VW T3 Heckklappend\u00e4mpfer","og_description":"VW T3 Heckklappend\u00e4mpfer Wenn Sie auf der Suche nach einer Heckklappenbet\u00e4tigung sind, die sich fast mit einem Finger bedienen l\u00e4sst, [...]","og_url":"https:\/\/www.gastac.com\/de\/produkt\/vw-t3-heckklappendaempfer\/","og_site_name":"Gastac Gas Spring","article_publisher":"https:\/\/www.facebook.com\/profile.php?id=100092358464608","article_modified_time":"2025-11-13T01:29:57+00:00","og_image":[{"width":350,"height":350,"url":"https:\/\/www.gastac.com\/wp-content\/uploads\/2025\/11\/vw-t3-heckklappendampfer.webp","type":"image\/webp"}],"twitter_card":"summary_large_image","twitter_misc":{"Gesch\u00e4tzte Lesezeit":"1\u00a0Minute"},"schema":{"@context":"https:\/\/schema.org","@graph":[{"@type":"WebPage","@id":"https:\/\/www.gastac.com\/de\/produkt\/vw-t3-heckklappendaempfer\/","url":"https:\/\/www.gastac.com\/de\/produkt\/vw-t3-heckklappendaempfer\/","name":"VW T3 Heckklappend\u00e4mpfer | Gastac Gas Spring","isPartOf":{"@id":"https:\/\/www.gastac.com\/de\/#website"},"primaryImageOfPage":{"@id":"https:\/\/www.gastac.com\/de\/produkt\/vw-t3-heckklappendaempfer\/#primaryimage"},"image":{"@id":"https:\/\/www.gastac.com\/de\/produkt\/vw-t3-heckklappendaempfer\/#primaryimage"},"thumbnailUrl":"https:\/\/www.gastac.com\/wp-content\/uploads\/2025\/11\/vw-t3-heckklappendampfer.webp","datePublished":"2025-11-13T01:29:56+00:00","dateModified":"2025-11-13T01:29:57+00:00","breadcrumb":{"@id":"https:\/\/www.gastac.com\/de\/produkt\/vw-t3-heckklappendaempfer\/#breadcrumb"},"inLanguage":"de","potentialAction":[{"@type":"ReadAction","target":["https:\/\/www.gastac.com\/de\/produkt\/vw-t3-heckklappendaempfer\/"]}]},{"@type":"ImageObject","inLanguage":"de","@id":"https:\/\/www.gastac.com\/de\/produkt\/vw-t3-heckklappendaempfer\/#primaryimage","url":"https:\/\/www.gastac.com\/wp-content\/uploads\/2025\/11\/vw-t3-heckklappendampfer.webp","contentUrl":"https:\/\/www.gastac.com\/wp-content\/uploads\/2025\/11\/vw-t3-heckklappendampfer.webp","width":350,"height":350,"caption":"vw t3 heckklappendampfer"},{"@type":"BreadcrumbList","@id":"https:\/\/www.gastac.com\/de\/produkt\/vw-t3-heckklappendaempfer\/#breadcrumb","itemListElement":[{"@type":"ListItem","position":1,"name":"Home","item":"https:\/\/www.gastac.com\/de\/"},{"@type":"ListItem","position":2,"name":"products","item":"https:\/\/www.gastac.com\/de\/products\/"},{"@type":"ListItem","position":3,"name":"Nicht kategorisiert","item":"https:\/\/www.gastac.com\/de\/product-category\/nicht-kategorisiert\/"},{"@type":"ListItem","position":4,"name":"VW T3 Heckklappend\u00e4mpfer"}]},{"@type":"WebSite","@id":"https:\/\/www.gastac.com\/de\/#website","url":"https:\/\/www.gastac.com\/de\/","name":"Gastac Gas Spring","description":"China\u2019s Leading Gas Springs &amp; Struts Manufacturer","publisher":{"@id":"https:\/\/www.gastac.com\/de\/#organization"},"potentialAction":[{"@type":"SearchAction","target":{"@type":"EntryPoint","urlTemplate":"https:\/\/www.gastac.com\/de\/?s={search_term_string}"},"query-input":{"@type":"PropertyValueSpecification","valueRequired":true,"valueName":"search_term_string"}}],"inLanguage":"de"},{"@type":"Organization","@id":"https:\/\/www.gastac.com\/de\/#organization","name":"Ningbo Gastac Gas Spring Co.,Ltd","url":"https:\/\/www.gastac.com\/de\/","logo":{"@type":"ImageObject","inLanguage":"de","@id":"https:\/\/www.gastac.com\/de\/#\/schema\/logo\/image\/","url":"https:\/\/www.gastac.com\/wp-content\/uploads\/2025\/09\/LOGO\u672c\u8272-\u9ed1.webp","contentUrl":"https:\/\/www.gastac.com\/wp-content\/uploads\/2025\/09\/LOGO\u672c\u8272-\u9ed1.webp","width":1920,"height":1080,"caption":"Ningbo Gastac Gas Spring Co.,Ltd"},"image":{"@id":"https:\/\/www.gastac.com\/de\/#\/schema\/logo\/image\/"},"sameAs":["https:\/\/www.facebook.com\/profile.php?id=100092358464608","https:\/\/www.youtube.com\/@Gastac-Gas-Spring","https:\/\/www.linkedin.com\/in\/gastac-gas-spring\/","https:\/\/www.instagram.com\/gastacgasspring\/"]}]}},"_links":{"self":[{"href":"https:\/\/www.gastac.com\/de\/wp-json\/wp\/v2\/product\/19543","targetHints":{"allow":["GET"]}}],"collection":[{"href":"https:\/\/www.gastac.com\/de\/wp-json\/wp\/v2\/product"}],"about":[{"href":"https:\/\/www.gastac.com\/de\/wp-json\/wp\/v2\/types\/product"}],"replies":[{"embeddable":true,"href":"https:\/\/www.gastac.com\/de\/wp-json\/wp\/v2\/comments?post=19543"}],"wp:featuredmedia":[{"embeddable":true,"href":"https:\/\/www.gastac.com\/de\/wp-json\/wp\/v2\/media\/19547"}],"wp:attachment":[{"href":"https:\/\/www.gastac.com\/de\/wp-json\/wp\/v2\/media?parent=19543"}],"wp:term":[{"taxonomy":"product_brand","embeddable":true,"href":"https:\/\/www.gastac.com\/de\/wp-json\/wp\/v2\/product_brand?post=19543"},{"taxonomy":"product_cat","embeddable":true,"href":"https:\/\/www.gastac.com\/de\/wp-json\/wp\/v2\/product_cat?post=19543"},{"taxonomy":"product_tag","embeddable":true,"href":"https:\/\/www.gastac.com\/de\/wp-json\/wp\/v2\/product_tag?post=19543"}],"curies":[{"name":"wp","href":"https:\/\/api.w.org\/{rel}","templated":true}]}}