{"id":19505,"date":"2025-11-13T01:13:49","date_gmt":"2025-11-13T01:13:49","guid":{"rendered":"https:\/\/www.gastac.com\/?post_type=product&#038;p=19505"},"modified":"2025-11-13T01:13:50","modified_gmt":"2025-11-13T01:13:50","slug":"gasdruckfeder-buerostuhl","status":"publish","type":"product","link":"https:\/\/www.gastac.com\/de\/produkt\/gasdruckfeder-buerostuhl\/","title":{"rendered":"Gasdruckfeder B\u00fcrostuhl"},"content":{"rendered":"<p><strong>Gasdruckfeder B\u00fcrostuhl<\/strong><\/p>\n<p>B\u00fcrost\u00fchle mit H\u00f6henverstellung\u00a0gasdruckfeder b\u00fcrostuhl<\/p>\n<p>B\u00fcrost\u00fchle werden in B\u00fcros und im privaten Bereich eingesetzt. Dabei ist das Wichtigste: die richtige H\u00f6he.<\/p>\n<p>H\u00f6henverstellbare Drehst\u00fchle beugen R\u00fcckenproblemen vor und sorgen f\u00fcr komfortables Arbeiten.<\/p>\n<p>Mit der stufenlos verstellbaren gasdruckfeder b\u00fcrostuhl\u00a0l\u00e4sst sich der B\u00fcrostuhl auf die gew\u00fcnschte Sitzh\u00f6he einstellen. In unserem Sortiment finden Sie in k\u00fcrzester Zeit den idealen gasdruckfeder b\u00fcrostuhl\u00a0f\u00fcr Ihren B\u00fcrostuhl.<\/p>\n<p>gasdruckfeder b\u00fcrostuhl\u00a0\u2013 unsichtbare Stellschrauben f\u00fcr ergonomisches Sitzen<\/p>\n<p>Der gasdruckfeder b\u00fcrostuhl\u00a0ist ein untersch\u00e4tztes und \u00fcbersehenes Element bei B\u00fcrost\u00fchlen, das aber eine zentrale Rolle f\u00fcr das ergonomische Sitzen am Arbeitsplatz spielt. Als Bindeglied zwischen Fu\u00dfhocker und Stuhlsitz sorgt er f\u00fcr ein optimales Zusammenspiel der Elemente sowie eine individuelle Anpassung in H\u00f6he und Flexibilit\u00e4t. Defekte am B\u00fcrostuhl lassen sich oft auf einen Ausfall der Gasdruckfeder b\u00fcrostuhl\u00a0zur\u00fcckf\u00fchren, in diesem Fall kann sich ein Austausch der Gasdruckfeder b\u00fcrostuhl lohnen.<\/p>\n<p>Wenn die barhocker gasdruckfeder im barhocker bricht<\/p>\n<p>Die barhocker gasdruckfeder\u00a0kann brechen, wenn der Barhocker nicht mehr gen\u00fcgend Federkraft hat oder wenn die Sitzposition etwas tiefer ist. Dies ist insbesondere dann der Fall, wenn die Zugstangen unter der Sitzfl\u00e4che nicht funktionieren.\u00a0barhocker gasdruckfeder\u00a0kann verschiedene Defekte aufweisen. Die Sitzh\u00f6he kann in der Regel nicht mehr ver\u00e4ndert werden. Es kann aber auch vorkommen, dass die barhocker gasdruckfeder\u00a0im Barhocker an Spannung verliert und sich die Sitzfl\u00e4che nach unten bewegt, wenn man auf dem Hocker sitzt. Die Lebensdauer ist je nach Modell unterschiedlich.<\/p>\n<p>Was ist, wenn die\u00a0barhocker gasdruckfeder\u00a0kaputt ist?<\/p>\n<p>Wenn die barhocker gasdruckfeder\u00a0besch\u00e4digt ist und sich die Sitzfl\u00e4che nicht mehr in der H\u00f6he verstellen l\u00e4sst oder wenn die\u00a0barhocker gasdruckfeder\u00a0keinen Druck mehr aus\u00fcbt, muss sie repariert werden. Die Barhocker-Gasdruckfeder selbst kann nicht repariert werden. Es ist zu gef\u00e4hrlich, den Zylinder zu \u00f6ffnen und sich m\u00f6glicherweise zu verletzen. In jedem Fall muss die barhocker gasdruckfeder\u00a0ersetzt werden.<\/p>\n<div><strong>Gasdruckfede Anwendung<\/strong><\/div>\n<p><img class=\"lazyload\" decoding=\"async\" src=\"data:image\/gif;base64,R0lGODlhAQABAAAAACH5BAEKAAEALAAAAAABAAEAAAICTAEAOw==\" data-orig-src=\"https:\/\/www.gastac.com\/wp-content\/uploads\/2023\/06\/stuhl-gasdruckfeder-400x400.jpg\" alt=\"Gasdruckfeder B\u00fcrostuhl \" \/><img class=\"lazyload\" decoding=\"async\" src=\"data:image\/gif;base64,R0lGODlhAQABAAAAACH5BAEKAAEALAAAAAABAAEAAAICTAEAOw==\" data-orig-src=\"https:\/\/www.gastac.com\/wp-content\/uploads\/2023\/06\/gasdruckfeder-stuhl-2-400x400.jpg\" alt=\"Gasdruckfeder B\u00fcrostuhl \" \/><\/p>\n","protected":false},"excerpt":{"rendered":"<p>Gasdruckfeder B\u00fcrostuhl B\u00fcrost\u00fchle mit H\u00f6henverstellung\u00a0gasdruckfeder b\u00fcrostuhl B\u00fcrost\u00fchle werden in B\u00fcros und im privaten Bereich eingesetzt. Dabei ist das Wichtigste: die  [&#8230;]<\/p>\n","protected":false},"featured_media":19509,"comment_status":"open","ping_status":"closed","template":"","meta":[],"product_brand":[],"product_cat":[109],"product_tag":[],"class_list":{"0":"post-19505","1":"product","2":"type-product","3":"status-publish","4":"has-post-thumbnail","6":"product_cat-nicht-kategorisiert","8":"first","9":"instock","10":"shipping-taxable","11":"product-type-simple"},"yoast_head":"<!-- This site is optimized with the Yoast SEO Premium plugin v26.2 (Yoast SEO v27.4) - https:\/\/yoast.com\/product\/yoast-seo-premium-wordpress\/ -->\n<title>Gasdruckfeder B\u00fcrostuhl | Gastac Gas Spring<\/title>\n<meta name=\"robots\" content=\"index, follow, max-snippet:-1, max-image-preview:large, max-video-preview:-1\" \/>\n<link rel=\"canonical\" href=\"https:\/\/www.gastac.com\/de\/produkt\/gasdruckfeder-buerostuhl\/\" \/>\n<meta property=\"og:locale\" content=\"de_DE\" \/>\n<meta property=\"og:type\" content=\"article\" \/>\n<meta property=\"og:title\" content=\"Gasdruckfeder B\u00fcrostuhl\" \/>\n<meta property=\"og:description\" content=\"Gasdruckfeder B\u00fcrostuhl B\u00fcrost\u00fchle mit H\u00f6henverstellung\u00a0gasdruckfeder b\u00fcrostuhl B\u00fcrost\u00fchle werden in B\u00fcros und im privaten Bereich eingesetzt. Dabei ist das Wichtigste: die [...]\" \/>\n<meta property=\"og:url\" content=\"https:\/\/www.gastac.com\/de\/produkt\/gasdruckfeder-buerostuhl\/\" \/>\n<meta property=\"og:site_name\" content=\"Gastac Gas Spring\" \/>\n<meta property=\"article:publisher\" content=\"https:\/\/www.facebook.com\/profile.php?id=100092358464608\" \/>\n<meta property=\"article:modified_time\" content=\"2025-11-13T01:13:50+00:00\" \/>\n<meta property=\"og:image\" content=\"https:\/\/www.gastac.com\/wp-content\/uploads\/2025\/11\/burostuhl-gasdruckfeder-3-600x606-3.webp\" \/>\n\t<meta property=\"og:image:width\" content=\"600\" \/>\n\t<meta property=\"og:image:height\" content=\"606\" \/>\n\t<meta property=\"og:image:type\" content=\"image\/webp\" \/>\n<meta name=\"twitter:card\" content=\"summary_large_image\" \/>\n<meta name=\"twitter:label1\" content=\"Gesch\u00e4tzte Lesezeit\" \/>\n\t<meta name=\"twitter:data1\" content=\"1\u00a0Minute\" \/>\n<script type=\"application\/ld+json\" class=\"yoast-schema-graph\">{\"@context\":\"https:\\\/\\\/schema.org\",\"@graph\":[{\"@type\":\"WebPage\",\"@id\":\"https:\\\/\\\/www.gastac.com\\\/de\\\/produkt\\\/gasdruckfeder-buerostuhl\\\/\",\"url\":\"https:\\\/\\\/www.gastac.com\\\/de\\\/produkt\\\/gasdruckfeder-buerostuhl\\\/\",\"name\":\"Gasdruckfeder B\u00fcrostuhl | Gastac Gas Spring\",\"isPartOf\":{\"@id\":\"https:\\\/\\\/www.gastac.com\\\/de\\\/#website\"},\"primaryImageOfPage\":{\"@id\":\"https:\\\/\\\/www.gastac.com\\\/de\\\/produkt\\\/gasdruckfeder-buerostuhl\\\/#primaryimage\"},\"image\":{\"@id\":\"https:\\\/\\\/www.gastac.com\\\/de\\\/produkt\\\/gasdruckfeder-buerostuhl\\\/#primaryimage\"},\"thumbnailUrl\":\"https:\\\/\\\/www.gastac.com\\\/wp-content\\\/uploads\\\/2025\\\/11\\\/burostuhl-gasdruckfeder-3-600x606-3.webp\",\"datePublished\":\"2025-11-13T01:13:49+00:00\",\"dateModified\":\"2025-11-13T01:13:50+00:00\",\"breadcrumb\":{\"@id\":\"https:\\\/\\\/www.gastac.com\\\/de\\\/produkt\\\/gasdruckfeder-buerostuhl\\\/#breadcrumb\"},\"inLanguage\":\"de\",\"potentialAction\":[{\"@type\":\"ReadAction\",\"target\":[\"https:\\\/\\\/www.gastac.com\\\/de\\\/produkt\\\/gasdruckfeder-buerostuhl\\\/\"]}]},{\"@type\":\"ImageObject\",\"inLanguage\":\"de\",\"@id\":\"https:\\\/\\\/www.gastac.com\\\/de\\\/produkt\\\/gasdruckfeder-buerostuhl\\\/#primaryimage\",\"url\":\"https:\\\/\\\/www.gastac.com\\\/wp-content\\\/uploads\\\/2025\\\/11\\\/burostuhl-gasdruckfeder-3-600x606-3.webp\",\"contentUrl\":\"https:\\\/\\\/www.gastac.com\\\/wp-content\\\/uploads\\\/2025\\\/11\\\/burostuhl-gasdruckfeder-3-600x606-3.webp\",\"width\":600,\"height\":606,\"caption\":\"burostuhl gasdruckfeder 3 600x606\"},{\"@type\":\"BreadcrumbList\",\"@id\":\"https:\\\/\\\/www.gastac.com\\\/de\\\/produkt\\\/gasdruckfeder-buerostuhl\\\/#breadcrumb\",\"itemListElement\":[{\"@type\":\"ListItem\",\"position\":1,\"name\":\"Home\",\"item\":\"https:\\\/\\\/www.gastac.com\\\/de\\\/\"},{\"@type\":\"ListItem\",\"position\":2,\"name\":\"products\",\"item\":\"https:\\\/\\\/www.gastac.com\\\/de\\\/products\\\/\"},{\"@type\":\"ListItem\",\"position\":3,\"name\":\"Nicht kategorisiert\",\"item\":\"https:\\\/\\\/www.gastac.com\\\/de\\\/product-category\\\/nicht-kategorisiert\\\/\"},{\"@type\":\"ListItem\",\"position\":4,\"name\":\"Gasdruckfeder B\u00fcrostuhl\"}]},{\"@type\":\"WebSite\",\"@id\":\"https:\\\/\\\/www.gastac.com\\\/de\\\/#website\",\"url\":\"https:\\\/\\\/www.gastac.com\\\/de\\\/\",\"name\":\"Gastac Gas Spring\",\"description\":\"China\u2019s Leading Gas Springs &amp; Struts Manufacturer\",\"publisher\":{\"@id\":\"https:\\\/\\\/www.gastac.com\\\/de\\\/#organization\"},\"potentialAction\":[{\"@type\":\"SearchAction\",\"target\":{\"@type\":\"EntryPoint\",\"urlTemplate\":\"https:\\\/\\\/www.gastac.com\\\/de\\\/?s={search_term_string}\"},\"query-input\":{\"@type\":\"PropertyValueSpecification\",\"valueRequired\":true,\"valueName\":\"search_term_string\"}}],\"inLanguage\":\"de\"},{\"@type\":\"Organization\",\"@id\":\"https:\\\/\\\/www.gastac.com\\\/de\\\/#organization\",\"name\":\"Ningbo Gastac Gas Spring Co.,Ltd\",\"url\":\"https:\\\/\\\/www.gastac.com\\\/de\\\/\",\"logo\":{\"@type\":\"ImageObject\",\"inLanguage\":\"de\",\"@id\":\"https:\\\/\\\/www.gastac.com\\\/de\\\/#\\\/schema\\\/logo\\\/image\\\/\",\"url\":\"https:\\\/\\\/www.gastac.com\\\/wp-content\\\/uploads\\\/2025\\\/09\\\/LOGO\u672c\u8272-\u9ed1.webp\",\"contentUrl\":\"https:\\\/\\\/www.gastac.com\\\/wp-content\\\/uploads\\\/2025\\\/09\\\/LOGO\u672c\u8272-\u9ed1.webp\",\"width\":1920,\"height\":1080,\"caption\":\"Ningbo Gastac Gas Spring Co.,Ltd\"},\"image\":{\"@id\":\"https:\\\/\\\/www.gastac.com\\\/de\\\/#\\\/schema\\\/logo\\\/image\\\/\"},\"sameAs\":[\"https:\\\/\\\/www.facebook.com\\\/profile.php?id=100092358464608\",\"https:\\\/\\\/www.youtube.com\\\/@Gastac-Gas-Spring\",\"https:\\\/\\\/www.linkedin.com\\\/in\\\/gastac-gas-spring\\\/\",\"https:\\\/\\\/www.instagram.com\\\/gastacgasspring\\\/\"]}]}<\/script>\n<!-- \/ Yoast SEO Premium plugin. -->","yoast_head_json":{"title":"Gasdruckfeder B\u00fcrostuhl | Gastac Gas Spring","robots":{"index":"index","follow":"follow","max-snippet":"max-snippet:-1","max-image-preview":"max-image-preview:large","max-video-preview":"max-video-preview:-1"},"canonical":"https:\/\/www.gastac.com\/de\/produkt\/gasdruckfeder-buerostuhl\/","og_locale":"de_DE","og_type":"article","og_title":"Gasdruckfeder B\u00fcrostuhl","og_description":"Gasdruckfeder B\u00fcrostuhl B\u00fcrost\u00fchle mit H\u00f6henverstellung\u00a0gasdruckfeder b\u00fcrostuhl B\u00fcrost\u00fchle werden in B\u00fcros und im privaten Bereich eingesetzt. Dabei ist das Wichtigste: die [...]","og_url":"https:\/\/www.gastac.com\/de\/produkt\/gasdruckfeder-buerostuhl\/","og_site_name":"Gastac Gas Spring","article_publisher":"https:\/\/www.facebook.com\/profile.php?id=100092358464608","article_modified_time":"2025-11-13T01:13:50+00:00","og_image":[{"width":600,"height":606,"url":"https:\/\/www.gastac.com\/wp-content\/uploads\/2025\/11\/burostuhl-gasdruckfeder-3-600x606-3.webp","type":"image\/webp"}],"twitter_card":"summary_large_image","twitter_misc":{"Gesch\u00e4tzte Lesezeit":"1\u00a0Minute"},"schema":{"@context":"https:\/\/schema.org","@graph":[{"@type":"WebPage","@id":"https:\/\/www.gastac.com\/de\/produkt\/gasdruckfeder-buerostuhl\/","url":"https:\/\/www.gastac.com\/de\/produkt\/gasdruckfeder-buerostuhl\/","name":"Gasdruckfeder B\u00fcrostuhl | Gastac Gas Spring","isPartOf":{"@id":"https:\/\/www.gastac.com\/de\/#website"},"primaryImageOfPage":{"@id":"https:\/\/www.gastac.com\/de\/produkt\/gasdruckfeder-buerostuhl\/#primaryimage"},"image":{"@id":"https:\/\/www.gastac.com\/de\/produkt\/gasdruckfeder-buerostuhl\/#primaryimage"},"thumbnailUrl":"https:\/\/www.gastac.com\/wp-content\/uploads\/2025\/11\/burostuhl-gasdruckfeder-3-600x606-3.webp","datePublished":"2025-11-13T01:13:49+00:00","dateModified":"2025-11-13T01:13:50+00:00","breadcrumb":{"@id":"https:\/\/www.gastac.com\/de\/produkt\/gasdruckfeder-buerostuhl\/#breadcrumb"},"inLanguage":"de","potentialAction":[{"@type":"ReadAction","target":["https:\/\/www.gastac.com\/de\/produkt\/gasdruckfeder-buerostuhl\/"]}]},{"@type":"ImageObject","inLanguage":"de","@id":"https:\/\/www.gastac.com\/de\/produkt\/gasdruckfeder-buerostuhl\/#primaryimage","url":"https:\/\/www.gastac.com\/wp-content\/uploads\/2025\/11\/burostuhl-gasdruckfeder-3-600x606-3.webp","contentUrl":"https:\/\/www.gastac.com\/wp-content\/uploads\/2025\/11\/burostuhl-gasdruckfeder-3-600x606-3.webp","width":600,"height":606,"caption":"burostuhl gasdruckfeder 3 600x606"},{"@type":"BreadcrumbList","@id":"https:\/\/www.gastac.com\/de\/produkt\/gasdruckfeder-buerostuhl\/#breadcrumb","itemListElement":[{"@type":"ListItem","position":1,"name":"Home","item":"https:\/\/www.gastac.com\/de\/"},{"@type":"ListItem","position":2,"name":"products","item":"https:\/\/www.gastac.com\/de\/products\/"},{"@type":"ListItem","position":3,"name":"Nicht kategorisiert","item":"https:\/\/www.gastac.com\/de\/product-category\/nicht-kategorisiert\/"},{"@type":"ListItem","position":4,"name":"Gasdruckfeder B\u00fcrostuhl"}]},{"@type":"WebSite","@id":"https:\/\/www.gastac.com\/de\/#website","url":"https:\/\/www.gastac.com\/de\/","name":"Gastac Gas Spring","description":"China\u2019s Leading Gas Springs &amp; Struts Manufacturer","publisher":{"@id":"https:\/\/www.gastac.com\/de\/#organization"},"potentialAction":[{"@type":"SearchAction","target":{"@type":"EntryPoint","urlTemplate":"https:\/\/www.gastac.com\/de\/?s={search_term_string}"},"query-input":{"@type":"PropertyValueSpecification","valueRequired":true,"valueName":"search_term_string"}}],"inLanguage":"de"},{"@type":"Organization","@id":"https:\/\/www.gastac.com\/de\/#organization","name":"Ningbo Gastac Gas Spring Co.,Ltd","url":"https:\/\/www.gastac.com\/de\/","logo":{"@type":"ImageObject","inLanguage":"de","@id":"https:\/\/www.gastac.com\/de\/#\/schema\/logo\/image\/","url":"https:\/\/www.gastac.com\/wp-content\/uploads\/2025\/09\/LOGO\u672c\u8272-\u9ed1.webp","contentUrl":"https:\/\/www.gastac.com\/wp-content\/uploads\/2025\/09\/LOGO\u672c\u8272-\u9ed1.webp","width":1920,"height":1080,"caption":"Ningbo Gastac Gas Spring Co.,Ltd"},"image":{"@id":"https:\/\/www.gastac.com\/de\/#\/schema\/logo\/image\/"},"sameAs":["https:\/\/www.facebook.com\/profile.php?id=100092358464608","https:\/\/www.youtube.com\/@Gastac-Gas-Spring","https:\/\/www.linkedin.com\/in\/gastac-gas-spring\/","https:\/\/www.instagram.com\/gastacgasspring\/"]}]}},"_links":{"self":[{"href":"https:\/\/www.gastac.com\/de\/wp-json\/wp\/v2\/product\/19505","targetHints":{"allow":["GET"]}}],"collection":[{"href":"https:\/\/www.gastac.com\/de\/wp-json\/wp\/v2\/product"}],"about":[{"href":"https:\/\/www.gastac.com\/de\/wp-json\/wp\/v2\/types\/product"}],"replies":[{"embeddable":true,"href":"https:\/\/www.gastac.com\/de\/wp-json\/wp\/v2\/comments?post=19505"}],"wp:featuredmedia":[{"embeddable":true,"href":"https:\/\/www.gastac.com\/de\/wp-json\/wp\/v2\/media\/19509"}],"wp:attachment":[{"href":"https:\/\/www.gastac.com\/de\/wp-json\/wp\/v2\/media?parent=19505"}],"wp:term":[{"taxonomy":"product_brand","embeddable":true,"href":"https:\/\/www.gastac.com\/de\/wp-json\/wp\/v2\/product_brand?post=19505"},{"taxonomy":"product_cat","embeddable":true,"href":"https:\/\/www.gastac.com\/de\/wp-json\/wp\/v2\/product_cat?post=19505"},{"taxonomy":"product_tag","embeddable":true,"href":"https:\/\/www.gastac.com\/de\/wp-json\/wp\/v2\/product_tag?post=19505"}],"curies":[{"name":"wp","href":"https:\/\/api.w.org\/{rel}","templated":true}]}}