{"id":19492,"date":"2025-11-13T01:04:25","date_gmt":"2025-11-13T01:04:25","guid":{"rendered":"https:\/\/www.gastac.com\/?post_type=product&#038;p=19492"},"modified":"2025-11-13T01:04:25","modified_gmt":"2025-11-13T01:04:25","slug":"audi-a4-b8-heckklappendaempfer","status":"publish","type":"product","link":"https:\/\/www.gastac.com\/de\/produkt\/audi-a4-b8-heckklappendaempfer\/","title":{"rendered":"Audi A4 B8 heckklappend\u00e4mpfer"},"content":{"rendered":"<p><strong>Audi A4 B8 heckklappend\u00e4mpfer<\/strong><\/p>\n<p>Der audi a4 b8 heckklappend\u00e4mpfer\u00a0ist ein integraler Bestandteil der Karosserie des Audi A4 Avant (8K5, B8). Ein verschlissener Heckklappend\u00e4mpfer Audi A4 B8 Avant, der keinen Federdruck mehr hat, ist relativ leicht zu erkennen. Wird die Heckklappe beim Schlie\u00dfen langsam gedr\u00fcckt und schlie\u00dft sich schlie\u00dflich von selbst, ist die Gasfeder nicht mehr wirksam, da der Heckklappend\u00e4mpfer das Gewicht der Heckklappe tr\u00e4gt. Die Heckklappe l\u00e4sst sich nicht mehr anheben. In dieser Situation sollten Sie schnell handeln und den besch\u00e4digten Audi A4 B8 Heckklappend\u00e4mpfer\u00a0in kurzer Zeit austauschen, da dies Ihre Sicherheit und die \u00e4u\u00dfere Attraktivit\u00e4t des Fahrzeugs beeintr\u00e4chtigt. In unserem Online-Shop bieten wir immer audi\u00a0A4 Avant (8K5, B8) Heckklappend\u00e4mpfer original in perfekter Qualit\u00e4t an. Dar\u00fcber hinaus bieten wir Autofahrern die besten Preise und eine einj\u00e4hrige Komponentengarantie.<\/p>\n<p>AUDI A4 8K5, B8 1.8<br \/>\nHeckklappend\u00e4mpfer f\u00fcr AUDI A4 B8 Avant (8K5) 1.8 TFSI 170 PS 2011 \u2013 2015<br \/>\nKofferraumd\u00e4mpfer f\u00fcr Audi A4 B8 Avant 1.8 TFSI 160 PS 2007 \u2013 2012<br \/>\n1.8 TFSI 120 PS 2008\u20132015<br \/>\n1.8 TFSI quattro 170 PS 2011 \u2013 2015<br \/>\n1.8 TFSI quattro 160 PS 2008 \u2013 2012<\/p>\n<p>AUDI A4 8K5, B8 3.0<br \/>\nHeckklappend\u00e4mpfer f\u00fcr AUDI A4 B8 Avant (8K5) 3.0 TDI 233 PS 2009 \u2013 2015<br \/>\nKofferraumd\u00e4mpfer f\u00fcr Audi A4 B8 Avant 3.0 TDI 204 PS 2011 \u2013 2015<br \/>\n3.0 TDI quattro 245 PS 2011 \u2013 2015<br \/>\n3.0 TDI quattro 240 PS 2008 \u2013 2012<br \/>\n3.0 TDI quattro 211 PS 2008 \u2013 2010<br \/>\n3.0 TFSI quattro 272 PS 2012 \u2013 2015<\/p>\n<p>AUDI A4 8K5, B8 S4 3.0<br \/>\nHeckklappend\u00e4mpfer f\u00fcr AUDI A4 B8 Avant (8K5) S4 3.0 quattro 333 PS 2008 \u2013 2015<\/p>\n<p>AUDI A4 8K5, B8 2.0<br \/>\nHeckklappend\u00e4mpfer f\u00fcr AUDI A4 B8 Avant (8K5) 2.0 TDI 177 PS 2011 \u2013 2015<br \/>\nKofferraumd\u00e4mpfer f\u00fcr Audi A4 B8 Avant 2.0 TDI 143 PS 2008 \u2013 2015<br \/>\n2.0 TDI 170 PS 2008\u20132012<br \/>\n2.0 TDI 136 PS 2008\u20132015<br \/>\n2.0 TDI 120 PS 2008\u20132015<br \/>\n2.0 TDI 163 PS 2008\u20132015<br \/>\n2.0 TDI 150 PS 2013 \u2013 2015<br \/>\n2.0 TDI 190 PS 2013 \u2013 2015<br \/>\n2.0 TDI 16V 140 PS 2008 -\u2026<br \/>\n2.0 TDI quattro 177 PS 2011 \u2013 2015<br \/>\n2.0 TDI quattro 170 PS 2008 \u2013 2012<br \/>\n2.0 TDI quattro 143 PS 2008 \u2013 2015<br \/>\n2.0 TDI quattro 150 PS 2013 \u2013 2015<br \/>\n2.0 TDI quattro 190 PS 2013 \u2013 2015<br \/>\n2.0 TFSI 211 PS 2008\u20132013<br \/>\n2.0 TFSI 180 PS 2008\u20132015<br \/>\n2.0 TFSI 224 PS 2013\u20132015<br \/>\n2.0 TFSI Flexible Fuel 180 PS 2009\u20132015<br \/>\n2.0 TFSI Flexible Fuel Quattro 180 PS 2009\u20132015<br \/>\n2.0 TFSI quattro 211 PS 2008 \u2013 2015<br \/>\n2.0 TFSI quattro 224 PS 2013 \u2013 2015<\/p>\n<p>AUDI A4 8K5, B8 3.2<br \/>\nHeckklappend\u00e4mpfer f\u00fcr AUDI A4 B8 Avant (8K5) 3.2 FSI 265 PS 2008 \u2013 2012<br \/>\nKofferraumd\u00e4mpfer f\u00fcr Audi A4 B8 Avant 3.2 FSI quattro 265 PS 2008 \u2013 2012<\/p>\n<p>AUDI A4 8K5, B8 2.7<br \/>\nHeckklappend\u00e4mpfer f\u00fcr AUDI A4 B8 Avant (8K5) 2.7 TDI 163 PS 2008 \u2013 2012<br \/>\nKofferraumd\u00e4mpfer f\u00fcr Audi A4 B8 Avant 2.7 TDI 190 PS 2008 \u2013 2012<\/p>\n<p>AUDI A4 8K5, B8 RS4<br \/>\nHeckklappend\u00e4mpfer f\u00fcr AUDI A4 B8 Avant (8K5) RS4 4.2 quattro 450 PS 2012 \u2013 2015<\/p>\n<p>Wir verkaufen Industriegasfedern \/ Gasfedern. Allgemein anwendbar, zum Beispiel:<br \/>\n\u2013 Verkauf von Anh\u00e4ngern, Pferdekutschen, diversen Anh\u00e4ngern<br \/>\n\u2013 Dachboxen, Dachtr\u00e4ger<br \/>\n\u2013 Motor, Motorhaube<br \/>\n\u2013 Kofferraum, Heckklappe<br \/>\n\u2013 Dachluken, Dachtreppen<br \/>\n\u2013 BMW, Audi, Smart, Nissan, Hyundai, Opel, Skoda, Volkswagen, Ford<br \/>\n\u2013 ETC.<\/p>\n<p>Ben\u00f6tigen Sie eine ganz andere Art von Gasfeder? Schreiben Sie uns und wenn m\u00f6glich senden Sie uns ein Foto des gedruckten Modellnamens per E-Mail sales@gastac-com-591077.hostingersite.com!<\/p>\n<div><strong>Gasdruckfede Anwendung<\/strong><br \/>\n<img class=\"lazyload\" decoding=\"async\" src=\"data:image\/gif;base64,R0lGODlhAQABAAAAACH5BAEKAAEALAAAAAABAAEAAAICTAEAOw==\" data-orig-src=\"https:\/\/www.gastac.com\/wp-content\/uploads\/2023\/06\/1-3-409x400.png\" alt=\"Audi A4 B8 heckklappend\u00e4mpfer \" \/><img class=\"lazyload\" decoding=\"async\" src=\"data:image\/gif;base64,R0lGODlhAQABAAAAACH5BAEKAAEALAAAAAABAAEAAAICTAEAOw==\" data-orig-src=\"https:\/\/www.gastac.com\/wp-content\/uploads\/2023\/06\/vw-polo-heckklappendampfer-403x400.png\" alt=\"Audi A4 B8 heckklappend\u00e4mpfer \" \/><\/div>\n","protected":false},"excerpt":{"rendered":"<p>Audi A4 B8 heckklappend\u00e4mpfer Der audi a4 b8 heckklappend\u00e4mpfer\u00a0ist ein integraler Bestandteil der Karosserie des Audi A4 Avant (8K5, B8).  [&#8230;]<\/p>\n","protected":false},"featured_media":19498,"comment_status":"open","ping_status":"closed","template":"","meta":[],"product_brand":[],"product_cat":[109],"product_tag":[],"class_list":{"0":"post-19492","1":"product","2":"type-product","3":"status-publish","4":"has-post-thumbnail","6":"product_cat-nicht-kategorisiert","8":"first","9":"instock","10":"shipping-taxable","11":"product-type-simple"},"yoast_head":"<!-- This site is optimized with the Yoast SEO Premium plugin v26.2 (Yoast SEO v27.4) - https:\/\/yoast.com\/product\/yoast-seo-premium-wordpress\/ -->\n<title>Audi A4 B8 heckklappend\u00e4mpfer | Gastac Gas Spring<\/title>\n<meta name=\"robots\" content=\"index, follow, max-snippet:-1, max-image-preview:large, max-video-preview:-1\" \/>\n<link rel=\"canonical\" href=\"https:\/\/www.gastac.com\/de\/produkt\/audi-a4-b8-heckklappendaempfer\/\" \/>\n<meta property=\"og:locale\" content=\"de_DE\" \/>\n<meta property=\"og:type\" content=\"article\" \/>\n<meta property=\"og:title\" content=\"Audi A4 B8 heckklappend\u00e4mpfer\" \/>\n<meta property=\"og:description\" content=\"Audi A4 B8 heckklappend\u00e4mpfer Der audi a4 b8 heckklappend\u00e4mpfer\u00a0ist ein integraler Bestandteil der Karosserie des Audi A4 Avant (8K5, B8). [...]\" \/>\n<meta property=\"og:url\" content=\"https:\/\/www.gastac.com\/de\/produkt\/audi-a4-b8-heckklappendaempfer\/\" \/>\n<meta property=\"og:site_name\" content=\"Gastac Gas Spring\" \/>\n<meta property=\"article:publisher\" content=\"https:\/\/www.facebook.com\/profile.php?id=100092358464608\" \/>\n<meta property=\"og:image\" content=\"https:\/\/www.gastac.com\/wp-content\/uploads\/2025\/11\/heckklappendampfer-audi-a4-b8-avant-600x600-2.webp\" \/>\n\t<meta property=\"og:image:width\" content=\"600\" \/>\n\t<meta property=\"og:image:height\" content=\"600\" \/>\n\t<meta property=\"og:image:type\" content=\"image\/webp\" \/>\n<meta name=\"twitter:card\" content=\"summary_large_image\" \/>\n<meta name=\"twitter:label1\" content=\"Gesch\u00e4tzte Lesezeit\" \/>\n\t<meta name=\"twitter:data1\" content=\"1\u00a0Minute\" \/>\n<script type=\"application\/ld+json\" class=\"yoast-schema-graph\">{\"@context\":\"https:\\\/\\\/schema.org\",\"@graph\":[{\"@type\":\"WebPage\",\"@id\":\"https:\\\/\\\/www.gastac.com\\\/de\\\/produkt\\\/audi-a4-b8-heckklappendaempfer\\\/\",\"url\":\"https:\\\/\\\/www.gastac.com\\\/de\\\/produkt\\\/audi-a4-b8-heckklappendaempfer\\\/\",\"name\":\"Audi A4 B8 heckklappend\u00e4mpfer | Gastac Gas Spring\",\"isPartOf\":{\"@id\":\"https:\\\/\\\/www.gastac.com\\\/de\\\/#website\"},\"primaryImageOfPage\":{\"@id\":\"https:\\\/\\\/www.gastac.com\\\/de\\\/produkt\\\/audi-a4-b8-heckklappendaempfer\\\/#primaryimage\"},\"image\":{\"@id\":\"https:\\\/\\\/www.gastac.com\\\/de\\\/produkt\\\/audi-a4-b8-heckklappendaempfer\\\/#primaryimage\"},\"thumbnailUrl\":\"https:\\\/\\\/www.gastac.com\\\/wp-content\\\/uploads\\\/2025\\\/11\\\/heckklappendampfer-audi-a4-b8-avant-600x600-2.webp\",\"datePublished\":\"2025-11-13T01:04:25+00:00\",\"breadcrumb\":{\"@id\":\"https:\\\/\\\/www.gastac.com\\\/de\\\/produkt\\\/audi-a4-b8-heckklappendaempfer\\\/#breadcrumb\"},\"inLanguage\":\"de\",\"potentialAction\":[{\"@type\":\"ReadAction\",\"target\":[\"https:\\\/\\\/www.gastac.com\\\/de\\\/produkt\\\/audi-a4-b8-heckklappendaempfer\\\/\"]}]},{\"@type\":\"ImageObject\",\"inLanguage\":\"de\",\"@id\":\"https:\\\/\\\/www.gastac.com\\\/de\\\/produkt\\\/audi-a4-b8-heckklappendaempfer\\\/#primaryimage\",\"url\":\"https:\\\/\\\/www.gastac.com\\\/wp-content\\\/uploads\\\/2025\\\/11\\\/heckklappendampfer-audi-a4-b8-avant-600x600-2.webp\",\"contentUrl\":\"https:\\\/\\\/www.gastac.com\\\/wp-content\\\/uploads\\\/2025\\\/11\\\/heckklappendampfer-audi-a4-b8-avant-600x600-2.webp\",\"width\":600,\"height\":600,\"caption\":\"heckklappendampfer audi a4 b8 avant 600x600\"},{\"@type\":\"BreadcrumbList\",\"@id\":\"https:\\\/\\\/www.gastac.com\\\/de\\\/produkt\\\/audi-a4-b8-heckklappendaempfer\\\/#breadcrumb\",\"itemListElement\":[{\"@type\":\"ListItem\",\"position\":1,\"name\":\"Home\",\"item\":\"https:\\\/\\\/www.gastac.com\\\/de\\\/\"},{\"@type\":\"ListItem\",\"position\":2,\"name\":\"products\",\"item\":\"https:\\\/\\\/www.gastac.com\\\/de\\\/products\\\/\"},{\"@type\":\"ListItem\",\"position\":3,\"name\":\"Nicht kategorisiert\",\"item\":\"https:\\\/\\\/www.gastac.com\\\/de\\\/product-category\\\/nicht-kategorisiert\\\/\"},{\"@type\":\"ListItem\",\"position\":4,\"name\":\"Audi A4 B8 heckklappend\u00e4mpfer\"}]},{\"@type\":\"WebSite\",\"@id\":\"https:\\\/\\\/www.gastac.com\\\/de\\\/#website\",\"url\":\"https:\\\/\\\/www.gastac.com\\\/de\\\/\",\"name\":\"Gastac Gas Spring\",\"description\":\"China\u2019s Leading Gas Springs &amp; Struts Manufacturer\",\"publisher\":{\"@id\":\"https:\\\/\\\/www.gastac.com\\\/de\\\/#organization\"},\"potentialAction\":[{\"@type\":\"SearchAction\",\"target\":{\"@type\":\"EntryPoint\",\"urlTemplate\":\"https:\\\/\\\/www.gastac.com\\\/de\\\/?s={search_term_string}\"},\"query-input\":{\"@type\":\"PropertyValueSpecification\",\"valueRequired\":true,\"valueName\":\"search_term_string\"}}],\"inLanguage\":\"de\"},{\"@type\":\"Organization\",\"@id\":\"https:\\\/\\\/www.gastac.com\\\/de\\\/#organization\",\"name\":\"Ningbo Gastac Gas Spring Co.,Ltd\",\"url\":\"https:\\\/\\\/www.gastac.com\\\/de\\\/\",\"logo\":{\"@type\":\"ImageObject\",\"inLanguage\":\"de\",\"@id\":\"https:\\\/\\\/www.gastac.com\\\/de\\\/#\\\/schema\\\/logo\\\/image\\\/\",\"url\":\"https:\\\/\\\/www.gastac.com\\\/wp-content\\\/uploads\\\/2025\\\/09\\\/LOGO\u672c\u8272-\u9ed1.webp\",\"contentUrl\":\"https:\\\/\\\/www.gastac.com\\\/wp-content\\\/uploads\\\/2025\\\/09\\\/LOGO\u672c\u8272-\u9ed1.webp\",\"width\":1920,\"height\":1080,\"caption\":\"Ningbo Gastac Gas Spring Co.,Ltd\"},\"image\":{\"@id\":\"https:\\\/\\\/www.gastac.com\\\/de\\\/#\\\/schema\\\/logo\\\/image\\\/\"},\"sameAs\":[\"https:\\\/\\\/www.facebook.com\\\/profile.php?id=100092358464608\",\"https:\\\/\\\/www.youtube.com\\\/@Gastac-Gas-Spring\",\"https:\\\/\\\/www.linkedin.com\\\/in\\\/gastac-gas-spring\\\/\",\"https:\\\/\\\/www.instagram.com\\\/gastacgasspring\\\/\"]}]}<\/script>\n<!-- \/ Yoast SEO Premium plugin. -->","yoast_head_json":{"title":"Audi A4 B8 heckklappend\u00e4mpfer | Gastac Gas Spring","robots":{"index":"index","follow":"follow","max-snippet":"max-snippet:-1","max-image-preview":"max-image-preview:large","max-video-preview":"max-video-preview:-1"},"canonical":"https:\/\/www.gastac.com\/de\/produkt\/audi-a4-b8-heckklappendaempfer\/","og_locale":"de_DE","og_type":"article","og_title":"Audi A4 B8 heckklappend\u00e4mpfer","og_description":"Audi A4 B8 heckklappend\u00e4mpfer Der audi a4 b8 heckklappend\u00e4mpfer\u00a0ist ein integraler Bestandteil der Karosserie des Audi A4 Avant (8K5, B8). [...]","og_url":"https:\/\/www.gastac.com\/de\/produkt\/audi-a4-b8-heckklappendaempfer\/","og_site_name":"Gastac Gas Spring","article_publisher":"https:\/\/www.facebook.com\/profile.php?id=100092358464608","og_image":[{"width":600,"height":600,"url":"https:\/\/www.gastac.com\/wp-content\/uploads\/2025\/11\/heckklappendampfer-audi-a4-b8-avant-600x600-2.webp","type":"image\/webp"}],"twitter_card":"summary_large_image","twitter_misc":{"Gesch\u00e4tzte Lesezeit":"1\u00a0Minute"},"schema":{"@context":"https:\/\/schema.org","@graph":[{"@type":"WebPage","@id":"https:\/\/www.gastac.com\/de\/produkt\/audi-a4-b8-heckklappendaempfer\/","url":"https:\/\/www.gastac.com\/de\/produkt\/audi-a4-b8-heckklappendaempfer\/","name":"Audi A4 B8 heckklappend\u00e4mpfer | Gastac Gas Spring","isPartOf":{"@id":"https:\/\/www.gastac.com\/de\/#website"},"primaryImageOfPage":{"@id":"https:\/\/www.gastac.com\/de\/produkt\/audi-a4-b8-heckklappendaempfer\/#primaryimage"},"image":{"@id":"https:\/\/www.gastac.com\/de\/produkt\/audi-a4-b8-heckklappendaempfer\/#primaryimage"},"thumbnailUrl":"https:\/\/www.gastac.com\/wp-content\/uploads\/2025\/11\/heckklappendampfer-audi-a4-b8-avant-600x600-2.webp","datePublished":"2025-11-13T01:04:25+00:00","breadcrumb":{"@id":"https:\/\/www.gastac.com\/de\/produkt\/audi-a4-b8-heckklappendaempfer\/#breadcrumb"},"inLanguage":"de","potentialAction":[{"@type":"ReadAction","target":["https:\/\/www.gastac.com\/de\/produkt\/audi-a4-b8-heckklappendaempfer\/"]}]},{"@type":"ImageObject","inLanguage":"de","@id":"https:\/\/www.gastac.com\/de\/produkt\/audi-a4-b8-heckklappendaempfer\/#primaryimage","url":"https:\/\/www.gastac.com\/wp-content\/uploads\/2025\/11\/heckklappendampfer-audi-a4-b8-avant-600x600-2.webp","contentUrl":"https:\/\/www.gastac.com\/wp-content\/uploads\/2025\/11\/heckklappendampfer-audi-a4-b8-avant-600x600-2.webp","width":600,"height":600,"caption":"heckklappendampfer audi a4 b8 avant 600x600"},{"@type":"BreadcrumbList","@id":"https:\/\/www.gastac.com\/de\/produkt\/audi-a4-b8-heckklappendaempfer\/#breadcrumb","itemListElement":[{"@type":"ListItem","position":1,"name":"Home","item":"https:\/\/www.gastac.com\/de\/"},{"@type":"ListItem","position":2,"name":"products","item":"https:\/\/www.gastac.com\/de\/products\/"},{"@type":"ListItem","position":3,"name":"Nicht kategorisiert","item":"https:\/\/www.gastac.com\/de\/product-category\/nicht-kategorisiert\/"},{"@type":"ListItem","position":4,"name":"Audi A4 B8 heckklappend\u00e4mpfer"}]},{"@type":"WebSite","@id":"https:\/\/www.gastac.com\/de\/#website","url":"https:\/\/www.gastac.com\/de\/","name":"Gastac Gas Spring","description":"China\u2019s Leading Gas Springs &amp; Struts Manufacturer","publisher":{"@id":"https:\/\/www.gastac.com\/de\/#organization"},"potentialAction":[{"@type":"SearchAction","target":{"@type":"EntryPoint","urlTemplate":"https:\/\/www.gastac.com\/de\/?s={search_term_string}"},"query-input":{"@type":"PropertyValueSpecification","valueRequired":true,"valueName":"search_term_string"}}],"inLanguage":"de"},{"@type":"Organization","@id":"https:\/\/www.gastac.com\/de\/#organization","name":"Ningbo Gastac Gas Spring Co.,Ltd","url":"https:\/\/www.gastac.com\/de\/","logo":{"@type":"ImageObject","inLanguage":"de","@id":"https:\/\/www.gastac.com\/de\/#\/schema\/logo\/image\/","url":"https:\/\/www.gastac.com\/wp-content\/uploads\/2025\/09\/LOGO\u672c\u8272-\u9ed1.webp","contentUrl":"https:\/\/www.gastac.com\/wp-content\/uploads\/2025\/09\/LOGO\u672c\u8272-\u9ed1.webp","width":1920,"height":1080,"caption":"Ningbo Gastac Gas Spring Co.,Ltd"},"image":{"@id":"https:\/\/www.gastac.com\/de\/#\/schema\/logo\/image\/"},"sameAs":["https:\/\/www.facebook.com\/profile.php?id=100092358464608","https:\/\/www.youtube.com\/@Gastac-Gas-Spring","https:\/\/www.linkedin.com\/in\/gastac-gas-spring\/","https:\/\/www.instagram.com\/gastacgasspring\/"]}]}},"_links":{"self":[{"href":"https:\/\/www.gastac.com\/de\/wp-json\/wp\/v2\/product\/19492","targetHints":{"allow":["GET"]}}],"collection":[{"href":"https:\/\/www.gastac.com\/de\/wp-json\/wp\/v2\/product"}],"about":[{"href":"https:\/\/www.gastac.com\/de\/wp-json\/wp\/v2\/types\/product"}],"replies":[{"embeddable":true,"href":"https:\/\/www.gastac.com\/de\/wp-json\/wp\/v2\/comments?post=19492"}],"wp:featuredmedia":[{"embeddable":true,"href":"https:\/\/www.gastac.com\/de\/wp-json\/wp\/v2\/media\/19498"}],"wp:attachment":[{"href":"https:\/\/www.gastac.com\/de\/wp-json\/wp\/v2\/media?parent=19492"}],"wp:term":[{"taxonomy":"product_brand","embeddable":true,"href":"https:\/\/www.gastac.com\/de\/wp-json\/wp\/v2\/product_brand?post=19492"},{"taxonomy":"product_cat","embeddable":true,"href":"https:\/\/www.gastac.com\/de\/wp-json\/wp\/v2\/product_cat?post=19492"},{"taxonomy":"product_tag","embeddable":true,"href":"https:\/\/www.gastac.com\/de\/wp-json\/wp\/v2\/product_tag?post=19492"}],"curies":[{"name":"wp","href":"https:\/\/api.w.org\/{rel}","templated":true}]}}