{"id":19481,"date":"2025-11-13T00:54:47","date_gmt":"2025-11-13T00:54:47","guid":{"rendered":"https:\/\/www.gastac.com\/?post_type=product&#038;p=19481"},"modified":"2025-11-13T00:54:48","modified_gmt":"2025-11-13T00:54:48","slug":"gasdruckfedern-fuer-frontklappe-bmw","status":"publish","type":"product","link":"https:\/\/www.gastac.com\/de\/produkt\/gasdruckfedern-fuer-frontklappe-bmw\/","title":{"rendered":"Gasdruckfedern f\u00fcr Frontklappe BMW"},"content":{"rendered":"<p><strong>Gasdruckfedern f\u00fcr Frontklappe BMW<\/strong><\/p>\n<p>Produktbeschreibung<\/p>\n<p>Diese Ersatzteile Gasdruckfedern f\u00fcr Frontklappe BMW<\/p>\n<p>Im Allgemeinen bekannt als Gasdruckfedern, Kofferraumfedern, Heckklappenfedern, Tonneau-Abdeckungshalterungen, Federschw\u00e4nze, Gasdruckfedern, Federn, Streben, Halterungen \u2026 welchen Namen Sie auch w\u00e4hlen, sie helfen beim Anheben und St\u00fctzen der Heckverkleidung.<br \/>\n<img class=\"lazyload\" decoding=\"async\" src=\"data:image\/gif;base64,R0lGODlhAQABAAAAACH5BAEKAAEALAAAAAABAAEAAAICTAEAOw==\" data-orig-src=\"https:\/\/www.gastac.com\/wp-content\/uploads\/2023\/06\/verstarkte-dampfer-heckklappe-t6-400x400.jpg\" alt=\"Gasdruckfedern f\u00fcr Frontklappe BMW\" \/><img decoding=\"async\" class=\"lazyload \" src=\"data:image\/svg+xml,%3Csvg%20xmlns%3D%27http%3A%2F%2Fwww.w3.org%2F2000%2Fsvg%27%20width%3D%27327%27%20height%3D%27324%27%20viewBox%3D%270%200%20327%20324%27%3E%3Crect%20width%3D%27327%27%20height%3D%27324%27%20fill-opacity%3D%220%22%2F%3E%3C%2Fsvg%3E\" data-orig-src=\"https:\/\/www.gastac.com\/wp-content\/uploads\/2023\/06\/vw-t6-heckklappe-dampfer-2-400x400.jpg\" alt=\"Gasdruckfedern f\u00fcr Frontklappe BMW\" width=\"327\" height=\"324\" \/><br \/>\nQualit\u00e4tsaussage:<\/p>\n<p>Alle unsere Teile erf\u00fcllen oder \u00fcbertreffen die Spezifikationen und Standards aller Hersteller.<\/p>\n<p>Montageanleitungen.<\/p>\n<p>BITTE BEACHTEN: Es ist wichtig, die Seiten vor dem Einbau der Gasdruckfeder BMW\u00a0zu entfernen, da es zwischen den Herstellern h\u00e4ufig geringf\u00fcgige Unterschiede gibt.<\/p>\n<ol>\n<li>Da die Heckklappe ohne zwei Luftst\u00fctzen nicht getragen werden kann, wird dringend empfohlen, beim Austausch des alten Teils jemanden zu bitten, sie zu st\u00fctzen.<\/li>\n<li>L\u00f6sen Sie die Anschlagfeder mit einem kleinen Schlitzschraubendreher. Es ist nicht erforderlich, die Feder zu entfernen. L\u00f6sen oder lockern Sie einfach die Strebe und ziehen Sie sie von ihrer Befestigungsschraube weg.<\/li>\n<li>Wiederholen Sie den Vorgang am anderen Ende.<\/li>\n<li>Entfernen Sie das andere Ende der Seitenhalterung.<\/li>\n<li>Dr\u00fccken Sie einfach die oberen und unteren Montagesockel fest, um die neue Halterung zu installieren. Die Feder muss nicht gel\u00f6st werden, sie muss nur hineingedr\u00fcckt werden.<\/li>\n<li>Ihr Assistent muss m\u00f6glicherweise den Kofferraumdeckel anheben oder absenken, um die neue Halterung richtig zu positionieren.<\/li>\n<\/ol>\n<p>BMW-Serienmodelle wie: motorhaubend\u00e4mpfer mini t\u00fcv, Sie k\u00f6nnen den OEM-Code angeben, wir helfen Ihnen bei Bedarf weiter, senden Sie uns bitte eine E-Mail.<\/p>\n<div><strong>Gasdruckfede Anwendung<\/strong><\/div>\n<p><img class=\"lazyload\" decoding=\"async\" src=\"data:image\/gif;base64,R0lGODlhAQABAAAAACH5BAEKAAEALAAAAAABAAEAAAICTAEAOw==\" data-orig-src=\"https:\/\/gastac.com\/wp-content\/uploads\/2023\/06\/motorhaubendampfer-mini-tuv.jpg\" alt=\"Gasdruckfedern f\u00fcr Frontklappe BMW\" \/><img decoding=\"async\" class=\"lazyload \" src=\"data:image\/svg+xml,%3Csvg%20xmlns%3D%27http%3A%2F%2Fwww.w3.org%2F2000%2Fsvg%27%20width%3D%27327%27%20height%3D%27324%27%20viewBox%3D%270%200%20327%20324%27%3E%3Crect%20width%3D%27327%27%20height%3D%27324%27%20fill-opacity%3D%220%22%2F%3E%3C%2Fsvg%3E\" data-orig-src=\"https:\/\/gastac.com\/wp-content\/uploads\/2023\/06\/gasdruckfedern-fur-frontklappe-bmw-404x400.png\" alt=\"Gasdruckfedern f\u00fcr Frontklappe BMW\" width=\"327\" height=\"324\" \/><\/p>\n<div><\/div>\n","protected":false},"excerpt":{"rendered":"<p>Gasdruckfedern f\u00fcr Frontklappe BMW Produktbeschreibung Diese Ersatzteile Gasdruckfedern f\u00fcr Frontklappe BMW Im Allgemeinen bekannt als Gasdruckfedern, Kofferraumfedern, Heckklappenfedern, Tonneau-Abdeckungshalterungen, Federschw\u00e4nze,  [&#8230;]<\/p>\n","protected":false},"featured_media":19484,"comment_status":"open","ping_status":"closed","template":"","meta":[],"product_brand":[],"product_cat":[109],"product_tag":[],"class_list":{"0":"post-19481","1":"product","2":"type-product","3":"status-publish","4":"has-post-thumbnail","6":"product_cat-nicht-kategorisiert","8":"first","9":"instock","10":"shipping-taxable","11":"product-type-simple"},"yoast_head":"<!-- This site is optimized with the Yoast SEO Premium plugin v26.2 (Yoast SEO v27.4) - https:\/\/yoast.com\/product\/yoast-seo-premium-wordpress\/ -->\n<title>Gasdruckfedern f\u00fcr Frontklappe BMW | Gastac Gas Spring<\/title>\n<meta name=\"robots\" content=\"index, follow, max-snippet:-1, max-image-preview:large, max-video-preview:-1\" \/>\n<link rel=\"canonical\" href=\"https:\/\/www.gastac.com\/de\/produkt\/gasdruckfedern-fuer-frontklappe-bmw\/\" \/>\n<meta property=\"og:locale\" content=\"de_DE\" \/>\n<meta property=\"og:type\" content=\"article\" \/>\n<meta property=\"og:title\" content=\"Gasdruckfedern f\u00fcr Frontklappe BMW\" \/>\n<meta property=\"og:description\" content=\"Gasdruckfedern f\u00fcr Frontklappe BMW Produktbeschreibung Diese Ersatzteile Gasdruckfedern f\u00fcr Frontklappe BMW Im Allgemeinen bekannt als Gasdruckfedern, Kofferraumfedern, Heckklappenfedern, Tonneau-Abdeckungshalterungen, Federschw\u00e4nze, [...]\" \/>\n<meta property=\"og:url\" content=\"https:\/\/www.gastac.com\/de\/produkt\/gasdruckfedern-fuer-frontklappe-bmw\/\" \/>\n<meta property=\"og:site_name\" content=\"Gastac Gas Spring\" \/>\n<meta property=\"article:publisher\" content=\"https:\/\/www.facebook.com\/profile.php?id=100092358464608\" \/>\n<meta property=\"article:modified_time\" content=\"2025-11-13T00:54:48+00:00\" \/>\n<meta property=\"og:image\" content=\"https:\/\/www.gastac.com\/wp-content\/uploads\/2025\/11\/heckklappendampfer-audi-a4-b8-avant-600x600-1.webp\" \/>\n\t<meta property=\"og:image:width\" content=\"600\" \/>\n\t<meta property=\"og:image:height\" content=\"600\" \/>\n\t<meta property=\"og:image:type\" content=\"image\/webp\" \/>\n<meta name=\"twitter:card\" content=\"summary_large_image\" \/>\n<meta name=\"twitter:label1\" content=\"Gesch\u00e4tzte Lesezeit\" \/>\n\t<meta name=\"twitter:data1\" content=\"1\u00a0Minute\" \/>\n<script type=\"application\/ld+json\" class=\"yoast-schema-graph\">{\"@context\":\"https:\\\/\\\/schema.org\",\"@graph\":[{\"@type\":\"WebPage\",\"@id\":\"https:\\\/\\\/www.gastac.com\\\/de\\\/produkt\\\/gasdruckfedern-fuer-frontklappe-bmw\\\/\",\"url\":\"https:\\\/\\\/www.gastac.com\\\/de\\\/produkt\\\/gasdruckfedern-fuer-frontklappe-bmw\\\/\",\"name\":\"Gasdruckfedern f\u00fcr Frontklappe BMW | Gastac Gas Spring\",\"isPartOf\":{\"@id\":\"https:\\\/\\\/www.gastac.com\\\/de\\\/#website\"},\"primaryImageOfPage\":{\"@id\":\"https:\\\/\\\/www.gastac.com\\\/de\\\/produkt\\\/gasdruckfedern-fuer-frontklappe-bmw\\\/#primaryimage\"},\"image\":{\"@id\":\"https:\\\/\\\/www.gastac.com\\\/de\\\/produkt\\\/gasdruckfedern-fuer-frontklappe-bmw\\\/#primaryimage\"},\"thumbnailUrl\":\"https:\\\/\\\/www.gastac.com\\\/wp-content\\\/uploads\\\/2025\\\/11\\\/heckklappendampfer-audi-a4-b8-avant-600x600-1.webp\",\"datePublished\":\"2025-11-13T00:54:47+00:00\",\"dateModified\":\"2025-11-13T00:54:48+00:00\",\"breadcrumb\":{\"@id\":\"https:\\\/\\\/www.gastac.com\\\/de\\\/produkt\\\/gasdruckfedern-fuer-frontklappe-bmw\\\/#breadcrumb\"},\"inLanguage\":\"de\",\"potentialAction\":[{\"@type\":\"ReadAction\",\"target\":[\"https:\\\/\\\/www.gastac.com\\\/de\\\/produkt\\\/gasdruckfedern-fuer-frontklappe-bmw\\\/\"]}]},{\"@type\":\"ImageObject\",\"inLanguage\":\"de\",\"@id\":\"https:\\\/\\\/www.gastac.com\\\/de\\\/produkt\\\/gasdruckfedern-fuer-frontklappe-bmw\\\/#primaryimage\",\"url\":\"https:\\\/\\\/www.gastac.com\\\/wp-content\\\/uploads\\\/2025\\\/11\\\/heckklappendampfer-audi-a4-b8-avant-600x600-1.webp\",\"contentUrl\":\"https:\\\/\\\/www.gastac.com\\\/wp-content\\\/uploads\\\/2025\\\/11\\\/heckklappendampfer-audi-a4-b8-avant-600x600-1.webp\",\"width\":600,\"height\":600,\"caption\":\"heckklappendampfer audi a4 b8 avant 600x600\"},{\"@type\":\"BreadcrumbList\",\"@id\":\"https:\\\/\\\/www.gastac.com\\\/de\\\/produkt\\\/gasdruckfedern-fuer-frontklappe-bmw\\\/#breadcrumb\",\"itemListElement\":[{\"@type\":\"ListItem\",\"position\":1,\"name\":\"Home\",\"item\":\"https:\\\/\\\/www.gastac.com\\\/de\\\/\"},{\"@type\":\"ListItem\",\"position\":2,\"name\":\"products\",\"item\":\"https:\\\/\\\/www.gastac.com\\\/de\\\/products\\\/\"},{\"@type\":\"ListItem\",\"position\":3,\"name\":\"Nicht kategorisiert\",\"item\":\"https:\\\/\\\/www.gastac.com\\\/de\\\/product-category\\\/nicht-kategorisiert\\\/\"},{\"@type\":\"ListItem\",\"position\":4,\"name\":\"Gasdruckfedern f\u00fcr Frontklappe BMW\"}]},{\"@type\":\"WebSite\",\"@id\":\"https:\\\/\\\/www.gastac.com\\\/de\\\/#website\",\"url\":\"https:\\\/\\\/www.gastac.com\\\/de\\\/\",\"name\":\"Gastac Gas Spring\",\"description\":\"China\u2019s Leading Gas Springs &amp; Struts Manufacturer\",\"publisher\":{\"@id\":\"https:\\\/\\\/www.gastac.com\\\/de\\\/#organization\"},\"potentialAction\":[{\"@type\":\"SearchAction\",\"target\":{\"@type\":\"EntryPoint\",\"urlTemplate\":\"https:\\\/\\\/www.gastac.com\\\/de\\\/?s={search_term_string}\"},\"query-input\":{\"@type\":\"PropertyValueSpecification\",\"valueRequired\":true,\"valueName\":\"search_term_string\"}}],\"inLanguage\":\"de\"},{\"@type\":\"Organization\",\"@id\":\"https:\\\/\\\/www.gastac.com\\\/de\\\/#organization\",\"name\":\"Ningbo Gastac Gas Spring Co.,Ltd\",\"url\":\"https:\\\/\\\/www.gastac.com\\\/de\\\/\",\"logo\":{\"@type\":\"ImageObject\",\"inLanguage\":\"de\",\"@id\":\"https:\\\/\\\/www.gastac.com\\\/de\\\/#\\\/schema\\\/logo\\\/image\\\/\",\"url\":\"https:\\\/\\\/www.gastac.com\\\/wp-content\\\/uploads\\\/2025\\\/09\\\/LOGO\u672c\u8272-\u9ed1.webp\",\"contentUrl\":\"https:\\\/\\\/www.gastac.com\\\/wp-content\\\/uploads\\\/2025\\\/09\\\/LOGO\u672c\u8272-\u9ed1.webp\",\"width\":1920,\"height\":1080,\"caption\":\"Ningbo Gastac Gas Spring Co.,Ltd\"},\"image\":{\"@id\":\"https:\\\/\\\/www.gastac.com\\\/de\\\/#\\\/schema\\\/logo\\\/image\\\/\"},\"sameAs\":[\"https:\\\/\\\/www.facebook.com\\\/profile.php?id=100092358464608\",\"https:\\\/\\\/www.youtube.com\\\/@Gastac-Gas-Spring\",\"https:\\\/\\\/www.linkedin.com\\\/in\\\/gastac-gas-spring\\\/\",\"https:\\\/\\\/www.instagram.com\\\/gastacgasspring\\\/\"]}]}<\/script>\n<!-- \/ Yoast SEO Premium plugin. -->","yoast_head_json":{"title":"Gasdruckfedern f\u00fcr Frontklappe BMW | Gastac Gas Spring","robots":{"index":"index","follow":"follow","max-snippet":"max-snippet:-1","max-image-preview":"max-image-preview:large","max-video-preview":"max-video-preview:-1"},"canonical":"https:\/\/www.gastac.com\/de\/produkt\/gasdruckfedern-fuer-frontklappe-bmw\/","og_locale":"de_DE","og_type":"article","og_title":"Gasdruckfedern f\u00fcr Frontklappe BMW","og_description":"Gasdruckfedern f\u00fcr Frontklappe BMW Produktbeschreibung Diese Ersatzteile Gasdruckfedern f\u00fcr Frontklappe BMW Im Allgemeinen bekannt als Gasdruckfedern, Kofferraumfedern, Heckklappenfedern, Tonneau-Abdeckungshalterungen, Federschw\u00e4nze, [...]","og_url":"https:\/\/www.gastac.com\/de\/produkt\/gasdruckfedern-fuer-frontklappe-bmw\/","og_site_name":"Gastac Gas Spring","article_publisher":"https:\/\/www.facebook.com\/profile.php?id=100092358464608","article_modified_time":"2025-11-13T00:54:48+00:00","og_image":[{"width":600,"height":600,"url":"https:\/\/www.gastac.com\/wp-content\/uploads\/2025\/11\/heckklappendampfer-audi-a4-b8-avant-600x600-1.webp","type":"image\/webp"}],"twitter_card":"summary_large_image","twitter_misc":{"Gesch\u00e4tzte Lesezeit":"1\u00a0Minute"},"schema":{"@context":"https:\/\/schema.org","@graph":[{"@type":"WebPage","@id":"https:\/\/www.gastac.com\/de\/produkt\/gasdruckfedern-fuer-frontklappe-bmw\/","url":"https:\/\/www.gastac.com\/de\/produkt\/gasdruckfedern-fuer-frontklappe-bmw\/","name":"Gasdruckfedern f\u00fcr Frontklappe BMW | Gastac Gas Spring","isPartOf":{"@id":"https:\/\/www.gastac.com\/de\/#website"},"primaryImageOfPage":{"@id":"https:\/\/www.gastac.com\/de\/produkt\/gasdruckfedern-fuer-frontklappe-bmw\/#primaryimage"},"image":{"@id":"https:\/\/www.gastac.com\/de\/produkt\/gasdruckfedern-fuer-frontklappe-bmw\/#primaryimage"},"thumbnailUrl":"https:\/\/www.gastac.com\/wp-content\/uploads\/2025\/11\/heckklappendampfer-audi-a4-b8-avant-600x600-1.webp","datePublished":"2025-11-13T00:54:47+00:00","dateModified":"2025-11-13T00:54:48+00:00","breadcrumb":{"@id":"https:\/\/www.gastac.com\/de\/produkt\/gasdruckfedern-fuer-frontklappe-bmw\/#breadcrumb"},"inLanguage":"de","potentialAction":[{"@type":"ReadAction","target":["https:\/\/www.gastac.com\/de\/produkt\/gasdruckfedern-fuer-frontklappe-bmw\/"]}]},{"@type":"ImageObject","inLanguage":"de","@id":"https:\/\/www.gastac.com\/de\/produkt\/gasdruckfedern-fuer-frontklappe-bmw\/#primaryimage","url":"https:\/\/www.gastac.com\/wp-content\/uploads\/2025\/11\/heckklappendampfer-audi-a4-b8-avant-600x600-1.webp","contentUrl":"https:\/\/www.gastac.com\/wp-content\/uploads\/2025\/11\/heckklappendampfer-audi-a4-b8-avant-600x600-1.webp","width":600,"height":600,"caption":"heckklappendampfer audi a4 b8 avant 600x600"},{"@type":"BreadcrumbList","@id":"https:\/\/www.gastac.com\/de\/produkt\/gasdruckfedern-fuer-frontklappe-bmw\/#breadcrumb","itemListElement":[{"@type":"ListItem","position":1,"name":"Home","item":"https:\/\/www.gastac.com\/de\/"},{"@type":"ListItem","position":2,"name":"products","item":"https:\/\/www.gastac.com\/de\/products\/"},{"@type":"ListItem","position":3,"name":"Nicht kategorisiert","item":"https:\/\/www.gastac.com\/de\/product-category\/nicht-kategorisiert\/"},{"@type":"ListItem","position":4,"name":"Gasdruckfedern f\u00fcr Frontklappe BMW"}]},{"@type":"WebSite","@id":"https:\/\/www.gastac.com\/de\/#website","url":"https:\/\/www.gastac.com\/de\/","name":"Gastac Gas Spring","description":"China\u2019s Leading Gas Springs &amp; Struts Manufacturer","publisher":{"@id":"https:\/\/www.gastac.com\/de\/#organization"},"potentialAction":[{"@type":"SearchAction","target":{"@type":"EntryPoint","urlTemplate":"https:\/\/www.gastac.com\/de\/?s={search_term_string}"},"query-input":{"@type":"PropertyValueSpecification","valueRequired":true,"valueName":"search_term_string"}}],"inLanguage":"de"},{"@type":"Organization","@id":"https:\/\/www.gastac.com\/de\/#organization","name":"Ningbo Gastac Gas Spring Co.,Ltd","url":"https:\/\/www.gastac.com\/de\/","logo":{"@type":"ImageObject","inLanguage":"de","@id":"https:\/\/www.gastac.com\/de\/#\/schema\/logo\/image\/","url":"https:\/\/www.gastac.com\/wp-content\/uploads\/2025\/09\/LOGO\u672c\u8272-\u9ed1.webp","contentUrl":"https:\/\/www.gastac.com\/wp-content\/uploads\/2025\/09\/LOGO\u672c\u8272-\u9ed1.webp","width":1920,"height":1080,"caption":"Ningbo Gastac Gas Spring Co.,Ltd"},"image":{"@id":"https:\/\/www.gastac.com\/de\/#\/schema\/logo\/image\/"},"sameAs":["https:\/\/www.facebook.com\/profile.php?id=100092358464608","https:\/\/www.youtube.com\/@Gastac-Gas-Spring","https:\/\/www.linkedin.com\/in\/gastac-gas-spring\/","https:\/\/www.instagram.com\/gastacgasspring\/"]}]}},"_links":{"self":[{"href":"https:\/\/www.gastac.com\/de\/wp-json\/wp\/v2\/product\/19481","targetHints":{"allow":["GET"]}}],"collection":[{"href":"https:\/\/www.gastac.com\/de\/wp-json\/wp\/v2\/product"}],"about":[{"href":"https:\/\/www.gastac.com\/de\/wp-json\/wp\/v2\/types\/product"}],"replies":[{"embeddable":true,"href":"https:\/\/www.gastac.com\/de\/wp-json\/wp\/v2\/comments?post=19481"}],"wp:featuredmedia":[{"embeddable":true,"href":"https:\/\/www.gastac.com\/de\/wp-json\/wp\/v2\/media\/19484"}],"wp:attachment":[{"href":"https:\/\/www.gastac.com\/de\/wp-json\/wp\/v2\/media?parent=19481"}],"wp:term":[{"taxonomy":"product_brand","embeddable":true,"href":"https:\/\/www.gastac.com\/de\/wp-json\/wp\/v2\/product_brand?post=19481"},{"taxonomy":"product_cat","embeddable":true,"href":"https:\/\/www.gastac.com\/de\/wp-json\/wp\/v2\/product_cat?post=19481"},{"taxonomy":"product_tag","embeddable":true,"href":"https:\/\/www.gastac.com\/de\/wp-json\/wp\/v2\/product_tag?post=19481"}],"curies":[{"name":"wp","href":"https:\/\/api.w.org\/{rel}","templated":true}]}}