{"id":19472,"date":"2025-11-13T00:49:50","date_gmt":"2025-11-13T00:49:50","guid":{"rendered":"https:\/\/www.gastac.com\/?post_type=product&#038;p=19472"},"modified":"2025-11-13T00:49:50","modified_gmt":"2025-11-13T00:49:50","slug":"heckklappendaempfer-smart-451","status":"publish","type":"product","link":"https:\/\/www.gastac.com\/de\/produkt\/heckklappendaempfer-smart-451\/","title":{"rendered":"Heckklappend\u00e4mpfer Smart 451"},"content":{"rendered":"<p><strong>Heckklappend\u00e4mpfer smart 451<\/strong><\/p>\n<p>Neu von Gastac: R\u00fcsten Sie Ihren Smart Fortwo mit der intelligenten Gasdruckfeder-Heckklappe f\u00fcr Komfort und Sicherheit aus! Beim sanften \u00d6ffnen der smart Heckklappe bleibt die heckklappend\u00e4mpfer smart 451 Heckklappe ge\u00f6ffnet und kann nicht versehentlich zur\u00fcckgeschwenkt werden. Durch leichten Druck nach innen l\u00e4sst sich die Heckklappe problemlos schlie\u00dfen, ohne dass zum Dr\u00fccken die Taste losgelassen werden muss. Unsere smart 451 Gasfeder-Heckklappe ist f\u00fcr Automodelle und normale Modelle geeignet, Sie k\u00f6nnen die Originaldichtung selbst austauschen! Inklusive Montagematerial, Anleitung und zweij\u00e4hriger Garantie.<\/p>\n<p><strong>KOFFERRAUM D\u00c4MPFER F\u00dcR BELIEBTE SMART-MODELLE<\/strong><\/p>\n<p>SMART FORTWO Coupe (451) Gasdruckd\u00e4mpfer Heckklappe<br \/>\nSMART CITY-COUPE (450) Gasdruckd\u00e4mpfer Heckklappe<br \/>\nSMART FORFOUR (454) Gasdruckd\u00e4mpfer Heckklappe<br \/>\nSMART FORTWO Cabrio (451) Gasdruckd\u00e4mpfer Heckklappe<br \/>\nSMART FORTWO Coupe (453) Gasdruckd\u00e4mpfer Heckklappe<br \/>\nSMART CABRIO (450) Gasdruckd\u00e4mpfer Heckklappe<br \/>\nSMART FORTWO Coupe (450) Gasdruckd\u00e4mpfer Heckklappe<br \/>\nSMART FORFOUR Schr\u00e4gheck (453) Gasdruckd\u00e4mpfer Heckklappe<br \/>\nSMART FORTWO Cabrio (450) Gasdruckd\u00e4mpfer Heckklappe<br \/>\nSMART ROADSTER (452) Gasdruckd\u00e4mpfer Heckklappe<br \/>\nSMART FORTWO Cabriolet (453) Gasdruckd\u00e4mpfer Heckklappe<br \/>\nSMART ROADSTER Coupe (452) Gasdruckd\u00e4mpfer Heckklappe<br \/>\nSMART CROSSBLADE (450) Gasdruckd\u00e4mpfer Heckklappe<\/p>\n<p>Wir verkaufen Industriegasfedern \/ Gasfedern. Allgemein anwendbar, zum Beispiel:<br \/>\n\u2013 Verkauf von Anh\u00e4ngern, Pferdekutschen, diversen Anh\u00e4ngern<br \/>\n\u2013 Dachboxen, Dachtr\u00e4ger<br \/>\n\u2013 Motor, Motorhaube<br \/>\n\u2013 Kofferraum, Heckklappe<br \/>\n\u2013 Dachluken, Dachtreppen<br \/>\n\u2013 BMW, Audi, Smart, Nissan, Hyundai, Opel, Skoda, Volkswagen, Ford<br \/>\n\u2013 ETC.<\/p>\n<p>Ben\u00f6tigen Sie eine ganz andere Art von Gasfeder? Schreiben Sie uns und wenn m\u00f6glich senden Sie uns ein Foto des gedruckten Modellnamens per E-Mail sales@gastac-com-591077.hostingersite.com!<\/p>\n<p><strong>Gasdruckfede Anwendung<\/strong><br \/>\n<img class=\"lazyload\" decoding=\"async\" src=\"data:image\/gif;base64,R0lGODlhAQABAAAAACH5BAEKAAEALAAAAAABAAEAAAICTAEAOw==\" data-orig-src=\"https:\/\/www.gastac.com\/wp-content\/uploads\/2023\/06\/heckklappendampfer-smart-451-400x400.png\" alt=\"Heckklappend\u00e4mpfer Smart 451\" \/><img class=\"lazyload\" decoding=\"async\" src=\"data:image\/gif;base64,R0lGODlhAQABAAAAACH5BAEKAAEALAAAAAABAAEAAAICTAEAOw==\" data-orig-src=\"https:\/\/www.gastac.com\/wp-content\/uploads\/2023\/06\/smart-451-gasfeder-heckklappe-398x400.png\" alt=\"Heckklappend\u00e4mpfer Smart 451\" \/><\/p>\n","protected":false},"excerpt":{"rendered":"<p>Heckklappend\u00e4mpfer smart 451 Neu von Gastac: R\u00fcsten Sie Ihren Smart Fortwo mit der intelligenten Gasdruckfeder-Heckklappe f\u00fcr Komfort und Sicherheit aus!  [&#8230;]<\/p>\n","protected":false},"featured_media":19473,"comment_status":"open","ping_status":"closed","template":"","meta":[],"product_brand":[],"product_cat":[109],"product_tag":[],"class_list":{"0":"post-19472","1":"product","2":"type-product","3":"status-publish","4":"has-post-thumbnail","6":"product_cat-nicht-kategorisiert","8":"first","9":"instock","10":"shipping-taxable","11":"product-type-simple"},"yoast_head":"<!-- This site is optimized with the Yoast SEO Premium plugin v26.2 (Yoast SEO v27.4) - https:\/\/yoast.com\/product\/yoast-seo-premium-wordpress\/ -->\n<title>Heckklappend\u00e4mpfer Smart 451 | Gastac Gas Spring<\/title>\n<meta name=\"robots\" content=\"index, follow, max-snippet:-1, max-image-preview:large, max-video-preview:-1\" \/>\n<link rel=\"canonical\" href=\"https:\/\/www.gastac.com\/de\/produkt\/heckklappendaempfer-smart-451\/\" \/>\n<meta property=\"og:locale\" content=\"de_DE\" \/>\n<meta property=\"og:type\" content=\"article\" \/>\n<meta property=\"og:title\" content=\"Heckklappend\u00e4mpfer Smart 451\" \/>\n<meta property=\"og:description\" content=\"Heckklappend\u00e4mpfer smart 451 Neu von Gastac: R\u00fcsten Sie Ihren Smart Fortwo mit der intelligenten Gasdruckfeder-Heckklappe f\u00fcr Komfort und Sicherheit aus! [...]\" \/>\n<meta property=\"og:url\" content=\"https:\/\/www.gastac.com\/de\/produkt\/heckklappendaempfer-smart-451\/\" \/>\n<meta property=\"og:site_name\" content=\"Gastac Gas Spring\" \/>\n<meta property=\"article:publisher\" content=\"https:\/\/www.facebook.com\/profile.php?id=100092358464608\" \/>\n<meta property=\"og:image\" content=\"https:\/\/www.gastac.com\/wp-content\/uploads\/2025\/11\/audi-a4-b8-heckklappendampfer-600x600-4.webp\" \/>\n\t<meta property=\"og:image:width\" content=\"600\" \/>\n\t<meta property=\"og:image:height\" content=\"600\" \/>\n\t<meta property=\"og:image:type\" content=\"image\/webp\" \/>\n<meta name=\"twitter:card\" content=\"summary_large_image\" \/>\n<meta name=\"twitter:label1\" content=\"Gesch\u00e4tzte Lesezeit\" \/>\n\t<meta name=\"twitter:data1\" content=\"1\u00a0Minute\" \/>\n<script type=\"application\/ld+json\" class=\"yoast-schema-graph\">{\"@context\":\"https:\\\/\\\/schema.org\",\"@graph\":[{\"@type\":\"WebPage\",\"@id\":\"https:\\\/\\\/www.gastac.com\\\/de\\\/produkt\\\/heckklappendaempfer-smart-451\\\/\",\"url\":\"https:\\\/\\\/www.gastac.com\\\/de\\\/produkt\\\/heckklappendaempfer-smart-451\\\/\",\"name\":\"Heckklappend\u00e4mpfer Smart 451 | Gastac Gas Spring\",\"isPartOf\":{\"@id\":\"https:\\\/\\\/www.gastac.com\\\/de\\\/#website\"},\"primaryImageOfPage\":{\"@id\":\"https:\\\/\\\/www.gastac.com\\\/de\\\/produkt\\\/heckklappendaempfer-smart-451\\\/#primaryimage\"},\"image\":{\"@id\":\"https:\\\/\\\/www.gastac.com\\\/de\\\/produkt\\\/heckklappendaempfer-smart-451\\\/#primaryimage\"},\"thumbnailUrl\":\"https:\\\/\\\/www.gastac.com\\\/wp-content\\\/uploads\\\/2025\\\/11\\\/audi-a4-b8-heckklappendampfer-600x600-4.webp\",\"datePublished\":\"2025-11-13T00:49:50+00:00\",\"breadcrumb\":{\"@id\":\"https:\\\/\\\/www.gastac.com\\\/de\\\/produkt\\\/heckklappendaempfer-smart-451\\\/#breadcrumb\"},\"inLanguage\":\"de\",\"potentialAction\":[{\"@type\":\"ReadAction\",\"target\":[\"https:\\\/\\\/www.gastac.com\\\/de\\\/produkt\\\/heckklappendaempfer-smart-451\\\/\"]}]},{\"@type\":\"ImageObject\",\"inLanguage\":\"de\",\"@id\":\"https:\\\/\\\/www.gastac.com\\\/de\\\/produkt\\\/heckklappendaempfer-smart-451\\\/#primaryimage\",\"url\":\"https:\\\/\\\/www.gastac.com\\\/wp-content\\\/uploads\\\/2025\\\/11\\\/audi-a4-b8-heckklappendampfer-600x600-4.webp\",\"contentUrl\":\"https:\\\/\\\/www.gastac.com\\\/wp-content\\\/uploads\\\/2025\\\/11\\\/audi-a4-b8-heckklappendampfer-600x600-4.webp\",\"width\":600,\"height\":600,\"caption\":\"audi a4 b8 heckklappendampfer 600x600\"},{\"@type\":\"BreadcrumbList\",\"@id\":\"https:\\\/\\\/www.gastac.com\\\/de\\\/produkt\\\/heckklappendaempfer-smart-451\\\/#breadcrumb\",\"itemListElement\":[{\"@type\":\"ListItem\",\"position\":1,\"name\":\"Home\",\"item\":\"https:\\\/\\\/www.gastac.com\\\/de\\\/\"},{\"@type\":\"ListItem\",\"position\":2,\"name\":\"products\",\"item\":\"https:\\\/\\\/www.gastac.com\\\/de\\\/products\\\/\"},{\"@type\":\"ListItem\",\"position\":3,\"name\":\"Nicht kategorisiert\",\"item\":\"https:\\\/\\\/www.gastac.com\\\/de\\\/product-category\\\/nicht-kategorisiert\\\/\"},{\"@type\":\"ListItem\",\"position\":4,\"name\":\"Heckklappend\u00e4mpfer Smart 451\"}]},{\"@type\":\"WebSite\",\"@id\":\"https:\\\/\\\/www.gastac.com\\\/de\\\/#website\",\"url\":\"https:\\\/\\\/www.gastac.com\\\/de\\\/\",\"name\":\"Gastac Gas Spring\",\"description\":\"China\u2019s Leading Gas Springs &amp; Struts Manufacturer\",\"publisher\":{\"@id\":\"https:\\\/\\\/www.gastac.com\\\/de\\\/#organization\"},\"potentialAction\":[{\"@type\":\"SearchAction\",\"target\":{\"@type\":\"EntryPoint\",\"urlTemplate\":\"https:\\\/\\\/www.gastac.com\\\/de\\\/?s={search_term_string}\"},\"query-input\":{\"@type\":\"PropertyValueSpecification\",\"valueRequired\":true,\"valueName\":\"search_term_string\"}}],\"inLanguage\":\"de\"},{\"@type\":\"Organization\",\"@id\":\"https:\\\/\\\/www.gastac.com\\\/de\\\/#organization\",\"name\":\"Ningbo Gastac Gas Spring Co.,Ltd\",\"url\":\"https:\\\/\\\/www.gastac.com\\\/de\\\/\",\"logo\":{\"@type\":\"ImageObject\",\"inLanguage\":\"de\",\"@id\":\"https:\\\/\\\/www.gastac.com\\\/de\\\/#\\\/schema\\\/logo\\\/image\\\/\",\"url\":\"https:\\\/\\\/www.gastac.com\\\/wp-content\\\/uploads\\\/2025\\\/09\\\/LOGO\u672c\u8272-\u9ed1.webp\",\"contentUrl\":\"https:\\\/\\\/www.gastac.com\\\/wp-content\\\/uploads\\\/2025\\\/09\\\/LOGO\u672c\u8272-\u9ed1.webp\",\"width\":1920,\"height\":1080,\"caption\":\"Ningbo Gastac Gas Spring Co.,Ltd\"},\"image\":{\"@id\":\"https:\\\/\\\/www.gastac.com\\\/de\\\/#\\\/schema\\\/logo\\\/image\\\/\"},\"sameAs\":[\"https:\\\/\\\/www.facebook.com\\\/profile.php?id=100092358464608\",\"https:\\\/\\\/www.youtube.com\\\/@Gastac-Gas-Spring\",\"https:\\\/\\\/www.linkedin.com\\\/in\\\/gastac-gas-spring\\\/\",\"https:\\\/\\\/www.instagram.com\\\/gastacgasspring\\\/\"]}]}<\/script>\n<!-- \/ Yoast SEO Premium plugin. -->","yoast_head_json":{"title":"Heckklappend\u00e4mpfer Smart 451 | Gastac Gas Spring","robots":{"index":"index","follow":"follow","max-snippet":"max-snippet:-1","max-image-preview":"max-image-preview:large","max-video-preview":"max-video-preview:-1"},"canonical":"https:\/\/www.gastac.com\/de\/produkt\/heckklappendaempfer-smart-451\/","og_locale":"de_DE","og_type":"article","og_title":"Heckklappend\u00e4mpfer Smart 451","og_description":"Heckklappend\u00e4mpfer smart 451 Neu von Gastac: R\u00fcsten Sie Ihren Smart Fortwo mit der intelligenten Gasdruckfeder-Heckklappe f\u00fcr Komfort und Sicherheit aus! [...]","og_url":"https:\/\/www.gastac.com\/de\/produkt\/heckklappendaempfer-smart-451\/","og_site_name":"Gastac Gas Spring","article_publisher":"https:\/\/www.facebook.com\/profile.php?id=100092358464608","og_image":[{"width":600,"height":600,"url":"https:\/\/www.gastac.com\/wp-content\/uploads\/2025\/11\/audi-a4-b8-heckklappendampfer-600x600-4.webp","type":"image\/webp"}],"twitter_card":"summary_large_image","twitter_misc":{"Gesch\u00e4tzte Lesezeit":"1\u00a0Minute"},"schema":{"@context":"https:\/\/schema.org","@graph":[{"@type":"WebPage","@id":"https:\/\/www.gastac.com\/de\/produkt\/heckklappendaempfer-smart-451\/","url":"https:\/\/www.gastac.com\/de\/produkt\/heckklappendaempfer-smart-451\/","name":"Heckklappend\u00e4mpfer Smart 451 | Gastac Gas Spring","isPartOf":{"@id":"https:\/\/www.gastac.com\/de\/#website"},"primaryImageOfPage":{"@id":"https:\/\/www.gastac.com\/de\/produkt\/heckklappendaempfer-smart-451\/#primaryimage"},"image":{"@id":"https:\/\/www.gastac.com\/de\/produkt\/heckklappendaempfer-smart-451\/#primaryimage"},"thumbnailUrl":"https:\/\/www.gastac.com\/wp-content\/uploads\/2025\/11\/audi-a4-b8-heckklappendampfer-600x600-4.webp","datePublished":"2025-11-13T00:49:50+00:00","breadcrumb":{"@id":"https:\/\/www.gastac.com\/de\/produkt\/heckklappendaempfer-smart-451\/#breadcrumb"},"inLanguage":"de","potentialAction":[{"@type":"ReadAction","target":["https:\/\/www.gastac.com\/de\/produkt\/heckklappendaempfer-smart-451\/"]}]},{"@type":"ImageObject","inLanguage":"de","@id":"https:\/\/www.gastac.com\/de\/produkt\/heckklappendaempfer-smart-451\/#primaryimage","url":"https:\/\/www.gastac.com\/wp-content\/uploads\/2025\/11\/audi-a4-b8-heckklappendampfer-600x600-4.webp","contentUrl":"https:\/\/www.gastac.com\/wp-content\/uploads\/2025\/11\/audi-a4-b8-heckklappendampfer-600x600-4.webp","width":600,"height":600,"caption":"audi a4 b8 heckklappendampfer 600x600"},{"@type":"BreadcrumbList","@id":"https:\/\/www.gastac.com\/de\/produkt\/heckklappendaempfer-smart-451\/#breadcrumb","itemListElement":[{"@type":"ListItem","position":1,"name":"Home","item":"https:\/\/www.gastac.com\/de\/"},{"@type":"ListItem","position":2,"name":"products","item":"https:\/\/www.gastac.com\/de\/products\/"},{"@type":"ListItem","position":3,"name":"Nicht kategorisiert","item":"https:\/\/www.gastac.com\/de\/product-category\/nicht-kategorisiert\/"},{"@type":"ListItem","position":4,"name":"Heckklappend\u00e4mpfer Smart 451"}]},{"@type":"WebSite","@id":"https:\/\/www.gastac.com\/de\/#website","url":"https:\/\/www.gastac.com\/de\/","name":"Gastac Gas Spring","description":"China\u2019s Leading Gas Springs &amp; Struts Manufacturer","publisher":{"@id":"https:\/\/www.gastac.com\/de\/#organization"},"potentialAction":[{"@type":"SearchAction","target":{"@type":"EntryPoint","urlTemplate":"https:\/\/www.gastac.com\/de\/?s={search_term_string}"},"query-input":{"@type":"PropertyValueSpecification","valueRequired":true,"valueName":"search_term_string"}}],"inLanguage":"de"},{"@type":"Organization","@id":"https:\/\/www.gastac.com\/de\/#organization","name":"Ningbo Gastac Gas Spring Co.,Ltd","url":"https:\/\/www.gastac.com\/de\/","logo":{"@type":"ImageObject","inLanguage":"de","@id":"https:\/\/www.gastac.com\/de\/#\/schema\/logo\/image\/","url":"https:\/\/www.gastac.com\/wp-content\/uploads\/2025\/09\/LOGO\u672c\u8272-\u9ed1.webp","contentUrl":"https:\/\/www.gastac.com\/wp-content\/uploads\/2025\/09\/LOGO\u672c\u8272-\u9ed1.webp","width":1920,"height":1080,"caption":"Ningbo Gastac Gas Spring Co.,Ltd"},"image":{"@id":"https:\/\/www.gastac.com\/de\/#\/schema\/logo\/image\/"},"sameAs":["https:\/\/www.facebook.com\/profile.php?id=100092358464608","https:\/\/www.youtube.com\/@Gastac-Gas-Spring","https:\/\/www.linkedin.com\/in\/gastac-gas-spring\/","https:\/\/www.instagram.com\/gastacgasspring\/"]}]}},"_links":{"self":[{"href":"https:\/\/www.gastac.com\/de\/wp-json\/wp\/v2\/product\/19472","targetHints":{"allow":["GET"]}}],"collection":[{"href":"https:\/\/www.gastac.com\/de\/wp-json\/wp\/v2\/product"}],"about":[{"href":"https:\/\/www.gastac.com\/de\/wp-json\/wp\/v2\/types\/product"}],"replies":[{"embeddable":true,"href":"https:\/\/www.gastac.com\/de\/wp-json\/wp\/v2\/comments?post=19472"}],"wp:featuredmedia":[{"embeddable":true,"href":"https:\/\/www.gastac.com\/de\/wp-json\/wp\/v2\/media\/19473"}],"wp:attachment":[{"href":"https:\/\/www.gastac.com\/de\/wp-json\/wp\/v2\/media?parent=19472"}],"wp:term":[{"taxonomy":"product_brand","embeddable":true,"href":"https:\/\/www.gastac.com\/de\/wp-json\/wp\/v2\/product_brand?post=19472"},{"taxonomy":"product_cat","embeddable":true,"href":"https:\/\/www.gastac.com\/de\/wp-json\/wp\/v2\/product_cat?post=19472"},{"taxonomy":"product_tag","embeddable":true,"href":"https:\/\/www.gastac.com\/de\/wp-json\/wp\/v2\/product_tag?post=19472"}],"curies":[{"name":"wp","href":"https:\/\/api.w.org\/{rel}","templated":true}]}}