{"id":19460,"date":"2025-11-13T00:46:41","date_gmt":"2025-11-13T00:46:41","guid":{"rendered":"https:\/\/www.gastac.com\/?post_type=product&#038;p=19460"},"modified":"2025-11-13T00:46:42","modified_gmt":"2025-11-13T00:46:42","slug":"gasdruckdaempfer-fuer-moebel","status":"publish","type":"product","link":"https:\/\/www.gastac.com\/de\/produkt\/gasdruckdaempfer-fuer-moebel\/","title":{"rendered":"Gasdruckd\u00e4mpfer f\u00fcr M\u00f6bel"},"content":{"rendered":"<p><strong>Gasdruckd\u00e4mpfer f\u00fcr M\u00f6bel<\/strong><\/p>\n<div>\n<p>Klappe mit Gasdruckfeder\u00a0\u2013 wie funktioniert das?<\/p>\n<p>Die meisten Menschen kennen den Gasdruckd\u00e4mpfer eines Autos bereits: Ob Motorhaube oder Kofferraumdeckel, das gasgef\u00fcllte Element sorgt f\u00fcr ein leichtes \u00d6ffnen und Schlie\u00dfen. Dar\u00fcber hinaus k\u00f6nnen Luftd\u00e4mpfer T\u00fcren oder Klappen nach dem \u00d6ffnen an Ort und Stelle halten. Wird das Element ge\u00f6ffnet oder geschlossen, bewegt sich der Kolben innerhalb des Zylinders. Das Gas (normalerweise Stickstoff) kann nur durch ein kleines Loch im Zylinder auf die andere Seite str\u00f6men \u2013 dies behindert die Bewegung durch den Gegendruck des Aufpumpens. Daher der Name: Luftdruckd\u00e4mpfer.<\/p>\n<p>Dieser Mechanismus wird vorzugsweise f\u00fcr alle horizontal \u00f6ffnenden Faltt\u00fcren verwendet. Barometrische D\u00e4mpfer sind technisch ausgereift \u2013 auch durch ihren Einsatz im Auto.<\/p>\n<p>Gasfedern f\u00fcr Faltt\u00fcren \u2013 Vorteile<\/p>\n<p>Der Vorteil von Luftdruckd\u00e4mpfern f\u00fcr Faltt\u00fcren ist das leise \u00d6ffnen und Schlie\u00dfen. Die weiche Technik ist ein Ohrenschmaus \u2013 tats\u00e4chlich ist sie beim Bet\u00e4tigen der Faltt\u00fcren kaum zu h\u00f6ren.<\/p>\n<p>Im Gegensatz zu Scharnieren, die \u00fcber Stahlfedern funktionieren, wie sie bei einfachen M\u00f6beln \u00fcblich sind, bietet der Gasdruckd\u00e4mpfer f\u00fcr M\u00f6bel\u00a0ein sanftes \u00d6ffnen und Schlie\u00dfen: Dadurch wird ein pl\u00f6tzliches Erreichen einer bestimmten Position effektiv vermieden.<\/p>\n<p>Gasdruckfeder f\u00fcr M\u00f6bel\u00a0f\u00fcr Faltt\u00fcren \u2013 Beispiel<\/p>\n<p>Die gasdruckfeder f\u00fcr m\u00f6bel l\u00e4sst sich am besten an horizontal \u00f6ffnenden und schlie\u00dfenden Faltt\u00fcren montieren. Lowpanels, Sideboards und Highpanels sind M\u00f6belst\u00fccke, die mit innovativen Technologien ausgestattet sind. Bei Gastac k\u00f6nnen Sie das Lowboard ganz nach Ihren W\u00fcnschen und Vorstellungen konfigurieren. Seien Sie Ihr eigener Designer, w\u00e4hlen Sie Gr\u00f6\u00dfe und Farbe und w\u00e4hlen Sie die Vorderseite f\u00fcr einen matten oder hochgl\u00e4nzenden Look. Fortschrittliche Technik verleiht den Paneelen den letzten Schliff und sorgt f\u00fcr optimalen Wohnkomfort.<\/p>\n<p><img decoding=\"async\" class=\"lazyload \" src=\"data:image\/svg+xml,%3Csvg%20xmlns%3D%27http%3A%2F%2Fwww.w3.org%2F2000%2Fsvg%27%20width%3D%27350%27%20height%3D%27350%27%20viewBox%3D%270%200%20350%20350%27%3E%3Crect%20width%3D%27350%27%20height%3D%27350%27%20fill-opacity%3D%220%22%2F%3E%3C%2Fsvg%3E\" data-orig-src=\"https:\/\/www.gastac.com\/wp-content\/uploads\/2023\/06\/gasdruckfeder-mobel-2-400x400.png\" alt=\"Gasdruckd\u00e4mpfer f\u00fcr M\u00f6bel \" width=\"350\" height=\"350\" \/><img decoding=\"async\" class=\"lazyload \" src=\"data:image\/svg+xml,%3Csvg%20xmlns%3D%27http%3A%2F%2Fwww.w3.org%2F2000%2Fsvg%27%20width%3D%27348%27%20height%3D%27348%27%20viewBox%3D%270%200%20348%20348%27%3E%3Crect%20width%3D%27348%27%20height%3D%27348%27%20fill-opacity%3D%220%22%2F%3E%3C%2Fsvg%3E\" data-orig-src=\"https:\/\/www.gastac.com\/wp-content\/uploads\/2023\/06\/gasdruckfeder-mobel-400x400.png\" alt=\"Gasdruckd\u00e4mpfer f\u00fcr M\u00f6bel \" width=\"348\" height=\"348\" \/><\/p>\n<p><strong>Gasdruckfede Anwendung<\/strong><br \/>\n<img class=\"lazyload\" decoding=\"async\" src=\"data:image\/gif;base64,R0lGODlhAQABAAAAACH5BAEKAAEALAAAAAABAAEAAAICTAEAOw==\" data-orig-src=\"https:\/\/gastac.com\/wp-content\/uploads\/2023\/06\/gasdruckfeder-tur-1.jpg\" alt=\"Gasdruckd\u00e4mpfer f\u00fcr M\u00f6bel \" \/><img class=\"lazyload\" decoding=\"async\" src=\"data:image\/gif;base64,R0lGODlhAQABAAAAACH5BAEKAAEALAAAAAABAAEAAAICTAEAOw==\" data-orig-src=\"https:\/\/www.gastac.com\/wp-content\/uploads\/2023\/06\/klappenbeschlag-gasdruckfeder-1-1.jpg\" alt=\"Gasdruckd\u00e4mpfer f\u00fcr M\u00f6bel \" \/><\/p>\n<\/div>\n","protected":false},"excerpt":{"rendered":"<p>Gasdruckd\u00e4mpfer f\u00fcr M\u00f6bel Klappe mit Gasdruckfeder\u00a0\u2013 wie funktioniert das? Die meisten Menschen kennen den Gasdruckd\u00e4mpfer eines Autos bereits: Ob Motorhaube  [&#8230;]<\/p>\n","protected":false},"featured_media":19470,"comment_status":"open","ping_status":"closed","template":"","meta":[],"product_brand":[],"product_cat":[109],"product_tag":[],"class_list":{"0":"post-19460","1":"product","2":"type-product","3":"status-publish","4":"has-post-thumbnail","6":"product_cat-nicht-kategorisiert","8":"first","9":"instock","10":"shipping-taxable","11":"product-type-simple"},"yoast_head":"<!-- This site is optimized with the Yoast SEO Premium plugin v26.2 (Yoast SEO v27.4) - https:\/\/yoast.com\/product\/yoast-seo-premium-wordpress\/ -->\n<title>Gasdruckd\u00e4mpfer f\u00fcr M\u00f6bel | Gastac Gas Spring<\/title>\n<meta name=\"robots\" content=\"index, follow, max-snippet:-1, max-image-preview:large, max-video-preview:-1\" \/>\n<link rel=\"canonical\" href=\"https:\/\/www.gastac.com\/de\/produkt\/gasdruckdaempfer-fuer-moebel\/\" \/>\n<meta property=\"og:locale\" content=\"de_DE\" \/>\n<meta property=\"og:type\" content=\"article\" \/>\n<meta property=\"og:title\" content=\"Gasdruckd\u00e4mpfer f\u00fcr M\u00f6bel\" \/>\n<meta property=\"og:description\" content=\"Gasdruckd\u00e4mpfer f\u00fcr M\u00f6bel Klappe mit Gasdruckfeder\u00a0\u2013 wie funktioniert das? Die meisten Menschen kennen den Gasdruckd\u00e4mpfer eines Autos bereits: Ob Motorhaube [...]\" \/>\n<meta property=\"og:url\" content=\"https:\/\/www.gastac.com\/de\/produkt\/gasdruckdaempfer-fuer-moebel\/\" \/>\n<meta property=\"og:site_name\" content=\"Gastac Gas Spring\" \/>\n<meta property=\"article:publisher\" content=\"https:\/\/www.facebook.com\/profile.php?id=100092358464608\" \/>\n<meta property=\"article:modified_time\" content=\"2025-11-13T00:46:42+00:00\" \/>\n<meta property=\"og:image\" content=\"https:\/\/www.gastac.com\/wp-content\/uploads\/2025\/11\/klappenbeschlag-gasdruckfeder-4-600x600-4.webp\" \/>\n\t<meta property=\"og:image:width\" content=\"600\" \/>\n\t<meta property=\"og:image:height\" content=\"600\" \/>\n\t<meta property=\"og:image:type\" content=\"image\/webp\" \/>\n<meta name=\"twitter:card\" content=\"summary_large_image\" \/>\n<meta name=\"twitter:label1\" content=\"Gesch\u00e4tzte Lesezeit\" \/>\n\t<meta name=\"twitter:data1\" content=\"1\u00a0Minute\" \/>\n<script type=\"application\/ld+json\" class=\"yoast-schema-graph\">{\"@context\":\"https:\\\/\\\/schema.org\",\"@graph\":[{\"@type\":\"WebPage\",\"@id\":\"https:\\\/\\\/www.gastac.com\\\/de\\\/produkt\\\/gasdruckdaempfer-fuer-moebel\\\/\",\"url\":\"https:\\\/\\\/www.gastac.com\\\/de\\\/produkt\\\/gasdruckdaempfer-fuer-moebel\\\/\",\"name\":\"Gasdruckd\u00e4mpfer f\u00fcr M\u00f6bel | Gastac Gas Spring\",\"isPartOf\":{\"@id\":\"https:\\\/\\\/www.gastac.com\\\/de\\\/#website\"},\"primaryImageOfPage\":{\"@id\":\"https:\\\/\\\/www.gastac.com\\\/de\\\/produkt\\\/gasdruckdaempfer-fuer-moebel\\\/#primaryimage\"},\"image\":{\"@id\":\"https:\\\/\\\/www.gastac.com\\\/de\\\/produkt\\\/gasdruckdaempfer-fuer-moebel\\\/#primaryimage\"},\"thumbnailUrl\":\"https:\\\/\\\/www.gastac.com\\\/wp-content\\\/uploads\\\/2025\\\/11\\\/klappenbeschlag-gasdruckfeder-4-600x600-4.webp\",\"datePublished\":\"2025-11-13T00:46:41+00:00\",\"dateModified\":\"2025-11-13T00:46:42+00:00\",\"breadcrumb\":{\"@id\":\"https:\\\/\\\/www.gastac.com\\\/de\\\/produkt\\\/gasdruckdaempfer-fuer-moebel\\\/#breadcrumb\"},\"inLanguage\":\"de\",\"potentialAction\":[{\"@type\":\"ReadAction\",\"target\":[\"https:\\\/\\\/www.gastac.com\\\/de\\\/produkt\\\/gasdruckdaempfer-fuer-moebel\\\/\"]}]},{\"@type\":\"ImageObject\",\"inLanguage\":\"de\",\"@id\":\"https:\\\/\\\/www.gastac.com\\\/de\\\/produkt\\\/gasdruckdaempfer-fuer-moebel\\\/#primaryimage\",\"url\":\"https:\\\/\\\/www.gastac.com\\\/wp-content\\\/uploads\\\/2025\\\/11\\\/klappenbeschlag-gasdruckfeder-4-600x600-4.webp\",\"contentUrl\":\"https:\\\/\\\/www.gastac.com\\\/wp-content\\\/uploads\\\/2025\\\/11\\\/klappenbeschlag-gasdruckfeder-4-600x600-4.webp\",\"width\":600,\"height\":600,\"caption\":\"klappenbeschlag gasdruckfeder 4 600x600\"},{\"@type\":\"BreadcrumbList\",\"@id\":\"https:\\\/\\\/www.gastac.com\\\/de\\\/produkt\\\/gasdruckdaempfer-fuer-moebel\\\/#breadcrumb\",\"itemListElement\":[{\"@type\":\"ListItem\",\"position\":1,\"name\":\"Home\",\"item\":\"https:\\\/\\\/www.gastac.com\\\/de\\\/\"},{\"@type\":\"ListItem\",\"position\":2,\"name\":\"products\",\"item\":\"https:\\\/\\\/www.gastac.com\\\/de\\\/products\\\/\"},{\"@type\":\"ListItem\",\"position\":3,\"name\":\"Nicht kategorisiert\",\"item\":\"https:\\\/\\\/www.gastac.com\\\/de\\\/product-category\\\/nicht-kategorisiert\\\/\"},{\"@type\":\"ListItem\",\"position\":4,\"name\":\"Gasdruckd\u00e4mpfer f\u00fcr M\u00f6bel\"}]},{\"@type\":\"WebSite\",\"@id\":\"https:\\\/\\\/www.gastac.com\\\/de\\\/#website\",\"url\":\"https:\\\/\\\/www.gastac.com\\\/de\\\/\",\"name\":\"Gastac Gas Spring\",\"description\":\"China\u2019s Leading Gas Springs &amp; Struts Manufacturer\",\"publisher\":{\"@id\":\"https:\\\/\\\/www.gastac.com\\\/de\\\/#organization\"},\"potentialAction\":[{\"@type\":\"SearchAction\",\"target\":{\"@type\":\"EntryPoint\",\"urlTemplate\":\"https:\\\/\\\/www.gastac.com\\\/de\\\/?s={search_term_string}\"},\"query-input\":{\"@type\":\"PropertyValueSpecification\",\"valueRequired\":true,\"valueName\":\"search_term_string\"}}],\"inLanguage\":\"de\"},{\"@type\":\"Organization\",\"@id\":\"https:\\\/\\\/www.gastac.com\\\/de\\\/#organization\",\"name\":\"Ningbo Gastac Gas Spring Co.,Ltd\",\"url\":\"https:\\\/\\\/www.gastac.com\\\/de\\\/\",\"logo\":{\"@type\":\"ImageObject\",\"inLanguage\":\"de\",\"@id\":\"https:\\\/\\\/www.gastac.com\\\/de\\\/#\\\/schema\\\/logo\\\/image\\\/\",\"url\":\"https:\\\/\\\/www.gastac.com\\\/wp-content\\\/uploads\\\/2025\\\/09\\\/LOGO\u672c\u8272-\u9ed1.webp\",\"contentUrl\":\"https:\\\/\\\/www.gastac.com\\\/wp-content\\\/uploads\\\/2025\\\/09\\\/LOGO\u672c\u8272-\u9ed1.webp\",\"width\":1920,\"height\":1080,\"caption\":\"Ningbo Gastac Gas Spring Co.,Ltd\"},\"image\":{\"@id\":\"https:\\\/\\\/www.gastac.com\\\/de\\\/#\\\/schema\\\/logo\\\/image\\\/\"},\"sameAs\":[\"https:\\\/\\\/www.facebook.com\\\/profile.php?id=100092358464608\",\"https:\\\/\\\/www.youtube.com\\\/@Gastac-Gas-Spring\",\"https:\\\/\\\/www.linkedin.com\\\/in\\\/gastac-gas-spring\\\/\",\"https:\\\/\\\/www.instagram.com\\\/gastacgasspring\\\/\"]}]}<\/script>\n<!-- \/ Yoast SEO Premium plugin. -->","yoast_head_json":{"title":"Gasdruckd\u00e4mpfer f\u00fcr M\u00f6bel | Gastac Gas Spring","robots":{"index":"index","follow":"follow","max-snippet":"max-snippet:-1","max-image-preview":"max-image-preview:large","max-video-preview":"max-video-preview:-1"},"canonical":"https:\/\/www.gastac.com\/de\/produkt\/gasdruckdaempfer-fuer-moebel\/","og_locale":"de_DE","og_type":"article","og_title":"Gasdruckd\u00e4mpfer f\u00fcr M\u00f6bel","og_description":"Gasdruckd\u00e4mpfer f\u00fcr M\u00f6bel Klappe mit Gasdruckfeder\u00a0\u2013 wie funktioniert das? Die meisten Menschen kennen den Gasdruckd\u00e4mpfer eines Autos bereits: Ob Motorhaube [...]","og_url":"https:\/\/www.gastac.com\/de\/produkt\/gasdruckdaempfer-fuer-moebel\/","og_site_name":"Gastac Gas Spring","article_publisher":"https:\/\/www.facebook.com\/profile.php?id=100092358464608","article_modified_time":"2025-11-13T00:46:42+00:00","og_image":[{"width":600,"height":600,"url":"https:\/\/www.gastac.com\/wp-content\/uploads\/2025\/11\/klappenbeschlag-gasdruckfeder-4-600x600-4.webp","type":"image\/webp"}],"twitter_card":"summary_large_image","twitter_misc":{"Gesch\u00e4tzte Lesezeit":"1\u00a0Minute"},"schema":{"@context":"https:\/\/schema.org","@graph":[{"@type":"WebPage","@id":"https:\/\/www.gastac.com\/de\/produkt\/gasdruckdaempfer-fuer-moebel\/","url":"https:\/\/www.gastac.com\/de\/produkt\/gasdruckdaempfer-fuer-moebel\/","name":"Gasdruckd\u00e4mpfer f\u00fcr M\u00f6bel | Gastac Gas Spring","isPartOf":{"@id":"https:\/\/www.gastac.com\/de\/#website"},"primaryImageOfPage":{"@id":"https:\/\/www.gastac.com\/de\/produkt\/gasdruckdaempfer-fuer-moebel\/#primaryimage"},"image":{"@id":"https:\/\/www.gastac.com\/de\/produkt\/gasdruckdaempfer-fuer-moebel\/#primaryimage"},"thumbnailUrl":"https:\/\/www.gastac.com\/wp-content\/uploads\/2025\/11\/klappenbeschlag-gasdruckfeder-4-600x600-4.webp","datePublished":"2025-11-13T00:46:41+00:00","dateModified":"2025-11-13T00:46:42+00:00","breadcrumb":{"@id":"https:\/\/www.gastac.com\/de\/produkt\/gasdruckdaempfer-fuer-moebel\/#breadcrumb"},"inLanguage":"de","potentialAction":[{"@type":"ReadAction","target":["https:\/\/www.gastac.com\/de\/produkt\/gasdruckdaempfer-fuer-moebel\/"]}]},{"@type":"ImageObject","inLanguage":"de","@id":"https:\/\/www.gastac.com\/de\/produkt\/gasdruckdaempfer-fuer-moebel\/#primaryimage","url":"https:\/\/www.gastac.com\/wp-content\/uploads\/2025\/11\/klappenbeschlag-gasdruckfeder-4-600x600-4.webp","contentUrl":"https:\/\/www.gastac.com\/wp-content\/uploads\/2025\/11\/klappenbeschlag-gasdruckfeder-4-600x600-4.webp","width":600,"height":600,"caption":"klappenbeschlag gasdruckfeder 4 600x600"},{"@type":"BreadcrumbList","@id":"https:\/\/www.gastac.com\/de\/produkt\/gasdruckdaempfer-fuer-moebel\/#breadcrumb","itemListElement":[{"@type":"ListItem","position":1,"name":"Home","item":"https:\/\/www.gastac.com\/de\/"},{"@type":"ListItem","position":2,"name":"products","item":"https:\/\/www.gastac.com\/de\/products\/"},{"@type":"ListItem","position":3,"name":"Nicht kategorisiert","item":"https:\/\/www.gastac.com\/de\/product-category\/nicht-kategorisiert\/"},{"@type":"ListItem","position":4,"name":"Gasdruckd\u00e4mpfer f\u00fcr M\u00f6bel"}]},{"@type":"WebSite","@id":"https:\/\/www.gastac.com\/de\/#website","url":"https:\/\/www.gastac.com\/de\/","name":"Gastac Gas Spring","description":"China\u2019s Leading Gas Springs &amp; Struts Manufacturer","publisher":{"@id":"https:\/\/www.gastac.com\/de\/#organization"},"potentialAction":[{"@type":"SearchAction","target":{"@type":"EntryPoint","urlTemplate":"https:\/\/www.gastac.com\/de\/?s={search_term_string}"},"query-input":{"@type":"PropertyValueSpecification","valueRequired":true,"valueName":"search_term_string"}}],"inLanguage":"de"},{"@type":"Organization","@id":"https:\/\/www.gastac.com\/de\/#organization","name":"Ningbo Gastac Gas Spring Co.,Ltd","url":"https:\/\/www.gastac.com\/de\/","logo":{"@type":"ImageObject","inLanguage":"de","@id":"https:\/\/www.gastac.com\/de\/#\/schema\/logo\/image\/","url":"https:\/\/www.gastac.com\/wp-content\/uploads\/2025\/09\/LOGO\u672c\u8272-\u9ed1.webp","contentUrl":"https:\/\/www.gastac.com\/wp-content\/uploads\/2025\/09\/LOGO\u672c\u8272-\u9ed1.webp","width":1920,"height":1080,"caption":"Ningbo Gastac Gas Spring Co.,Ltd"},"image":{"@id":"https:\/\/www.gastac.com\/de\/#\/schema\/logo\/image\/"},"sameAs":["https:\/\/www.facebook.com\/profile.php?id=100092358464608","https:\/\/www.youtube.com\/@Gastac-Gas-Spring","https:\/\/www.linkedin.com\/in\/gastac-gas-spring\/","https:\/\/www.instagram.com\/gastacgasspring\/"]}]}},"_links":{"self":[{"href":"https:\/\/www.gastac.com\/de\/wp-json\/wp\/v2\/product\/19460","targetHints":{"allow":["GET"]}}],"collection":[{"href":"https:\/\/www.gastac.com\/de\/wp-json\/wp\/v2\/product"}],"about":[{"href":"https:\/\/www.gastac.com\/de\/wp-json\/wp\/v2\/types\/product"}],"replies":[{"embeddable":true,"href":"https:\/\/www.gastac.com\/de\/wp-json\/wp\/v2\/comments?post=19460"}],"wp:featuredmedia":[{"embeddable":true,"href":"https:\/\/www.gastac.com\/de\/wp-json\/wp\/v2\/media\/19470"}],"wp:attachment":[{"href":"https:\/\/www.gastac.com\/de\/wp-json\/wp\/v2\/media?parent=19460"}],"wp:term":[{"taxonomy":"product_brand","embeddable":true,"href":"https:\/\/www.gastac.com\/de\/wp-json\/wp\/v2\/product_brand?post=19460"},{"taxonomy":"product_cat","embeddable":true,"href":"https:\/\/www.gastac.com\/de\/wp-json\/wp\/v2\/product_cat?post=19460"},{"taxonomy":"product_tag","embeddable":true,"href":"https:\/\/www.gastac.com\/de\/wp-json\/wp\/v2\/product_tag?post=19460"}],"curies":[{"name":"wp","href":"https:\/\/api.w.org\/{rel}","templated":true}]}}