{"id":19112,"date":"2025-11-12T10:47:38","date_gmt":"2025-11-12T10:47:38","guid":{"rendered":"https:\/\/www.gastac.com\/?post_type=product&#038;p=19112"},"modified":"2025-11-12T10:47:39","modified_gmt":"2025-11-12T10:47:39","slug":"gasdruckdaempfer-fuer-klappen","status":"publish","type":"product","link":"https:\/\/www.gastac.com\/de\/produkt\/gasdruckdaempfer-fuer-klappen\/","title":{"rendered":"Gasdruckd\u00e4mpfer f\u00fcr Klappen"},"content":{"rendered":"<p><strong>Gasdruckd\u00e4mpfer f\u00fcr Klappen<\/strong><\/p>\n<p>Sesam \u00f6ffne dich!<\/p>\n<p>Der Gasdruckd\u00e4mpfer f\u00fcr Klappen\u00a0ist eine tolle Sache; mit nur einem Handgriff kann man den Schrank komplett \u00f6ffnen! Tats\u00e4chlich \u00f6ffnet und schlie\u00dft sich der Schrank automatisch, wenn Sie ihn ber\u00fchren.<\/p>\n<p>Die gew\u00e4hlte Federoption ist die st\u00e4rkste: 200-N-Luftfedern eignen sich f\u00fcr sehr schwere M\u00f6belplatten mit einem Gewicht von bis zu 20 kg! Nat\u00fcrlich ist es eine kluge Entscheidung, auf beiden Seiten der erh\u00f6hten Front zwei Gasfedern zu installieren, um die Sicherheit und lange Lebensdauer dieser Produkte zu gew\u00e4hrleisten.<\/p>\n<div><img class=\"lazyload\" decoding=\"async\" src=\"data:image\/gif;base64,R0lGODlhAQABAAAAACH5BAEKAAEALAAAAAABAAEAAAICTAEAOw==\" data-orig-src=\"https:\/\/www.gastac.com\/wp-content\/uploads\/2023\/06\/gasdruck-scharnier-400x400.png\" alt=\"Gasdruckd\u00e4mpfer f\u00fcr Klappen \" \/><img class=\"lazyload\" decoding=\"async\" src=\"data:image\/gif;base64,R0lGODlhAQABAAAAACH5BAEKAAEALAAAAAABAAEAAAICTAEAOw==\" data-orig-src=\"https:\/\/www.gastac.com\/wp-content\/uploads\/2023\/06\/gasdruck-klappenhalter-400x400.png\" alt=\"Gasdruckd\u00e4mpfer f\u00fcr Klappen \" \/><br \/>\nHeben in verschiedenen WinkelnDer auf Gastac.com\u00a0erh\u00e4ltliche Gasdruckfeder-H\u00e4ngeschrank\u00a0bietet drei M\u00f6glichkeiten, den vorderen Winkel des M\u00f6bels anzuheben: 75, 90 und 110 Grad. Dies ist ein gro\u00dfer Vorteil, da es manchmal w\u00fcnschenswert ist, einen Schrank zu installieren, der sich schr\u00e4g \u00f6ffnen l\u00e4sst, um andere Schr\u00e4nke nicht zu blockieren. Sie entscheiden, welcher Winkel am besten ist.<\/p>\n<p>&nbsp;<\/p>\n<p>Einfach zu installieren und zu bedienen<\/p>\n<p>Der Gasdruckfeder-Scharnier\u00a0wird mit vernickelten Schrauben und Befestigungselementen geliefert und ist 269 mm lang, sodass er problemlos in jedes Geh\u00e4use in Standardgr\u00f6\u00dfe passt. Dieses Kit ist f\u00fcr die Montage an T\u00fcren mit Holz- oder Aluminiumrahmen geeignet. Alle notwendigen Montageelemente sind im Lieferumfang enthalten.<\/p>\n<p>&nbsp;<\/p>\n<p>modern und praktisch<\/p>\n<p>Egal, ob Sie nur Gasfedern einbauen oder einfach etwas \u00e4ndern m\u00f6chten, dies ist eine gute Entscheidung. Von oben beladbare Schr\u00e4nke sind sicherer, leiser und nehmen bei ge\u00f6ffneter Front weniger Platz ein! Durch den Einbau von gasdruckfeder klappenbeschlag\u00a0in mehreren nebeneinander liegenden Schr\u00e4nken ist es m\u00f6glich, eine Blockierung der Front zu vermeiden, selbst wenn zwei Personen gleichzeitig benachbarte Schr\u00e4nke \u00f6ffnen!<\/p>\n<\/div>\n<div><\/div>\n<div><strong>Gasdruckfede Anwendung<\/strong><\/div>\n<p><img decoding=\"async\" class=\"lazyload \" src=\"data:image\/svg+xml,%3Csvg%20xmlns%3D%27http%3A%2F%2Fwww.w3.org%2F2000%2Fsvg%27%20width%3D%27333%27%20height%3D%27333%27%20viewBox%3D%270%200%20333%20333%27%3E%3Crect%20width%3D%27333%27%20height%3D%27333%27%20fill-opacity%3D%220%22%2F%3E%3C%2Fsvg%3E\" data-orig-src=\"https:\/\/gastac.com\/wp-content\/uploads\/2023\/06\/gasdruckfeder-hangeschrank.jpg\" alt=\"Gasdruckd\u00e4mpfer f\u00fcr Klappen \" width=\"333\" height=\"333\" \/><img decoding=\"async\" class=\"lazyload \" src=\"data:image\/svg+xml,%3Csvg%20xmlns%3D%27http%3A%2F%2Fwww.w3.org%2F2000%2Fsvg%27%20width%3D%27308%27%20height%3D%27332%27%20viewBox%3D%270%200%20308%20332%27%3E%3Crect%20width%3D%27308%27%20height%3D%27332%27%20fill-opacity%3D%220%22%2F%3E%3C%2Fsvg%3E\" data-orig-src=\"https:\/\/www.gastac.com\/wp-content\/uploads\/2023\/06\/gasdruckfeder-scharnier-371x400.jpg\" alt=\"Gasdruckd\u00e4mpfer f\u00fcr Klappen \" width=\"308\" height=\"332\" \/><\/p>\n","protected":false},"excerpt":{"rendered":"<p>Gasdruckd\u00e4mpfer f\u00fcr Klappen Sesam \u00f6ffne dich! Der Gasdruckd\u00e4mpfer f\u00fcr Klappen\u00a0ist eine tolle Sache; mit nur einem Handgriff kann man den  [&#8230;]<\/p>\n","protected":false},"featured_media":19116,"comment_status":"open","ping_status":"closed","template":"","meta":[],"product_brand":[],"product_cat":[109],"product_tag":[],"class_list":{"0":"post-19112","1":"product","2":"type-product","3":"status-publish","4":"has-post-thumbnail","6":"product_cat-nicht-kategorisiert","8":"first","9":"instock","10":"shipping-taxable","11":"product-type-simple"},"yoast_head":"<!-- This site is optimized with the Yoast SEO Premium plugin v26.2 (Yoast SEO v27.3) - https:\/\/yoast.com\/product\/yoast-seo-premium-wordpress\/ -->\n<title>Gasdruckd\u00e4mpfer f\u00fcr Klappen | Gastac Gas Spring<\/title>\n<meta name=\"robots\" content=\"index, follow, max-snippet:-1, max-image-preview:large, max-video-preview:-1\" \/>\n<link rel=\"canonical\" href=\"https:\/\/www.gastac.com\/de\/produkt\/gasdruckdaempfer-fuer-klappen\/\" \/>\n<meta property=\"og:locale\" content=\"de_DE\" \/>\n<meta property=\"og:type\" content=\"article\" \/>\n<meta property=\"og:title\" content=\"Gasdruckd\u00e4mpfer f\u00fcr Klappen\" \/>\n<meta property=\"og:description\" content=\"Gasdruckd\u00e4mpfer f\u00fcr Klappen Sesam \u00f6ffne dich! Der Gasdruckd\u00e4mpfer f\u00fcr Klappen\u00a0ist eine tolle Sache; mit nur einem Handgriff kann man den [...]\" \/>\n<meta property=\"og:url\" content=\"https:\/\/www.gastac.com\/de\/produkt\/gasdruckdaempfer-fuer-klappen\/\" \/>\n<meta property=\"og:site_name\" content=\"Gastac Gas Spring\" \/>\n<meta property=\"article:publisher\" content=\"https:\/\/www.facebook.com\/profile.php?id=100092358464608\" \/>\n<meta property=\"article:modified_time\" content=\"2025-11-12T10:47:39+00:00\" \/>\n<meta property=\"og:image\" content=\"https:\/\/www.gastac.com\/wp-content\/uploads\/2025\/11\/gasdruckdampfer-fur-klappen.webp\" \/>\n\t<meta property=\"og:image:width\" content=\"500\" \/>\n\t<meta property=\"og:image:height\" content=\"500\" \/>\n\t<meta property=\"og:image:type\" content=\"image\/webp\" \/>\n<meta name=\"twitter:card\" content=\"summary_large_image\" \/>\n<meta name=\"twitter:label1\" content=\"Gesch\u00e4tzte Lesezeit\" \/>\n\t<meta name=\"twitter:data1\" content=\"1\u00a0Minute\" \/>\n<script type=\"application\/ld+json\" class=\"yoast-schema-graph\">{\"@context\":\"https:\\\/\\\/schema.org\",\"@graph\":[{\"@type\":\"WebPage\",\"@id\":\"https:\\\/\\\/www.gastac.com\\\/de\\\/produkt\\\/gasdruckdaempfer-fuer-klappen\\\/\",\"url\":\"https:\\\/\\\/www.gastac.com\\\/de\\\/produkt\\\/gasdruckdaempfer-fuer-klappen\\\/\",\"name\":\"Gasdruckd\u00e4mpfer f\u00fcr Klappen | Gastac Gas Spring\",\"isPartOf\":{\"@id\":\"https:\\\/\\\/www.gastac.com\\\/de\\\/#website\"},\"primaryImageOfPage\":{\"@id\":\"https:\\\/\\\/www.gastac.com\\\/de\\\/produkt\\\/gasdruckdaempfer-fuer-klappen\\\/#primaryimage\"},\"image\":{\"@id\":\"https:\\\/\\\/www.gastac.com\\\/de\\\/produkt\\\/gasdruckdaempfer-fuer-klappen\\\/#primaryimage\"},\"thumbnailUrl\":\"https:\\\/\\\/www.gastac.com\\\/wp-content\\\/uploads\\\/2025\\\/11\\\/gasdruckdampfer-fur-klappen.webp\",\"datePublished\":\"2025-11-12T10:47:38+00:00\",\"dateModified\":\"2025-11-12T10:47:39+00:00\",\"breadcrumb\":{\"@id\":\"https:\\\/\\\/www.gastac.com\\\/de\\\/produkt\\\/gasdruckdaempfer-fuer-klappen\\\/#breadcrumb\"},\"inLanguage\":\"de\",\"potentialAction\":[{\"@type\":\"ReadAction\",\"target\":[\"https:\\\/\\\/www.gastac.com\\\/de\\\/produkt\\\/gasdruckdaempfer-fuer-klappen\\\/\"]}]},{\"@type\":\"ImageObject\",\"inLanguage\":\"de\",\"@id\":\"https:\\\/\\\/www.gastac.com\\\/de\\\/produkt\\\/gasdruckdaempfer-fuer-klappen\\\/#primaryimage\",\"url\":\"https:\\\/\\\/www.gastac.com\\\/wp-content\\\/uploads\\\/2025\\\/11\\\/gasdruckdampfer-fur-klappen.webp\",\"contentUrl\":\"https:\\\/\\\/www.gastac.com\\\/wp-content\\\/uploads\\\/2025\\\/11\\\/gasdruckdampfer-fur-klappen.webp\",\"width\":500,\"height\":500,\"caption\":\"gasdruckdampfer fur klappen\"},{\"@type\":\"BreadcrumbList\",\"@id\":\"https:\\\/\\\/www.gastac.com\\\/de\\\/produkt\\\/gasdruckdaempfer-fuer-klappen\\\/#breadcrumb\",\"itemListElement\":[{\"@type\":\"ListItem\",\"position\":1,\"name\":\"Home\",\"item\":\"https:\\\/\\\/www.gastac.com\\\/de\\\/\"},{\"@type\":\"ListItem\",\"position\":2,\"name\":\"products\",\"item\":\"https:\\\/\\\/www.gastac.com\\\/de\\\/products\\\/\"},{\"@type\":\"ListItem\",\"position\":3,\"name\":\"Nicht kategorisiert\",\"item\":\"https:\\\/\\\/www.gastac.com\\\/de\\\/product-category\\\/nicht-kategorisiert\\\/\"},{\"@type\":\"ListItem\",\"position\":4,\"name\":\"Gasdruckd\u00e4mpfer f\u00fcr Klappen\"}]},{\"@type\":\"WebSite\",\"@id\":\"https:\\\/\\\/www.gastac.com\\\/de\\\/#website\",\"url\":\"https:\\\/\\\/www.gastac.com\\\/de\\\/\",\"name\":\"Gastac Gas Spring\",\"description\":\"China\u2019s Leading Gas Springs &amp; Struts Manufacturer\",\"publisher\":{\"@id\":\"https:\\\/\\\/www.gastac.com\\\/de\\\/#organization\"},\"potentialAction\":[{\"@type\":\"SearchAction\",\"target\":{\"@type\":\"EntryPoint\",\"urlTemplate\":\"https:\\\/\\\/www.gastac.com\\\/de\\\/?s={search_term_string}\"},\"query-input\":{\"@type\":\"PropertyValueSpecification\",\"valueRequired\":true,\"valueName\":\"search_term_string\"}}],\"inLanguage\":\"de\"},{\"@type\":\"Organization\",\"@id\":\"https:\\\/\\\/www.gastac.com\\\/de\\\/#organization\",\"name\":\"Ningbo Gastac Gas Spring Co.,Ltd\",\"url\":\"https:\\\/\\\/www.gastac.com\\\/de\\\/\",\"logo\":{\"@type\":\"ImageObject\",\"inLanguage\":\"de\",\"@id\":\"https:\\\/\\\/www.gastac.com\\\/de\\\/#\\\/schema\\\/logo\\\/image\\\/\",\"url\":\"https:\\\/\\\/www.gastac.com\\\/wp-content\\\/uploads\\\/2025\\\/09\\\/LOGO\u672c\u8272-\u9ed1.webp\",\"contentUrl\":\"https:\\\/\\\/www.gastac.com\\\/wp-content\\\/uploads\\\/2025\\\/09\\\/LOGO\u672c\u8272-\u9ed1.webp\",\"width\":1920,\"height\":1080,\"caption\":\"Ningbo Gastac Gas Spring Co.,Ltd\"},\"image\":{\"@id\":\"https:\\\/\\\/www.gastac.com\\\/de\\\/#\\\/schema\\\/logo\\\/image\\\/\"},\"sameAs\":[\"https:\\\/\\\/www.facebook.com\\\/profile.php?id=100092358464608\",\"https:\\\/\\\/www.youtube.com\\\/@Gastac-Gas-Spring\",\"https:\\\/\\\/www.linkedin.com\\\/in\\\/gastac-gas-spring\\\/\",\"https:\\\/\\\/www.instagram.com\\\/gastacgasspring\\\/\"]}]}<\/script>\n<!-- \/ Yoast SEO Premium plugin. -->","yoast_head_json":{"title":"Gasdruckd\u00e4mpfer f\u00fcr Klappen | Gastac Gas Spring","robots":{"index":"index","follow":"follow","max-snippet":"max-snippet:-1","max-image-preview":"max-image-preview:large","max-video-preview":"max-video-preview:-1"},"canonical":"https:\/\/www.gastac.com\/de\/produkt\/gasdruckdaempfer-fuer-klappen\/","og_locale":"de_DE","og_type":"article","og_title":"Gasdruckd\u00e4mpfer f\u00fcr Klappen","og_description":"Gasdruckd\u00e4mpfer f\u00fcr Klappen Sesam \u00f6ffne dich! Der Gasdruckd\u00e4mpfer f\u00fcr Klappen\u00a0ist eine tolle Sache; mit nur einem Handgriff kann man den [...]","og_url":"https:\/\/www.gastac.com\/de\/produkt\/gasdruckdaempfer-fuer-klappen\/","og_site_name":"Gastac Gas Spring","article_publisher":"https:\/\/www.facebook.com\/profile.php?id=100092358464608","article_modified_time":"2025-11-12T10:47:39+00:00","og_image":[{"width":500,"height":500,"url":"https:\/\/www.gastac.com\/wp-content\/uploads\/2025\/11\/gasdruckdampfer-fur-klappen.webp","type":"image\/webp"}],"twitter_card":"summary_large_image","twitter_misc":{"Gesch\u00e4tzte Lesezeit":"1\u00a0Minute"},"schema":{"@context":"https:\/\/schema.org","@graph":[{"@type":"WebPage","@id":"https:\/\/www.gastac.com\/de\/produkt\/gasdruckdaempfer-fuer-klappen\/","url":"https:\/\/www.gastac.com\/de\/produkt\/gasdruckdaempfer-fuer-klappen\/","name":"Gasdruckd\u00e4mpfer f\u00fcr Klappen | Gastac Gas Spring","isPartOf":{"@id":"https:\/\/www.gastac.com\/de\/#website"},"primaryImageOfPage":{"@id":"https:\/\/www.gastac.com\/de\/produkt\/gasdruckdaempfer-fuer-klappen\/#primaryimage"},"image":{"@id":"https:\/\/www.gastac.com\/de\/produkt\/gasdruckdaempfer-fuer-klappen\/#primaryimage"},"thumbnailUrl":"https:\/\/www.gastac.com\/wp-content\/uploads\/2025\/11\/gasdruckdampfer-fur-klappen.webp","datePublished":"2025-11-12T10:47:38+00:00","dateModified":"2025-11-12T10:47:39+00:00","breadcrumb":{"@id":"https:\/\/www.gastac.com\/de\/produkt\/gasdruckdaempfer-fuer-klappen\/#breadcrumb"},"inLanguage":"de","potentialAction":[{"@type":"ReadAction","target":["https:\/\/www.gastac.com\/de\/produkt\/gasdruckdaempfer-fuer-klappen\/"]}]},{"@type":"ImageObject","inLanguage":"de","@id":"https:\/\/www.gastac.com\/de\/produkt\/gasdruckdaempfer-fuer-klappen\/#primaryimage","url":"https:\/\/www.gastac.com\/wp-content\/uploads\/2025\/11\/gasdruckdampfer-fur-klappen.webp","contentUrl":"https:\/\/www.gastac.com\/wp-content\/uploads\/2025\/11\/gasdruckdampfer-fur-klappen.webp","width":500,"height":500,"caption":"gasdruckdampfer fur klappen"},{"@type":"BreadcrumbList","@id":"https:\/\/www.gastac.com\/de\/produkt\/gasdruckdaempfer-fuer-klappen\/#breadcrumb","itemListElement":[{"@type":"ListItem","position":1,"name":"Home","item":"https:\/\/www.gastac.com\/de\/"},{"@type":"ListItem","position":2,"name":"products","item":"https:\/\/www.gastac.com\/de\/products\/"},{"@type":"ListItem","position":3,"name":"Nicht kategorisiert","item":"https:\/\/www.gastac.com\/de\/product-category\/nicht-kategorisiert\/"},{"@type":"ListItem","position":4,"name":"Gasdruckd\u00e4mpfer f\u00fcr Klappen"}]},{"@type":"WebSite","@id":"https:\/\/www.gastac.com\/de\/#website","url":"https:\/\/www.gastac.com\/de\/","name":"Gastac Gas Spring","description":"China\u2019s Leading Gas Springs &amp; Struts Manufacturer","publisher":{"@id":"https:\/\/www.gastac.com\/de\/#organization"},"potentialAction":[{"@type":"SearchAction","target":{"@type":"EntryPoint","urlTemplate":"https:\/\/www.gastac.com\/de\/?s={search_term_string}"},"query-input":{"@type":"PropertyValueSpecification","valueRequired":true,"valueName":"search_term_string"}}],"inLanguage":"de"},{"@type":"Organization","@id":"https:\/\/www.gastac.com\/de\/#organization","name":"Ningbo Gastac Gas Spring Co.,Ltd","url":"https:\/\/www.gastac.com\/de\/","logo":{"@type":"ImageObject","inLanguage":"de","@id":"https:\/\/www.gastac.com\/de\/#\/schema\/logo\/image\/","url":"https:\/\/www.gastac.com\/wp-content\/uploads\/2025\/09\/LOGO\u672c\u8272-\u9ed1.webp","contentUrl":"https:\/\/www.gastac.com\/wp-content\/uploads\/2025\/09\/LOGO\u672c\u8272-\u9ed1.webp","width":1920,"height":1080,"caption":"Ningbo Gastac Gas Spring Co.,Ltd"},"image":{"@id":"https:\/\/www.gastac.com\/de\/#\/schema\/logo\/image\/"},"sameAs":["https:\/\/www.facebook.com\/profile.php?id=100092358464608","https:\/\/www.youtube.com\/@Gastac-Gas-Spring","https:\/\/www.linkedin.com\/in\/gastac-gas-spring\/","https:\/\/www.instagram.com\/gastacgasspring\/"]}]}},"_links":{"self":[{"href":"https:\/\/www.gastac.com\/de\/wp-json\/wp\/v2\/product\/19112","targetHints":{"allow":["GET"]}}],"collection":[{"href":"https:\/\/www.gastac.com\/de\/wp-json\/wp\/v2\/product"}],"about":[{"href":"https:\/\/www.gastac.com\/de\/wp-json\/wp\/v2\/types\/product"}],"replies":[{"embeddable":true,"href":"https:\/\/www.gastac.com\/de\/wp-json\/wp\/v2\/comments?post=19112"}],"wp:featuredmedia":[{"embeddable":true,"href":"https:\/\/www.gastac.com\/de\/wp-json\/wp\/v2\/media\/19116"}],"wp:attachment":[{"href":"https:\/\/www.gastac.com\/de\/wp-json\/wp\/v2\/media?parent=19112"}],"wp:term":[{"taxonomy":"product_brand","embeddable":true,"href":"https:\/\/www.gastac.com\/de\/wp-json\/wp\/v2\/product_brand?post=19112"},{"taxonomy":"product_cat","embeddable":true,"href":"https:\/\/www.gastac.com\/de\/wp-json\/wp\/v2\/product_cat?post=19112"},{"taxonomy":"product_tag","embeddable":true,"href":"https:\/\/www.gastac.com\/de\/wp-json\/wp\/v2\/product_tag?post=19112"}],"curies":[{"name":"wp","href":"https:\/\/api.w.org\/{rel}","templated":true}]}}