{"id":19074,"date":"2025-11-12T10:34:04","date_gmt":"2025-11-12T10:34:04","guid":{"rendered":"https:\/\/www.gastac.com\/?post_type=product&#038;p=19074"},"modified":"2025-11-12T10:34:04","modified_gmt":"2025-11-12T10:34:04","slug":"gasfeder-daempfer","status":"publish","type":"product","link":"https:\/\/www.gastac.com\/de\/produkt\/gasfeder-daempfer\/","title":{"rendered":"Gasfeder D\u00e4mpfer"},"content":{"rendered":"<p><strong>Gasfeder D\u00e4mpfer<\/strong><\/p>\n<p>Der Gasfederd\u00e4mpfer wird eingesetzt, wenn Klappen, Verkleidungen oder Teile kontrolliert angehoben oder abgesenkt werden m\u00fcssen. Sie unterst\u00fctzen Dynamik und D\u00e4mpfung und sorgen so f\u00fcr hohen Komfort, optimale Gewichtsverteilung und sichere Bewegung.<br \/>\n<img decoding=\"async\" class=\"lazyload aligncenter\" src=\"data:image\/svg+xml,%3Csvg%20xmlns%3D%27http%3A%2F%2Fwww.w3.org%2F2000%2Fsvg%27%20width%3D%27414%27%20height%3D%27276%27%20viewBox%3D%270%200%20414%20276%27%3E%3Crect%20width%3D%27414%27%20height%3D%27276%27%20fill-opacity%3D%220%22%2F%3E%3C%2Fsvg%3E\" data-orig-src=\"https:\/\/gastac.com\/wp-content\/uploads\/2023\/06\/Gasdruckdampfer-100-kg.png\" alt=\"Gasfeder D\u00e4mpfer \" width=\"414\" height=\"276\" \/><br \/>\n<img decoding=\"async\" class=\"lazyload aligncenter\" src=\"data:image\/svg+xml,%3Csvg%20xmlns%3D%27http%3A%2F%2Fwww.w3.org%2F2000%2Fsvg%27%20width%3D%27413%27%20height%3D%27275%27%20viewBox%3D%270%200%20413%20275%27%3E%3Crect%20width%3D%27413%27%20height%3D%27275%27%20fill-opacity%3D%220%22%2F%3E%3C%2Fsvg%3E\" data-orig-src=\"https:\/\/www.gastac.com\/wp-content\/uploads\/2023\/06\/gasdruckfeder-edelstahl-476x400.png\" alt=\"Gasfeder D\u00e4mpfer \" width=\"413\" height=\"275\" \/><br \/>\nGasfederd\u00e4mpfer hat keine Leistung mehr?<\/p>\n<p>Ersatz-Luftdruckabsorber mit Augenmaske k\u00f6nnen f\u00fcr viele Zwecke verwendet werden.<\/p>\n<p>Ein Qualit\u00e4tsprodukt mit verst\u00e4rktem Design.<\/p>\n<p>Gasfedern zum perfekten \u00d6ffnen und Schlie\u00dfen von Klappen, Toren, T\u00fcren etc. Bitte vergleichen Sie die Gr\u00f6\u00dfe auf den Bildern mit dem gew\u00fcnschten Produkt.<\/p>\n<p>Leichter und leiser Mechanismus mit leistungsstarken Ergebnissen. Gasfedern gibt es in verschiedenen Ausf\u00fchrungen.<\/p>\n<p>Gut zu wissen:<\/p>\n<p>Die Kraft des Gasdruckd\u00e4mpfers 100N\u00a0wird in Newton (N) angegeben. Je h\u00f6her der Newton-Wert, desto mehr Gewicht kann die Feder bewegen.<\/p>\n<p>Um das richtige Produkt zu finden, lesen Sie bitte die Informationen auf dem D\u00e4mpfer.<\/p>\n<p>Die Gasfeder ist ein Verschlei\u00dfteil, wenn die Kraft der Gasfeder nachl\u00e4sst, muss sie ausgetauscht werden.<\/p>\n<p>h\u00e4ufiges Problem:<\/p>\n<p>Kann der Gasdruckd\u00e4mpfer eingestellt bzw. nachjustiert werden?<\/p>\n<p>Nein, das ist nicht m\u00f6glich, der Gasdruckd\u00e4mpfer muss bei Verschlei\u00df ausgetauscht werden.<\/p>\n<p>&nbsp;<\/p>\n<p>Kann der D\u00e4mpfer repariert werden?<\/p>\n<p>Nein, das ist nicht m\u00f6glich, der Gasdruckd\u00e4mpfer muss bei Verschlei\u00df ausgetauscht werden.<\/p>\n<p>&nbsp;<\/p>\n<p>Der Luftdruckd\u00e4mpfer l\u00e4sst sich nicht eindr\u00fccken, ist er kaputt?<\/p>\n<p>Typischerweise bewegt sich der Gasdruckd\u00e4mpfer im eingebauten Zustand durch Hebelwirkung. Oftmals ist es unm\u00f6glich, mit der Hand gen\u00fcgend Druck auszu\u00fcben, um den D\u00e4mpfer zu bewegen. Der D\u00e4mpfer sollte also einwandfrei funktionieren.<\/p>\n<div>\n<div><strong>Gasdruckfede Anwendung\uff1a<\/strong><\/div>\n<p><img decoding=\"async\" class=\"lazyload \" src=\"data:image\/svg+xml,%3Csvg%20xmlns%3D%27http%3A%2F%2Fwww.w3.org%2F2000%2Fsvg%27%20width%3D%27413%27%20height%3D%27275%27%20viewBox%3D%270%200%20413%20275%27%3E%3Crect%20width%3D%27413%27%20height%3D%27275%27%20fill-opacity%3D%220%22%2F%3E%3C%2Fsvg%3E\" data-orig-src=\"https:\/\/gastac.com\/wp-content\/uploads\/2023\/06\/gasfeder-dampfer-1.jpg\" alt=\"Gasfeder D\u00e4mpfer \" width=\"413\" height=\"275\" \/><img decoding=\"async\" class=\"lazyload \" src=\"data:image\/svg+xml,%3Csvg%20xmlns%3D%27http%3A%2F%2Fwww.w3.org%2F2000%2Fsvg%27%20width%3D%27414%27%20height%3D%27276%27%20viewBox%3D%270%200%20414%20276%27%3E%3Crect%20width%3D%27414%27%20height%3D%27276%27%20fill-opacity%3D%220%22%2F%3E%3C%2Fsvg%3E\" data-orig-src=\"https:\/\/gastac.com\/wp-content\/uploads\/2023\/06\/gasfeder-dampfer-2-1.jpg\" alt=\"Gasfeder D\u00e4mpfer \" width=\"414\" height=\"276\" \/><\/p>\n<div><\/div>\n<\/div>\n","protected":false},"excerpt":{"rendered":"<p>Gasfeder D\u00e4mpfer Der Gasfederd\u00e4mpfer wird eingesetzt, wenn Klappen, Verkleidungen oder Teile kontrolliert angehoben oder abgesenkt werden m\u00fcssen. Sie unterst\u00fctzen Dynamik  [&#8230;]<\/p>\n","protected":false},"featured_media":19087,"comment_status":"open","ping_status":"closed","template":"","meta":[],"product_brand":[],"product_cat":[109],"product_tag":[],"class_list":{"0":"post-19074","1":"product","2":"type-product","3":"status-publish","4":"has-post-thumbnail","6":"product_cat-nicht-kategorisiert","8":"first","9":"instock","10":"shipping-taxable","11":"product-type-simple"},"yoast_head":"<!-- This site is optimized with the Yoast SEO Premium plugin v26.2 (Yoast SEO v27.4) - https:\/\/yoast.com\/product\/yoast-seo-premium-wordpress\/ -->\n<title>Gasfeder D\u00e4mpfer | Gastac Gas Spring<\/title>\n<meta name=\"robots\" content=\"index, follow, max-snippet:-1, max-image-preview:large, max-video-preview:-1\" \/>\n<link rel=\"canonical\" href=\"https:\/\/www.gastac.com\/de\/produkt\/gasfeder-daempfer\/\" \/>\n<meta property=\"og:locale\" content=\"de_DE\" \/>\n<meta property=\"og:type\" content=\"article\" \/>\n<meta property=\"og:title\" content=\"Gasfeder D\u00e4mpfer\" \/>\n<meta property=\"og:description\" content=\"Gasfeder D\u00e4mpfer Der Gasfederd\u00e4mpfer wird eingesetzt, wenn Klappen, Verkleidungen oder Teile kontrolliert angehoben oder abgesenkt werden m\u00fcssen. Sie unterst\u00fctzen Dynamik [...]\" \/>\n<meta property=\"og:url\" content=\"https:\/\/www.gastac.com\/de\/produkt\/gasfeder-daempfer\/\" \/>\n<meta property=\"og:site_name\" content=\"Gastac Gas Spring\" \/>\n<meta property=\"article:publisher\" content=\"https:\/\/www.facebook.com\/profile.php?id=100092358464608\" \/>\n<meta property=\"og:image\" content=\"https:\/\/www.gastac.com\/wp-content\/uploads\/2025\/11\/gasdruckfeder-klein.webp\" \/>\n\t<meta property=\"og:image:width\" content=\"370\" \/>\n\t<meta property=\"og:image:height\" content=\"386\" \/>\n\t<meta property=\"og:image:type\" content=\"image\/webp\" \/>\n<meta name=\"twitter:card\" content=\"summary_large_image\" \/>\n<meta name=\"twitter:label1\" content=\"Gesch\u00e4tzte Lesezeit\" \/>\n\t<meta name=\"twitter:data1\" content=\"1\u00a0Minute\" \/>\n<script type=\"application\/ld+json\" class=\"yoast-schema-graph\">{\"@context\":\"https:\\\/\\\/schema.org\",\"@graph\":[{\"@type\":\"WebPage\",\"@id\":\"https:\\\/\\\/www.gastac.com\\\/de\\\/produkt\\\/gasfeder-daempfer\\\/\",\"url\":\"https:\\\/\\\/www.gastac.com\\\/de\\\/produkt\\\/gasfeder-daempfer\\\/\",\"name\":\"Gasfeder D\u00e4mpfer | Gastac Gas Spring\",\"isPartOf\":{\"@id\":\"https:\\\/\\\/www.gastac.com\\\/de\\\/#website\"},\"primaryImageOfPage\":{\"@id\":\"https:\\\/\\\/www.gastac.com\\\/de\\\/produkt\\\/gasfeder-daempfer\\\/#primaryimage\"},\"image\":{\"@id\":\"https:\\\/\\\/www.gastac.com\\\/de\\\/produkt\\\/gasfeder-daempfer\\\/#primaryimage\"},\"thumbnailUrl\":\"https:\\\/\\\/www.gastac.com\\\/wp-content\\\/uploads\\\/2025\\\/11\\\/gasdruckfeder-klein.webp\",\"datePublished\":\"2025-11-12T10:34:04+00:00\",\"breadcrumb\":{\"@id\":\"https:\\\/\\\/www.gastac.com\\\/de\\\/produkt\\\/gasfeder-daempfer\\\/#breadcrumb\"},\"inLanguage\":\"de\",\"potentialAction\":[{\"@type\":\"ReadAction\",\"target\":[\"https:\\\/\\\/www.gastac.com\\\/de\\\/produkt\\\/gasfeder-daempfer\\\/\"]}]},{\"@type\":\"ImageObject\",\"inLanguage\":\"de\",\"@id\":\"https:\\\/\\\/www.gastac.com\\\/de\\\/produkt\\\/gasfeder-daempfer\\\/#primaryimage\",\"url\":\"https:\\\/\\\/www.gastac.com\\\/wp-content\\\/uploads\\\/2025\\\/11\\\/gasdruckfeder-klein.webp\",\"contentUrl\":\"https:\\\/\\\/www.gastac.com\\\/wp-content\\\/uploads\\\/2025\\\/11\\\/gasdruckfeder-klein.webp\",\"width\":370,\"height\":386,\"caption\":\"gasdruckfeder klein\"},{\"@type\":\"BreadcrumbList\",\"@id\":\"https:\\\/\\\/www.gastac.com\\\/de\\\/produkt\\\/gasfeder-daempfer\\\/#breadcrumb\",\"itemListElement\":[{\"@type\":\"ListItem\",\"position\":1,\"name\":\"Home\",\"item\":\"https:\\\/\\\/www.gastac.com\\\/de\\\/\"},{\"@type\":\"ListItem\",\"position\":2,\"name\":\"products\",\"item\":\"https:\\\/\\\/www.gastac.com\\\/de\\\/products\\\/\"},{\"@type\":\"ListItem\",\"position\":3,\"name\":\"Nicht kategorisiert\",\"item\":\"https:\\\/\\\/www.gastac.com\\\/de\\\/product-category\\\/nicht-kategorisiert\\\/\"},{\"@type\":\"ListItem\",\"position\":4,\"name\":\"Gasfeder D\u00e4mpfer\"}]},{\"@type\":\"WebSite\",\"@id\":\"https:\\\/\\\/www.gastac.com\\\/de\\\/#website\",\"url\":\"https:\\\/\\\/www.gastac.com\\\/de\\\/\",\"name\":\"Gastac Gas Spring\",\"description\":\"China\u2019s Leading Gas Springs &amp; Struts Manufacturer\",\"publisher\":{\"@id\":\"https:\\\/\\\/www.gastac.com\\\/de\\\/#organization\"},\"potentialAction\":[{\"@type\":\"SearchAction\",\"target\":{\"@type\":\"EntryPoint\",\"urlTemplate\":\"https:\\\/\\\/www.gastac.com\\\/de\\\/?s={search_term_string}\"},\"query-input\":{\"@type\":\"PropertyValueSpecification\",\"valueRequired\":true,\"valueName\":\"search_term_string\"}}],\"inLanguage\":\"de\"},{\"@type\":\"Organization\",\"@id\":\"https:\\\/\\\/www.gastac.com\\\/de\\\/#organization\",\"name\":\"Ningbo Gastac Gas Spring Co.,Ltd\",\"url\":\"https:\\\/\\\/www.gastac.com\\\/de\\\/\",\"logo\":{\"@type\":\"ImageObject\",\"inLanguage\":\"de\",\"@id\":\"https:\\\/\\\/www.gastac.com\\\/de\\\/#\\\/schema\\\/logo\\\/image\\\/\",\"url\":\"https:\\\/\\\/www.gastac.com\\\/wp-content\\\/uploads\\\/2025\\\/09\\\/LOGO\u672c\u8272-\u9ed1.webp\",\"contentUrl\":\"https:\\\/\\\/www.gastac.com\\\/wp-content\\\/uploads\\\/2025\\\/09\\\/LOGO\u672c\u8272-\u9ed1.webp\",\"width\":1920,\"height\":1080,\"caption\":\"Ningbo Gastac Gas Spring Co.,Ltd\"},\"image\":{\"@id\":\"https:\\\/\\\/www.gastac.com\\\/de\\\/#\\\/schema\\\/logo\\\/image\\\/\"},\"sameAs\":[\"https:\\\/\\\/www.facebook.com\\\/profile.php?id=100092358464608\",\"https:\\\/\\\/www.youtube.com\\\/@Gastac-Gas-Spring\",\"https:\\\/\\\/www.linkedin.com\\\/in\\\/gastac-gas-spring\\\/\",\"https:\\\/\\\/www.instagram.com\\\/gastacgasspring\\\/\"]}]}<\/script>\n<!-- \/ Yoast SEO Premium plugin. -->","yoast_head_json":{"title":"Gasfeder D\u00e4mpfer | Gastac Gas Spring","robots":{"index":"index","follow":"follow","max-snippet":"max-snippet:-1","max-image-preview":"max-image-preview:large","max-video-preview":"max-video-preview:-1"},"canonical":"https:\/\/www.gastac.com\/de\/produkt\/gasfeder-daempfer\/","og_locale":"de_DE","og_type":"article","og_title":"Gasfeder D\u00e4mpfer","og_description":"Gasfeder D\u00e4mpfer Der Gasfederd\u00e4mpfer wird eingesetzt, wenn Klappen, Verkleidungen oder Teile kontrolliert angehoben oder abgesenkt werden m\u00fcssen. Sie unterst\u00fctzen Dynamik [...]","og_url":"https:\/\/www.gastac.com\/de\/produkt\/gasfeder-daempfer\/","og_site_name":"Gastac Gas Spring","article_publisher":"https:\/\/www.facebook.com\/profile.php?id=100092358464608","og_image":[{"width":370,"height":386,"url":"https:\/\/www.gastac.com\/wp-content\/uploads\/2025\/11\/gasdruckfeder-klein.webp","type":"image\/webp"}],"twitter_card":"summary_large_image","twitter_misc":{"Gesch\u00e4tzte Lesezeit":"1\u00a0Minute"},"schema":{"@context":"https:\/\/schema.org","@graph":[{"@type":"WebPage","@id":"https:\/\/www.gastac.com\/de\/produkt\/gasfeder-daempfer\/","url":"https:\/\/www.gastac.com\/de\/produkt\/gasfeder-daempfer\/","name":"Gasfeder D\u00e4mpfer | Gastac Gas Spring","isPartOf":{"@id":"https:\/\/www.gastac.com\/de\/#website"},"primaryImageOfPage":{"@id":"https:\/\/www.gastac.com\/de\/produkt\/gasfeder-daempfer\/#primaryimage"},"image":{"@id":"https:\/\/www.gastac.com\/de\/produkt\/gasfeder-daempfer\/#primaryimage"},"thumbnailUrl":"https:\/\/www.gastac.com\/wp-content\/uploads\/2025\/11\/gasdruckfeder-klein.webp","datePublished":"2025-11-12T10:34:04+00:00","breadcrumb":{"@id":"https:\/\/www.gastac.com\/de\/produkt\/gasfeder-daempfer\/#breadcrumb"},"inLanguage":"de","potentialAction":[{"@type":"ReadAction","target":["https:\/\/www.gastac.com\/de\/produkt\/gasfeder-daempfer\/"]}]},{"@type":"ImageObject","inLanguage":"de","@id":"https:\/\/www.gastac.com\/de\/produkt\/gasfeder-daempfer\/#primaryimage","url":"https:\/\/www.gastac.com\/wp-content\/uploads\/2025\/11\/gasdruckfeder-klein.webp","contentUrl":"https:\/\/www.gastac.com\/wp-content\/uploads\/2025\/11\/gasdruckfeder-klein.webp","width":370,"height":386,"caption":"gasdruckfeder klein"},{"@type":"BreadcrumbList","@id":"https:\/\/www.gastac.com\/de\/produkt\/gasfeder-daempfer\/#breadcrumb","itemListElement":[{"@type":"ListItem","position":1,"name":"Home","item":"https:\/\/www.gastac.com\/de\/"},{"@type":"ListItem","position":2,"name":"products","item":"https:\/\/www.gastac.com\/de\/products\/"},{"@type":"ListItem","position":3,"name":"Nicht kategorisiert","item":"https:\/\/www.gastac.com\/de\/product-category\/nicht-kategorisiert\/"},{"@type":"ListItem","position":4,"name":"Gasfeder D\u00e4mpfer"}]},{"@type":"WebSite","@id":"https:\/\/www.gastac.com\/de\/#website","url":"https:\/\/www.gastac.com\/de\/","name":"Gastac Gas Spring","description":"China\u2019s Leading Gas Springs &amp; Struts Manufacturer","publisher":{"@id":"https:\/\/www.gastac.com\/de\/#organization"},"potentialAction":[{"@type":"SearchAction","target":{"@type":"EntryPoint","urlTemplate":"https:\/\/www.gastac.com\/de\/?s={search_term_string}"},"query-input":{"@type":"PropertyValueSpecification","valueRequired":true,"valueName":"search_term_string"}}],"inLanguage":"de"},{"@type":"Organization","@id":"https:\/\/www.gastac.com\/de\/#organization","name":"Ningbo Gastac Gas Spring Co.,Ltd","url":"https:\/\/www.gastac.com\/de\/","logo":{"@type":"ImageObject","inLanguage":"de","@id":"https:\/\/www.gastac.com\/de\/#\/schema\/logo\/image\/","url":"https:\/\/www.gastac.com\/wp-content\/uploads\/2025\/09\/LOGO\u672c\u8272-\u9ed1.webp","contentUrl":"https:\/\/www.gastac.com\/wp-content\/uploads\/2025\/09\/LOGO\u672c\u8272-\u9ed1.webp","width":1920,"height":1080,"caption":"Ningbo Gastac Gas Spring Co.,Ltd"},"image":{"@id":"https:\/\/www.gastac.com\/de\/#\/schema\/logo\/image\/"},"sameAs":["https:\/\/www.facebook.com\/profile.php?id=100092358464608","https:\/\/www.youtube.com\/@Gastac-Gas-Spring","https:\/\/www.linkedin.com\/in\/gastac-gas-spring\/","https:\/\/www.instagram.com\/gastacgasspring\/"]}]}},"_links":{"self":[{"href":"https:\/\/www.gastac.com\/de\/wp-json\/wp\/v2\/product\/19074","targetHints":{"allow":["GET"]}}],"collection":[{"href":"https:\/\/www.gastac.com\/de\/wp-json\/wp\/v2\/product"}],"about":[{"href":"https:\/\/www.gastac.com\/de\/wp-json\/wp\/v2\/types\/product"}],"replies":[{"embeddable":true,"href":"https:\/\/www.gastac.com\/de\/wp-json\/wp\/v2\/comments?post=19074"}],"wp:featuredmedia":[{"embeddable":true,"href":"https:\/\/www.gastac.com\/de\/wp-json\/wp\/v2\/media\/19087"}],"wp:attachment":[{"href":"https:\/\/www.gastac.com\/de\/wp-json\/wp\/v2\/media?parent=19074"}],"wp:term":[{"taxonomy":"product_brand","embeddable":true,"href":"https:\/\/www.gastac.com\/de\/wp-json\/wp\/v2\/product_brand?post=19074"},{"taxonomy":"product_cat","embeddable":true,"href":"https:\/\/www.gastac.com\/de\/wp-json\/wp\/v2\/product_cat?post=19074"},{"taxonomy":"product_tag","embeddable":true,"href":"https:\/\/www.gastac.com\/de\/wp-json\/wp\/v2\/product_tag?post=19074"}],"curies":[{"name":"wp","href":"https:\/\/api.w.org\/{rel}","templated":true}]}}