{"id":19063,"date":"2025-11-12T10:26:27","date_gmt":"2025-11-12T10:26:27","guid":{"rendered":"https:\/\/www.gastac.com\/?post_type=product&#038;p=19063"},"modified":"2025-11-12T10:26:28","modified_gmt":"2025-11-12T10:26:28","slug":"vw-t5-heckklappendaempfer","status":"publish","type":"product","link":"https:\/\/www.gastac.com\/de\/produkt\/vw-t5-heckklappendaempfer\/","title":{"rendered":"VW T5 Heckklappend\u00e4mpfer"},"content":{"rendered":"<h2><strong>VW T5 Heckklappend\u00e4mpfer<\/strong><\/h2>\n<p>Wenn Sie einen Reserveradhalter oder eine Aufbewahrungsbox an der Heckklappe Ihres T5 haben m\u00f6chten, ben\u00f6tigen Sie den VW T5 Heckklappend\u00e4mpfer, damit er Ihnen nicht auf den Kopf schl\u00e4gt.<\/p>\n<p>Diese von uns bei Gastac entworfenen und hergestellten Edelstahlhalterungen ver\u00e4ndern die Geometrie, um dem Heckklappend\u00e4mpfer des VW T5 mehr Hebelkraft zu verleihen und weniger Kraft zu ben\u00f6tigen, um die Heckklappe sicher zu st\u00fctzen.<\/p>\n<p>Wenn Sie einen Fahrradtr\u00e4ger hinter Ihrer Heckklappe haben, ist unser VW T5 Heckklappend\u00e4mpfer-Fahrradtr\u00e4ger genau das Richtige f\u00fcr Sie!<\/p>\n<p>Unsere verst\u00e4rkte Heckklappen-Gasdruckfeder f\u00fcr den VW T5 hat im Vergleich zur Standard-\/Original-Heckklappe einen zus\u00e4tzlichen Druck in den Streben, sodass die Heckklappe nicht st\u00e4ndig versucht, sich selbst zu schlie\u00dfen, wenn Sie einen Fahrradtr\u00e4ger oder zus\u00e4tzliches Gewicht auf der Heckklappe haben. Wir haben festgestellt, dass bereits das Anbringen eines Vorhangkastens an der Heckklappe ausreicht, um zu verhindern, dass sich die Heckklappe vollst\u00e4ndig \u00f6ffnet.<\/p>\n<p>Die Streben lassen sich einfach montieren, indem das Ende des VW T5 Heckklappend\u00e4mpfers auf das werkseitig montierte Kugelgelenk geschoben wird.<\/p>\n<table style=\"height: 831px;\" width=\"937\">\n<tbody>\n<tr>\n<td width=\"284\"><img decoding=\"async\" class=\"lazyload wp-image-89616 aligncenter\" src=\"data:image\/svg+xml,%3Csvg%20xmlns%3D%27http%3A%2F%2Fwww.w3.org%2F2000%2Fsvg%27%20width%3D%27372%27%20height%3D%27383%27%20viewBox%3D%270%200%20372%20383%27%3E%3Crect%20width%3D%27372%27%20height%3D%27383%27%20fill-opacity%3D%220%22%2F%3E%3C%2Fsvg%3E\" data-orig-src=\"https:\/\/gastac-com-591077.hostingersite.com\/wp-content\/uploads\/2023\/06\/vw-t6-heckklappendampfer-verstarkt.jpg\" alt=\"\" width=\"372\" height=\"383\" \/><\/td>\n<td width=\"284\"><img decoding=\"async\" class=\"lazyload wp-image-89625 aligncenter\" src=\"data:image\/svg+xml,%3Csvg%20xmlns%3D%27http%3A%2F%2Fwww.w3.org%2F2000%2Fsvg%27%20width%3D%27363%27%20height%3D%27478%27%20viewBox%3D%270%200%20363%20478%27%3E%3Crect%20width%3D%27363%27%20height%3D%27478%27%20fill-opacity%3D%220%22%2F%3E%3C%2Fsvg%3E\" data-orig-src=\"https:\/\/gastac-com-591077.hostingersite.com\/wp-content\/uploads\/2023\/06\/vw-t5-heckklappendampfer-verstarkt.jpg\" alt=\"\" width=\"363\" height=\"478\" \/><\/td>\n<\/tr>\n<tr>\n<td width=\"284\">vw t6 heckklappend\u00e4mpfer verst\u00e4rkt<\/td>\n<td width=\"284\">vw t5 heckklappend\u00e4mpfer verst\u00e4rkt<\/td>\n<\/tr>\n<tr>\n<td width=\"284\">7E0827550D<\/td>\n<td width=\"284\">7H0827550B<\/td>\n<\/tr>\n<tr>\n<td width=\"284\">Kolbenstangendurchmesser [mm]\uff1a12<\/td>\n<td width=\"284\">Kolbenstangendurchmesser [mm]\uff1a10<\/td>\n<\/tr>\n<tr>\n<td width=\"284\">Geh\u00e4usedurchmesser [mm]\uff1a25<\/td>\n<td width=\"284\">Geh\u00e4usedurchmesser [mm]\uff1a22<\/td>\n<\/tr>\n<tr>\n<td width=\"284\">Hub[mm]\uff1a200<\/td>\n<td width=\"284\">Hub[mm]\uff1a220<\/td>\n<\/tr>\n<tr>\n<td width=\"284\">L\u00e4nge [mm]\uff1a711<\/td>\n<td width=\"284\">L\u00e4nge [mm]\uff1a755<\/td>\n<\/tr>\n<tr>\n<td width=\"284\">Ausschubkraft [N]\uff1a1200N<\/td>\n<td width=\"284\">Ausschubkraft [N]\uff1a1080N<\/td>\n<\/tr>\n<tr>\n<td width=\"284\">700-1500N w\u00e4hlbar<\/td>\n<td width=\"284\">700-1500N w\u00e4hlbar<\/td>\n<\/tr>\n<\/tbody>\n<\/table>\n<p>Die\u00a0<a href=\"https:\/\/gastac-com-591077.hostingersite.com\/de\/produkt\/vw-t6-heckklappe-daempfer\/\"><strong data-immersive-translate-walked=\"f18ff184-b6a5-4524-b260-eb833c2d0f2a\">D\u00e4mpfer f\u00fcr Kofferraumdeckel<\/strong><\/a>, auch bekannt als\u00a0<strong data-immersive-translate-walked=\"f18ff184-b6a5-4524-b260-eb833c2d0f2a\">Kofferraumdeckel D\u00e4mpfer<\/strong>, spielen eine entscheidende Rolle f\u00fcr den Komfort und die Sicherheit beim \u00d6ffnen und Schlie\u00dfen des Kofferraums. Diese Gasdruckfedern sorgen daf\u00fcr, dass der Deckel sanft und kontrolliert ge\u00f6ffnet wird und in der gew\u00fcnschten Position bleibt, ohne ungewollt zuzufallen. Ein gut funktionierender\u00a0<strong data-immersive-translate-walked=\"f18ff184-b6a5-4524-b260-eb833c2d0f2a\">Kofferraumdeckel D\u00e4mpfer<\/strong>\u00a0erleichtert das Be- und Entladen erheblich und verhindert m\u00f6gliche Verletzungen oder Besch\u00e4digungen.<br \/>\n<strong><br \/>\n<\/strong><\/p>\n<h2><strong>D\u00e4mpfer f\u00fcr Kofferraumdeckel: Funktion, Vorteile und Auswahl<\/strong><\/h2>\n<ol>\n<li>\u00dcberlegene Lebensdauer und Qualit\u00e4t: \u201eUnsere Gastac Gasfedern \u00fcbertreffen den Industriestandard mit einer garantierten Lebensdauer von \u00fcber 100.000 Zyklen. Diese hohe Zyklenzahl, kombiniert mit unserer strengen Qualit\u00e4tskontrolle, gew\u00e4hrleistet eine langfristige und zuverl\u00e4ssige Funktion, die viele unserer Wettbewerber nicht erreichen.<\/li>\n<li>Schnelle und zuverl\u00e4ssige Lieferung: \u201eIm Vergleich zu unseren Wettbewerbern bieten wir mit einer Lieferzeit von nur 10-15 Werktagen eine au\u00dfergew\u00f6hnlich schnelle und zuverl\u00e4ssige Verf\u00fcgbarkeit unserer hochwertigen Gasfedern. So minimieren Sie Stillstandzeiten und k\u00f6nnen Ihre Projekte termingerecht realisieren.<\/li>\n<li>Langfristige Sicherheit durch Garantie: \u201eWir unterstreichen unser Vertrauen in die herausragende Qualit\u00e4t unserer Produkte mit einer umfassenden Garantie von zwei Jahren. Dies bietet Ihnen im Vergleich zu k\u00fcrzeren Garantiezeiten anderer Anbieter zus\u00e4tzliche Sicherheit f\u00fcr Ihre Investition.<\/li>\n<li>Unschlagbares Preis-Leistungs-Verh\u00e4ltnis: \u201eGastac bietet Ihnen ein unschlagbares Preis-Leistungs-Verh\u00e4ltnis f\u00fcr Gasfedern, die in Bezug auf Qualit\u00e4t und Lebensdauer oft die Produkte unserer Wettbewerber \u00fcbertreffen. Wir erm\u00f6glichen Ihnen somit Kosteneinsparungen ohne Kompromisse bei der Performance.<\/li>\n<\/ol>\n<p>Ben\u00f6tigen Sie eine ganz andere Art von Gasfeder? Schreiben Sie uns und wenn m\u00f6glich senden Sie uns ein Foto des gedruckten Modellnamens per E-Mail sales@gastac-com-591077.hostingersite.com!<\/p>\n<h2><strong>Gasdruckfede Anwendung<\/strong><\/h2>\n<p><img class=\"lazyload\" decoding=\"async\" src=\"data:image\/gif;base64,R0lGODlhAQABAAAAACH5BAEKAAEALAAAAAABAAEAAAICTAEAOw==\" data-orig-src=\"https:\/\/www.gastac.com\/wp-content\/uploads\/2023\/06\/vw-t6-heckklappe-dampfer-432x400.png\" alt=\"VW T5 Heckklappend\u00e4mpfer \" \/><img class=\"lazyload\" decoding=\"async\" src=\"data:image\/gif;base64,R0lGODlhAQABAAAAACH5BAEKAAEALAAAAAABAAEAAAICTAEAOw==\" data-orig-src=\"https:\/\/www.gastac.com\/wp-content\/uploads\/2023\/06\/vw-t5-heckklappendampfer-392x400.png\" alt=\"VW T5 Heckklappend\u00e4mpfer \" \/><\/p>\n","protected":false},"excerpt":{"rendered":"<p>VW T5 Heckklappend\u00e4mpfer Wenn Sie einen Reserveradhalter oder eine Aufbewahrungsbox an der Heckklappe Ihres T5 haben m\u00f6chten, ben\u00f6tigen Sie den  [&#8230;]<\/p>\n","protected":false},"featured_media":19068,"comment_status":"open","ping_status":"closed","template":"","meta":[],"product_brand":[],"product_cat":[109],"product_tag":[],"class_list":{"0":"post-19063","1":"product","2":"type-product","3":"status-publish","4":"has-post-thumbnail","6":"product_cat-nicht-kategorisiert","8":"first","9":"instock","10":"shipping-taxable","11":"product-type-simple"},"yoast_head":"<!-- This site is optimized with the Yoast SEO Premium plugin v26.2 (Yoast SEO v27.4) - https:\/\/yoast.com\/product\/yoast-seo-premium-wordpress\/ -->\n<title>VW T5 Heckklappend\u00e4mpfer | Gastac Gas Spring<\/title>\n<meta name=\"robots\" content=\"index, follow, max-snippet:-1, max-image-preview:large, max-video-preview:-1\" \/>\n<link rel=\"canonical\" href=\"https:\/\/www.gastac.com\/de\/produkt\/vw-t5-heckklappendaempfer\/\" \/>\n<meta property=\"og:locale\" content=\"de_DE\" \/>\n<meta property=\"og:type\" content=\"article\" \/>\n<meta property=\"og:title\" content=\"VW T5 Heckklappend\u00e4mpfer\" \/>\n<meta property=\"og:description\" content=\"VW T5 Heckklappend\u00e4mpfer Wenn Sie einen Reserveradhalter oder eine Aufbewahrungsbox an der Heckklappe Ihres T5 haben m\u00f6chten, ben\u00f6tigen Sie den [...]\" \/>\n<meta property=\"og:url\" content=\"https:\/\/www.gastac.com\/de\/produkt\/vw-t5-heckklappendaempfer\/\" \/>\n<meta property=\"og:site_name\" content=\"Gastac Gas Spring\" \/>\n<meta property=\"article:publisher\" content=\"https:\/\/www.facebook.com\/profile.php?id=100092358464608\" \/>\n<meta property=\"article:modified_time\" content=\"2025-11-12T10:26:28+00:00\" \/>\n<meta property=\"og:image\" content=\"https:\/\/www.gastac.com\/wp-content\/uploads\/2025\/11\/vw-t5-heckklappendampfer-600x600-1.webp\" \/>\n\t<meta property=\"og:image:width\" content=\"600\" \/>\n\t<meta property=\"og:image:height\" content=\"600\" \/>\n\t<meta property=\"og:image:type\" content=\"image\/webp\" \/>\n<meta name=\"twitter:card\" content=\"summary_large_image\" \/>\n<meta name=\"twitter:label1\" content=\"Gesch\u00e4tzte Lesezeit\" \/>\n\t<meta name=\"twitter:data1\" content=\"1\u00a0Minute\" \/>\n<script type=\"application\/ld+json\" class=\"yoast-schema-graph\">{\"@context\":\"https:\\\/\\\/schema.org\",\"@graph\":[{\"@type\":\"WebPage\",\"@id\":\"https:\\\/\\\/www.gastac.com\\\/de\\\/produkt\\\/vw-t5-heckklappendaempfer\\\/\",\"url\":\"https:\\\/\\\/www.gastac.com\\\/de\\\/produkt\\\/vw-t5-heckklappendaempfer\\\/\",\"name\":\"VW T5 Heckklappend\u00e4mpfer | Gastac Gas Spring\",\"isPartOf\":{\"@id\":\"https:\\\/\\\/www.gastac.com\\\/de\\\/#website\"},\"primaryImageOfPage\":{\"@id\":\"https:\\\/\\\/www.gastac.com\\\/de\\\/produkt\\\/vw-t5-heckklappendaempfer\\\/#primaryimage\"},\"image\":{\"@id\":\"https:\\\/\\\/www.gastac.com\\\/de\\\/produkt\\\/vw-t5-heckklappendaempfer\\\/#primaryimage\"},\"thumbnailUrl\":\"https:\\\/\\\/www.gastac.com\\\/wp-content\\\/uploads\\\/2025\\\/11\\\/vw-t5-heckklappendampfer-600x600-1.webp\",\"datePublished\":\"2025-11-12T10:26:27+00:00\",\"dateModified\":\"2025-11-12T10:26:28+00:00\",\"breadcrumb\":{\"@id\":\"https:\\\/\\\/www.gastac.com\\\/de\\\/produkt\\\/vw-t5-heckklappendaempfer\\\/#breadcrumb\"},\"inLanguage\":\"de\",\"potentialAction\":[{\"@type\":\"ReadAction\",\"target\":[\"https:\\\/\\\/www.gastac.com\\\/de\\\/produkt\\\/vw-t5-heckklappendaempfer\\\/\"]}]},{\"@type\":\"ImageObject\",\"inLanguage\":\"de\",\"@id\":\"https:\\\/\\\/www.gastac.com\\\/de\\\/produkt\\\/vw-t5-heckklappendaempfer\\\/#primaryimage\",\"url\":\"https:\\\/\\\/www.gastac.com\\\/wp-content\\\/uploads\\\/2025\\\/11\\\/vw-t5-heckklappendampfer-600x600-1.webp\",\"contentUrl\":\"https:\\\/\\\/www.gastac.com\\\/wp-content\\\/uploads\\\/2025\\\/11\\\/vw-t5-heckklappendampfer-600x600-1.webp\",\"width\":600,\"height\":600,\"caption\":\"vw t5 heckklappendampfer 600x600\"},{\"@type\":\"BreadcrumbList\",\"@id\":\"https:\\\/\\\/www.gastac.com\\\/de\\\/produkt\\\/vw-t5-heckklappendaempfer\\\/#breadcrumb\",\"itemListElement\":[{\"@type\":\"ListItem\",\"position\":1,\"name\":\"Home\",\"item\":\"https:\\\/\\\/www.gastac.com\\\/de\\\/\"},{\"@type\":\"ListItem\",\"position\":2,\"name\":\"products\",\"item\":\"https:\\\/\\\/www.gastac.com\\\/de\\\/products\\\/\"},{\"@type\":\"ListItem\",\"position\":3,\"name\":\"Nicht kategorisiert\",\"item\":\"https:\\\/\\\/www.gastac.com\\\/de\\\/product-category\\\/nicht-kategorisiert\\\/\"},{\"@type\":\"ListItem\",\"position\":4,\"name\":\"VW T5 Heckklappend\u00e4mpfer\"}]},{\"@type\":\"WebSite\",\"@id\":\"https:\\\/\\\/www.gastac.com\\\/de\\\/#website\",\"url\":\"https:\\\/\\\/www.gastac.com\\\/de\\\/\",\"name\":\"Gastac Gas Spring\",\"description\":\"China\u2019s Leading Gas Springs &amp; Struts Manufacturer\",\"publisher\":{\"@id\":\"https:\\\/\\\/www.gastac.com\\\/de\\\/#organization\"},\"potentialAction\":[{\"@type\":\"SearchAction\",\"target\":{\"@type\":\"EntryPoint\",\"urlTemplate\":\"https:\\\/\\\/www.gastac.com\\\/de\\\/?s={search_term_string}\"},\"query-input\":{\"@type\":\"PropertyValueSpecification\",\"valueRequired\":true,\"valueName\":\"search_term_string\"}}],\"inLanguage\":\"de\"},{\"@type\":\"Organization\",\"@id\":\"https:\\\/\\\/www.gastac.com\\\/de\\\/#organization\",\"name\":\"Ningbo Gastac Gas Spring Co.,Ltd\",\"url\":\"https:\\\/\\\/www.gastac.com\\\/de\\\/\",\"logo\":{\"@type\":\"ImageObject\",\"inLanguage\":\"de\",\"@id\":\"https:\\\/\\\/www.gastac.com\\\/de\\\/#\\\/schema\\\/logo\\\/image\\\/\",\"url\":\"https:\\\/\\\/www.gastac.com\\\/wp-content\\\/uploads\\\/2025\\\/09\\\/LOGO\u672c\u8272-\u9ed1.webp\",\"contentUrl\":\"https:\\\/\\\/www.gastac.com\\\/wp-content\\\/uploads\\\/2025\\\/09\\\/LOGO\u672c\u8272-\u9ed1.webp\",\"width\":1920,\"height\":1080,\"caption\":\"Ningbo Gastac Gas Spring Co.,Ltd\"},\"image\":{\"@id\":\"https:\\\/\\\/www.gastac.com\\\/de\\\/#\\\/schema\\\/logo\\\/image\\\/\"},\"sameAs\":[\"https:\\\/\\\/www.facebook.com\\\/profile.php?id=100092358464608\",\"https:\\\/\\\/www.youtube.com\\\/@Gastac-Gas-Spring\",\"https:\\\/\\\/www.linkedin.com\\\/in\\\/gastac-gas-spring\\\/\",\"https:\\\/\\\/www.instagram.com\\\/gastacgasspring\\\/\"]}]}<\/script>\n<!-- \/ Yoast SEO Premium plugin. -->","yoast_head_json":{"title":"VW T5 Heckklappend\u00e4mpfer | Gastac Gas Spring","robots":{"index":"index","follow":"follow","max-snippet":"max-snippet:-1","max-image-preview":"max-image-preview:large","max-video-preview":"max-video-preview:-1"},"canonical":"https:\/\/www.gastac.com\/de\/produkt\/vw-t5-heckklappendaempfer\/","og_locale":"de_DE","og_type":"article","og_title":"VW T5 Heckklappend\u00e4mpfer","og_description":"VW T5 Heckklappend\u00e4mpfer Wenn Sie einen Reserveradhalter oder eine Aufbewahrungsbox an der Heckklappe Ihres T5 haben m\u00f6chten, ben\u00f6tigen Sie den [...]","og_url":"https:\/\/www.gastac.com\/de\/produkt\/vw-t5-heckklappendaempfer\/","og_site_name":"Gastac Gas Spring","article_publisher":"https:\/\/www.facebook.com\/profile.php?id=100092358464608","article_modified_time":"2025-11-12T10:26:28+00:00","og_image":[{"width":600,"height":600,"url":"https:\/\/www.gastac.com\/wp-content\/uploads\/2025\/11\/vw-t5-heckklappendampfer-600x600-1.webp","type":"image\/webp"}],"twitter_card":"summary_large_image","twitter_misc":{"Gesch\u00e4tzte Lesezeit":"1\u00a0Minute"},"schema":{"@context":"https:\/\/schema.org","@graph":[{"@type":"WebPage","@id":"https:\/\/www.gastac.com\/de\/produkt\/vw-t5-heckklappendaempfer\/","url":"https:\/\/www.gastac.com\/de\/produkt\/vw-t5-heckklappendaempfer\/","name":"VW T5 Heckklappend\u00e4mpfer | Gastac Gas Spring","isPartOf":{"@id":"https:\/\/www.gastac.com\/de\/#website"},"primaryImageOfPage":{"@id":"https:\/\/www.gastac.com\/de\/produkt\/vw-t5-heckklappendaempfer\/#primaryimage"},"image":{"@id":"https:\/\/www.gastac.com\/de\/produkt\/vw-t5-heckklappendaempfer\/#primaryimage"},"thumbnailUrl":"https:\/\/www.gastac.com\/wp-content\/uploads\/2025\/11\/vw-t5-heckklappendampfer-600x600-1.webp","datePublished":"2025-11-12T10:26:27+00:00","dateModified":"2025-11-12T10:26:28+00:00","breadcrumb":{"@id":"https:\/\/www.gastac.com\/de\/produkt\/vw-t5-heckklappendaempfer\/#breadcrumb"},"inLanguage":"de","potentialAction":[{"@type":"ReadAction","target":["https:\/\/www.gastac.com\/de\/produkt\/vw-t5-heckklappendaempfer\/"]}]},{"@type":"ImageObject","inLanguage":"de","@id":"https:\/\/www.gastac.com\/de\/produkt\/vw-t5-heckklappendaempfer\/#primaryimage","url":"https:\/\/www.gastac.com\/wp-content\/uploads\/2025\/11\/vw-t5-heckklappendampfer-600x600-1.webp","contentUrl":"https:\/\/www.gastac.com\/wp-content\/uploads\/2025\/11\/vw-t5-heckklappendampfer-600x600-1.webp","width":600,"height":600,"caption":"vw t5 heckklappendampfer 600x600"},{"@type":"BreadcrumbList","@id":"https:\/\/www.gastac.com\/de\/produkt\/vw-t5-heckklappendaempfer\/#breadcrumb","itemListElement":[{"@type":"ListItem","position":1,"name":"Home","item":"https:\/\/www.gastac.com\/de\/"},{"@type":"ListItem","position":2,"name":"products","item":"https:\/\/www.gastac.com\/de\/products\/"},{"@type":"ListItem","position":3,"name":"Nicht kategorisiert","item":"https:\/\/www.gastac.com\/de\/product-category\/nicht-kategorisiert\/"},{"@type":"ListItem","position":4,"name":"VW T5 Heckklappend\u00e4mpfer"}]},{"@type":"WebSite","@id":"https:\/\/www.gastac.com\/de\/#website","url":"https:\/\/www.gastac.com\/de\/","name":"Gastac Gas Spring","description":"China\u2019s Leading Gas Springs &amp; Struts Manufacturer","publisher":{"@id":"https:\/\/www.gastac.com\/de\/#organization"},"potentialAction":[{"@type":"SearchAction","target":{"@type":"EntryPoint","urlTemplate":"https:\/\/www.gastac.com\/de\/?s={search_term_string}"},"query-input":{"@type":"PropertyValueSpecification","valueRequired":true,"valueName":"search_term_string"}}],"inLanguage":"de"},{"@type":"Organization","@id":"https:\/\/www.gastac.com\/de\/#organization","name":"Ningbo Gastac Gas Spring Co.,Ltd","url":"https:\/\/www.gastac.com\/de\/","logo":{"@type":"ImageObject","inLanguage":"de","@id":"https:\/\/www.gastac.com\/de\/#\/schema\/logo\/image\/","url":"https:\/\/www.gastac.com\/wp-content\/uploads\/2025\/09\/LOGO\u672c\u8272-\u9ed1.webp","contentUrl":"https:\/\/www.gastac.com\/wp-content\/uploads\/2025\/09\/LOGO\u672c\u8272-\u9ed1.webp","width":1920,"height":1080,"caption":"Ningbo Gastac Gas Spring Co.,Ltd"},"image":{"@id":"https:\/\/www.gastac.com\/de\/#\/schema\/logo\/image\/"},"sameAs":["https:\/\/www.facebook.com\/profile.php?id=100092358464608","https:\/\/www.youtube.com\/@Gastac-Gas-Spring","https:\/\/www.linkedin.com\/in\/gastac-gas-spring\/","https:\/\/www.instagram.com\/gastacgasspring\/"]}]}},"_links":{"self":[{"href":"https:\/\/www.gastac.com\/de\/wp-json\/wp\/v2\/product\/19063","targetHints":{"allow":["GET"]}}],"collection":[{"href":"https:\/\/www.gastac.com\/de\/wp-json\/wp\/v2\/product"}],"about":[{"href":"https:\/\/www.gastac.com\/de\/wp-json\/wp\/v2\/types\/product"}],"replies":[{"embeddable":true,"href":"https:\/\/www.gastac.com\/de\/wp-json\/wp\/v2\/comments?post=19063"}],"wp:featuredmedia":[{"embeddable":true,"href":"https:\/\/www.gastac.com\/de\/wp-json\/wp\/v2\/media\/19068"}],"wp:attachment":[{"href":"https:\/\/www.gastac.com\/de\/wp-json\/wp\/v2\/media?parent=19063"}],"wp:term":[{"taxonomy":"product_brand","embeddable":true,"href":"https:\/\/www.gastac.com\/de\/wp-json\/wp\/v2\/product_brand?post=19063"},{"taxonomy":"product_cat","embeddable":true,"href":"https:\/\/www.gastac.com\/de\/wp-json\/wp\/v2\/product_cat?post=19063"},{"taxonomy":"product_tag","embeddable":true,"href":"https:\/\/www.gastac.com\/de\/wp-json\/wp\/v2\/product_tag?post=19063"}],"curies":[{"name":"wp","href":"https:\/\/api.w.org\/{rel}","templated":true}]}}