{"id":19048,"date":"2025-11-12T10:19:21","date_gmt":"2025-11-12T10:19:21","guid":{"rendered":"https:\/\/www.gastac.com\/?post_type=product&#038;p=19048"},"modified":"2025-11-12T10:19:22","modified_gmt":"2025-11-12T10:19:22","slug":"lattenrost-mit-gasdruckfeder","status":"publish","type":"product","link":"https:\/\/www.gastac.com\/de\/produkt\/lattenrost-mit-gasdruckfeder\/","title":{"rendered":"Lattenrost Mit Gasdruckfeder"},"content":{"rendered":"<p><strong>Lattenrost Mit Gasdruckfeder<\/strong><\/p>\n<div>\n<p>Wozu dient das\u00a0lattenrost mit gasdruckfeder?<\/p>\n<p>Der bett mit gasdruckfeder bettkasten wird oft nicht nur als Schlafplatz genutzt, sondern auch als Aufbewahrungsm\u00f6glichkeit f\u00fcr Dinge, die nicht mehr in den Kleiderschrank passen. Ob integrierte Bettk\u00e4sten oder freistehende Bettk\u00e4sten, diese Modelle k\u00f6nnen helfen. Dank der Gasdruckfedern lassen sich die F\u00fc\u00dfe des Lattenrostes fast vollst\u00e4ndig hochklappen. Arbeitssparend, da der Druck der Federn fast automatisch arbeitet und der Vorgang einfach und sicher zu bedienen ist.<\/p>\n<p>Die Lattenroste mit Gasdruckfeder 90\u00d7200 bringen einen weiteren gro\u00dfen Vorteil mit sich, da sie \u00fcber hochwertige Liegeeigenschaften verf\u00fcgen und individuelle Schlafpositionen erm\u00f6glichen. Beim\u00a0Lattenrost mit Gasdruckfeder 90\u00d7200\u00a0wird zwischen dem verstellbaren Kopf- bzw. Fu\u00dfteil und mehreren beweglichen Bereichen unterschieden. Dies erm\u00f6glicht eine gezielte Anhebung des K\u00f6rpers, zum Beispiel im Fu\u00dfbereich, was den Druck auf Beine, Venen und Kreislauf reduziert. Mit dem\u00a0Lattenrost mit Gasdruckfeder 90\u00d7200\u00a0mit mehreren beweglichen Zonen k\u00f6nnen Sie die H\u00f6he der Holzlatten ganz einfach auf Ihre pers\u00f6nliche Komfortposition einstellen.<br \/>\n<img class=\"lazyload\" decoding=\"async\" src=\"data:image\/gif;base64,R0lGODlhAQABAAAAACH5BAEKAAEALAAAAAABAAEAAAICTAEAOw==\" data-orig-src=\"https:\/\/www.gastac.com\/wp-content\/uploads\/2023\/06\/lattenrost-mit-gasdruckfeder-2-400x400.jpg\" alt=\"Lattenrost Mit Gasdruckfeder \" \/><img class=\"lazyload\" decoding=\"async\" src=\"data:image\/gif;base64,R0lGODlhAQABAAAAACH5BAEKAAEALAAAAAABAAEAAAICTAEAOw==\" data-orig-src=\"https:\/\/www.gastac.com\/wp-content\/uploads\/2023\/06\/lattenrost-mit-gasdruckfeder-3-400x400.jpg\" alt=\"Lattenrost Mit Gasdruckfeder \" \/><br \/>\nWie montiere ich die Gasdruckfeder?<\/p>\n<p>Die Gasdruckfeder muss mit der Kolbenstange nach unten und in einem Winkel von 45\u00b0 zur Horizontalen gelagert und eingebaut werden. Dies ist wichtig, da so die Schmierung der inneren Zylinderdichtungen durch das in der Gasfeder befindliche \u00d6l gew\u00e4hrleistet bleibt.<\/p>\n<p>Das\u00a0Lattenrost mit Gasdruckfeder\u00a0ist besonders f\u00fcr aktive, modebewusste Schl\u00e4fer geeignet.<\/p>\n<p>Am besten verwenden Sie das\u00a0Lattenrost mit Gasdruckfeder in Kombination mit einer Matratze, die flexibel auf Bewegungen reagiert und vor allem in der Seitenlage einen hohen Schlafkomfort bietet.<\/p>\n<p>Die Metalloptik verleiht dem schlanken Design eine besonders dekorative Note.<\/p>\n<p>Bei der Verwendung des\u00a0lattenrost mit gasdruckfeder\u00a0ist es wichtig, dass die Matratze und der Lattenrost optimal aufeinander abgestimmt sind, denn nur so k\u00f6nnen die positiven Eigenschaften beider richtig genutzt und verst\u00e4rkt werden. lattenrost mit gasdruckfeder, auch Lattenrost genannt, ist ein wichtiger Bestandteil des Bettes, der den Liegekomfort unterst\u00fctzt und somit eine wichtige Voraussetzung f\u00fcr einen erholsamen Schlaf ist. Das Lattenrost mit Gasdruckfeder<\/p>\n<p>Das Lattenrost mit Gasdruckfeder hat die Aufgabe, die Matratze an die K\u00f6rperkonturen anzupassen und so den K\u00f6rper des Schl\u00e4fers w\u00e4hrend der Nacht zu entlasten. Dies sorgt f\u00fcr die n\u00f6tige Entspannung w\u00e4hrend der Schlafphase.<\/p>\n<p>Die gasdruckfeder bett\u00a0verbindet innovative Rahmentechnologie und Funktionalit\u00e4t perfekt miteinander. Hochelastische Leisten machen diese Unterfederung noch dynamischer. Vor allem im Bereich der Schultern. Der sensible \u201eSchulterrahmen\u201c empfiehlt sich besonders f\u00fcr Menschen, die morgens mit starken Druck- und Spannungsgef\u00fchlen in den Schultern aufwachen. Zus\u00e4tzlich zu den hervorragenden Federungseigenschaften ist der Stauraum des Bettes mit Bettkasten durch einfaches Anheben des Rahmens mit der eingebauten Gasdruckfeder leicht zug\u00e4nglich.<\/p>\n<div><strong>Gasdruckfede Anwendung<\/strong><\/div>\n<p><img class=\"lazyload\" decoding=\"async\" src=\"data:image\/gif;base64,R0lGODlhAQABAAAAACH5BAEKAAEALAAAAAABAAEAAAICTAEAOw==\" data-orig-src=\"https:\/\/www.gastac.com\/wp-content\/uploads\/2023\/06\/gasdruckfeder-bett-1-400x400.jpg\" alt=\"Lattenrost Mit Gasdruckfeder \" \/><img class=\"lazyload\" decoding=\"async\" src=\"data:image\/gif;base64,R0lGODlhAQABAAAAACH5BAEKAAEALAAAAAABAAEAAAICTAEAOw==\" data-orig-src=\"https:\/\/www.gastac.com\/wp-content\/uploads\/2023\/06\/gasdruckfeder-bettkasten-2-4-400x400.jpg\" alt=\"Lattenrost Mit Gasdruckfeder \" \/><\/p>\n<\/div>\n","protected":false},"excerpt":{"rendered":"<p>Lattenrost Mit Gasdruckfeder Wozu dient das\u00a0lattenrost mit gasdruckfeder? Der bett mit gasdruckfeder bettkasten wird oft nicht nur als Schlafplatz genutzt,  [&#8230;]<\/p>\n","protected":false},"featured_media":19053,"comment_status":"open","ping_status":"closed","template":"","meta":[],"product_brand":[],"product_cat":[109],"product_tag":[],"class_list":{"0":"post-19048","1":"product","2":"type-product","3":"status-publish","4":"has-post-thumbnail","6":"product_cat-nicht-kategorisiert","8":"first","9":"instock","10":"shipping-taxable","11":"product-type-simple"},"yoast_head":"<!-- This site is optimized with the Yoast SEO Premium plugin v26.2 (Yoast SEO v27.4) - https:\/\/yoast.com\/product\/yoast-seo-premium-wordpress\/ -->\n<title>Lattenrost Mit Gasdruckfeder | Gastac Gas Spring<\/title>\n<meta name=\"robots\" content=\"index, follow, max-snippet:-1, max-image-preview:large, max-video-preview:-1\" \/>\n<link rel=\"canonical\" href=\"https:\/\/www.gastac.com\/de\/produkt\/lattenrost-mit-gasdruckfeder\/\" \/>\n<meta property=\"og:locale\" content=\"de_DE\" \/>\n<meta property=\"og:type\" content=\"article\" \/>\n<meta property=\"og:title\" content=\"Lattenrost Mit Gasdruckfeder\" \/>\n<meta property=\"og:description\" content=\"Lattenrost Mit Gasdruckfeder Wozu dient das\u00a0lattenrost mit gasdruckfeder? Der bett mit gasdruckfeder bettkasten wird oft nicht nur als Schlafplatz genutzt, [...]\" \/>\n<meta property=\"og:url\" content=\"https:\/\/www.gastac.com\/de\/produkt\/lattenrost-mit-gasdruckfeder\/\" \/>\n<meta property=\"og:site_name\" content=\"Gastac Gas Spring\" \/>\n<meta property=\"article:publisher\" content=\"https:\/\/www.facebook.com\/profile.php?id=100092358464608\" \/>\n<meta property=\"article:modified_time\" content=\"2025-11-12T10:19:22+00:00\" \/>\n<meta property=\"og:image\" content=\"https:\/\/www.gastac.com\/wp-content\/uploads\/2025\/11\/lattenrost-mit-gasdruckfeder-2-1.webp\" \/>\n\t<meta property=\"og:image:width\" content=\"600\" \/>\n\t<meta property=\"og:image:height\" content=\"600\" \/>\n\t<meta property=\"og:image:type\" content=\"image\/webp\" \/>\n<meta name=\"twitter:card\" content=\"summary_large_image\" \/>\n<meta name=\"twitter:label1\" content=\"Gesch\u00e4tzte Lesezeit\" \/>\n\t<meta name=\"twitter:data1\" content=\"1\u00a0Minute\" \/>\n<script type=\"application\/ld+json\" class=\"yoast-schema-graph\">{\"@context\":\"https:\\\/\\\/schema.org\",\"@graph\":[{\"@type\":\"WebPage\",\"@id\":\"https:\\\/\\\/www.gastac.com\\\/de\\\/produkt\\\/lattenrost-mit-gasdruckfeder\\\/\",\"url\":\"https:\\\/\\\/www.gastac.com\\\/de\\\/produkt\\\/lattenrost-mit-gasdruckfeder\\\/\",\"name\":\"Lattenrost Mit Gasdruckfeder | Gastac Gas Spring\",\"isPartOf\":{\"@id\":\"https:\\\/\\\/www.gastac.com\\\/de\\\/#website\"},\"primaryImageOfPage\":{\"@id\":\"https:\\\/\\\/www.gastac.com\\\/de\\\/produkt\\\/lattenrost-mit-gasdruckfeder\\\/#primaryimage\"},\"image\":{\"@id\":\"https:\\\/\\\/www.gastac.com\\\/de\\\/produkt\\\/lattenrost-mit-gasdruckfeder\\\/#primaryimage\"},\"thumbnailUrl\":\"https:\\\/\\\/www.gastac.com\\\/wp-content\\\/uploads\\\/2025\\\/11\\\/lattenrost-mit-gasdruckfeder-2-1.webp\",\"datePublished\":\"2025-11-12T10:19:21+00:00\",\"dateModified\":\"2025-11-12T10:19:22+00:00\",\"breadcrumb\":{\"@id\":\"https:\\\/\\\/www.gastac.com\\\/de\\\/produkt\\\/lattenrost-mit-gasdruckfeder\\\/#breadcrumb\"},\"inLanguage\":\"de\",\"potentialAction\":[{\"@type\":\"ReadAction\",\"target\":[\"https:\\\/\\\/www.gastac.com\\\/de\\\/produkt\\\/lattenrost-mit-gasdruckfeder\\\/\"]}]},{\"@type\":\"ImageObject\",\"inLanguage\":\"de\",\"@id\":\"https:\\\/\\\/www.gastac.com\\\/de\\\/produkt\\\/lattenrost-mit-gasdruckfeder\\\/#primaryimage\",\"url\":\"https:\\\/\\\/www.gastac.com\\\/wp-content\\\/uploads\\\/2025\\\/11\\\/lattenrost-mit-gasdruckfeder-2-1.webp\",\"contentUrl\":\"https:\\\/\\\/www.gastac.com\\\/wp-content\\\/uploads\\\/2025\\\/11\\\/lattenrost-mit-gasdruckfeder-2-1.webp\",\"width\":600,\"height\":600,\"caption\":\"lattenrost mit gasdruckfeder 2 1\"},{\"@type\":\"BreadcrumbList\",\"@id\":\"https:\\\/\\\/www.gastac.com\\\/de\\\/produkt\\\/lattenrost-mit-gasdruckfeder\\\/#breadcrumb\",\"itemListElement\":[{\"@type\":\"ListItem\",\"position\":1,\"name\":\"Home\",\"item\":\"https:\\\/\\\/www.gastac.com\\\/de\\\/\"},{\"@type\":\"ListItem\",\"position\":2,\"name\":\"products\",\"item\":\"https:\\\/\\\/www.gastac.com\\\/de\\\/products\\\/\"},{\"@type\":\"ListItem\",\"position\":3,\"name\":\"Nicht kategorisiert\",\"item\":\"https:\\\/\\\/www.gastac.com\\\/de\\\/product-category\\\/nicht-kategorisiert\\\/\"},{\"@type\":\"ListItem\",\"position\":4,\"name\":\"Lattenrost Mit Gasdruckfeder\"}]},{\"@type\":\"WebSite\",\"@id\":\"https:\\\/\\\/www.gastac.com\\\/de\\\/#website\",\"url\":\"https:\\\/\\\/www.gastac.com\\\/de\\\/\",\"name\":\"Gastac Gas Spring\",\"description\":\"China\u2019s Leading Gas Springs &amp; Struts Manufacturer\",\"publisher\":{\"@id\":\"https:\\\/\\\/www.gastac.com\\\/de\\\/#organization\"},\"potentialAction\":[{\"@type\":\"SearchAction\",\"target\":{\"@type\":\"EntryPoint\",\"urlTemplate\":\"https:\\\/\\\/www.gastac.com\\\/de\\\/?s={search_term_string}\"},\"query-input\":{\"@type\":\"PropertyValueSpecification\",\"valueRequired\":true,\"valueName\":\"search_term_string\"}}],\"inLanguage\":\"de\"},{\"@type\":\"Organization\",\"@id\":\"https:\\\/\\\/www.gastac.com\\\/de\\\/#organization\",\"name\":\"Ningbo Gastac Gas Spring Co.,Ltd\",\"url\":\"https:\\\/\\\/www.gastac.com\\\/de\\\/\",\"logo\":{\"@type\":\"ImageObject\",\"inLanguage\":\"de\",\"@id\":\"https:\\\/\\\/www.gastac.com\\\/de\\\/#\\\/schema\\\/logo\\\/image\\\/\",\"url\":\"https:\\\/\\\/www.gastac.com\\\/wp-content\\\/uploads\\\/2025\\\/09\\\/LOGO\u672c\u8272-\u9ed1.webp\",\"contentUrl\":\"https:\\\/\\\/www.gastac.com\\\/wp-content\\\/uploads\\\/2025\\\/09\\\/LOGO\u672c\u8272-\u9ed1.webp\",\"width\":1920,\"height\":1080,\"caption\":\"Ningbo Gastac Gas Spring Co.,Ltd\"},\"image\":{\"@id\":\"https:\\\/\\\/www.gastac.com\\\/de\\\/#\\\/schema\\\/logo\\\/image\\\/\"},\"sameAs\":[\"https:\\\/\\\/www.facebook.com\\\/profile.php?id=100092358464608\",\"https:\\\/\\\/www.youtube.com\\\/@Gastac-Gas-Spring\",\"https:\\\/\\\/www.linkedin.com\\\/in\\\/gastac-gas-spring\\\/\",\"https:\\\/\\\/www.instagram.com\\\/gastacgasspring\\\/\"]}]}<\/script>\n<!-- \/ Yoast SEO Premium plugin. -->","yoast_head_json":{"title":"Lattenrost Mit Gasdruckfeder | Gastac Gas Spring","robots":{"index":"index","follow":"follow","max-snippet":"max-snippet:-1","max-image-preview":"max-image-preview:large","max-video-preview":"max-video-preview:-1"},"canonical":"https:\/\/www.gastac.com\/de\/produkt\/lattenrost-mit-gasdruckfeder\/","og_locale":"de_DE","og_type":"article","og_title":"Lattenrost Mit Gasdruckfeder","og_description":"Lattenrost Mit Gasdruckfeder Wozu dient das\u00a0lattenrost mit gasdruckfeder? Der bett mit gasdruckfeder bettkasten wird oft nicht nur als Schlafplatz genutzt, [...]","og_url":"https:\/\/www.gastac.com\/de\/produkt\/lattenrost-mit-gasdruckfeder\/","og_site_name":"Gastac Gas Spring","article_publisher":"https:\/\/www.facebook.com\/profile.php?id=100092358464608","article_modified_time":"2025-11-12T10:19:22+00:00","og_image":[{"width":600,"height":600,"url":"https:\/\/www.gastac.com\/wp-content\/uploads\/2025\/11\/lattenrost-mit-gasdruckfeder-2-1.webp","type":"image\/webp"}],"twitter_card":"summary_large_image","twitter_misc":{"Gesch\u00e4tzte Lesezeit":"1\u00a0Minute"},"schema":{"@context":"https:\/\/schema.org","@graph":[{"@type":"WebPage","@id":"https:\/\/www.gastac.com\/de\/produkt\/lattenrost-mit-gasdruckfeder\/","url":"https:\/\/www.gastac.com\/de\/produkt\/lattenrost-mit-gasdruckfeder\/","name":"Lattenrost Mit Gasdruckfeder | Gastac Gas Spring","isPartOf":{"@id":"https:\/\/www.gastac.com\/de\/#website"},"primaryImageOfPage":{"@id":"https:\/\/www.gastac.com\/de\/produkt\/lattenrost-mit-gasdruckfeder\/#primaryimage"},"image":{"@id":"https:\/\/www.gastac.com\/de\/produkt\/lattenrost-mit-gasdruckfeder\/#primaryimage"},"thumbnailUrl":"https:\/\/www.gastac.com\/wp-content\/uploads\/2025\/11\/lattenrost-mit-gasdruckfeder-2-1.webp","datePublished":"2025-11-12T10:19:21+00:00","dateModified":"2025-11-12T10:19:22+00:00","breadcrumb":{"@id":"https:\/\/www.gastac.com\/de\/produkt\/lattenrost-mit-gasdruckfeder\/#breadcrumb"},"inLanguage":"de","potentialAction":[{"@type":"ReadAction","target":["https:\/\/www.gastac.com\/de\/produkt\/lattenrost-mit-gasdruckfeder\/"]}]},{"@type":"ImageObject","inLanguage":"de","@id":"https:\/\/www.gastac.com\/de\/produkt\/lattenrost-mit-gasdruckfeder\/#primaryimage","url":"https:\/\/www.gastac.com\/wp-content\/uploads\/2025\/11\/lattenrost-mit-gasdruckfeder-2-1.webp","contentUrl":"https:\/\/www.gastac.com\/wp-content\/uploads\/2025\/11\/lattenrost-mit-gasdruckfeder-2-1.webp","width":600,"height":600,"caption":"lattenrost mit gasdruckfeder 2 1"},{"@type":"BreadcrumbList","@id":"https:\/\/www.gastac.com\/de\/produkt\/lattenrost-mit-gasdruckfeder\/#breadcrumb","itemListElement":[{"@type":"ListItem","position":1,"name":"Home","item":"https:\/\/www.gastac.com\/de\/"},{"@type":"ListItem","position":2,"name":"products","item":"https:\/\/www.gastac.com\/de\/products\/"},{"@type":"ListItem","position":3,"name":"Nicht kategorisiert","item":"https:\/\/www.gastac.com\/de\/product-category\/nicht-kategorisiert\/"},{"@type":"ListItem","position":4,"name":"Lattenrost Mit Gasdruckfeder"}]},{"@type":"WebSite","@id":"https:\/\/www.gastac.com\/de\/#website","url":"https:\/\/www.gastac.com\/de\/","name":"Gastac Gas Spring","description":"China\u2019s Leading Gas Springs &amp; Struts Manufacturer","publisher":{"@id":"https:\/\/www.gastac.com\/de\/#organization"},"potentialAction":[{"@type":"SearchAction","target":{"@type":"EntryPoint","urlTemplate":"https:\/\/www.gastac.com\/de\/?s={search_term_string}"},"query-input":{"@type":"PropertyValueSpecification","valueRequired":true,"valueName":"search_term_string"}}],"inLanguage":"de"},{"@type":"Organization","@id":"https:\/\/www.gastac.com\/de\/#organization","name":"Ningbo Gastac Gas Spring Co.,Ltd","url":"https:\/\/www.gastac.com\/de\/","logo":{"@type":"ImageObject","inLanguage":"de","@id":"https:\/\/www.gastac.com\/de\/#\/schema\/logo\/image\/","url":"https:\/\/www.gastac.com\/wp-content\/uploads\/2025\/09\/LOGO\u672c\u8272-\u9ed1.webp","contentUrl":"https:\/\/www.gastac.com\/wp-content\/uploads\/2025\/09\/LOGO\u672c\u8272-\u9ed1.webp","width":1920,"height":1080,"caption":"Ningbo Gastac Gas Spring Co.,Ltd"},"image":{"@id":"https:\/\/www.gastac.com\/de\/#\/schema\/logo\/image\/"},"sameAs":["https:\/\/www.facebook.com\/profile.php?id=100092358464608","https:\/\/www.youtube.com\/@Gastac-Gas-Spring","https:\/\/www.linkedin.com\/in\/gastac-gas-spring\/","https:\/\/www.instagram.com\/gastacgasspring\/"]}]}},"_links":{"self":[{"href":"https:\/\/www.gastac.com\/de\/wp-json\/wp\/v2\/product\/19048","targetHints":{"allow":["GET"]}}],"collection":[{"href":"https:\/\/www.gastac.com\/de\/wp-json\/wp\/v2\/product"}],"about":[{"href":"https:\/\/www.gastac.com\/de\/wp-json\/wp\/v2\/types\/product"}],"replies":[{"embeddable":true,"href":"https:\/\/www.gastac.com\/de\/wp-json\/wp\/v2\/comments?post=19048"}],"wp:featuredmedia":[{"embeddable":true,"href":"https:\/\/www.gastac.com\/de\/wp-json\/wp\/v2\/media\/19053"}],"wp:attachment":[{"href":"https:\/\/www.gastac.com\/de\/wp-json\/wp\/v2\/media?parent=19048"}],"wp:term":[{"taxonomy":"product_brand","embeddable":true,"href":"https:\/\/www.gastac.com\/de\/wp-json\/wp\/v2\/product_brand?post=19048"},{"taxonomy":"product_cat","embeddable":true,"href":"https:\/\/www.gastac.com\/de\/wp-json\/wp\/v2\/product_cat?post=19048"},{"taxonomy":"product_tag","embeddable":true,"href":"https:\/\/www.gastac.com\/de\/wp-json\/wp\/v2\/product_tag?post=19048"}],"curies":[{"name":"wp","href":"https:\/\/api.w.org\/{rel}","templated":true}]}}