{"id":19021,"date":"2025-11-12T10:02:22","date_gmt":"2025-11-12T10:02:22","guid":{"rendered":"https:\/\/www.gastac.com\/?post_type=product&#038;p=19021"},"modified":"2025-11-12T10:02:23","modified_gmt":"2025-11-12T10:02:23","slug":"opel-corsa-c-heckklappendaempfer","status":"publish","type":"product","link":"https:\/\/www.gastac.com\/de\/produkt\/opel-corsa-c-heckklappendaempfer\/","title":{"rendered":"Opel Corsa C heckklappend\u00e4mpfer"},"content":{"rendered":"<p>Opel Corsa C heckklappend\u00e4mpfer<\/p>\n<p>Jedes Auto muss fr\u00fcher oder sp\u00e4ter repariert werden. Sollten Sie als Alternative zum OPEL Corsa C\/D einen Opel Corsa C Checkklappend\u00e4mpfer oder einen Opel Corsa D Heckklappend\u00e4mpfer w\u00e4hlen?<\/p>\n<p>Was Sie bei der Auswahl und dem Kauf eines neuen Heckklappend\u00e4mpfers beachten sollten:<br \/>\nKompatibilit\u00e4t mit Ihrem Fahrzeug<br \/>\nProfessionelle Meinung<br \/>\nKundenmeinungen und Erfahrungen<br \/>\nAutomarke<br \/>\nPreis<\/p>\n<p>Heckklappend\u00e4mpfer f\u00fcr OPEL Corsa D Schr\u00e4gheck (S07) ab 07.2006<\/p>\n<p>1.3 CDTI (L08, L68) 75 PS 07.2006 \u2013 08.2014<\/p>\n<p>1.2 (L08, L68) 80 PS 07.2006 \u2013 08.2014<\/p>\n<p>1.3 CDTI (L08, L68) 95 PS 06.2010 \u2013 08.2014<\/p>\n<p>1.2 (L08, L68) 86 PS 06.2010 \u2013 08.2014<\/p>\n<p>1.4 (L08, L68) 90 PS 07.2006 \u2013 08.2014<\/p>\n<p>Heckklappend\u00e4mpfer f\u00fcr OPEL Corsa C Schr\u00e4gheck (X01) ab 09.2000<\/p>\n<p>1.2 (F08, F68) 75 PS 09.2000 \u2013 12.2009<\/p>\n<p>1.0 (F08, F68) 58 PS 09.2000 \u2013 06.2003<\/p>\n<p>1.3 CDTI (F08, F68) 70 PS 06.2003 \u2013 12.2009<\/p>\n<p>1.2 Twinport (F08, F68) 80 PS 07.2004 \u2013 12.2009<\/p>\n<p>1.0 (F08, F68) 60 PS 06.2003 \u2013 12.2009<\/p>\n<p>Heckklappend\u00e4mpfer f\u00fcr OPEL Corsa E Schr\u00e4gheck (X15) ab 09.2014<\/p>\n<p>1.4 (08, 68) 90 PS 09.2014 \u2013 \u2026<\/p>\n<p>1.2 (08, 68) 69 PS 09.2014 \u2013 \u2026<\/p>\n<p>1.3 CDTI (08, 68) 75 PS 09.2014 \u2013 \u2026<\/p>\n<p>1.3 CDTI (08, 68) 95 PS 09.2014 \u2013 \u2026<\/p>\n<p>1.4 Turbo (08, 68) 101 PS 09.2014 \u2013 \u2026<\/p>\n<p>Wir verkaufen Industriegasfedern \/ Gasfedern. Allgemein anwendbar, zum Beispiel:<br \/>\n\u2013 Verkauf von Anh\u00e4ngern, Pferdekutschen, diversen Anh\u00e4ngern<br \/>\n\u2013 Dachboxen, Dachtr\u00e4ger<br \/>\n\u2013 Motor, Motorhaube<br \/>\n\u2013 Kofferraum, Heckklappe<br \/>\n\u2013 Dachluken, Dachtreppen<br \/>\n\u2013 BMW, Audi, Smart, Nissan, Hyundai, Opel, Skoda, Volkswagen, Ford<br \/>\n\u2013 ETC.<\/p>\n<p>Ben\u00f6tigen Sie eine ganz andere Art von Gasfeder? Schreiben Sie uns und wenn m\u00f6glich senden Sie uns ein Foto des gedruckten Modellnamens per E-Mail sales@gastac-com-591077.hostingersite.com!<\/p>\n<p>Gasdruckfede Anwendung<br \/>\n<img decoding=\"async\" class=\"lazyload \" src=\"data:image\/svg+xml,%3Csvg%20xmlns%3D%27http%3A%2F%2Fwww.w3.org%2F2000%2Fsvg%27%20width%3D%27430%27%20height%3D%27430%27%20viewBox%3D%270%200%20430%20430%27%3E%3Crect%20width%3D%27430%27%20height%3D%27430%27%20fill-opacity%3D%220%22%2F%3E%3C%2Fsvg%3E\" data-orig-src=\"https:\/\/www.gastac.com\/wp-content\/uploads\/2023\/06\/heckklappendampfer-opel-corsa-c.jpg\" alt=\"Opel Corsa C heckklappend\u00e4mpfer \" width=\"430\" height=\"430\" \/><img decoding=\"async\" class=\"lazyload \" src=\"data:image\/svg+xml,%3Csvg%20xmlns%3D%27http%3A%2F%2Fwww.w3.org%2F2000%2Fsvg%27%20width%3D%27422%27%20height%3D%27429%27%20viewBox%3D%270%200%20422%20429%27%3E%3Crect%20width%3D%27422%27%20height%3D%27429%27%20fill-opacity%3D%220%22%2F%3E%3C%2Fsvg%3E\" data-orig-src=\"https:\/\/www.gastac.com\/wp-content\/uploads\/2023\/06\/opel-corsa-c-heckklappendampfer.png\" alt=\"Opel Corsa C heckklappend\u00e4mpfer \" width=\"422\" height=\"429\" \/><\/p>\n","protected":false},"excerpt":{"rendered":"<p>Opel Corsa C heckklappend\u00e4mpfer Jedes Auto muss fr\u00fcher oder sp\u00e4ter repariert werden. Sollten Sie als Alternative zum OPEL Corsa C\/D  [&#8230;]<\/p>\n","protected":false},"featured_media":19026,"comment_status":"open","ping_status":"closed","template":"","meta":[],"product_brand":[],"product_cat":[109],"product_tag":[],"class_list":{"0":"post-19021","1":"product","2":"type-product","3":"status-publish","4":"has-post-thumbnail","6":"product_cat-nicht-kategorisiert","8":"first","9":"instock","10":"shipping-taxable","11":"product-type-simple"},"yoast_head":"<!-- This site is optimized with the Yoast SEO Premium plugin v26.2 (Yoast SEO v27.4) - https:\/\/yoast.com\/product\/yoast-seo-premium-wordpress\/ -->\n<title>Opel Corsa C heckklappend\u00e4mpfer | Gastac Gas Spring<\/title>\n<meta name=\"robots\" content=\"index, follow, max-snippet:-1, max-image-preview:large, max-video-preview:-1\" \/>\n<link rel=\"canonical\" href=\"https:\/\/www.gastac.com\/de\/produkt\/opel-corsa-c-heckklappendaempfer\/\" \/>\n<meta property=\"og:locale\" content=\"de_DE\" \/>\n<meta property=\"og:type\" content=\"article\" \/>\n<meta property=\"og:title\" content=\"Opel Corsa C heckklappend\u00e4mpfer\" \/>\n<meta property=\"og:description\" content=\"Opel Corsa C heckklappend\u00e4mpfer Jedes Auto muss fr\u00fcher oder sp\u00e4ter repariert werden. Sollten Sie als Alternative zum OPEL Corsa C\/D [...]\" \/>\n<meta property=\"og:url\" content=\"https:\/\/www.gastac.com\/de\/produkt\/opel-corsa-c-heckklappendaempfer\/\" \/>\n<meta property=\"og:site_name\" content=\"Gastac Gas Spring\" \/>\n<meta property=\"article:publisher\" content=\"https:\/\/www.facebook.com\/profile.php?id=100092358464608\" \/>\n<meta property=\"article:modified_time\" content=\"2025-11-12T10:02:23+00:00\" \/>\n<meta property=\"og:image\" content=\"https:\/\/www.gastac.com\/wp-content\/uploads\/2025\/11\/opel-corsa-c-heckklappendampfer.webp\" \/>\n\t<meta property=\"og:image:width\" content=\"1111\" \/>\n\t<meta property=\"og:image:height\" content=\"1111\" \/>\n\t<meta property=\"og:image:type\" content=\"image\/webp\" \/>\n<meta name=\"twitter:card\" content=\"summary_large_image\" \/>\n<meta name=\"twitter:label1\" content=\"Gesch\u00e4tzte Lesezeit\" \/>\n\t<meta name=\"twitter:data1\" content=\"1\u00a0Minute\" \/>\n<script type=\"application\/ld+json\" class=\"yoast-schema-graph\">{\"@context\":\"https:\\\/\\\/schema.org\",\"@graph\":[{\"@type\":\"WebPage\",\"@id\":\"https:\\\/\\\/www.gastac.com\\\/de\\\/produkt\\\/opel-corsa-c-heckklappendaempfer\\\/\",\"url\":\"https:\\\/\\\/www.gastac.com\\\/de\\\/produkt\\\/opel-corsa-c-heckklappendaempfer\\\/\",\"name\":\"Opel Corsa C heckklappend\u00e4mpfer | Gastac Gas Spring\",\"isPartOf\":{\"@id\":\"https:\\\/\\\/www.gastac.com\\\/de\\\/#website\"},\"primaryImageOfPage\":{\"@id\":\"https:\\\/\\\/www.gastac.com\\\/de\\\/produkt\\\/opel-corsa-c-heckklappendaempfer\\\/#primaryimage\"},\"image\":{\"@id\":\"https:\\\/\\\/www.gastac.com\\\/de\\\/produkt\\\/opel-corsa-c-heckklappendaempfer\\\/#primaryimage\"},\"thumbnailUrl\":\"https:\\\/\\\/www.gastac.com\\\/wp-content\\\/uploads\\\/2025\\\/11\\\/opel-corsa-c-heckklappendampfer.webp\",\"datePublished\":\"2025-11-12T10:02:22+00:00\",\"dateModified\":\"2025-11-12T10:02:23+00:00\",\"breadcrumb\":{\"@id\":\"https:\\\/\\\/www.gastac.com\\\/de\\\/produkt\\\/opel-corsa-c-heckklappendaempfer\\\/#breadcrumb\"},\"inLanguage\":\"de\",\"potentialAction\":[{\"@type\":\"ReadAction\",\"target\":[\"https:\\\/\\\/www.gastac.com\\\/de\\\/produkt\\\/opel-corsa-c-heckklappendaempfer\\\/\"]}]},{\"@type\":\"ImageObject\",\"inLanguage\":\"de\",\"@id\":\"https:\\\/\\\/www.gastac.com\\\/de\\\/produkt\\\/opel-corsa-c-heckklappendaempfer\\\/#primaryimage\",\"url\":\"https:\\\/\\\/www.gastac.com\\\/wp-content\\\/uploads\\\/2025\\\/11\\\/opel-corsa-c-heckklappendampfer.webp\",\"contentUrl\":\"https:\\\/\\\/www.gastac.com\\\/wp-content\\\/uploads\\\/2025\\\/11\\\/opel-corsa-c-heckklappendampfer.webp\",\"width\":1111,\"height\":1111,\"caption\":\"opel corsa c heckklappendampfer\"},{\"@type\":\"BreadcrumbList\",\"@id\":\"https:\\\/\\\/www.gastac.com\\\/de\\\/produkt\\\/opel-corsa-c-heckklappendaempfer\\\/#breadcrumb\",\"itemListElement\":[{\"@type\":\"ListItem\",\"position\":1,\"name\":\"Home\",\"item\":\"https:\\\/\\\/www.gastac.com\\\/de\\\/\"},{\"@type\":\"ListItem\",\"position\":2,\"name\":\"products\",\"item\":\"https:\\\/\\\/www.gastac.com\\\/de\\\/products\\\/\"},{\"@type\":\"ListItem\",\"position\":3,\"name\":\"Nicht kategorisiert\",\"item\":\"https:\\\/\\\/www.gastac.com\\\/de\\\/product-category\\\/nicht-kategorisiert\\\/\"},{\"@type\":\"ListItem\",\"position\":4,\"name\":\"Opel Corsa C heckklappend\u00e4mpfer\"}]},{\"@type\":\"WebSite\",\"@id\":\"https:\\\/\\\/www.gastac.com\\\/de\\\/#website\",\"url\":\"https:\\\/\\\/www.gastac.com\\\/de\\\/\",\"name\":\"Gastac Gas Spring\",\"description\":\"China\u2019s Leading Gas Springs &amp; Struts Manufacturer\",\"publisher\":{\"@id\":\"https:\\\/\\\/www.gastac.com\\\/de\\\/#organization\"},\"potentialAction\":[{\"@type\":\"SearchAction\",\"target\":{\"@type\":\"EntryPoint\",\"urlTemplate\":\"https:\\\/\\\/www.gastac.com\\\/de\\\/?s={search_term_string}\"},\"query-input\":{\"@type\":\"PropertyValueSpecification\",\"valueRequired\":true,\"valueName\":\"search_term_string\"}}],\"inLanguage\":\"de\"},{\"@type\":\"Organization\",\"@id\":\"https:\\\/\\\/www.gastac.com\\\/de\\\/#organization\",\"name\":\"Ningbo Gastac Gas Spring Co.,Ltd\",\"url\":\"https:\\\/\\\/www.gastac.com\\\/de\\\/\",\"logo\":{\"@type\":\"ImageObject\",\"inLanguage\":\"de\",\"@id\":\"https:\\\/\\\/www.gastac.com\\\/de\\\/#\\\/schema\\\/logo\\\/image\\\/\",\"url\":\"https:\\\/\\\/www.gastac.com\\\/wp-content\\\/uploads\\\/2025\\\/09\\\/LOGO\u672c\u8272-\u9ed1.webp\",\"contentUrl\":\"https:\\\/\\\/www.gastac.com\\\/wp-content\\\/uploads\\\/2025\\\/09\\\/LOGO\u672c\u8272-\u9ed1.webp\",\"width\":1920,\"height\":1080,\"caption\":\"Ningbo Gastac Gas Spring Co.,Ltd\"},\"image\":{\"@id\":\"https:\\\/\\\/www.gastac.com\\\/de\\\/#\\\/schema\\\/logo\\\/image\\\/\"},\"sameAs\":[\"https:\\\/\\\/www.facebook.com\\\/profile.php?id=100092358464608\",\"https:\\\/\\\/www.youtube.com\\\/@Gastac-Gas-Spring\",\"https:\\\/\\\/www.linkedin.com\\\/in\\\/gastac-gas-spring\\\/\",\"https:\\\/\\\/www.instagram.com\\\/gastacgasspring\\\/\"]}]}<\/script>\n<!-- \/ Yoast SEO Premium plugin. -->","yoast_head_json":{"title":"Opel Corsa C heckklappend\u00e4mpfer | Gastac Gas Spring","robots":{"index":"index","follow":"follow","max-snippet":"max-snippet:-1","max-image-preview":"max-image-preview:large","max-video-preview":"max-video-preview:-1"},"canonical":"https:\/\/www.gastac.com\/de\/produkt\/opel-corsa-c-heckklappendaempfer\/","og_locale":"de_DE","og_type":"article","og_title":"Opel Corsa C heckklappend\u00e4mpfer","og_description":"Opel Corsa C heckklappend\u00e4mpfer Jedes Auto muss fr\u00fcher oder sp\u00e4ter repariert werden. Sollten Sie als Alternative zum OPEL Corsa C\/D [...]","og_url":"https:\/\/www.gastac.com\/de\/produkt\/opel-corsa-c-heckklappendaempfer\/","og_site_name":"Gastac Gas Spring","article_publisher":"https:\/\/www.facebook.com\/profile.php?id=100092358464608","article_modified_time":"2025-11-12T10:02:23+00:00","og_image":[{"width":1111,"height":1111,"url":"https:\/\/www.gastac.com\/wp-content\/uploads\/2025\/11\/opel-corsa-c-heckklappendampfer.webp","type":"image\/webp"}],"twitter_card":"summary_large_image","twitter_misc":{"Gesch\u00e4tzte Lesezeit":"1\u00a0Minute"},"schema":{"@context":"https:\/\/schema.org","@graph":[{"@type":"WebPage","@id":"https:\/\/www.gastac.com\/de\/produkt\/opel-corsa-c-heckklappendaempfer\/","url":"https:\/\/www.gastac.com\/de\/produkt\/opel-corsa-c-heckklappendaempfer\/","name":"Opel Corsa C heckklappend\u00e4mpfer | Gastac Gas Spring","isPartOf":{"@id":"https:\/\/www.gastac.com\/de\/#website"},"primaryImageOfPage":{"@id":"https:\/\/www.gastac.com\/de\/produkt\/opel-corsa-c-heckklappendaempfer\/#primaryimage"},"image":{"@id":"https:\/\/www.gastac.com\/de\/produkt\/opel-corsa-c-heckklappendaempfer\/#primaryimage"},"thumbnailUrl":"https:\/\/www.gastac.com\/wp-content\/uploads\/2025\/11\/opel-corsa-c-heckklappendampfer.webp","datePublished":"2025-11-12T10:02:22+00:00","dateModified":"2025-11-12T10:02:23+00:00","breadcrumb":{"@id":"https:\/\/www.gastac.com\/de\/produkt\/opel-corsa-c-heckklappendaempfer\/#breadcrumb"},"inLanguage":"de","potentialAction":[{"@type":"ReadAction","target":["https:\/\/www.gastac.com\/de\/produkt\/opel-corsa-c-heckklappendaempfer\/"]}]},{"@type":"ImageObject","inLanguage":"de","@id":"https:\/\/www.gastac.com\/de\/produkt\/opel-corsa-c-heckklappendaempfer\/#primaryimage","url":"https:\/\/www.gastac.com\/wp-content\/uploads\/2025\/11\/opel-corsa-c-heckklappendampfer.webp","contentUrl":"https:\/\/www.gastac.com\/wp-content\/uploads\/2025\/11\/opel-corsa-c-heckklappendampfer.webp","width":1111,"height":1111,"caption":"opel corsa c heckklappendampfer"},{"@type":"BreadcrumbList","@id":"https:\/\/www.gastac.com\/de\/produkt\/opel-corsa-c-heckklappendaempfer\/#breadcrumb","itemListElement":[{"@type":"ListItem","position":1,"name":"Home","item":"https:\/\/www.gastac.com\/de\/"},{"@type":"ListItem","position":2,"name":"products","item":"https:\/\/www.gastac.com\/de\/products\/"},{"@type":"ListItem","position":3,"name":"Nicht kategorisiert","item":"https:\/\/www.gastac.com\/de\/product-category\/nicht-kategorisiert\/"},{"@type":"ListItem","position":4,"name":"Opel Corsa C heckklappend\u00e4mpfer"}]},{"@type":"WebSite","@id":"https:\/\/www.gastac.com\/de\/#website","url":"https:\/\/www.gastac.com\/de\/","name":"Gastac Gas Spring","description":"China\u2019s Leading Gas Springs &amp; Struts Manufacturer","publisher":{"@id":"https:\/\/www.gastac.com\/de\/#organization"},"potentialAction":[{"@type":"SearchAction","target":{"@type":"EntryPoint","urlTemplate":"https:\/\/www.gastac.com\/de\/?s={search_term_string}"},"query-input":{"@type":"PropertyValueSpecification","valueRequired":true,"valueName":"search_term_string"}}],"inLanguage":"de"},{"@type":"Organization","@id":"https:\/\/www.gastac.com\/de\/#organization","name":"Ningbo Gastac Gas Spring Co.,Ltd","url":"https:\/\/www.gastac.com\/de\/","logo":{"@type":"ImageObject","inLanguage":"de","@id":"https:\/\/www.gastac.com\/de\/#\/schema\/logo\/image\/","url":"https:\/\/www.gastac.com\/wp-content\/uploads\/2025\/09\/LOGO\u672c\u8272-\u9ed1.webp","contentUrl":"https:\/\/www.gastac.com\/wp-content\/uploads\/2025\/09\/LOGO\u672c\u8272-\u9ed1.webp","width":1920,"height":1080,"caption":"Ningbo Gastac Gas Spring Co.,Ltd"},"image":{"@id":"https:\/\/www.gastac.com\/de\/#\/schema\/logo\/image\/"},"sameAs":["https:\/\/www.facebook.com\/profile.php?id=100092358464608","https:\/\/www.youtube.com\/@Gastac-Gas-Spring","https:\/\/www.linkedin.com\/in\/gastac-gas-spring\/","https:\/\/www.instagram.com\/gastacgasspring\/"]}]}},"_links":{"self":[{"href":"https:\/\/www.gastac.com\/de\/wp-json\/wp\/v2\/product\/19021","targetHints":{"allow":["GET"]}}],"collection":[{"href":"https:\/\/www.gastac.com\/de\/wp-json\/wp\/v2\/product"}],"about":[{"href":"https:\/\/www.gastac.com\/de\/wp-json\/wp\/v2\/types\/product"}],"replies":[{"embeddable":true,"href":"https:\/\/www.gastac.com\/de\/wp-json\/wp\/v2\/comments?post=19021"}],"wp:featuredmedia":[{"embeddable":true,"href":"https:\/\/www.gastac.com\/de\/wp-json\/wp\/v2\/media\/19026"}],"wp:attachment":[{"href":"https:\/\/www.gastac.com\/de\/wp-json\/wp\/v2\/media?parent=19021"}],"wp:term":[{"taxonomy":"product_brand","embeddable":true,"href":"https:\/\/www.gastac.com\/de\/wp-json\/wp\/v2\/product_brand?post=19021"},{"taxonomy":"product_cat","embeddable":true,"href":"https:\/\/www.gastac.com\/de\/wp-json\/wp\/v2\/product_cat?post=19021"},{"taxonomy":"product_tag","embeddable":true,"href":"https:\/\/www.gastac.com\/de\/wp-json\/wp\/v2\/product_tag?post=19021"}],"curies":[{"name":"wp","href":"https:\/\/api.w.org\/{rel}","templated":true}]}}