{"id":18957,"date":"2025-11-12T09:38:55","date_gmt":"2025-11-12T09:38:55","guid":{"rendered":"https:\/\/www.gastac.com\/?post_type=product&#038;p=18957"},"modified":"2025-11-12T09:38:56","modified_gmt":"2025-11-12T09:38:56","slug":"gasdruckfeder-barhocker","status":"publish","type":"product","link":"https:\/\/www.gastac.com\/de\/produkt\/gasdruckfeder-barhocker\/","title":{"rendered":"Gasdruckfeder Barhocker"},"content":{"rendered":"<p><strong>Gasdruckfeder Barhocker<\/strong><\/p>\n<p>schreibtisch gasdruckfeder<\/p>\n<p>gasdruckfeder barhocker\u00a0f\u00fcr Barhocker, B\u00fcrost\u00fchle, Hocker und Loungesessel!<\/p>\n<p>Die schreibtisch gasdruckfeder\u00a0ist eine Gasdruckfeder der Klasse III von h\u00f6chster Qualit\u00e4t. Das unter hohem Druck stehende Gas erzeugt die erforderliche Federkraft.<\/p>\n<p>Der Gaszylinder und der darin frei bewegliche Kolben haben einen integrierten D\u00e4mpfungsmechanismus, so dass ein sanftes Auf- und Abfedern m\u00f6glich ist. Dank des konischen Einsatzanschlusses kann die schreibtisch gasdruckfeder\u00a0auf fast allen Hockern und St\u00fchlen eingesetzt werden.<\/p>\n<p>Geeignet f\u00fcr alle g\u00e4ngigen Gasdruckfeder-Barhocker \u2013 insbesondere f\u00fcr Dauerbelastungen und h\u00f6here Lasten!<\/p>\n<p>Der\u00a0gasdruckfeder barhocker ist sehr einfach zu montieren und hat eine lange Lebensdauer.<\/p>\n<p>Viele Sitzm\u00f6bel und Barhocker sind mit sessel gasdruckfeder ausgestattet, die schon nach wenigen Jahren ausfallen k\u00f6nnen. In der Regel k\u00f6nnen Sie die\u00a0Gasdruckfeder f\u00fcr sessel\u00a0ersetzen, ohne gleich einen neuen Hocker kaufen zu m\u00fcssen.<\/p>\n<p>Stilvoller Barhocker mit weichem Stoff, Gasdruckfeder-Barhocker und Metallfu\u00df<\/p>\n<p>Modernes, zeitloses Design und warmer Komfort. All diese Vorteile vereint dieser hochwertige Barhocker. Er ist mit einem hochwertigen, weichen Stoff gepolstert und steht auf einem schwarzen Metallfu\u00df, auf dem die Sitzfl\u00e4che montiert ist. Der Hocker ist mit Gasfedern ausgestattet und kann in der H\u00f6he zwischen 100 und 121 cm verstellt werden. Herzlichen Gl\u00fcckwunsch, dieser stilvolle Barhocker verleiht Ihrem Esszimmer oder Festsaal einen zeitlos modernen Touch.<\/p>\n<p>Wenn die H\u00f6he des B\u00fcrostuhls nicht stimmt, kann unsere Gasdruckfeder stufenlos verstellbar\u00a0helfen! Erh\u00e4ltlich in verschiedenen H\u00f6hen. Nat\u00fcrlich ist sie auch perfekt als Ersatzteil f\u00fcr Ihren geliebten B\u00fcrostuhl geeignet.<\/p>\n<p>Unsere schreibtisch gasdruckfeder (abschlie\u00dfbare und nicht abschlie\u00dfbare Gasfedern), D\u00e4mpfer und H\u00f6henverstellsysteme sind speziell auf die Anforderungen der M\u00f6belindustrie zugeschnitten und kommen \u00fcberall dort zum Einsatz, wo sie einfach und bequem ge\u00f6ffnet, geschlossen und verstellt werden sollen. Unsere Qualit\u00e4tsprodukte finden Sie in den Bereichen K\u00fcche, Wohnen und Arbeiten.<\/p>\n<p>Ist die\u00a0schreibtisch gasdruckfeder defekt, l\u00e4sst sich die Sitzfl\u00e4che des B\u00fcrostuhls nicht mehr in der H\u00f6he verstellen. Stattdessen gibt die Sitzfl\u00e4che beim Hinsetzen nach und sinkt pl\u00f6tzlich in die unterste Position. Die Spannung der schreibtisch gasdruckfeder\u00a0l\u00e4sst nach und die d\u00e4mpfende Wirkung geht verloren.<\/p>\n<p>Die Ursache des Problems liegt oft in den Ventilen der schreibtisch gasdruckfeder. Hier sammeln sich mit der Zeit Schmutz und Dreck an und verbinden sich mit dem Ventilfett. Es bildet sich eine klebrige Substanz, die das \u00d6ffnen des Ventils verhindert. Es k\u00f6nnen sich Klumpen bilden, die das Ventil dauerhaft offen lassen, was auch seine Wirksamkeit schw\u00e4chen kann.<\/p>\n<div><strong>Gasdruckfede Anwendung<\/strong><\/div>\n<p><img class=\"lazyload\" decoding=\"async\" src=\"data:image\/gif;base64,R0lGODlhAQABAAAAACH5BAEKAAEALAAAAAABAAEAAAICTAEAOw==\" data-orig-src=\"https:\/\/www.gastac.com\/wp-content\/uploads\/2023\/06\/schreibtisch-gasdruckfeder-389x400.jpg\" alt=\"Gasdruckfeder Barhocker\n\"><img class=\"lazyload\" decoding=\"async\" src=\"data:image\/gif;base64,R0lGODlhAQABAAAAACH5BAEKAAEALAAAAAABAAEAAAICTAEAOw==\" data-orig-src=\"https:\/\/www.gastac.com\/wp-content\/uploads\/2023\/06\/schreibtisch-gasdruckfeder-395x400.png\" alt=\"Gasdruckfeder Barhocker\n\"><\/p>\n","protected":false},"excerpt":{"rendered":"<p>Gasdruckfeder Barhocker schreibtisch gasdruckfeder gasdruckfeder barhocker\u00a0f\u00fcr Barhocker, B\u00fcrost\u00fchle, Hocker und Loungesessel! Die schreibtisch gasdruckfeder\u00a0ist eine Gasdruckfeder der Klasse III von  [&#8230;]<\/p>\n","protected":false},"featured_media":18963,"comment_status":"open","ping_status":"closed","template":"","meta":[],"product_brand":[],"product_cat":[109],"product_tag":[],"class_list":{"0":"post-18957","1":"product","2":"type-product","3":"status-publish","4":"has-post-thumbnail","6":"product_cat-nicht-kategorisiert","8":"first","9":"instock","10":"shipping-taxable","11":"product-type-simple"},"yoast_head":"<!-- This site is optimized with the Yoast SEO Premium plugin v26.2 (Yoast SEO v27.4) - https:\/\/yoast.com\/product\/yoast-seo-premium-wordpress\/ -->\n<title>Gasdruckfeder Barhocker | Gastac Gas Spring<\/title>\n<meta name=\"robots\" content=\"index, follow, max-snippet:-1, max-image-preview:large, max-video-preview:-1\" \/>\n<link rel=\"canonical\" href=\"https:\/\/www.gastac.com\/de\/produkt\/gasdruckfeder-barhocker\/\" \/>\n<meta property=\"og:locale\" content=\"de_DE\" \/>\n<meta property=\"og:type\" content=\"article\" \/>\n<meta property=\"og:title\" content=\"Gasdruckfeder Barhocker\" \/>\n<meta property=\"og:description\" content=\"Gasdruckfeder Barhocker schreibtisch gasdruckfeder gasdruckfeder barhocker\u00a0f\u00fcr Barhocker, B\u00fcrost\u00fchle, Hocker und Loungesessel! Die schreibtisch gasdruckfeder\u00a0ist eine Gasdruckfeder der Klasse III von [...]\" \/>\n<meta property=\"og:url\" content=\"https:\/\/www.gastac.com\/de\/produkt\/gasdruckfeder-barhocker\/\" \/>\n<meta property=\"og:site_name\" content=\"Gastac Gas Spring\" \/>\n<meta property=\"article:publisher\" content=\"https:\/\/www.facebook.com\/profile.php?id=100092358464608\" \/>\n<meta property=\"article:modified_time\" content=\"2025-11-12T09:38:56+00:00\" \/>\n<meta property=\"og:image\" content=\"https:\/\/www.gastac.com\/wp-content\/uploads\/2025\/11\/gasdruckfeder-barhocker.webp\" \/>\n\t<meta property=\"og:image:width\" content=\"960\" \/>\n\t<meta property=\"og:image:height\" content=\"960\" \/>\n\t<meta property=\"og:image:type\" content=\"image\/webp\" \/>\n<meta name=\"twitter:card\" content=\"summary_large_image\" \/>\n<meta name=\"twitter:label1\" content=\"Gesch\u00e4tzte Lesezeit\" \/>\n\t<meta name=\"twitter:data1\" content=\"1\u00a0Minute\" \/>\n<script type=\"application\/ld+json\" class=\"yoast-schema-graph\">{\"@context\":\"https:\\\/\\\/schema.org\",\"@graph\":[{\"@type\":\"WebPage\",\"@id\":\"https:\\\/\\\/www.gastac.com\\\/de\\\/produkt\\\/gasdruckfeder-barhocker\\\/\",\"url\":\"https:\\\/\\\/www.gastac.com\\\/de\\\/produkt\\\/gasdruckfeder-barhocker\\\/\",\"name\":\"Gasdruckfeder Barhocker | Gastac Gas Spring\",\"isPartOf\":{\"@id\":\"https:\\\/\\\/www.gastac.com\\\/de\\\/#website\"},\"primaryImageOfPage\":{\"@id\":\"https:\\\/\\\/www.gastac.com\\\/de\\\/produkt\\\/gasdruckfeder-barhocker\\\/#primaryimage\"},\"image\":{\"@id\":\"https:\\\/\\\/www.gastac.com\\\/de\\\/produkt\\\/gasdruckfeder-barhocker\\\/#primaryimage\"},\"thumbnailUrl\":\"https:\\\/\\\/www.gastac.com\\\/wp-content\\\/uploads\\\/2025\\\/11\\\/gasdruckfeder-barhocker.webp\",\"datePublished\":\"2025-11-12T09:38:55+00:00\",\"dateModified\":\"2025-11-12T09:38:56+00:00\",\"breadcrumb\":{\"@id\":\"https:\\\/\\\/www.gastac.com\\\/de\\\/produkt\\\/gasdruckfeder-barhocker\\\/#breadcrumb\"},\"inLanguage\":\"de\",\"potentialAction\":[{\"@type\":\"ReadAction\",\"target\":[\"https:\\\/\\\/www.gastac.com\\\/de\\\/produkt\\\/gasdruckfeder-barhocker\\\/\"]}]},{\"@type\":\"ImageObject\",\"inLanguage\":\"de\",\"@id\":\"https:\\\/\\\/www.gastac.com\\\/de\\\/produkt\\\/gasdruckfeder-barhocker\\\/#primaryimage\",\"url\":\"https:\\\/\\\/www.gastac.com\\\/wp-content\\\/uploads\\\/2025\\\/11\\\/gasdruckfeder-barhocker.webp\",\"contentUrl\":\"https:\\\/\\\/www.gastac.com\\\/wp-content\\\/uploads\\\/2025\\\/11\\\/gasdruckfeder-barhocker.webp\",\"width\":960,\"height\":960,\"caption\":\"gasdruckfeder barhocker\"},{\"@type\":\"BreadcrumbList\",\"@id\":\"https:\\\/\\\/www.gastac.com\\\/de\\\/produkt\\\/gasdruckfeder-barhocker\\\/#breadcrumb\",\"itemListElement\":[{\"@type\":\"ListItem\",\"position\":1,\"name\":\"Home\",\"item\":\"https:\\\/\\\/www.gastac.com\\\/de\\\/\"},{\"@type\":\"ListItem\",\"position\":2,\"name\":\"products\",\"item\":\"https:\\\/\\\/www.gastac.com\\\/de\\\/products\\\/\"},{\"@type\":\"ListItem\",\"position\":3,\"name\":\"Nicht kategorisiert\",\"item\":\"https:\\\/\\\/www.gastac.com\\\/de\\\/product-category\\\/nicht-kategorisiert\\\/\"},{\"@type\":\"ListItem\",\"position\":4,\"name\":\"Gasdruckfeder Barhocker\"}]},{\"@type\":\"WebSite\",\"@id\":\"https:\\\/\\\/www.gastac.com\\\/de\\\/#website\",\"url\":\"https:\\\/\\\/www.gastac.com\\\/de\\\/\",\"name\":\"Gastac Gas Spring\",\"description\":\"China\u2019s Leading Gas Springs &amp; Struts Manufacturer\",\"publisher\":{\"@id\":\"https:\\\/\\\/www.gastac.com\\\/de\\\/#organization\"},\"potentialAction\":[{\"@type\":\"SearchAction\",\"target\":{\"@type\":\"EntryPoint\",\"urlTemplate\":\"https:\\\/\\\/www.gastac.com\\\/de\\\/?s={search_term_string}\"},\"query-input\":{\"@type\":\"PropertyValueSpecification\",\"valueRequired\":true,\"valueName\":\"search_term_string\"}}],\"inLanguage\":\"de\"},{\"@type\":\"Organization\",\"@id\":\"https:\\\/\\\/www.gastac.com\\\/de\\\/#organization\",\"name\":\"Ningbo Gastac Gas Spring Co.,Ltd\",\"url\":\"https:\\\/\\\/www.gastac.com\\\/de\\\/\",\"logo\":{\"@type\":\"ImageObject\",\"inLanguage\":\"de\",\"@id\":\"https:\\\/\\\/www.gastac.com\\\/de\\\/#\\\/schema\\\/logo\\\/image\\\/\",\"url\":\"https:\\\/\\\/www.gastac.com\\\/wp-content\\\/uploads\\\/2025\\\/09\\\/LOGO\u672c\u8272-\u9ed1.webp\",\"contentUrl\":\"https:\\\/\\\/www.gastac.com\\\/wp-content\\\/uploads\\\/2025\\\/09\\\/LOGO\u672c\u8272-\u9ed1.webp\",\"width\":1920,\"height\":1080,\"caption\":\"Ningbo Gastac Gas Spring Co.,Ltd\"},\"image\":{\"@id\":\"https:\\\/\\\/www.gastac.com\\\/de\\\/#\\\/schema\\\/logo\\\/image\\\/\"},\"sameAs\":[\"https:\\\/\\\/www.facebook.com\\\/profile.php?id=100092358464608\",\"https:\\\/\\\/www.youtube.com\\\/@Gastac-Gas-Spring\",\"https:\\\/\\\/www.linkedin.com\\\/in\\\/gastac-gas-spring\\\/\",\"https:\\\/\\\/www.instagram.com\\\/gastacgasspring\\\/\"]}]}<\/script>\n<!-- \/ Yoast SEO Premium plugin. -->","yoast_head_json":{"title":"Gasdruckfeder Barhocker | Gastac Gas Spring","robots":{"index":"index","follow":"follow","max-snippet":"max-snippet:-1","max-image-preview":"max-image-preview:large","max-video-preview":"max-video-preview:-1"},"canonical":"https:\/\/www.gastac.com\/de\/produkt\/gasdruckfeder-barhocker\/","og_locale":"de_DE","og_type":"article","og_title":"Gasdruckfeder Barhocker","og_description":"Gasdruckfeder Barhocker schreibtisch gasdruckfeder gasdruckfeder barhocker\u00a0f\u00fcr Barhocker, B\u00fcrost\u00fchle, Hocker und Loungesessel! Die schreibtisch gasdruckfeder\u00a0ist eine Gasdruckfeder der Klasse III von [...]","og_url":"https:\/\/www.gastac.com\/de\/produkt\/gasdruckfeder-barhocker\/","og_site_name":"Gastac Gas Spring","article_publisher":"https:\/\/www.facebook.com\/profile.php?id=100092358464608","article_modified_time":"2025-11-12T09:38:56+00:00","og_image":[{"width":960,"height":960,"url":"https:\/\/www.gastac.com\/wp-content\/uploads\/2025\/11\/gasdruckfeder-barhocker.webp","type":"image\/webp"}],"twitter_card":"summary_large_image","twitter_misc":{"Gesch\u00e4tzte Lesezeit":"1\u00a0Minute"},"schema":{"@context":"https:\/\/schema.org","@graph":[{"@type":"WebPage","@id":"https:\/\/www.gastac.com\/de\/produkt\/gasdruckfeder-barhocker\/","url":"https:\/\/www.gastac.com\/de\/produkt\/gasdruckfeder-barhocker\/","name":"Gasdruckfeder Barhocker | Gastac Gas Spring","isPartOf":{"@id":"https:\/\/www.gastac.com\/de\/#website"},"primaryImageOfPage":{"@id":"https:\/\/www.gastac.com\/de\/produkt\/gasdruckfeder-barhocker\/#primaryimage"},"image":{"@id":"https:\/\/www.gastac.com\/de\/produkt\/gasdruckfeder-barhocker\/#primaryimage"},"thumbnailUrl":"https:\/\/www.gastac.com\/wp-content\/uploads\/2025\/11\/gasdruckfeder-barhocker.webp","datePublished":"2025-11-12T09:38:55+00:00","dateModified":"2025-11-12T09:38:56+00:00","breadcrumb":{"@id":"https:\/\/www.gastac.com\/de\/produkt\/gasdruckfeder-barhocker\/#breadcrumb"},"inLanguage":"de","potentialAction":[{"@type":"ReadAction","target":["https:\/\/www.gastac.com\/de\/produkt\/gasdruckfeder-barhocker\/"]}]},{"@type":"ImageObject","inLanguage":"de","@id":"https:\/\/www.gastac.com\/de\/produkt\/gasdruckfeder-barhocker\/#primaryimage","url":"https:\/\/www.gastac.com\/wp-content\/uploads\/2025\/11\/gasdruckfeder-barhocker.webp","contentUrl":"https:\/\/www.gastac.com\/wp-content\/uploads\/2025\/11\/gasdruckfeder-barhocker.webp","width":960,"height":960,"caption":"gasdruckfeder barhocker"},{"@type":"BreadcrumbList","@id":"https:\/\/www.gastac.com\/de\/produkt\/gasdruckfeder-barhocker\/#breadcrumb","itemListElement":[{"@type":"ListItem","position":1,"name":"Home","item":"https:\/\/www.gastac.com\/de\/"},{"@type":"ListItem","position":2,"name":"products","item":"https:\/\/www.gastac.com\/de\/products\/"},{"@type":"ListItem","position":3,"name":"Nicht kategorisiert","item":"https:\/\/www.gastac.com\/de\/product-category\/nicht-kategorisiert\/"},{"@type":"ListItem","position":4,"name":"Gasdruckfeder Barhocker"}]},{"@type":"WebSite","@id":"https:\/\/www.gastac.com\/de\/#website","url":"https:\/\/www.gastac.com\/de\/","name":"Gastac Gas Spring","description":"China\u2019s Leading Gas Springs &amp; Struts Manufacturer","publisher":{"@id":"https:\/\/www.gastac.com\/de\/#organization"},"potentialAction":[{"@type":"SearchAction","target":{"@type":"EntryPoint","urlTemplate":"https:\/\/www.gastac.com\/de\/?s={search_term_string}"},"query-input":{"@type":"PropertyValueSpecification","valueRequired":true,"valueName":"search_term_string"}}],"inLanguage":"de"},{"@type":"Organization","@id":"https:\/\/www.gastac.com\/de\/#organization","name":"Ningbo Gastac Gas Spring Co.,Ltd","url":"https:\/\/www.gastac.com\/de\/","logo":{"@type":"ImageObject","inLanguage":"de","@id":"https:\/\/www.gastac.com\/de\/#\/schema\/logo\/image\/","url":"https:\/\/www.gastac.com\/wp-content\/uploads\/2025\/09\/LOGO\u672c\u8272-\u9ed1.webp","contentUrl":"https:\/\/www.gastac.com\/wp-content\/uploads\/2025\/09\/LOGO\u672c\u8272-\u9ed1.webp","width":1920,"height":1080,"caption":"Ningbo Gastac Gas Spring Co.,Ltd"},"image":{"@id":"https:\/\/www.gastac.com\/de\/#\/schema\/logo\/image\/"},"sameAs":["https:\/\/www.facebook.com\/profile.php?id=100092358464608","https:\/\/www.youtube.com\/@Gastac-Gas-Spring","https:\/\/www.linkedin.com\/in\/gastac-gas-spring\/","https:\/\/www.instagram.com\/gastacgasspring\/"]}]}},"_links":{"self":[{"href":"https:\/\/www.gastac.com\/de\/wp-json\/wp\/v2\/product\/18957","targetHints":{"allow":["GET"]}}],"collection":[{"href":"https:\/\/www.gastac.com\/de\/wp-json\/wp\/v2\/product"}],"about":[{"href":"https:\/\/www.gastac.com\/de\/wp-json\/wp\/v2\/types\/product"}],"replies":[{"embeddable":true,"href":"https:\/\/www.gastac.com\/de\/wp-json\/wp\/v2\/comments?post=18957"}],"wp:featuredmedia":[{"embeddable":true,"href":"https:\/\/www.gastac.com\/de\/wp-json\/wp\/v2\/media\/18963"}],"wp:attachment":[{"href":"https:\/\/www.gastac.com\/de\/wp-json\/wp\/v2\/media?parent=18957"}],"wp:term":[{"taxonomy":"product_brand","embeddable":true,"href":"https:\/\/www.gastac.com\/de\/wp-json\/wp\/v2\/product_brand?post=18957"},{"taxonomy":"product_cat","embeddable":true,"href":"https:\/\/www.gastac.com\/de\/wp-json\/wp\/v2\/product_cat?post=18957"},{"taxonomy":"product_tag","embeddable":true,"href":"https:\/\/www.gastac.com\/de\/wp-json\/wp\/v2\/product_tag?post=18957"}],"curies":[{"name":"wp","href":"https:\/\/api.w.org\/{rel}","templated":true}]}}