{"id":18922,"date":"2025-11-12T09:29:27","date_gmt":"2025-11-12T09:29:27","guid":{"rendered":"https:\/\/www.gastac.com\/?post_type=product&#038;p=18922"},"modified":"2025-11-12T09:29:28","modified_gmt":"2025-11-12T09:29:28","slug":"polo-9n-heckklappendaempfer","status":"publish","type":"product","link":"https:\/\/www.gastac.com\/de\/produkt\/polo-9n-heckklappendaempfer\/","title":{"rendered":"Polo 9N Heckklappend\u00e4mpfer"},"content":{"rendered":"<p><strong>Polo 9N Heckklappend\u00e4mpfer<\/strong><\/p>\n<p>M\u00fcssen Sie den Polo 9n Heckklappend\u00e4mpfer an Ihrem VW POLO austauschen? Dann sind Sie hier genau richtig. Wir haben viele Modelle, hochwertige und preisg\u00fcnstige Polo 9n Heckklappend\u00e4mpfer. W\u00e4hlen Sie bei Gastac den Polo Heckklappend\u00e4mpfer Ihres gew\u00fcnschten VW POLO Modells, kompatibel mit Ihrem VW Polo 9n Modell!<\/p>\n<p>Einen verschlissenen Heckklappend\u00e4mpfer VW Polo 9n, der nicht mehr \u00fcber den n\u00f6tigen Federdruck verf\u00fcgt, kann man relativ leicht erkennen. Wenn die Heckklappe beim Schlie\u00dfen langsam nach unten gedr\u00fcckt wird und schlie\u00dflich ohne weiteren Kraftaufwand von selbst schlie\u00dft, dann funktionieren die Heckklappend\u00e4mpfer VW Polo 9n nicht mehr, da sie das Gewicht des Kofferraumdeckels nicht mehr tragen k\u00f6nnen. In diesem Fall sollten Sie schnell handeln und eine Werkstatt aufsuchen oder das Problem selbst beheben.<\/p>\n<p><strong>KOFFERRAUM D\u00c4MPFER \u00a0TOP VW POLO IV SCHR\u00c4GHECK (9N) AUTOMODELLE FINDEN<\/strong><\/p>\n<p>VW POLO 9N_ 1.0<\/p>\n<p>Heckklappend\u00e4mpfer f\u00fcr VW Polo IV Schr\u00e4gheck (9N) 1.0 58 PS 2002 \u2013 2005<\/p>\n<p>Kofferraum D\u00e4mpfer f\u00fcr Polo 9n 1.0 79 PS 2002 \u2013 2004<\/p>\n<p>VW POLO 9N_ 1.6<\/p>\n<p>Heckklappend\u00e4mpfer f\u00fcr VW Polo IV Schr\u00e4gheck (9N) 1.6 101 PS 2002 \u2013 2005<\/p>\n<p>Kofferraum D\u00e4mpfer f\u00fcr Polo 9n 1.6 16V 105 PS 2006 \u2013 2009<\/p>\n<p>1.6 Flex 101 PS 2008 \u2013 2009<\/p>\n<p>1.6 Flex 104 PS 2008 \u2013 2012<\/p>\n<p>VW POLO 9N_ 2.0<\/p>\n<p>Heckklappend\u00e4mpfer f\u00fcr VW Polo IV Schr\u00e4gheck (9N) 2.0 115 PS 2004 \u2013 2012<\/p>\n<p>Kofferraum D\u00e4mpfer f\u00fcr Polo 9n 2.0 Total Flex 120 PS 2008 \u2013 2012<\/p>\n<p>VW POLO 9N_ 1.2<\/p>\n<p>Heckklappend\u00e4mpfer f\u00fcr VW Polo IV Schr\u00e4gheck (9N) 1.2 54 PS 2002 \u2013 2007<\/p>\n<p>Kofferraum D\u00e4mpfer f\u00fcr Polo 9n 1.2 60 PS 2007 \u2013 2009<\/p>\n<p>1.2 12V 64 PS 2001 \u2013 2007<\/p>\n<p>1.2 12V 69 PS 2007 \u2013 2009<\/p>\n<p>VW POLO 9N_ 1.8<\/p>\n<p>Heckklappend\u00e4mpfer f\u00fcr VW Polo IV Schr\u00e4gheck (9N) 1.8 GTI 150 PS 2005 \u2013 2009<\/p>\n<p>Kofferraum D\u00e4mpfer f\u00fcr Polo 9n 1.8 GTi Cup Edition 180 PS 2006 \u2013 2009<\/p>\n<p>VW POLO 9N_ 1.4<\/p>\n<p>Heckklappend\u00e4mpfer f\u00fcr VW Polo IV Schr\u00e4gheck (9N) 1.4 86 PS 2002 \u2013 2009<\/p>\n<p>Kofferraum D\u00e4mpfer f\u00fcr Polo 9n 1.4 16V 75 PS 2001 \u2013 2008<\/p>\n<p>1.4 16V 101 PS 2001 \u2013 2008<\/p>\n<p>1.4 16V 80 PS 2006 \u2013 2009<\/p>\n<p>1.4 BiFuel 82 PS 2006 \u2013 2009<\/p>\n<p>1.4 FSI 86 PS 2002 \u2013 2006<\/p>\n<p>1.4 TDI 75 PS 2001 \u2013 2005<\/p>\n<p>1.4 TDI 80 PS 2005 \u2013 2009<\/p>\n<p>1.4 TDI 70 PS 2005 \u2013 2009<\/p>\n<p>VW POLO 9N_ 1.9<\/p>\n<p>Heckklappend\u00e4mpfer f\u00fcr VW Polo IV Schr\u00e4gheck (9N) 1.9 SDI 64 PS 2001 \u2013 2009<\/p>\n<p>Kofferraum D\u00e4mpfer f\u00fcr Polo 9n 1.9 TDI 101 PS 2001 \u2013 2009<\/p>\n<p>1.9 TDI 130 PS 2003 \u2013 2009<\/p>\n<p>Ben\u00f6tigen Sie eine ganz andere Art von Gasfeder? Schreiben Sie uns und wenn m\u00f6glich senden Sie uns ein Foto des gedruckten Modellnamens per E-Mail sales@gastac-com-591077.hostingersite.com!<\/p>\n<p><strong>Gasdruckfede Anwendung<\/strong><br \/>\n<img class=\"lazyload\" decoding=\"async\" src=\"data:image\/gif;base64,R0lGODlhAQABAAAAACH5BAEKAAEALAAAAAABAAEAAAICTAEAOw==\" data-orig-src=\"https:\/\/gastac.com\/wp-content\/uploads\/2023\/06\/polo-heckklappendampfer.png\" alt=\"Polo 9N Heckklappend\u00e4mpfer \" \/><img decoding=\"async\" class=\"lazyload \" src=\"data:image\/svg+xml,%3Csvg%20xmlns%3D%27http%3A%2F%2Fwww.w3.org%2F2000%2Fsvg%27%20width%3D%27373%27%20height%3D%27370%27%20viewBox%3D%270%200%20373%20370%27%3E%3Crect%20width%3D%27373%27%20height%3D%27370%27%20fill-opacity%3D%220%22%2F%3E%3C%2Fsvg%3E\" data-orig-src=\"https:\/\/gastac.com\/wp-content\/uploads\/2023\/06\/vw-polo-heckklappendampfer-403x400.png\" alt=\"Polo 9N Heckklappend\u00e4mpfer \" width=\"373\" height=\"370\" \/><\/p>\n","protected":false},"excerpt":{"rendered":"<p>Polo 9N Heckklappend\u00e4mpfer M\u00fcssen Sie den Polo 9n Heckklappend\u00e4mpfer an Ihrem VW POLO austauschen? Dann sind Sie hier genau richtig.  [&#8230;]<\/p>\n","protected":false},"featured_media":18938,"comment_status":"open","ping_status":"closed","template":"","meta":[],"product_brand":[],"product_cat":[109],"product_tag":[],"class_list":{"0":"post-18922","1":"product","2":"type-product","3":"status-publish","4":"has-post-thumbnail","6":"product_cat-nicht-kategorisiert","8":"first","9":"instock","10":"shipping-taxable","11":"product-type-simple"},"yoast_head":"<!-- This site is optimized with the Yoast SEO Premium plugin v26.2 (Yoast SEO v27.4) - https:\/\/yoast.com\/product\/yoast-seo-premium-wordpress\/ -->\n<title>Polo 9N Heckklappend\u00e4mpfer | Gastac Gas Spring<\/title>\n<meta name=\"robots\" content=\"index, follow, max-snippet:-1, max-image-preview:large, max-video-preview:-1\" \/>\n<link rel=\"canonical\" href=\"https:\/\/www.gastac.com\/de\/produkt\/polo-9n-heckklappendaempfer\/\" \/>\n<meta property=\"og:locale\" content=\"de_DE\" \/>\n<meta property=\"og:type\" content=\"article\" \/>\n<meta property=\"og:title\" content=\"Polo 9N Heckklappend\u00e4mpfer\" \/>\n<meta property=\"og:description\" content=\"Polo 9N Heckklappend\u00e4mpfer M\u00fcssen Sie den Polo 9n Heckklappend\u00e4mpfer an Ihrem VW POLO austauschen? Dann sind Sie hier genau richtig. [...]\" \/>\n<meta property=\"og:url\" content=\"https:\/\/www.gastac.com\/de\/produkt\/polo-9n-heckklappendaempfer\/\" \/>\n<meta property=\"og:site_name\" content=\"Gastac Gas Spring\" \/>\n<meta property=\"article:publisher\" content=\"https:\/\/www.facebook.com\/profile.php?id=100092358464608\" \/>\n<meta property=\"article:modified_time\" content=\"2025-11-12T09:29:28+00:00\" \/>\n<meta property=\"og:image\" content=\"https:\/\/www.gastac.com\/wp-content\/uploads\/2025\/11\/polo-9n-heckklappendampfer-600x600-1.webp\" \/>\n\t<meta property=\"og:image:width\" content=\"600\" \/>\n\t<meta property=\"og:image:height\" content=\"600\" \/>\n\t<meta property=\"og:image:type\" content=\"image\/webp\" \/>\n<meta name=\"twitter:card\" content=\"summary_large_image\" \/>\n<meta name=\"twitter:label1\" content=\"Gesch\u00e4tzte Lesezeit\" \/>\n\t<meta name=\"twitter:data1\" content=\"1\u00a0Minute\" \/>\n<script type=\"application\/ld+json\" class=\"yoast-schema-graph\">{\"@context\":\"https:\\\/\\\/schema.org\",\"@graph\":[{\"@type\":\"WebPage\",\"@id\":\"https:\\\/\\\/www.gastac.com\\\/de\\\/produkt\\\/polo-9n-heckklappendaempfer\\\/\",\"url\":\"https:\\\/\\\/www.gastac.com\\\/de\\\/produkt\\\/polo-9n-heckklappendaempfer\\\/\",\"name\":\"Polo 9N Heckklappend\u00e4mpfer | Gastac Gas Spring\",\"isPartOf\":{\"@id\":\"https:\\\/\\\/www.gastac.com\\\/de\\\/#website\"},\"primaryImageOfPage\":{\"@id\":\"https:\\\/\\\/www.gastac.com\\\/de\\\/produkt\\\/polo-9n-heckklappendaempfer\\\/#primaryimage\"},\"image\":{\"@id\":\"https:\\\/\\\/www.gastac.com\\\/de\\\/produkt\\\/polo-9n-heckklappendaempfer\\\/#primaryimage\"},\"thumbnailUrl\":\"https:\\\/\\\/www.gastac.com\\\/wp-content\\\/uploads\\\/2025\\\/11\\\/polo-9n-heckklappendampfer-600x600-1.webp\",\"datePublished\":\"2025-11-12T09:29:27+00:00\",\"dateModified\":\"2025-11-12T09:29:28+00:00\",\"breadcrumb\":{\"@id\":\"https:\\\/\\\/www.gastac.com\\\/de\\\/produkt\\\/polo-9n-heckklappendaempfer\\\/#breadcrumb\"},\"inLanguage\":\"de\",\"potentialAction\":[{\"@type\":\"ReadAction\",\"target\":[\"https:\\\/\\\/www.gastac.com\\\/de\\\/produkt\\\/polo-9n-heckklappendaempfer\\\/\"]}]},{\"@type\":\"ImageObject\",\"inLanguage\":\"de\",\"@id\":\"https:\\\/\\\/www.gastac.com\\\/de\\\/produkt\\\/polo-9n-heckklappendaempfer\\\/#primaryimage\",\"url\":\"https:\\\/\\\/www.gastac.com\\\/wp-content\\\/uploads\\\/2025\\\/11\\\/polo-9n-heckklappendampfer-600x600-1.webp\",\"contentUrl\":\"https:\\\/\\\/www.gastac.com\\\/wp-content\\\/uploads\\\/2025\\\/11\\\/polo-9n-heckklappendampfer-600x600-1.webp\",\"width\":600,\"height\":600,\"caption\":\"polo 9n heckklappendampfer 600x600\"},{\"@type\":\"BreadcrumbList\",\"@id\":\"https:\\\/\\\/www.gastac.com\\\/de\\\/produkt\\\/polo-9n-heckklappendaempfer\\\/#breadcrumb\",\"itemListElement\":[{\"@type\":\"ListItem\",\"position\":1,\"name\":\"Home\",\"item\":\"https:\\\/\\\/www.gastac.com\\\/de\\\/\"},{\"@type\":\"ListItem\",\"position\":2,\"name\":\"products\",\"item\":\"https:\\\/\\\/www.gastac.com\\\/de\\\/products\\\/\"},{\"@type\":\"ListItem\",\"position\":3,\"name\":\"Nicht kategorisiert\",\"item\":\"https:\\\/\\\/www.gastac.com\\\/de\\\/product-category\\\/nicht-kategorisiert\\\/\"},{\"@type\":\"ListItem\",\"position\":4,\"name\":\"Polo 9N Heckklappend\u00e4mpfer\"}]},{\"@type\":\"WebSite\",\"@id\":\"https:\\\/\\\/www.gastac.com\\\/de\\\/#website\",\"url\":\"https:\\\/\\\/www.gastac.com\\\/de\\\/\",\"name\":\"Gastac Gas Spring\",\"description\":\"China\u2019s Leading Gas Springs &amp; Struts Manufacturer\",\"publisher\":{\"@id\":\"https:\\\/\\\/www.gastac.com\\\/de\\\/#organization\"},\"potentialAction\":[{\"@type\":\"SearchAction\",\"target\":{\"@type\":\"EntryPoint\",\"urlTemplate\":\"https:\\\/\\\/www.gastac.com\\\/de\\\/?s={search_term_string}\"},\"query-input\":{\"@type\":\"PropertyValueSpecification\",\"valueRequired\":true,\"valueName\":\"search_term_string\"}}],\"inLanguage\":\"de\"},{\"@type\":\"Organization\",\"@id\":\"https:\\\/\\\/www.gastac.com\\\/de\\\/#organization\",\"name\":\"Ningbo Gastac Gas Spring Co.,Ltd\",\"url\":\"https:\\\/\\\/www.gastac.com\\\/de\\\/\",\"logo\":{\"@type\":\"ImageObject\",\"inLanguage\":\"de\",\"@id\":\"https:\\\/\\\/www.gastac.com\\\/de\\\/#\\\/schema\\\/logo\\\/image\\\/\",\"url\":\"https:\\\/\\\/www.gastac.com\\\/wp-content\\\/uploads\\\/2025\\\/09\\\/LOGO\u672c\u8272-\u9ed1.webp\",\"contentUrl\":\"https:\\\/\\\/www.gastac.com\\\/wp-content\\\/uploads\\\/2025\\\/09\\\/LOGO\u672c\u8272-\u9ed1.webp\",\"width\":1920,\"height\":1080,\"caption\":\"Ningbo Gastac Gas Spring Co.,Ltd\"},\"image\":{\"@id\":\"https:\\\/\\\/www.gastac.com\\\/de\\\/#\\\/schema\\\/logo\\\/image\\\/\"},\"sameAs\":[\"https:\\\/\\\/www.facebook.com\\\/profile.php?id=100092358464608\",\"https:\\\/\\\/www.youtube.com\\\/@Gastac-Gas-Spring\",\"https:\\\/\\\/www.linkedin.com\\\/in\\\/gastac-gas-spring\\\/\",\"https:\\\/\\\/www.instagram.com\\\/gastacgasspring\\\/\"]}]}<\/script>\n<!-- \/ Yoast SEO Premium plugin. -->","yoast_head_json":{"title":"Polo 9N Heckklappend\u00e4mpfer | Gastac Gas Spring","robots":{"index":"index","follow":"follow","max-snippet":"max-snippet:-1","max-image-preview":"max-image-preview:large","max-video-preview":"max-video-preview:-1"},"canonical":"https:\/\/www.gastac.com\/de\/produkt\/polo-9n-heckklappendaempfer\/","og_locale":"de_DE","og_type":"article","og_title":"Polo 9N Heckklappend\u00e4mpfer","og_description":"Polo 9N Heckklappend\u00e4mpfer M\u00fcssen Sie den Polo 9n Heckklappend\u00e4mpfer an Ihrem VW POLO austauschen? Dann sind Sie hier genau richtig. [...]","og_url":"https:\/\/www.gastac.com\/de\/produkt\/polo-9n-heckklappendaempfer\/","og_site_name":"Gastac Gas Spring","article_publisher":"https:\/\/www.facebook.com\/profile.php?id=100092358464608","article_modified_time":"2025-11-12T09:29:28+00:00","og_image":[{"width":600,"height":600,"url":"https:\/\/www.gastac.com\/wp-content\/uploads\/2025\/11\/polo-9n-heckklappendampfer-600x600-1.webp","type":"image\/webp"}],"twitter_card":"summary_large_image","twitter_misc":{"Gesch\u00e4tzte Lesezeit":"1\u00a0Minute"},"schema":{"@context":"https:\/\/schema.org","@graph":[{"@type":"WebPage","@id":"https:\/\/www.gastac.com\/de\/produkt\/polo-9n-heckklappendaempfer\/","url":"https:\/\/www.gastac.com\/de\/produkt\/polo-9n-heckklappendaempfer\/","name":"Polo 9N Heckklappend\u00e4mpfer | Gastac Gas Spring","isPartOf":{"@id":"https:\/\/www.gastac.com\/de\/#website"},"primaryImageOfPage":{"@id":"https:\/\/www.gastac.com\/de\/produkt\/polo-9n-heckklappendaempfer\/#primaryimage"},"image":{"@id":"https:\/\/www.gastac.com\/de\/produkt\/polo-9n-heckklappendaempfer\/#primaryimage"},"thumbnailUrl":"https:\/\/www.gastac.com\/wp-content\/uploads\/2025\/11\/polo-9n-heckklappendampfer-600x600-1.webp","datePublished":"2025-11-12T09:29:27+00:00","dateModified":"2025-11-12T09:29:28+00:00","breadcrumb":{"@id":"https:\/\/www.gastac.com\/de\/produkt\/polo-9n-heckklappendaempfer\/#breadcrumb"},"inLanguage":"de","potentialAction":[{"@type":"ReadAction","target":["https:\/\/www.gastac.com\/de\/produkt\/polo-9n-heckklappendaempfer\/"]}]},{"@type":"ImageObject","inLanguage":"de","@id":"https:\/\/www.gastac.com\/de\/produkt\/polo-9n-heckklappendaempfer\/#primaryimage","url":"https:\/\/www.gastac.com\/wp-content\/uploads\/2025\/11\/polo-9n-heckklappendampfer-600x600-1.webp","contentUrl":"https:\/\/www.gastac.com\/wp-content\/uploads\/2025\/11\/polo-9n-heckklappendampfer-600x600-1.webp","width":600,"height":600,"caption":"polo 9n heckklappendampfer 600x600"},{"@type":"BreadcrumbList","@id":"https:\/\/www.gastac.com\/de\/produkt\/polo-9n-heckklappendaempfer\/#breadcrumb","itemListElement":[{"@type":"ListItem","position":1,"name":"Home","item":"https:\/\/www.gastac.com\/de\/"},{"@type":"ListItem","position":2,"name":"products","item":"https:\/\/www.gastac.com\/de\/products\/"},{"@type":"ListItem","position":3,"name":"Nicht kategorisiert","item":"https:\/\/www.gastac.com\/de\/product-category\/nicht-kategorisiert\/"},{"@type":"ListItem","position":4,"name":"Polo 9N Heckklappend\u00e4mpfer"}]},{"@type":"WebSite","@id":"https:\/\/www.gastac.com\/de\/#website","url":"https:\/\/www.gastac.com\/de\/","name":"Gastac Gas Spring","description":"China\u2019s Leading Gas Springs &amp; Struts Manufacturer","publisher":{"@id":"https:\/\/www.gastac.com\/de\/#organization"},"potentialAction":[{"@type":"SearchAction","target":{"@type":"EntryPoint","urlTemplate":"https:\/\/www.gastac.com\/de\/?s={search_term_string}"},"query-input":{"@type":"PropertyValueSpecification","valueRequired":true,"valueName":"search_term_string"}}],"inLanguage":"de"},{"@type":"Organization","@id":"https:\/\/www.gastac.com\/de\/#organization","name":"Ningbo Gastac Gas Spring Co.,Ltd","url":"https:\/\/www.gastac.com\/de\/","logo":{"@type":"ImageObject","inLanguage":"de","@id":"https:\/\/www.gastac.com\/de\/#\/schema\/logo\/image\/","url":"https:\/\/www.gastac.com\/wp-content\/uploads\/2025\/09\/LOGO\u672c\u8272-\u9ed1.webp","contentUrl":"https:\/\/www.gastac.com\/wp-content\/uploads\/2025\/09\/LOGO\u672c\u8272-\u9ed1.webp","width":1920,"height":1080,"caption":"Ningbo Gastac Gas Spring Co.,Ltd"},"image":{"@id":"https:\/\/www.gastac.com\/de\/#\/schema\/logo\/image\/"},"sameAs":["https:\/\/www.facebook.com\/profile.php?id=100092358464608","https:\/\/www.youtube.com\/@Gastac-Gas-Spring","https:\/\/www.linkedin.com\/in\/gastac-gas-spring\/","https:\/\/www.instagram.com\/gastacgasspring\/"]}]}},"_links":{"self":[{"href":"https:\/\/www.gastac.com\/de\/wp-json\/wp\/v2\/product\/18922","targetHints":{"allow":["GET"]}}],"collection":[{"href":"https:\/\/www.gastac.com\/de\/wp-json\/wp\/v2\/product"}],"about":[{"href":"https:\/\/www.gastac.com\/de\/wp-json\/wp\/v2\/types\/product"}],"replies":[{"embeddable":true,"href":"https:\/\/www.gastac.com\/de\/wp-json\/wp\/v2\/comments?post=18922"}],"wp:featuredmedia":[{"embeddable":true,"href":"https:\/\/www.gastac.com\/de\/wp-json\/wp\/v2\/media\/18938"}],"wp:attachment":[{"href":"https:\/\/www.gastac.com\/de\/wp-json\/wp\/v2\/media?parent=18922"}],"wp:term":[{"taxonomy":"product_brand","embeddable":true,"href":"https:\/\/www.gastac.com\/de\/wp-json\/wp\/v2\/product_brand?post=18922"},{"taxonomy":"product_cat","embeddable":true,"href":"https:\/\/www.gastac.com\/de\/wp-json\/wp\/v2\/product_cat?post=18922"},{"taxonomy":"product_tag","embeddable":true,"href":"https:\/\/www.gastac.com\/de\/wp-json\/wp\/v2\/product_tag?post=18922"}],"curies":[{"name":"wp","href":"https:\/\/api.w.org\/{rel}","templated":true}]}}