{"id":18884,"date":"2025-11-12T09:07:46","date_gmt":"2025-11-12T09:07:46","guid":{"rendered":"https:\/\/www.gastac.com\/?post_type=product&#038;p=18884"},"modified":"2025-11-12T09:07:47","modified_gmt":"2025-11-12T09:07:47","slug":"heckklappendaempfer-bmw-e61","status":"publish","type":"product","link":"https:\/\/www.gastac.com\/de\/produkt\/heckklappendaempfer-bmw-e61\/","title":{"rendered":"Heckklappend\u00e4mpfer BMW E61"},"content":{"rendered":"<p><strong>Heckklappend\u00e4mpfer BMW E61<\/strong><\/p>\n<p>Zugegeben, der Heckklappend\u00e4mpfer BMW E61 (auch bekannt als BMW E61 Heckklappend\u00e4mpfer oder BMW E61 Heckklappend\u00e4mpfer hydraulisch) macht Ihr Auto nicht schneller, agiler oder ansprechender. Aber es wird bequemer sein. Sobald das Fahrzeug steht und Sie den Koffer mit Ihrem Gep\u00e4ck herausnehmen, spielt das Reserverad seinen Vorteil aus. Wenn Sie einen modernen BMW fahren, ist die Wartung der Heckklappend\u00e4mpfer BMW E61 f\u00fcr Sie vielleicht eine Selbstverst\u00e4ndlichkeit, da diese Autoteile mittlerweile bei vielen Modellen zur Standardausr\u00fcstung geh\u00f6ren. Sie \u00f6ffnen die Heckklappe und der Kofferraum \u00f6ffnet sich wie von Zauberhand. F\u00fcr alle Fahrer, deren Fahrzeuge keinen Heckklappend\u00e4mpfer haben, ist die Vorgehensweise sehr unterschiedlich.<\/p>\n<p>Der Einbau des Heckklappend\u00e4mpfers BMW E61 ist bei den meisten Modellen kein Problem, allerdings erfordert die Nachr\u00fcstung etwas Geschick, da die Gasfedern an Karosserie und Heckklappe verschraubt werden m\u00fcssen. Denken Sie daran, dass jedes gebohrte Loch die Gefahr erh\u00f6ht, dass Ihr Fahrzeug rostet. Seien Sie im Zweifelsfall vorsichtig und beauftragen Sie eine Fachwerkstatt mit der Arbeit.<\/p>\n<p>Der Heckklappend\u00e4mpfer BMW E61 unterliegt durch das \u00d6ffnen und Schlie\u00dfen einem gewissen Verschlei\u00df. Ein defekter BMW E61 Heckklappend\u00e4mpfer hydraulisch w\u00fcrde sich durch eine verminderte Hubkraft bemerkbar machen. Die BMW-Heckklappe \u00f6ffnet sich sehr langsam oder ben\u00f6tigt Ihre Hilfe. Zudem kann eine besch\u00e4digte Gasfeder die Heckklappe nicht mehr selbstst\u00e4ndig abst\u00fctzen. Im Extremfall kann es zum Bruch des Druckrohres und zum explosionsartigen \u00d6ffnen der Gasfeder kommen. Das Verletzungsrisiko sollte nicht untersch\u00e4tzt werden.<\/p>\n<p>Ben\u00f6tigen Sie eine ganz andere Art von Gasfeder? Schreiben Sie uns und wenn m\u00f6glich senden Sie uns ein Foto des gedruckten Modellnamens per E-Mail sales@gastac-com-591077.hostingersite.com!<\/p>\n<p><strong>Gasdruckfede Anwendung<\/strong><br \/>\n<img class=\"lazyload\" decoding=\"async\" src=\"data:image\/gif;base64,R0lGODlhAQABAAAAACH5BAEKAAEALAAAAAABAAEAAAICTAEAOw==\" data-orig-src=\"https:\/\/www.gastac.com\/wp-content\/uploads\/2023\/06\/bmw-e61-elektrische-heckklappe-dampfer-400x400.jpg\" alt=\"Heckklappend\u00e4mpfer BMW E61\" \/><img class=\"lazyload\" decoding=\"async\" src=\"data:image\/gif;base64,R0lGODlhAQABAAAAACH5BAEKAAEALAAAAAABAAEAAAICTAEAOw==\" data-orig-src=\"https:\/\/www.gastac.com\/wp-content\/uploads\/2023\/06\/bmw-e61-heckklappendampfer-1-398x400.png\" alt=\"Heckklappend\u00e4mpfer BMW E61\" \/><\/p>\n","protected":false},"excerpt":{"rendered":"<p>Heckklappend\u00e4mpfer BMW E61 Zugegeben, der Heckklappend\u00e4mpfer BMW E61 (auch bekannt als BMW E61 Heckklappend\u00e4mpfer oder BMW E61 Heckklappend\u00e4mpfer hydraulisch) macht  [&#8230;]<\/p>\n","protected":false},"featured_media":18891,"comment_status":"open","ping_status":"closed","template":"","meta":[],"product_brand":[],"product_cat":[109],"product_tag":[],"class_list":{"0":"post-18884","1":"product","2":"type-product","3":"status-publish","4":"has-post-thumbnail","6":"product_cat-nicht-kategorisiert","8":"first","9":"instock","10":"shipping-taxable","11":"product-type-simple"},"yoast_head":"<!-- This site is optimized with the Yoast SEO Premium plugin v26.2 (Yoast SEO v27.4) - https:\/\/yoast.com\/product\/yoast-seo-premium-wordpress\/ -->\n<title>Heckklappend\u00e4mpfer BMW E61 | Gastac Gas Spring<\/title>\n<meta name=\"robots\" content=\"index, follow, max-snippet:-1, max-image-preview:large, max-video-preview:-1\" \/>\n<link rel=\"canonical\" href=\"https:\/\/www.gastac.com\/de\/produkt\/heckklappendaempfer-bmw-e61\/\" \/>\n<meta property=\"og:locale\" content=\"de_DE\" \/>\n<meta property=\"og:type\" content=\"article\" \/>\n<meta property=\"og:title\" content=\"Heckklappend\u00e4mpfer BMW E61\" \/>\n<meta property=\"og:description\" content=\"Heckklappend\u00e4mpfer BMW E61 Zugegeben, der Heckklappend\u00e4mpfer BMW E61 (auch bekannt als BMW E61 Heckklappend\u00e4mpfer oder BMW E61 Heckklappend\u00e4mpfer hydraulisch) macht [...]\" \/>\n<meta property=\"og:url\" content=\"https:\/\/www.gastac.com\/de\/produkt\/heckklappendaempfer-bmw-e61\/\" \/>\n<meta property=\"og:site_name\" content=\"Gastac Gas Spring\" \/>\n<meta property=\"article:publisher\" content=\"https:\/\/www.facebook.com\/profile.php?id=100092358464608\" \/>\n<meta property=\"article:modified_time\" content=\"2025-11-12T09:07:47+00:00\" \/>\n<meta property=\"og:image\" content=\"https:\/\/www.gastac.com\/wp-content\/uploads\/2025\/11\/heckklappendampfer-bmw-e61-1.webp\" \/>\n\t<meta property=\"og:image:width\" content=\"1500\" \/>\n\t<meta property=\"og:image:height\" content=\"1500\" \/>\n\t<meta property=\"og:image:type\" content=\"image\/webp\" \/>\n<meta name=\"twitter:card\" content=\"summary_large_image\" \/>\n<meta name=\"twitter:label1\" content=\"Gesch\u00e4tzte Lesezeit\" \/>\n\t<meta name=\"twitter:data1\" content=\"1\u00a0Minute\" \/>\n<script type=\"application\/ld+json\" class=\"yoast-schema-graph\">{\"@context\":\"https:\\\/\\\/schema.org\",\"@graph\":[{\"@type\":\"WebPage\",\"@id\":\"https:\\\/\\\/www.gastac.com\\\/de\\\/produkt\\\/heckklappendaempfer-bmw-e61\\\/\",\"url\":\"https:\\\/\\\/www.gastac.com\\\/de\\\/produkt\\\/heckklappendaempfer-bmw-e61\\\/\",\"name\":\"Heckklappend\u00e4mpfer BMW E61 | Gastac Gas Spring\",\"isPartOf\":{\"@id\":\"https:\\\/\\\/www.gastac.com\\\/de\\\/#website\"},\"primaryImageOfPage\":{\"@id\":\"https:\\\/\\\/www.gastac.com\\\/de\\\/produkt\\\/heckklappendaempfer-bmw-e61\\\/#primaryimage\"},\"image\":{\"@id\":\"https:\\\/\\\/www.gastac.com\\\/de\\\/produkt\\\/heckklappendaempfer-bmw-e61\\\/#primaryimage\"},\"thumbnailUrl\":\"https:\\\/\\\/www.gastac.com\\\/wp-content\\\/uploads\\\/2025\\\/11\\\/heckklappendampfer-bmw-e61-1.webp\",\"datePublished\":\"2025-11-12T09:07:46+00:00\",\"dateModified\":\"2025-11-12T09:07:47+00:00\",\"breadcrumb\":{\"@id\":\"https:\\\/\\\/www.gastac.com\\\/de\\\/produkt\\\/heckklappendaempfer-bmw-e61\\\/#breadcrumb\"},\"inLanguage\":\"de\",\"potentialAction\":[{\"@type\":\"ReadAction\",\"target\":[\"https:\\\/\\\/www.gastac.com\\\/de\\\/produkt\\\/heckklappendaempfer-bmw-e61\\\/\"]}]},{\"@type\":\"ImageObject\",\"inLanguage\":\"de\",\"@id\":\"https:\\\/\\\/www.gastac.com\\\/de\\\/produkt\\\/heckklappendaempfer-bmw-e61\\\/#primaryimage\",\"url\":\"https:\\\/\\\/www.gastac.com\\\/wp-content\\\/uploads\\\/2025\\\/11\\\/heckklappendampfer-bmw-e61-1.webp\",\"contentUrl\":\"https:\\\/\\\/www.gastac.com\\\/wp-content\\\/uploads\\\/2025\\\/11\\\/heckklappendampfer-bmw-e61-1.webp\",\"width\":1500,\"height\":1500,\"caption\":\"heckklappendampfer bmw e61 1\"},{\"@type\":\"BreadcrumbList\",\"@id\":\"https:\\\/\\\/www.gastac.com\\\/de\\\/produkt\\\/heckklappendaempfer-bmw-e61\\\/#breadcrumb\",\"itemListElement\":[{\"@type\":\"ListItem\",\"position\":1,\"name\":\"Home\",\"item\":\"https:\\\/\\\/www.gastac.com\\\/de\\\/\"},{\"@type\":\"ListItem\",\"position\":2,\"name\":\"products\",\"item\":\"https:\\\/\\\/www.gastac.com\\\/de\\\/products\\\/\"},{\"@type\":\"ListItem\",\"position\":3,\"name\":\"Nicht kategorisiert\",\"item\":\"https:\\\/\\\/www.gastac.com\\\/de\\\/product-category\\\/nicht-kategorisiert\\\/\"},{\"@type\":\"ListItem\",\"position\":4,\"name\":\"Heckklappend\u00e4mpfer BMW E61\"}]},{\"@type\":\"WebSite\",\"@id\":\"https:\\\/\\\/www.gastac.com\\\/de\\\/#website\",\"url\":\"https:\\\/\\\/www.gastac.com\\\/de\\\/\",\"name\":\"Gastac Gas Spring\",\"description\":\"China\u2019s Leading Gas Springs &amp; Struts Manufacturer\",\"publisher\":{\"@id\":\"https:\\\/\\\/www.gastac.com\\\/de\\\/#organization\"},\"potentialAction\":[{\"@type\":\"SearchAction\",\"target\":{\"@type\":\"EntryPoint\",\"urlTemplate\":\"https:\\\/\\\/www.gastac.com\\\/de\\\/?s={search_term_string}\"},\"query-input\":{\"@type\":\"PropertyValueSpecification\",\"valueRequired\":true,\"valueName\":\"search_term_string\"}}],\"inLanguage\":\"de\"},{\"@type\":\"Organization\",\"@id\":\"https:\\\/\\\/www.gastac.com\\\/de\\\/#organization\",\"name\":\"Ningbo Gastac Gas Spring Co.,Ltd\",\"url\":\"https:\\\/\\\/www.gastac.com\\\/de\\\/\",\"logo\":{\"@type\":\"ImageObject\",\"inLanguage\":\"de\",\"@id\":\"https:\\\/\\\/www.gastac.com\\\/de\\\/#\\\/schema\\\/logo\\\/image\\\/\",\"url\":\"https:\\\/\\\/www.gastac.com\\\/wp-content\\\/uploads\\\/2025\\\/09\\\/LOGO\u672c\u8272-\u9ed1.webp\",\"contentUrl\":\"https:\\\/\\\/www.gastac.com\\\/wp-content\\\/uploads\\\/2025\\\/09\\\/LOGO\u672c\u8272-\u9ed1.webp\",\"width\":1920,\"height\":1080,\"caption\":\"Ningbo Gastac Gas Spring Co.,Ltd\"},\"image\":{\"@id\":\"https:\\\/\\\/www.gastac.com\\\/de\\\/#\\\/schema\\\/logo\\\/image\\\/\"},\"sameAs\":[\"https:\\\/\\\/www.facebook.com\\\/profile.php?id=100092358464608\",\"https:\\\/\\\/www.youtube.com\\\/@Gastac-Gas-Spring\",\"https:\\\/\\\/www.linkedin.com\\\/in\\\/gastac-gas-spring\\\/\",\"https:\\\/\\\/www.instagram.com\\\/gastacgasspring\\\/\"]}]}<\/script>\n<!-- \/ Yoast SEO Premium plugin. -->","yoast_head_json":{"title":"Heckklappend\u00e4mpfer BMW E61 | Gastac Gas Spring","robots":{"index":"index","follow":"follow","max-snippet":"max-snippet:-1","max-image-preview":"max-image-preview:large","max-video-preview":"max-video-preview:-1"},"canonical":"https:\/\/www.gastac.com\/de\/produkt\/heckklappendaempfer-bmw-e61\/","og_locale":"de_DE","og_type":"article","og_title":"Heckklappend\u00e4mpfer BMW E61","og_description":"Heckklappend\u00e4mpfer BMW E61 Zugegeben, der Heckklappend\u00e4mpfer BMW E61 (auch bekannt als BMW E61 Heckklappend\u00e4mpfer oder BMW E61 Heckklappend\u00e4mpfer hydraulisch) macht [...]","og_url":"https:\/\/www.gastac.com\/de\/produkt\/heckklappendaempfer-bmw-e61\/","og_site_name":"Gastac Gas Spring","article_publisher":"https:\/\/www.facebook.com\/profile.php?id=100092358464608","article_modified_time":"2025-11-12T09:07:47+00:00","og_image":[{"width":1500,"height":1500,"url":"https:\/\/www.gastac.com\/wp-content\/uploads\/2025\/11\/heckklappendampfer-bmw-e61-1.webp","type":"image\/webp"}],"twitter_card":"summary_large_image","twitter_misc":{"Gesch\u00e4tzte Lesezeit":"1\u00a0Minute"},"schema":{"@context":"https:\/\/schema.org","@graph":[{"@type":"WebPage","@id":"https:\/\/www.gastac.com\/de\/produkt\/heckklappendaempfer-bmw-e61\/","url":"https:\/\/www.gastac.com\/de\/produkt\/heckklappendaempfer-bmw-e61\/","name":"Heckklappend\u00e4mpfer BMW E61 | Gastac Gas Spring","isPartOf":{"@id":"https:\/\/www.gastac.com\/de\/#website"},"primaryImageOfPage":{"@id":"https:\/\/www.gastac.com\/de\/produkt\/heckklappendaempfer-bmw-e61\/#primaryimage"},"image":{"@id":"https:\/\/www.gastac.com\/de\/produkt\/heckklappendaempfer-bmw-e61\/#primaryimage"},"thumbnailUrl":"https:\/\/www.gastac.com\/wp-content\/uploads\/2025\/11\/heckklappendampfer-bmw-e61-1.webp","datePublished":"2025-11-12T09:07:46+00:00","dateModified":"2025-11-12T09:07:47+00:00","breadcrumb":{"@id":"https:\/\/www.gastac.com\/de\/produkt\/heckklappendaempfer-bmw-e61\/#breadcrumb"},"inLanguage":"de","potentialAction":[{"@type":"ReadAction","target":["https:\/\/www.gastac.com\/de\/produkt\/heckklappendaempfer-bmw-e61\/"]}]},{"@type":"ImageObject","inLanguage":"de","@id":"https:\/\/www.gastac.com\/de\/produkt\/heckklappendaempfer-bmw-e61\/#primaryimage","url":"https:\/\/www.gastac.com\/wp-content\/uploads\/2025\/11\/heckklappendampfer-bmw-e61-1.webp","contentUrl":"https:\/\/www.gastac.com\/wp-content\/uploads\/2025\/11\/heckklappendampfer-bmw-e61-1.webp","width":1500,"height":1500,"caption":"heckklappendampfer bmw e61 1"},{"@type":"BreadcrumbList","@id":"https:\/\/www.gastac.com\/de\/produkt\/heckklappendaempfer-bmw-e61\/#breadcrumb","itemListElement":[{"@type":"ListItem","position":1,"name":"Home","item":"https:\/\/www.gastac.com\/de\/"},{"@type":"ListItem","position":2,"name":"products","item":"https:\/\/www.gastac.com\/de\/products\/"},{"@type":"ListItem","position":3,"name":"Nicht kategorisiert","item":"https:\/\/www.gastac.com\/de\/product-category\/nicht-kategorisiert\/"},{"@type":"ListItem","position":4,"name":"Heckklappend\u00e4mpfer BMW E61"}]},{"@type":"WebSite","@id":"https:\/\/www.gastac.com\/de\/#website","url":"https:\/\/www.gastac.com\/de\/","name":"Gastac Gas Spring","description":"China\u2019s Leading Gas Springs &amp; Struts Manufacturer","publisher":{"@id":"https:\/\/www.gastac.com\/de\/#organization"},"potentialAction":[{"@type":"SearchAction","target":{"@type":"EntryPoint","urlTemplate":"https:\/\/www.gastac.com\/de\/?s={search_term_string}"},"query-input":{"@type":"PropertyValueSpecification","valueRequired":true,"valueName":"search_term_string"}}],"inLanguage":"de"},{"@type":"Organization","@id":"https:\/\/www.gastac.com\/de\/#organization","name":"Ningbo Gastac Gas Spring Co.,Ltd","url":"https:\/\/www.gastac.com\/de\/","logo":{"@type":"ImageObject","inLanguage":"de","@id":"https:\/\/www.gastac.com\/de\/#\/schema\/logo\/image\/","url":"https:\/\/www.gastac.com\/wp-content\/uploads\/2025\/09\/LOGO\u672c\u8272-\u9ed1.webp","contentUrl":"https:\/\/www.gastac.com\/wp-content\/uploads\/2025\/09\/LOGO\u672c\u8272-\u9ed1.webp","width":1920,"height":1080,"caption":"Ningbo Gastac Gas Spring Co.,Ltd"},"image":{"@id":"https:\/\/www.gastac.com\/de\/#\/schema\/logo\/image\/"},"sameAs":["https:\/\/www.facebook.com\/profile.php?id=100092358464608","https:\/\/www.youtube.com\/@Gastac-Gas-Spring","https:\/\/www.linkedin.com\/in\/gastac-gas-spring\/","https:\/\/www.instagram.com\/gastacgasspring\/"]}]}},"_links":{"self":[{"href":"https:\/\/www.gastac.com\/de\/wp-json\/wp\/v2\/product\/18884","targetHints":{"allow":["GET"]}}],"collection":[{"href":"https:\/\/www.gastac.com\/de\/wp-json\/wp\/v2\/product"}],"about":[{"href":"https:\/\/www.gastac.com\/de\/wp-json\/wp\/v2\/types\/product"}],"replies":[{"embeddable":true,"href":"https:\/\/www.gastac.com\/de\/wp-json\/wp\/v2\/comments?post=18884"}],"wp:featuredmedia":[{"embeddable":true,"href":"https:\/\/www.gastac.com\/de\/wp-json\/wp\/v2\/media\/18891"}],"wp:attachment":[{"href":"https:\/\/www.gastac.com\/de\/wp-json\/wp\/v2\/media?parent=18884"}],"wp:term":[{"taxonomy":"product_brand","embeddable":true,"href":"https:\/\/www.gastac.com\/de\/wp-json\/wp\/v2\/product_brand?post=18884"},{"taxonomy":"product_cat","embeddable":true,"href":"https:\/\/www.gastac.com\/de\/wp-json\/wp\/v2\/product_cat?post=18884"},{"taxonomy":"product_tag","embeddable":true,"href":"https:\/\/www.gastac.com\/de\/wp-json\/wp\/v2\/product_tag?post=18884"}],"curies":[{"name":"wp","href":"https:\/\/api.w.org\/{rel}","templated":true}]}}