{"id":18797,"date":"2025-11-12T08:04:41","date_gmt":"2025-11-12T08:04:41","guid":{"rendered":"https:\/\/www.gastac.com\/?post_type=product&#038;p=18797"},"modified":"2025-11-12T08:04:42","modified_gmt":"2025-11-12T08:04:42","slug":"gasdruckfeder-fuer-deckel","status":"publish","type":"product","link":"https:\/\/www.gastac.com\/de\/produkt\/gasdruckfeder-fuer-deckel\/","title":{"rendered":"Gasdruckfeder f\u00fcr Deckel"},"content":{"rendered":"<p><strong>Gasdruckfeder f\u00fcr Deckel<\/strong><\/p>\n<div>\n<p>Komfortabler Schaft\u00fcberzug. Geruchshemmend und wasserdicht (vollst\u00e4ndige Wasserdichtigkeit nicht garantiert). Spezialdichtung mit guter chemischer Best\u00e4ndigkeit. Inklusive \u00d6ffnungswerkzeug. Die \u00d6ffnung wird durch eine Gasdruckfeder unterst\u00fctzt, so dass der deckel mit gasdruckfeder von einer Person ge\u00f6ffnet und geschlossen werden kann. Mit Absturzsicherung.<br \/>\nEmpfohlen f\u00fcr gasdruckfeder bodenklappe Anwendungen:<br \/>\nF\u00fcr Zugangs\u00f6ffnungen, die h\u00e4ufig und ohne besonderen Kraftaufwand ge\u00f6ffnet werden m\u00fcssen. Besonders geeignet f\u00fcr die Inspektion und Korrektur von Sch\u00e4chten. Ideal f\u00fcr Schwimmbadeinstiegs\u00f6ffnungen, die zur w\u00f6chentlichen Wartung ohne gro\u00dfen Aufwand ge\u00f6ffnet und geschlossen werden k\u00f6nnen.<br \/>\nEinfacher Denkmalschutz mit der Gasdruckfeder f\u00fcr deckel.<\/p>\n<div>\n<p>Hinter den Mauern des denkmalgesch\u00fctzten Fachwerkhauses (erbaut um 1760) muss es viele Geschichten geben, die sich nur erahnen lassen. Es w\u00e4re sicher interessant zu sehen, was das Haus hier erz\u00e4hlen k\u00f6nnte. Eine Bodenluke im Erdgeschoss zeigt jedoch unschwer den Zugang zum Gew\u00f6lbekeller des Hauses.<br \/>\nDie Gasdruckfeder f\u00fcr deckel sorgt daf\u00fcr, dass sich die Klappe leicht \u00f6ffnen und schlie\u00dfen l\u00e4sst und auch sicher in der ge\u00f6ffneten Position bleibt.<br \/>\nEntscheidend f\u00fcr die Funktion der Bodenklappe ist die richtige Berechnung der Gasdruckfeder f\u00fcr deckel und ihrer Anschlusspunkte.<br \/>\nPlatzsparende Komponenten f\u00fcr Treppen<br \/>\nDie Gasdruckfeder f\u00fcr deckel muss so angeschlossen werden, dass sie bei ge\u00f6ffneten Klappen den Zugang zu dem ohnehin sehr schmalen Treppenhaus nicht behindert. Das bedeutet aber, dass die Einbaulage sehr ung\u00fcnstig ist.<br \/>\nDie gasdruckfeder bodenklappe musste so konstruiert werden, dass sich die Klappen nach leichtem Anheben von selbst \u00f6ffnen und dann zuverl\u00e4ssig offen bleiben. Denn w\u00fcrde sich die Klappe unkontrolliert schlie\u00dfen, w\u00e4re das eine gro\u00dfe Gefahrenquelle.<\/p>\n<\/div>\n<div><\/div>\n<div><strong>Gasdruckfede Anwendung<\/strong><\/div>\n<p><img class=\"lazyload\" decoding=\"async\" src=\"data:image\/gif;base64,R0lGODlhAQABAAAAACH5BAEKAAEALAAAAAABAAEAAAICTAEAOw==\" data-orig-src=\"https:\/\/www.gastac.com\/wp-content\/uploads\/2023\/06\/gasdruckfeder-bodenklappe-313x400.jpg\" alt=\"Gasdruckfeder f\u00fcr Deckel \" \/><img class=\"lazyload\" decoding=\"async\" src=\"data:image\/gif;base64,R0lGODlhAQABAAAAACH5BAEKAAEALAAAAAABAAEAAAICTAEAOw==\" data-orig-src=\"https:\/\/www.gastac.com\/wp-content\/uploads\/2023\/06\/gasdruckfeder-fur-deckel-384x400.jpg\" alt=\"Gasdruckfeder f\u00fcr Deckel \" \/><\/p>\n<\/div>\n","protected":false},"excerpt":{"rendered":"<p>Gasdruckfeder f\u00fcr Deckel Komfortabler Schaft\u00fcberzug. Geruchshemmend und wasserdicht (vollst\u00e4ndige Wasserdichtigkeit nicht garantiert). Spezialdichtung mit guter chemischer Best\u00e4ndigkeit. Inklusive \u00d6ffnungswerkzeug. Die  [&#8230;]<\/p>\n","protected":false},"featured_media":18800,"comment_status":"open","ping_status":"closed","template":"","meta":[],"product_brand":[],"product_cat":[109],"product_tag":[],"class_list":{"0":"post-18797","1":"product","2":"type-product","3":"status-publish","4":"has-post-thumbnail","6":"product_cat-nicht-kategorisiert","8":"first","9":"instock","10":"shipping-taxable","11":"product-type-simple"},"yoast_head":"<!-- This site is optimized with the Yoast SEO Premium plugin v26.2 (Yoast SEO v27.3) - https:\/\/yoast.com\/product\/yoast-seo-premium-wordpress\/ -->\n<title>Gasdruckfeder f\u00fcr Deckel | Gastac Gas Spring<\/title>\n<meta name=\"robots\" content=\"index, follow, max-snippet:-1, max-image-preview:large, max-video-preview:-1\" \/>\n<link rel=\"canonical\" href=\"https:\/\/www.gastac.com\/de\/produkt\/gasdruckfeder-fuer-deckel\/\" \/>\n<meta property=\"og:locale\" content=\"de_DE\" \/>\n<meta property=\"og:type\" content=\"article\" \/>\n<meta property=\"og:title\" content=\"Gasdruckfeder f\u00fcr Deckel\" \/>\n<meta property=\"og:description\" content=\"Gasdruckfeder f\u00fcr Deckel Komfortabler Schaft\u00fcberzug. Geruchshemmend und wasserdicht (vollst\u00e4ndige Wasserdichtigkeit nicht garantiert). Spezialdichtung mit guter chemischer Best\u00e4ndigkeit. Inklusive \u00d6ffnungswerkzeug. Die [...]\" \/>\n<meta property=\"og:url\" content=\"https:\/\/www.gastac.com\/de\/produkt\/gasdruckfeder-fuer-deckel\/\" \/>\n<meta property=\"og:site_name\" content=\"Gastac Gas Spring\" \/>\n<meta property=\"article:publisher\" content=\"https:\/\/www.facebook.com\/profile.php?id=100092358464608\" \/>\n<meta property=\"article:modified_time\" content=\"2025-11-12T08:04:42+00:00\" \/>\n<meta property=\"og:image\" content=\"https:\/\/www.gastac.com\/wp-content\/uploads\/2025\/11\/deckel-mit-gasdruckfeder-600x600-1.webp\" \/>\n\t<meta property=\"og:image:width\" content=\"600\" \/>\n\t<meta property=\"og:image:height\" content=\"600\" \/>\n\t<meta property=\"og:image:type\" content=\"image\/webp\" \/>\n<meta name=\"twitter:card\" content=\"summary_large_image\" \/>\n<meta name=\"twitter:label1\" content=\"Gesch\u00e4tzte Lesezeit\" \/>\n\t<meta name=\"twitter:data1\" content=\"1\u00a0Minute\" \/>\n<script type=\"application\/ld+json\" class=\"yoast-schema-graph\">{\"@context\":\"https:\\\/\\\/schema.org\",\"@graph\":[{\"@type\":\"WebPage\",\"@id\":\"https:\\\/\\\/www.gastac.com\\\/de\\\/produkt\\\/gasdruckfeder-fuer-deckel\\\/\",\"url\":\"https:\\\/\\\/www.gastac.com\\\/de\\\/produkt\\\/gasdruckfeder-fuer-deckel\\\/\",\"name\":\"Gasdruckfeder f\u00fcr Deckel | Gastac Gas Spring\",\"isPartOf\":{\"@id\":\"https:\\\/\\\/www.gastac.com\\\/de\\\/#website\"},\"primaryImageOfPage\":{\"@id\":\"https:\\\/\\\/www.gastac.com\\\/de\\\/produkt\\\/gasdruckfeder-fuer-deckel\\\/#primaryimage\"},\"image\":{\"@id\":\"https:\\\/\\\/www.gastac.com\\\/de\\\/produkt\\\/gasdruckfeder-fuer-deckel\\\/#primaryimage\"},\"thumbnailUrl\":\"https:\\\/\\\/www.gastac.com\\\/wp-content\\\/uploads\\\/2025\\\/11\\\/deckel-mit-gasdruckfeder-600x600-1.webp\",\"datePublished\":\"2025-11-12T08:04:41+00:00\",\"dateModified\":\"2025-11-12T08:04:42+00:00\",\"breadcrumb\":{\"@id\":\"https:\\\/\\\/www.gastac.com\\\/de\\\/produkt\\\/gasdruckfeder-fuer-deckel\\\/#breadcrumb\"},\"inLanguage\":\"de\",\"potentialAction\":[{\"@type\":\"ReadAction\",\"target\":[\"https:\\\/\\\/www.gastac.com\\\/de\\\/produkt\\\/gasdruckfeder-fuer-deckel\\\/\"]}]},{\"@type\":\"ImageObject\",\"inLanguage\":\"de\",\"@id\":\"https:\\\/\\\/www.gastac.com\\\/de\\\/produkt\\\/gasdruckfeder-fuer-deckel\\\/#primaryimage\",\"url\":\"https:\\\/\\\/www.gastac.com\\\/wp-content\\\/uploads\\\/2025\\\/11\\\/deckel-mit-gasdruckfeder-600x600-1.webp\",\"contentUrl\":\"https:\\\/\\\/www.gastac.com\\\/wp-content\\\/uploads\\\/2025\\\/11\\\/deckel-mit-gasdruckfeder-600x600-1.webp\",\"width\":600,\"height\":600,\"caption\":\"deckel mit gasdruckfeder 600x600\"},{\"@type\":\"BreadcrumbList\",\"@id\":\"https:\\\/\\\/www.gastac.com\\\/de\\\/produkt\\\/gasdruckfeder-fuer-deckel\\\/#breadcrumb\",\"itemListElement\":[{\"@type\":\"ListItem\",\"position\":1,\"name\":\"Home\",\"item\":\"https:\\\/\\\/www.gastac.com\\\/de\\\/\"},{\"@type\":\"ListItem\",\"position\":2,\"name\":\"products\",\"item\":\"https:\\\/\\\/www.gastac.com\\\/de\\\/products\\\/\"},{\"@type\":\"ListItem\",\"position\":3,\"name\":\"Nicht kategorisiert\",\"item\":\"https:\\\/\\\/www.gastac.com\\\/de\\\/product-category\\\/nicht-kategorisiert\\\/\"},{\"@type\":\"ListItem\",\"position\":4,\"name\":\"Gasdruckfeder f\u00fcr Deckel\"}]},{\"@type\":\"WebSite\",\"@id\":\"https:\\\/\\\/www.gastac.com\\\/de\\\/#website\",\"url\":\"https:\\\/\\\/www.gastac.com\\\/de\\\/\",\"name\":\"Gastac Gas Spring\",\"description\":\"China\u2019s Leading Gas Springs &amp; Struts Manufacturer\",\"publisher\":{\"@id\":\"https:\\\/\\\/www.gastac.com\\\/de\\\/#organization\"},\"potentialAction\":[{\"@type\":\"SearchAction\",\"target\":{\"@type\":\"EntryPoint\",\"urlTemplate\":\"https:\\\/\\\/www.gastac.com\\\/de\\\/?s={search_term_string}\"},\"query-input\":{\"@type\":\"PropertyValueSpecification\",\"valueRequired\":true,\"valueName\":\"search_term_string\"}}],\"inLanguage\":\"de\"},{\"@type\":\"Organization\",\"@id\":\"https:\\\/\\\/www.gastac.com\\\/de\\\/#organization\",\"name\":\"Ningbo Gastac Gas Spring Co.,Ltd\",\"url\":\"https:\\\/\\\/www.gastac.com\\\/de\\\/\",\"logo\":{\"@type\":\"ImageObject\",\"inLanguage\":\"de\",\"@id\":\"https:\\\/\\\/www.gastac.com\\\/de\\\/#\\\/schema\\\/logo\\\/image\\\/\",\"url\":\"https:\\\/\\\/www.gastac.com\\\/wp-content\\\/uploads\\\/2025\\\/09\\\/LOGO\u672c\u8272-\u9ed1.webp\",\"contentUrl\":\"https:\\\/\\\/www.gastac.com\\\/wp-content\\\/uploads\\\/2025\\\/09\\\/LOGO\u672c\u8272-\u9ed1.webp\",\"width\":1920,\"height\":1080,\"caption\":\"Ningbo Gastac Gas Spring Co.,Ltd\"},\"image\":{\"@id\":\"https:\\\/\\\/www.gastac.com\\\/de\\\/#\\\/schema\\\/logo\\\/image\\\/\"},\"sameAs\":[\"https:\\\/\\\/www.facebook.com\\\/profile.php?id=100092358464608\",\"https:\\\/\\\/www.youtube.com\\\/@Gastac-Gas-Spring\",\"https:\\\/\\\/www.linkedin.com\\\/in\\\/gastac-gas-spring\\\/\",\"https:\\\/\\\/www.instagram.com\\\/gastacgasspring\\\/\"]}]}<\/script>\n<!-- \/ Yoast SEO Premium plugin. -->","yoast_head_json":{"title":"Gasdruckfeder f\u00fcr Deckel | Gastac Gas Spring","robots":{"index":"index","follow":"follow","max-snippet":"max-snippet:-1","max-image-preview":"max-image-preview:large","max-video-preview":"max-video-preview:-1"},"canonical":"https:\/\/www.gastac.com\/de\/produkt\/gasdruckfeder-fuer-deckel\/","og_locale":"de_DE","og_type":"article","og_title":"Gasdruckfeder f\u00fcr Deckel","og_description":"Gasdruckfeder f\u00fcr Deckel Komfortabler Schaft\u00fcberzug. Geruchshemmend und wasserdicht (vollst\u00e4ndige Wasserdichtigkeit nicht garantiert). Spezialdichtung mit guter chemischer Best\u00e4ndigkeit. Inklusive \u00d6ffnungswerkzeug. Die [...]","og_url":"https:\/\/www.gastac.com\/de\/produkt\/gasdruckfeder-fuer-deckel\/","og_site_name":"Gastac Gas Spring","article_publisher":"https:\/\/www.facebook.com\/profile.php?id=100092358464608","article_modified_time":"2025-11-12T08:04:42+00:00","og_image":[{"width":600,"height":600,"url":"https:\/\/www.gastac.com\/wp-content\/uploads\/2025\/11\/deckel-mit-gasdruckfeder-600x600-1.webp","type":"image\/webp"}],"twitter_card":"summary_large_image","twitter_misc":{"Gesch\u00e4tzte Lesezeit":"1\u00a0Minute"},"schema":{"@context":"https:\/\/schema.org","@graph":[{"@type":"WebPage","@id":"https:\/\/www.gastac.com\/de\/produkt\/gasdruckfeder-fuer-deckel\/","url":"https:\/\/www.gastac.com\/de\/produkt\/gasdruckfeder-fuer-deckel\/","name":"Gasdruckfeder f\u00fcr Deckel | Gastac Gas Spring","isPartOf":{"@id":"https:\/\/www.gastac.com\/de\/#website"},"primaryImageOfPage":{"@id":"https:\/\/www.gastac.com\/de\/produkt\/gasdruckfeder-fuer-deckel\/#primaryimage"},"image":{"@id":"https:\/\/www.gastac.com\/de\/produkt\/gasdruckfeder-fuer-deckel\/#primaryimage"},"thumbnailUrl":"https:\/\/www.gastac.com\/wp-content\/uploads\/2025\/11\/deckel-mit-gasdruckfeder-600x600-1.webp","datePublished":"2025-11-12T08:04:41+00:00","dateModified":"2025-11-12T08:04:42+00:00","breadcrumb":{"@id":"https:\/\/www.gastac.com\/de\/produkt\/gasdruckfeder-fuer-deckel\/#breadcrumb"},"inLanguage":"de","potentialAction":[{"@type":"ReadAction","target":["https:\/\/www.gastac.com\/de\/produkt\/gasdruckfeder-fuer-deckel\/"]}]},{"@type":"ImageObject","inLanguage":"de","@id":"https:\/\/www.gastac.com\/de\/produkt\/gasdruckfeder-fuer-deckel\/#primaryimage","url":"https:\/\/www.gastac.com\/wp-content\/uploads\/2025\/11\/deckel-mit-gasdruckfeder-600x600-1.webp","contentUrl":"https:\/\/www.gastac.com\/wp-content\/uploads\/2025\/11\/deckel-mit-gasdruckfeder-600x600-1.webp","width":600,"height":600,"caption":"deckel mit gasdruckfeder 600x600"},{"@type":"BreadcrumbList","@id":"https:\/\/www.gastac.com\/de\/produkt\/gasdruckfeder-fuer-deckel\/#breadcrumb","itemListElement":[{"@type":"ListItem","position":1,"name":"Home","item":"https:\/\/www.gastac.com\/de\/"},{"@type":"ListItem","position":2,"name":"products","item":"https:\/\/www.gastac.com\/de\/products\/"},{"@type":"ListItem","position":3,"name":"Nicht kategorisiert","item":"https:\/\/www.gastac.com\/de\/product-category\/nicht-kategorisiert\/"},{"@type":"ListItem","position":4,"name":"Gasdruckfeder f\u00fcr Deckel"}]},{"@type":"WebSite","@id":"https:\/\/www.gastac.com\/de\/#website","url":"https:\/\/www.gastac.com\/de\/","name":"Gastac Gas Spring","description":"China\u2019s Leading Gas Springs &amp; Struts Manufacturer","publisher":{"@id":"https:\/\/www.gastac.com\/de\/#organization"},"potentialAction":[{"@type":"SearchAction","target":{"@type":"EntryPoint","urlTemplate":"https:\/\/www.gastac.com\/de\/?s={search_term_string}"},"query-input":{"@type":"PropertyValueSpecification","valueRequired":true,"valueName":"search_term_string"}}],"inLanguage":"de"},{"@type":"Organization","@id":"https:\/\/www.gastac.com\/de\/#organization","name":"Ningbo Gastac Gas Spring Co.,Ltd","url":"https:\/\/www.gastac.com\/de\/","logo":{"@type":"ImageObject","inLanguage":"de","@id":"https:\/\/www.gastac.com\/de\/#\/schema\/logo\/image\/","url":"https:\/\/www.gastac.com\/wp-content\/uploads\/2025\/09\/LOGO\u672c\u8272-\u9ed1.webp","contentUrl":"https:\/\/www.gastac.com\/wp-content\/uploads\/2025\/09\/LOGO\u672c\u8272-\u9ed1.webp","width":1920,"height":1080,"caption":"Ningbo Gastac Gas Spring Co.,Ltd"},"image":{"@id":"https:\/\/www.gastac.com\/de\/#\/schema\/logo\/image\/"},"sameAs":["https:\/\/www.facebook.com\/profile.php?id=100092358464608","https:\/\/www.youtube.com\/@Gastac-Gas-Spring","https:\/\/www.linkedin.com\/in\/gastac-gas-spring\/","https:\/\/www.instagram.com\/gastacgasspring\/"]}]}},"_links":{"self":[{"href":"https:\/\/www.gastac.com\/de\/wp-json\/wp\/v2\/product\/18797","targetHints":{"allow":["GET"]}}],"collection":[{"href":"https:\/\/www.gastac.com\/de\/wp-json\/wp\/v2\/product"}],"about":[{"href":"https:\/\/www.gastac.com\/de\/wp-json\/wp\/v2\/types\/product"}],"replies":[{"embeddable":true,"href":"https:\/\/www.gastac.com\/de\/wp-json\/wp\/v2\/comments?post=18797"}],"wp:featuredmedia":[{"embeddable":true,"href":"https:\/\/www.gastac.com\/de\/wp-json\/wp\/v2\/media\/18800"}],"wp:attachment":[{"href":"https:\/\/www.gastac.com\/de\/wp-json\/wp\/v2\/media?parent=18797"}],"wp:term":[{"taxonomy":"product_brand","embeddable":true,"href":"https:\/\/www.gastac.com\/de\/wp-json\/wp\/v2\/product_brand?post=18797"},{"taxonomy":"product_cat","embeddable":true,"href":"https:\/\/www.gastac.com\/de\/wp-json\/wp\/v2\/product_cat?post=18797"},{"taxonomy":"product_tag","embeddable":true,"href":"https:\/\/www.gastac.com\/de\/wp-json\/wp\/v2\/product_tag?post=18797"}],"curies":[{"name":"wp","href":"https:\/\/api.w.org\/{rel}","templated":true}]}}