{"id":18794,"date":"2025-11-12T08:01:32","date_gmt":"2025-11-12T08:01:32","guid":{"rendered":"https:\/\/www.gastac.com\/?post_type=product&#038;p=18794"},"modified":"2025-11-12T08:01:33","modified_gmt":"2025-11-12T08:01:33","slug":"hoehenverstellbarer-schreibtisch-gasdruckfeder","status":"publish","type":"product","link":"https:\/\/www.gastac.com\/de\/produkt\/hoehenverstellbarer-schreibtisch-gasdruckfeder\/","title":{"rendered":"H\u00f6henverstellbarer Schreibtisch Gasdruckfeder"},"content":{"rendered":"<p><strong>H\u00f6henverstellbarer Schreibtisch Gasdruckfeder<\/strong><\/p>\n<div>\n<p>Wie man h\u00f6henverstellbarer schreibtisch gasdruckfeder\u00a0findet<\/p>\n<p>Der Vorteil der blockierbaren Gasdruckfeder kaufen\u00a0ist, dass Sie Ihren Schreibtisch in k\u00fcrzester Zeit in einen ergonomischen Steharbeitsplatz verwandeln k\u00f6nnen. Die einfache Bedienung des Joysticks gen\u00fcgt und der Schreibtisch f\u00e4hrt m\u00fchelos auf die optimale H\u00f6he!<\/p>\n<p>Ein zus\u00e4tzlicher Bonus ist, dass das luftgefederte Modell viel billiger ist als ein elektrisch verstellbarer Schreibtisch. Die perfekte L\u00f6sung f\u00fcr das Heimb\u00fcro.<\/p>\n<p>Nat\u00fcrlich hat das Tischgestell h\u00f6henverstellbar gasdruckfeder\u00a0(und Sitz-Steh-Tische im Allgemeinen) noch viele andere Vorteile, auf die wir sp\u00e4ter in diesem Artikel noch n\u00e4her eingehen werden.<\/p>\n<p>Bei so vielen verschiedenen Stellenangeboten ist es nicht einfach, das Richtige f\u00fcr Sie und Ihren Job zu finden. Wir sind immer auf der Suche nach\u00a0tischgestell h\u00f6henverstellbar gasdruckfeder\u00a0f\u00fcr Sie.<\/p>\n<p>Der\u00a0schreibtisch mit gasdruckfeder\u00a0ist schnell, effizient und umweltfreundlich. Er verbraucht keinen Strom und ist in Sekundenschnelle f\u00fcr stehende oder sitzende T\u00e4tigkeiten einsatzbereit. Mit einem einzigen Handgriff k\u00f6nnen Sie Ihre Arbeitsposition schnell verstellen. Deshalb k\u00f6nnen Sie sie \u00f6fter einstellen, als Sie sie benutzen.<\/p>\n<p>Die tischgestell h\u00f6henverstellbare Gasdruckfeder besteht aus einem Zylinder, der unter Druck stehendes Gas (Stickstoff) enth\u00e4lt, und einer Kolbenstange, die mit Hilfe eines Dichtungsrings durch den Zylinder gleitet. Das Gas wird beim Eindringen in die Kolbenstange komprimiert, wodurch diese eine Druckkraft erh\u00e4lt und sich wie eine Feder verh\u00e4lt.<\/p>\n<\/div>\n<div><\/div>\n<div><strong>Gasdruckfede Anwendung<\/strong><\/div>\n<p><img decoding=\"async\" class=\"lazyload \" src=\"data:image\/svg+xml,%3Csvg%20xmlns%3D%27http%3A%2F%2Fwww.w3.org%2F2000%2Fsvg%27%20width%3D%27335%27%20height%3D%27335%27%20viewBox%3D%270%200%20335%20335%27%3E%3Crect%20width%3D%27335%27%20height%3D%27335%27%20fill-opacity%3D%220%22%2F%3E%3C%2Fsvg%3E\" data-orig-src=\"https:\/\/www.gastac.com\/wp-content\/uploads\/2023\/06\/blockierbare-gasdruckfeder-kaufen-400x400.jpg\" alt=\"H\u00f6henverstellbarer Schreibtisch Gasdruckfeder\" width=\"335\" height=\"335\" \/><img class=\"lazyload\" decoding=\"async\" src=\"data:image\/gif;base64,R0lGODlhAQABAAAAACH5BAEKAAEALAAAAAABAAEAAAICTAEAOw==\" data-orig-src=\"https:\/\/www.gastac.com\/wp-content\/uploads\/2023\/06\/schreibtisch-mit-gasdruckfeder.jpg\" alt=\"H\u00f6henverstellbarer Schreibtisch Gasdruckfeder\" \/><\/p>\n","protected":false},"excerpt":{"rendered":"<p>H\u00f6henverstellbarer Schreibtisch Gasdruckfeder Wie man h\u00f6henverstellbarer schreibtisch gasdruckfeder\u00a0findet Der Vorteil der blockierbaren Gasdruckfeder kaufen\u00a0ist, dass Sie Ihren Schreibtisch in k\u00fcrzester  [&#8230;]<\/p>\n","protected":false},"featured_media":18796,"comment_status":"open","ping_status":"closed","template":"","meta":[],"product_brand":[],"product_cat":[109],"product_tag":[],"class_list":{"0":"post-18794","1":"product","2":"type-product","3":"status-publish","4":"has-post-thumbnail","6":"product_cat-nicht-kategorisiert","8":"first","9":"instock","10":"shipping-taxable","11":"product-type-simple"},"yoast_head":"<!-- This site is optimized with the Yoast SEO Premium plugin v26.2 (Yoast SEO v27.3) - https:\/\/yoast.com\/product\/yoast-seo-premium-wordpress\/ -->\n<title>H\u00f6henverstellbarer Schreibtisch Gasdruckfeder | Gastac Gas Spring<\/title>\n<meta name=\"robots\" content=\"index, follow, max-snippet:-1, max-image-preview:large, max-video-preview:-1\" \/>\n<link rel=\"canonical\" href=\"https:\/\/www.gastac.com\/de\/produkt\/hoehenverstellbarer-schreibtisch-gasdruckfeder\/\" \/>\n<meta property=\"og:locale\" content=\"de_DE\" \/>\n<meta property=\"og:type\" content=\"article\" \/>\n<meta property=\"og:title\" content=\"H\u00f6henverstellbarer Schreibtisch Gasdruckfeder\" \/>\n<meta property=\"og:description\" content=\"H\u00f6henverstellbarer Schreibtisch Gasdruckfeder Wie man h\u00f6henverstellbarer schreibtisch gasdruckfeder\u00a0findet Der Vorteil der blockierbaren Gasdruckfeder kaufen\u00a0ist, dass Sie Ihren Schreibtisch in k\u00fcrzester [...]\" \/>\n<meta property=\"og:url\" content=\"https:\/\/www.gastac.com\/de\/produkt\/hoehenverstellbarer-schreibtisch-gasdruckfeder\/\" \/>\n<meta property=\"og:site_name\" content=\"Gastac Gas Spring\" \/>\n<meta property=\"article:publisher\" content=\"https:\/\/www.facebook.com\/profile.php?id=100092358464608\" \/>\n<meta property=\"article:modified_time\" content=\"2025-11-12T08:01:33+00:00\" \/>\n<meta property=\"og:image\" content=\"https:\/\/www.gastac.com\/wp-content\/uploads\/2025\/11\/hohenverstellbarer-schreibtisch-gasdruckfeder.webp\" \/>\n\t<meta property=\"og:image:width\" content=\"750\" \/>\n\t<meta property=\"og:image:height\" content=\"750\" \/>\n\t<meta property=\"og:image:type\" content=\"image\/webp\" \/>\n<meta name=\"twitter:card\" content=\"summary_large_image\" \/>\n<meta name=\"twitter:label1\" content=\"Gesch\u00e4tzte Lesezeit\" \/>\n\t<meta name=\"twitter:data1\" content=\"1\u00a0Minute\" \/>\n<script type=\"application\/ld+json\" class=\"yoast-schema-graph\">{\"@context\":\"https:\\\/\\\/schema.org\",\"@graph\":[{\"@type\":\"WebPage\",\"@id\":\"https:\\\/\\\/www.gastac.com\\\/de\\\/produkt\\\/hoehenverstellbarer-schreibtisch-gasdruckfeder\\\/\",\"url\":\"https:\\\/\\\/www.gastac.com\\\/de\\\/produkt\\\/hoehenverstellbarer-schreibtisch-gasdruckfeder\\\/\",\"name\":\"H\u00f6henverstellbarer Schreibtisch Gasdruckfeder | Gastac Gas Spring\",\"isPartOf\":{\"@id\":\"https:\\\/\\\/www.gastac.com\\\/de\\\/#website\"},\"primaryImageOfPage\":{\"@id\":\"https:\\\/\\\/www.gastac.com\\\/de\\\/produkt\\\/hoehenverstellbarer-schreibtisch-gasdruckfeder\\\/#primaryimage\"},\"image\":{\"@id\":\"https:\\\/\\\/www.gastac.com\\\/de\\\/produkt\\\/hoehenverstellbarer-schreibtisch-gasdruckfeder\\\/#primaryimage\"},\"thumbnailUrl\":\"https:\\\/\\\/www.gastac.com\\\/wp-content\\\/uploads\\\/2025\\\/11\\\/hohenverstellbarer-schreibtisch-gasdruckfeder.webp\",\"datePublished\":\"2025-11-12T08:01:32+00:00\",\"dateModified\":\"2025-11-12T08:01:33+00:00\",\"breadcrumb\":{\"@id\":\"https:\\\/\\\/www.gastac.com\\\/de\\\/produkt\\\/hoehenverstellbarer-schreibtisch-gasdruckfeder\\\/#breadcrumb\"},\"inLanguage\":\"de\",\"potentialAction\":[{\"@type\":\"ReadAction\",\"target\":[\"https:\\\/\\\/www.gastac.com\\\/de\\\/produkt\\\/hoehenverstellbarer-schreibtisch-gasdruckfeder\\\/\"]}]},{\"@type\":\"ImageObject\",\"inLanguage\":\"de\",\"@id\":\"https:\\\/\\\/www.gastac.com\\\/de\\\/produkt\\\/hoehenverstellbarer-schreibtisch-gasdruckfeder\\\/#primaryimage\",\"url\":\"https:\\\/\\\/www.gastac.com\\\/wp-content\\\/uploads\\\/2025\\\/11\\\/hohenverstellbarer-schreibtisch-gasdruckfeder.webp\",\"contentUrl\":\"https:\\\/\\\/www.gastac.com\\\/wp-content\\\/uploads\\\/2025\\\/11\\\/hohenverstellbarer-schreibtisch-gasdruckfeder.webp\",\"width\":750,\"height\":750,\"caption\":\"hohenverstellbarer schreibtisch gasdruckfeder\"},{\"@type\":\"BreadcrumbList\",\"@id\":\"https:\\\/\\\/www.gastac.com\\\/de\\\/produkt\\\/hoehenverstellbarer-schreibtisch-gasdruckfeder\\\/#breadcrumb\",\"itemListElement\":[{\"@type\":\"ListItem\",\"position\":1,\"name\":\"Home\",\"item\":\"https:\\\/\\\/www.gastac.com\\\/de\\\/\"},{\"@type\":\"ListItem\",\"position\":2,\"name\":\"products\",\"item\":\"https:\\\/\\\/www.gastac.com\\\/de\\\/products\\\/\"},{\"@type\":\"ListItem\",\"position\":3,\"name\":\"Nicht kategorisiert\",\"item\":\"https:\\\/\\\/www.gastac.com\\\/de\\\/product-category\\\/nicht-kategorisiert\\\/\"},{\"@type\":\"ListItem\",\"position\":4,\"name\":\"H\u00f6henverstellbarer Schreibtisch Gasdruckfeder\"}]},{\"@type\":\"WebSite\",\"@id\":\"https:\\\/\\\/www.gastac.com\\\/de\\\/#website\",\"url\":\"https:\\\/\\\/www.gastac.com\\\/de\\\/\",\"name\":\"Gastac Gas Spring\",\"description\":\"China\u2019s Leading Gas Springs &amp; Struts Manufacturer\",\"publisher\":{\"@id\":\"https:\\\/\\\/www.gastac.com\\\/de\\\/#organization\"},\"potentialAction\":[{\"@type\":\"SearchAction\",\"target\":{\"@type\":\"EntryPoint\",\"urlTemplate\":\"https:\\\/\\\/www.gastac.com\\\/de\\\/?s={search_term_string}\"},\"query-input\":{\"@type\":\"PropertyValueSpecification\",\"valueRequired\":true,\"valueName\":\"search_term_string\"}}],\"inLanguage\":\"de\"},{\"@type\":\"Organization\",\"@id\":\"https:\\\/\\\/www.gastac.com\\\/de\\\/#organization\",\"name\":\"Ningbo Gastac Gas Spring Co.,Ltd\",\"url\":\"https:\\\/\\\/www.gastac.com\\\/de\\\/\",\"logo\":{\"@type\":\"ImageObject\",\"inLanguage\":\"de\",\"@id\":\"https:\\\/\\\/www.gastac.com\\\/de\\\/#\\\/schema\\\/logo\\\/image\\\/\",\"url\":\"https:\\\/\\\/www.gastac.com\\\/wp-content\\\/uploads\\\/2025\\\/09\\\/LOGO\u672c\u8272-\u9ed1.webp\",\"contentUrl\":\"https:\\\/\\\/www.gastac.com\\\/wp-content\\\/uploads\\\/2025\\\/09\\\/LOGO\u672c\u8272-\u9ed1.webp\",\"width\":1920,\"height\":1080,\"caption\":\"Ningbo Gastac Gas Spring Co.,Ltd\"},\"image\":{\"@id\":\"https:\\\/\\\/www.gastac.com\\\/de\\\/#\\\/schema\\\/logo\\\/image\\\/\"},\"sameAs\":[\"https:\\\/\\\/www.facebook.com\\\/profile.php?id=100092358464608\",\"https:\\\/\\\/www.youtube.com\\\/@Gastac-Gas-Spring\",\"https:\\\/\\\/www.linkedin.com\\\/in\\\/gastac-gas-spring\\\/\",\"https:\\\/\\\/www.instagram.com\\\/gastacgasspring\\\/\"]}]}<\/script>\n<!-- \/ Yoast SEO Premium plugin. -->","yoast_head_json":{"title":"H\u00f6henverstellbarer Schreibtisch Gasdruckfeder | Gastac Gas Spring","robots":{"index":"index","follow":"follow","max-snippet":"max-snippet:-1","max-image-preview":"max-image-preview:large","max-video-preview":"max-video-preview:-1"},"canonical":"https:\/\/www.gastac.com\/de\/produkt\/hoehenverstellbarer-schreibtisch-gasdruckfeder\/","og_locale":"de_DE","og_type":"article","og_title":"H\u00f6henverstellbarer Schreibtisch Gasdruckfeder","og_description":"H\u00f6henverstellbarer Schreibtisch Gasdruckfeder Wie man h\u00f6henverstellbarer schreibtisch gasdruckfeder\u00a0findet Der Vorteil der blockierbaren Gasdruckfeder kaufen\u00a0ist, dass Sie Ihren Schreibtisch in k\u00fcrzester [...]","og_url":"https:\/\/www.gastac.com\/de\/produkt\/hoehenverstellbarer-schreibtisch-gasdruckfeder\/","og_site_name":"Gastac Gas Spring","article_publisher":"https:\/\/www.facebook.com\/profile.php?id=100092358464608","article_modified_time":"2025-11-12T08:01:33+00:00","og_image":[{"width":750,"height":750,"url":"https:\/\/www.gastac.com\/wp-content\/uploads\/2025\/11\/hohenverstellbarer-schreibtisch-gasdruckfeder.webp","type":"image\/webp"}],"twitter_card":"summary_large_image","twitter_misc":{"Gesch\u00e4tzte Lesezeit":"1\u00a0Minute"},"schema":{"@context":"https:\/\/schema.org","@graph":[{"@type":"WebPage","@id":"https:\/\/www.gastac.com\/de\/produkt\/hoehenverstellbarer-schreibtisch-gasdruckfeder\/","url":"https:\/\/www.gastac.com\/de\/produkt\/hoehenverstellbarer-schreibtisch-gasdruckfeder\/","name":"H\u00f6henverstellbarer Schreibtisch Gasdruckfeder | Gastac Gas Spring","isPartOf":{"@id":"https:\/\/www.gastac.com\/de\/#website"},"primaryImageOfPage":{"@id":"https:\/\/www.gastac.com\/de\/produkt\/hoehenverstellbarer-schreibtisch-gasdruckfeder\/#primaryimage"},"image":{"@id":"https:\/\/www.gastac.com\/de\/produkt\/hoehenverstellbarer-schreibtisch-gasdruckfeder\/#primaryimage"},"thumbnailUrl":"https:\/\/www.gastac.com\/wp-content\/uploads\/2025\/11\/hohenverstellbarer-schreibtisch-gasdruckfeder.webp","datePublished":"2025-11-12T08:01:32+00:00","dateModified":"2025-11-12T08:01:33+00:00","breadcrumb":{"@id":"https:\/\/www.gastac.com\/de\/produkt\/hoehenverstellbarer-schreibtisch-gasdruckfeder\/#breadcrumb"},"inLanguage":"de","potentialAction":[{"@type":"ReadAction","target":["https:\/\/www.gastac.com\/de\/produkt\/hoehenverstellbarer-schreibtisch-gasdruckfeder\/"]}]},{"@type":"ImageObject","inLanguage":"de","@id":"https:\/\/www.gastac.com\/de\/produkt\/hoehenverstellbarer-schreibtisch-gasdruckfeder\/#primaryimage","url":"https:\/\/www.gastac.com\/wp-content\/uploads\/2025\/11\/hohenverstellbarer-schreibtisch-gasdruckfeder.webp","contentUrl":"https:\/\/www.gastac.com\/wp-content\/uploads\/2025\/11\/hohenverstellbarer-schreibtisch-gasdruckfeder.webp","width":750,"height":750,"caption":"hohenverstellbarer schreibtisch gasdruckfeder"},{"@type":"BreadcrumbList","@id":"https:\/\/www.gastac.com\/de\/produkt\/hoehenverstellbarer-schreibtisch-gasdruckfeder\/#breadcrumb","itemListElement":[{"@type":"ListItem","position":1,"name":"Home","item":"https:\/\/www.gastac.com\/de\/"},{"@type":"ListItem","position":2,"name":"products","item":"https:\/\/www.gastac.com\/de\/products\/"},{"@type":"ListItem","position":3,"name":"Nicht kategorisiert","item":"https:\/\/www.gastac.com\/de\/product-category\/nicht-kategorisiert\/"},{"@type":"ListItem","position":4,"name":"H\u00f6henverstellbarer Schreibtisch Gasdruckfeder"}]},{"@type":"WebSite","@id":"https:\/\/www.gastac.com\/de\/#website","url":"https:\/\/www.gastac.com\/de\/","name":"Gastac Gas Spring","description":"China\u2019s Leading Gas Springs &amp; Struts Manufacturer","publisher":{"@id":"https:\/\/www.gastac.com\/de\/#organization"},"potentialAction":[{"@type":"SearchAction","target":{"@type":"EntryPoint","urlTemplate":"https:\/\/www.gastac.com\/de\/?s={search_term_string}"},"query-input":{"@type":"PropertyValueSpecification","valueRequired":true,"valueName":"search_term_string"}}],"inLanguage":"de"},{"@type":"Organization","@id":"https:\/\/www.gastac.com\/de\/#organization","name":"Ningbo Gastac Gas Spring Co.,Ltd","url":"https:\/\/www.gastac.com\/de\/","logo":{"@type":"ImageObject","inLanguage":"de","@id":"https:\/\/www.gastac.com\/de\/#\/schema\/logo\/image\/","url":"https:\/\/www.gastac.com\/wp-content\/uploads\/2025\/09\/LOGO\u672c\u8272-\u9ed1.webp","contentUrl":"https:\/\/www.gastac.com\/wp-content\/uploads\/2025\/09\/LOGO\u672c\u8272-\u9ed1.webp","width":1920,"height":1080,"caption":"Ningbo Gastac Gas Spring Co.,Ltd"},"image":{"@id":"https:\/\/www.gastac.com\/de\/#\/schema\/logo\/image\/"},"sameAs":["https:\/\/www.facebook.com\/profile.php?id=100092358464608","https:\/\/www.youtube.com\/@Gastac-Gas-Spring","https:\/\/www.linkedin.com\/in\/gastac-gas-spring\/","https:\/\/www.instagram.com\/gastacgasspring\/"]}]}},"_links":{"self":[{"href":"https:\/\/www.gastac.com\/de\/wp-json\/wp\/v2\/product\/18794","targetHints":{"allow":["GET"]}}],"collection":[{"href":"https:\/\/www.gastac.com\/de\/wp-json\/wp\/v2\/product"}],"about":[{"href":"https:\/\/www.gastac.com\/de\/wp-json\/wp\/v2\/types\/product"}],"replies":[{"embeddable":true,"href":"https:\/\/www.gastac.com\/de\/wp-json\/wp\/v2\/comments?post=18794"}],"wp:featuredmedia":[{"embeddable":true,"href":"https:\/\/www.gastac.com\/de\/wp-json\/wp\/v2\/media\/18796"}],"wp:attachment":[{"href":"https:\/\/www.gastac.com\/de\/wp-json\/wp\/v2\/media?parent=18794"}],"wp:term":[{"taxonomy":"product_brand","embeddable":true,"href":"https:\/\/www.gastac.com\/de\/wp-json\/wp\/v2\/product_brand?post=18794"},{"taxonomy":"product_cat","embeddable":true,"href":"https:\/\/www.gastac.com\/de\/wp-json\/wp\/v2\/product_cat?post=18794"},{"taxonomy":"product_tag","embeddable":true,"href":"https:\/\/www.gastac.com\/de\/wp-json\/wp\/v2\/product_tag?post=18794"}],"curies":[{"name":"wp","href":"https:\/\/api.w.org\/{rel}","templated":true}]}}