{"id":18790,"date":"2025-11-12T07:57:55","date_gmt":"2025-11-12T07:57:55","guid":{"rendered":"https:\/\/www.gastac.com\/?post_type=product&#038;p=18790"},"modified":"2025-11-12T07:57:56","modified_gmt":"2025-11-12T07:57:56","slug":"gasdruckfeder-mit-ausloeser","status":"publish","type":"product","link":"https:\/\/www.gastac.com\/de\/produkt\/gasdruckfeder-mit-ausloeser\/","title":{"rendered":"Gasdruckfeder Mit Ausl\u00f6ser"},"content":{"rendered":"<p><strong>Gasdruckfeder Mit Ausl\u00f6ser<\/strong><\/p>\n<div>\n<p>Die zuverl\u00e4ssige Blockierbarkeit von Gasfedern ist immer dann sehr wichtig, wenn erhebliche Kr\u00e4fte auf bewegte Bauteile einwirken.<\/p>\n<p>Abh\u00e4ngig von den Kr\u00e4ften, die in Ihrer Anwendung auftreten, k\u00f6nnen wir Ihre gasdruckd\u00e4mpfer blockierbar f\u00fcr unterschiedliche Belastungsgrenzen dimensionieren. Bei dieser Serie von gasdruckd\u00e4mpfer blockierbar k\u00f6nnen beide Seiten absolut fest gasdruckd\u00e4mpfer blockierbar sein.<\/p>\n<p>Die Hauptvorteile der gasdruckd\u00e4mpfer blockierbar sind Unabh\u00e4ngigkeit von externen Energiequellen, sehr kompakte Abmessungen und ged\u00e4mpfte, kontrollierte Bewegung. Wir unterst\u00fctzen Sie bei der Realisierung Ihres Projektes und bei der Auswahl der richtigen blockierbaren Gasfeder.<\/p>\n<p>Selbstverst\u00e4ndlich verf\u00fcgt die gasdruckd\u00e4mpfer blockierbar \u00fcber die gleichen positiven Eigenschaften wie die blockierbare Gasfeder \u2013 geringe Reibung und hohe Betriebssicherheit. gasdruckd\u00e4mpfer blockierbar gibt es in den von Ihnen ben\u00f6tigten Abmessungen und Zugkr\u00e4ften mit k\u00fcrzesten Lieferzeiten!<\/p>\n<p>Die gasdruckd\u00e4mpfer-Blockierbarkeit ist w\u00e4hrend der gesamten Verfahrzeit stufenlos arretierbar, so dass Teile wie M\u00f6bel, Autositze, Klappen etc. dort gesichert und wieder ausgetauscht werden k\u00f6nnen, wo sie gebraucht werden.<br \/>\n<img class=\"lazyload\" decoding=\"async\" src=\"data:image\/gif;base64,R0lGODlhAQABAAAAACH5BAEKAAEALAAAAAABAAEAAAICTAEAOw==\" data-orig-src=\"https:\/\/gastac.com\/wp-content\/uploads\/2022\/09\/lockable-gas-struts-280x280.jpg\" alt=\"Gasdruckfeder Mit Ausl\u00f6ser\" \/><img class=\"lazyload\" decoding=\"async\" src=\"data:image\/gif;base64,R0lGODlhAQABAAAAACH5BAEKAAEALAAAAAABAAEAAAICTAEAOw==\" data-orig-src=\"https:\/\/gastac.com\/wp-content\/uploads\/2022\/11\/01-110-1-280x280.png\" alt=\"Gasdruckfeder Mit Ausl\u00f6ser\" \/><\/p>\n<div>\n<p>Mit der gasdruckd\u00e4mpfer blockierbar sorgen Sie f\u00fcr Komfort und Sicherheit bei der Verstellung Ihrer Produkte. Von Liegesesseln \u00fcber bequeme Sitze in Z\u00fcgen bis hin zu Verkaufswagen: Unsere Gasdruckfeder-Arretierung macht oft den entscheidenden Unterschied.<\/p>\n<p>Bei geschlossenem Ventil befindet sich die gasdruckfeder arretierung in der gew\u00fcnschten Position und l\u00f6st je nach Druckmedium eine elastische oder starre Blockierung aus. Die blockierbare gasfeder kommt nicht nur bei Wohn-, B\u00fcro- und Schulm\u00f6beln zum Einsatz, sondern auch in der Medizin- und Rehatechnik sowie bei Fahrzeuganwendungen wie Bussen, Bahnen, Flugzeugen und Nutzfahrzeugen.<\/p>\n<p>Die gasdruckfeder mit ausl\u00f6ser wird speziell f\u00fcr Ihren Einsatz und Ihre Anforderungen zusammengestellt und angepasst. Sie erhalten ein einbaufertiges und wartungsfreies System, das Ihnen viele Vorteile bietet. War die Gestaltung und Funktionalit\u00e4t Ihrer Neuentwicklung bisher durch Bowdenz\u00fcge und Hebelausl\u00f6ser begrenzt, er\u00f6ffnet die gasdruckfeder mit ausl\u00f6ser mit ihren vielen Anschlussm\u00f6glichkeiten nun v\u00f6llig neue M\u00f6glichkeiten.<\/p>\n<\/div>\n<div><\/div>\n<div><strong>Gasdruckfede Anwendung<\/strong><\/div>\n<p><img decoding=\"async\" class=\"lazyload \" src=\"data:image\/svg+xml,%3Csvg%20xmlns%3D%27http%3A%2F%2Fwww.w3.org%2F2000%2Fsvg%27%20width%3D%27293%27%20height%3D%27293%27%20viewBox%3D%270%200%20293%20293%27%3E%3Crect%20width%3D%27293%27%20height%3D%27293%27%20fill-opacity%3D%220%22%2F%3E%3C%2Fsvg%3E\" data-orig-src=\"https:\/\/www.gastac.com\/wp-content\/uploads\/2023\/06\/blockierbare-gasfeder-400x400.jpg\" alt=\"Gasdruckfeder Mit Ausl\u00f6ser\" width=\"293\" height=\"293\" \/><img class=\"lazyload\" decoding=\"async\" src=\"data:image\/gif;base64,R0lGODlhAQABAAAAACH5BAEKAAEALAAAAAABAAEAAAICTAEAOw==\" data-orig-src=\"https:\/\/www.gastac.com\/wp-content\/uploads\/2023\/06\/gasdruckfeder-arretierung-300x300.jpg\" alt=\"Gasdruckfeder Mit Ausl\u00f6ser\" \/><\/p>\n<\/div>\n","protected":false},"excerpt":{"rendered":"<p>Gasdruckfeder Mit Ausl\u00f6ser Die zuverl\u00e4ssige Blockierbarkeit von Gasfedern ist immer dann sehr wichtig, wenn erhebliche Kr\u00e4fte auf bewegte Bauteile einwirken.  [&#8230;]<\/p>\n","protected":false},"featured_media":18792,"comment_status":"open","ping_status":"closed","template":"","meta":[],"product_brand":[],"product_cat":[109],"product_tag":[],"class_list":{"0":"post-18790","1":"product","2":"type-product","3":"status-publish","4":"has-post-thumbnail","6":"product_cat-nicht-kategorisiert","8":"first","9":"instock","10":"shipping-taxable","11":"product-type-simple"},"yoast_head":"<!-- This site is optimized with the Yoast SEO Premium plugin v26.2 (Yoast SEO v27.3) - https:\/\/yoast.com\/product\/yoast-seo-premium-wordpress\/ -->\n<title>Gasdruckfeder Mit Ausl\u00f6ser | Gastac Gas Spring<\/title>\n<meta name=\"robots\" content=\"index, follow, max-snippet:-1, max-image-preview:large, max-video-preview:-1\" \/>\n<link rel=\"canonical\" href=\"https:\/\/www.gastac.com\/de\/produkt\/gasdruckfeder-mit-ausloeser\/\" \/>\n<meta property=\"og:locale\" content=\"de_DE\" \/>\n<meta property=\"og:type\" content=\"article\" \/>\n<meta property=\"og:title\" content=\"Gasdruckfeder Mit Ausl\u00f6ser\" \/>\n<meta property=\"og:description\" content=\"Gasdruckfeder Mit Ausl\u00f6ser Die zuverl\u00e4ssige Blockierbarkeit von Gasfedern ist immer dann sehr wichtig, wenn erhebliche Kr\u00e4fte auf bewegte Bauteile einwirken. [...]\" \/>\n<meta property=\"og:url\" content=\"https:\/\/www.gastac.com\/de\/produkt\/gasdruckfeder-mit-ausloeser\/\" \/>\n<meta property=\"og:site_name\" content=\"Gastac Gas Spring\" \/>\n<meta property=\"article:publisher\" content=\"https:\/\/www.facebook.com\/profile.php?id=100092358464608\" \/>\n<meta property=\"article:modified_time\" content=\"2025-11-12T07:57:56+00:00\" \/>\n<meta property=\"og:image\" content=\"https:\/\/www.gastac.com\/wp-content\/uploads\/2025\/11\/gasdruckfeder-mit-ausloser-400x400-1.webp\" \/>\n\t<meta property=\"og:image:width\" content=\"400\" \/>\n\t<meta property=\"og:image:height\" content=\"400\" \/>\n\t<meta property=\"og:image:type\" content=\"image\/webp\" \/>\n<meta name=\"twitter:card\" content=\"summary_large_image\" \/>\n<meta name=\"twitter:label1\" content=\"Gesch\u00e4tzte Lesezeit\" \/>\n\t<meta name=\"twitter:data1\" content=\"1\u00a0Minute\" \/>\n<script type=\"application\/ld+json\" class=\"yoast-schema-graph\">{\"@context\":\"https:\\\/\\\/schema.org\",\"@graph\":[{\"@type\":\"WebPage\",\"@id\":\"https:\\\/\\\/www.gastac.com\\\/de\\\/produkt\\\/gasdruckfeder-mit-ausloeser\\\/\",\"url\":\"https:\\\/\\\/www.gastac.com\\\/de\\\/produkt\\\/gasdruckfeder-mit-ausloeser\\\/\",\"name\":\"Gasdruckfeder Mit Ausl\u00f6ser | Gastac Gas Spring\",\"isPartOf\":{\"@id\":\"https:\\\/\\\/www.gastac.com\\\/de\\\/#website\"},\"primaryImageOfPage\":{\"@id\":\"https:\\\/\\\/www.gastac.com\\\/de\\\/produkt\\\/gasdruckfeder-mit-ausloeser\\\/#primaryimage\"},\"image\":{\"@id\":\"https:\\\/\\\/www.gastac.com\\\/de\\\/produkt\\\/gasdruckfeder-mit-ausloeser\\\/#primaryimage\"},\"thumbnailUrl\":\"https:\\\/\\\/www.gastac.com\\\/wp-content\\\/uploads\\\/2025\\\/11\\\/gasdruckfeder-mit-ausloser-400x400-1.webp\",\"datePublished\":\"2025-11-12T07:57:55+00:00\",\"dateModified\":\"2025-11-12T07:57:56+00:00\",\"breadcrumb\":{\"@id\":\"https:\\\/\\\/www.gastac.com\\\/de\\\/produkt\\\/gasdruckfeder-mit-ausloeser\\\/#breadcrumb\"},\"inLanguage\":\"de\",\"potentialAction\":[{\"@type\":\"ReadAction\",\"target\":[\"https:\\\/\\\/www.gastac.com\\\/de\\\/produkt\\\/gasdruckfeder-mit-ausloeser\\\/\"]}]},{\"@type\":\"ImageObject\",\"inLanguage\":\"de\",\"@id\":\"https:\\\/\\\/www.gastac.com\\\/de\\\/produkt\\\/gasdruckfeder-mit-ausloeser\\\/#primaryimage\",\"url\":\"https:\\\/\\\/www.gastac.com\\\/wp-content\\\/uploads\\\/2025\\\/11\\\/gasdruckfeder-mit-ausloser-400x400-1.webp\",\"contentUrl\":\"https:\\\/\\\/www.gastac.com\\\/wp-content\\\/uploads\\\/2025\\\/11\\\/gasdruckfeder-mit-ausloser-400x400-1.webp\",\"width\":400,\"height\":400,\"caption\":\"gasdruckfeder mit ausloser 400x400 1\"},{\"@type\":\"BreadcrumbList\",\"@id\":\"https:\\\/\\\/www.gastac.com\\\/de\\\/produkt\\\/gasdruckfeder-mit-ausloeser\\\/#breadcrumb\",\"itemListElement\":[{\"@type\":\"ListItem\",\"position\":1,\"name\":\"Home\",\"item\":\"https:\\\/\\\/www.gastac.com\\\/de\\\/\"},{\"@type\":\"ListItem\",\"position\":2,\"name\":\"products\",\"item\":\"https:\\\/\\\/www.gastac.com\\\/de\\\/products\\\/\"},{\"@type\":\"ListItem\",\"position\":3,\"name\":\"Nicht kategorisiert\",\"item\":\"https:\\\/\\\/www.gastac.com\\\/de\\\/product-category\\\/nicht-kategorisiert\\\/\"},{\"@type\":\"ListItem\",\"position\":4,\"name\":\"Gasdruckfeder Mit Ausl\u00f6ser\"}]},{\"@type\":\"WebSite\",\"@id\":\"https:\\\/\\\/www.gastac.com\\\/de\\\/#website\",\"url\":\"https:\\\/\\\/www.gastac.com\\\/de\\\/\",\"name\":\"Gastac Gas Spring\",\"description\":\"China\u2019s Leading Gas Springs &amp; Struts Manufacturer\",\"publisher\":{\"@id\":\"https:\\\/\\\/www.gastac.com\\\/de\\\/#organization\"},\"potentialAction\":[{\"@type\":\"SearchAction\",\"target\":{\"@type\":\"EntryPoint\",\"urlTemplate\":\"https:\\\/\\\/www.gastac.com\\\/de\\\/?s={search_term_string}\"},\"query-input\":{\"@type\":\"PropertyValueSpecification\",\"valueRequired\":true,\"valueName\":\"search_term_string\"}}],\"inLanguage\":\"de\"},{\"@type\":\"Organization\",\"@id\":\"https:\\\/\\\/www.gastac.com\\\/de\\\/#organization\",\"name\":\"Ningbo Gastac Gas Spring Co.,Ltd\",\"url\":\"https:\\\/\\\/www.gastac.com\\\/de\\\/\",\"logo\":{\"@type\":\"ImageObject\",\"inLanguage\":\"de\",\"@id\":\"https:\\\/\\\/www.gastac.com\\\/de\\\/#\\\/schema\\\/logo\\\/image\\\/\",\"url\":\"https:\\\/\\\/www.gastac.com\\\/wp-content\\\/uploads\\\/2025\\\/09\\\/LOGO\u672c\u8272-\u9ed1.webp\",\"contentUrl\":\"https:\\\/\\\/www.gastac.com\\\/wp-content\\\/uploads\\\/2025\\\/09\\\/LOGO\u672c\u8272-\u9ed1.webp\",\"width\":1920,\"height\":1080,\"caption\":\"Ningbo Gastac Gas Spring Co.,Ltd\"},\"image\":{\"@id\":\"https:\\\/\\\/www.gastac.com\\\/de\\\/#\\\/schema\\\/logo\\\/image\\\/\"},\"sameAs\":[\"https:\\\/\\\/www.facebook.com\\\/profile.php?id=100092358464608\",\"https:\\\/\\\/www.youtube.com\\\/@Gastac-Gas-Spring\",\"https:\\\/\\\/www.linkedin.com\\\/in\\\/gastac-gas-spring\\\/\",\"https:\\\/\\\/www.instagram.com\\\/gastacgasspring\\\/\"]}]}<\/script>\n<!-- \/ Yoast SEO Premium plugin. -->","yoast_head_json":{"title":"Gasdruckfeder Mit Ausl\u00f6ser | Gastac Gas Spring","robots":{"index":"index","follow":"follow","max-snippet":"max-snippet:-1","max-image-preview":"max-image-preview:large","max-video-preview":"max-video-preview:-1"},"canonical":"https:\/\/www.gastac.com\/de\/produkt\/gasdruckfeder-mit-ausloeser\/","og_locale":"de_DE","og_type":"article","og_title":"Gasdruckfeder Mit Ausl\u00f6ser","og_description":"Gasdruckfeder Mit Ausl\u00f6ser Die zuverl\u00e4ssige Blockierbarkeit von Gasfedern ist immer dann sehr wichtig, wenn erhebliche Kr\u00e4fte auf bewegte Bauteile einwirken. [...]","og_url":"https:\/\/www.gastac.com\/de\/produkt\/gasdruckfeder-mit-ausloeser\/","og_site_name":"Gastac Gas Spring","article_publisher":"https:\/\/www.facebook.com\/profile.php?id=100092358464608","article_modified_time":"2025-11-12T07:57:56+00:00","og_image":[{"width":400,"height":400,"url":"https:\/\/www.gastac.com\/wp-content\/uploads\/2025\/11\/gasdruckfeder-mit-ausloser-400x400-1.webp","type":"image\/webp"}],"twitter_card":"summary_large_image","twitter_misc":{"Gesch\u00e4tzte Lesezeit":"1\u00a0Minute"},"schema":{"@context":"https:\/\/schema.org","@graph":[{"@type":"WebPage","@id":"https:\/\/www.gastac.com\/de\/produkt\/gasdruckfeder-mit-ausloeser\/","url":"https:\/\/www.gastac.com\/de\/produkt\/gasdruckfeder-mit-ausloeser\/","name":"Gasdruckfeder Mit Ausl\u00f6ser | Gastac Gas Spring","isPartOf":{"@id":"https:\/\/www.gastac.com\/de\/#website"},"primaryImageOfPage":{"@id":"https:\/\/www.gastac.com\/de\/produkt\/gasdruckfeder-mit-ausloeser\/#primaryimage"},"image":{"@id":"https:\/\/www.gastac.com\/de\/produkt\/gasdruckfeder-mit-ausloeser\/#primaryimage"},"thumbnailUrl":"https:\/\/www.gastac.com\/wp-content\/uploads\/2025\/11\/gasdruckfeder-mit-ausloser-400x400-1.webp","datePublished":"2025-11-12T07:57:55+00:00","dateModified":"2025-11-12T07:57:56+00:00","breadcrumb":{"@id":"https:\/\/www.gastac.com\/de\/produkt\/gasdruckfeder-mit-ausloeser\/#breadcrumb"},"inLanguage":"de","potentialAction":[{"@type":"ReadAction","target":["https:\/\/www.gastac.com\/de\/produkt\/gasdruckfeder-mit-ausloeser\/"]}]},{"@type":"ImageObject","inLanguage":"de","@id":"https:\/\/www.gastac.com\/de\/produkt\/gasdruckfeder-mit-ausloeser\/#primaryimage","url":"https:\/\/www.gastac.com\/wp-content\/uploads\/2025\/11\/gasdruckfeder-mit-ausloser-400x400-1.webp","contentUrl":"https:\/\/www.gastac.com\/wp-content\/uploads\/2025\/11\/gasdruckfeder-mit-ausloser-400x400-1.webp","width":400,"height":400,"caption":"gasdruckfeder mit ausloser 400x400 1"},{"@type":"BreadcrumbList","@id":"https:\/\/www.gastac.com\/de\/produkt\/gasdruckfeder-mit-ausloeser\/#breadcrumb","itemListElement":[{"@type":"ListItem","position":1,"name":"Home","item":"https:\/\/www.gastac.com\/de\/"},{"@type":"ListItem","position":2,"name":"products","item":"https:\/\/www.gastac.com\/de\/products\/"},{"@type":"ListItem","position":3,"name":"Nicht kategorisiert","item":"https:\/\/www.gastac.com\/de\/product-category\/nicht-kategorisiert\/"},{"@type":"ListItem","position":4,"name":"Gasdruckfeder Mit Ausl\u00f6ser"}]},{"@type":"WebSite","@id":"https:\/\/www.gastac.com\/de\/#website","url":"https:\/\/www.gastac.com\/de\/","name":"Gastac Gas Spring","description":"China\u2019s Leading Gas Springs &amp; Struts Manufacturer","publisher":{"@id":"https:\/\/www.gastac.com\/de\/#organization"},"potentialAction":[{"@type":"SearchAction","target":{"@type":"EntryPoint","urlTemplate":"https:\/\/www.gastac.com\/de\/?s={search_term_string}"},"query-input":{"@type":"PropertyValueSpecification","valueRequired":true,"valueName":"search_term_string"}}],"inLanguage":"de"},{"@type":"Organization","@id":"https:\/\/www.gastac.com\/de\/#organization","name":"Ningbo Gastac Gas Spring Co.,Ltd","url":"https:\/\/www.gastac.com\/de\/","logo":{"@type":"ImageObject","inLanguage":"de","@id":"https:\/\/www.gastac.com\/de\/#\/schema\/logo\/image\/","url":"https:\/\/www.gastac.com\/wp-content\/uploads\/2025\/09\/LOGO\u672c\u8272-\u9ed1.webp","contentUrl":"https:\/\/www.gastac.com\/wp-content\/uploads\/2025\/09\/LOGO\u672c\u8272-\u9ed1.webp","width":1920,"height":1080,"caption":"Ningbo Gastac Gas Spring Co.,Ltd"},"image":{"@id":"https:\/\/www.gastac.com\/de\/#\/schema\/logo\/image\/"},"sameAs":["https:\/\/www.facebook.com\/profile.php?id=100092358464608","https:\/\/www.youtube.com\/@Gastac-Gas-Spring","https:\/\/www.linkedin.com\/in\/gastac-gas-spring\/","https:\/\/www.instagram.com\/gastacgasspring\/"]}]}},"_links":{"self":[{"href":"https:\/\/www.gastac.com\/de\/wp-json\/wp\/v2\/product\/18790","targetHints":{"allow":["GET"]}}],"collection":[{"href":"https:\/\/www.gastac.com\/de\/wp-json\/wp\/v2\/product"}],"about":[{"href":"https:\/\/www.gastac.com\/de\/wp-json\/wp\/v2\/types\/product"}],"replies":[{"embeddable":true,"href":"https:\/\/www.gastac.com\/de\/wp-json\/wp\/v2\/comments?post=18790"}],"wp:featuredmedia":[{"embeddable":true,"href":"https:\/\/www.gastac.com\/de\/wp-json\/wp\/v2\/media\/18792"}],"wp:attachment":[{"href":"https:\/\/www.gastac.com\/de\/wp-json\/wp\/v2\/media?parent=18790"}],"wp:term":[{"taxonomy":"product_brand","embeddable":true,"href":"https:\/\/www.gastac.com\/de\/wp-json\/wp\/v2\/product_brand?post=18790"},{"taxonomy":"product_cat","embeddable":true,"href":"https:\/\/www.gastac.com\/de\/wp-json\/wp\/v2\/product_cat?post=18790"},{"taxonomy":"product_tag","embeddable":true,"href":"https:\/\/www.gastac.com\/de\/wp-json\/wp\/v2\/product_tag?post=18790"}],"curies":[{"name":"wp","href":"https:\/\/api.w.org\/{rel}","templated":true}]}}