{"id":18782,"date":"2025-11-12T07:53:44","date_gmt":"2025-11-12T07:53:44","guid":{"rendered":"https:\/\/www.gastac.com\/?post_type=product&#038;p=18782"},"modified":"2025-11-12T07:53:45","modified_gmt":"2025-11-12T07:53:45","slug":"gasdruckfeder-buerostuhl-200-kg","status":"publish","type":"product","link":"https:\/\/www.gastac.com\/de\/produkt\/gasdruckfeder-buerostuhl-200-kg\/","title":{"rendered":"Gasdruckfeder B\u00fcrostuhl 200 KG"},"content":{"rendered":"<h2><strong>Gasdruckfeder B\u00fcrostuhl 200 KG<\/strong><\/h2>\n<p>Hochwertige gasdruckfeder b\u00fcrostuhl 200 kg\u00a0f\u00fcr B\u00fcrost\u00fchle \u2013 Drehst\u00fchle \u2013 Chefsessel \u2013 Hocker<\/p>\n<p>Der\u00a0gasdruckfeder b\u00fcrostuhl 200 kg eignet sich f\u00fcr Dreh- oder Chefsessel im B\u00fcro oder Homeoffice, sowie f\u00fcr Sitzm\u00f6bel wie Barhocker oder Arbeitshocker.<\/p>\n<p>Die konischen Unter- und Oberteile vereinfachen die Montage, was das Einsetzen der\u00a0gasdruckfeder b\u00fcrostuhl 28 mm\u00a0in Dreht\u00fcren oder Sitzmechaniken erleichtert.<\/p>\n<p>B\u00fcrostuhl verst\u00e4rkt mit Armlehnen und Aluminiumgestell mit Rollen. Mit der verst\u00e4rkten\u00a0gasdruckfeder b\u00fcrostuhl 28mm\u00a0kann der gasdruckfeder b\u00fcrostuhl kaufen\u00a0Personen mit einem Gewicht von bis zu 250 kg sicher tragen. F\u00fcr sehr gro\u00dfe Benutzer gibt es die M\u00f6glichkeit, eine atmosph\u00e4rische\u00a0gasdruckfeder b\u00fcrostuhl 200 kg\u00a0und hohe Handl\u00e4ufe zu installieren.<\/p>\n<h3>gastac 200: Gasdruckfedern B\u00fcrostuhl \u2013 Hochwertig bis 200 kg<\/h3>\n<table style=\"height: 278px;\" width=\"1171\">\n<tbody>\n<tr>\n<td width=\"198\">Produktmodell<\/td>\n<td width=\"162\">165 gasdruckfeder f\u00fcr b\u00fcrostuhl<\/td>\n<td width=\"162\">165 gasdruckfedern b\u00fcrostuhl<\/td>\n<td width=\"162\">185 gasdruckfeder b\u00fcrostuhl<\/td>\n<td width=\"162\">230 b\u00fcrostuhl gasdruckfeder<\/td>\n<td width=\"162\">255 druckfeder b\u00fcrostuhl<\/td>\n<\/tr>\n<tr>\n<td>L\u00e4nge Eingefahren:<\/td>\n<td>\u00a0240 mm<\/td>\n<td>235 mm<\/td>\n<td>260 mm<\/td>\n<td>290 mm<\/td>\n<td>305 mm<\/td>\n<\/tr>\n<tr>\n<td>L\u00e4nge Ausgefahren:<\/td>\n<td>305 mm<\/td>\n<td>313 mm<\/td>\n<td>350 mm<\/td>\n<td>410 mm<\/td>\n<td>465 mm<\/td>\n<\/tr>\n<tr>\n<td width=\"198\">L\u00e4nge Verj\u00fcngung:\u00a0\u00a0 Length tapeper<\/td>\n<td>40 mm<\/td>\n<td>60 mm<\/td>\n<td>40 mm<\/td>\n<td>keine Verj\u00fcngung<\/td>\n<td>keine Verj\u00fcngung<\/td>\n<\/tr>\n<tr>\n<td>Farbe:<\/td>\n<td>Schwarz<\/td>\n<td>Schwarz<\/td>\n<td>Schwarz<\/td>\n<td>Schwarz<\/td>\n<td>Schwarz<\/td>\n<\/tr>\n<tr>\n<td>Sicherheitsklasse:<\/td>\n<td>3<\/td>\n<td>3<\/td>\n<td>3<\/td>\n<td>4<\/td>\n<td>4<\/td>\n<\/tr>\n<tr>\n<td>Belastbarkeit bis 200kg<\/td>\n<td>\u221a<\/td>\n<td>\u221a<\/td>\n<td>\u221a<\/td>\n<td>\u221a<\/td>\n<td>\u221a<\/td>\n<\/tr>\n<tr>\n<td>STANDROHRL\u00c4NGE<\/td>\n<td>165 mm<\/td>\n<td>165 mm<\/td>\n<td>185 mm<\/td>\n<td>230 mm<\/td>\n<td>255 mm<\/td>\n<\/tr>\n<\/tbody>\n<\/table>\n","protected":false},"excerpt":{"rendered":"<p>Gasdruckfeder B\u00fcrostuhl 200 KG Hochwertige gasdruckfeder b\u00fcrostuhl 200 kg\u00a0f\u00fcr B\u00fcrost\u00fchle \u2013 Drehst\u00fchle \u2013 Chefsessel \u2013 Hocker Der\u00a0gasdruckfeder b\u00fcrostuhl 200 kg  [&#8230;]<\/p>\n","protected":false},"featured_media":18786,"comment_status":"open","ping_status":"closed","template":"","meta":[],"product_brand":[],"product_cat":[109],"product_tag":[],"class_list":{"0":"post-18782","1":"product","2":"type-product","3":"status-publish","4":"has-post-thumbnail","6":"product_cat-nicht-kategorisiert","8":"first","9":"instock","10":"shipping-taxable","11":"product-type-simple"},"yoast_head":"<!-- This site is optimized with the Yoast SEO Premium plugin v26.2 (Yoast SEO v27.3) - https:\/\/yoast.com\/product\/yoast-seo-premium-wordpress\/ -->\n<title>Gasdruckfeder B\u00fcrostuhl 200 KG | Gastac Gas Spring<\/title>\n<meta name=\"robots\" content=\"index, follow, max-snippet:-1, max-image-preview:large, max-video-preview:-1\" \/>\n<link rel=\"canonical\" href=\"https:\/\/www.gastac.com\/de\/produkt\/gasdruckfeder-buerostuhl-200-kg\/\" \/>\n<meta property=\"og:locale\" content=\"de_DE\" \/>\n<meta property=\"og:type\" content=\"article\" \/>\n<meta property=\"og:title\" content=\"Gasdruckfeder B\u00fcrostuhl 200 KG\" \/>\n<meta property=\"og:description\" content=\"Gasdruckfeder B\u00fcrostuhl 200 KG Hochwertige gasdruckfeder b\u00fcrostuhl 200 kg\u00a0f\u00fcr B\u00fcrost\u00fchle \u2013 Drehst\u00fchle \u2013 Chefsessel \u2013 Hocker Der\u00a0gasdruckfeder b\u00fcrostuhl 200 kg [...]\" \/>\n<meta property=\"og:url\" content=\"https:\/\/www.gastac.com\/de\/produkt\/gasdruckfeder-buerostuhl-200-kg\/\" \/>\n<meta property=\"og:site_name\" content=\"Gastac Gas Spring\" \/>\n<meta property=\"article:publisher\" content=\"https:\/\/www.facebook.com\/profile.php?id=100092358464608\" \/>\n<meta property=\"article:modified_time\" content=\"2025-11-12T07:53:45+00:00\" \/>\n<meta property=\"og:image\" content=\"https:\/\/www.gastac.com\/wp-content\/uploads\/2025\/11\/burostuhl-gasdruckfeder-600x600-1.webp\" \/>\n\t<meta property=\"og:image:width\" content=\"600\" \/>\n\t<meta property=\"og:image:height\" content=\"600\" \/>\n\t<meta property=\"og:image:type\" content=\"image\/webp\" \/>\n<meta name=\"twitter:card\" content=\"summary_large_image\" \/>\n<meta name=\"twitter:label1\" content=\"Gesch\u00e4tzte Lesezeit\" \/>\n\t<meta name=\"twitter:data1\" content=\"1\u00a0Minute\" \/>\n<script type=\"application\/ld+json\" class=\"yoast-schema-graph\">{\"@context\":\"https:\\\/\\\/schema.org\",\"@graph\":[{\"@type\":\"WebPage\",\"@id\":\"https:\\\/\\\/www.gastac.com\\\/de\\\/produkt\\\/gasdruckfeder-buerostuhl-200-kg\\\/\",\"url\":\"https:\\\/\\\/www.gastac.com\\\/de\\\/produkt\\\/gasdruckfeder-buerostuhl-200-kg\\\/\",\"name\":\"Gasdruckfeder B\u00fcrostuhl 200 KG | Gastac Gas Spring\",\"isPartOf\":{\"@id\":\"https:\\\/\\\/www.gastac.com\\\/de\\\/#website\"},\"primaryImageOfPage\":{\"@id\":\"https:\\\/\\\/www.gastac.com\\\/de\\\/produkt\\\/gasdruckfeder-buerostuhl-200-kg\\\/#primaryimage\"},\"image\":{\"@id\":\"https:\\\/\\\/www.gastac.com\\\/de\\\/produkt\\\/gasdruckfeder-buerostuhl-200-kg\\\/#primaryimage\"},\"thumbnailUrl\":\"https:\\\/\\\/www.gastac.com\\\/wp-content\\\/uploads\\\/2025\\\/11\\\/burostuhl-gasdruckfeder-600x600-1.webp\",\"datePublished\":\"2025-11-12T07:53:44+00:00\",\"dateModified\":\"2025-11-12T07:53:45+00:00\",\"breadcrumb\":{\"@id\":\"https:\\\/\\\/www.gastac.com\\\/de\\\/produkt\\\/gasdruckfeder-buerostuhl-200-kg\\\/#breadcrumb\"},\"inLanguage\":\"de\",\"potentialAction\":[{\"@type\":\"ReadAction\",\"target\":[\"https:\\\/\\\/www.gastac.com\\\/de\\\/produkt\\\/gasdruckfeder-buerostuhl-200-kg\\\/\"]}]},{\"@type\":\"ImageObject\",\"inLanguage\":\"de\",\"@id\":\"https:\\\/\\\/www.gastac.com\\\/de\\\/produkt\\\/gasdruckfeder-buerostuhl-200-kg\\\/#primaryimage\",\"url\":\"https:\\\/\\\/www.gastac.com\\\/wp-content\\\/uploads\\\/2025\\\/11\\\/burostuhl-gasdruckfeder-600x600-1.webp\",\"contentUrl\":\"https:\\\/\\\/www.gastac.com\\\/wp-content\\\/uploads\\\/2025\\\/11\\\/burostuhl-gasdruckfeder-600x600-1.webp\",\"width\":600,\"height\":600,\"caption\":\"burostuhl gasdruckfeder 600x600\"},{\"@type\":\"BreadcrumbList\",\"@id\":\"https:\\\/\\\/www.gastac.com\\\/de\\\/produkt\\\/gasdruckfeder-buerostuhl-200-kg\\\/#breadcrumb\",\"itemListElement\":[{\"@type\":\"ListItem\",\"position\":1,\"name\":\"Home\",\"item\":\"https:\\\/\\\/www.gastac.com\\\/de\\\/\"},{\"@type\":\"ListItem\",\"position\":2,\"name\":\"products\",\"item\":\"https:\\\/\\\/www.gastac.com\\\/de\\\/products\\\/\"},{\"@type\":\"ListItem\",\"position\":3,\"name\":\"Nicht kategorisiert\",\"item\":\"https:\\\/\\\/www.gastac.com\\\/de\\\/product-category\\\/nicht-kategorisiert\\\/\"},{\"@type\":\"ListItem\",\"position\":4,\"name\":\"Gasdruckfeder B\u00fcrostuhl 200 KG\"}]},{\"@type\":\"WebSite\",\"@id\":\"https:\\\/\\\/www.gastac.com\\\/de\\\/#website\",\"url\":\"https:\\\/\\\/www.gastac.com\\\/de\\\/\",\"name\":\"Gastac Gas Spring\",\"description\":\"China\u2019s Leading Gas Springs &amp; Struts Manufacturer\",\"publisher\":{\"@id\":\"https:\\\/\\\/www.gastac.com\\\/de\\\/#organization\"},\"potentialAction\":[{\"@type\":\"SearchAction\",\"target\":{\"@type\":\"EntryPoint\",\"urlTemplate\":\"https:\\\/\\\/www.gastac.com\\\/de\\\/?s={search_term_string}\"},\"query-input\":{\"@type\":\"PropertyValueSpecification\",\"valueRequired\":true,\"valueName\":\"search_term_string\"}}],\"inLanguage\":\"de\"},{\"@type\":\"Organization\",\"@id\":\"https:\\\/\\\/www.gastac.com\\\/de\\\/#organization\",\"name\":\"Ningbo Gastac Gas Spring Co.,Ltd\",\"url\":\"https:\\\/\\\/www.gastac.com\\\/de\\\/\",\"logo\":{\"@type\":\"ImageObject\",\"inLanguage\":\"de\",\"@id\":\"https:\\\/\\\/www.gastac.com\\\/de\\\/#\\\/schema\\\/logo\\\/image\\\/\",\"url\":\"https:\\\/\\\/www.gastac.com\\\/wp-content\\\/uploads\\\/2025\\\/09\\\/LOGO\u672c\u8272-\u9ed1.webp\",\"contentUrl\":\"https:\\\/\\\/www.gastac.com\\\/wp-content\\\/uploads\\\/2025\\\/09\\\/LOGO\u672c\u8272-\u9ed1.webp\",\"width\":1920,\"height\":1080,\"caption\":\"Ningbo Gastac Gas Spring Co.,Ltd\"},\"image\":{\"@id\":\"https:\\\/\\\/www.gastac.com\\\/de\\\/#\\\/schema\\\/logo\\\/image\\\/\"},\"sameAs\":[\"https:\\\/\\\/www.facebook.com\\\/profile.php?id=100092358464608\",\"https:\\\/\\\/www.youtube.com\\\/@Gastac-Gas-Spring\",\"https:\\\/\\\/www.linkedin.com\\\/in\\\/gastac-gas-spring\\\/\",\"https:\\\/\\\/www.instagram.com\\\/gastacgasspring\\\/\"]}]}<\/script>\n<!-- \/ Yoast SEO Premium plugin. -->","yoast_head_json":{"title":"Gasdruckfeder B\u00fcrostuhl 200 KG | Gastac Gas Spring","robots":{"index":"index","follow":"follow","max-snippet":"max-snippet:-1","max-image-preview":"max-image-preview:large","max-video-preview":"max-video-preview:-1"},"canonical":"https:\/\/www.gastac.com\/de\/produkt\/gasdruckfeder-buerostuhl-200-kg\/","og_locale":"de_DE","og_type":"article","og_title":"Gasdruckfeder B\u00fcrostuhl 200 KG","og_description":"Gasdruckfeder B\u00fcrostuhl 200 KG Hochwertige gasdruckfeder b\u00fcrostuhl 200 kg\u00a0f\u00fcr B\u00fcrost\u00fchle \u2013 Drehst\u00fchle \u2013 Chefsessel \u2013 Hocker Der\u00a0gasdruckfeder b\u00fcrostuhl 200 kg [...]","og_url":"https:\/\/www.gastac.com\/de\/produkt\/gasdruckfeder-buerostuhl-200-kg\/","og_site_name":"Gastac Gas Spring","article_publisher":"https:\/\/www.facebook.com\/profile.php?id=100092358464608","article_modified_time":"2025-11-12T07:53:45+00:00","og_image":[{"width":600,"height":600,"url":"https:\/\/www.gastac.com\/wp-content\/uploads\/2025\/11\/burostuhl-gasdruckfeder-600x600-1.webp","type":"image\/webp"}],"twitter_card":"summary_large_image","twitter_misc":{"Gesch\u00e4tzte Lesezeit":"1\u00a0Minute"},"schema":{"@context":"https:\/\/schema.org","@graph":[{"@type":"WebPage","@id":"https:\/\/www.gastac.com\/de\/produkt\/gasdruckfeder-buerostuhl-200-kg\/","url":"https:\/\/www.gastac.com\/de\/produkt\/gasdruckfeder-buerostuhl-200-kg\/","name":"Gasdruckfeder B\u00fcrostuhl 200 KG | Gastac Gas Spring","isPartOf":{"@id":"https:\/\/www.gastac.com\/de\/#website"},"primaryImageOfPage":{"@id":"https:\/\/www.gastac.com\/de\/produkt\/gasdruckfeder-buerostuhl-200-kg\/#primaryimage"},"image":{"@id":"https:\/\/www.gastac.com\/de\/produkt\/gasdruckfeder-buerostuhl-200-kg\/#primaryimage"},"thumbnailUrl":"https:\/\/www.gastac.com\/wp-content\/uploads\/2025\/11\/burostuhl-gasdruckfeder-600x600-1.webp","datePublished":"2025-11-12T07:53:44+00:00","dateModified":"2025-11-12T07:53:45+00:00","breadcrumb":{"@id":"https:\/\/www.gastac.com\/de\/produkt\/gasdruckfeder-buerostuhl-200-kg\/#breadcrumb"},"inLanguage":"de","potentialAction":[{"@type":"ReadAction","target":["https:\/\/www.gastac.com\/de\/produkt\/gasdruckfeder-buerostuhl-200-kg\/"]}]},{"@type":"ImageObject","inLanguage":"de","@id":"https:\/\/www.gastac.com\/de\/produkt\/gasdruckfeder-buerostuhl-200-kg\/#primaryimage","url":"https:\/\/www.gastac.com\/wp-content\/uploads\/2025\/11\/burostuhl-gasdruckfeder-600x600-1.webp","contentUrl":"https:\/\/www.gastac.com\/wp-content\/uploads\/2025\/11\/burostuhl-gasdruckfeder-600x600-1.webp","width":600,"height":600,"caption":"burostuhl gasdruckfeder 600x600"},{"@type":"BreadcrumbList","@id":"https:\/\/www.gastac.com\/de\/produkt\/gasdruckfeder-buerostuhl-200-kg\/#breadcrumb","itemListElement":[{"@type":"ListItem","position":1,"name":"Home","item":"https:\/\/www.gastac.com\/de\/"},{"@type":"ListItem","position":2,"name":"products","item":"https:\/\/www.gastac.com\/de\/products\/"},{"@type":"ListItem","position":3,"name":"Nicht kategorisiert","item":"https:\/\/www.gastac.com\/de\/product-category\/nicht-kategorisiert\/"},{"@type":"ListItem","position":4,"name":"Gasdruckfeder B\u00fcrostuhl 200 KG"}]},{"@type":"WebSite","@id":"https:\/\/www.gastac.com\/de\/#website","url":"https:\/\/www.gastac.com\/de\/","name":"Gastac Gas Spring","description":"China\u2019s Leading Gas Springs &amp; Struts Manufacturer","publisher":{"@id":"https:\/\/www.gastac.com\/de\/#organization"},"potentialAction":[{"@type":"SearchAction","target":{"@type":"EntryPoint","urlTemplate":"https:\/\/www.gastac.com\/de\/?s={search_term_string}"},"query-input":{"@type":"PropertyValueSpecification","valueRequired":true,"valueName":"search_term_string"}}],"inLanguage":"de"},{"@type":"Organization","@id":"https:\/\/www.gastac.com\/de\/#organization","name":"Ningbo Gastac Gas Spring Co.,Ltd","url":"https:\/\/www.gastac.com\/de\/","logo":{"@type":"ImageObject","inLanguage":"de","@id":"https:\/\/www.gastac.com\/de\/#\/schema\/logo\/image\/","url":"https:\/\/www.gastac.com\/wp-content\/uploads\/2025\/09\/LOGO\u672c\u8272-\u9ed1.webp","contentUrl":"https:\/\/www.gastac.com\/wp-content\/uploads\/2025\/09\/LOGO\u672c\u8272-\u9ed1.webp","width":1920,"height":1080,"caption":"Ningbo Gastac Gas Spring Co.,Ltd"},"image":{"@id":"https:\/\/www.gastac.com\/de\/#\/schema\/logo\/image\/"},"sameAs":["https:\/\/www.facebook.com\/profile.php?id=100092358464608","https:\/\/www.youtube.com\/@Gastac-Gas-Spring","https:\/\/www.linkedin.com\/in\/gastac-gas-spring\/","https:\/\/www.instagram.com\/gastacgasspring\/"]}]}},"_links":{"self":[{"href":"https:\/\/www.gastac.com\/de\/wp-json\/wp\/v2\/product\/18782","targetHints":{"allow":["GET"]}}],"collection":[{"href":"https:\/\/www.gastac.com\/de\/wp-json\/wp\/v2\/product"}],"about":[{"href":"https:\/\/www.gastac.com\/de\/wp-json\/wp\/v2\/types\/product"}],"replies":[{"embeddable":true,"href":"https:\/\/www.gastac.com\/de\/wp-json\/wp\/v2\/comments?post=18782"}],"wp:featuredmedia":[{"embeddable":true,"href":"https:\/\/www.gastac.com\/de\/wp-json\/wp\/v2\/media\/18786"}],"wp:attachment":[{"href":"https:\/\/www.gastac.com\/de\/wp-json\/wp\/v2\/media?parent=18782"}],"wp:term":[{"taxonomy":"product_brand","embeddable":true,"href":"https:\/\/www.gastac.com\/de\/wp-json\/wp\/v2\/product_brand?post=18782"},{"taxonomy":"product_cat","embeddable":true,"href":"https:\/\/www.gastac.com\/de\/wp-json\/wp\/v2\/product_cat?post=18782"},{"taxonomy":"product_tag","embeddable":true,"href":"https:\/\/www.gastac.com\/de\/wp-json\/wp\/v2\/product_tag?post=18782"}],"curies":[{"name":"wp","href":"https:\/\/api.w.org\/{rel}","templated":true}]}}