{"id":18753,"date":"2025-11-12T07:15:12","date_gmt":"2025-11-12T07:15:12","guid":{"rendered":"https:\/\/www.gastac.com\/?post_type=product&#038;p=18753"},"modified":"2025-11-12T07:15:12","modified_gmt":"2025-11-12T07:15:12","slug":"vw-t6-heckklappe-daempfer","status":"publish","type":"product","link":"https:\/\/www.gastac.com\/de\/produkt\/vw-t6-heckklappe-daempfer\/","title":{"rendered":"VW T6 Heckklappe D\u00e4mpfer"},"content":{"rendered":"<p><strong>VW T6 Heckklappe D\u00e4mpfer<\/strong><\/p>\n<p>Hat Ihr VW T6 viel Gewicht, wie ein Fahrradtr\u00e4ger mit Fahrr\u00e4dern auf der Heckklappe, aber der VW T6 Heckklappend\u00e4mpfer funktioniert aufgrund zu hoher Belastung nicht mehr?<\/p>\n<p>Dann haben wir eine L\u00f6sung f\u00fcr Sie! Unser Gastac ersetzt einfach Ihren vorhandenen Original-Heckklappend\u00e4mpfer f\u00fcr den VW T6 und verhindert so, dass er sich bewegt. Einfach und kraftvoll! Beim Transport k\u00f6nnen Sie die VW T6 Heckklappend\u00e4mpfer Fahrradtr\u00e4ger am dickeren Teil der verst\u00e4rkten D\u00e4mpfer Heckklappe T6 befestigen, damit sie nicht verloren gehen.<br \/>\n<img decoding=\"async\" class=\"lazyload \" src=\"data:image\/svg+xml,%3Csvg%20xmlns%3D%27http%3A%2F%2Fwww.w3.org%2F2000%2Fsvg%27%20width%3D%27396%27%20height%3D%27396%27%20viewBox%3D%270%200%20396%20396%27%3E%3Crect%20width%3D%27396%27%20height%3D%27396%27%20fill-opacity%3D%220%22%2F%3E%3C%2Fsvg%3E\" data-orig-src=\"https:\/\/gastac.com\/wp-content\/uploads\/2023\/06\/vw-t6-heckklappendampfer-verstarkt.jpg\" alt=\"VW T6 Heckklappe D\u00e4mpfer \" width=\"396\" height=\"396\" \/><img decoding=\"async\" class=\"lazyload \" src=\"data:image\/svg+xml,%3Csvg%20xmlns%3D%27http%3A%2F%2Fwww.w3.org%2F2000%2Fsvg%27%20width%3D%27412%27%20height%3D%27412%27%20viewBox%3D%270%200%20412%20412%27%3E%3Crect%20width%3D%27412%27%20height%3D%27412%27%20fill-opacity%3D%220%22%2F%3E%3C%2Fsvg%3E\" data-orig-src=\"https:\/\/gastac.com\/wp-content\/uploads\/2023\/06\/vw-t5-heckklappendampfer-verstarkt.jpg\" alt=\"VW T6 Heckklappe D\u00e4mpfer \" width=\"412\" height=\"412\" \/><\/p>\n<p>Diese VW T6-Gasdruckfedern 1400 N sehen aus und f\u00fchlen sich an wie die originalen VW T6-Heckklappend\u00e4mpfer f\u00fcr Ihren VW T6, verf\u00fcgen jedoch \u00fcber einen Widerstand von 1400 N, um das Anheben der Heckklappe zu erleichtern, wenn ein Fahrradtr\u00e4ger installiert ist.<\/p>\n<p>Ben\u00f6tigen Sie eine ganz andere Art von Gasfeder? Schreiben Sie uns und wenn m\u00f6glich senden Sie uns ein Foto des gedruckten Modellnamens per E-Mail sales@gastac-com-591077.hostingersite.com!<\/p>\n<p>&nbsp;<\/p>\n<table style=\"height: 431px;\" width=\"1022\">\n<tbody>\n<tr>\n<td width=\"284\">vw t6 heckklappend\u00e4mpfer verst\u00e4rkt<\/td>\n<td width=\"284\">vw t5 heckklappend\u00e4mpfer verst\u00e4rkt<\/td>\n<\/tr>\n<tr>\n<td width=\"284\">7E0827550D<\/td>\n<td width=\"284\">7H0827550B<\/td>\n<\/tr>\n<tr>\n<td width=\"284\">Kolbenstangendurchmesser [mm]\uff1a12<\/td>\n<td width=\"284\">Kolbenstangendurchmesser [mm]\uff1a10<\/td>\n<\/tr>\n<tr>\n<td width=\"284\">Geh\u00e4usedurchmesser [mm]\uff1a25<\/td>\n<td width=\"284\">Geh\u00e4usedurchmesser [mm]\uff1a22<\/td>\n<\/tr>\n<tr>\n<td width=\"284\">Hub[mm]\uff1a200<\/td>\n<td width=\"284\">Hub[mm]\uff1a220<\/td>\n<\/tr>\n<tr>\n<td width=\"284\">L\u00e4nge [mm]\uff1a711<\/td>\n<td width=\"284\">L\u00e4nge [mm]\uff1a755<\/td>\n<\/tr>\n<tr>\n<td width=\"284\">Ausschubkraft [N]\uff1a1200N<\/td>\n<td width=\"284\">Ausschubkraft [N]\uff1a1080N<\/td>\n<\/tr>\n<tr>\n<td width=\"284\">700-1500N (w\u00e4hlbar)<\/td>\n<td width=\"284\">700-1500N (w\u00e4hlbar)<\/td>\n<\/tr>\n<\/tbody>\n<\/table>\n<p><strong>Gasdruckfede Anwendung<\/strong><br \/>\n<img class=\"lazyload\" decoding=\"async\" src=\"data:image\/gif;base64,R0lGODlhAQABAAAAACH5BAEKAAEALAAAAAABAAEAAAICTAEAOw==\" data-orig-src=\"https:\/\/www.gastac.com\/wp-content\/uploads\/2023\/06\/vw-t6-heckklappe-dampfer-432x400.png\" alt=\"VW T6 Heckklappe D\u00e4mpfer \" \/><img class=\"lazyload\" decoding=\"async\" src=\"data:image\/gif;base64,R0lGODlhAQABAAAAACH5BAEKAAEALAAAAAABAAEAAAICTAEAOw==\" data-orig-src=\"https:\/\/www.gastac.com\/wp-content\/uploads\/2023\/06\/verstarkte-dampfer-heckklappe-t6-399x400.png\" alt=\"VW T6 Heckklappe D\u00e4mpfer \" \/><\/p>\n","protected":false},"excerpt":{"rendered":"<p>VW T6 Heckklappe D\u00e4mpfer Hat Ihr VW T6 viel Gewicht, wie ein Fahrradtr\u00e4ger mit Fahrr\u00e4dern auf der Heckklappe, aber der  [&#8230;]<\/p>\n","protected":false},"featured_media":18758,"comment_status":"open","ping_status":"closed","template":"","meta":[],"product_brand":[],"product_cat":[109],"product_tag":[],"class_list":{"0":"post-18753","1":"product","2":"type-product","3":"status-publish","4":"has-post-thumbnail","6":"product_cat-nicht-kategorisiert","8":"first","9":"instock","10":"shipping-taxable","11":"product-type-simple"},"yoast_head":"<!-- This site is optimized with the Yoast SEO Premium plugin v26.2 (Yoast SEO v27.3) - https:\/\/yoast.com\/product\/yoast-seo-premium-wordpress\/ -->\n<title>VW T6 Heckklappe D\u00e4mpfer | Gastac Gas Spring<\/title>\n<meta name=\"robots\" content=\"index, follow, max-snippet:-1, max-image-preview:large, max-video-preview:-1\" \/>\n<link rel=\"canonical\" href=\"https:\/\/www.gastac.com\/de\/produkt\/vw-t6-heckklappe-daempfer\/\" \/>\n<meta property=\"og:locale\" content=\"de_DE\" \/>\n<meta property=\"og:type\" content=\"article\" \/>\n<meta property=\"og:title\" content=\"VW T6 Heckklappe D\u00e4mpfer\" \/>\n<meta property=\"og:description\" content=\"VW T6 Heckklappe D\u00e4mpfer Hat Ihr VW T6 viel Gewicht, wie ein Fahrradtr\u00e4ger mit Fahrr\u00e4dern auf der Heckklappe, aber der [...]\" \/>\n<meta property=\"og:url\" content=\"https:\/\/www.gastac.com\/de\/produkt\/vw-t6-heckklappe-daempfer\/\" \/>\n<meta property=\"og:site_name\" content=\"Gastac Gas Spring\" \/>\n<meta property=\"article:publisher\" content=\"https:\/\/www.facebook.com\/profile.php?id=100092358464608\" \/>\n<meta property=\"og:image\" content=\"https:\/\/www.gastac.com\/wp-content\/uploads\/2025\/11\/verstarkte-dampfer-heckklappe-t6.webp\" \/>\n\t<meta property=\"og:image:width\" content=\"600\" \/>\n\t<meta property=\"og:image:height\" content=\"600\" \/>\n\t<meta property=\"og:image:type\" content=\"image\/webp\" \/>\n<meta name=\"twitter:card\" content=\"summary_large_image\" \/>\n<meta name=\"twitter:label1\" content=\"Gesch\u00e4tzte Lesezeit\" \/>\n\t<meta name=\"twitter:data1\" content=\"1\u00a0Minute\" \/>\n<script type=\"application\/ld+json\" class=\"yoast-schema-graph\">{\"@context\":\"https:\\\/\\\/schema.org\",\"@graph\":[{\"@type\":\"WebPage\",\"@id\":\"https:\\\/\\\/www.gastac.com\\\/de\\\/produkt\\\/vw-t6-heckklappe-daempfer\\\/\",\"url\":\"https:\\\/\\\/www.gastac.com\\\/de\\\/produkt\\\/vw-t6-heckklappe-daempfer\\\/\",\"name\":\"VW T6 Heckklappe D\u00e4mpfer | Gastac Gas Spring\",\"isPartOf\":{\"@id\":\"https:\\\/\\\/www.gastac.com\\\/de\\\/#website\"},\"primaryImageOfPage\":{\"@id\":\"https:\\\/\\\/www.gastac.com\\\/de\\\/produkt\\\/vw-t6-heckklappe-daempfer\\\/#primaryimage\"},\"image\":{\"@id\":\"https:\\\/\\\/www.gastac.com\\\/de\\\/produkt\\\/vw-t6-heckklappe-daempfer\\\/#primaryimage\"},\"thumbnailUrl\":\"https:\\\/\\\/www.gastac.com\\\/wp-content\\\/uploads\\\/2025\\\/11\\\/verstarkte-dampfer-heckklappe-t6.webp\",\"datePublished\":\"2025-11-12T07:15:12+00:00\",\"breadcrumb\":{\"@id\":\"https:\\\/\\\/www.gastac.com\\\/de\\\/produkt\\\/vw-t6-heckklappe-daempfer\\\/#breadcrumb\"},\"inLanguage\":\"de\",\"potentialAction\":[{\"@type\":\"ReadAction\",\"target\":[\"https:\\\/\\\/www.gastac.com\\\/de\\\/produkt\\\/vw-t6-heckklappe-daempfer\\\/\"]}]},{\"@type\":\"ImageObject\",\"inLanguage\":\"de\",\"@id\":\"https:\\\/\\\/www.gastac.com\\\/de\\\/produkt\\\/vw-t6-heckklappe-daempfer\\\/#primaryimage\",\"url\":\"https:\\\/\\\/www.gastac.com\\\/wp-content\\\/uploads\\\/2025\\\/11\\\/verstarkte-dampfer-heckklappe-t6.webp\",\"contentUrl\":\"https:\\\/\\\/www.gastac.com\\\/wp-content\\\/uploads\\\/2025\\\/11\\\/verstarkte-dampfer-heckklappe-t6.webp\",\"width\":600,\"height\":600,\"caption\":\"verstarkte dampfer heckklappe t6\"},{\"@type\":\"BreadcrumbList\",\"@id\":\"https:\\\/\\\/www.gastac.com\\\/de\\\/produkt\\\/vw-t6-heckklappe-daempfer\\\/#breadcrumb\",\"itemListElement\":[{\"@type\":\"ListItem\",\"position\":1,\"name\":\"Home\",\"item\":\"https:\\\/\\\/www.gastac.com\\\/de\\\/\"},{\"@type\":\"ListItem\",\"position\":2,\"name\":\"products\",\"item\":\"https:\\\/\\\/www.gastac.com\\\/de\\\/products\\\/\"},{\"@type\":\"ListItem\",\"position\":3,\"name\":\"Nicht kategorisiert\",\"item\":\"https:\\\/\\\/www.gastac.com\\\/de\\\/product-category\\\/nicht-kategorisiert\\\/\"},{\"@type\":\"ListItem\",\"position\":4,\"name\":\"VW T6 Heckklappe D\u00e4mpfer\"}]},{\"@type\":\"WebSite\",\"@id\":\"https:\\\/\\\/www.gastac.com\\\/de\\\/#website\",\"url\":\"https:\\\/\\\/www.gastac.com\\\/de\\\/\",\"name\":\"Gastac Gas Spring\",\"description\":\"China\u2019s Leading Gas Springs &amp; Struts Manufacturer\",\"publisher\":{\"@id\":\"https:\\\/\\\/www.gastac.com\\\/de\\\/#organization\"},\"potentialAction\":[{\"@type\":\"SearchAction\",\"target\":{\"@type\":\"EntryPoint\",\"urlTemplate\":\"https:\\\/\\\/www.gastac.com\\\/de\\\/?s={search_term_string}\"},\"query-input\":{\"@type\":\"PropertyValueSpecification\",\"valueRequired\":true,\"valueName\":\"search_term_string\"}}],\"inLanguage\":\"de\"},{\"@type\":\"Organization\",\"@id\":\"https:\\\/\\\/www.gastac.com\\\/de\\\/#organization\",\"name\":\"Ningbo Gastac Gas Spring Co.,Ltd\",\"url\":\"https:\\\/\\\/www.gastac.com\\\/de\\\/\",\"logo\":{\"@type\":\"ImageObject\",\"inLanguage\":\"de\",\"@id\":\"https:\\\/\\\/www.gastac.com\\\/de\\\/#\\\/schema\\\/logo\\\/image\\\/\",\"url\":\"https:\\\/\\\/www.gastac.com\\\/wp-content\\\/uploads\\\/2025\\\/09\\\/LOGO\u672c\u8272-\u9ed1.webp\",\"contentUrl\":\"https:\\\/\\\/www.gastac.com\\\/wp-content\\\/uploads\\\/2025\\\/09\\\/LOGO\u672c\u8272-\u9ed1.webp\",\"width\":1920,\"height\":1080,\"caption\":\"Ningbo Gastac Gas Spring Co.,Ltd\"},\"image\":{\"@id\":\"https:\\\/\\\/www.gastac.com\\\/de\\\/#\\\/schema\\\/logo\\\/image\\\/\"},\"sameAs\":[\"https:\\\/\\\/www.facebook.com\\\/profile.php?id=100092358464608\",\"https:\\\/\\\/www.youtube.com\\\/@Gastac-Gas-Spring\",\"https:\\\/\\\/www.linkedin.com\\\/in\\\/gastac-gas-spring\\\/\",\"https:\\\/\\\/www.instagram.com\\\/gastacgasspring\\\/\"]}]}<\/script>\n<!-- \/ Yoast SEO Premium plugin. -->","yoast_head_json":{"title":"VW T6 Heckklappe D\u00e4mpfer | Gastac Gas Spring","robots":{"index":"index","follow":"follow","max-snippet":"max-snippet:-1","max-image-preview":"max-image-preview:large","max-video-preview":"max-video-preview:-1"},"canonical":"https:\/\/www.gastac.com\/de\/produkt\/vw-t6-heckklappe-daempfer\/","og_locale":"de_DE","og_type":"article","og_title":"VW T6 Heckklappe D\u00e4mpfer","og_description":"VW T6 Heckklappe D\u00e4mpfer Hat Ihr VW T6 viel Gewicht, wie ein Fahrradtr\u00e4ger mit Fahrr\u00e4dern auf der Heckklappe, aber der [...]","og_url":"https:\/\/www.gastac.com\/de\/produkt\/vw-t6-heckklappe-daempfer\/","og_site_name":"Gastac Gas Spring","article_publisher":"https:\/\/www.facebook.com\/profile.php?id=100092358464608","og_image":[{"width":600,"height":600,"url":"https:\/\/www.gastac.com\/wp-content\/uploads\/2025\/11\/verstarkte-dampfer-heckklappe-t6.webp","type":"image\/webp"}],"twitter_card":"summary_large_image","twitter_misc":{"Gesch\u00e4tzte Lesezeit":"1\u00a0Minute"},"schema":{"@context":"https:\/\/schema.org","@graph":[{"@type":"WebPage","@id":"https:\/\/www.gastac.com\/de\/produkt\/vw-t6-heckklappe-daempfer\/","url":"https:\/\/www.gastac.com\/de\/produkt\/vw-t6-heckklappe-daempfer\/","name":"VW T6 Heckklappe D\u00e4mpfer | Gastac Gas Spring","isPartOf":{"@id":"https:\/\/www.gastac.com\/de\/#website"},"primaryImageOfPage":{"@id":"https:\/\/www.gastac.com\/de\/produkt\/vw-t6-heckklappe-daempfer\/#primaryimage"},"image":{"@id":"https:\/\/www.gastac.com\/de\/produkt\/vw-t6-heckklappe-daempfer\/#primaryimage"},"thumbnailUrl":"https:\/\/www.gastac.com\/wp-content\/uploads\/2025\/11\/verstarkte-dampfer-heckklappe-t6.webp","datePublished":"2025-11-12T07:15:12+00:00","breadcrumb":{"@id":"https:\/\/www.gastac.com\/de\/produkt\/vw-t6-heckklappe-daempfer\/#breadcrumb"},"inLanguage":"de","potentialAction":[{"@type":"ReadAction","target":["https:\/\/www.gastac.com\/de\/produkt\/vw-t6-heckklappe-daempfer\/"]}]},{"@type":"ImageObject","inLanguage":"de","@id":"https:\/\/www.gastac.com\/de\/produkt\/vw-t6-heckklappe-daempfer\/#primaryimage","url":"https:\/\/www.gastac.com\/wp-content\/uploads\/2025\/11\/verstarkte-dampfer-heckklappe-t6.webp","contentUrl":"https:\/\/www.gastac.com\/wp-content\/uploads\/2025\/11\/verstarkte-dampfer-heckklappe-t6.webp","width":600,"height":600,"caption":"verstarkte dampfer heckklappe t6"},{"@type":"BreadcrumbList","@id":"https:\/\/www.gastac.com\/de\/produkt\/vw-t6-heckklappe-daempfer\/#breadcrumb","itemListElement":[{"@type":"ListItem","position":1,"name":"Home","item":"https:\/\/www.gastac.com\/de\/"},{"@type":"ListItem","position":2,"name":"products","item":"https:\/\/www.gastac.com\/de\/products\/"},{"@type":"ListItem","position":3,"name":"Nicht kategorisiert","item":"https:\/\/www.gastac.com\/de\/product-category\/nicht-kategorisiert\/"},{"@type":"ListItem","position":4,"name":"VW T6 Heckklappe D\u00e4mpfer"}]},{"@type":"WebSite","@id":"https:\/\/www.gastac.com\/de\/#website","url":"https:\/\/www.gastac.com\/de\/","name":"Gastac Gas Spring","description":"China\u2019s Leading Gas Springs &amp; Struts Manufacturer","publisher":{"@id":"https:\/\/www.gastac.com\/de\/#organization"},"potentialAction":[{"@type":"SearchAction","target":{"@type":"EntryPoint","urlTemplate":"https:\/\/www.gastac.com\/de\/?s={search_term_string}"},"query-input":{"@type":"PropertyValueSpecification","valueRequired":true,"valueName":"search_term_string"}}],"inLanguage":"de"},{"@type":"Organization","@id":"https:\/\/www.gastac.com\/de\/#organization","name":"Ningbo Gastac Gas Spring Co.,Ltd","url":"https:\/\/www.gastac.com\/de\/","logo":{"@type":"ImageObject","inLanguage":"de","@id":"https:\/\/www.gastac.com\/de\/#\/schema\/logo\/image\/","url":"https:\/\/www.gastac.com\/wp-content\/uploads\/2025\/09\/LOGO\u672c\u8272-\u9ed1.webp","contentUrl":"https:\/\/www.gastac.com\/wp-content\/uploads\/2025\/09\/LOGO\u672c\u8272-\u9ed1.webp","width":1920,"height":1080,"caption":"Ningbo Gastac Gas Spring Co.,Ltd"},"image":{"@id":"https:\/\/www.gastac.com\/de\/#\/schema\/logo\/image\/"},"sameAs":["https:\/\/www.facebook.com\/profile.php?id=100092358464608","https:\/\/www.youtube.com\/@Gastac-Gas-Spring","https:\/\/www.linkedin.com\/in\/gastac-gas-spring\/","https:\/\/www.instagram.com\/gastacgasspring\/"]}]}},"_links":{"self":[{"href":"https:\/\/www.gastac.com\/de\/wp-json\/wp\/v2\/product\/18753","targetHints":{"allow":["GET"]}}],"collection":[{"href":"https:\/\/www.gastac.com\/de\/wp-json\/wp\/v2\/product"}],"about":[{"href":"https:\/\/www.gastac.com\/de\/wp-json\/wp\/v2\/types\/product"}],"replies":[{"embeddable":true,"href":"https:\/\/www.gastac.com\/de\/wp-json\/wp\/v2\/comments?post=18753"}],"wp:featuredmedia":[{"embeddable":true,"href":"https:\/\/www.gastac.com\/de\/wp-json\/wp\/v2\/media\/18758"}],"wp:attachment":[{"href":"https:\/\/www.gastac.com\/de\/wp-json\/wp\/v2\/media?parent=18753"}],"wp:term":[{"taxonomy":"product_brand","embeddable":true,"href":"https:\/\/www.gastac.com\/de\/wp-json\/wp\/v2\/product_brand?post=18753"},{"taxonomy":"product_cat","embeddable":true,"href":"https:\/\/www.gastac.com\/de\/wp-json\/wp\/v2\/product_cat?post=18753"},{"taxonomy":"product_tag","embeddable":true,"href":"https:\/\/www.gastac.com\/de\/wp-json\/wp\/v2\/product_tag?post=18753"}],"curies":[{"name":"wp","href":"https:\/\/api.w.org\/{rel}","templated":true}]}}