{"id":18737,"date":"2025-11-12T07:10:24","date_gmt":"2025-11-12T07:10:24","guid":{"rendered":"https:\/\/www.gastac.com\/?post_type=product&#038;p=18737"},"modified":"2025-11-12T07:10:25","modified_gmt":"2025-11-12T07:10:25","slug":"gasdruckfeder-stuhl","status":"publish","type":"product","link":"https:\/\/www.gastac.com\/de\/produkt\/gasdruckfeder-stuhl\/","title":{"rendered":"Gasdruckfeder Stuhl"},"content":{"rendered":"<h2>Gasdruckfeder Stuhl<\/h2>\n<div class=\"group\/conversation-turn relative flex w-full min-w-0 flex-col agent-turn\" data-immersive-translate-walked=\"c2f3b96f-f576-4bdc-9fa7-124e4a66bd9b\">\n<div class=\"flex-col gap-1 md:gap-3\" data-immersive-translate-walked=\"c2f3b96f-f576-4bdc-9fa7-124e4a66bd9b\">\n<div class=\"flex max-w-full flex-col flex-grow\" data-immersive-translate-walked=\"c2f3b96f-f576-4bdc-9fa7-124e4a66bd9b\">\n<div class=\"min-h-[20px] text-message flex w-full flex-col items-end gap-2 whitespace-normal break-words [.text-message+&amp;]:mt-5\" dir=\"auto\" data-message-author-role=\"assistant\" data-message-id=\"f9ecbc4d-8289-4602-a323-b1c762cc2d1a\" data-immersive-translate-walked=\"c2f3b96f-f576-4bdc-9fa7-124e4a66bd9b\">\n<div class=\"flex w-full flex-col gap-1 empty:hidden first:pt-[3px]\" data-immersive-translate-walked=\"c2f3b96f-f576-4bdc-9fa7-124e4a66bd9b\">\n<div class=\"markdown prose w-full break-words dark:prose-invert light\" data-immersive-translate-walked=\"c2f3b96f-f576-4bdc-9fa7-124e4a66bd9b\">\n<p data-immersive-translate-walked=\"c2f3b96f-f576-4bdc-9fa7-124e4a66bd9b\" data-immersive-translate-paragraph=\"1\">Eine Gasdruckfeder in einem Stuhl sorgt f\u00fcr stufenloses Verstellen der Sitzh\u00f6he. Im Inneren der Feder befindet sich komprimiertes Gas, das durch Druck auf einen Hebel freigesetzt wird. Dies erm\u00f6glicht das sanfte Heben oder Senken des Stuhls. Besonders in B\u00fcrost\u00fchlen kommt sie zum Einsatz, um ergonomisches Sitzen zu gew\u00e4hrleisten und den Komfort zu erh\u00f6hen. Die Feder ist langlebig und wartungsfrei.<\/p>\n<p><img decoding=\"async\" class=\"lazyload aligncenter\" src=\"data:image\/gif;base64,R0lGODlhAQABAAAAACH5BAEKAAEALAAAAAABAAEAAAICTAEAOw==\" data-orig-src=\"https:\/\/www.gastac.com\/wp-content\/uploads\/2023\/06\/Gasdruckfeder-Stuhl-3-800x328.jpg\" alt=\"Gasdruckfeder Stuhl\" \/><\/p>\n<h2>Was ist Gasdruckfeder Stuhl?<\/h2>\n<p>Eine Gasdruckfeder Stuhl erm\u00f6glicht die stufenlose H\u00f6henverstellung der Sitzfl\u00e4che. Sie besteht aus einem zylindrischen Kolben, der von komprimiertem Gas umgeben ist. Durch Bet\u00e4tigung eines Hebels wird das Gas freigesetzt oder komprimiert, sodass der Stuhl sanft angehoben oder abgesenkt wird. Diese Technik findet man vor allem in B\u00fcrost\u00fchlen f\u00fcr ergonomisches und bequemes Sitzen.<br \/>\n<img decoding=\"async\" class=\"lazyload aligncenter\" src=\"data:image\/gif;base64,R0lGODlhAQABAAAAACH5BAEKAAEALAAAAAABAAEAAAICTAEAOw==\" data-orig-src=\"https:\/\/www.gastac.com\/wp-content\/uploads\/2023\/06\/Gasdruckfeder-Stuhl-4-600x304.jpg\" alt=\"Gasdruckfeder Stuhl \" \/><\/p>\n<p>&nbsp;<\/p>\n<h2 class=\"relative p-1 rounded-sm flex items-center justify-center bg-token-main-surface-primary text-token-text-primary h-8 w-8\">Wie funktioniert eine Gasdruckfeder im B\u00fcrostuhl?<\/h2>\n<p>Die Gasdruckfeder im B\u00fcrostuhl erm\u00f6glicht die H\u00f6henverstellung. Sie besteht aus einem Zylinder mit komprimiertem Gas und einem Kolben. Wenn du den Hebel am Stuhl bet\u00e4tigst, wird das Ventil ge\u00f6ffnet, wodurch sich der Kolben je nach Druck nach oben oder unten bewegt. So wird der Stuhl sanft angehoben oder abgesenkt. Das Gas sorgt dabei f\u00fcr eine gleichm\u00e4\u00dfige, stufenlose Bewegung und stabilen Halt in der gew\u00fcnschten Position.<\/p>\n<h2>Spezifikationen des GASTAC Gasdruckfeder Stuhls<\/h2>\n<p><img decoding=\"async\" class=\"lazyload aligncenter\" src=\"data:image\/svg+xml,%3Csvg%20xmlns%3D%27http%3A%2F%2Fwww.w3.org%2F2000%2Fsvg%27%20width%3D%27740%27%20height%3D%27444%27%20viewBox%3D%270%200%20740%20444%27%3E%3Crect%20width%3D%27740%27%20height%3D%27444%27%20fill-opacity%3D%220%22%2F%3E%3C%2Fsvg%3E\" data-orig-src=\"https:\/\/www.gastac.com\/wp-content\/uploads\/2023\/06\/Spezifikationen-des-GASTAC-Gasdruckfeder-Stuhls.jpg\" alt=\"Gasdruckfeder Stuhl \" width=\"740\" height=\"444\" \/><\/p>\n<div>\n<div>-In a standard chair, the gas spring has a diameter of 1.1 inches (28 mm). It can also hold pressurized nitrogen and lubricating oil. There is a tapering of 17-4 at its very top, which is used for industry standard chairs. The gas spring also has a \u2014piston (shiny cylinder) that can move up and down when the height of the chair is adjusted.<\/div>\n<div>-The column of the gas cylinder is the circular part that enters the base of the chair and contains the gas spring. The color of most gas cylinders is usually black. The industry standard column diameter is 2 inches.<\/div>\n<div>-Many leisure or home office chairs may also need special sizes, such as Dia38mm. If the chair you design requires a special outer tube size, it can also be customized.<\/div>\n<\/div>\n<div><\/div>\n<h2>wie Sie Gasdruckfeder im B\u00fcrostuhl installieren?<\/h2>\n<p><img decoding=\"async\" class=\"lazyload aligncenter\" src=\"data:image\/svg+xml,%3Csvg%20xmlns%3D%27http%3A%2F%2Fwww.w3.org%2F2000%2Fsvg%27%20width%3D%27573%27%20height%3D%27557%27%20viewBox%3D%270%200%20573%20557%27%3E%3Crect%20width%3D%27573%27%20height%3D%27557%27%20fill-opacity%3D%220%22%2F%3E%3C%2Fsvg%3E\" data-orig-src=\"https:\/\/www.gastac.com\/wp-content\/uploads\/2023\/06\/Einfache-Installation-Gasdruckfeder-Stuhl-600x583.jpg\" alt=\"Gasdruckfeder Stuhl \" width=\"573\" height=\"557\" \/><\/p>\n<div>Zur Installation einer Gasdruckfeder in einem B\u00fcrostuhl entfernen Sie zun\u00e4chst den alten Zylinder, indem Sie die Sitzfl\u00e4che und das Fu\u00dfkreuz trennen. Klopfen Sie vorsichtig mit einem Gummihammer, um den alten Zylinder zu l\u00f6sen. Setzen Sie die neue Gasdruckfeder in das Fu\u00dfkreuz ein und befestigen Sie die Sitzfl\u00e4che wieder darauf. Durch leichtes Gewicht setzt sich die Feder fest und der Stuhl ist wieder funktionsf\u00e4hig.<\/div>\n<\/div>\n<div>\n<h2>So reparieren Sie den Gasdruckfederstuhl\uff1f<\/h2>\n<div>-When faced with a malfunctioning gas spring in your office chair, you might wonder if a quick fix could get it back in working order. However, due to the complexities involved, the option to repair the gas strut in an office chair is often not viable.<br \/>\n-Gas springs are sealed units that rely on pressurized gas and a precise mechanism to function. This design ensures smooth, controlled movement but also means that once they start leaking or get damaged, repairing them is nearly impossible for the average consumer. They require specialized tools and knowledge to handle the dangerous pressurized gas safely.<br \/>\n-In many cases, the cost of the tools and the time investment required to repair a gas spring can exceed the price of purchasing a new one. Additionally, replacement gas springs are readily available and can be sourced to fit a wide range of office chairs.<br \/>\n-Given these considerations, changing the office chair gas spring is generally the safer, more cost-effective, and most straightforward route to restoring your office chair\u2019s functionality and comfort.<\/div>\n<h2>Vorteile des GASTAC Gasdruckfeder Stuhls<\/h2>\n<p>-Gro\u00dfe Anzahl an Gasfedern f\u00fcr Drehst\u00fchle ab Lager lieferbar<br \/>\n-Erh\u00e4ltlich in verschiedenen L\u00e4ngen und mit H\u00fcben von 50-300 mm<br \/>\n-Auch drehbare, verdrehsichere und Sonderausf\u00fchrungen erh\u00e4ltlich<br \/>\n-Komplette Kolonnen mit verschiedenen Standrohrvarianten<br \/>\n-5 Jahre Garantie \u2013 Beste Lebensdauer und Haltbarkeit<br \/>\n-H\u00f6chste Qualit\u00e4t der Klasse 4 f\u00fcr alle S\u00e4ulen, getestet und zertifiziert von Bifma und T\u00dcV.<br \/>\n<img decoding=\"async\" class=\"lazyload aligncenter\" src=\"data:image\/svg+xml,%3Csvg%20xmlns%3D%27http%3A%2F%2Fwww.w3.org%2F2000%2Fsvg%27%20width%3D%27671%27%20height%3D%27773%27%20viewBox%3D%270%200%20671%20773%27%3E%3Crect%20width%3D%27671%27%20height%3D%27773%27%20fill-opacity%3D%220%22%2F%3E%3C%2Fsvg%3E\" data-orig-src=\"https:\/\/www.gastac.com\/wp-content\/uploads\/2023\/06\/Gasdruckfeder-Stuhl-10-600x692.jpg\" alt=\"Gasdruckfeder Stuhl \" width=\"671\" height=\"773\" \/><\/p>\n<\/div>\n<\/div>\n<\/div>\n<\/div>\n<\/div>\n<\/div>\n","protected":false},"excerpt":{"rendered":"<div class=\"product-short-description\">\n<p>Die Gasdruckfeder im Stuhl erm\u00f6glicht eine einfache H\u00f6henverstellung. Durch komprimiertes Gas bietet sie eine reibungslose Anpassung der Sitzh\u00f6he, wodurch Benutzer den Stuhl leicht an ihre Bed\u00fcrfnisse anpassen k\u00f6nnen. Diese Technologie verbessert den Sitzkomfort und erm\u00f6glicht eine ergonomische Anpassung f\u00fcr eine vielseitige Nutzung.<\/p>\n<\/div>\n","protected":false},"featured_media":18748,"comment_status":"open","ping_status":"closed","template":"","meta":[],"product_brand":[],"product_cat":[109],"product_tag":[],"class_list":{"0":"post-18737","1":"product","2":"type-product","3":"status-publish","4":"has-post-thumbnail","6":"product_cat-nicht-kategorisiert","8":"first","9":"instock","10":"shipping-taxable","11":"product-type-simple"},"yoast_head":"<!-- This site is optimized with the Yoast SEO Premium plugin v26.2 (Yoast SEO v27.3) - https:\/\/yoast.com\/product\/yoast-seo-premium-wordpress\/ -->\n<title>Gasdruckfeder Stuhl | Gastac Gas Spring<\/title>\n<meta name=\"robots\" content=\"index, follow, max-snippet:-1, max-image-preview:large, max-video-preview:-1\" \/>\n<link rel=\"canonical\" href=\"https:\/\/www.gastac.com\/de\/produkt\/gasdruckfeder-stuhl\/\" \/>\n<meta property=\"og:locale\" content=\"de_DE\" \/>\n<meta property=\"og:type\" content=\"article\" \/>\n<meta property=\"og:title\" content=\"Gasdruckfeder Stuhl\" \/>\n<meta property=\"og:description\" content=\"Die Gasdruckfeder im Stuhl erm\u00f6glicht eine einfache H\u00f6henverstellung. Durch komprimiertes Gas bietet sie eine reibungslose Anpassung der Sitzh\u00f6he, wodurch Benutzer den Stuhl leicht an ihre Bed\u00fcrfnisse anpassen k\u00f6nnen. Diese Technologie verbessert den Sitzkomfort und erm\u00f6glicht eine ergonomische Anpassung f\u00fcr eine vielseitige Nutzung.\" \/>\n<meta property=\"og:url\" content=\"https:\/\/www.gastac.com\/de\/produkt\/gasdruckfeder-stuhl\/\" \/>\n<meta property=\"og:site_name\" content=\"Gastac Gas Spring\" \/>\n<meta property=\"article:publisher\" content=\"https:\/\/www.facebook.com\/profile.php?id=100092358464608\" \/>\n<meta property=\"article:modified_time\" content=\"2025-11-12T07:10:25+00:00\" \/>\n<meta property=\"og:image\" content=\"https:\/\/www.gastac.com\/wp-content\/uploads\/2025\/11\/Gasdruckfeder-Stuhl-1-1-600x600-1.webp\" \/>\n\t<meta property=\"og:image:width\" content=\"600\" \/>\n\t<meta property=\"og:image:height\" content=\"600\" \/>\n\t<meta property=\"og:image:type\" content=\"image\/webp\" \/>\n<meta name=\"twitter:card\" content=\"summary_large_image\" \/>\n<meta name=\"twitter:label1\" content=\"Gesch\u00e4tzte Lesezeit\" \/>\n\t<meta name=\"twitter:data1\" content=\"1\u00a0Minute\" \/>\n<script type=\"application\/ld+json\" class=\"yoast-schema-graph\">{\"@context\":\"https:\\\/\\\/schema.org\",\"@graph\":[{\"@type\":\"WebPage\",\"@id\":\"https:\\\/\\\/www.gastac.com\\\/de\\\/produkt\\\/gasdruckfeder-stuhl\\\/\",\"url\":\"https:\\\/\\\/www.gastac.com\\\/de\\\/produkt\\\/gasdruckfeder-stuhl\\\/\",\"name\":\"Gasdruckfeder Stuhl | Gastac Gas Spring\",\"isPartOf\":{\"@id\":\"https:\\\/\\\/www.gastac.com\\\/de\\\/#website\"},\"primaryImageOfPage\":{\"@id\":\"https:\\\/\\\/www.gastac.com\\\/de\\\/produkt\\\/gasdruckfeder-stuhl\\\/#primaryimage\"},\"image\":{\"@id\":\"https:\\\/\\\/www.gastac.com\\\/de\\\/produkt\\\/gasdruckfeder-stuhl\\\/#primaryimage\"},\"thumbnailUrl\":\"https:\\\/\\\/www.gastac.com\\\/wp-content\\\/uploads\\\/2025\\\/11\\\/Gasdruckfeder-Stuhl-1-1-600x600-1.webp\",\"datePublished\":\"2025-11-12T07:10:24+00:00\",\"dateModified\":\"2025-11-12T07:10:25+00:00\",\"breadcrumb\":{\"@id\":\"https:\\\/\\\/www.gastac.com\\\/de\\\/produkt\\\/gasdruckfeder-stuhl\\\/#breadcrumb\"},\"inLanguage\":\"de\",\"potentialAction\":[{\"@type\":\"ReadAction\",\"target\":[\"https:\\\/\\\/www.gastac.com\\\/de\\\/produkt\\\/gasdruckfeder-stuhl\\\/\"]}]},{\"@type\":\"ImageObject\",\"inLanguage\":\"de\",\"@id\":\"https:\\\/\\\/www.gastac.com\\\/de\\\/produkt\\\/gasdruckfeder-stuhl\\\/#primaryimage\",\"url\":\"https:\\\/\\\/www.gastac.com\\\/wp-content\\\/uploads\\\/2025\\\/11\\\/Gasdruckfeder-Stuhl-1-1-600x600-1.webp\",\"contentUrl\":\"https:\\\/\\\/www.gastac.com\\\/wp-content\\\/uploads\\\/2025\\\/11\\\/Gasdruckfeder-Stuhl-1-1-600x600-1.webp\",\"width\":600,\"height\":600,\"caption\":\"Gasdruckfeder Stuhl 1 1 600x600\"},{\"@type\":\"BreadcrumbList\",\"@id\":\"https:\\\/\\\/www.gastac.com\\\/de\\\/produkt\\\/gasdruckfeder-stuhl\\\/#breadcrumb\",\"itemListElement\":[{\"@type\":\"ListItem\",\"position\":1,\"name\":\"Home\",\"item\":\"https:\\\/\\\/www.gastac.com\\\/de\\\/\"},{\"@type\":\"ListItem\",\"position\":2,\"name\":\"products\",\"item\":\"https:\\\/\\\/www.gastac.com\\\/de\\\/products\\\/\"},{\"@type\":\"ListItem\",\"position\":3,\"name\":\"Nicht kategorisiert\",\"item\":\"https:\\\/\\\/www.gastac.com\\\/de\\\/product-category\\\/nicht-kategorisiert\\\/\"},{\"@type\":\"ListItem\",\"position\":4,\"name\":\"Gasdruckfeder Stuhl\"}]},{\"@type\":\"WebSite\",\"@id\":\"https:\\\/\\\/www.gastac.com\\\/de\\\/#website\",\"url\":\"https:\\\/\\\/www.gastac.com\\\/de\\\/\",\"name\":\"Gastac Gas Spring\",\"description\":\"China\u2019s Leading Gas Springs &amp; Struts Manufacturer\",\"publisher\":{\"@id\":\"https:\\\/\\\/www.gastac.com\\\/de\\\/#organization\"},\"potentialAction\":[{\"@type\":\"SearchAction\",\"target\":{\"@type\":\"EntryPoint\",\"urlTemplate\":\"https:\\\/\\\/www.gastac.com\\\/de\\\/?s={search_term_string}\"},\"query-input\":{\"@type\":\"PropertyValueSpecification\",\"valueRequired\":true,\"valueName\":\"search_term_string\"}}],\"inLanguage\":\"de\"},{\"@type\":\"Organization\",\"@id\":\"https:\\\/\\\/www.gastac.com\\\/de\\\/#organization\",\"name\":\"Ningbo Gastac Gas Spring Co.,Ltd\",\"url\":\"https:\\\/\\\/www.gastac.com\\\/de\\\/\",\"logo\":{\"@type\":\"ImageObject\",\"inLanguage\":\"de\",\"@id\":\"https:\\\/\\\/www.gastac.com\\\/de\\\/#\\\/schema\\\/logo\\\/image\\\/\",\"url\":\"https:\\\/\\\/www.gastac.com\\\/wp-content\\\/uploads\\\/2025\\\/09\\\/LOGO\u672c\u8272-\u9ed1.webp\",\"contentUrl\":\"https:\\\/\\\/www.gastac.com\\\/wp-content\\\/uploads\\\/2025\\\/09\\\/LOGO\u672c\u8272-\u9ed1.webp\",\"width\":1920,\"height\":1080,\"caption\":\"Ningbo Gastac Gas Spring Co.,Ltd\"},\"image\":{\"@id\":\"https:\\\/\\\/www.gastac.com\\\/de\\\/#\\\/schema\\\/logo\\\/image\\\/\"},\"sameAs\":[\"https:\\\/\\\/www.facebook.com\\\/profile.php?id=100092358464608\",\"https:\\\/\\\/www.youtube.com\\\/@Gastac-Gas-Spring\",\"https:\\\/\\\/www.linkedin.com\\\/in\\\/gastac-gas-spring\\\/\",\"https:\\\/\\\/www.instagram.com\\\/gastacgasspring\\\/\"]}]}<\/script>\n<!-- \/ Yoast SEO Premium plugin. -->","yoast_head_json":{"title":"Gasdruckfeder Stuhl | Gastac Gas Spring","robots":{"index":"index","follow":"follow","max-snippet":"max-snippet:-1","max-image-preview":"max-image-preview:large","max-video-preview":"max-video-preview:-1"},"canonical":"https:\/\/www.gastac.com\/de\/produkt\/gasdruckfeder-stuhl\/","og_locale":"de_DE","og_type":"article","og_title":"Gasdruckfeder Stuhl","og_description":"Die Gasdruckfeder im Stuhl erm\u00f6glicht eine einfache H\u00f6henverstellung. Durch komprimiertes Gas bietet sie eine reibungslose Anpassung der Sitzh\u00f6he, wodurch Benutzer den Stuhl leicht an ihre Bed\u00fcrfnisse anpassen k\u00f6nnen. Diese Technologie verbessert den Sitzkomfort und erm\u00f6glicht eine ergonomische Anpassung f\u00fcr eine vielseitige Nutzung.","og_url":"https:\/\/www.gastac.com\/de\/produkt\/gasdruckfeder-stuhl\/","og_site_name":"Gastac Gas Spring","article_publisher":"https:\/\/www.facebook.com\/profile.php?id=100092358464608","article_modified_time":"2025-11-12T07:10:25+00:00","og_image":[{"width":600,"height":600,"url":"https:\/\/www.gastac.com\/wp-content\/uploads\/2025\/11\/Gasdruckfeder-Stuhl-1-1-600x600-1.webp","type":"image\/webp"}],"twitter_card":"summary_large_image","twitter_misc":{"Gesch\u00e4tzte Lesezeit":"1\u00a0Minute"},"schema":{"@context":"https:\/\/schema.org","@graph":[{"@type":"WebPage","@id":"https:\/\/www.gastac.com\/de\/produkt\/gasdruckfeder-stuhl\/","url":"https:\/\/www.gastac.com\/de\/produkt\/gasdruckfeder-stuhl\/","name":"Gasdruckfeder Stuhl | Gastac Gas Spring","isPartOf":{"@id":"https:\/\/www.gastac.com\/de\/#website"},"primaryImageOfPage":{"@id":"https:\/\/www.gastac.com\/de\/produkt\/gasdruckfeder-stuhl\/#primaryimage"},"image":{"@id":"https:\/\/www.gastac.com\/de\/produkt\/gasdruckfeder-stuhl\/#primaryimage"},"thumbnailUrl":"https:\/\/www.gastac.com\/wp-content\/uploads\/2025\/11\/Gasdruckfeder-Stuhl-1-1-600x600-1.webp","datePublished":"2025-11-12T07:10:24+00:00","dateModified":"2025-11-12T07:10:25+00:00","breadcrumb":{"@id":"https:\/\/www.gastac.com\/de\/produkt\/gasdruckfeder-stuhl\/#breadcrumb"},"inLanguage":"de","potentialAction":[{"@type":"ReadAction","target":["https:\/\/www.gastac.com\/de\/produkt\/gasdruckfeder-stuhl\/"]}]},{"@type":"ImageObject","inLanguage":"de","@id":"https:\/\/www.gastac.com\/de\/produkt\/gasdruckfeder-stuhl\/#primaryimage","url":"https:\/\/www.gastac.com\/wp-content\/uploads\/2025\/11\/Gasdruckfeder-Stuhl-1-1-600x600-1.webp","contentUrl":"https:\/\/www.gastac.com\/wp-content\/uploads\/2025\/11\/Gasdruckfeder-Stuhl-1-1-600x600-1.webp","width":600,"height":600,"caption":"Gasdruckfeder Stuhl 1 1 600x600"},{"@type":"BreadcrumbList","@id":"https:\/\/www.gastac.com\/de\/produkt\/gasdruckfeder-stuhl\/#breadcrumb","itemListElement":[{"@type":"ListItem","position":1,"name":"Home","item":"https:\/\/www.gastac.com\/de\/"},{"@type":"ListItem","position":2,"name":"products","item":"https:\/\/www.gastac.com\/de\/products\/"},{"@type":"ListItem","position":3,"name":"Nicht kategorisiert","item":"https:\/\/www.gastac.com\/de\/product-category\/nicht-kategorisiert\/"},{"@type":"ListItem","position":4,"name":"Gasdruckfeder Stuhl"}]},{"@type":"WebSite","@id":"https:\/\/www.gastac.com\/de\/#website","url":"https:\/\/www.gastac.com\/de\/","name":"Gastac Gas Spring","description":"China\u2019s Leading Gas Springs &amp; Struts Manufacturer","publisher":{"@id":"https:\/\/www.gastac.com\/de\/#organization"},"potentialAction":[{"@type":"SearchAction","target":{"@type":"EntryPoint","urlTemplate":"https:\/\/www.gastac.com\/de\/?s={search_term_string}"},"query-input":{"@type":"PropertyValueSpecification","valueRequired":true,"valueName":"search_term_string"}}],"inLanguage":"de"},{"@type":"Organization","@id":"https:\/\/www.gastac.com\/de\/#organization","name":"Ningbo Gastac Gas Spring Co.,Ltd","url":"https:\/\/www.gastac.com\/de\/","logo":{"@type":"ImageObject","inLanguage":"de","@id":"https:\/\/www.gastac.com\/de\/#\/schema\/logo\/image\/","url":"https:\/\/www.gastac.com\/wp-content\/uploads\/2025\/09\/LOGO\u672c\u8272-\u9ed1.webp","contentUrl":"https:\/\/www.gastac.com\/wp-content\/uploads\/2025\/09\/LOGO\u672c\u8272-\u9ed1.webp","width":1920,"height":1080,"caption":"Ningbo Gastac Gas Spring Co.,Ltd"},"image":{"@id":"https:\/\/www.gastac.com\/de\/#\/schema\/logo\/image\/"},"sameAs":["https:\/\/www.facebook.com\/profile.php?id=100092358464608","https:\/\/www.youtube.com\/@Gastac-Gas-Spring","https:\/\/www.linkedin.com\/in\/gastac-gas-spring\/","https:\/\/www.instagram.com\/gastacgasspring\/"]}]}},"_links":{"self":[{"href":"https:\/\/www.gastac.com\/de\/wp-json\/wp\/v2\/product\/18737","targetHints":{"allow":["GET"]}}],"collection":[{"href":"https:\/\/www.gastac.com\/de\/wp-json\/wp\/v2\/product"}],"about":[{"href":"https:\/\/www.gastac.com\/de\/wp-json\/wp\/v2\/types\/product"}],"replies":[{"embeddable":true,"href":"https:\/\/www.gastac.com\/de\/wp-json\/wp\/v2\/comments?post=18737"}],"wp:featuredmedia":[{"embeddable":true,"href":"https:\/\/www.gastac.com\/de\/wp-json\/wp\/v2\/media\/18748"}],"wp:attachment":[{"href":"https:\/\/www.gastac.com\/de\/wp-json\/wp\/v2\/media?parent=18737"}],"wp:term":[{"taxonomy":"product_brand","embeddable":true,"href":"https:\/\/www.gastac.com\/de\/wp-json\/wp\/v2\/product_brand?post=18737"},{"taxonomy":"product_cat","embeddable":true,"href":"https:\/\/www.gastac.com\/de\/wp-json\/wp\/v2\/product_cat?post=18737"},{"taxonomy":"product_tag","embeddable":true,"href":"https:\/\/www.gastac.com\/de\/wp-json\/wp\/v2\/product_tag?post=18737"}],"curies":[{"name":"wp","href":"https:\/\/api.w.org\/{rel}","templated":true}]}}