{"id":18725,"date":"2025-11-12T06:58:06","date_gmt":"2025-11-12T06:58:06","guid":{"rendered":"https:\/\/www.gastac.com\/?post_type=product&#038;p=18725"},"modified":"2025-11-12T06:58:07","modified_gmt":"2025-11-12T06:58:07","slug":"gasfedern-kaufen","status":"publish","type":"product","link":"https:\/\/www.gastac.com\/de\/produkt\/gasfedern-kaufen\/","title":{"rendered":"Gasfedern Kaufen"},"content":{"rendered":"<h2>Gasfedern Kaufen<\/h2>\n<p>Suchen Sie Gasfedern oder m\u00fcssen Gasfedern kaufen? Dann sind Sie bei GASTAC genau richtig. Wir bieten ma\u00dfgeschneiderte Gasfedern f\u00fcr verschiedene Typen, Anwendungen und Branchen. Egal, ob Sie kleine oder gro\u00dfe Mengen ben\u00f6tigen \u2013 GASTAC ist die ideale Wahl f\u00fcr Qualit\u00e4t, Zuverl\u00e4ssigkeit und wettbewerbsf\u00e4hige Preise.<br \/>\n<img decoding=\"async\" class=\"lazyload aligncenter\" src=\"data:image\/svg+xml,%3Csvg%20xmlns%3D%27http%3A%2F%2Fwww.w3.org%2F2000%2Fsvg%27%20width%3D%271000%27%20height%3D%27444%27%20viewBox%3D%270%200%201000%20444%27%3E%3Crect%20width%3D%271000%27%20height%3D%27444%27%20fill-opacity%3D%220%22%2F%3E%3C%2Fsvg%3E\" data-orig-src=\"https:\/\/www.gastac.com\/wp-content\/uploads\/2023\/06\/Gasfedern-Kaufen-1-1400x622.jpg\" alt=\"Gasfedern Kaufen\" width=\"1000\" height=\"444\" \/><\/p>\n<h2>Globaler Gasfederlieferant \u2013 GASTAC<\/h2>\n<p>GASTAC ist ein erfahrener Hersteller hochwertiger Gasfedern mit \u00fcber 16 Jahren Branchenerfahrung. Das Unternehmen bietet zuverl\u00e4ssige, langlebige L\u00f6sungen f\u00fcr Industrie, Automotive, M\u00f6bel und Sonderanwendungen. GASTAC kombiniert Qualit\u00e4t, Pr\u00e4zision und wettbewerbsf\u00e4hige Preise \u2013 weltweit gesch\u00e4tzt f\u00fcr Innovation und Service.<\/p>\n<p>&nbsp;<\/p>\n<h2>GASTAC-Gasfedertyp<\/h2>\n<p>GASTAC ist ein erfahrener Hersteller von Gasfedern f\u00fcr unterschiedlichste Anwendungen. Je nach Aufbau und Einsatzbereich bietet GASTAC Auto Gasdruckfedern, blockierbare Gasfedern, B\u00fcrostuhl-Gasfedern, Deckel-Gasfedern, M\u00f6bel-Gasfedern, Kofferraumd\u00e4mpfer und Motorhaubend\u00e4mpfer \u2013 alle pr\u00e4zise gefertigt und individuell anpassbar.<\/p>\n<ul>\n<li><a href=\"https:\/\/gastac-com-591077.hostingersite.com\/de\/products\/auto-gasdruckfeder\/\"><strong>Auto Gasdruckfeder<\/strong><\/a>: \u00d6ffnet und h\u00e4lt Kofferraum oder Haube sicher und komfortabel.<\/li>\n<li><a href=\"https:\/\/gastac-com-591077.hostingersite.com\/de\/products\/blockierbare-gasdruckfeder\/\"><strong>Blockierbare Gasdruckfeder<\/strong><\/a>: Arretierbar in jeder Position \u2013 ideal f\u00fcr M\u00f6bel oder Maschinen.<\/li>\n<li><a href=\"https:\/\/gastac-com-591077.hostingersite.com\/de\/products\/gasdruckfeder-buerostuhl\/\"><strong>Gasdruckfeder B\u00fcrostuhl<\/strong><\/a>: Reguliert Sitzh\u00f6he \u2013 ergonomisch, langlebig, zuverl\u00e4ssig.<\/li>\n<li><a href=\"https:\/\/gastac-com-591077.hostingersite.com\/de\/products\/gasdruckfeder-fuer-deckel\/\"><strong>Gasdruckfeder f\u00fcr Deckel<\/strong><\/a>: Hebt und h\u00e4lt schwere Deckel \u2013 sicher, stabil, wartungsarm.<\/li>\n<li><a href=\"https:\/\/gastac-com-591077.hostingersite.com\/de\/products\/moebel-gasdruckfeder\/\"><strong>M\u00f6bel Gasdruckfeder<\/strong><\/a>: Unterst\u00fctzt Klappen und T\u00fcren \u2013 sanft, leise, komfortabel.<\/li>\n<li><a href=\"https:\/\/gastac-com-591077.hostingersite.com\/de\/products\/kofferraum-daempfer\/\"><strong>Kofferraumd\u00e4mpfer<\/strong><\/a>: H\u00e4lt Heckklappen offen \u2013 verhindert ungewolltes Zuschlagen.<\/li>\n<li><a href=\"https:\/\/gastac-com-591077.hostingersite.com\/de\/products\/motorhaubendaempfer\/\"><strong>Motorhaubend\u00e4mpfer<\/strong><\/a>: Sicheres \u00d6ffnen der Motorhaube \u2013 einfache Wartung und Bedienung.<\/li>\n<\/ul>\n<p>&nbsp;<\/p>\n<h2 data-start=\"76\" data-end=\"111\" data-immersive-translate-walked=\"2256293a-ae5d-47fe-a377-cca70f2a6cbf\" data-immersive-translate-paragraph=\"1\">Warum GASTAC die erste Wahl ist<\/h2>\n<p data-start=\"113\" data-end=\"345\" data-immersive-translate-paragraph=\"1\" data-immersive-translate-walked=\"2256293a-ae5d-47fe-a377-cca70f2a6cbf\"><span class=\"relative -mx-px my-[-0.2rem] rounded px-px py-[0.2rem] transition-colors duration-100 ease-in-out\" data-immersive-translate-walked=\"2256293a-ae5d-47fe-a377-cca70f2a6cbf\">GASTAC bietet hochwertige Gasfedern f\u00fcr vielf\u00e4ltige Anwendungen.<\/span>\u00a0<span class=\"relative -mx-px my-[-0.2rem] rounded px-px py-[0.2rem] transition-colors duration-100 ease-in-out\" data-immersive-translate-walked=\"2256293a-ae5d-47fe-a377-cca70f2a6cbf\">Ob M\u00f6bel, Fahrzeuge oder Industrie \u2013 unsere Produkte \u00fcberzeugen durch Qualit\u00e4t und Langlebigkeit.<\/span>\u00a0<span class=\"relative -mx-px my-[-0.2rem] rounded px-px py-[0.2rem] transition-colors duration-100 ease-in-out\" data-immersive-translate-walked=\"2256293a-ae5d-47fe-a377-cca70f2a6cbf\">Mit \u00fcber 2.000 verf\u00fcgbaren Abmessungen und Kr\u00e4ften von 50 bis 10000\u202fN finden Sie bei uns stets die passende L\u00f6sung.<\/span>\u00a0<span class=\"relative -mx-px my-[-0.2rem] rounded px-px py-[0.2rem] transition-colors duration-100 ease-in-out\" data-immersive-translate-walked=\"2256293a-ae5d-47fe-a377-cca70f2a6cbf\">Unsere Gasfedern sind in Stahl und Edelstahl erh\u00e4ltlich und eignen sich f\u00fcr unterschiedlichste Einsatzbereiche.<\/span><\/p>\n<p>&nbsp;<\/p>\n<h2>Wie funktionieren Gasfedern?<\/h2>\n<p>Eine Gasfeder funktioniert durch komprimierten Stickstoff in einem Zylinder. Beim Zusammendr\u00fccken bewegt sich der Kolben gegen den Gasdruck, der eine R\u00fcckstellkraft erzeugt. Diese Kraft unterst\u00fctzt beim Heben, Senken oder Halten von Klappen und Deckeln. Ein wenig \u00d6l sorgt zus\u00e4tzlich f\u00fcr D\u00e4mpfung und gleichm\u00e4\u00dfige Bewegung.<\/p>\n<p>&nbsp;<\/p>\n<h2>So messen Sie die Gr\u00f6\u00dfe einer Gasfeder?<\/h2>\n<p>Um eine Gasfeder korrekt zu messen, bestimmen Sie zuerst die Gesamtl\u00e4nge im ausgefahrenen Zustand (Mitte Auge zu Mitte Auge). Dann messen Sie den Hub \u2013 das ist der sichtbare Teil der Kolbenstange. Zus\u00e4tzlich sollten Sie die St\u00e4rke der Kolbenstange und des Zylinders notieren. Diese Ma\u00dfe sind entscheidend f\u00fcr die Auswahl der passenden Ersatz-Gasfeder.<br \/>\n<img decoding=\"async\" class=\"lazyload aligncenter\" src=\"data:image\/gif;base64,R0lGODlhAQABAAAAACH5BAEKAAEALAAAAAABAAEAAAICTAEAOw==\" data-orig-src=\"https:\/\/gastac-com-591077.hostingersite.com\/wp-content\/uploads\/2023\/06\/Gasdruckfeder-Dachbox-4.jpg\" alt=\"Gasfedern Kaufen\" \/><\/p>\n<p>&nbsp;<\/p>\n<h2>Kann ich eine Gasfeder selbst montieren?<\/h2>\n<p>Ja \u2013 viele Gasfedern sind f\u00fcr die einfache Selbstmontage konzipiert. Wichtig ist:<br \/>\n-Kein \u00d6ffnen oder Bohren der Gasfeder!<br \/>\n-Richtige Einbaulage beachten (meist Kolbenstange nach unten).<br \/>\n-Passende Befestigungspunkte verwenden.<\/p>\n<p>&nbsp;<\/p>\n<h2>Wie lange h\u00e4lt eine Gasfeder?<\/h2>\n<p>Die Lebensdauer von Gasfedern h\u00e4ngt von Qualit\u00e4t, Belastung und Betriebsbedingungen ab. Durch die Verwendung hochwertiger Rohstoffe und mehrfacher Verarbeitungsverfahren k\u00f6nnen GASTAC-Gasfedern in der Regel drei Jahre oder 30.000 Zyklen verwendet werden.<\/p>\n<p>&nbsp;<\/p>\n<h2>Kann ich eine Gasfeder reparieren?<\/h2>\n<p>Gasfedern sind wartungsfreie, versiegelte Bauteile. Sie enthalten unter Druck stehendes Gas, das nicht nachgef\u00fcllt werden kann. Bei Druckverlust, \u00d6lundichtigkeit oder Funktionsst\u00f6rung ist eine Reparatur nicht m\u00f6glich. Defekte Gasfedern m\u00fcssen daher vollst\u00e4ndig ersetzt und durch ein passendes Neuteil ausgetauscht werden.<\/p>\n<h2>Gasdruckfede Anwendung<\/h2>\n<p><img class=\"lazyload\" decoding=\"async\" src=\"data:image\/gif;base64,R0lGODlhAQABAAAAACH5BAEKAAEALAAAAAABAAEAAAICTAEAOw==\" data-orig-src=\"https:\/\/www.gastac.com\/wp-content\/uploads\/2023\/06\/51GcviAtLDL._AC_SL1000_-400x400.jpg\" alt=\"Gasfedern Kaufen\" \/><img class=\"lazyload\" decoding=\"async\" src=\"data:image\/gif;base64,R0lGODlhAQABAAAAACH5BAEKAAEALAAAAAABAAEAAAICTAEAOw==\" data-orig-src=\"https:\/\/www.gastac.com\/wp-content\/uploads\/2023\/06\/61IxqQvAFvL._AC_SL1000_-400x400.jpg\" alt=\"Gasfedern Kaufen\" \/><\/p>\n","protected":false},"excerpt":{"rendered":"<p>Gasfedern Kaufen Suchen Sie Gasfedern oder m\u00fcssen Gasfedern kaufen? Dann sind Sie bei GASTAC genau richtig. Wir bieten ma\u00dfgeschneiderte Gasfedern  [&#8230;]<\/p>\n","protected":false},"featured_media":18734,"comment_status":"open","ping_status":"closed","template":"","meta":[],"product_brand":[],"product_cat":[109],"product_tag":[],"class_list":{"0":"post-18725","1":"product","2":"type-product","3":"status-publish","4":"has-post-thumbnail","6":"product_cat-nicht-kategorisiert","8":"first","9":"instock","10":"shipping-taxable","11":"product-type-simple"},"yoast_head":"<!-- This site is optimized with the Yoast SEO Premium plugin v26.2 (Yoast SEO v27.3) - https:\/\/yoast.com\/product\/yoast-seo-premium-wordpress\/ -->\n<title>Gasfedern Kaufen | Gastac Gas Spring<\/title>\n<meta name=\"robots\" content=\"index, follow, max-snippet:-1, max-image-preview:large, max-video-preview:-1\" \/>\n<link rel=\"canonical\" href=\"https:\/\/www.gastac.com\/de\/produkt\/gasfedern-kaufen\/\" \/>\n<meta property=\"og:locale\" content=\"de_DE\" \/>\n<meta property=\"og:type\" content=\"article\" \/>\n<meta property=\"og:title\" content=\"Gasfedern Kaufen\" \/>\n<meta property=\"og:description\" content=\"Gasfedern Kaufen Suchen Sie Gasfedern oder m\u00fcssen Gasfedern kaufen? Dann sind Sie bei GASTAC genau richtig. Wir bieten ma\u00dfgeschneiderte Gasfedern [...]\" \/>\n<meta property=\"og:url\" content=\"https:\/\/www.gastac.com\/de\/produkt\/gasfedern-kaufen\/\" \/>\n<meta property=\"og:site_name\" content=\"Gastac Gas Spring\" \/>\n<meta property=\"article:publisher\" content=\"https:\/\/www.facebook.com\/profile.php?id=100092358464608\" \/>\n<meta property=\"article:modified_time\" content=\"2025-11-12T06:58:07+00:00\" \/>\n<meta property=\"og:image\" content=\"https:\/\/www.gastac.com\/wp-content\/uploads\/2025\/11\/kleine-gasdruckfeder-1.webp\" \/>\n\t<meta property=\"og:image:width\" content=\"600\" \/>\n\t<meta property=\"og:image:height\" content=\"598\" \/>\n\t<meta property=\"og:image:type\" content=\"image\/webp\" \/>\n<meta name=\"twitter:card\" content=\"summary_large_image\" \/>\n<meta name=\"twitter:label1\" content=\"Gesch\u00e4tzte Lesezeit\" \/>\n\t<meta name=\"twitter:data1\" content=\"1\u00a0Minute\" \/>\n<script type=\"application\/ld+json\" class=\"yoast-schema-graph\">{\"@context\":\"https:\\\/\\\/schema.org\",\"@graph\":[{\"@type\":\"WebPage\",\"@id\":\"https:\\\/\\\/www.gastac.com\\\/de\\\/produkt\\\/gasfedern-kaufen\\\/\",\"url\":\"https:\\\/\\\/www.gastac.com\\\/de\\\/produkt\\\/gasfedern-kaufen\\\/\",\"name\":\"Gasfedern Kaufen | Gastac Gas Spring\",\"isPartOf\":{\"@id\":\"https:\\\/\\\/www.gastac.com\\\/de\\\/#website\"},\"primaryImageOfPage\":{\"@id\":\"https:\\\/\\\/www.gastac.com\\\/de\\\/produkt\\\/gasfedern-kaufen\\\/#primaryimage\"},\"image\":{\"@id\":\"https:\\\/\\\/www.gastac.com\\\/de\\\/produkt\\\/gasfedern-kaufen\\\/#primaryimage\"},\"thumbnailUrl\":\"https:\\\/\\\/www.gastac.com\\\/wp-content\\\/uploads\\\/2025\\\/11\\\/kleine-gasdruckfeder-1.webp\",\"datePublished\":\"2025-11-12T06:58:06+00:00\",\"dateModified\":\"2025-11-12T06:58:07+00:00\",\"breadcrumb\":{\"@id\":\"https:\\\/\\\/www.gastac.com\\\/de\\\/produkt\\\/gasfedern-kaufen\\\/#breadcrumb\"},\"inLanguage\":\"de\",\"potentialAction\":[{\"@type\":\"ReadAction\",\"target\":[\"https:\\\/\\\/www.gastac.com\\\/de\\\/produkt\\\/gasfedern-kaufen\\\/\"]}]},{\"@type\":\"ImageObject\",\"inLanguage\":\"de\",\"@id\":\"https:\\\/\\\/www.gastac.com\\\/de\\\/produkt\\\/gasfedern-kaufen\\\/#primaryimage\",\"url\":\"https:\\\/\\\/www.gastac.com\\\/wp-content\\\/uploads\\\/2025\\\/11\\\/kleine-gasdruckfeder-1.webp\",\"contentUrl\":\"https:\\\/\\\/www.gastac.com\\\/wp-content\\\/uploads\\\/2025\\\/11\\\/kleine-gasdruckfeder-1.webp\",\"width\":600,\"height\":598,\"caption\":\"kleine gasdruckfeder 1\"},{\"@type\":\"BreadcrumbList\",\"@id\":\"https:\\\/\\\/www.gastac.com\\\/de\\\/produkt\\\/gasfedern-kaufen\\\/#breadcrumb\",\"itemListElement\":[{\"@type\":\"ListItem\",\"position\":1,\"name\":\"Home\",\"item\":\"https:\\\/\\\/www.gastac.com\\\/de\\\/\"},{\"@type\":\"ListItem\",\"position\":2,\"name\":\"products\",\"item\":\"https:\\\/\\\/www.gastac.com\\\/de\\\/products\\\/\"},{\"@type\":\"ListItem\",\"position\":3,\"name\":\"Nicht kategorisiert\",\"item\":\"https:\\\/\\\/www.gastac.com\\\/de\\\/product-category\\\/nicht-kategorisiert\\\/\"},{\"@type\":\"ListItem\",\"position\":4,\"name\":\"Gasfedern Kaufen\"}]},{\"@type\":\"WebSite\",\"@id\":\"https:\\\/\\\/www.gastac.com\\\/de\\\/#website\",\"url\":\"https:\\\/\\\/www.gastac.com\\\/de\\\/\",\"name\":\"Gastac Gas Spring\",\"description\":\"China\u2019s Leading Gas Springs &amp; Struts Manufacturer\",\"publisher\":{\"@id\":\"https:\\\/\\\/www.gastac.com\\\/de\\\/#organization\"},\"potentialAction\":[{\"@type\":\"SearchAction\",\"target\":{\"@type\":\"EntryPoint\",\"urlTemplate\":\"https:\\\/\\\/www.gastac.com\\\/de\\\/?s={search_term_string}\"},\"query-input\":{\"@type\":\"PropertyValueSpecification\",\"valueRequired\":true,\"valueName\":\"search_term_string\"}}],\"inLanguage\":\"de\"},{\"@type\":\"Organization\",\"@id\":\"https:\\\/\\\/www.gastac.com\\\/de\\\/#organization\",\"name\":\"Ningbo Gastac Gas Spring Co.,Ltd\",\"url\":\"https:\\\/\\\/www.gastac.com\\\/de\\\/\",\"logo\":{\"@type\":\"ImageObject\",\"inLanguage\":\"de\",\"@id\":\"https:\\\/\\\/www.gastac.com\\\/de\\\/#\\\/schema\\\/logo\\\/image\\\/\",\"url\":\"https:\\\/\\\/www.gastac.com\\\/wp-content\\\/uploads\\\/2025\\\/09\\\/LOGO\u672c\u8272-\u9ed1.webp\",\"contentUrl\":\"https:\\\/\\\/www.gastac.com\\\/wp-content\\\/uploads\\\/2025\\\/09\\\/LOGO\u672c\u8272-\u9ed1.webp\",\"width\":1920,\"height\":1080,\"caption\":\"Ningbo Gastac Gas Spring Co.,Ltd\"},\"image\":{\"@id\":\"https:\\\/\\\/www.gastac.com\\\/de\\\/#\\\/schema\\\/logo\\\/image\\\/\"},\"sameAs\":[\"https:\\\/\\\/www.facebook.com\\\/profile.php?id=100092358464608\",\"https:\\\/\\\/www.youtube.com\\\/@Gastac-Gas-Spring\",\"https:\\\/\\\/www.linkedin.com\\\/in\\\/gastac-gas-spring\\\/\",\"https:\\\/\\\/www.instagram.com\\\/gastacgasspring\\\/\"]}]}<\/script>\n<!-- \/ Yoast SEO Premium plugin. -->","yoast_head_json":{"title":"Gasfedern Kaufen | Gastac Gas Spring","robots":{"index":"index","follow":"follow","max-snippet":"max-snippet:-1","max-image-preview":"max-image-preview:large","max-video-preview":"max-video-preview:-1"},"canonical":"https:\/\/www.gastac.com\/de\/produkt\/gasfedern-kaufen\/","og_locale":"de_DE","og_type":"article","og_title":"Gasfedern Kaufen","og_description":"Gasfedern Kaufen Suchen Sie Gasfedern oder m\u00fcssen Gasfedern kaufen? Dann sind Sie bei GASTAC genau richtig. Wir bieten ma\u00dfgeschneiderte Gasfedern [...]","og_url":"https:\/\/www.gastac.com\/de\/produkt\/gasfedern-kaufen\/","og_site_name":"Gastac Gas Spring","article_publisher":"https:\/\/www.facebook.com\/profile.php?id=100092358464608","article_modified_time":"2025-11-12T06:58:07+00:00","og_image":[{"width":600,"height":598,"url":"https:\/\/www.gastac.com\/wp-content\/uploads\/2025\/11\/kleine-gasdruckfeder-1.webp","type":"image\/webp"}],"twitter_card":"summary_large_image","twitter_misc":{"Gesch\u00e4tzte Lesezeit":"1\u00a0Minute"},"schema":{"@context":"https:\/\/schema.org","@graph":[{"@type":"WebPage","@id":"https:\/\/www.gastac.com\/de\/produkt\/gasfedern-kaufen\/","url":"https:\/\/www.gastac.com\/de\/produkt\/gasfedern-kaufen\/","name":"Gasfedern Kaufen | Gastac Gas Spring","isPartOf":{"@id":"https:\/\/www.gastac.com\/de\/#website"},"primaryImageOfPage":{"@id":"https:\/\/www.gastac.com\/de\/produkt\/gasfedern-kaufen\/#primaryimage"},"image":{"@id":"https:\/\/www.gastac.com\/de\/produkt\/gasfedern-kaufen\/#primaryimage"},"thumbnailUrl":"https:\/\/www.gastac.com\/wp-content\/uploads\/2025\/11\/kleine-gasdruckfeder-1.webp","datePublished":"2025-11-12T06:58:06+00:00","dateModified":"2025-11-12T06:58:07+00:00","breadcrumb":{"@id":"https:\/\/www.gastac.com\/de\/produkt\/gasfedern-kaufen\/#breadcrumb"},"inLanguage":"de","potentialAction":[{"@type":"ReadAction","target":["https:\/\/www.gastac.com\/de\/produkt\/gasfedern-kaufen\/"]}]},{"@type":"ImageObject","inLanguage":"de","@id":"https:\/\/www.gastac.com\/de\/produkt\/gasfedern-kaufen\/#primaryimage","url":"https:\/\/www.gastac.com\/wp-content\/uploads\/2025\/11\/kleine-gasdruckfeder-1.webp","contentUrl":"https:\/\/www.gastac.com\/wp-content\/uploads\/2025\/11\/kleine-gasdruckfeder-1.webp","width":600,"height":598,"caption":"kleine gasdruckfeder 1"},{"@type":"BreadcrumbList","@id":"https:\/\/www.gastac.com\/de\/produkt\/gasfedern-kaufen\/#breadcrumb","itemListElement":[{"@type":"ListItem","position":1,"name":"Home","item":"https:\/\/www.gastac.com\/de\/"},{"@type":"ListItem","position":2,"name":"products","item":"https:\/\/www.gastac.com\/de\/products\/"},{"@type":"ListItem","position":3,"name":"Nicht kategorisiert","item":"https:\/\/www.gastac.com\/de\/product-category\/nicht-kategorisiert\/"},{"@type":"ListItem","position":4,"name":"Gasfedern Kaufen"}]},{"@type":"WebSite","@id":"https:\/\/www.gastac.com\/de\/#website","url":"https:\/\/www.gastac.com\/de\/","name":"Gastac Gas Spring","description":"China\u2019s Leading Gas Springs &amp; Struts Manufacturer","publisher":{"@id":"https:\/\/www.gastac.com\/de\/#organization"},"potentialAction":[{"@type":"SearchAction","target":{"@type":"EntryPoint","urlTemplate":"https:\/\/www.gastac.com\/de\/?s={search_term_string}"},"query-input":{"@type":"PropertyValueSpecification","valueRequired":true,"valueName":"search_term_string"}}],"inLanguage":"de"},{"@type":"Organization","@id":"https:\/\/www.gastac.com\/de\/#organization","name":"Ningbo Gastac Gas Spring Co.,Ltd","url":"https:\/\/www.gastac.com\/de\/","logo":{"@type":"ImageObject","inLanguage":"de","@id":"https:\/\/www.gastac.com\/de\/#\/schema\/logo\/image\/","url":"https:\/\/www.gastac.com\/wp-content\/uploads\/2025\/09\/LOGO\u672c\u8272-\u9ed1.webp","contentUrl":"https:\/\/www.gastac.com\/wp-content\/uploads\/2025\/09\/LOGO\u672c\u8272-\u9ed1.webp","width":1920,"height":1080,"caption":"Ningbo Gastac Gas Spring Co.,Ltd"},"image":{"@id":"https:\/\/www.gastac.com\/de\/#\/schema\/logo\/image\/"},"sameAs":["https:\/\/www.facebook.com\/profile.php?id=100092358464608","https:\/\/www.youtube.com\/@Gastac-Gas-Spring","https:\/\/www.linkedin.com\/in\/gastac-gas-spring\/","https:\/\/www.instagram.com\/gastacgasspring\/"]}]}},"_links":{"self":[{"href":"https:\/\/www.gastac.com\/de\/wp-json\/wp\/v2\/product\/18725","targetHints":{"allow":["GET"]}}],"collection":[{"href":"https:\/\/www.gastac.com\/de\/wp-json\/wp\/v2\/product"}],"about":[{"href":"https:\/\/www.gastac.com\/de\/wp-json\/wp\/v2\/types\/product"}],"replies":[{"embeddable":true,"href":"https:\/\/www.gastac.com\/de\/wp-json\/wp\/v2\/comments?post=18725"}],"wp:featuredmedia":[{"embeddable":true,"href":"https:\/\/www.gastac.com\/de\/wp-json\/wp\/v2\/media\/18734"}],"wp:attachment":[{"href":"https:\/\/www.gastac.com\/de\/wp-json\/wp\/v2\/media?parent=18725"}],"wp:term":[{"taxonomy":"product_brand","embeddable":true,"href":"https:\/\/www.gastac.com\/de\/wp-json\/wp\/v2\/product_brand?post=18725"},{"taxonomy":"product_cat","embeddable":true,"href":"https:\/\/www.gastac.com\/de\/wp-json\/wp\/v2\/product_cat?post=18725"},{"taxonomy":"product_tag","embeddable":true,"href":"https:\/\/www.gastac.com\/de\/wp-json\/wp\/v2\/product_tag?post=18725"}],"curies":[{"name":"wp","href":"https:\/\/api.w.org\/{rel}","templated":true}]}}