{"id":18697,"date":"2025-11-12T06:50:53","date_gmt":"2025-11-12T06:50:53","guid":{"rendered":"https:\/\/www.gastac.com\/?post_type=product&#038;p=18697"},"modified":"2025-11-12T06:50:54","modified_gmt":"2025-11-12T06:50:54","slug":"gasdruckfeder-mit-arretierung","status":"publish","type":"product","link":"https:\/\/www.gastac.com\/de\/produkt\/gasdruckfeder-mit-arretierung\/","title":{"rendered":"Gasdruckfeder Mit Arretierung"},"content":{"rendered":"<h1>Gasdruckfeder Mit Arretierung<\/h1>\n<p>Stellen Sie sich vor, Sie \u00f6ffnen eine schwere Maschinenabdeckung. Ohne Verriegelungsst\u00fctzen muss der Deckel schnell gehalten bzw. geschlossen werden, was zu Unf\u00e4llen f\u00fchren kann. Dank der Gasdruckfeder mit Arretierung bleibt der Deckel sicher in der gew\u00fcnschten Position. Sie haben die H\u00e4nde frei und k\u00f6nnen bequem und sicher an der Maschine arbeiten, ohne bef\u00fcrchten zu m\u00fcssen, dass die Maschine versehentlich herunterf\u00e4llt.<br \/>\n<img decoding=\"async\" class=\"lazyload aligncenter\" src=\"data:image\/svg+xml,%3Csvg%20xmlns%3D%27http%3A%2F%2Fwww.w3.org%2F2000%2Fsvg%27%20width%3D%27730%27%20height%3D%27410%27%20viewBox%3D%270%200%20730%20410%27%3E%3Crect%20width%3D%27730%27%20height%3D%27410%27%20fill-opacity%3D%220%22%2F%3E%3C%2Fsvg%3E\" data-orig-src=\"https:\/\/gastac.com\/wp-content\/uploads\/2023\/07\/Gasveer-met-Kabelbediening-2.gif\" alt=\"Gasdruckfeder Mit Arretierung\" width=\"730\" height=\"410\" \/><\/p>\n<h2>Wie funktioniert die gasdruckfeder mit arretierung?<\/h2>\n<p>Die\u00a0Gasdruckfeder mit Arretierung\u00a0funktioniert im Gegensatz zu Gasdruckfedern. Im unbelasteten Zustand ist die Kolbenstange dieses Typs immer in den Zylinder eingefahren. gasdruckfeder mit arretierung\u00a0ist nach dem Doppelzylinderprinzip gefertigt. Das Gas befindet sich nur auf einer Seite des Kolbens. Das Gas ist komprimierbar. Bei ausreichender \u00e4u\u00dferer Krafteinwirkung wird die Kolbenstange aus dem Zylinder herausgezogen und die Gasfeder komprimiert das Gas im \u00e4u\u00dferen Zylinder. gasfeder mit arretierung ist in drei Varianten erh\u00e4ltlich: mit und ohne D\u00e4mpfer und blockierbar.<\/p>\n<div style=\"display: flex; justify-content: center;\"><iframe class=\"lazyload\" title=\"YouTube video player\" src=\"data:image\/svg+xml,%3Csvg%20xmlns%3D%27http%3A%2F%2Fwww.w3.org%2F2000%2Fsvg%27%20width%3D%27800%27%20height%3D%27450%27%20viewBox%3D%270%200%20800%20450%27%3E%3Crect%20width%3D%27800%27%20height%3D%27450%27%20fill-opacity%3D%220%22%2F%3E%3C%2Fsvg%3E\" data-orig-src=\"https:\/\/www.youtube.com\/embed\/isI4CwWR_Kw?si=KvZHVTToOjuEI8Hc\" width=\"800\" height=\"450\" frameborder=\"0\" allowfullscreen=\"allowfullscreen\"><span data-mce-type=\"bookmark\" style=\"display: inline-block; width: 0px; overflow: hidden; line-height: 0;\" class=\"mce_SELRES_start\">\ufeff<\/span><br \/>\n<\/iframe><\/div>\n<div>\n<h2>Arten von Gasdruckfedern mit Arretierung<\/h2>\n<p>Gasdruckfedern mit Arretierung gibt es in zwei Haupttypen:\u00a0<strong data-start=\"59\" data-end=\"78\" data-immersive-translate-walked=\"adc031a3-bfd8-4e8d-829f-8e2d988b514c\">starr arretiert<\/strong>, bei der die Kolbenstange in fester Position blockiert wird, ideal f\u00fcr stabile Anwendungen, und\u00a0<strong data-start=\"175\" data-end=\"198\" data-immersive-translate-walked=\"adc031a3-bfd8-4e8d-829f-8e2d988b514c\">elastisch arretiert<\/strong>, bei der die Arretierung federnd wirkt \u2013 n\u00fctzlich bei leichtem Nachgeben. Beide Typen eignen sich f\u00fcr verstellbare M\u00f6bel, medizinische Ger\u00e4te oder industrielle Klappen.<\/p>\n<h3>Elastische gasdruckfeder mit arretierung<\/h3>\n<p><img decoding=\"async\" class=\"lazyload aligncenter\" src=\"data:image\/gif;base64,R0lGODlhAQABAAAAACH5BAEKAAEALAAAAAABAAEAAAICTAEAOw==\" data-orig-src=\"https:\/\/www.gastac.com\/wp-content\/uploads\/2024\/08\/Elastic-locking-gas-spring-2-600x200.jpg\" alt=\"Gasdruckfeder Mit Arretierung\" \/><br \/>\n<img decoding=\"async\" class=\"lazyload aligncenter\" src=\"data:image\/svg+xml,%3Csvg%20xmlns%3D%27http%3A%2F%2Fwww.w3.org%2F2000%2Fsvg%27%20width%3D%27730%27%20height%3D%27410%27%20viewBox%3D%270%200%20730%20410%27%3E%3Crect%20width%3D%27730%27%20height%3D%27410%27%20fill-opacity%3D%220%22%2F%3E%3C%2Fsvg%3E\" data-orig-src=\"https:\/\/www.gastac.com\/wp-content\/uploads\/2023\/06\/Elastische-gasdruckfeder-mit-arretierung.jpg\" alt=\"Gasdruckfeder Mit Arretierung\" width=\"730\" height=\"410\" \/><\/p>\n<h3>Verl\u00e4ngerungsschloss gasdruckfeder mit arretierung<\/h3>\n<p><img decoding=\"async\" class=\"lazyload aligncenter\" src=\"data:image\/gif;base64,R0lGODlhAQABAAAAACH5BAEKAAEALAAAAAABAAEAAAICTAEAOw==\" data-orig-src=\"https:\/\/www.gastac.com\/wp-content\/uploads\/2024\/08\/Rigid-Locking-gas-spring-in-Extended-Position-600x200.jpg\" alt=\"Gasdruckfeder Mit Arretierung\" \/><br \/>\n<img decoding=\"async\" class=\"lazyload aligncenter\" src=\"data:image\/svg+xml,%3Csvg%20xmlns%3D%27http%3A%2F%2Fwww.w3.org%2F2000%2Fsvg%27%20width%3D%27730%27%20height%3D%27410%27%20viewBox%3D%270%200%20730%20410%27%3E%3Crect%20width%3D%27730%27%20height%3D%27410%27%20fill-opacity%3D%220%22%2F%3E%3C%2Fsvg%3E\" data-orig-src=\"https:\/\/www.gastac.com\/wp-content\/uploads\/2023\/06\/Verlangerungsschloss-gasdruckfeder-mit-arretierung.jpg\" alt=\"Gasdruckfeder Mit Arretierung\" width=\"730\" height=\"410\" \/><\/p>\n<h2>Kompressionssperre gasdruckfeder mit arretierung<\/h2>\n<p><img decoding=\"async\" class=\"lazyload aligncenter\" src=\"data:image\/gif;base64,R0lGODlhAQABAAAAACH5BAEKAAEALAAAAAABAAEAAAICTAEAOw==\" data-orig-src=\"https:\/\/www.gastac.com\/wp-content\/uploads\/2024\/08\/Rigid-Locking-in-Compressed-Position-600x200.jpg\" alt=\"Gasdruckfeder Mit Arretierung\" \/><br \/>\n<img decoding=\"async\" class=\"lazyload aligncenter\" src=\"data:image\/svg+xml,%3Csvg%20xmlns%3D%27http%3A%2F%2Fwww.w3.org%2F2000%2Fsvg%27%20width%3D%27730%27%20height%3D%27410%27%20viewBox%3D%270%200%20730%20410%27%3E%3Crect%20width%3D%27730%27%20height%3D%27410%27%20fill-opacity%3D%220%22%2F%3E%3C%2Fsvg%3E\" data-orig-src=\"https:\/\/www.gastac.com\/wp-content\/uploads\/2023\/06\/Kompressionssperre-gasdruckfeder-mit-arretierung-1.jpg\" alt=\"Gasdruckfeder Mit Arretierung\" width=\"730\" height=\"410\" \/><\/p>\n<h2>Welche Vorteile bietet die GASTAC Gasdruckfeder mit Arretierung?<\/h2>\n<ul>\n<li>Dynamische Unterst\u00fctzung, D\u00e4mpfung, optimale Gewichtsverteilung beim Heben, Senken, Bewegen und Verstellen<\/li>\n<li>Verriegelungsfunktion in ausgefahrener Position ohne zus\u00e4tzliche Befestigungselemente<\/li>\n<li>Die Anwendung verhindert ein versehentliches Schlie\u00dfen<\/li>\n<li>Wartungsfrei<\/li>\n<li>Hochwertige Produkte gem\u00e4\u00df DIN EN ISO 9001 und Weltstandard ISO\/TS 16949<\/li>\n<\/ul>\n<div>\n<div class=\"flex-shrink-0 flex flex-col relative items-end\" data-immersive-translate-walked=\"705eb4b5-ef01-4d4d-80a8-f88702f28978\">\n<div data-immersive-translate-walked=\"705eb4b5-ef01-4d4d-80a8-f88702f28978\">\n<div class=\"pt-0\" data-immersive-translate-walked=\"705eb4b5-ef01-4d4d-80a8-f88702f28978\">\n<div class=\"gizmo-bot-avatar flex h-8 w-8 items-center justify-center overflow-hidden rounded-full\" data-immersive-translate-walked=\"705eb4b5-ef01-4d4d-80a8-f88702f28978\">\n<h2 class=\"relative p-1 rounded-sm flex items-center justify-center bg-token-main-surface-primary text-token-text-primary h-8 w-8\" data-immersive-translate-walked=\"705eb4b5-ef01-4d4d-80a8-f88702f28978\">Warum l\u00e4sst sich die Gasdruckfeder nicht zusammendr\u00fccken?<\/h2>\n<\/div>\n<\/div>\n<\/div>\n<\/div>\n<div class=\"group\/conversation-turn relative flex w-full min-w-0 flex-col agent-turn\" data-immersive-translate-walked=\"705eb4b5-ef01-4d4d-80a8-f88702f28978\">\n<div class=\"flex-col gap-1 md:gap-3\" data-immersive-translate-walked=\"705eb4b5-ef01-4d4d-80a8-f88702f28978\">\n<div class=\"flex max-w-full flex-col flex-grow\" data-immersive-translate-walked=\"705eb4b5-ef01-4d4d-80a8-f88702f28978\">\n<div class=\"min-h-[20px] text-message flex w-full flex-col items-end gap-2 whitespace-normal break-words [.text-message+&amp;]:mt-5 overflow-x-auto\" dir=\"auto\" data-message-author-role=\"assistant\" data-message-id=\"39f1b5e3-a75c-46fa-9724-156089f40207\" data-immersive-translate-walked=\"705eb4b5-ef01-4d4d-80a8-f88702f28978\">\n<div class=\"flex w-full flex-col gap-1 empty:hidden first:pt-[3px]\" data-immersive-translate-walked=\"705eb4b5-ef01-4d4d-80a8-f88702f28978\">\n<div class=\"markdown prose w-full break-words dark:prose-invert light\" data-immersive-translate-walked=\"705eb4b5-ef01-4d4d-80a8-f88702f28978\">\n<p data-immersive-translate-walked=\"705eb4b5-ef01-4d4d-80a8-f88702f28978\" data-immersive-translate-paragraph=\"1\">Eine Gasdruckfeder l\u00e4sst sich nicht einfach von Hand zusammendr\u00fccken, weil sie unter hohem Druck steht. Das Funktionsprinzip beruht darauf, dass in ihrem Inneren Gas (meist Stickstoff) unter Druck gesetzt wird, um eine starke Gegenkraft zu erzeugen. Diese Gegenkraft sorgt daf\u00fcr, dass die Gasdruckfeder in die entgegengesetzte Richtung dr\u00fcckt, wenn sie belastet wird.<\/p>\n<p data-immersive-translate-walked=\"705eb4b5-ef01-4d4d-80a8-f88702f28978\" data-immersive-translate-paragraph=\"1\">Die Faktoren, warum sie sich nicht leicht zusammendr\u00fccken l\u00e4sst, sind:<\/p>\n<ul>\n<li>Gasdruck: Das Gas ist unter hohem Druck in einem abgeschlossenen Zylinder eingeschlossen, was eine gro\u00dfe Kraft erfordert, um die Kolbenstange hinein zu dr\u00fccken.<\/li>\n<li>Dimensionierung: Gasdruckfedern sind so konstruiert, dass sie genau die notwendige Kraft bieten, um die Last zu st\u00fctzen oder zu bewegen. Oft ist diese Kraft zu gro\u00df, um sie manuell zu \u00fcberwinden.<\/li>\n<li>Funktionsweise: Gasdruckfedern sind f\u00fcr bestimmte Anwendungen entwickelt, z.B. zum Heben von schweren Klappen oder Deckeln, und nicht f\u00fcr manuelle Bet\u00e4tigung.<\/li>\n<\/ul>\n<p data-immersive-translate-walked=\"705eb4b5-ef01-4d4d-80a8-f88702f28978\" data-immersive-translate-paragraph=\"1\">Wenn du versuchst, sie per Hand zu komprimieren, k\u00f6nntest du nicht genug Kraft aufbringen. Es ist notwendig, die Feder im eingebauten Zustand zu testen, wo mechanische Hebel oder andere Kr\u00e4fte sie zusammendr\u00fccken.<\/p>\n<h2 data-immersive-translate-walked=\"705eb4b5-ef01-4d4d-80a8-f88702f28978\" data-immersive-translate-paragraph=\"1\">Gasdruckfeder mit arretierung endst\u00fcck<\/h2>\n<p>An end fitting gas spring is a mechanical device that provides force by using compressed gas sealed within a cylinder. It features end fittings (such as ball sockets, clevis, or eyelets) for easy attachment to moving parts. The gas spring offers controlled motion, supporting lifting, lowering, or balancing applications in automotive, industrial, and furniture settings, ensuring smooth, dampened movement.<br \/>\n<img decoding=\"async\" class=\"lazyload aligncenter\" src=\"data:image\/svg+xml,%3Csvg%20xmlns%3D%27http%3A%2F%2Fwww.w3.org%2F2000%2Fsvg%27%20width%3D%27588%27%20height%3D%27510%27%20viewBox%3D%270%200%20588%20510%27%3E%3Crect%20width%3D%27588%27%20height%3D%27510%27%20fill-opacity%3D%220%22%2F%3E%3C%2Fsvg%3E\" data-orig-src=\"https:\/\/www.gastac.com\/wp-content\/uploads\/2022\/09\/end-fitting-gas-spring.jpg\" alt=\"Gasdruckfeder Mit Arretierung\" width=\"588\" height=\"510\" \/><\/p>\n<h2>Gasdruckfeder Mit Arretierung Anwendung<\/h2>\n<p><img decoding=\"async\" class=\"lazyload aligncenter\" src=\"data:image\/svg+xml,%3Csvg%20xmlns%3D%27http%3A%2F%2Fwww.w3.org%2F2000%2Fsvg%27%20width%3D%27601%27%20height%3D%27523%27%20viewBox%3D%270%200%20601%20523%27%3E%3Crect%20width%3D%27601%27%20height%3D%27523%27%20fill-opacity%3D%220%22%2F%3E%3C%2Fsvg%3E\" data-orig-src=\"https:\/\/www.gastac.com\/wp-content\/uploads\/2023\/06\/Gasdruckfeder-Mit-Arretierung-Anwendung-919x800.jpg\" alt=\"Gasdruckfeder Mit Arretierung\" width=\"601\" height=\"523\" \/><\/p>\n<\/div>\n<\/div>\n<\/div>\n<\/div>\n<\/div>\n<\/div>\n<\/div>\n<\/div>\n","protected":false},"excerpt":{"rendered":"<p>Gasdruckfeder Mit Arretierung Stellen Sie sich vor, Sie \u00f6ffnen eine schwere Maschinenabdeckung. Ohne Verriegelungsst\u00fctzen muss der Deckel schnell gehalten bzw.  [&#8230;]<\/p>\n","protected":false},"featured_media":18721,"comment_status":"open","ping_status":"closed","template":"","meta":[],"product_brand":[],"product_cat":[109],"product_tag":[],"class_list":{"0":"post-18697","1":"product","2":"type-product","3":"status-publish","4":"has-post-thumbnail","6":"product_cat-nicht-kategorisiert","8":"first","9":"instock","10":"shipping-taxable","11":"product-type-simple"},"yoast_head":"<!-- This site is optimized with the Yoast SEO Premium plugin v26.2 (Yoast SEO v27.3) - https:\/\/yoast.com\/product\/yoast-seo-premium-wordpress\/ -->\n<title>Gasdruckfeder Mit Arretierung | Gastac Gas Spring<\/title>\n<meta name=\"robots\" content=\"index, follow, max-snippet:-1, max-image-preview:large, max-video-preview:-1\" \/>\n<link rel=\"canonical\" href=\"https:\/\/www.gastac.com\/de\/produkt\/gasdruckfeder-mit-arretierung\/\" \/>\n<meta property=\"og:locale\" content=\"de_DE\" \/>\n<meta property=\"og:type\" content=\"article\" \/>\n<meta property=\"og:title\" content=\"Gasdruckfeder Mit Arretierung\" \/>\n<meta property=\"og:description\" content=\"Gasdruckfeder Mit Arretierung Stellen Sie sich vor, Sie \u00f6ffnen eine schwere Maschinenabdeckung. Ohne Verriegelungsst\u00fctzen muss der Deckel schnell gehalten bzw. [...]\" \/>\n<meta property=\"og:url\" content=\"https:\/\/www.gastac.com\/de\/produkt\/gasdruckfeder-mit-arretierung\/\" \/>\n<meta property=\"og:site_name\" content=\"Gastac Gas Spring\" \/>\n<meta property=\"article:publisher\" content=\"https:\/\/www.facebook.com\/profile.php?id=100092358464608\" \/>\n<meta property=\"article:modified_time\" content=\"2025-11-12T06:50:54+00:00\" \/>\n<meta property=\"og:image\" content=\"https:\/\/www.gastac.com\/wp-content\/uploads\/2025\/11\/gasdruckfeder-gartenstuhl.webp\" \/>\n\t<meta property=\"og:image:width\" content=\"750\" \/>\n\t<meta property=\"og:image:height\" content=\"750\" \/>\n\t<meta property=\"og:image:type\" content=\"image\/webp\" \/>\n<meta name=\"twitter:card\" content=\"summary_large_image\" \/>\n<meta name=\"twitter:label1\" content=\"Gesch\u00e4tzte Lesezeit\" \/>\n\t<meta name=\"twitter:data1\" content=\"1\u00a0Minute\" \/>\n<script type=\"application\/ld+json\" class=\"yoast-schema-graph\">{\"@context\":\"https:\\\/\\\/schema.org\",\"@graph\":[{\"@type\":\"WebPage\",\"@id\":\"https:\\\/\\\/www.gastac.com\\\/de\\\/produkt\\\/gasdruckfeder-mit-arretierung\\\/\",\"url\":\"https:\\\/\\\/www.gastac.com\\\/de\\\/produkt\\\/gasdruckfeder-mit-arretierung\\\/\",\"name\":\"Gasdruckfeder Mit Arretierung | Gastac Gas Spring\",\"isPartOf\":{\"@id\":\"https:\\\/\\\/www.gastac.com\\\/de\\\/#website\"},\"primaryImageOfPage\":{\"@id\":\"https:\\\/\\\/www.gastac.com\\\/de\\\/produkt\\\/gasdruckfeder-mit-arretierung\\\/#primaryimage\"},\"image\":{\"@id\":\"https:\\\/\\\/www.gastac.com\\\/de\\\/produkt\\\/gasdruckfeder-mit-arretierung\\\/#primaryimage\"},\"thumbnailUrl\":\"https:\\\/\\\/www.gastac.com\\\/wp-content\\\/uploads\\\/2025\\\/11\\\/gasdruckfeder-gartenstuhl.webp\",\"datePublished\":\"2025-11-12T06:50:53+00:00\",\"dateModified\":\"2025-11-12T06:50:54+00:00\",\"breadcrumb\":{\"@id\":\"https:\\\/\\\/www.gastac.com\\\/de\\\/produkt\\\/gasdruckfeder-mit-arretierung\\\/#breadcrumb\"},\"inLanguage\":\"de\",\"potentialAction\":[{\"@type\":\"ReadAction\",\"target\":[\"https:\\\/\\\/www.gastac.com\\\/de\\\/produkt\\\/gasdruckfeder-mit-arretierung\\\/\"]}]},{\"@type\":\"ImageObject\",\"inLanguage\":\"de\",\"@id\":\"https:\\\/\\\/www.gastac.com\\\/de\\\/produkt\\\/gasdruckfeder-mit-arretierung\\\/#primaryimage\",\"url\":\"https:\\\/\\\/www.gastac.com\\\/wp-content\\\/uploads\\\/2025\\\/11\\\/gasdruckfeder-gartenstuhl.webp\",\"contentUrl\":\"https:\\\/\\\/www.gastac.com\\\/wp-content\\\/uploads\\\/2025\\\/11\\\/gasdruckfeder-gartenstuhl.webp\",\"width\":750,\"height\":750,\"caption\":\"gasdruckfeder gartenstuhl\"},{\"@type\":\"BreadcrumbList\",\"@id\":\"https:\\\/\\\/www.gastac.com\\\/de\\\/produkt\\\/gasdruckfeder-mit-arretierung\\\/#breadcrumb\",\"itemListElement\":[{\"@type\":\"ListItem\",\"position\":1,\"name\":\"Home\",\"item\":\"https:\\\/\\\/www.gastac.com\\\/de\\\/\"},{\"@type\":\"ListItem\",\"position\":2,\"name\":\"products\",\"item\":\"https:\\\/\\\/www.gastac.com\\\/de\\\/products\\\/\"},{\"@type\":\"ListItem\",\"position\":3,\"name\":\"Nicht kategorisiert\",\"item\":\"https:\\\/\\\/www.gastac.com\\\/de\\\/product-category\\\/nicht-kategorisiert\\\/\"},{\"@type\":\"ListItem\",\"position\":4,\"name\":\"Gasdruckfeder Mit Arretierung\"}]},{\"@type\":\"WebSite\",\"@id\":\"https:\\\/\\\/www.gastac.com\\\/de\\\/#website\",\"url\":\"https:\\\/\\\/www.gastac.com\\\/de\\\/\",\"name\":\"Gastac Gas Spring\",\"description\":\"China\u2019s Leading Gas Springs &amp; Struts Manufacturer\",\"publisher\":{\"@id\":\"https:\\\/\\\/www.gastac.com\\\/de\\\/#organization\"},\"potentialAction\":[{\"@type\":\"SearchAction\",\"target\":{\"@type\":\"EntryPoint\",\"urlTemplate\":\"https:\\\/\\\/www.gastac.com\\\/de\\\/?s={search_term_string}\"},\"query-input\":{\"@type\":\"PropertyValueSpecification\",\"valueRequired\":true,\"valueName\":\"search_term_string\"}}],\"inLanguage\":\"de\"},{\"@type\":\"Organization\",\"@id\":\"https:\\\/\\\/www.gastac.com\\\/de\\\/#organization\",\"name\":\"Ningbo Gastac Gas Spring Co.,Ltd\",\"url\":\"https:\\\/\\\/www.gastac.com\\\/de\\\/\",\"logo\":{\"@type\":\"ImageObject\",\"inLanguage\":\"de\",\"@id\":\"https:\\\/\\\/www.gastac.com\\\/de\\\/#\\\/schema\\\/logo\\\/image\\\/\",\"url\":\"https:\\\/\\\/www.gastac.com\\\/wp-content\\\/uploads\\\/2025\\\/09\\\/LOGO\u672c\u8272-\u9ed1.webp\",\"contentUrl\":\"https:\\\/\\\/www.gastac.com\\\/wp-content\\\/uploads\\\/2025\\\/09\\\/LOGO\u672c\u8272-\u9ed1.webp\",\"width\":1920,\"height\":1080,\"caption\":\"Ningbo Gastac Gas Spring Co.,Ltd\"},\"image\":{\"@id\":\"https:\\\/\\\/www.gastac.com\\\/de\\\/#\\\/schema\\\/logo\\\/image\\\/\"},\"sameAs\":[\"https:\\\/\\\/www.facebook.com\\\/profile.php?id=100092358464608\",\"https:\\\/\\\/www.youtube.com\\\/@Gastac-Gas-Spring\",\"https:\\\/\\\/www.linkedin.com\\\/in\\\/gastac-gas-spring\\\/\",\"https:\\\/\\\/www.instagram.com\\\/gastacgasspring\\\/\"]}]}<\/script>\n<!-- \/ Yoast SEO Premium plugin. -->","yoast_head_json":{"title":"Gasdruckfeder Mit Arretierung | Gastac Gas Spring","robots":{"index":"index","follow":"follow","max-snippet":"max-snippet:-1","max-image-preview":"max-image-preview:large","max-video-preview":"max-video-preview:-1"},"canonical":"https:\/\/www.gastac.com\/de\/produkt\/gasdruckfeder-mit-arretierung\/","og_locale":"de_DE","og_type":"article","og_title":"Gasdruckfeder Mit Arretierung","og_description":"Gasdruckfeder Mit Arretierung Stellen Sie sich vor, Sie \u00f6ffnen eine schwere Maschinenabdeckung. Ohne Verriegelungsst\u00fctzen muss der Deckel schnell gehalten bzw. [...]","og_url":"https:\/\/www.gastac.com\/de\/produkt\/gasdruckfeder-mit-arretierung\/","og_site_name":"Gastac Gas Spring","article_publisher":"https:\/\/www.facebook.com\/profile.php?id=100092358464608","article_modified_time":"2025-11-12T06:50:54+00:00","og_image":[{"width":750,"height":750,"url":"https:\/\/www.gastac.com\/wp-content\/uploads\/2025\/11\/gasdruckfeder-gartenstuhl.webp","type":"image\/webp"}],"twitter_card":"summary_large_image","twitter_misc":{"Gesch\u00e4tzte Lesezeit":"1\u00a0Minute"},"schema":{"@context":"https:\/\/schema.org","@graph":[{"@type":"WebPage","@id":"https:\/\/www.gastac.com\/de\/produkt\/gasdruckfeder-mit-arretierung\/","url":"https:\/\/www.gastac.com\/de\/produkt\/gasdruckfeder-mit-arretierung\/","name":"Gasdruckfeder Mit Arretierung | Gastac Gas Spring","isPartOf":{"@id":"https:\/\/www.gastac.com\/de\/#website"},"primaryImageOfPage":{"@id":"https:\/\/www.gastac.com\/de\/produkt\/gasdruckfeder-mit-arretierung\/#primaryimage"},"image":{"@id":"https:\/\/www.gastac.com\/de\/produkt\/gasdruckfeder-mit-arretierung\/#primaryimage"},"thumbnailUrl":"https:\/\/www.gastac.com\/wp-content\/uploads\/2025\/11\/gasdruckfeder-gartenstuhl.webp","datePublished":"2025-11-12T06:50:53+00:00","dateModified":"2025-11-12T06:50:54+00:00","breadcrumb":{"@id":"https:\/\/www.gastac.com\/de\/produkt\/gasdruckfeder-mit-arretierung\/#breadcrumb"},"inLanguage":"de","potentialAction":[{"@type":"ReadAction","target":["https:\/\/www.gastac.com\/de\/produkt\/gasdruckfeder-mit-arretierung\/"]}]},{"@type":"ImageObject","inLanguage":"de","@id":"https:\/\/www.gastac.com\/de\/produkt\/gasdruckfeder-mit-arretierung\/#primaryimage","url":"https:\/\/www.gastac.com\/wp-content\/uploads\/2025\/11\/gasdruckfeder-gartenstuhl.webp","contentUrl":"https:\/\/www.gastac.com\/wp-content\/uploads\/2025\/11\/gasdruckfeder-gartenstuhl.webp","width":750,"height":750,"caption":"gasdruckfeder gartenstuhl"},{"@type":"BreadcrumbList","@id":"https:\/\/www.gastac.com\/de\/produkt\/gasdruckfeder-mit-arretierung\/#breadcrumb","itemListElement":[{"@type":"ListItem","position":1,"name":"Home","item":"https:\/\/www.gastac.com\/de\/"},{"@type":"ListItem","position":2,"name":"products","item":"https:\/\/www.gastac.com\/de\/products\/"},{"@type":"ListItem","position":3,"name":"Nicht kategorisiert","item":"https:\/\/www.gastac.com\/de\/product-category\/nicht-kategorisiert\/"},{"@type":"ListItem","position":4,"name":"Gasdruckfeder Mit Arretierung"}]},{"@type":"WebSite","@id":"https:\/\/www.gastac.com\/de\/#website","url":"https:\/\/www.gastac.com\/de\/","name":"Gastac Gas Spring","description":"China\u2019s Leading Gas Springs &amp; Struts Manufacturer","publisher":{"@id":"https:\/\/www.gastac.com\/de\/#organization"},"potentialAction":[{"@type":"SearchAction","target":{"@type":"EntryPoint","urlTemplate":"https:\/\/www.gastac.com\/de\/?s={search_term_string}"},"query-input":{"@type":"PropertyValueSpecification","valueRequired":true,"valueName":"search_term_string"}}],"inLanguage":"de"},{"@type":"Organization","@id":"https:\/\/www.gastac.com\/de\/#organization","name":"Ningbo Gastac Gas Spring Co.,Ltd","url":"https:\/\/www.gastac.com\/de\/","logo":{"@type":"ImageObject","inLanguage":"de","@id":"https:\/\/www.gastac.com\/de\/#\/schema\/logo\/image\/","url":"https:\/\/www.gastac.com\/wp-content\/uploads\/2025\/09\/LOGO\u672c\u8272-\u9ed1.webp","contentUrl":"https:\/\/www.gastac.com\/wp-content\/uploads\/2025\/09\/LOGO\u672c\u8272-\u9ed1.webp","width":1920,"height":1080,"caption":"Ningbo Gastac Gas Spring Co.,Ltd"},"image":{"@id":"https:\/\/www.gastac.com\/de\/#\/schema\/logo\/image\/"},"sameAs":["https:\/\/www.facebook.com\/profile.php?id=100092358464608","https:\/\/www.youtube.com\/@Gastac-Gas-Spring","https:\/\/www.linkedin.com\/in\/gastac-gas-spring\/","https:\/\/www.instagram.com\/gastacgasspring\/"]}]}},"_links":{"self":[{"href":"https:\/\/www.gastac.com\/de\/wp-json\/wp\/v2\/product\/18697","targetHints":{"allow":["GET"]}}],"collection":[{"href":"https:\/\/www.gastac.com\/de\/wp-json\/wp\/v2\/product"}],"about":[{"href":"https:\/\/www.gastac.com\/de\/wp-json\/wp\/v2\/types\/product"}],"replies":[{"embeddable":true,"href":"https:\/\/www.gastac.com\/de\/wp-json\/wp\/v2\/comments?post=18697"}],"wp:featuredmedia":[{"embeddable":true,"href":"https:\/\/www.gastac.com\/de\/wp-json\/wp\/v2\/media\/18721"}],"wp:attachment":[{"href":"https:\/\/www.gastac.com\/de\/wp-json\/wp\/v2\/media?parent=18697"}],"wp:term":[{"taxonomy":"product_brand","embeddable":true,"href":"https:\/\/www.gastac.com\/de\/wp-json\/wp\/v2\/product_brand?post=18697"},{"taxonomy":"product_cat","embeddable":true,"href":"https:\/\/www.gastac.com\/de\/wp-json\/wp\/v2\/product_cat?post=18697"},{"taxonomy":"product_tag","embeddable":true,"href":"https:\/\/www.gastac.com\/de\/wp-json\/wp\/v2\/product_tag?post=18697"}],"curies":[{"name":"wp","href":"https:\/\/api.w.org\/{rel}","templated":true}]}}